{"id":13052,"date":"2025-01-31T11:55:03","date_gmt":"2025-01-31T10:55:03","guid":{"rendered":"https:\/\/dermo.com\/?page_id=13052"},"modified":"2025-02-19T11:32:57","modified_gmt":"2025-02-19T10:32:57","slug":"desinfectant-pour-piscine","status":"publish","type":"page","link":"https:\/\/dermo.com\/fr\/desinfectant-pour-piscine\/","title":{"rendered":"D\u00e9sinfectant pour piscine"},"content":{"rendered":"<div data-elementor-type=\"wp-page\" data-elementor-id=\"13052\" class=\"elementor elementor-13052\" data-elementor-post-type=\"page\">\n\t\t\t\t\t\t<section class=\"elementor-section elementor-top-section elementor-element elementor-element-8cd28ac elementor-section-boxed elementor-section-height-default elementor-section-height-default\" data-id=\"8cd28ac\" data-element_type=\"section\" data-e-type=\"section\" data-settings=\"{&quot;background_background&quot;:&quot;classic&quot;}\">\n\t\t\t\t\t\t\t<div class=\"elementor-background-overlay\"><\/div>\n\t\t\t\t\t\t\t<div class=\"elementor-container elementor-column-gap-default\">\n\t\t\t\t\t<div class=\"elementor-column elementor-col-100 elementor-top-column elementor-element elementor-element-e30564c\" data-id=\"e30564c\" data-element_type=\"column\" data-e-type=\"column\">\n\t\t\t<div class=\"elementor-widget-wrap elementor-element-populated\">\n\t\t\t\t\t\t\t<\/div>\n\t\t<\/div>\n\t\t\t\t\t<\/div>\n\t\t<\/section>\n\t\t\t\t<section class=\"elementor-section elementor-top-section elementor-element elementor-element-cd56a13 elementor-section-boxed elementor-section-height-default elementor-section-height-default\" data-id=\"cd56a13\" data-element_type=\"section\" data-e-type=\"section\">\n\t\t\t\t\t\t<div class=\"elementor-container elementor-column-gap-default\">\n\t\t\t\t\t<div class=\"elementor-column elementor-col-100 elementor-top-column elementor-element elementor-element-b243585\" data-id=\"b243585\" data-element_type=\"column\" data-e-type=\"column\">\n\t\t\t<div class=\"elementor-widget-wrap elementor-element-populated\">\n\t\t\t\t\t\t<section class=\"elementor-section elementor-inner-section elementor-element elementor-element-3cc2788 elementor-section-content-middle elementor-section-boxed elementor-section-height-default elementor-section-height-default\" data-id=\"3cc2788\" data-element_type=\"section\" data-e-type=\"section\">\n\t\t\t\t\t\t<div class=\"elementor-container elementor-column-gap-default\">\n\t\t\t\t\t<div class=\"elementor-column elementor-col-50 elementor-inner-column elementor-element elementor-element-667483d\" data-id=\"667483d\" data-element_type=\"column\" data-e-type=\"column\">\n\t\t\t<div class=\"elementor-widget-wrap elementor-element-populated\">\n\t\t\t\t\t\t<div class=\"elementor-element elementor-element-f828d94 elementor-widget elementor-widget-text-editor\" data-id=\"f828d94\" data-element_type=\"widget\" data-e-type=\"widget\" data-widget_type=\"text-editor.default\">\n\t\t\t\t<div class=\"elementor-widget-container\">\n\t\t\t\t\t\t\t\t\t<div id=\"lipsum\"><h2>Dermo : Usine de d\u00e9sinfectant pour piscine<\/h2><p>Dans\u00a0<strong>Dermo SA<\/strong>\u00a0Nous avons d\u00e9velopp\u00e9 une large gamme de produits\u00a0<strong>d\u00e9sinfectants pour piscine<\/strong>\u00a0afin que vous et vos proches puissiez profiter de la transparence de l\u2019eau et de la s\u00e9curit\u00e9 d\u2019\u00eatre loin des bact\u00e9ries et des virus qui peuvent se propager dans les milieux aquatiques. Quand on remplit la piscine avec\u00a0<strong>eau du r\u00e9seau<\/strong>, cela a d\u00e9j\u00e0 un traitement avec des produits chimiques pour garantir sa potabilit\u00e9, mais une fois que nous nous y baignons, de nombreux r\u00e9sidus sont transmis \u00e0 l&#039;eau et \u00e0 travers l&#039;air libre beaucoup<strong>\u00a0micro-organismes\u00a0<\/strong>trouver un endroit s\u00fbr pour se reproduire. Pour tout cela, l&#039;application de produits est n\u00e9cessaire\u00a0<strong>d\u00e9sinfectants pour piscines.<\/strong><\/p><\/div>\t\t\t\t\t\t\t\t<\/div>\n\t\t\t\t<\/div>\n\t\t\t\t\t<\/div>\n\t\t<\/div>\n\t\t\t\t<div class=\"elementor-column elementor-col-50 elementor-inner-column elementor-element elementor-element-5852430 elementor-invisible\" data-id=\"5852430\" data-element_type=\"column\" data-e-type=\"column\" data-settings=\"{&quot;animation&quot;:&quot;bounceInRight&quot;}\">\n\t\t\t<div class=\"elementor-widget-wrap elementor-element-populated\">\n\t\t\t\t\t\t<div class=\"elementor-element elementor-element-045d132 elementor-widget elementor-widget-elementskit-contact-form7\" data-id=\"045d132\" data-element_type=\"widget\" data-e-type=\"widget\" data-widget_type=\"elementskit-contact-form7.default\">\n\t\t\t\t<div class=\"elementor-widget-container\">\n\t\t\t\t\t<div class=\"ekit-wid-con\" ><div class=\"ekit-form\">\n<div class=\"wpcf7 no-js\" id=\"wpcf7-f13292-p13052-o1\" lang=\"es-ES\" dir=\"ltr\" data-wpcf7-id=\"13292\">\n<div class=\"screen-reader-response\"><p role=\"status\" aria-live=\"polite\" aria-atomic=\"true\"><\/p> <ul><\/ul><\/div>\n<form action=\"\/fr\/desinfectant-pour-piscine\/#wpcf7-f13292-p13052-o1\" method=\"post\" class=\"wpcf7-form init\" aria-label=\"Formulario de contacto\" novalidate=\"novalidate\" data-status=\"init\" data-no-translation-aria-label=\"\" data-trp-original-action=\"\/fr\/desinfectante-de-piscinas\/#wpcf7-f13292-p13052-o1\">\n<fieldset class=\"hidden-fields-container\"><input type=\"hidden\" name=\"_wpcf7\" value=\"13292\" \/><input type=\"hidden\" name=\"_wpcf7_version\" value=\"6.1.5\" \/><input type=\"hidden\" name=\"_wpcf7_locale\" value=\"es_ES\" \/><input type=\"hidden\" name=\"_wpcf7_unit_tag\" value=\"wpcf7-f13292-p13052-o1\" \/><input type=\"hidden\" name=\"_wpcf7_container_post\" value=\"13052\" \/><input type=\"hidden\" name=\"_wpcf7_posted_data_hash\" value=\"\" \/><input type=\"hidden\" name=\"_wpcf7_recaptcha_response\" value=\"\" \/>\n<\/fieldset>\n<div style=\"display: flex; gap: 10px;\">\n\t<div style=\"width: 50%;\">\n\t\t<p><span class=\"wpcf7-form-control-wrap\" data-name=\"your-name\"><input size=\"40\" maxlength=\"400\" class=\"wpcf7-form-control wpcf7-text wpcf7-validates-as-required\" aria-required=\"true\" aria-invalid=\"false\" placeholder=\"Nom\" value=\"\" type=\"text\" name=\"your-name\" \/><\/span>\n\t\t<\/p>\n\t<\/div>\n\t<div style=\"width: 50%;\">\n\t\t<p><span class=\"wpcf7-form-control-wrap\" data-name=\"your-phone\"><input size=\"40\" maxlength=\"400\" class=\"wpcf7-form-control wpcf7-tel wpcf7-validates-as-required wpcf7-text wpcf7-validates-as-tel\" aria-required=\"true\" aria-invalid=\"false\" placeholder=\"T\u00e9l\u00e9phone\" value=\"\" type=\"tel\" name=\"your-phone\" \/><\/span>\n\t\t<\/p>\n\t<\/div>\n<\/div>\n<p><span class=\"wpcf7-form-control-wrap\" data-name=\"your-email\"><input size=\"40\" maxlength=\"400\" class=\"wpcf7-form-control wpcf7-email wpcf7-validates-as-required wpcf7-text wpcf7-validates-as-email\" aria-required=\"true\" aria-invalid=\"false\" placeholder=\"E-mail\" value=\"\" type=\"email\" name=\"your-email\" \/><\/span>\n<\/p>\n<div style=\"display: flex; gap: 10px;\">\n\t<div style=\"width: 50%;\">\n\t\t<p><span class=\"wpcf7-form-control-wrap\" data-name=\"your-country\"><input size=\"40\" maxlength=\"400\" class=\"wpcf7-form-control wpcf7-text wpcf7-validates-as-required\" aria-required=\"true\" aria-invalid=\"false\" placeholder=\"Pays\" value=\"\" type=\"text\" name=\"your-country\" \/><\/span>\n\t\t<\/p>\n\t<\/div>\n\t<div style=\"width: 50%;\">\n\t\t<p><span class=\"wpcf7-form-control-wrap\" data-name=\"your-city\"><input size=\"40\" maxlength=\"400\" class=\"wpcf7-form-control wpcf7-text wpcf7-validates-as-required\" aria-required=\"true\" aria-invalid=\"false\" placeholder=\"Population\" value=\"\" type=\"text\" name=\"your-city\" \/><\/span>\n\t\t<\/p>\n\t<\/div>\n<\/div>\n<p><span class=\"wpcf7-form-control-wrap\" data-name=\"your-subject\"><select class=\"wpcf7-form-control wpcf7-select\" aria-invalid=\"false\" name=\"your-subject\"><option value=\"Quiero ser distribuidor\">Je veux \u00eatre distributeur<\/option><option value=\"Presupuesto\">Budget<\/option><option value=\"Consulta\">Consultation<\/option><option value=\"Sugerencia\">Suggestion<\/option><option value=\"Otros\">Autres<\/option><\/select><\/span>\n<\/p>\n<p><span class=\"wpcf7-form-control-wrap\" data-name=\"your-message\"><textarea cols=\"40\" rows=\"10\" maxlength=\"2000\" class=\"wpcf7-form-control wpcf7-textarea\" aria-invalid=\"false\" placeholder=\"Message ou demande\" name=\"your-message\"><\/textarea><\/span>\n<\/p>\n<div style=\"display: flex; align-items: center; gap: 10px;\">\n\t<p><span class=\"wpcf7-form-control-wrap\" data-name=\"privacy-policy\"><span class=\"wpcf7-form-control wpcf7-acceptance\"><span class=\"wpcf7-list-item\"><input type=\"checkbox\" name=\"privacy-policy\" value=\"1\" aria-invalid=\"false\" \/><\/span><\/span><\/span><label for=\"privacy-policy\" style=\"margin-left: 5px;\">J&#039;ai lu et accept\u00e9 la politique de confidentialit\u00e9.<\/label>\n\t<\/p>\n<\/div>\n<div style=\"display: flex; align-items: center; gap: 10px;\">\n\t<p><span class=\"wpcf7-form-control-wrap\" data-name=\"send-info\"><span class=\"wpcf7-form-control wpcf7-acceptance\"><span class=\"wpcf7-list-item\"><input type=\"checkbox\" name=\"send-info\" value=\"1\" aria-invalid=\"false\" \/><\/span><\/span><\/span><label for=\"send-info\" style=\"margin-left: 5px;\">J&#039;accepte de recevoir des informations.<\/label>\n\t<\/p>\n<\/div>\n<p><input class=\"wpcf7-form-control wpcf7-submit has-spinner\" type=\"submit\" value=\"Envoyer\" \/>\n<\/p><div class=\"wpcf7-response-output\" aria-hidden=\"true\"><\/div>\n<input type=\"hidden\" name=\"trp-form-language\" value=\"fr\"\/><\/form>\n<\/div>\n<\/div><\/div>\t\t\t\t<\/div>\n\t\t\t\t<\/div>\n\t\t\t\t\t<\/div>\n\t\t<\/div>\n\t\t\t\t\t<\/div>\n\t\t<\/section>\n\t\t\t\t<div class=\"elementor-element elementor-element-7caea20 elementor-widget elementor-widget-text-editor\" data-id=\"7caea20\" data-element_type=\"widget\" data-e-type=\"widget\" data-widget_type=\"text-editor.default\">\n\t\t\t\t<div class=\"elementor-widget-container\">\n\t\t\t\t\t\t\t\t\t<p>Parmi nos produits\u00a0<strong>d\u00e9sinfectants pour piscine<\/strong>\u00a0Nous avons trouv\u00e9 le\u00a0<strong>Dermo-Algine<\/strong>, sp\u00e9cialement formul\u00e9 pour l&#039;\u00e9limination et la pr\u00e9vention des algues dans la piscine. Sa teneur en ammonium quaternaire en fait un anti-algues efficace. Il est enti\u00e8rement compatible avec les autres produits chimiques de piscine et est approuv\u00e9 par la Direction g\u00e9n\u00e9rale de la sant\u00e9 publique, comme tous nos produits. La dose initiale pour d\u00e9marrer le traitement est de 4 litres de produit pour 100 000 litres d&#039;eau, la dose d&#039;entretien sera de 1,25 litre de\u00a0<strong>Dermo-Algine<\/strong>\u00a0chaque semaine ou toutes les deux semaines.<\/p><p>Mais si en plus d&#039;\u00e9liminer le probl\u00e8me des algues, nous voulons un produit\u00a0<strong>d\u00e9sinfectant pour piscine<\/strong>,\u00a0<strong>Complexe Dermochlor Granul\u00e9<\/strong>\u00a0est le bon produit. Gr\u00e2ce \u00e0 son utilisation, nous n&#039;aurons pas besoin d&#039;utiliser d&#039;autres produits dans l&#039;eau, car il maintient les niveaux corrects de chlore et de pH. Le traitement choc consiste \u00e0 verser 20 grammes par m\u00e8tre cube d&#039;eau. Pour l&#039;entretien, il suffira d&#039;appliquer 2 grammes par semaine. Comme il s&#039;agit d&#039;un produit en poudre, il est recommand\u00e9 de l&#039;utiliser pr\u00e9alablement dilu\u00e9 dans un seau d&#039;eau. Avec les m\u00eames caract\u00e9ristiques nous mettons \u00e0 votre disposition le\u00a0<strong>Comprim\u00e9s d\u00e9sinfectants pour piscine Dermochlor Complex,<\/strong>\u00a0\u00c9galement efficace contre les algues et autres micro-organismes pr\u00e9sents dans les piscines, avec un soin particulier pour les surfaces en liner, polyester, vinyle ou peintes.<\/p><p>Enfin, nous avons sp\u00e9cialement d\u00e9velopp\u00e9 des produits pour contr\u00f4ler le pH de l\u2019eau.\u00a0<strong>PH+<\/strong>\u00a0et\u00a0<strong>PH-<\/strong>, tous deux sous forme liquide. Le premier est responsable de l&#039;augmentation du pH de l&#039;eau afin qu&#039;elle atteigne l&#039;alcalinit\u00e9 appropri\u00e9e \u00e0 la peau, et le second a l&#039;effet inverse, c&#039;est-\u00e0-dire qu&#039;il diminue le pH.Principe de la forme<\/p>\t\t\t\t\t\t\t\t<\/div>\n\t\t\t\t<\/div>\n\t\t\t\t\t<\/div>\n\t\t<\/div>\n\t\t\t\t\t<\/div>\n\t\t<\/section>\n\t\t\t\t<section class=\"elementor-section elementor-top-section elementor-element elementor-element-cffe24c elementor-section-full_width elementor-section-height-default elementor-section-height-default elementor-invisible\" data-id=\"cffe24c\" data-element_type=\"section\" data-e-type=\"section\" data-settings=\"{&quot;animation&quot;:&quot;slideInUp&quot;}\">\n\t\t\t\t\t\t<div class=\"elementor-container elementor-column-gap-default\">\n\t\t\t\t\t<div class=\"elementor-column elementor-col-100 elementor-top-column elementor-element elementor-element-1bd0fdf\" data-id=\"1bd0fdf\" data-element_type=\"column\" data-e-type=\"column\">\n\t\t\t<div class=\"elementor-widget-wrap elementor-element-populated\">\n\t\t\t\t\t\t<div class=\"elementor-element elementor-element-16ee2f8 elementor-widget elementor-widget-google_maps\" data-id=\"16ee2f8\" data-element_type=\"widget\" data-e-type=\"widget\" data-widget_type=\"google_maps.default\">\n\t\t\t\t<div class=\"elementor-widget-container\">\n\t\t\t\t\t\t\t<div class=\"elementor-custom-embed\">\n\t\t\t<iframe loading=\"lazy\"\n\t\t\t\t\tsrc=\"https:\/\/maps.google.com\/maps?q=C%2F%20Pintor%20Joan%20Miro%2C%2016.%20Pol.%20Ind.%20Can%20Humet%20de%20Dalt%2C%2008213%20Poliny%C3%A0.%20Barcelona&#038;t=m&#038;z=15&#038;output=embed&#038;iwloc=near\"\n\t\t\t\t\ttitle=\"C\/ Pintor Joan Miro, 16. Pol. Ind. Can Humet de Dalt, 08213 Poliny\u00e0. Barcelone\"\n\t\t\t\t\taria-label=\"C\/ Pintor Joan Miro, 16. Pol. Ind. Can Humet de Dalt, 08213 Poliny\u00e0. Barcelone\"\n\t\t\t><\/iframe>\n\t\t<\/div>\n\t\t\t\t\t\t<\/div>\n\t\t\t\t<\/div>\n\t\t\t\t\t<\/div>\n\t\t<\/div>\n\t\t\t\t\t<\/div>\n\t\t<\/section>\n\t\t\t\t<\/div>","protected":false},"excerpt":{"rendered":"<p>Dermo : Usine de d\u00e9sinfectants pour piscines. Chez Dermo SA, nous avons d\u00e9velopp\u00e9 une large gamme de produits d\u00e9sinfectants pour piscines afin que vous et votre famille puissiez profiter d&#039;une eau cristalline et \u00eatre \u00e0 l&#039;abri des bact\u00e9ries et virus susceptibles de se propager dans les milieux aquatiques. Lorsque nous remplissons la piscine avec de l&#039;eau du robinet, elle est d\u00e9j\u00e0\u2026&nbsp;<a href=\"https:\/\/dermo.com\/fr\/desinfectant-pour-piscine\/\" rel=\"bookmark\">En savoir plus &quot;<span class=\"screen-reader-text\">D\u00e9sinfectant pour piscine<\/span><\/a><\/p>","protected":false},"author":2,"featured_media":0,"parent":0,"menu_order":0,"comment_status":"closed","ping_status":"closed","template":"page-templates\/template-pagebuilder-full-width.php","meta":{"neve_meta_sidebar":"","neve_meta_container":"","neve_meta_enable_content_width":"","neve_meta_content_width":0,"neve_meta_title_alignment":"","neve_meta_author_avatar":"","neve_post_elements_order":"","neve_meta_disable_header":"","neve_meta_disable_footer":"","neve_meta_disable_title":"","footnotes":""},"class_list":["post-13052","page","type-page","status-publish","hentry"],"yoast_head":"<!-- This site is optimized with the Yoast SEO plugin v27.0 - https:\/\/yoast.com\/product\/yoast-seo-wordpress\/ -->\n<title>Desinfectante de piscinas - Dermo | F\u00e1brica de detergentes<\/title>\n<meta name=\"robots\" content=\"index, follow, max-snippet:-1, max-image-preview:large, max-video-preview:-1\" \/>\n<link rel=\"canonical\" href=\"https:\/\/dermo.com\/fr\/desinfectant-pour-piscine\/\" \/>\n<meta property=\"og:locale\" content=\"fr_FR\" \/>\n<meta property=\"og:type\" content=\"article\" \/>\n<meta property=\"og:title\" content=\"Desinfectante de piscinas - Dermo | F\u00e1brica de detergentes\" \/>\n<meta property=\"og:description\" content=\"Dermo: F\u00e1brica de\u00a0desinfectantes de piscinas En\u00a0Dermo S.A.\u00a0hemos elaborado una amplia gama de productos\u00a0desinfectantes de piscinas\u00a0para que puedas disfrutar, t\u00fa y los tuyos, de la transparencia del agua y de la seguridad de estar lejos de bacterias y virus que se pueden propagar en medios acuosos. Cuando llenamos la piscina con\u00a0agua de la red, \u00e9sta ya&hellip;&nbsp;Lire la suite &raquo;Desinfectante de piscinas\" \/>\n<meta property=\"og:url\" content=\"https:\/\/dermo.com\/fr\/desinfectant-pour-piscine\/\" \/>\n<meta property=\"og:site_name\" content=\"Dermo | F\u00e1brica de detergentes\" \/>\n<meta property=\"article:modified_time\" content=\"2025-02-19T10:32:57+00:00\" \/>\n<meta name=\"twitter:card\" content=\"summary_large_image\" \/>\n<meta name=\"twitter:label1\" content=\"Dur\u00e9e de lecture estim\u00e9e\" \/>\n\t<meta name=\"twitter:data1\" content=\"2 minutes\" \/>\n<script type=\"application\/ld+json\" class=\"yoast-schema-graph\">{\"@context\":\"https:\/\/schema.org\",\"@graph\":[{\"@type\":\"WebPage\",\"@id\":\"https:\/\/dermo.com\/desinfectante-de-piscinas\/\",\"url\":\"https:\/\/dermo.com\/desinfectante-de-piscinas\/\",\"name\":\"Desinfectante de piscinas - Dermo | F\u00e1brica de detergentes\",\"isPartOf\":{\"@id\":\"https:\/\/dermo.com\/#website\"},\"datePublished\":\"2025-01-31T10:55:03+00:00\",\"dateModified\":\"2025-02-19T10:32:57+00:00\",\"breadcrumb\":{\"@id\":\"https:\/\/dermo.com\/desinfectante-de-piscinas\/#breadcrumb\"},\"inLanguage\":\"fr-FR\",\"potentialAction\":[{\"@type\":\"ReadAction\",\"target\":[\"https:\/\/dermo.com\/desinfectante-de-piscinas\/\"]}]},{\"@type\":\"BreadcrumbList\",\"@id\":\"https:\/\/dermo.com\/desinfectante-de-piscinas\/#breadcrumb\",\"itemListElement\":[{\"@type\":\"ListItem\",\"position\":1,\"name\":\"Portada\",\"item\":\"https:\/\/dermo.com\/\"},{\"@type\":\"ListItem\",\"position\":2,\"name\":\"Desinfectante de piscinas\"}]},{\"@type\":\"WebSite\",\"@id\":\"https:\/\/dermo.com\/#website\",\"url\":\"https:\/\/dermo.com\/\",\"name\":\"Dermo | F\u00e1brica de detergentes\",\"description\":\"Tecnolog\u00eda avanzada, investigaci\u00f3n y desarrollo, respeto por el medio ambiente, competencia, formaci\u00f3n constante y alto nivel de profesionalidad en nuestro equipo humano, empe\u00f1ado en preservar la calidad de vida, la protecci\u00f3n del entorno natural contin\u00faan motiv\u00e1ndonos para desarrollar en nuestros laboratorios nuevos productos con ingredientes activos altamente biodegradables que hacen posible un desarrollo sostenible.\",\"potentialAction\":[{\"@type\":\"SearchAction\",\"target\":{\"@type\":\"EntryPoint\",\"urlTemplate\":\"https:\/\/dermo.com\/?s={search_term_string}\"},\"query-input\":{\"@type\":\"PropertyValueSpecification\",\"valueRequired\":true,\"valueName\":\"search_term_string\"}}],\"inLanguage\":\"fr-FR\"}]}<\/script>\n<!-- \/ Yoast SEO plugin. -->","yoast_head_json":{"title":"D\u00e9sinfectant piscine - Dermo | Usine de d\u00e9tergents","robots":{"index":"index","follow":"follow","max-snippet":"max-snippet:-1","max-image-preview":"max-image-preview:large","max-video-preview":"max-video-preview:-1"},"canonical":"https:\/\/dermo.com\/fr\/desinfectant-pour-piscine\/","og_locale":"fr_FR","og_type":"article","og_title":"Desinfectante de piscinas - Dermo | F\u00e1brica de detergentes","og_description":"Dermo: F\u00e1brica de\u00a0desinfectantes de piscinas En\u00a0Dermo S.A.\u00a0hemos elaborado una amplia gama de productos\u00a0desinfectantes de piscinas\u00a0para que puedas disfrutar, t\u00fa y los tuyos, de la transparencia del agua y de la seguridad de estar lejos de bacterias y virus que se pueden propagar en medios acuosos. Cuando llenamos la piscina con\u00a0agua de la red, \u00e9sta ya&hellip;&nbsp;Lire la suite &raquo;Desinfectante de piscinas","og_url":"https:\/\/dermo.com\/fr\/desinfectant-pour-piscine\/","og_site_name":"Dermo | F\u00e1brica de detergentes","article_modified_time":"2025-02-19T10:32:57+00:00","twitter_card":"summary_large_image","twitter_misc":{"Dur\u00e9e de lecture estim\u00e9e":"2 minutes"},"schema":{"@context":"https:\/\/schema.org","@graph":[{"@type":"WebPage","@id":"https:\/\/dermo.com\/desinfectante-de-piscinas\/","url":"https:\/\/dermo.com\/desinfectante-de-piscinas\/","name":"D\u00e9sinfectant piscine - Dermo | Usine de d\u00e9tergents","isPartOf":{"@id":"https:\/\/dermo.com\/#website"},"datePublished":"2025-01-31T10:55:03+00:00","dateModified":"2025-02-19T10:32:57+00:00","breadcrumb":{"@id":"https:\/\/dermo.com\/desinfectante-de-piscinas\/#breadcrumb"},"inLanguage":"fr-FR","potentialAction":[{"@type":"ReadAction","target":["https:\/\/dermo.com\/desinfectante-de-piscinas\/"]}]},{"@type":"BreadcrumbList","@id":"https:\/\/dermo.com\/desinfectante-de-piscinas\/#breadcrumb","itemListElement":[{"@type":"ListItem","position":1,"name":"Portada","item":"https:\/\/dermo.com\/"},{"@type":"ListItem","position":2,"name":"Desinfectante de piscinas"}]},{"@type":"WebSite","@id":"https:\/\/dermo.com\/#website","url":"https:\/\/dermo.com\/","name":"Dermo | usine de d\u00e9tergents","description":"Technologie avanc\u00e9e, recherche et d\u00e9veloppement, respect de l&#039;environnement, comp\u00e9tence, formation constante et haut niveau de professionnalisme de notre \u00e9quipe humaine, engag\u00e9e \u00e0 pr\u00e9server la qualit\u00e9 de vie, la protection de l&#039;environnement naturel continuent de nous motiver \u00e0 d\u00e9velopper de nouveaux produits dans notre laboratoires aux principes actifs hautement biod\u00e9gradables qui rendent possible le d\u00e9veloppement durable.","potentialAction":[{"@type":"SearchAction","target":{"@type":"EntryPoint","urlTemplate":"https:\/\/dermo.com\/?s={search_term_string}"},"query-input":{"@type":"PropertyValueSpecification","valueRequired":true,"valueName":"search_term_string"}}],"inLanguage":"fr-FR"}]}},"_links":{"self":[{"href":"https:\/\/dermo.com\/fr\/wp-json\/wp\/v2\/pages\/13052","targetHints":{"allow":["GET"]}}],"collection":[{"href":"https:\/\/dermo.com\/fr\/wp-json\/wp\/v2\/pages"}],"about":[{"href":"https:\/\/dermo.com\/fr\/wp-json\/wp\/v2\/types\/page"}],"author":[{"embeddable":true,"href":"https:\/\/dermo.com\/fr\/wp-json\/wp\/v2\/users\/2"}],"replies":[{"embeddable":true,"href":"https:\/\/dermo.com\/fr\/wp-json\/wp\/v2\/comments?post=13052"}],"version-history":[{"count":6,"href":"https:\/\/dermo.com\/fr\/wp-json\/wp\/v2\/pages\/13052\/revisions"}],"predecessor-version":[{"id":13404,"href":"https:\/\/dermo.com\/fr\/wp-json\/wp\/v2\/pages\/13052\/revisions\/13404"}],"wp:attachment":[{"href":"https:\/\/dermo.com\/fr\/wp-json\/wp\/v2\/media?parent=13052"}],"curies":[{"name":"wp","href":"https:\/\/api.w.org\/{rel}","templated":true}]}}