{"id":13057,"date":"2025-01-31T11:57:17","date_gmt":"2025-01-31T10:57:17","guid":{"rendered":"https:\/\/dermo.com\/?page_id=13057"},"modified":"2025-02-19T11:50:39","modified_gmt":"2025-02-19T10:50:39","slug":"entreprise-de-detergents-industriels","status":"publish","type":"page","link":"https:\/\/dermo.com\/fr\/entreprise-de-detergents-industriels\/","title":{"rendered":"Entreprise de d\u00e9tergents industriels"},"content":{"rendered":"<div data-elementor-type=\"wp-page\" data-elementor-id=\"13057\" class=\"elementor elementor-13057\" data-elementor-post-type=\"page\">\n\t\t\t\t\t\t<section class=\"elementor-section elementor-top-section elementor-element elementor-element-a02683f elementor-section-boxed elementor-section-height-default elementor-section-height-default\" data-id=\"a02683f\" data-element_type=\"section\" data-e-type=\"section\" data-settings=\"{&quot;background_background&quot;:&quot;classic&quot;}\">\n\t\t\t\t\t\t\t<div class=\"elementor-background-overlay\"><\/div>\n\t\t\t\t\t\t\t<div class=\"elementor-container elementor-column-gap-default\">\n\t\t\t\t\t<div class=\"elementor-column elementor-col-100 elementor-top-column elementor-element elementor-element-f99dbff\" data-id=\"f99dbff\" data-element_type=\"column\" data-e-type=\"column\">\n\t\t\t<div class=\"elementor-widget-wrap elementor-element-populated\">\n\t\t\t\t\t\t\t<\/div>\n\t\t<\/div>\n\t\t\t\t\t<\/div>\n\t\t<\/section>\n\t\t\t\t<section class=\"elementor-section elementor-top-section elementor-element elementor-element-233ad3a4 elementor-section-boxed elementor-section-height-default elementor-section-height-default\" data-id=\"233ad3a4\" data-element_type=\"section\" data-e-type=\"section\">\n\t\t\t\t\t\t<div class=\"elementor-container elementor-column-gap-default\">\n\t\t\t\t\t<div class=\"elementor-column elementor-col-100 elementor-top-column elementor-element elementor-element-3244e578\" data-id=\"3244e578\" data-element_type=\"column\" data-e-type=\"column\">\n\t\t\t<div class=\"elementor-widget-wrap elementor-element-populated\">\n\t\t\t\t\t\t<section class=\"elementor-section elementor-inner-section elementor-element elementor-element-1a7040c2 elementor-section-content-middle elementor-section-boxed elementor-section-height-default elementor-section-height-default\" data-id=\"1a7040c2\" data-element_type=\"section\" data-e-type=\"section\">\n\t\t\t\t\t\t<div class=\"elementor-container elementor-column-gap-default\">\n\t\t\t\t\t<div class=\"elementor-column elementor-col-50 elementor-inner-column elementor-element elementor-element-58338543\" data-id=\"58338543\" data-element_type=\"column\" data-e-type=\"column\">\n\t\t\t<div class=\"elementor-widget-wrap elementor-element-populated\">\n\t\t\t\t\t\t<div class=\"elementor-element elementor-element-464b2e11 elementor-widget elementor-widget-text-editor\" data-id=\"464b2e11\" data-element_type=\"widget\" data-e-type=\"widget\" data-widget_type=\"text-editor.default\">\n\t\t\t\t<div class=\"elementor-widget-container\">\n\t\t\t\t\t\t\t\t\t<div id=\"lipsum\"><h4><strong>L&#039;efficacit\u00e9 des produits de notre entreprise de d\u00e9tergents industriels<\/strong><\/h4><p>La technologie et les processus que Dermo utilise pour concevoir et fabriquer des produits chimiques et d\u00e9tergents sp\u00e9cialis\u00e9s de haute qualit\u00e9 sont en constante \u00e9volution, car nous travaillons avec un d\u00e9sir de qualit\u00e9 dans tous nos processus bas\u00e9s sur le d\u00e9sir de sp\u00e9cialisation et de formation continue.<span style=\"color: #8b8d94; font-family: Roboto, Helvetica, Arial, Verdana, sans-serif; background-color: var(--nv-site-bg); font-size: var( --e-global-typography-b2ce6af-font-size ); font-weight: var(--bodyfontweight); letter-spacing: var( --e-global-typography-b2ce6af-letter-spacing ); text-transform: var(--bodytexttransform); word-spacing: var( --e-global-typography-b2ce6af-word-spacing );\">Notre \u00e9quipe est compos\u00e9e de travailleurs, de collaborateurs et du client final, qui met \u00e0 l&#039;\u00e9preuve l&#039;efficacit\u00e9 de nos produits. C\u2019est pourquoi nous pouvons offrir une grande fiabilit\u00e9, confiance et rentabilit\u00e9. Nous nous concentrons sur vous et vos clients en comparant la qualit\u00e9 du produit et en offrant au client la meilleure attention personnalis\u00e9e et le meilleur service.<\/span><\/p><p style=\"margin-bottom: 10px; overflow-wrap: break-word; color: #8b8d94; font-family: Roboto, Helvetica, Arial, Verdana, sans-serif;\">Dermo, notre\u00a0<span style=\"padding: 0px; margin: 0px; font-weight: bold;\">entreprise de d\u00e9tergents industriels<\/span>, dispose d&#039;une large gamme de produits sp\u00e9cialis\u00e9s dans le nettoyage en profondeur des installations et installations industrielles, des usines et des usines de traitement. Ces types d\u2019espaces n\u00e9cessitent des produits hautement concentr\u00e9s et sp\u00e9cialis\u00e9s pour nettoyer, assainir et d\u00e9sinfecter afin d\u2019\u00e9viter la contamination crois\u00e9e.<\/p><p style=\"margin-bottom: 10px; overflow-wrap: break-word; color: #8b8d94; font-family: Roboto, Helvetica, Arial, Verdana, sans-serif;\">C&#039;est pourquoi nos produits sont formul\u00e9s avec 25% d&#039;ingr\u00e9dients actifs suppl\u00e9mentaires pour garantir des r\u00e9sultats in\u00e9gal\u00e9s.<\/p><\/div>\t\t\t\t\t\t\t\t<\/div>\n\t\t\t\t<\/div>\n\t\t\t\t\t<\/div>\n\t\t<\/div>\n\t\t\t\t<div class=\"elementor-column elementor-col-50 elementor-inner-column elementor-element elementor-element-64fc365 elementor-invisible\" data-id=\"64fc365\" data-element_type=\"column\" data-e-type=\"column\" data-settings=\"{&quot;animation&quot;:&quot;bounceInRight&quot;}\">\n\t\t\t<div class=\"elementor-widget-wrap elementor-element-populated\">\n\t\t\t\t\t\t<div class=\"elementor-element elementor-element-9e03b26 elementor-widget elementor-widget-elementskit-contact-form7\" data-id=\"9e03b26\" data-element_type=\"widget\" data-e-type=\"widget\" data-widget_type=\"elementskit-contact-form7.default\">\n\t\t\t\t<div class=\"elementor-widget-container\">\n\t\t\t\t\t<div class=\"ekit-wid-con\" ><div class=\"ekit-form\">\n<div class=\"wpcf7 no-js\" id=\"wpcf7-f13292-p13057-o1\" lang=\"es-ES\" dir=\"ltr\" data-wpcf7-id=\"13292\">\n<div class=\"screen-reader-response\"><p role=\"status\" aria-live=\"polite\" aria-atomic=\"true\"><\/p> <ul><\/ul><\/div>\n<form action=\"\/fr\/entreprise-de-detergents-industriels\/#wpcf7-f13292-p13057-o1\" method=\"post\" class=\"wpcf7-form init\" aria-label=\"Formulario de contacto\" novalidate=\"novalidate\" data-status=\"init\" data-no-translation-aria-label=\"\" data-trp-original-action=\"\/en\/empresa-detergentes-industriales\/#wpcf7-f13292-p13057-o1\">\n<fieldset class=\"hidden-fields-container\"><input type=\"hidden\" name=\"_wpcf7\" value=\"13292\" \/><input type=\"hidden\" name=\"_wpcf7_version\" value=\"6.1.5\" \/><input type=\"hidden\" name=\"_wpcf7_locale\" value=\"es_ES\" \/><input type=\"hidden\" name=\"_wpcf7_unit_tag\" value=\"wpcf7-f13292-p13057-o1\" \/><input type=\"hidden\" name=\"_wpcf7_container_post\" value=\"13057\" \/><input type=\"hidden\" name=\"_wpcf7_posted_data_hash\" value=\"\" \/><input type=\"hidden\" name=\"_wpcf7_recaptcha_response\" value=\"\" \/>\n<\/fieldset>\n<div style=\"display: flex; gap: 10px;\">\n\t<div style=\"width: 50%;\">\n\t\t<p><span class=\"wpcf7-form-control-wrap\" data-name=\"your-name\"><input size=\"40\" maxlength=\"400\" class=\"wpcf7-form-control wpcf7-text wpcf7-validates-as-required\" aria-required=\"true\" aria-invalid=\"false\" placeholder=\"Nom\" value=\"\" type=\"text\" name=\"your-name\" \/><\/span>\n\t\t<\/p>\n\t<\/div>\n\t<div style=\"width: 50%;\">\n\t\t<p><span class=\"wpcf7-form-control-wrap\" data-name=\"your-phone\"><input size=\"40\" maxlength=\"400\" class=\"wpcf7-form-control wpcf7-tel wpcf7-validates-as-required wpcf7-text wpcf7-validates-as-tel\" aria-required=\"true\" aria-invalid=\"false\" placeholder=\"T\u00e9l\u00e9phone\" value=\"\" type=\"tel\" name=\"your-phone\" \/><\/span>\n\t\t<\/p>\n\t<\/div>\n<\/div>\n<p><span class=\"wpcf7-form-control-wrap\" data-name=\"your-email\"><input size=\"40\" maxlength=\"400\" class=\"wpcf7-form-control wpcf7-email wpcf7-validates-as-required wpcf7-text wpcf7-validates-as-email\" aria-required=\"true\" aria-invalid=\"false\" placeholder=\"E-mail\" value=\"\" type=\"email\" name=\"your-email\" \/><\/span>\n<\/p>\n<div style=\"display: flex; gap: 10px;\">\n\t<div style=\"width: 50%;\">\n\t\t<p><span class=\"wpcf7-form-control-wrap\" data-name=\"your-country\"><input size=\"40\" maxlength=\"400\" class=\"wpcf7-form-control wpcf7-text wpcf7-validates-as-required\" aria-required=\"true\" aria-invalid=\"false\" placeholder=\"Pays\" value=\"\" type=\"text\" name=\"your-country\" \/><\/span>\n\t\t<\/p>\n\t<\/div>\n\t<div style=\"width: 50%;\">\n\t\t<p><span class=\"wpcf7-form-control-wrap\" data-name=\"your-city\"><input size=\"40\" maxlength=\"400\" class=\"wpcf7-form-control wpcf7-text wpcf7-validates-as-required\" aria-required=\"true\" aria-invalid=\"false\" placeholder=\"Population\" value=\"\" type=\"text\" name=\"your-city\" \/><\/span>\n\t\t<\/p>\n\t<\/div>\n<\/div>\n<p><span class=\"wpcf7-form-control-wrap\" data-name=\"your-subject\"><select class=\"wpcf7-form-control wpcf7-select\" aria-invalid=\"false\" name=\"your-subject\"><option value=\"Quiero ser distribuidor\">Je veux \u00eatre distributeur<\/option><option value=\"Presupuesto\">Budget<\/option><option value=\"Consulta\">Consultation<\/option><option value=\"Sugerencia\">Suggestion<\/option><option value=\"Otros\">Autres<\/option><\/select><\/span>\n<\/p>\n<p><span class=\"wpcf7-form-control-wrap\" data-name=\"your-message\"><textarea cols=\"40\" rows=\"10\" maxlength=\"2000\" class=\"wpcf7-form-control wpcf7-textarea\" aria-invalid=\"false\" placeholder=\"Message ou demande\" name=\"your-message\"><\/textarea><\/span>\n<\/p>\n<div style=\"display: flex; align-items: center; gap: 10px;\">\n\t<p><span class=\"wpcf7-form-control-wrap\" data-name=\"privacy-policy\"><span class=\"wpcf7-form-control wpcf7-acceptance\"><span class=\"wpcf7-list-item\"><input type=\"checkbox\" name=\"privacy-policy\" value=\"1\" aria-invalid=\"false\" \/><\/span><\/span><\/span><label for=\"privacy-policy\" style=\"margin-left: 5px;\">J&#039;ai lu et accept\u00e9 la politique de confidentialit\u00e9.<\/label>\n\t<\/p>\n<\/div>\n<div style=\"display: flex; align-items: center; gap: 10px;\">\n\t<p><span class=\"wpcf7-form-control-wrap\" data-name=\"send-info\"><span class=\"wpcf7-form-control wpcf7-acceptance\"><span class=\"wpcf7-list-item\"><input type=\"checkbox\" name=\"send-info\" value=\"1\" aria-invalid=\"false\" \/><\/span><\/span><\/span><label for=\"send-info\" style=\"margin-left: 5px;\">J&#039;accepte de recevoir des informations.<\/label>\n\t<\/p>\n<\/div>\n<p><input class=\"wpcf7-form-control wpcf7-submit has-spinner\" type=\"submit\" value=\"Envoyer\" \/>\n<\/p><div class=\"wpcf7-response-output\" aria-hidden=\"true\"><\/div>\n<input type=\"hidden\" name=\"trp-form-language\" value=\"fr\"\/><\/form>\n<\/div>\n<\/div><\/div>\t\t\t\t<\/div>\n\t\t\t\t<\/div>\n\t\t\t\t\t<\/div>\n\t\t<\/div>\n\t\t\t\t\t<\/div>\n\t\t<\/section>\n\t\t\t\t<div class=\"elementor-element elementor-element-615d68f elementor-widget elementor-widget-text-editor\" data-id=\"615d68f\" data-element_type=\"widget\" data-e-type=\"widget\" data-widget_type=\"text-editor.default\">\n\t\t\t\t<div class=\"elementor-widget-container\">\n\t\t\t\t\t\t\t\t\t<h4><strong>Une large gamme de produits de notre entreprise de d\u00e9tergents industriels et automobiles<\/strong><\/h4>\n<p>Notre gamme croissante de produits pour les secteurs automobile et industriel est \u00e9galement sp\u00e9cialis\u00e9e dans le nettoyage des v\u00e9hicules, voitures, camions, trains et autocars. Avec ses sp\u00e9cifications techniques, vous trouverez des produits sp\u00e9cialis\u00e9s pour le traitement et le nettoyage des pneus, carrosseries, moteurs et selleries...<\/p>\n<p>Dans notre catalogue, vous trouverez une vari\u00e9t\u00e9 de 14 produits diff\u00e9rents pour des produits sp\u00e9cialis\u00e9s et cibl\u00e9s par nos&nbsp;<strong>entreprise de d\u00e9tergents industriels<\/strong>&nbsp;et pour l&#039;automobile pour ce secteur.<\/p>\n<p>Fran\u00e7ais Les quatorze d\u00e9tergents sp\u00e9cialis\u00e9s sont : D\u00e9graissant universel multi-usages Bold, Nettoyant pour pneus Black T, D\u00e9tergent pour carrosserie et jantes Car Clean, D\u00e9tergent alcalin chlor\u00e9 Derlac 10 (avec un excellent pouvoir mouillant et \u00e9mulsifiant pour le nettoyage industriel des r\u00e9sidus organiques des \u00e9changeurs de chaleur dans l&#039;industrie alimentaire), Nettoyant acide pour l&#039;industrie alimentaire Derlac 20 (pour le traitement des d\u00e9p\u00f4ts calcaires dans les industries alimentaire, vinicole, laiti\u00e8re et fruiti\u00e8re pour autoclaves, bouilloires, chambres froides et cuves), D\u00e9tergent industriel pour carrosserie Dermocar D., D\u00e9tergent neutre pour carrosserie Dermocar N., Cire Dermocar. Cire hydrofuge pour carrosserie, D\u00e9tergent pour carrosserie Dermocar, Gel pour les mains Gelman, D\u00e9graissant moteur Motornet, D\u00e9graissant rose pour carrosserie et tableau de bord et Cr\u00e8me pour les mains PM3.<\/p>\n<h4><strong>L&#039;importance de faire confiance \u00e0 Dermo, entreprise de d\u00e9tergents industriels<\/strong><\/h4>\n<p>La n\u00e9cessit\u00e9 de garantir des r\u00e9sultats extr\u00eamement propres dans l&#039;industrie est \u00e9vidente \u00e0 la fois en raison des r\u00e9glementations de s\u00e9curit\u00e9 de nombreux secteurs, en particulier du secteur alimentaire, et pour des raisons g\u00e9n\u00e9rales d&#039;hygi\u00e8ne. Notre entreprise de d\u00e9tergents industriels travaille aussi bien sur ses proc\u00e9d\u00e9s de fabrication que sur le conseil et la recommandation de ses d\u00e9tergents pour trouver la meilleure solution et s&#039;assurer que ses produits sp\u00e9cialis\u00e9s remplissent leur fonction.<\/p>\t\t\t\t\t\t\t\t<\/div>\n\t\t\t\t<\/div>\n\t\t\t\t\t<\/div>\n\t\t<\/div>\n\t\t\t\t\t<\/div>\n\t\t<\/section>\n\t\t\t\t<section class=\"elementor-section elementor-top-section elementor-element elementor-element-484f41e elementor-section-full_width elementor-section-height-default elementor-section-height-default elementor-invisible\" data-id=\"484f41e\" data-element_type=\"section\" data-e-type=\"section\" data-settings=\"{&quot;animation&quot;:&quot;slideInUp&quot;}\">\n\t\t\t\t\t\t<div class=\"elementor-container elementor-column-gap-default\">\n\t\t\t\t\t<div class=\"elementor-column elementor-col-100 elementor-top-column elementor-element elementor-element-19948363\" data-id=\"19948363\" data-element_type=\"column\" data-e-type=\"column\">\n\t\t\t<div class=\"elementor-widget-wrap elementor-element-populated\">\n\t\t\t\t\t\t<div class=\"elementor-element elementor-element-339044a4 elementor-widget elementor-widget-google_maps\" data-id=\"339044a4\" data-element_type=\"widget\" data-e-type=\"widget\" data-widget_type=\"google_maps.default\">\n\t\t\t\t<div class=\"elementor-widget-container\">\n\t\t\t\t\t\t\t<div class=\"elementor-custom-embed\">\n\t\t\t<iframe loading=\"lazy\"\n\t\t\t\t\tsrc=\"https:\/\/maps.google.com\/maps?q=C%2F%20Pintor%20Joan%20Miro%2C%2016.%20Pol.%20Ind.%20Can%20Humet%20de%20Dalt%2C%2008213%20Poliny%C3%A0.%20Barcelona&#038;t=m&#038;z=15&#038;output=embed&#038;iwloc=near\"\n\t\t\t\t\ttitle=\"C\/ Pintor Joan Miro, 16. Pol. Ind. Can Humet de Dalt, 08213 Poliny\u00e0. Barcelone\"\n\t\t\t\t\taria-label=\"C\/ Pintor Joan Miro, 16. Pol. Ind. Can Humet de Dalt, 08213 Poliny\u00e0. Barcelone\"\n\t\t\t><\/iframe>\n\t\t<\/div>\n\t\t\t\t\t\t<\/div>\n\t\t\t\t<\/div>\n\t\t\t\t\t<\/div>\n\t\t<\/div>\n\t\t\t\t\t<\/div>\n\t\t<\/section>\n\t\t\t\t<\/div>","protected":false},"excerpt":{"rendered":"<p>L&#039;efficacit\u00e9 des produits de notre entreprise de d\u00e9tergents industriels. La technologie et les proc\u00e9d\u00e9s utilis\u00e9s par Dermo pour concevoir et fabriquer des produits chimiques et d\u00e9tergents sp\u00e9cialis\u00e9s de haute qualit\u00e9 sont en constante \u00e9volution. Nous travaillons avec une exigence de qualit\u00e9 dans tous nos processus, bas\u00e9e sur l&#039;illusion, la sp\u00e9cialisation et\u2026&nbsp;<a href=\"https:\/\/dermo.com\/fr\/entreprise-de-detergents-industriels\/\" rel=\"bookmark\">En savoir plus &quot;<span class=\"screen-reader-text\">Entreprise de d\u00e9tergents industriels<\/span><\/a><\/p>","protected":false},"author":2,"featured_media":0,"parent":0,"menu_order":0,"comment_status":"closed","ping_status":"closed","template":"page-templates\/template-pagebuilder-full-width.php","meta":{"neve_meta_sidebar":"","neve_meta_container":"","neve_meta_enable_content_width":"","neve_meta_content_width":0,"neve_meta_title_alignment":"","neve_meta_author_avatar":"","neve_post_elements_order":"","neve_meta_disable_header":"","neve_meta_disable_footer":"","neve_meta_disable_title":"","footnotes":""},"class_list":["post-13057","page","type-page","status-publish","hentry"],"yoast_head":"<!-- This site is optimized with the Yoast SEO plugin v27.0 - https:\/\/yoast.com\/product\/yoast-seo-wordpress\/ -->\n<title>Empresa detergentes industriales - Dermo | F\u00e1brica de detergentes<\/title>\n<meta name=\"robots\" content=\"index, follow, max-snippet:-1, max-image-preview:large, max-video-preview:-1\" \/>\n<link rel=\"canonical\" href=\"https:\/\/dermo.com\/fr\/entreprise-de-detergents-industriels\/\" \/>\n<meta property=\"og:locale\" content=\"fr_FR\" \/>\n<meta property=\"og:type\" content=\"article\" \/>\n<meta property=\"og:title\" content=\"Empresa detergentes industriales - Dermo | F\u00e1brica de detergentes\" \/>\n<meta property=\"og:description\" content=\"La efectividad de los productos de nuestra empresa de detergentes industriales La tecnolog\u00eda y los procesos que utiliza Dermo para dise\u00f1ar y fabricar los productos qu\u00edmicos y detergentes de alta calidad y especializaci\u00f3n, est\u00e1n en constante evoluci\u00f3n, porque trabajamos con un af\u00e1n de calidad de todos nuestros procesos basado en la ilusi\u00f3n la especializaci\u00f3n y&hellip;&nbsp;Lire la suite &raquo;Empresa detergentes industriales\" \/>\n<meta property=\"og:url\" content=\"https:\/\/dermo.com\/fr\/entreprise-de-detergents-industriels\/\" \/>\n<meta property=\"og:site_name\" content=\"Dermo | F\u00e1brica de detergentes\" \/>\n<meta property=\"article:modified_time\" content=\"2025-02-19T10:50:39+00:00\" \/>\n<meta name=\"twitter:card\" content=\"summary_large_image\" \/>\n<meta name=\"twitter:label1\" content=\"Dur\u00e9e de lecture estim\u00e9e\" \/>\n\t<meta name=\"twitter:data1\" content=\"3 minutes\" \/>\n<script type=\"application\/ld+json\" class=\"yoast-schema-graph\">{\"@context\":\"https:\/\/schema.org\",\"@graph\":[{\"@type\":\"WebPage\",\"@id\":\"https:\/\/dermo.com\/empresa-detergentes-industriales\/\",\"url\":\"https:\/\/dermo.com\/empresa-detergentes-industriales\/\",\"name\":\"Empresa detergentes industriales - Dermo | F\u00e1brica de detergentes\",\"isPartOf\":{\"@id\":\"https:\/\/dermo.com\/#website\"},\"datePublished\":\"2025-01-31T10:57:17+00:00\",\"dateModified\":\"2025-02-19T10:50:39+00:00\",\"breadcrumb\":{\"@id\":\"https:\/\/dermo.com\/empresa-detergentes-industriales\/#breadcrumb\"},\"inLanguage\":\"fr-FR\",\"potentialAction\":[{\"@type\":\"ReadAction\",\"target\":[\"https:\/\/dermo.com\/empresa-detergentes-industriales\/\"]}]},{\"@type\":\"BreadcrumbList\",\"@id\":\"https:\/\/dermo.com\/empresa-detergentes-industriales\/#breadcrumb\",\"itemListElement\":[{\"@type\":\"ListItem\",\"position\":1,\"name\":\"Portada\",\"item\":\"https:\/\/dermo.com\/\"},{\"@type\":\"ListItem\",\"position\":2,\"name\":\"Empresa detergentes industriales\"}]},{\"@type\":\"WebSite\",\"@id\":\"https:\/\/dermo.com\/#website\",\"url\":\"https:\/\/dermo.com\/\",\"name\":\"Dermo | F\u00e1brica de detergentes\",\"description\":\"Tecnolog\u00eda avanzada, investigaci\u00f3n y desarrollo, respeto por el medio ambiente, competencia, formaci\u00f3n constante y alto nivel de profesionalidad en nuestro equipo humano, empe\u00f1ado en preservar la calidad de vida, la protecci\u00f3n del entorno natural contin\u00faan motiv\u00e1ndonos para desarrollar en nuestros laboratorios nuevos productos con ingredientes activos altamente biodegradables que hacen posible un desarrollo sostenible.\",\"potentialAction\":[{\"@type\":\"SearchAction\",\"target\":{\"@type\":\"EntryPoint\",\"urlTemplate\":\"https:\/\/dermo.com\/?s={search_term_string}\"},\"query-input\":{\"@type\":\"PropertyValueSpecification\",\"valueRequired\":true,\"valueName\":\"search_term_string\"}}],\"inLanguage\":\"fr-FR\"}]}<\/script>\n<!-- \/ Yoast SEO plugin. -->","yoast_head_json":{"title":"Entreprise de d\u00e9tergents industriels - Dermo | Usine de d\u00e9tergents","robots":{"index":"index","follow":"follow","max-snippet":"max-snippet:-1","max-image-preview":"max-image-preview:large","max-video-preview":"max-video-preview:-1"},"canonical":"https:\/\/dermo.com\/fr\/entreprise-de-detergents-industriels\/","og_locale":"fr_FR","og_type":"article","og_title":"Empresa detergentes industriales - Dermo | F\u00e1brica de detergentes","og_description":"La efectividad de los productos de nuestra empresa de detergentes industriales La tecnolog\u00eda y los procesos que utiliza Dermo para dise\u00f1ar y fabricar los productos qu\u00edmicos y detergentes de alta calidad y especializaci\u00f3n, est\u00e1n en constante evoluci\u00f3n, porque trabajamos con un af\u00e1n de calidad de todos nuestros procesos basado en la ilusi\u00f3n la especializaci\u00f3n y&hellip;&nbsp;Lire la suite &raquo;Empresa detergentes industriales","og_url":"https:\/\/dermo.com\/fr\/entreprise-de-detergents-industriels\/","og_site_name":"Dermo | F\u00e1brica de detergentes","article_modified_time":"2025-02-19T10:50:39+00:00","twitter_card":"summary_large_image","twitter_misc":{"Dur\u00e9e de lecture estim\u00e9e":"3 minutes"},"schema":{"@context":"https:\/\/schema.org","@graph":[{"@type":"WebPage","@id":"https:\/\/dermo.com\/empresa-detergentes-industriales\/","url":"https:\/\/dermo.com\/empresa-detergentes-industriales\/","name":"Entreprise de d\u00e9tergents industriels - Dermo | Usine de d\u00e9tergents","isPartOf":{"@id":"https:\/\/dermo.com\/#website"},"datePublished":"2025-01-31T10:57:17+00:00","dateModified":"2025-02-19T10:50:39+00:00","breadcrumb":{"@id":"https:\/\/dermo.com\/empresa-detergentes-industriales\/#breadcrumb"},"inLanguage":"fr-FR","potentialAction":[{"@type":"ReadAction","target":["https:\/\/dermo.com\/empresa-detergentes-industriales\/"]}]},{"@type":"BreadcrumbList","@id":"https:\/\/dermo.com\/empresa-detergentes-industriales\/#breadcrumb","itemListElement":[{"@type":"ListItem","position":1,"name":"Portada","item":"https:\/\/dermo.com\/"},{"@type":"ListItem","position":2,"name":"Empresa detergentes industriales"}]},{"@type":"WebSite","@id":"https:\/\/dermo.com\/#website","url":"https:\/\/dermo.com\/","name":"Dermo | usine de d\u00e9tergents","description":"Technologie avanc\u00e9e, recherche et d\u00e9veloppement, respect de l&#039;environnement, comp\u00e9tence, formation constante et haut niveau de professionnalisme de notre \u00e9quipe humaine, engag\u00e9e \u00e0 pr\u00e9server la qualit\u00e9 de vie, la protection de l&#039;environnement naturel continuent de nous motiver \u00e0 d\u00e9velopper de nouveaux produits dans notre laboratoires aux principes actifs hautement biod\u00e9gradables qui rendent possible le d\u00e9veloppement durable.","potentialAction":[{"@type":"SearchAction","target":{"@type":"EntryPoint","urlTemplate":"https:\/\/dermo.com\/?s={search_term_string}"},"query-input":{"@type":"PropertyValueSpecification","valueRequired":true,"valueName":"search_term_string"}}],"inLanguage":"fr-FR"}]}},"_links":{"self":[{"href":"https:\/\/dermo.com\/fr\/wp-json\/wp\/v2\/pages\/13057","targetHints":{"allow":["GET"]}}],"collection":[{"href":"https:\/\/dermo.com\/fr\/wp-json\/wp\/v2\/pages"}],"about":[{"href":"https:\/\/dermo.com\/fr\/wp-json\/wp\/v2\/types\/page"}],"author":[{"embeddable":true,"href":"https:\/\/dermo.com\/fr\/wp-json\/wp\/v2\/users\/2"}],"replies":[{"embeddable":true,"href":"https:\/\/dermo.com\/fr\/wp-json\/wp\/v2\/comments?post=13057"}],"version-history":[{"count":7,"href":"https:\/\/dermo.com\/fr\/wp-json\/wp\/v2\/pages\/13057\/revisions"}],"predecessor-version":[{"id":13505,"href":"https:\/\/dermo.com\/fr\/wp-json\/wp\/v2\/pages\/13057\/revisions\/13505"}],"wp:attachment":[{"href":"https:\/\/dermo.com\/fr\/wp-json\/wp\/v2\/media?parent=13057"}],"curies":[{"name":"wp","href":"https:\/\/api.w.org\/{rel}","templated":true}]}}