{"id":13067,"date":"2025-01-31T11:58:29","date_gmt":"2025-01-31T10:58:29","guid":{"rendered":"https:\/\/dermo.com\/?page_id=13067"},"modified":"2025-02-19T11:58:50","modified_gmt":"2025-02-19T10:58:50","slug":"serpilliere","status":"publish","type":"page","link":"https:\/\/dermo.com\/fr\/serpilliere\/","title":{"rendered":"Serpilli\u00e8re"},"content":{"rendered":"<div data-elementor-type=\"wp-page\" data-elementor-id=\"13067\" class=\"elementor elementor-13067\" data-elementor-post-type=\"page\">\n\t\t\t\t\t\t<section class=\"elementor-section elementor-top-section elementor-element elementor-element-81cb246 elementor-section-boxed elementor-section-height-default elementor-section-height-default\" data-id=\"81cb246\" data-element_type=\"section\" data-e-type=\"section\" data-settings=\"{&quot;background_background&quot;:&quot;classic&quot;}\">\n\t\t\t\t\t\t\t<div class=\"elementor-background-overlay\"><\/div>\n\t\t\t\t\t\t\t<div class=\"elementor-container elementor-column-gap-default\">\n\t\t\t\t\t<div class=\"elementor-column elementor-col-100 elementor-top-column elementor-element elementor-element-90ce240\" data-id=\"90ce240\" data-element_type=\"column\" data-e-type=\"column\">\n\t\t\t<div class=\"elementor-widget-wrap elementor-element-populated\">\n\t\t\t\t\t\t\t<\/div>\n\t\t<\/div>\n\t\t\t\t\t<\/div>\n\t\t<\/section>\n\t\t\t\t<section class=\"elementor-section elementor-top-section elementor-element elementor-element-8e50f86 elementor-section-boxed elementor-section-height-default elementor-section-height-default\" data-id=\"8e50f86\" data-element_type=\"section\" data-e-type=\"section\">\n\t\t\t\t\t\t<div class=\"elementor-container elementor-column-gap-default\">\n\t\t\t\t\t<div class=\"elementor-column elementor-col-100 elementor-top-column elementor-element elementor-element-9c3e47a\" data-id=\"9c3e47a\" data-element_type=\"column\" data-e-type=\"column\">\n\t\t\t<div class=\"elementor-widget-wrap elementor-element-populated\">\n\t\t\t\t\t\t<section class=\"elementor-section elementor-inner-section elementor-element elementor-element-66bd02e elementor-section-content-middle elementor-section-boxed elementor-section-height-default elementor-section-height-default\" data-id=\"66bd02e\" data-element_type=\"section\" data-e-type=\"section\">\n\t\t\t\t\t\t<div class=\"elementor-container elementor-column-gap-default\">\n\t\t\t\t\t<div class=\"elementor-column elementor-col-50 elementor-inner-column elementor-element elementor-element-23299db\" data-id=\"23299db\" data-element_type=\"column\" data-e-type=\"column\">\n\t\t\t<div class=\"elementor-widget-wrap elementor-element-populated\">\n\t\t\t\t\t\t<div class=\"elementor-element elementor-element-9466f9a elementor-widget elementor-widget-text-editor\" data-id=\"9466f9a\" data-element_type=\"widget\" data-e-type=\"widget\" data-widget_type=\"text-editor.default\">\n\t\t\t\t<div class=\"elementor-widget-container\">\n\t\t\t\t\t\t\t\t\t<div id=\"lipsum\"><h2>Dermo : Nettoyant pour sols<\/h2><p>Chez Dermo vous pouvez trouver toutes sortes de\u00a0<strong>serpilli\u00e8re<\/strong>\u00a0pour effectuer un nettoyage professionnel et sp\u00e9cifique, obtenant un r\u00e9sultat efficace et durable. Ils ont tous un pouvoir d\u00e9tergent \u00e9lev\u00e9 et efficace et offrent diff\u00e9rents types d&#039;ar\u00f4mes, car nous voulons que chaque client puisse choisir un produit avec lequel il peut s&#039;identifier, tant pour son efficacit\u00e9 que pour son odeur. Chez Dermo vous pouvez trouver\u00a0<strong>serpilli\u00e8re<\/strong>\u00a0Tr\u00e8s efficaces, ils cr\u00e9ent une brillance naturelle sur le sol, le laissant impeccablement propre pendant des jours et procurant \u00e9galement un ar\u00f4me agr\u00e9able qui impr\u00e9gnera toute la pi\u00e8ce.<\/p><p>Aujourd&#039;hui, nous voulons vous parler des caract\u00e9ristiques de chacun de nos\u00a0<strong>serpilli\u00e8re<\/strong>, afin que vous connaissiez tous les d\u00e9tails et que vous puissiez choisir celui que vous pr\u00e9f\u00e9rez, en comparant toutes les possibilit\u00e9s que nous proposons chez Dermo.<\/p><\/div>\t\t\t\t\t\t\t\t<\/div>\n\t\t\t\t<\/div>\n\t\t\t\t\t<\/div>\n\t\t<\/div>\n\t\t\t\t<div class=\"elementor-column elementor-col-50 elementor-inner-column elementor-element elementor-element-ffc707a elementor-invisible\" data-id=\"ffc707a\" data-element_type=\"column\" data-e-type=\"column\" data-settings=\"{&quot;animation&quot;:&quot;bounceInRight&quot;}\">\n\t\t\t<div class=\"elementor-widget-wrap elementor-element-populated\">\n\t\t\t\t\t\t<div class=\"elementor-element elementor-element-36cea6e elementor-widget__width-initial elementor-widget elementor-widget-elementskit-contact-form7\" data-id=\"36cea6e\" data-element_type=\"widget\" data-e-type=\"widget\" data-widget_type=\"elementskit-contact-form7.default\">\n\t\t\t\t<div class=\"elementor-widget-container\">\n\t\t\t\t\t<div class=\"ekit-wid-con\" ><div class=\"ekit-form\">\n<div class=\"wpcf7 no-js\" id=\"wpcf7-f13292-p13067-o1\" lang=\"es-ES\" dir=\"ltr\" data-wpcf7-id=\"13292\">\n<div class=\"screen-reader-response\"><p role=\"status\" aria-live=\"polite\" aria-atomic=\"true\"><\/p> <ul><\/ul><\/div>\n<form action=\"\/fr\/serpilliere\/#wpcf7-f13292-p13067-o1\" method=\"post\" class=\"wpcf7-form init\" aria-label=\"Formulario de contacto\" novalidate=\"novalidate\" data-status=\"init\" data-no-translation-aria-label=\"\" data-trp-original-action=\"\/en\/fregasuelos\/#wpcf7-f13292-p13067-o1\">\n<fieldset class=\"hidden-fields-container\"><input type=\"hidden\" name=\"_wpcf7\" value=\"13292\" \/><input type=\"hidden\" name=\"_wpcf7_version\" value=\"6.1.5\" \/><input type=\"hidden\" name=\"_wpcf7_locale\" value=\"es_ES\" \/><input type=\"hidden\" name=\"_wpcf7_unit_tag\" value=\"wpcf7-f13292-p13067-o1\" \/><input type=\"hidden\" name=\"_wpcf7_container_post\" value=\"13067\" \/><input type=\"hidden\" name=\"_wpcf7_posted_data_hash\" value=\"\" \/><input type=\"hidden\" name=\"_wpcf7_recaptcha_response\" value=\"\" \/>\n<\/fieldset>\n<div style=\"display: flex; gap: 10px;\">\n\t<div style=\"width: 50%;\">\n\t\t<p><span class=\"wpcf7-form-control-wrap\" data-name=\"your-name\"><input size=\"40\" maxlength=\"400\" class=\"wpcf7-form-control wpcf7-text wpcf7-validates-as-required\" aria-required=\"true\" aria-invalid=\"false\" placeholder=\"Nom\" value=\"\" type=\"text\" name=\"your-name\" \/><\/span>\n\t\t<\/p>\n\t<\/div>\n\t<div style=\"width: 50%;\">\n\t\t<p><span class=\"wpcf7-form-control-wrap\" data-name=\"your-phone\"><input size=\"40\" maxlength=\"400\" class=\"wpcf7-form-control wpcf7-tel wpcf7-validates-as-required wpcf7-text wpcf7-validates-as-tel\" aria-required=\"true\" aria-invalid=\"false\" placeholder=\"T\u00e9l\u00e9phone\" value=\"\" type=\"tel\" name=\"your-phone\" \/><\/span>\n\t\t<\/p>\n\t<\/div>\n<\/div>\n<p><span class=\"wpcf7-form-control-wrap\" data-name=\"your-email\"><input size=\"40\" maxlength=\"400\" class=\"wpcf7-form-control wpcf7-email wpcf7-validates-as-required wpcf7-text wpcf7-validates-as-email\" aria-required=\"true\" aria-invalid=\"false\" placeholder=\"E-mail\" value=\"\" type=\"email\" name=\"your-email\" \/><\/span>\n<\/p>\n<div style=\"display: flex; gap: 10px;\">\n\t<div style=\"width: 50%;\">\n\t\t<p><span class=\"wpcf7-form-control-wrap\" data-name=\"your-country\"><input size=\"40\" maxlength=\"400\" class=\"wpcf7-form-control wpcf7-text wpcf7-validates-as-required\" aria-required=\"true\" aria-invalid=\"false\" placeholder=\"Pays\" value=\"\" type=\"text\" name=\"your-country\" \/><\/span>\n\t\t<\/p>\n\t<\/div>\n\t<div style=\"width: 50%;\">\n\t\t<p><span class=\"wpcf7-form-control-wrap\" data-name=\"your-city\"><input size=\"40\" maxlength=\"400\" class=\"wpcf7-form-control wpcf7-text wpcf7-validates-as-required\" aria-required=\"true\" aria-invalid=\"false\" placeholder=\"Population\" value=\"\" type=\"text\" name=\"your-city\" \/><\/span>\n\t\t<\/p>\n\t<\/div>\n<\/div>\n<p><span class=\"wpcf7-form-control-wrap\" data-name=\"your-subject\"><select class=\"wpcf7-form-control wpcf7-select\" aria-invalid=\"false\" name=\"your-subject\"><option value=\"Quiero ser distribuidor\">Je veux \u00eatre distributeur<\/option><option value=\"Presupuesto\">Budget<\/option><option value=\"Consulta\">Consultation<\/option><option value=\"Sugerencia\">Suggestion<\/option><option value=\"Otros\">Autres<\/option><\/select><\/span>\n<\/p>\n<p><span class=\"wpcf7-form-control-wrap\" data-name=\"your-message\"><textarea cols=\"40\" rows=\"10\" maxlength=\"2000\" class=\"wpcf7-form-control wpcf7-textarea\" aria-invalid=\"false\" placeholder=\"Message ou demande\" name=\"your-message\"><\/textarea><\/span>\n<\/p>\n<div style=\"display: flex; align-items: center; gap: 10px;\">\n\t<p><span class=\"wpcf7-form-control-wrap\" data-name=\"privacy-policy\"><span class=\"wpcf7-form-control wpcf7-acceptance\"><span class=\"wpcf7-list-item\"><input type=\"checkbox\" name=\"privacy-policy\" value=\"1\" aria-invalid=\"false\" \/><\/span><\/span><\/span><label for=\"privacy-policy\" style=\"margin-left: 5px;\">J&#039;ai lu et accept\u00e9 la politique de confidentialit\u00e9.<\/label>\n\t<\/p>\n<\/div>\n<div style=\"display: flex; align-items: center; gap: 10px;\">\n\t<p><span class=\"wpcf7-form-control-wrap\" data-name=\"send-info\"><span class=\"wpcf7-form-control wpcf7-acceptance\"><span class=\"wpcf7-list-item\"><input type=\"checkbox\" name=\"send-info\" value=\"1\" aria-invalid=\"false\" \/><\/span><\/span><\/span><label for=\"send-info\" style=\"margin-left: 5px;\">J&#039;accepte de recevoir des informations.<\/label>\n\t<\/p>\n<\/div>\n<p><input class=\"wpcf7-form-control wpcf7-submit has-spinner\" type=\"submit\" value=\"Envoyer\" \/>\n<\/p><div class=\"wpcf7-response-output\" aria-hidden=\"true\"><\/div>\n<input type=\"hidden\" name=\"trp-form-language\" value=\"fr\"\/><\/form>\n<\/div>\n<\/div><\/div>\t\t\t\t<\/div>\n\t\t\t\t<\/div>\n\t\t\t\t\t<\/div>\n\t\t<\/div>\n\t\t\t\t\t<\/div>\n\t\t<\/section>\n\t\t\t\t<div class=\"elementor-element elementor-element-63dd2c5 elementor-widget elementor-widget-text-editor\" data-id=\"63dd2c5\" data-element_type=\"widget\" data-e-type=\"widget\" data-widget_type=\"text-editor.default\">\n\t\t\t\t<div class=\"elementor-widget-container\">\n\t\t\t\t\t\t\t\t\t<div class=\"wpb_column vc_column_container vc_col-sm-6\"><div class=\"vc_column-inner\"><div class=\"wpb_wrapper\"><div class=\"wpb_text_column wpb_content_element  texto\"><div class=\"wpb_wrapper\"><p><a href=\"https:\/\/dermo.com\/fr\/catalogue\/es\/traitement-du-sol\/98-star-gres-pino.html\/?search_query=fregasuelos&amp;results=10\">Etoile Gr\u00e8s Pin<\/a>\u00a0est l&#039;un des n\u00f4tres\u00a0<strong>serpilli\u00e8re\u00a0<\/strong>\u00e9toile, car c&#039;est un d\u00e9tergent liquide sp\u00e9cialement con\u00e7u pour le nettoyage des surfaces en gr\u00e8s, en c\u00e9ramique et en carrelage. Il parfume la pi\u00e8ce et laisse une brillance naturelle sur le sol.<\/p><p><a href=\"https:\/\/dermo.com\/fr\/catalogue\/es\/traitement-du-sol\/97-super-swing.html\/?search_query=fregasuelos&amp;results=10\">Super Swing<\/a>, est un autre de nos produits, dans ce cas il s&#039;agit d&#039;un d\u00e9tergent liquide neutre pr\u00e9par\u00e9 pour l&#039;entretien et le nettoyage du marbre, du parquet, des sols synth\u00e9tiques, etc.<\/p><p>Un autre de nos produits est\u00a0<a href=\"https:\/\/dermo.com\/fr\/catalogue\/es\/traitement-du-sol\/96-star-gres.html\/?search_query=fregasuelos&amp;results=10\">Gr\u00e8s \u00c9toile<\/a>, un d\u00e9tergent liquide qui laissera le sol brillant, parfum\u00e9 et sans laisser de traces.<\/p><p><a href=\"https:\/\/dermo.com\/fr\/catalogue\/es\/commencer\/157-f-80-eucalipto-fregasuelos.html\/?search_query=fregasuelos&amp;results=10\">F 80 Eucalyptus<\/a>, comme son nom l&#039;indique, laisse sur le sol un agr\u00e9able et frais parfum d&#039;eucalyptus qui se r\u00e9pand dans toute la pi\u00e8ce et cr\u00e9e un environnement hygi\u00e9nique et rafra\u00eechissant. C&#039;est un nettoyant pour sol tr\u00e8s efficace, \u00e0 s\u00e9chage rapide, qui pr\u00e9serve la brillance naturelle du sol. Il peut \u00eatre utilis\u00e9 sur des surfaces lavables telles que le vinyle, la c\u00e9ramique, le caoutchouc, le marbre, le PVC, etc.\u00a0<a href=\"https:\/\/dermo.com\/fr\/catalogue\/es\/traitement-du-sol\/155-f-80-cherry-fregasuelos.html\/?search_query=fregasuelos&amp;results=10\">F 80 Cerise<\/a>\u00a0Il remplit la m\u00eame fonction que le F 80 Eucalyptus, mais laisse un ar\u00f4me de cerise agr\u00e9able et sucr\u00e9.<\/p><p>Et pour un nettoyage intense nous vous recommandons le\u00a0<a href=\"https:\/\/dermo.com\/fr\/catalogue\/es\/traitement-du-sol\/95-f80intense.html\/?search_query=fregasuelos&amp;results=10\">F 80 Intense<\/a>, qui poss\u00e8de un pouvoir d\u00e9tergent \u00e9lev\u00e9 et \u00e9claircit naturellement. Il peut \u00eatre utilis\u00e9 sur tous les types de sols et laisse un parfum de propret\u00e9 agr\u00e9able et durable.<\/p><p>Avec une couleur violette intense, il est pr\u00e9sent\u00e9\u00a0<a href=\"https:\/\/dermo.com\/fr\/catalogue\/es\/traitement-du-sol\/94-f200.html\/\">F 200,<\/a>\u00a0un produit nettoyant efficace avec un pouvoir d\u00e9tergent \u00e9lev\u00e9 qui brille naturellement et peut \u00eatre utilis\u00e9 sur tous types de sols. Il procure \u00e9galement un ar\u00f4me tr\u00e8s agr\u00e9able dans la pi\u00e8ce dans laquelle il a \u00e9t\u00e9 utilis\u00e9.<\/p><p><a href=\"https:\/\/dermo.com\/fr\/catalogue\/es\/traitement-du-sol\/93-f80flower.html\/?search_query=fregasuelos&amp;results=10\">F 80 Fleur<\/a>\u00a0Il laisse un parfum printanier de fleurs sur le sol et dans l\u2019air, qui dure des heures. C&#039;est \u00e9galement un produit tr\u00e8s efficace avec un pouvoir d\u00e9tergent \u00e9lev\u00e9 et c&#039;est un \u00e9claircissant naturel.<\/p><p>Et enfin, nous parlons de\u00a0\u00a0<a href=\"https:\/\/dermo.com\/fr\/catalogue\/es\/traitement-du-sol\/92-f80apple.html\/?search_query=fregasuelos&amp;results=10\">F 80 Citron<\/a>, un\u00a0<strong>serpilli\u00e8re<\/strong>\u00a0produit de nettoyage professionnel qui procure une brillance naturelle sur tout type de sol et poss\u00e8de un grand pouvoir d\u00e9tergent. Le parfum de citron procure une sensation de propret\u00e9 et de fra\u00eecheur, qui dure toute la journ\u00e9e.<\/p><\/div><\/div><\/div><\/div><\/div><div class=\"wpb_column vc_column_container vc_col-sm-6\"><div class=\"vc_column-inner\"><div class=\"wpb_wrapper\"><div class=\"vision-contentbox\">\u00a0<\/div><\/div><\/div><\/div>\t\t\t\t\t\t\t\t<\/div>\n\t\t\t\t<\/div>\n\t\t\t\t\t<\/div>\n\t\t<\/div>\n\t\t\t\t\t<\/div>\n\t\t<\/section>\n\t\t\t\t<section class=\"elementor-section elementor-top-section elementor-element elementor-element-9117fb8 elementor-section-full_width elementor-section-height-default elementor-section-height-default elementor-invisible\" data-id=\"9117fb8\" data-element_type=\"section\" data-e-type=\"section\" data-settings=\"{&quot;animation&quot;:&quot;slideInUp&quot;}\">\n\t\t\t\t\t\t<div class=\"elementor-container elementor-column-gap-default\">\n\t\t\t\t\t<div class=\"elementor-column elementor-col-100 elementor-top-column elementor-element elementor-element-4cb5f15\" data-id=\"4cb5f15\" data-element_type=\"column\" data-e-type=\"column\">\n\t\t\t<div class=\"elementor-widget-wrap elementor-element-populated\">\n\t\t\t\t\t\t<div class=\"elementor-element elementor-element-01e92bb elementor-widget elementor-widget-google_maps\" data-id=\"01e92bb\" data-element_type=\"widget\" data-e-type=\"widget\" data-widget_type=\"google_maps.default\">\n\t\t\t\t<div class=\"elementor-widget-container\">\n\t\t\t\t\t\t\t<div class=\"elementor-custom-embed\">\n\t\t\t<iframe loading=\"lazy\"\n\t\t\t\t\tsrc=\"https:\/\/maps.google.com\/maps?q=C%2F%20Pintor%20Joan%20Miro%2C%2016.%20Pol.%20Ind.%20Can%20Humet%20de%20Dalt%2C%2008213%20Poliny%C3%A0.%20Barcelona&#038;t=m&#038;z=15&#038;output=embed&#038;iwloc=near\"\n\t\t\t\t\ttitle=\"C\/ Pintor Joan Miro, 16. Pol. Ind. Can Humet de Dalt, 08213 Poliny\u00e0. Barcelone\"\n\t\t\t\t\taria-label=\"C\/ Pintor Joan Miro, 16. Pol. Ind. Can Humet de Dalt, 08213 Poliny\u00e0. Barcelone\"\n\t\t\t><\/iframe>\n\t\t<\/div>\n\t\t\t\t\t\t<\/div>\n\t\t\t\t<\/div>\n\t\t\t\t\t<\/div>\n\t\t<\/div>\n\t\t\t\t\t<\/div>\n\t\t<\/section>\n\t\t\t\t<\/div>","protected":false},"excerpt":{"rendered":"<p>Dermo : Nettoyants pour sols. Chez Dermo, vous trouverez tous les types de nettoyants pour sols, pour un nettoyage professionnel et cibl\u00e9, pour des r\u00e9sultats efficaces et durables. Ils offrent tous un pouvoir nettoyant \u00e9lev\u00e9 et sont disponibles dans une vari\u00e9t\u00e9 de parfums, car nous souhaitons que chaque client puisse choisir un produit qui lui corresponde, tant pour son\u2026&nbsp;<a href=\"https:\/\/dermo.com\/fr\/serpilliere\/\" rel=\"bookmark\">En savoir plus &quot;<span class=\"screen-reader-text\">Serpilli\u00e8re<\/span><\/a><\/p>","protected":false},"author":2,"featured_media":0,"parent":0,"menu_order":0,"comment_status":"closed","ping_status":"closed","template":"page-templates\/template-pagebuilder-full-width.php","meta":{"neve_meta_sidebar":"","neve_meta_container":"","neve_meta_enable_content_width":"","neve_meta_content_width":0,"neve_meta_title_alignment":"","neve_meta_author_avatar":"","neve_post_elements_order":"","neve_meta_disable_header":"","neve_meta_disable_footer":"","neve_meta_disable_title":"","footnotes":""},"class_list":["post-13067","page","type-page","status-publish","hentry"],"yoast_head":"<!-- This site is optimized with the Yoast SEO plugin v27.0 - https:\/\/yoast.com\/product\/yoast-seo-wordpress\/ -->\n<title>Fregasuelos - Dermo | F\u00e1brica de detergentes<\/title>\n<meta name=\"robots\" content=\"index, follow, max-snippet:-1, max-image-preview:large, max-video-preview:-1\" \/>\n<link rel=\"canonical\" href=\"https:\/\/dermo.com\/fr\/serpilliere\/\" \/>\n<meta property=\"og:locale\" content=\"fr_FR\" \/>\n<meta property=\"og:type\" content=\"article\" \/>\n<meta property=\"og:title\" content=\"Fregasuelos - Dermo | F\u00e1brica de detergentes\" \/>\n<meta property=\"og:description\" content=\"Dermo: Fregasuelos En Dermo podr\u00e1s encontrar todo tipo de\u00a0fregasuelos\u00a0para llevar a cabo una limpieza profesional y espec\u00edfica, consiguiendo un resultado eficaz y duradero. Todos ellos cuentan con alto y eficaz poder detergente y ofrecen distintos tipos de aromas, porque queremos que cada cliente pueda escoger un producto con el que pueda identificarse, tanto por su&hellip;&nbsp;Lire la suite &raquo;Fregasuelos\" \/>\n<meta property=\"og:url\" content=\"https:\/\/dermo.com\/fr\/serpilliere\/\" \/>\n<meta property=\"og:site_name\" content=\"Dermo | F\u00e1brica de detergentes\" \/>\n<meta property=\"article:modified_time\" content=\"2025-02-19T10:58:50+00:00\" \/>\n<meta name=\"twitter:card\" content=\"summary_large_image\" \/>\n<meta name=\"twitter:label1\" content=\"Dur\u00e9e de lecture estim\u00e9e\" \/>\n\t<meta name=\"twitter:data1\" content=\"3 minutes\" \/>\n<script type=\"application\/ld+json\" class=\"yoast-schema-graph\">{\"@context\":\"https:\/\/schema.org\",\"@graph\":[{\"@type\":\"WebPage\",\"@id\":\"https:\/\/dermo.com\/fregasuelos\/\",\"url\":\"https:\/\/dermo.com\/fregasuelos\/\",\"name\":\"Fregasuelos - Dermo | F\u00e1brica de detergentes\",\"isPartOf\":{\"@id\":\"https:\/\/dermo.com\/#website\"},\"datePublished\":\"2025-01-31T10:58:29+00:00\",\"dateModified\":\"2025-02-19T10:58:50+00:00\",\"breadcrumb\":{\"@id\":\"https:\/\/dermo.com\/fregasuelos\/#breadcrumb\"},\"inLanguage\":\"fr-FR\",\"potentialAction\":[{\"@type\":\"ReadAction\",\"target\":[\"https:\/\/dermo.com\/fregasuelos\/\"]}]},{\"@type\":\"BreadcrumbList\",\"@id\":\"https:\/\/dermo.com\/fregasuelos\/#breadcrumb\",\"itemListElement\":[{\"@type\":\"ListItem\",\"position\":1,\"name\":\"Portada\",\"item\":\"https:\/\/dermo.com\/\"},{\"@type\":\"ListItem\",\"position\":2,\"name\":\"Fregasuelos\"}]},{\"@type\":\"WebSite\",\"@id\":\"https:\/\/dermo.com\/#website\",\"url\":\"https:\/\/dermo.com\/\",\"name\":\"Dermo | F\u00e1brica de detergentes\",\"description\":\"Tecnolog\u00eda avanzada, investigaci\u00f3n y desarrollo, respeto por el medio ambiente, competencia, formaci\u00f3n constante y alto nivel de profesionalidad en nuestro equipo humano, empe\u00f1ado en preservar la calidad de vida, la protecci\u00f3n del entorno natural contin\u00faan motiv\u00e1ndonos para desarrollar en nuestros laboratorios nuevos productos con ingredientes activos altamente biodegradables que hacen posible un desarrollo sostenible.\",\"potentialAction\":[{\"@type\":\"SearchAction\",\"target\":{\"@type\":\"EntryPoint\",\"urlTemplate\":\"https:\/\/dermo.com\/?s={search_term_string}\"},\"query-input\":{\"@type\":\"PropertyValueSpecification\",\"valueRequired\":true,\"valueName\":\"search_term_string\"}}],\"inLanguage\":\"fr-FR\"}]}<\/script>\n<!-- \/ Yoast SEO plugin. -->","yoast_head_json":{"title":"Nettoyant sol - Dermo | Usine de d\u00e9tergents","robots":{"index":"index","follow":"follow","max-snippet":"max-snippet:-1","max-image-preview":"max-image-preview:large","max-video-preview":"max-video-preview:-1"},"canonical":"https:\/\/dermo.com\/fr\/serpilliere\/","og_locale":"fr_FR","og_type":"article","og_title":"Fregasuelos - Dermo | F\u00e1brica de detergentes","og_description":"Dermo: Fregasuelos En Dermo podr\u00e1s encontrar todo tipo de\u00a0fregasuelos\u00a0para llevar a cabo una limpieza profesional y espec\u00edfica, consiguiendo un resultado eficaz y duradero. Todos ellos cuentan con alto y eficaz poder detergente y ofrecen distintos tipos de aromas, porque queremos que cada cliente pueda escoger un producto con el que pueda identificarse, tanto por su&hellip;&nbsp;Lire la suite &raquo;Fregasuelos","og_url":"https:\/\/dermo.com\/fr\/serpilliere\/","og_site_name":"Dermo | F\u00e1brica de detergentes","article_modified_time":"2025-02-19T10:58:50+00:00","twitter_card":"summary_large_image","twitter_misc":{"Dur\u00e9e de lecture estim\u00e9e":"3 minutes"},"schema":{"@context":"https:\/\/schema.org","@graph":[{"@type":"WebPage","@id":"https:\/\/dermo.com\/fregasuelos\/","url":"https:\/\/dermo.com\/fregasuelos\/","name":"Nettoyant sol - Dermo | Usine de d\u00e9tergents","isPartOf":{"@id":"https:\/\/dermo.com\/#website"},"datePublished":"2025-01-31T10:58:29+00:00","dateModified":"2025-02-19T10:58:50+00:00","breadcrumb":{"@id":"https:\/\/dermo.com\/fregasuelos\/#breadcrumb"},"inLanguage":"fr-FR","potentialAction":[{"@type":"ReadAction","target":["https:\/\/dermo.com\/fregasuelos\/"]}]},{"@type":"BreadcrumbList","@id":"https:\/\/dermo.com\/fregasuelos\/#breadcrumb","itemListElement":[{"@type":"ListItem","position":1,"name":"Portada","item":"https:\/\/dermo.com\/"},{"@type":"ListItem","position":2,"name":"Fregasuelos"}]},{"@type":"WebSite","@id":"https:\/\/dermo.com\/#website","url":"https:\/\/dermo.com\/","name":"Dermo | usine de d\u00e9tergents","description":"Technologie avanc\u00e9e, recherche et d\u00e9veloppement, respect de l&#039;environnement, comp\u00e9tence, formation constante et haut niveau de professionnalisme de notre \u00e9quipe humaine, engag\u00e9e \u00e0 pr\u00e9server la qualit\u00e9 de vie, la protection de l&#039;environnement naturel continuent de nous motiver \u00e0 d\u00e9velopper de nouveaux produits dans notre laboratoires aux principes actifs hautement biod\u00e9gradables qui rendent possible le d\u00e9veloppement durable.","potentialAction":[{"@type":"SearchAction","target":{"@type":"EntryPoint","urlTemplate":"https:\/\/dermo.com\/?s={search_term_string}"},"query-input":{"@type":"PropertyValueSpecification","valueRequired":true,"valueName":"search_term_string"}}],"inLanguage":"fr-FR"}]}},"_links":{"self":[{"href":"https:\/\/dermo.com\/fr\/wp-json\/wp\/v2\/pages\/13067","targetHints":{"allow":["GET"]}}],"collection":[{"href":"https:\/\/dermo.com\/fr\/wp-json\/wp\/v2\/pages"}],"about":[{"href":"https:\/\/dermo.com\/fr\/wp-json\/wp\/v2\/types\/page"}],"author":[{"embeddable":true,"href":"https:\/\/dermo.com\/fr\/wp-json\/wp\/v2\/users\/2"}],"replies":[{"embeddable":true,"href":"https:\/\/dermo.com\/fr\/wp-json\/wp\/v2\/comments?post=13067"}],"version-history":[{"count":9,"href":"https:\/\/dermo.com\/fr\/wp-json\/wp\/v2\/pages\/13067\/revisions"}],"predecessor-version":[{"id":13563,"href":"https:\/\/dermo.com\/fr\/wp-json\/wp\/v2\/pages\/13067\/revisions\/13563"}],"wp:attachment":[{"href":"https:\/\/dermo.com\/fr\/wp-json\/wp\/v2\/media?parent=13067"}],"curies":[{"name":"wp","href":"https:\/\/api.w.org\/{rel}","templated":true}]}}