{"id":13078,"date":"2025-01-31T12:02:52","date_gmt":"2025-01-31T11:02:52","guid":{"rendered":"https:\/\/dermo.com\/?page_id=13078"},"modified":"2025-02-19T12:09:57","modified_gmt":"2025-02-19T11:09:57","slug":"machine-a-laver-a-leau-de-javel-2","status":"publish","type":"page","link":"https:\/\/dermo.com\/fr\/machine-a-laver-a-leau-de-javel-2\/","title":{"rendered":"Eau de Javel pour machine \u00e0 laver"},"content":{"rendered":"<div data-elementor-type=\"wp-page\" data-elementor-id=\"13078\" class=\"elementor elementor-13078\" data-elementor-post-type=\"page\">\n\t\t\t\t\t\t<section class=\"elementor-section elementor-top-section elementor-element elementor-element-001d468 elementor-section-boxed elementor-section-height-default elementor-section-height-default\" data-id=\"001d468\" data-element_type=\"section\" data-e-type=\"section\" data-settings=\"{&quot;background_background&quot;:&quot;classic&quot;}\">\n\t\t\t\t\t\t\t<div class=\"elementor-background-overlay\"><\/div>\n\t\t\t\t\t\t\t<div class=\"elementor-container elementor-column-gap-default\">\n\t\t\t\t\t<div class=\"elementor-column elementor-col-100 elementor-top-column elementor-element elementor-element-4554d04\" data-id=\"4554d04\" data-element_type=\"column\" data-e-type=\"column\">\n\t\t\t<div class=\"elementor-widget-wrap elementor-element-populated\">\n\t\t\t\t\t\t\t<\/div>\n\t\t<\/div>\n\t\t\t\t\t<\/div>\n\t\t<\/section>\n\t\t\t\t<section class=\"elementor-section elementor-top-section elementor-element elementor-element-1db4c36 elementor-section-boxed elementor-section-height-default elementor-section-height-default\" data-id=\"1db4c36\" data-element_type=\"section\" data-e-type=\"section\">\n\t\t\t\t\t\t<div class=\"elementor-container elementor-column-gap-default\">\n\t\t\t\t\t<div class=\"elementor-column elementor-col-100 elementor-top-column elementor-element elementor-element-8bef64f\" data-id=\"8bef64f\" data-element_type=\"column\" data-e-type=\"column\">\n\t\t\t<div class=\"elementor-widget-wrap elementor-element-populated\">\n\t\t\t\t\t\t<section class=\"elementor-section elementor-inner-section elementor-element elementor-element-a2d2aa6 elementor-section-content-middle elementor-section-boxed elementor-section-height-default elementor-section-height-default\" data-id=\"a2d2aa6\" data-element_type=\"section\" data-e-type=\"section\">\n\t\t\t\t\t\t<div class=\"elementor-container elementor-column-gap-default\">\n\t\t\t\t\t<div class=\"elementor-column elementor-col-50 elementor-inner-column elementor-element elementor-element-d7016bf\" data-id=\"d7016bf\" data-element_type=\"column\" data-e-type=\"column\">\n\t\t\t<div class=\"elementor-widget-wrap elementor-element-populated\">\n\t\t\t\t\t\t<div class=\"elementor-element elementor-element-d23d334 elementor-widget elementor-widget-text-editor\" data-id=\"d23d334\" data-element_type=\"widget\" data-e-type=\"widget\" data-widget_type=\"text-editor.default\">\n\t\t\t\t<div class=\"elementor-widget-container\">\n\t\t\t\t\t\t\t\t\t<div id=\"lipsum\"><h2>Dermo : Eau de Javel en machine \u00e0 laver<\/h2><p style=\"margin-bottom: 10px; overflow-wrap: break-word; color: #8b8d94; font-family: Roboto, Helvetica, Arial, Verdana, sans-serif;\">Chez Dermo, vous trouverez un catalogue avec de nombreuses vari\u00e9t\u00e9s de produits de lessive, pour garantir que les v\u00eatements et les tissus ressortent propres, doux, frais et conservent leur texture naturelle. Par exemple le produit de nettoyage\u00a0<a href=\"https:\/\/dermo.com\/fr\/catalogue\/pt\/lavandaria\/123-azur.html\/\">Eau de Javel sp\u00e9ciale machine \u00e0 laver<\/a>, qui est con\u00e7u pour le blanchiment ou l&#039;\u00e9limination des taches, ainsi que pour la d\u00e9sinfection des tissus lors des processus de lavage. Il peut \u00e9galement \u00eatre utilis\u00e9 pour nettoyer les surfaces comme d\u00e9sinfectant.<\/p><\/div>\t\t\t\t\t\t\t\t<\/div>\n\t\t\t\t<\/div>\n\t\t\t\t\t<\/div>\n\t\t<\/div>\n\t\t\t\t<div class=\"elementor-column elementor-col-50 elementor-inner-column elementor-element elementor-element-e7f0d47 elementor-invisible\" data-id=\"e7f0d47\" data-element_type=\"column\" data-e-type=\"column\" data-settings=\"{&quot;animation&quot;:&quot;bounceInRight&quot;}\">\n\t\t\t<div class=\"elementor-widget-wrap elementor-element-populated\">\n\t\t\t\t\t\t<div class=\"elementor-element elementor-element-d0ec9ac elementor-widget__width-initial elementor-widget elementor-widget-elementskit-contact-form7\" data-id=\"d0ec9ac\" data-element_type=\"widget\" data-e-type=\"widget\" data-widget_type=\"elementskit-contact-form7.default\">\n\t\t\t\t<div class=\"elementor-widget-container\">\n\t\t\t\t\t<div class=\"ekit-wid-con\" ><div class=\"ekit-form\">\n<div class=\"wpcf7 no-js\" id=\"wpcf7-f13292-p13078-o1\" lang=\"es-ES\" dir=\"ltr\" data-wpcf7-id=\"13292\">\n<div class=\"screen-reader-response\"><p role=\"status\" aria-live=\"polite\" aria-atomic=\"true\"><\/p> <ul><\/ul><\/div>\n<form action=\"\/fr\/machine-a-laver-a-leau-de-javel-2\/#wpcf7-f13292-p13078-o1\" method=\"post\" class=\"wpcf7-form init\" aria-label=\"Formulaire de contact\" novalidate=\"novalidate\" data-status=\"init\" data-trp-original-action=\"\/lejia-lavadora-2\/#wpcf7-f13292-p13078-o1\">\n<fieldset class=\"hidden-fields-container\"><input type=\"hidden\" name=\"_wpcf7\" value=\"13292\" \/><input type=\"hidden\" name=\"_wpcf7_version\" value=\"6.1.5\" \/><input type=\"hidden\" name=\"_wpcf7_locale\" value=\"es_ES\" \/><input type=\"hidden\" name=\"_wpcf7_unit_tag\" value=\"wpcf7-f13292-p13078-o1\" \/><input type=\"hidden\" name=\"_wpcf7_container_post\" value=\"13078\" \/><input type=\"hidden\" name=\"_wpcf7_posted_data_hash\" value=\"\" \/><input type=\"hidden\" name=\"_wpcf7_recaptcha_response\" value=\"\" \/>\n<\/fieldset>\n<div style=\"display: flex; gap: 10px;\">\n\t<div style=\"width: 50%;\">\n\t\t<p><span class=\"wpcf7-form-control-wrap\" data-name=\"your-name\"><input size=\"40\" maxlength=\"400\" class=\"wpcf7-form-control wpcf7-text wpcf7-validates-as-required\" aria-required=\"true\" aria-invalid=\"false\" placeholder=\"Nom\" value=\"\" type=\"text\" name=\"your-name\" \/><\/span>\n\t\t<\/p>\n\t<\/div>\n\t<div style=\"width: 50%;\">\n\t\t<p><span class=\"wpcf7-form-control-wrap\" data-name=\"your-phone\"><input size=\"40\" maxlength=\"400\" class=\"wpcf7-form-control wpcf7-tel wpcf7-validates-as-required wpcf7-text wpcf7-validates-as-tel\" aria-required=\"true\" aria-invalid=\"false\" placeholder=\"T\u00e9l\u00e9phone\" value=\"\" type=\"tel\" name=\"your-phone\" \/><\/span>\n\t\t<\/p>\n\t<\/div>\n<\/div>\n<p><span class=\"wpcf7-form-control-wrap\" data-name=\"your-email\"><input size=\"40\" maxlength=\"400\" class=\"wpcf7-form-control wpcf7-email wpcf7-validates-as-required wpcf7-text wpcf7-validates-as-email\" aria-required=\"true\" aria-invalid=\"false\" placeholder=\"E-mail\" value=\"\" type=\"email\" name=\"your-email\" \/><\/span>\n<\/p>\n<div style=\"display: flex; gap: 10px;\">\n\t<div style=\"width: 50%;\">\n\t\t<p><span class=\"wpcf7-form-control-wrap\" data-name=\"your-country\"><input size=\"40\" maxlength=\"400\" class=\"wpcf7-form-control wpcf7-text wpcf7-validates-as-required\" aria-required=\"true\" aria-invalid=\"false\" placeholder=\"Pays\" value=\"\" type=\"text\" name=\"your-country\" \/><\/span>\n\t\t<\/p>\n\t<\/div>\n\t<div style=\"width: 50%;\">\n\t\t<p><span class=\"wpcf7-form-control-wrap\" data-name=\"your-city\"><input size=\"40\" maxlength=\"400\" class=\"wpcf7-form-control wpcf7-text wpcf7-validates-as-required\" aria-required=\"true\" aria-invalid=\"false\" placeholder=\"Population\" value=\"\" type=\"text\" name=\"your-city\" \/><\/span>\n\t\t<\/p>\n\t<\/div>\n<\/div>\n<p><span class=\"wpcf7-form-control-wrap\" data-name=\"your-subject\"><select class=\"wpcf7-form-control wpcf7-select\" aria-invalid=\"false\" name=\"your-subject\"><option value=\"Quiero ser distribuidor\">Je veux \u00eatre distributeur<\/option><option value=\"Presupuesto\">Budget<\/option><option value=\"Consulta\">Consultation<\/option><option value=\"Sugerencia\">Suggestion<\/option><option value=\"Otros\">Autres<\/option><\/select><\/span>\n<\/p>\n<p><span class=\"wpcf7-form-control-wrap\" data-name=\"your-message\"><textarea cols=\"40\" rows=\"10\" maxlength=\"2000\" class=\"wpcf7-form-control wpcf7-textarea\" aria-invalid=\"false\" placeholder=\"Message ou demande\" name=\"your-message\"><\/textarea><\/span>\n<\/p>\n<div style=\"display: flex; align-items: center; gap: 10px;\">\n\t<p><span class=\"wpcf7-form-control-wrap\" data-name=\"privacy-policy\"><span class=\"wpcf7-form-control wpcf7-acceptance\"><span class=\"wpcf7-list-item\"><input type=\"checkbox\" name=\"privacy-policy\" value=\"1\" aria-invalid=\"false\" \/><\/span><\/span><\/span><label for=\"privacy-policy\" style=\"margin-left: 5px;\">J&#039;ai lu et accept\u00e9 la politique de confidentialit\u00e9.<\/label>\n\t<\/p>\n<\/div>\n<div style=\"display: flex; align-items: center; gap: 10px;\">\n\t<p><span class=\"wpcf7-form-control-wrap\" data-name=\"send-info\"><span class=\"wpcf7-form-control wpcf7-acceptance\"><span class=\"wpcf7-list-item\"><input type=\"checkbox\" name=\"send-info\" value=\"1\" aria-invalid=\"false\" \/><\/span><\/span><\/span><label for=\"send-info\" style=\"margin-left: 5px;\">J&#039;accepte de recevoir des informations.<\/label>\n\t<\/p>\n<\/div>\n<p><input class=\"wpcf7-form-control wpcf7-submit has-spinner\" type=\"submit\" value=\"Envoyer\" \/>\n<\/p><div class=\"wpcf7-response-output\" aria-hidden=\"true\"><\/div>\n<input type=\"hidden\" name=\"trp-form-language\" value=\"fr\"\/><\/form>\n<\/div>\n<\/div><\/div>\t\t\t\t<\/div>\n\t\t\t\t<\/div>\n\t\t\t\t\t<\/div>\n\t\t<\/div>\n\t\t\t\t\t<\/div>\n\t\t<\/section>\n\t\t\t\t<div class=\"elementor-element elementor-element-c06ab37 elementor-widget elementor-widget-text-editor\" data-id=\"c06ab37\" data-element_type=\"widget\" data-e-type=\"widget\" data-widget_type=\"text-editor.default\">\n\t\t\t\t<div class=\"elementor-widget-container\">\n\t\t\t\t\t\t\t\t\t<p>Un autre des produits que nous proposons pour la lessive est\u00a0<a href=\"https:\/\/dermo.com\/fr\/catalogue\/es\/lessive\/88-dermocolor.html\/\">Dermocolor,<\/a>\u00a0un\u00a0<strong>eau de Javel<\/strong>\u00a0que vous pouvez mettre dans votre\u00a0<strong>machine \u00e0 laver<\/strong>, pour enlever les taches sur les v\u00eatements blancs ou color\u00e9s, qui peut \u00eatre utilis\u00e9 \u00e0 la main ou en machine et qui est compos\u00e9 d&#039;un additif de lavage textile \u00e0 l&#039;oxyg\u00e8ne actif. Et nous vous proposons \u00e9galement de nombreux autres produits pour faire la lessive, tels que\u00a0<a href=\"https:\/\/dermo.com\/fr\/catalogue\/es\/lessive\/72-oxigeno-activo.html\/\">Oxyg\u00e8ne actif<\/a>, qui est une poudre d\u00e9tachante puissante, con\u00e7ue pour \u00eatre utilis\u00e9e sur les v\u00eatements blancs et color\u00e9s et sur tout tissu, avec de l&#039;eau. Il est capable de renforcer l&#039;action du d\u00e9tergent s&#039;il est ajout\u00e9 \u00e0 la machine \u00e0 laver et \u00e9limine les taches difficiles. Avec ce produit, vous pouvez \u00e9liminer la salet\u00e9 incrust\u00e9e dans les tapis, les chaises, les nappes, les canap\u00e9s et toute autre surface pouvant \u00eatre lav\u00e9e \u00e0 l&#039;eau.<\/p><p>Le\u00a0<strong>eau de Javel<\/strong>\u00a0pour\u00a0<strong>machine \u00e0 laver<\/strong>\u00a0C&#039;est l&#039;un des produits que nous pr\u00e9sentons dans la section blanchisserie de notre catalogue, afin que vous puissiez faire votre lessive de mani\u00e8re professionnelle et efficace, accompagn\u00e9 des produits de nettoyage appropri\u00e9s. Parce que ce sera la formule magique pour garder vos v\u00eatements et tissus en parfait \u00e9tat plus longtemps, sans perdre leur texture, leur douceur ou leur \u00e9lasticit\u00e9. Gr\u00e2ce \u00e0 nos d\u00e9tergents, assouplissants et produits d&#039;entretien sp\u00e9cifiques, vous pourrez conserver la couleur de vos v\u00eatements et les remplir de fra\u00eecheur et de douceur, en veillant \u00e0 ce qu&#039;ils conservent leur aspect d&#039;origine beaucoup plus longtemps.<\/p><p>Chez Dermo, en tant que fabricants de\u00a0<strong>eau de Javel<\/strong>\u00a0pour\u00a0<strong>machines \u00e0 laver<\/strong>Nous pouvons vous dire qu&#039;il est \u00e9galement important de prendre soin de votre machine \u00e0 laver, c&#039;est pourquoi vous devez la nettoyer avec les produits de nettoyage appropri\u00e9s et effectuer l&#039;entretien appropri\u00e9. Ce sera la meilleure fa\u00e7on de r\u00e9ussir votre lessive et d&#039;\u00e9viter les surprises, ainsi que de garantir que vos v\u00eatements ressortent toujours exempts de taches et de salet\u00e9s incrust\u00e9es.<\/p><p>Si vous souhaitez en savoir plus sur les produits de lessive, tels que\u00a0<strong>eau de Javel<\/strong>\u00a0pour\u00a0<strong>machines \u00e0 laver<\/strong>, n&#039;h\u00e9sitez pas \u00e0 visiter notre site internet et \u00e0 voir toutes les options de notre catalogue. Sur notre site Web, vous pouvez \u00e9galement d\u00e9couvrir plus de d\u00e9tails sur l&#039;histoire de notre entreprise et suivre notre blog, o\u00f9 nous publions des nouvelles et des informations li\u00e9es au secteur du nettoyage domestique et industriel, ainsi que vous proposer des conseils et astuces de nettoyage, vous expliquer les avantages du nettoyage et utiliser les bons produits, etc.<\/p>\t\t\t\t\t\t\t\t<\/div>\n\t\t\t\t<\/div>\n\t\t\t\t\t<\/div>\n\t\t<\/div>\n\t\t\t\t\t<\/div>\n\t\t<\/section>\n\t\t\t\t<section class=\"elementor-section elementor-top-section elementor-element elementor-element-154e4af elementor-section-full_width elementor-section-height-default elementor-section-height-default elementor-invisible\" data-id=\"154e4af\" data-element_type=\"section\" data-e-type=\"section\" data-settings=\"{&quot;animation&quot;:&quot;slideInUp&quot;}\">\n\t\t\t\t\t\t<div class=\"elementor-container elementor-column-gap-default\">\n\t\t\t\t\t<div class=\"elementor-column elementor-col-100 elementor-top-column elementor-element elementor-element-f5b517f\" data-id=\"f5b517f\" data-element_type=\"column\" data-e-type=\"column\">\n\t\t\t<div class=\"elementor-widget-wrap elementor-element-populated\">\n\t\t\t\t\t\t<div class=\"elementor-element elementor-element-347f9ba elementor-widget elementor-widget-google_maps\" data-id=\"347f9ba\" data-element_type=\"widget\" data-e-type=\"widget\" data-widget_type=\"google_maps.default\">\n\t\t\t\t<div class=\"elementor-widget-container\">\n\t\t\t\t\t\t\t<div class=\"elementor-custom-embed\">\n\t\t\t<iframe loading=\"lazy\"\n\t\t\t\t\tsrc=\"https:\/\/maps.google.com\/maps?q=C%2F%20Pintor%20Joan%20Miro%2C%2016.%20Pol.%20Ind.%20Can%20Humet%20de%20Dalt%2C%2008213%20Poliny%C3%A0.%20Barcelona&#038;t=m&#038;z=15&#038;output=embed&#038;iwloc=near\"\n\t\t\t\t\ttitle=\"C\/ Pintor Joan Miro, 16. Pol. Ind. Can Humet de Dalt, 08213 Poliny\u00e0. Barcelone\"\n\t\t\t\t\taria-label=\"C\/ Pintor Joan Miro, 16. Pol. Ind. Can Humet de Dalt, 08213 Poliny\u00e0. Barcelone\"\n\t\t\t><\/iframe>\n\t\t<\/div>\n\t\t\t\t\t\t<\/div>\n\t\t\t\t<\/div>\n\t\t\t\t\t<\/div>\n\t\t<\/div>\n\t\t\t\t\t<\/div>\n\t\t<\/section>\n\t\t\t\t<\/div>","protected":false},"excerpt":{"rendered":"<p>Dermo\u00a0: Javel pour machine \u00e0 laver. Chez Dermo, vous trouverez un catalogue proposant une large gamme de produits de lessive pour des v\u00eatements et des tissus propres, doux et frais, tout en pr\u00e9servant leur texture naturelle. Par exemple, le produit de nettoyage sp\u00e9cial Javel pour machine \u00e0 laver est con\u00e7u pour blanchir, d\u00e9tacher et d\u00e9sinfecter les tissus.&nbsp;<a href=\"https:\/\/dermo.com\/fr\/machine-a-laver-a-leau-de-javel-2\/\" rel=\"bookmark\">En savoir plus &quot;<span class=\"screen-reader-text\">Eau de Javel pour machine \u00e0 laver<\/span><\/a><\/p>","protected":false},"author":2,"featured_media":0,"parent":0,"menu_order":0,"comment_status":"closed","ping_status":"closed","template":"page-templates\/template-pagebuilder-full-width.php","meta":{"neve_meta_sidebar":"","neve_meta_container":"","neve_meta_enable_content_width":"","neve_meta_content_width":0,"neve_meta_title_alignment":"","neve_meta_author_avatar":"","neve_post_elements_order":"","neve_meta_disable_header":"","neve_meta_disable_footer":"","neve_meta_disable_title":"","footnotes":""},"class_list":["post-13078","page","type-page","status-publish","hentry"],"yoast_head":"<!-- This site is optimized with the Yoast SEO plugin v27.0 - https:\/\/yoast.com\/product\/yoast-seo-wordpress\/ -->\n<title>Lej\u00eda lavadora - Dermo | F\u00e1brica de detergentes<\/title>\n<meta name=\"robots\" content=\"index, follow, max-snippet:-1, max-image-preview:large, max-video-preview:-1\" \/>\n<link rel=\"canonical\" href=\"https:\/\/dermo.com\/fr\/machine-a-laver-a-leau-de-javel-2\/\" \/>\n<meta property=\"og:locale\" content=\"fr_FR\" \/>\n<meta property=\"og:type\" content=\"article\" \/>\n<meta property=\"og:title\" content=\"Lej\u00eda lavadora - Dermo | F\u00e1brica de detergentes\" \/>\n<meta property=\"og:description\" content=\"Dermo: Lej\u00eda lavadora En Dermo encontrar\u00e1s un cat\u00e1logo con muchas variedades de productos para la lavander\u00eda, para conseguir que las prendas y tejidos salgan limpios, suaves, frescos y conservando su textura natural. Por ejemplo el producto de limpieza\u00a0Lej\u00eda especial lavadora, que est\u00e1 pensada para el blanqueo o desmanchado, as\u00ed como para la desinfecci\u00f3n de tejidos&hellip;&nbsp;Lire la suite &raquo;Lej\u00eda lavadora\" \/>\n<meta property=\"og:url\" content=\"https:\/\/dermo.com\/fr\/machine-a-laver-a-leau-de-javel-2\/\" \/>\n<meta property=\"og:site_name\" content=\"Dermo | F\u00e1brica de detergentes\" \/>\n<meta property=\"article:modified_time\" content=\"2025-02-19T11:09:57+00:00\" \/>\n<meta name=\"twitter:card\" content=\"summary_large_image\" \/>\n<meta name=\"twitter:label1\" content=\"Dur\u00e9e de lecture estim\u00e9e\" \/>\n\t<meta name=\"twitter:data1\" content=\"3 minutes\" \/>\n<script type=\"application\/ld+json\" class=\"yoast-schema-graph\">{\"@context\":\"https:\/\/schema.org\",\"@graph\":[{\"@type\":\"WebPage\",\"@id\":\"https:\/\/dermo.com\/lejia-lavadora-2\/\",\"url\":\"https:\/\/dermo.com\/lejia-lavadora-2\/\",\"name\":\"Lej\u00eda lavadora - Dermo | F\u00e1brica de detergentes\",\"isPartOf\":{\"@id\":\"https:\/\/dermo.com\/#website\"},\"datePublished\":\"2025-01-31T11:02:52+00:00\",\"dateModified\":\"2025-02-19T11:09:57+00:00\",\"breadcrumb\":{\"@id\":\"https:\/\/dermo.com\/lejia-lavadora-2\/#breadcrumb\"},\"inLanguage\":\"fr-FR\",\"potentialAction\":[{\"@type\":\"ReadAction\",\"target\":[\"https:\/\/dermo.com\/lejia-lavadora-2\/\"]}]},{\"@type\":\"BreadcrumbList\",\"@id\":\"https:\/\/dermo.com\/lejia-lavadora-2\/#breadcrumb\",\"itemListElement\":[{\"@type\":\"ListItem\",\"position\":1,\"name\":\"Portada\",\"item\":\"https:\/\/dermo.com\/\"},{\"@type\":\"ListItem\",\"position\":2,\"name\":\"Lej\u00eda lavadora\"}]},{\"@type\":\"WebSite\",\"@id\":\"https:\/\/dermo.com\/#website\",\"url\":\"https:\/\/dermo.com\/\",\"name\":\"Dermo | F\u00e1brica de detergentes\",\"description\":\"Tecnolog\u00eda avanzada, investigaci\u00f3n y desarrollo, respeto por el medio ambiente, competencia, formaci\u00f3n constante y alto nivel de profesionalidad en nuestro equipo humano, empe\u00f1ado en preservar la calidad de vida, la protecci\u00f3n del entorno natural contin\u00faan motiv\u00e1ndonos para desarrollar en nuestros laboratorios nuevos productos con ingredientes activos altamente biodegradables que hacen posible un desarrollo sostenible.\",\"potentialAction\":[{\"@type\":\"SearchAction\",\"target\":{\"@type\":\"EntryPoint\",\"urlTemplate\":\"https:\/\/dermo.com\/?s={search_term_string}\"},\"query-input\":{\"@type\":\"PropertyValueSpecification\",\"valueRequired\":true,\"valueName\":\"search_term_string\"}}],\"inLanguage\":\"fr-FR\"}]}<\/script>\n<!-- \/ Yoast SEO plugin. -->","yoast_head_json":{"title":"Eau de Javel pour machine \u00e0 laver - Dermo | Usine de d\u00e9tergents","robots":{"index":"index","follow":"follow","max-snippet":"max-snippet:-1","max-image-preview":"max-image-preview:large","max-video-preview":"max-video-preview:-1"},"canonical":"https:\/\/dermo.com\/fr\/machine-a-laver-a-leau-de-javel-2\/","og_locale":"fr_FR","og_type":"article","og_title":"Lej\u00eda lavadora - Dermo | F\u00e1brica de detergentes","og_description":"Dermo: Lej\u00eda lavadora En Dermo encontrar\u00e1s un cat\u00e1logo con muchas variedades de productos para la lavander\u00eda, para conseguir que las prendas y tejidos salgan limpios, suaves, frescos y conservando su textura natural. Por ejemplo el producto de limpieza\u00a0Lej\u00eda especial lavadora, que est\u00e1 pensada para el blanqueo o desmanchado, as\u00ed como para la desinfecci\u00f3n de tejidos&hellip;&nbsp;Lire la suite &raquo;Lej\u00eda lavadora","og_url":"https:\/\/dermo.com\/fr\/machine-a-laver-a-leau-de-javel-2\/","og_site_name":"Dermo | F\u00e1brica de detergentes","article_modified_time":"2025-02-19T11:09:57+00:00","twitter_card":"summary_large_image","twitter_misc":{"Dur\u00e9e de lecture estim\u00e9e":"3 minutes"},"schema":{"@context":"https:\/\/schema.org","@graph":[{"@type":"WebPage","@id":"https:\/\/dermo.com\/lejia-lavadora-2\/","url":"https:\/\/dermo.com\/lejia-lavadora-2\/","name":"Eau de Javel pour machine \u00e0 laver - Dermo | Usine de d\u00e9tergents","isPartOf":{"@id":"https:\/\/dermo.com\/#website"},"datePublished":"2025-01-31T11:02:52+00:00","dateModified":"2025-02-19T11:09:57+00:00","breadcrumb":{"@id":"https:\/\/dermo.com\/lejia-lavadora-2\/#breadcrumb"},"inLanguage":"fr-FR","potentialAction":[{"@type":"ReadAction","target":["https:\/\/dermo.com\/lejia-lavadora-2\/"]}]},{"@type":"BreadcrumbList","@id":"https:\/\/dermo.com\/lejia-lavadora-2\/#breadcrumb","itemListElement":[{"@type":"ListItem","position":1,"name":"Portada","item":"https:\/\/dermo.com\/"},{"@type":"ListItem","position":2,"name":"Lej\u00eda lavadora"}]},{"@type":"WebSite","@id":"https:\/\/dermo.com\/#website","url":"https:\/\/dermo.com\/","name":"Dermo | usine de d\u00e9tergents","description":"Technologie avanc\u00e9e, recherche et d\u00e9veloppement, respect de l&#039;environnement, comp\u00e9tence, formation constante et haut niveau de professionnalisme de notre \u00e9quipe humaine, engag\u00e9e \u00e0 pr\u00e9server la qualit\u00e9 de vie, la protection de l&#039;environnement naturel continuent de nous motiver \u00e0 d\u00e9velopper de nouveaux produits dans notre laboratoires aux principes actifs hautement biod\u00e9gradables qui rendent possible le d\u00e9veloppement durable.","potentialAction":[{"@type":"SearchAction","target":{"@type":"EntryPoint","urlTemplate":"https:\/\/dermo.com\/?s={search_term_string}"},"query-input":{"@type":"PropertyValueSpecification","valueRequired":true,"valueName":"search_term_string"}}],"inLanguage":"fr-FR"}]}},"_links":{"self":[{"href":"https:\/\/dermo.com\/fr\/wp-json\/wp\/v2\/pages\/13078","targetHints":{"allow":["GET"]}}],"collection":[{"href":"https:\/\/dermo.com\/fr\/wp-json\/wp\/v2\/pages"}],"about":[{"href":"https:\/\/dermo.com\/fr\/wp-json\/wp\/v2\/types\/page"}],"author":[{"embeddable":true,"href":"https:\/\/dermo.com\/fr\/wp-json\/wp\/v2\/users\/2"}],"replies":[{"embeddable":true,"href":"https:\/\/dermo.com\/fr\/wp-json\/wp\/v2\/comments?post=13078"}],"version-history":[{"count":10,"href":"https:\/\/dermo.com\/fr\/wp-json\/wp\/v2\/pages\/13078\/revisions"}],"predecessor-version":[{"id":13605,"href":"https:\/\/dermo.com\/fr\/wp-json\/wp\/v2\/pages\/13078\/revisions\/13605"}],"wp:attachment":[{"href":"https:\/\/dermo.com\/fr\/wp-json\/wp\/v2\/media?parent=13078"}],"curies":[{"name":"wp","href":"https:\/\/api.w.org\/{rel}","templated":true}]}}