{"id":13090,"date":"2025-01-31T12:08:36","date_gmt":"2025-01-31T11:08:36","guid":{"rendered":"https:\/\/dermo.com\/?page_id=13090"},"modified":"2025-02-19T12:14:23","modified_gmt":"2025-02-19T11:14:23","slug":"nettoyant-pour-rembourrage","status":"publish","type":"page","link":"https:\/\/dermo.com\/fr\/nettoyant-pour-rembourrage\/","title":{"rendered":"Nettoyant pour tissus d&#039;ameublement"},"content":{"rendered":"<div data-elementor-type=\"wp-page\" data-elementor-id=\"13090\" class=\"elementor elementor-13090\" data-elementor-post-type=\"page\">\n\t\t\t\t\t\t<section class=\"elementor-section elementor-top-section elementor-element elementor-element-1e3fbe2 elementor-section-boxed elementor-section-height-default elementor-section-height-default\" data-id=\"1e3fbe2\" data-element_type=\"section\" data-e-type=\"section\" data-settings=\"{&quot;background_background&quot;:&quot;classic&quot;}\">\n\t\t\t\t\t\t\t<div class=\"elementor-background-overlay\"><\/div>\n\t\t\t\t\t\t\t<div class=\"elementor-container elementor-column-gap-default\">\n\t\t\t\t\t<div class=\"elementor-column elementor-col-100 elementor-top-column elementor-element elementor-element-3c89d00\" data-id=\"3c89d00\" data-element_type=\"column\" data-e-type=\"column\">\n\t\t\t<div class=\"elementor-widget-wrap elementor-element-populated\">\n\t\t\t\t\t\t\t<\/div>\n\t\t<\/div>\n\t\t\t\t\t<\/div>\n\t\t<\/section>\n\t\t\t\t<section class=\"elementor-section elementor-top-section elementor-element elementor-element-739fec2 elementor-section-boxed elementor-section-height-default elementor-section-height-default\" data-id=\"739fec2\" data-element_type=\"section\" data-e-type=\"section\">\n\t\t\t\t\t\t<div class=\"elementor-container elementor-column-gap-default\">\n\t\t\t\t\t<div class=\"elementor-column elementor-col-100 elementor-top-column elementor-element elementor-element-222af67\" data-id=\"222af67\" data-element_type=\"column\" data-e-type=\"column\">\n\t\t\t<div class=\"elementor-widget-wrap elementor-element-populated\">\n\t\t\t\t\t\t<section class=\"elementor-section elementor-inner-section elementor-element elementor-element-fc6bab5 elementor-section-content-middle elementor-section-boxed elementor-section-height-default elementor-section-height-default\" data-id=\"fc6bab5\" data-element_type=\"section\" data-e-type=\"section\">\n\t\t\t\t\t\t<div class=\"elementor-container elementor-column-gap-default\">\n\t\t\t\t\t<div class=\"elementor-column elementor-col-50 elementor-inner-column elementor-element elementor-element-efce0a6\" data-id=\"efce0a6\" data-element_type=\"column\" data-e-type=\"column\">\n\t\t\t<div class=\"elementor-widget-wrap elementor-element-populated\">\n\t\t\t\t\t\t<div class=\"elementor-element elementor-element-2ec1bc7 elementor-widget elementor-widget-text-editor\" data-id=\"2ec1bc7\" data-element_type=\"widget\" data-e-type=\"widget\" data-widget_type=\"text-editor.default\">\n\t\t\t\t<div class=\"elementor-widget-container\">\n\t\t\t\t\t\t\t\t\t<h2>Dermo : Nettoyant pour tissus d&#039;ameublement<\/h2><p>Aujourd&#039;hui, nous souhaitons vous parler d&#039;un de nos produits sp\u00e9cifiques pour le nettoyage professionnel de votre v\u00e9hicule et c&#039;est notre\u00a0<strong>nettoyant pour rembourrage<\/strong>\u00a0LT, un d\u00e9tergent liquide con\u00e7u pour le nettoyage des tissus d&#039;ameublement, des tapis, des textiles et des canap\u00e9s qui n&#039;endommage aucun type de tissu et restaure leur aspect et leur couleur d&#039;origine.<\/p><p>C&#039;est un produit qui peut \u00eatre appliqu\u00e9 directement sur le rev\u00eatement ou dilu\u00e9 10 \u00e0 20% dans l&#039;eau, selon la quantit\u00e9 de salet\u00e9 pr\u00e9sente. Il peut \u00e9galement \u00eatre pulv\u00e9ris\u00e9 directement sur le rev\u00eatement, bross\u00e9 et aspir\u00e9. Si vous devez l&#039;utiliser avec une machine d&#039;injection-extraction, vous devrez utiliser un dosage de 3 \u00e0 5%, en fonction de la salet\u00e9 \u00e0 \u00e9liminer et en suivant toujours les instructions du fabricant de la machine.<\/p><p>Il\u00a0<strong>nettoyant pour rembourrage<\/strong>\u00a0Dermo a un aspect liquide, une couleur blanche et un parfum de pin, qu&#039;il d\u00e9gage pendant des heures afin qu&#039;une odeur agr\u00e9able et fra\u00eeche soit maintenue pendant des heures. Il\u00a0<strong>nettoyant pour rembourrage<\/strong>\u00a0Il fait partie de la cat\u00e9gorie des nettoyants sp\u00e9cifiques, dans laquelle nous proposons une large gamme de produits de nettoyage professionnels pr\u00e9par\u00e9s pour agir efficacement sur diff\u00e9rentes surfaces.<\/p>\t\t\t\t\t\t\t\t<\/div>\n\t\t\t\t<\/div>\n\t\t\t\t\t<\/div>\n\t\t<\/div>\n\t\t\t\t<div class=\"elementor-column elementor-col-50 elementor-inner-column elementor-element elementor-element-ec8c3a3 elementor-invisible\" data-id=\"ec8c3a3\" data-element_type=\"column\" data-e-type=\"column\" data-settings=\"{&quot;animation&quot;:&quot;bounceInRight&quot;}\">\n\t\t\t<div class=\"elementor-widget-wrap elementor-element-populated\">\n\t\t\t\t\t\t<div class=\"elementor-element elementor-element-39025b1 elementor-widget__width-initial elementor-widget elementor-widget-elementskit-contact-form7\" data-id=\"39025b1\" data-element_type=\"widget\" data-e-type=\"widget\" data-widget_type=\"elementskit-contact-form7.default\">\n\t\t\t\t<div class=\"elementor-widget-container\">\n\t\t\t\t\t<div class=\"ekit-wid-con\" ><div class=\"ekit-form\">\n<div class=\"wpcf7 no-js\" id=\"wpcf7-f13292-p13090-o1\" lang=\"es-ES\" dir=\"ltr\" data-wpcf7-id=\"13292\">\n<div class=\"screen-reader-response\"><p role=\"status\" aria-live=\"polite\" aria-atomic=\"true\"><\/p> <ul><\/ul><\/div>\n<form action=\"\/fr\/nettoyant-pour-rembourrage\/#wpcf7-f13292-p13090-o1\" method=\"post\" class=\"wpcf7-form init\" aria-label=\"Formulaire de contact\" novalidate=\"novalidate\" data-status=\"init\" data-trp-original-action=\"\/limpia-tapicerias\/#wpcf7-f13292-p13090-o1\">\n<fieldset class=\"hidden-fields-container\"><input type=\"hidden\" name=\"_wpcf7\" value=\"13292\" \/><input type=\"hidden\" name=\"_wpcf7_version\" value=\"6.1.5\" \/><input type=\"hidden\" name=\"_wpcf7_locale\" value=\"es_ES\" \/><input type=\"hidden\" name=\"_wpcf7_unit_tag\" value=\"wpcf7-f13292-p13090-o1\" \/><input type=\"hidden\" name=\"_wpcf7_container_post\" value=\"13090\" \/><input type=\"hidden\" name=\"_wpcf7_posted_data_hash\" value=\"\" \/><input type=\"hidden\" name=\"_wpcf7_recaptcha_response\" value=\"\" \/>\n<\/fieldset>\n<div style=\"display: flex; gap: 10px;\">\n\t<div style=\"width: 50%;\">\n\t\t<p><span class=\"wpcf7-form-control-wrap\" data-name=\"your-name\"><input size=\"40\" maxlength=\"400\" class=\"wpcf7-form-control wpcf7-text wpcf7-validates-as-required\" aria-required=\"true\" aria-invalid=\"false\" placeholder=\"Nom\" value=\"\" type=\"text\" name=\"your-name\" \/><\/span>\n\t\t<\/p>\n\t<\/div>\n\t<div style=\"width: 50%;\">\n\t\t<p><span class=\"wpcf7-form-control-wrap\" data-name=\"your-phone\"><input size=\"40\" maxlength=\"400\" class=\"wpcf7-form-control wpcf7-tel wpcf7-validates-as-required wpcf7-text wpcf7-validates-as-tel\" aria-required=\"true\" aria-invalid=\"false\" placeholder=\"T\u00e9l\u00e9phone\" value=\"\" type=\"tel\" name=\"your-phone\" \/><\/span>\n\t\t<\/p>\n\t<\/div>\n<\/div>\n<p><span class=\"wpcf7-form-control-wrap\" data-name=\"your-email\"><input size=\"40\" maxlength=\"400\" class=\"wpcf7-form-control wpcf7-email wpcf7-validates-as-required wpcf7-text wpcf7-validates-as-email\" aria-required=\"true\" aria-invalid=\"false\" placeholder=\"E-mail\" value=\"\" type=\"email\" name=\"your-email\" \/><\/span>\n<\/p>\n<div style=\"display: flex; gap: 10px;\">\n\t<div style=\"width: 50%;\">\n\t\t<p><span class=\"wpcf7-form-control-wrap\" data-name=\"your-country\"><input size=\"40\" maxlength=\"400\" class=\"wpcf7-form-control wpcf7-text wpcf7-validates-as-required\" aria-required=\"true\" aria-invalid=\"false\" placeholder=\"Pays\" value=\"\" type=\"text\" name=\"your-country\" \/><\/span>\n\t\t<\/p>\n\t<\/div>\n\t<div style=\"width: 50%;\">\n\t\t<p><span class=\"wpcf7-form-control-wrap\" data-name=\"your-city\"><input size=\"40\" maxlength=\"400\" class=\"wpcf7-form-control wpcf7-text wpcf7-validates-as-required\" aria-required=\"true\" aria-invalid=\"false\" placeholder=\"Population\" value=\"\" type=\"text\" name=\"your-city\" \/><\/span>\n\t\t<\/p>\n\t<\/div>\n<\/div>\n<p><span class=\"wpcf7-form-control-wrap\" data-name=\"your-subject\"><select class=\"wpcf7-form-control wpcf7-select\" aria-invalid=\"false\" name=\"your-subject\"><option value=\"Quiero ser distribuidor\">Je veux \u00eatre distributeur<\/option><option value=\"Presupuesto\">Budget<\/option><option value=\"Consulta\">Consultation<\/option><option value=\"Sugerencia\">Suggestion<\/option><option value=\"Otros\">Autres<\/option><\/select><\/span>\n<\/p>\n<p><span class=\"wpcf7-form-control-wrap\" data-name=\"your-message\"><textarea cols=\"40\" rows=\"10\" maxlength=\"2000\" class=\"wpcf7-form-control wpcf7-textarea\" aria-invalid=\"false\" placeholder=\"Message ou demande\" name=\"your-message\"><\/textarea><\/span>\n<\/p>\n<div style=\"display: flex; align-items: center; gap: 10px;\">\n\t<p><span class=\"wpcf7-form-control-wrap\" data-name=\"privacy-policy\"><span class=\"wpcf7-form-control wpcf7-acceptance\"><span class=\"wpcf7-list-item\"><input type=\"checkbox\" name=\"privacy-policy\" value=\"1\" aria-invalid=\"false\" \/><\/span><\/span><\/span><label for=\"privacy-policy\" style=\"margin-left: 5px;\">J&#039;ai lu et accept\u00e9 la politique de confidentialit\u00e9.<\/label>\n\t<\/p>\n<\/div>\n<div style=\"display: flex; align-items: center; gap: 10px;\">\n\t<p><span class=\"wpcf7-form-control-wrap\" data-name=\"send-info\"><span class=\"wpcf7-form-control wpcf7-acceptance\"><span class=\"wpcf7-list-item\"><input type=\"checkbox\" name=\"send-info\" value=\"1\" aria-invalid=\"false\" \/><\/span><\/span><\/span><label for=\"send-info\" style=\"margin-left: 5px;\">J&#039;accepte de recevoir des informations.<\/label>\n\t<\/p>\n<\/div>\n<p><input class=\"wpcf7-form-control wpcf7-submit has-spinner\" type=\"submit\" value=\"Envoyer\" \/>\n<\/p><div class=\"wpcf7-response-output\" aria-hidden=\"true\"><\/div>\n<input type=\"hidden\" name=\"trp-form-language\" value=\"fr\"\/><\/form>\n<\/div>\n<\/div><\/div>\t\t\t\t<\/div>\n\t\t\t\t<\/div>\n\t\t\t\t\t<\/div>\n\t\t<\/div>\n\t\t\t\t\t<\/div>\n\t\t<\/section>\n\t\t\t\t<div class=\"elementor-element elementor-element-6fccb62 elementor-widget elementor-widget-text-editor\" data-id=\"6fccb62\" data-element_type=\"widget\" data-e-type=\"widget\" data-widget_type=\"text-editor.default\">\n\t\t\t\t<div class=\"elementor-widget-container\">\n\t\t\t\t\t\t\t\t\t<p><strong>Nettoyants sp\u00e9cifiques<\/strong><\/p><p>Nous avons commenc\u00e9 \u00e0 parler de la\u00a0<a href=\"https:\/\/dermo.com\/fr\/catalogue\/es\/nettoyants-specifiques\/59-dermovitro.html\/\">Dermo Vitro<\/a>, un produit pr\u00e9par\u00e9 pour le nettoyage et la conservation des plaques de cuisson en vitroc\u00e9ramique, des surfaces en acier inoxydable, \u00e9maill\u00e9es et chrom\u00e9es et de toutes autres surfaces n\u00e9cessitant un d\u00e9capage microscopique et un polissage pour leur entretien.<\/p><p>Un autre de nos nettoyants sp\u00e9cifiques est\u00a0<a href=\"https:\/\/dermo.com\/fr\/catalogue\/es\/nettoyants-specifiques\/106-image.html\/\">Image,<\/a>\u00a0un produit \u00e0 base d&#039;alcool con\u00e7u pour nettoyer les surfaces \u00e9maill\u00e9es et carrel\u00e9es. Repousse la poussi\u00e8re et la salet\u00e9, gardant les fen\u00eatres impeccables plus longtemps. Il doit toujours \u00eatre appliqu\u00e9 avec des chiffons non pelucheux appropri\u00e9s.<\/p><p>Et nous continuons avec des nettoyants plus sp\u00e9cifiques tels que\u00a0<a href=\"https:\/\/dermo.com\/fr\/catalogue\/es\/nettoyants-specifiques\/107-inox100.html\/\">Acier inoxydable 100<\/a>, un produit de polissage pour acier inoxydable, qui a un effet antistatique qui repousse la salet\u00e9 et prot\u00e8ge contre la graisse et la corrosion. Il peut \u00eatre utilis\u00e9 dans les cuisines, les salles de bains, etc.<\/p><p><a href=\"https:\/\/dermo.com\/fr\/catalogue\/es\/nettoyants-specifiques\/105-star-pink.html\/\">Star Pink est<\/a>\u00a0Un autre de nos nettoyants sp\u00e9cifiques, qui traite les rev\u00eatements de surface, est facile \u00e0 appliquer et est sp\u00e9cialement formul\u00e9 pour nettoyer et pr\u00e9server le verre, les miroirs, les m\u00e9taux, le bois, le cuir, le m\u00e9thacrylate, l&#039;acier inoxydable, etc. Laisse les surfaces propres et brillantes, repousse la poussi\u00e8re et \u00e9limine les rayures.<\/p><p><a href=\"https:\/\/dermo.com\/fr\/catalogue\/es\/nettoyants-specifiques\/109-oven100.html\/\">Four 100<\/a>\u00a0C&#039;est un d\u00e9tergent d\u00e9graissant sp\u00e9cifiquement formul\u00e9 pour le nettoyage des fours \u00e0 convection et dot\u00e9 d&#039;un syst\u00e8me de lavage automatique ou concept de robot de nettoyage.<\/p><p><strong>Nettoyage professionnel dans l&#039;industrie automobile<\/strong><\/p><p>En plus du nettoyant sp\u00e9cifique\u00a0<strong>nettoyant pour rembourrage<\/strong>\u00a0Chez Dermo, nous disposons \u00e9galement d&#039;une s\u00e9rie de produits con\u00e7us pour le nettoyage professionnel dans le secteur automobile. Ce sont deux des meilleures ventes\u00a0; Nous pouvons trouver le\u00a0<a href=\"https:\/\/dermo.com\/fr\/catalogue\/es\/industrie-et-automobile\/131-dermocard.html\/\">Dermocar D<\/a>, un d\u00e9tergent d\u00e9graissant pour le nettoyage des carrosseries tr\u00e8s sales, comme les camions ou les v\u00e9hicules industriels et, d&#039;autre part, le\u00a0<a href=\"https:\/\/dermo.com\/fr\/catalogue\/es\/industrie-et-automobile\/121-blackt.html\/\">T-shirt noir<\/a>, un \u00e9claircissant pour pneus et pi\u00e8ces en caoutchouc. Il est formul\u00e9 pour offrir une grande r\u00e9sistance \u00e0 l&#039;eau et maintient longtemps la couleur d&#039;origine des roues et des pi\u00e8ces en caoutchouc, les emp\u00eachant de se d\u00e9t\u00e9riorer aussi rapidement et offrant une brillance naturelle.<\/p>\t\t\t\t\t\t\t\t<\/div>\n\t\t\t\t<\/div>\n\t\t\t\t\t<\/div>\n\t\t<\/div>\n\t\t\t\t\t<\/div>\n\t\t<\/section>\n\t\t\t\t<section class=\"elementor-section elementor-top-section elementor-element elementor-element-70a6a51 elementor-section-full_width elementor-section-height-default elementor-section-height-default elementor-invisible\" data-id=\"70a6a51\" data-element_type=\"section\" data-e-type=\"section\" data-settings=\"{&quot;animation&quot;:&quot;slideInUp&quot;}\">\n\t\t\t\t\t\t<div class=\"elementor-container elementor-column-gap-default\">\n\t\t\t\t\t<div class=\"elementor-column elementor-col-100 elementor-top-column elementor-element elementor-element-98251dc\" data-id=\"98251dc\" data-element_type=\"column\" data-e-type=\"column\">\n\t\t\t<div class=\"elementor-widget-wrap elementor-element-populated\">\n\t\t\t\t\t\t<div class=\"elementor-element elementor-element-000197d elementor-widget elementor-widget-google_maps\" data-id=\"000197d\" data-element_type=\"widget\" data-e-type=\"widget\" data-widget_type=\"google_maps.default\">\n\t\t\t\t<div class=\"elementor-widget-container\">\n\t\t\t\t\t\t\t<div class=\"elementor-custom-embed\">\n\t\t\t<iframe loading=\"lazy\"\n\t\t\t\t\tsrc=\"https:\/\/maps.google.com\/maps?q=C%2F%20Pintor%20Joan%20Miro%2C%2016.%20Pol.%20Ind.%20Can%20Humet%20de%20Dalt%2C%2008213%20Poliny%C3%A0.%20Barcelona&#038;t=m&#038;z=15&#038;output=embed&#038;iwloc=near\"\n\t\t\t\t\ttitle=\"C\/ Pintor Joan Miro, 16. Pol. Ind. Can Humet de Dalt, 08213 Poliny\u00e0. Barcelone\"\n\t\t\t\t\taria-label=\"C\/ Pintor Joan Miro, 16. Pol. Ind. Can Humet de Dalt, 08213 Poliny\u00e0. Barcelone\"\n\t\t\t><\/iframe>\n\t\t<\/div>\n\t\t\t\t\t\t<\/div>\n\t\t\t\t<\/div>\n\t\t\t\t\t<\/div>\n\t\t<\/div>\n\t\t\t\t\t<\/div>\n\t\t<\/section>\n\t\t\t\t<\/div>","protected":false},"excerpt":{"rendered":"<p>Dermo : Nettoyant pour sellerie. Aujourd&#039;hui, nous vous pr\u00e9sentons l&#039;un de nos produits sp\u00e9cifiques pour le nettoyage professionnel de votre v\u00e9hicule : notre Nettoyant pour sellerie LT, un d\u00e9tergent liquide con\u00e7u pour nettoyer les selleries, tapis, textiles et canap\u00e9s. Il n&#039;ab\u00eeme aucun type de tissu et leur redonne leur aspect et leur couleur d&#039;origine. C&#039;est un produit\u2026&nbsp;<a href=\"https:\/\/dermo.com\/fr\/nettoyant-pour-rembourrage\/\" rel=\"bookmark\">En savoir plus &quot;<span class=\"screen-reader-text\">Nettoyant pour tissus d&#039;ameublement<\/span><\/a><\/p>","protected":false},"author":2,"featured_media":0,"parent":0,"menu_order":0,"comment_status":"closed","ping_status":"closed","template":"page-templates\/template-pagebuilder-full-width.php","meta":{"neve_meta_sidebar":"","neve_meta_container":"","neve_meta_enable_content_width":"","neve_meta_content_width":0,"neve_meta_title_alignment":"","neve_meta_author_avatar":"","neve_post_elements_order":"","neve_meta_disable_header":"","neve_meta_disable_footer":"","neve_meta_disable_title":"","footnotes":""},"class_list":["post-13090","page","type-page","status-publish","hentry"],"yoast_head":"<!-- This site is optimized with the Yoast SEO plugin v27.0 - https:\/\/yoast.com\/product\/yoast-seo-wordpress\/ -->\n<title>Limpia tapicer\u00edas - Dermo | F\u00e1brica de detergentes<\/title>\n<meta name=\"robots\" content=\"index, follow, max-snippet:-1, max-image-preview:large, max-video-preview:-1\" \/>\n<link rel=\"canonical\" href=\"https:\/\/dermo.com\/fr\/nettoyant-pour-rembourrage\/\" \/>\n<meta property=\"og:locale\" content=\"fr_FR\" \/>\n<meta property=\"og:type\" content=\"article\" \/>\n<meta property=\"og:title\" content=\"Limpia tapicer\u00edas - Dermo | F\u00e1brica de detergentes\" \/>\n<meta property=\"og:description\" content=\"Dermo: Limpia tapicer\u00edas Hoy queremos hablarte de uno de nuestros productos espec\u00edficos para la limpieza profesional para tu veh\u00edculo y es nuestro\u00a0limpia tapicer\u00edas\u00a0L.T., un detergente l\u00edquido dise\u00f1ado para la limpieza de tapicer\u00edas, moquetas, textiles, y sof\u00e1s que no da\u00f1a ning\u00fan tipo de tejido y consigue devolverles el aspecto y el color original. Es un producto&hellip;&nbsp;Lire la suite &raquo;Limpia tapicer\u00edas\" \/>\n<meta property=\"og:url\" content=\"https:\/\/dermo.com\/fr\/nettoyant-pour-rembourrage\/\" \/>\n<meta property=\"og:site_name\" content=\"Dermo | F\u00e1brica de detergentes\" \/>\n<meta property=\"article:modified_time\" content=\"2025-02-19T11:14:23+00:00\" \/>\n<meta name=\"twitter:card\" content=\"summary_large_image\" \/>\n<meta name=\"twitter:label1\" content=\"Dur\u00e9e de lecture estim\u00e9e\" \/>\n\t<meta name=\"twitter:data1\" content=\"3 minutes\" \/>\n<script type=\"application\/ld+json\" class=\"yoast-schema-graph\">{\"@context\":\"https:\/\/schema.org\",\"@graph\":[{\"@type\":\"WebPage\",\"@id\":\"https:\/\/dermo.com\/limpia-tapicerias\/\",\"url\":\"https:\/\/dermo.com\/limpia-tapicerias\/\",\"name\":\"Limpia tapicer\u00edas - Dermo | F\u00e1brica de detergentes\",\"isPartOf\":{\"@id\":\"https:\/\/dermo.com\/#website\"},\"datePublished\":\"2025-01-31T11:08:36+00:00\",\"dateModified\":\"2025-02-19T11:14:23+00:00\",\"breadcrumb\":{\"@id\":\"https:\/\/dermo.com\/limpia-tapicerias\/#breadcrumb\"},\"inLanguage\":\"fr-FR\",\"potentialAction\":[{\"@type\":\"ReadAction\",\"target\":[\"https:\/\/dermo.com\/limpia-tapicerias\/\"]}]},{\"@type\":\"BreadcrumbList\",\"@id\":\"https:\/\/dermo.com\/limpia-tapicerias\/#breadcrumb\",\"itemListElement\":[{\"@type\":\"ListItem\",\"position\":1,\"name\":\"Portada\",\"item\":\"https:\/\/dermo.com\/\"},{\"@type\":\"ListItem\",\"position\":2,\"name\":\"Limpia tapicer\u00edas\"}]},{\"@type\":\"WebSite\",\"@id\":\"https:\/\/dermo.com\/#website\",\"url\":\"https:\/\/dermo.com\/\",\"name\":\"Dermo | F\u00e1brica de detergentes\",\"description\":\"Tecnolog\u00eda avanzada, investigaci\u00f3n y desarrollo, respeto por el medio ambiente, competencia, formaci\u00f3n constante y alto nivel de profesionalidad en nuestro equipo humano, empe\u00f1ado en preservar la calidad de vida, la protecci\u00f3n del entorno natural contin\u00faan motiv\u00e1ndonos para desarrollar en nuestros laboratorios nuevos productos con ingredientes activos altamente biodegradables que hacen posible un desarrollo sostenible.\",\"potentialAction\":[{\"@type\":\"SearchAction\",\"target\":{\"@type\":\"EntryPoint\",\"urlTemplate\":\"https:\/\/dermo.com\/?s={search_term_string}\"},\"query-input\":{\"@type\":\"PropertyValueSpecification\",\"valueRequired\":true,\"valueName\":\"search_term_string\"}}],\"inLanguage\":\"fr-FR\"}]}<\/script>\n<!-- \/ Yoast SEO plugin. -->","yoast_head_json":{"title":"Nettoyant pour tissus d&#039;ameublement - Dermo | Usine de d\u00e9tergents","robots":{"index":"index","follow":"follow","max-snippet":"max-snippet:-1","max-image-preview":"max-image-preview:large","max-video-preview":"max-video-preview:-1"},"canonical":"https:\/\/dermo.com\/fr\/nettoyant-pour-rembourrage\/","og_locale":"fr_FR","og_type":"article","og_title":"Limpia tapicer\u00edas - Dermo | F\u00e1brica de detergentes","og_description":"Dermo: Limpia tapicer\u00edas Hoy queremos hablarte de uno de nuestros productos espec\u00edficos para la limpieza profesional para tu veh\u00edculo y es nuestro\u00a0limpia tapicer\u00edas\u00a0L.T., un detergente l\u00edquido dise\u00f1ado para la limpieza de tapicer\u00edas, moquetas, textiles, y sof\u00e1s que no da\u00f1a ning\u00fan tipo de tejido y consigue devolverles el aspecto y el color original. Es un producto&hellip;&nbsp;Lire la suite &raquo;Limpia tapicer\u00edas","og_url":"https:\/\/dermo.com\/fr\/nettoyant-pour-rembourrage\/","og_site_name":"Dermo | F\u00e1brica de detergentes","article_modified_time":"2025-02-19T11:14:23+00:00","twitter_card":"summary_large_image","twitter_misc":{"Dur\u00e9e de lecture estim\u00e9e":"3 minutes"},"schema":{"@context":"https:\/\/schema.org","@graph":[{"@type":"WebPage","@id":"https:\/\/dermo.com\/limpia-tapicerias\/","url":"https:\/\/dermo.com\/limpia-tapicerias\/","name":"Nettoyant pour tissus d&#039;ameublement - Dermo | Usine de d\u00e9tergents","isPartOf":{"@id":"https:\/\/dermo.com\/#website"},"datePublished":"2025-01-31T11:08:36+00:00","dateModified":"2025-02-19T11:14:23+00:00","breadcrumb":{"@id":"https:\/\/dermo.com\/limpia-tapicerias\/#breadcrumb"},"inLanguage":"fr-FR","potentialAction":[{"@type":"ReadAction","target":["https:\/\/dermo.com\/limpia-tapicerias\/"]}]},{"@type":"BreadcrumbList","@id":"https:\/\/dermo.com\/limpia-tapicerias\/#breadcrumb","itemListElement":[{"@type":"ListItem","position":1,"name":"Portada","item":"https:\/\/dermo.com\/"},{"@type":"ListItem","position":2,"name":"Limpia tapicer\u00edas"}]},{"@type":"WebSite","@id":"https:\/\/dermo.com\/#website","url":"https:\/\/dermo.com\/","name":"Dermo | usine de d\u00e9tergents","description":"Technologie avanc\u00e9e, recherche et d\u00e9veloppement, respect de l&#039;environnement, comp\u00e9tence, formation constante et haut niveau de professionnalisme de notre \u00e9quipe humaine, engag\u00e9e \u00e0 pr\u00e9server la qualit\u00e9 de vie, la protection de l&#039;environnement naturel continuent de nous motiver \u00e0 d\u00e9velopper de nouveaux produits dans notre laboratoires aux principes actifs hautement biod\u00e9gradables qui rendent possible le d\u00e9veloppement durable.","potentialAction":[{"@type":"SearchAction","target":{"@type":"EntryPoint","urlTemplate":"https:\/\/dermo.com\/?s={search_term_string}"},"query-input":{"@type":"PropertyValueSpecification","valueRequired":true,"valueName":"search_term_string"}}],"inLanguage":"fr-FR"}]}},"_links":{"self":[{"href":"https:\/\/dermo.com\/fr\/wp-json\/wp\/v2\/pages\/13090","targetHints":{"allow":["GET"]}}],"collection":[{"href":"https:\/\/dermo.com\/fr\/wp-json\/wp\/v2\/pages"}],"about":[{"href":"https:\/\/dermo.com\/fr\/wp-json\/wp\/v2\/types\/page"}],"author":[{"embeddable":true,"href":"https:\/\/dermo.com\/fr\/wp-json\/wp\/v2\/users\/2"}],"replies":[{"embeddable":true,"href":"https:\/\/dermo.com\/fr\/wp-json\/wp\/v2\/comments?post=13090"}],"version-history":[{"count":6,"href":"https:\/\/dermo.com\/fr\/wp-json\/wp\/v2\/pages\/13090\/revisions"}],"predecessor-version":[{"id":13611,"href":"https:\/\/dermo.com\/fr\/wp-json\/wp\/v2\/pages\/13090\/revisions\/13611"}],"wp:attachment":[{"href":"https:\/\/dermo.com\/fr\/wp-json\/wp\/v2\/media?parent=13090"}],"curies":[{"name":"wp","href":"https:\/\/api.w.org\/{rel}","templated":true}]}}