{"id":13096,"date":"2025-01-31T12:13:01","date_gmt":"2025-01-31T11:13:01","guid":{"rendered":"https:\/\/dermo.com\/?page_id=13096"},"modified":"2025-02-19T12:17:03","modified_gmt":"2025-02-19T11:17:03","slug":"nettoyants-specifiques-4","status":"publish","type":"page","link":"https:\/\/dermo.com\/fr\/nettoyants-specifiques-4\/","title":{"rendered":"Nettoyants sp\u00e9cifiques"},"content":{"rendered":"<div data-elementor-type=\"wp-page\" data-elementor-id=\"13096\" class=\"elementor elementor-13096\" data-elementor-post-type=\"page\">\n\t\t\t\t\t\t<section class=\"elementor-section elementor-top-section elementor-element elementor-element-ce29fa7 elementor-section-boxed elementor-section-height-default elementor-section-height-default\" data-id=\"ce29fa7\" data-element_type=\"section\" data-e-type=\"section\" data-settings=\"{&quot;background_background&quot;:&quot;classic&quot;}\">\n\t\t\t\t\t\t\t<div class=\"elementor-background-overlay\"><\/div>\n\t\t\t\t\t\t\t<div class=\"elementor-container elementor-column-gap-default\">\n\t\t\t\t\t<div class=\"elementor-column elementor-col-100 elementor-top-column elementor-element elementor-element-b5a75df\" data-id=\"b5a75df\" data-element_type=\"column\" data-e-type=\"column\">\n\t\t\t<div class=\"elementor-widget-wrap elementor-element-populated\">\n\t\t\t\t\t\t\t<\/div>\n\t\t<\/div>\n\t\t\t\t\t<\/div>\n\t\t<\/section>\n\t\t\t\t<section class=\"elementor-section elementor-top-section elementor-element elementor-element-7852463 elementor-section-boxed elementor-section-height-default elementor-section-height-default\" data-id=\"7852463\" data-element_type=\"section\" data-e-type=\"section\">\n\t\t\t\t\t\t<div class=\"elementor-container elementor-column-gap-default\">\n\t\t\t\t\t<div class=\"elementor-column elementor-col-100 elementor-top-column elementor-element elementor-element-82de9bc\" data-id=\"82de9bc\" data-element_type=\"column\" data-e-type=\"column\">\n\t\t\t<div class=\"elementor-widget-wrap elementor-element-populated\">\n\t\t\t\t\t\t<section class=\"elementor-section elementor-inner-section elementor-element elementor-element-9499acd elementor-section-content-middle elementor-section-boxed elementor-section-height-default elementor-section-height-default\" data-id=\"9499acd\" data-element_type=\"section\" data-e-type=\"section\">\n\t\t\t\t\t\t<div class=\"elementor-container elementor-column-gap-default\">\n\t\t\t\t\t<div class=\"elementor-column elementor-col-50 elementor-inner-column elementor-element elementor-element-348f064\" data-id=\"348f064\" data-element_type=\"column\" data-e-type=\"column\">\n\t\t\t<div class=\"elementor-widget-wrap elementor-element-populated\">\n\t\t\t\t\t\t<div class=\"elementor-element elementor-element-7e2d0bb elementor-widget elementor-widget-text-editor\" data-id=\"7e2d0bb\" data-element_type=\"widget\" data-e-type=\"widget\" data-widget_type=\"text-editor.default\">\n\t\t\t\t<div class=\"elementor-widget-container\">\n\t\t\t\t\t\t\t\t\t<div id=\"lipsum\"><p>Dermo est une entreprise d\u00e9di\u00e9e \u00e0 la fabrication de\u00a0<strong>nettoyants sp\u00e9cifiques<\/strong>\u00a0nettoyage professionnel. Avec 30 ans d&#039;exp\u00e9rience dans le secteur, chez Dermo nous avons la volont\u00e9 de concevoir et de fabriquer\u00a0<strong>nettoyants sp\u00e9cifiques<\/strong>\u00a0pour tous types de secteurs, tels que l&#039;habitat ou l&#039;industrie.<\/p><p>Notre m\u00e9tier est de fabriquer et de fournir des produits\u00a0<strong>nettoyants sp\u00e9cifiques\u00a0<\/strong>pour chaque lieu et chaque mat\u00e9riau, obtenant des r\u00e9sultats impeccables qui assurent hygi\u00e8ne, bon ar\u00f4me, d\u00e9tartrage, d\u00e9sinfection ou polissage, entre autres.<\/p><p>Nous \u00e9tudions la meilleure fa\u00e7on de concevoir des produits\u00a0<strong>nettoyants sp\u00e9cifiques<\/strong>\u00a0et nous nous tenons au courant de toutes les innovations et am\u00e9liorations de ce secteur, afin d&#039;offrir \u00e0 nos clients les meilleurs produits de nettoyage sp\u00e9cifiques qu&#039;ils peuvent trouver sur le march\u00e9.<\/p><p>Lorsque nous d\u00e9cidons de nettoyer notre maison en profondeur, nous nous rendons compte qu\u2019il nous manque des produits de nettoyage ou que nous avons des produits trop g\u00e9n\u00e9riques, qui ne fonctionnent pas comme ils le devraient. Chez l&#039;entreprise de nettoyage Dermo nous pensons \u00e0 vous et c&#039;est pourquoi nous vous proposons une large gamme de\u00a0<strong>nettoyants sp\u00e9cifiques<\/strong>\u00a0cela mettrait fin \u00e0 ce probl\u00e8me, car ils sont con\u00e7us avec des formules sp\u00e9cifiques pour chaque chose.<\/p><\/div>\t\t\t\t\t\t\t\t<\/div>\n\t\t\t\t<\/div>\n\t\t\t\t\t<\/div>\n\t\t<\/div>\n\t\t\t\t<div class=\"elementor-column elementor-col-50 elementor-inner-column elementor-element elementor-element-6534e89 elementor-invisible\" data-id=\"6534e89\" data-element_type=\"column\" data-e-type=\"column\" data-settings=\"{&quot;animation&quot;:&quot;bounceInRight&quot;}\">\n\t\t\t<div class=\"elementor-widget-wrap elementor-element-populated\">\n\t\t\t\t\t\t<div class=\"elementor-element elementor-element-3c398ce elementor-widget__width-initial elementor-widget elementor-widget-elementskit-contact-form7\" data-id=\"3c398ce\" data-element_type=\"widget\" data-e-type=\"widget\" data-widget_type=\"elementskit-contact-form7.default\">\n\t\t\t\t<div class=\"elementor-widget-container\">\n\t\t\t\t\t<div class=\"ekit-wid-con\" ><div class=\"ekit-form\">\n<div class=\"wpcf7 no-js\" id=\"wpcf7-f13292-o1\" lang=\"es-ES\" dir=\"ltr\" data-wpcf7-id=\"13292\">\n<div class=\"screen-reader-response\"><p role=\"status\" aria-live=\"polite\" aria-atomic=\"true\"><\/p> <ul><\/ul><\/div>\n<form action=\"\/fr\/wp-json\/wp\/v2\/pages\/13096#wpcf7-f13292-o1\" method=\"post\" class=\"wpcf7-form init\" aria-label=\"Formulaire de contact\" novalidate=\"novalidate\" data-status=\"init\" data-trp-original-action=\"\/fr\/wp-json\/wp\/v2\/pages\/13096#wpcf7-f13292-o1\">\n<fieldset class=\"hidden-fields-container\"><input type=\"hidden\" name=\"_wpcf7\" value=\"13292\" \/><input type=\"hidden\" name=\"_wpcf7_version\" value=\"6.1.5\" \/><input type=\"hidden\" name=\"_wpcf7_locale\" value=\"es_ES\" \/><input type=\"hidden\" name=\"_wpcf7_unit_tag\" value=\"wpcf7-f13292-o1\" \/><input type=\"hidden\" name=\"_wpcf7_container_post\" value=\"0\" \/><input type=\"hidden\" name=\"_wpcf7_posted_data_hash\" value=\"\" \/><input type=\"hidden\" name=\"_wpcf7_recaptcha_response\" value=\"\" \/>\n<\/fieldset>\n<div style=\"display: flex; gap: 10px;\">\n\t<div style=\"width: 50%;\">\n\t\t<p><span class=\"wpcf7-form-control-wrap\" data-name=\"your-name\"><input size=\"40\" maxlength=\"400\" class=\"wpcf7-form-control wpcf7-text wpcf7-validates-as-required\" aria-required=\"true\" aria-invalid=\"false\" placeholder=\"Nom\" value=\"\" type=\"text\" name=\"your-name\" \/><\/span>\n\t\t<\/p>\n\t<\/div>\n\t<div style=\"width: 50%;\">\n\t\t<p><span class=\"wpcf7-form-control-wrap\" data-name=\"your-phone\"><input size=\"40\" maxlength=\"400\" class=\"wpcf7-form-control wpcf7-tel wpcf7-validates-as-required wpcf7-text wpcf7-validates-as-tel\" aria-required=\"true\" aria-invalid=\"false\" placeholder=\"T\u00e9l\u00e9phone\" value=\"\" type=\"tel\" name=\"your-phone\" \/><\/span>\n\t\t<\/p>\n\t<\/div>\n<\/div>\n<p><span class=\"wpcf7-form-control-wrap\" data-name=\"your-email\"><input size=\"40\" maxlength=\"400\" class=\"wpcf7-form-control wpcf7-email wpcf7-validates-as-required wpcf7-text wpcf7-validates-as-email\" aria-required=\"true\" aria-invalid=\"false\" placeholder=\"E-mail\" value=\"\" type=\"email\" name=\"your-email\" \/><\/span>\n<\/p>\n<div style=\"display: flex; gap: 10px;\">\n\t<div style=\"width: 50%;\">\n\t\t<p><span class=\"wpcf7-form-control-wrap\" data-name=\"your-country\"><input size=\"40\" maxlength=\"400\" class=\"wpcf7-form-control wpcf7-text wpcf7-validates-as-required\" aria-required=\"true\" aria-invalid=\"false\" placeholder=\"Pays\" value=\"\" type=\"text\" name=\"your-country\" \/><\/span>\n\t\t<\/p>\n\t<\/div>\n\t<div style=\"width: 50%;\">\n\t\t<p><span class=\"wpcf7-form-control-wrap\" data-name=\"your-city\"><input size=\"40\" maxlength=\"400\" class=\"wpcf7-form-control wpcf7-text wpcf7-validates-as-required\" aria-required=\"true\" aria-invalid=\"false\" placeholder=\"Population\" value=\"\" type=\"text\" name=\"your-city\" \/><\/span>\n\t\t<\/p>\n\t<\/div>\n<\/div>\n<p><span class=\"wpcf7-form-control-wrap\" data-name=\"your-subject\"><select class=\"wpcf7-form-control wpcf7-select\" aria-invalid=\"false\" name=\"your-subject\"><option value=\"Quiero ser distribuidor\">Je veux \u00eatre distributeur<\/option><option value=\"Presupuesto\">Budget<\/option><option value=\"Consulta\">Consultation<\/option><option value=\"Sugerencia\">Suggestion<\/option><option value=\"Otros\">Autres<\/option><\/select><\/span>\n<\/p>\n<p><span class=\"wpcf7-form-control-wrap\" data-name=\"your-message\"><textarea cols=\"40\" rows=\"10\" maxlength=\"2000\" class=\"wpcf7-form-control wpcf7-textarea\" aria-invalid=\"false\" placeholder=\"Message ou demande\" name=\"your-message\"><\/textarea><\/span>\n<\/p>\n<div style=\"display: flex; align-items: center; gap: 10px;\">\n\t<p><span class=\"wpcf7-form-control-wrap\" data-name=\"privacy-policy\"><span class=\"wpcf7-form-control wpcf7-acceptance\"><span class=\"wpcf7-list-item\"><input type=\"checkbox\" name=\"privacy-policy\" value=\"1\" aria-invalid=\"false\" \/><\/span><\/span><\/span><label for=\"privacy-policy\" style=\"margin-left: 5px;\">J&#039;ai lu et accept\u00e9 la politique de confidentialit\u00e9.<\/label>\n\t<\/p>\n<\/div>\n<div style=\"display: flex; align-items: center; gap: 10px;\">\n\t<p><span class=\"wpcf7-form-control-wrap\" data-name=\"send-info\"><span class=\"wpcf7-form-control wpcf7-acceptance\"><span class=\"wpcf7-list-item\"><input type=\"checkbox\" name=\"send-info\" value=\"1\" aria-invalid=\"false\" \/><\/span><\/span><\/span><label for=\"send-info\" style=\"margin-left: 5px;\">J&#039;accepte de recevoir des informations.<\/label>\n\t<\/p>\n<\/div>\n<p><input class=\"wpcf7-form-control wpcf7-submit has-spinner\" type=\"submit\" value=\"Envoyer\" \/>\n<\/p><div class=\"wpcf7-response-output\" aria-hidden=\"true\"><\/div>\n<input type=\"hidden\" name=\"trp-form-language\" value=\"fr\"\/><\/form>\n<\/div>\n<\/div><\/div>\t\t\t\t<\/div>\n\t\t\t\t<\/div>\n\t\t\t\t\t<\/div>\n\t\t<\/div>\n\t\t\t\t\t<\/div>\n\t\t<\/section>\n\t\t\t\t<div class=\"elementor-element elementor-element-537e02e elementor-widget elementor-widget-text-editor\" data-id=\"537e02e\" data-element_type=\"widget\" data-e-type=\"widget\" data-widget_type=\"text-editor.default\">\n\t\t\t\t<div class=\"elementor-widget-container\">\n\t\t\t\t\t\t\t\t\t<div id=\"lipsum\"><p>Chez Dermo nous avons\u00a0<strong>nettoyants sp\u00e9cifiques<\/strong>\u00a0pour le four,\u00a0<strong>nettoyants sp\u00e9cifiques<\/strong>\u00a0pour vitroc\u00e9ramique,\u00a0<strong>nettoyants sp\u00e9cifiques<\/strong>\u00a0pour rev\u00eatement de surface,\u00a0<strong>nettoyants sp\u00e9cifiques<\/strong>\u00a0pour les trottoirs,\u00a0<strong>nettoyants sp\u00e9cifiques<\/strong>\u00a0pour la tapisserie,\u00a0<strong>nettoyants sp\u00e9cifiques<\/strong>\u00a0pour les meubles,\u00a0<strong>nettoyants sp\u00e9cifiques<\/strong>\u00a0nettoyeur de vitres, etc.<\/p><p>Dermo vous propose une large gamme de\u00a0<strong>nettoyants sp\u00e9cifiques<\/strong>\u00a0pour votre maison, votre entreprise, votre h\u00f4tel, votre restaurant, votre voiture, votre salle de bain et partout o\u00f9 vous en avez besoin. Chez Dermo nous souhaitons \u00eatre pr\u00e9sents dans votre quotidien avec le\u00a0<strong>nettoyants sp\u00e9cifiques<\/strong>, afin que vous puissiez avoir un environnement propre, hygi\u00e9nique, sain et agr\u00e9able \u00e0 l&#039;odeur.<\/p><p>L&#039;entreprise de nettoyage Dermo souhaite que ses clients profitent\u00a0<strong>nettoyants sp\u00e9cifiques<\/strong>\u00a0et des professionnels, c&#039;est pourquoi nous mettons des produits \u00e0 votre disposition\u00a0<strong>sp\u00e9cifique<\/strong>\u00a0pour chaque occasion. Notre objectif est d\u2019obtenir un nettoyage efficace et intense qui dure plusieurs jours. Le\u00a0<strong>nettoyants sp\u00e9cifiques<\/strong>\u00a0Les produits Dermo contiennent un pouvoir hautement concentr\u00e9, vous n&#039;avez donc pas besoin d&#039;utiliser beaucoup de produit. Les produits\u00a0<strong>nettoyants sp\u00e9cifiques<\/strong>\u00a0Les produits Dermo permettent d&#039;\u00e9liminer la salet\u00e9 et les r\u00e9sidus, en pr\u00e9servant la texture et l&#039;aspect d&#039;origine des mat\u00e9riaux, gr\u00e2ce \u00e0 leur composition respectueuse.<\/p><p>Chez Dermo, nous investissons dans la qualit\u00e9 et dans l&#039;\u00e9limination des produits les plus toxiques, car nous souhaitons obtenir un nettoyage naturel et concentr\u00e9 pour nos clients. Merci \u00e0 la\u00a0<strong>nettoyants sp\u00e9cifiques<\/strong>\u00a0Avec Dermo, vous pouvez avoir un produit pour tout et profiter des avantages que chacun d&#039;eux peut vous apporter.<\/p><p>Dermo met \u00e0 votre disposition\u00a0<strong>nettoyants sp\u00e9cifiques\u00a0<\/strong>pour tous types de meubles, d&#039;espaces, de sols et de tout ce qui peut se salir ou accumuler davantage de d\u00e9chets. Avec le\u00a0<strong>nettoyants sp\u00e9cifiques<\/strong>\u00a0Avec Dermo, vous pouvez vous d\u00e9barrasser de la salet\u00e9 qui s&#039;accumule dans tous les coins.<\/p><p>Si vous souhaitez d\u00e9couvrir toutes les\u00a0<strong>nettoyants sp\u00e9cifiques<\/strong>\u00a0que nous vous proposons chez la soci\u00e9t\u00e9 de nettoyage Dermo, nous vous invitons \u00e0 acc\u00e9der\u00a0<a href=\"https:\/\/dermo.com\/fr\/catalogue\/es\/20-limpiadores-especificos\/\">ce lien<\/a>\u00a0et vous pourrez voir l&#039;int\u00e9gralit\u00e9 de notre catalogue de produits\u00a0<strong>nettoyants sp\u00e9cifiques<\/strong>. Si tu aimes\u00a0<strong>nettoyants sp\u00e9cifiques<\/strong>\u00a0Pour vous assurer que votre maison soit impeccable et impeccable, faites confiance \u00e0 l&#039;entreprise de nettoyage Dermo.<\/p><\/div>\t\t\t\t\t\t\t\t<\/div>\n\t\t\t\t<\/div>\n\t\t\t\t\t<\/div>\n\t\t<\/div>\n\t\t\t\t\t<\/div>\n\t\t<\/section>\n\t\t\t\t<section class=\"elementor-section elementor-top-section elementor-element elementor-element-01d0180 elementor-section-full_width elementor-section-height-default elementor-section-height-default elementor-invisible\" data-id=\"01d0180\" data-element_type=\"section\" data-e-type=\"section\" data-settings=\"{&quot;animation&quot;:&quot;slideInUp&quot;}\">\n\t\t\t\t\t\t<div class=\"elementor-container elementor-column-gap-default\">\n\t\t\t\t\t<div class=\"elementor-column elementor-col-100 elementor-top-column elementor-element elementor-element-9f7a781\" data-id=\"9f7a781\" data-element_type=\"column\" data-e-type=\"column\">\n\t\t\t<div class=\"elementor-widget-wrap elementor-element-populated\">\n\t\t\t\t\t\t<div class=\"elementor-element elementor-element-701de7d elementor-widget elementor-widget-google_maps\" data-id=\"701de7d\" data-element_type=\"widget\" data-e-type=\"widget\" data-widget_type=\"google_maps.default\">\n\t\t\t\t<div class=\"elementor-widget-container\">\n\t\t\t\t\t\t\t<div class=\"elementor-custom-embed\">\n\t\t\t<iframe loading=\"lazy\"\n\t\t\t\t\tsrc=\"https:\/\/maps.google.com\/maps?q=C%2F%20Pintor%20Joan%20Miro%2C%2016.%20Pol.%20Ind.%20Can%20Humet%20de%20Dalt%2C%2008213%20Poliny%C3%A0.%20Barcelona&#038;t=m&#038;z=15&#038;output=embed&#038;iwloc=near\"\n\t\t\t\t\ttitle=\"C\/ Pintor Joan Miro, 16. Pol. Ind. Can Humet de Dalt, 08213 Poliny\u00e0. Barcelone\"\n\t\t\t\t\taria-label=\"C\/ Pintor Joan Miro, 16. Pol. Ind. Can Humet de Dalt, 08213 Poliny\u00e0. Barcelone\"\n\t\t\t><\/iframe>\n\t\t<\/div>\n\t\t\t\t\t\t<\/div>\n\t\t\t\t<\/div>\n\t\t\t\t\t<\/div>\n\t\t<\/div>\n\t\t\t\t\t<\/div>\n\t\t<\/section>\n\t\t\t\t<\/div>","protected":false},"excerpt":{"rendered":"<p>Dermo est une entreprise sp\u00e9cialis\u00e9e dans la fabrication de nettoyants sp\u00e9cifiques pour le nettoyage professionnel. Fort de 30 ans d&#039;exp\u00e9rience dans le secteur, Dermo con\u00e7oit et fabrique des nettoyants sp\u00e9cifiques pour tous types de secteurs, tels que le r\u00e9sidentiel et l&#039;industrie. Notre activit\u00e9 consiste \u00e0 fabriquer et \u00e0 fournir des produits de nettoyage sp\u00e9cifiques pour chaque lieu et chaque mat\u00e9riau\u2026&nbsp;<a href=\"https:\/\/dermo.com\/fr\/nettoyants-specifiques-4\/\" rel=\"bookmark\">En savoir plus &quot;<span class=\"screen-reader-text\">Nettoyants sp\u00e9cifiques<\/span><\/a><\/p>","protected":false},"author":2,"featured_media":0,"parent":0,"menu_order":0,"comment_status":"closed","ping_status":"closed","template":"page-templates\/template-pagebuilder-full-width.php","meta":{"neve_meta_sidebar":"","neve_meta_container":"","neve_meta_enable_content_width":"","neve_meta_content_width":0,"neve_meta_title_alignment":"","neve_meta_author_avatar":"","neve_post_elements_order":"","neve_meta_disable_header":"","neve_meta_disable_footer":"","neve_meta_disable_title":"","footnotes":""},"class_list":["post-13096","page","type-page","status-publish","hentry"],"yoast_head":"<!-- This site is optimized with the Yoast SEO plugin v27.0 - https:\/\/yoast.com\/product\/yoast-seo-wordpress\/ -->\n<title>Limpiadores espec\u00edficos - Dermo | F\u00e1brica de detergentes<\/title>\n<meta name=\"robots\" content=\"index, follow, max-snippet:-1, max-image-preview:large, max-video-preview:-1\" \/>\n<link rel=\"canonical\" href=\"https:\/\/dermo.com\/fr\/nettoyants-specifiques-4\/\" \/>\n<meta property=\"og:locale\" content=\"fr_FR\" \/>\n<meta property=\"og:type\" content=\"article\" \/>\n<meta property=\"og:title\" content=\"Limpiadores espec\u00edficos - Dermo | F\u00e1brica de detergentes\" \/>\n<meta property=\"og:description\" content=\"Dermo es una empresa dedicada a la fabricaci\u00f3n de\u00a0limpiadores espec\u00edficos\u00a0de limpieza profesional. Con 30 a\u00f1os de experiencia en el sector, en Dermo tenemos la voluntad de dise\u00f1ar y fabricar\u00a0limpiadores espec\u00edficos\u00a0para todo tipo de sectores, tales como la vivienda o la industria. Nuestro trabajo consiste en fabricar y proveer productos\u00a0limpiadores espec\u00edficos\u00a0para cada lugar y cada material,&hellip;&nbsp;Lire la suite &raquo;Limpiadores espec\u00edficos\" \/>\n<meta property=\"og:url\" content=\"https:\/\/dermo.com\/fr\/nettoyants-specifiques-4\/\" \/>\n<meta property=\"og:site_name\" content=\"Dermo | F\u00e1brica de detergentes\" \/>\n<meta property=\"article:modified_time\" content=\"2025-02-19T11:17:03+00:00\" \/>\n<meta name=\"twitter:card\" content=\"summary_large_image\" \/>\n<meta name=\"twitter:label1\" content=\"Dur\u00e9e de lecture estim\u00e9e\" \/>\n\t<meta name=\"twitter:data1\" content=\"3 minutes\" \/>\n<script type=\"application\/ld+json\" class=\"yoast-schema-graph\">{\"@context\":\"https:\/\/schema.org\",\"@graph\":[{\"@type\":\"WebPage\",\"@id\":\"https:\/\/dermo.com\/limpiadores-especificos-4\/\",\"url\":\"https:\/\/dermo.com\/limpiadores-especificos-4\/\",\"name\":\"Limpiadores espec\u00edficos - Dermo | F\u00e1brica de detergentes\",\"isPartOf\":{\"@id\":\"https:\/\/dermo.com\/#website\"},\"datePublished\":\"2025-01-31T11:13:01+00:00\",\"dateModified\":\"2025-02-19T11:17:03+00:00\",\"breadcrumb\":{\"@id\":\"https:\/\/dermo.com\/limpiadores-especificos-4\/#breadcrumb\"},\"inLanguage\":\"fr-FR\",\"potentialAction\":[{\"@type\":\"ReadAction\",\"target\":[\"https:\/\/dermo.com\/limpiadores-especificos-4\/\"]}]},{\"@type\":\"BreadcrumbList\",\"@id\":\"https:\/\/dermo.com\/limpiadores-especificos-4\/#breadcrumb\",\"itemListElement\":[{\"@type\":\"ListItem\",\"position\":1,\"name\":\"Portada\",\"item\":\"https:\/\/dermo.com\/\"},{\"@type\":\"ListItem\",\"position\":2,\"name\":\"Limpiadores espec\u00edficos\"}]},{\"@type\":\"WebSite\",\"@id\":\"https:\/\/dermo.com\/#website\",\"url\":\"https:\/\/dermo.com\/\",\"name\":\"Dermo | F\u00e1brica de detergentes\",\"description\":\"Tecnolog\u00eda avanzada, investigaci\u00f3n y desarrollo, respeto por el medio ambiente, competencia, formaci\u00f3n constante y alto nivel de profesionalidad en nuestro equipo humano, empe\u00f1ado en preservar la calidad de vida, la protecci\u00f3n del entorno natural contin\u00faan motiv\u00e1ndonos para desarrollar en nuestros laboratorios nuevos productos con ingredientes activos altamente biodegradables que hacen posible un desarrollo sostenible.\",\"potentialAction\":[{\"@type\":\"SearchAction\",\"target\":{\"@type\":\"EntryPoint\",\"urlTemplate\":\"https:\/\/dermo.com\/?s={search_term_string}\"},\"query-input\":{\"@type\":\"PropertyValueSpecification\",\"valueRequired\":true,\"valueName\":\"search_term_string\"}}],\"inLanguage\":\"fr-FR\"}]}<\/script>\n<!-- \/ Yoast SEO plugin. -->","yoast_head_json":{"title":"Nettoyants sp\u00e9cifiques - Dermo | Usine de d\u00e9tergents","robots":{"index":"index","follow":"follow","max-snippet":"max-snippet:-1","max-image-preview":"max-image-preview:large","max-video-preview":"max-video-preview:-1"},"canonical":"https:\/\/dermo.com\/fr\/nettoyants-specifiques-4\/","og_locale":"fr_FR","og_type":"article","og_title":"Limpiadores espec\u00edficos - Dermo | F\u00e1brica de detergentes","og_description":"Dermo es una empresa dedicada a la fabricaci\u00f3n de\u00a0limpiadores espec\u00edficos\u00a0de limpieza profesional. Con 30 a\u00f1os de experiencia en el sector, en Dermo tenemos la voluntad de dise\u00f1ar y fabricar\u00a0limpiadores espec\u00edficos\u00a0para todo tipo de sectores, tales como la vivienda o la industria. Nuestro trabajo consiste en fabricar y proveer productos\u00a0limpiadores espec\u00edficos\u00a0para cada lugar y cada material,&hellip;&nbsp;Lire la suite &raquo;Limpiadores espec\u00edficos","og_url":"https:\/\/dermo.com\/fr\/nettoyants-specifiques-4\/","og_site_name":"Dermo | F\u00e1brica de detergentes","article_modified_time":"2025-02-19T11:17:03+00:00","twitter_card":"summary_large_image","twitter_misc":{"Dur\u00e9e de lecture estim\u00e9e":"3 minutes"},"schema":{"@context":"https:\/\/schema.org","@graph":[{"@type":"WebPage","@id":"https:\/\/dermo.com\/limpiadores-especificos-4\/","url":"https:\/\/dermo.com\/limpiadores-especificos-4\/","name":"Nettoyants sp\u00e9cifiques - Dermo | Usine de d\u00e9tergents","isPartOf":{"@id":"https:\/\/dermo.com\/#website"},"datePublished":"2025-01-31T11:13:01+00:00","dateModified":"2025-02-19T11:17:03+00:00","breadcrumb":{"@id":"https:\/\/dermo.com\/limpiadores-especificos-4\/#breadcrumb"},"inLanguage":"fr-FR","potentialAction":[{"@type":"ReadAction","target":["https:\/\/dermo.com\/limpiadores-especificos-4\/"]}]},{"@type":"BreadcrumbList","@id":"https:\/\/dermo.com\/limpiadores-especificos-4\/#breadcrumb","itemListElement":[{"@type":"ListItem","position":1,"name":"Portada","item":"https:\/\/dermo.com\/"},{"@type":"ListItem","position":2,"name":"Limpiadores espec\u00edficos"}]},{"@type":"WebSite","@id":"https:\/\/dermo.com\/#website","url":"https:\/\/dermo.com\/","name":"Dermo | usine de d\u00e9tergents","description":"Technologie avanc\u00e9e, recherche et d\u00e9veloppement, respect de l&#039;environnement, comp\u00e9tence, formation constante et haut niveau de professionnalisme de notre \u00e9quipe humaine, engag\u00e9e \u00e0 pr\u00e9server la qualit\u00e9 de vie, la protection de l&#039;environnement naturel continuent de nous motiver \u00e0 d\u00e9velopper de nouveaux produits dans notre laboratoires aux principes actifs hautement biod\u00e9gradables qui rendent possible le d\u00e9veloppement durable.","potentialAction":[{"@type":"SearchAction","target":{"@type":"EntryPoint","urlTemplate":"https:\/\/dermo.com\/?s={search_term_string}"},"query-input":{"@type":"PropertyValueSpecification","valueRequired":true,"valueName":"search_term_string"}}],"inLanguage":"fr-FR"}]}},"_links":{"self":[{"href":"https:\/\/dermo.com\/fr\/wp-json\/wp\/v2\/pages\/13096","targetHints":{"allow":["GET"]}}],"collection":[{"href":"https:\/\/dermo.com\/fr\/wp-json\/wp\/v2\/pages"}],"about":[{"href":"https:\/\/dermo.com\/fr\/wp-json\/wp\/v2\/types\/page"}],"author":[{"embeddable":true,"href":"https:\/\/dermo.com\/fr\/wp-json\/wp\/v2\/users\/2"}],"replies":[{"embeddable":true,"href":"https:\/\/dermo.com\/fr\/wp-json\/wp\/v2\/comments?post=13096"}],"version-history":[{"count":10,"href":"https:\/\/dermo.com\/fr\/wp-json\/wp\/v2\/pages\/13096\/revisions"}],"predecessor-version":[{"id":13620,"href":"https:\/\/dermo.com\/fr\/wp-json\/wp\/v2\/pages\/13096\/revisions\/13620"}],"wp:attachment":[{"href":"https:\/\/dermo.com\/fr\/wp-json\/wp\/v2\/media?parent=13096"}],"curies":[{"name":"wp","href":"https:\/\/api.w.org\/{rel}","templated":true}]}}