{"id":13101,"date":"2025-01-31T12:20:02","date_gmt":"2025-01-31T11:20:02","guid":{"rendered":"https:\/\/dermo.com\/?page_id=13101"},"modified":"2025-02-19T11:49:16","modified_gmt":"2025-02-19T10:49:16","slug":"entreprise-de-detergents-degraissants","status":"publish","type":"page","link":"https:\/\/dermo.com\/fr\/entreprise-de-detergents-degraissants\/","title":{"rendered":"Entreprise de d\u00e9tergents d\u00e9graissants"},"content":{"rendered":"<div data-elementor-type=\"wp-page\" data-elementor-id=\"13101\" class=\"elementor elementor-13101\" data-elementor-post-type=\"page\">\n\t\t\t\t\t\t<section class=\"elementor-section elementor-top-section elementor-element elementor-element-a02683f elementor-section-boxed elementor-section-height-default elementor-section-height-default\" data-id=\"a02683f\" data-element_type=\"section\" data-e-type=\"section\" data-settings=\"{&quot;background_background&quot;:&quot;classic&quot;}\">\n\t\t\t\t\t\t\t<div class=\"elementor-background-overlay\"><\/div>\n\t\t\t\t\t\t\t<div class=\"elementor-container elementor-column-gap-default\">\n\t\t\t\t\t<div class=\"elementor-column elementor-col-100 elementor-top-column elementor-element elementor-element-f99dbff\" data-id=\"f99dbff\" data-element_type=\"column\" data-e-type=\"column\">\n\t\t\t<div class=\"elementor-widget-wrap elementor-element-populated\">\n\t\t\t\t\t\t\t<\/div>\n\t\t<\/div>\n\t\t\t\t\t<\/div>\n\t\t<\/section>\n\t\t\t\t<section class=\"elementor-section elementor-top-section elementor-element elementor-element-233ad3a4 elementor-section-boxed elementor-section-height-default elementor-section-height-default\" data-id=\"233ad3a4\" data-element_type=\"section\" data-e-type=\"section\">\n\t\t\t\t\t\t<div class=\"elementor-container elementor-column-gap-default\">\n\t\t\t\t\t<div class=\"elementor-column elementor-col-100 elementor-top-column elementor-element elementor-element-3244e578\" data-id=\"3244e578\" data-element_type=\"column\" data-e-type=\"column\">\n\t\t\t<div class=\"elementor-widget-wrap elementor-element-populated\">\n\t\t\t\t\t\t<section class=\"elementor-section elementor-inner-section elementor-element elementor-element-1a7040c2 elementor-section-content-middle elementor-section-boxed elementor-section-height-default elementor-section-height-default\" data-id=\"1a7040c2\" data-element_type=\"section\" data-e-type=\"section\">\n\t\t\t\t\t\t<div class=\"elementor-container elementor-column-gap-default\">\n\t\t\t\t\t<div class=\"elementor-column elementor-col-50 elementor-inner-column elementor-element elementor-element-58338543\" data-id=\"58338543\" data-element_type=\"column\" data-e-type=\"column\">\n\t\t\t<div class=\"elementor-widget-wrap elementor-element-populated\">\n\t\t\t\t\t\t<div class=\"elementor-element elementor-element-464b2e11 elementor-widget elementor-widget-text-editor\" data-id=\"464b2e11\" data-element_type=\"widget\" data-e-type=\"widget\" data-widget_type=\"text-editor.default\">\n\t\t\t\t<div class=\"elementor-widget-container\">\n\t\t\t\t\t\t\t\t\t<h4><strong>L&#039;importance d&#039;une bonne hygi\u00e8ne avec les produits de notre entreprise de d\u00e9tergents d\u00e9graissants<\/strong><\/h4><p>L&#039;efficacit\u00e9 d&#039;un bon d\u00e9graissant se constate dans les endroits o\u00f9 la graisse s&#039;accumule tr\u00e8s facilement, comme les cuisines, zone o\u00f9 le nettoyage doit \u00eatre le plus minutieux en toute s\u00e9curit\u00e9.<\/p><p>Notre\u00a0<strong>entreprise de d\u00e9tergents d\u00e9graissants<\/strong>\u00a0formule ses produits pour assurer la s\u00e9curit\u00e9 dans le secteur alimentaire et garder toutes les surfaces en contact avec les aliments hygi\u00e9niques et absolument propres.<\/p><h4 style=\"margin-bottom: 10px; overflow-wrap: break-word; clear: none; color: #333333; font-variant-numeric: normal; font-variant-east-asian: normal; font-variant-alternates: normal; font-size-adjust: none; font-kerning: auto; font-optical-sizing: auto; font-feature-settings: normal; font-variation-settings: normal; font-variant-position: normal; font-variant-emoji: normal; font-weight: bold; font-stretch: normal; font-size: 24px; line-height: 34px; font-family: Roboto, Helvetica, Arial, Verdana, sans-serif; text-transform: none; letter-spacing: normal; word-spacing: 0px;\"><span style=\"padding: 0px; margin: 0px;\">Une large gamme de d\u00e9tergents d\u00e9graissants dans notre entreprise<\/span><\/h4><p style=\"margin-bottom: 10px; overflow-wrap: break-word; color: #8b8d94; font-family: Roboto, Helvetica, Arial, Verdana, sans-serif;\">Sur notre site Web\u00a0<a style=\"padding: 0px; margin: 0px; text-decoration-line: underline; color: #3b8ced;\" href=\"https:\/\/dermo.com\/fr\/\">www.dermo.com<\/a>\u00a0Vous pouvez trouver diff\u00e9rents types de d\u00e9graissants qui diff\u00e8rent les uns des autres en fonction de leur utilisation et des effets que nous souhaitons obtenir. Sur la m\u00eame page, vous pouvez faire une comparaison en observant ses caract\u00e9ristiques et en t\u00e9l\u00e9chargeant sa fiche technique.<\/p><p style=\"margin-bottom: 10px; overflow-wrap: break-word; color: #8b8d94; font-family: Roboto, Helvetica, Arial, Verdana, sans-serif;\">Dans notre\u00a0<span style=\"padding: 0px; margin: 0px; font-weight: bold;\">entreprise de d\u00e9tergents d\u00e9graissants<\/span>\u00a0Vous pouvez acheter\/distribuer 7 types de produits :<\/p>\t\t\t\t\t\t\t\t<\/div>\n\t\t\t\t<\/div>\n\t\t\t\t\t<\/div>\n\t\t<\/div>\n\t\t\t\t<div class=\"elementor-column elementor-col-50 elementor-inner-column elementor-element elementor-element-9c45d1b elementor-invisible\" data-id=\"9c45d1b\" data-element_type=\"column\" data-e-type=\"column\" data-settings=\"{&quot;animation&quot;:&quot;bounceInRight&quot;}\">\n\t\t\t<div class=\"elementor-widget-wrap elementor-element-populated\">\n\t\t\t\t\t\t<div class=\"elementor-element elementor-element-17cbc7f elementor-widget elementor-widget-elementskit-contact-form7\" data-id=\"17cbc7f\" data-element_type=\"widget\" data-e-type=\"widget\" data-widget_type=\"elementskit-contact-form7.default\">\n\t\t\t\t<div class=\"elementor-widget-container\">\n\t\t\t\t\t<div class=\"ekit-wid-con\" ><div class=\"ekit-form\">\n<div class=\"wpcf7 no-js\" id=\"wpcf7-f13292-p13101-o1\" lang=\"es-ES\" dir=\"ltr\" data-wpcf7-id=\"13292\">\n<div class=\"screen-reader-response\"><p role=\"status\" aria-live=\"polite\" aria-atomic=\"true\"><\/p> <ul><\/ul><\/div>\n<form action=\"\/fr\/entreprise-de-detergents-degraissants\/#wpcf7-f13292-p13101-o1\" method=\"post\" class=\"wpcf7-form init\" aria-label=\"Formulario de contacto\" novalidate=\"novalidate\" data-status=\"init\" data-no-translation-aria-label=\"\" data-trp-original-action=\"\/en\/empresa-de-detergentes-desengrasantes\/#wpcf7-f13292-p13101-o1\">\n<fieldset class=\"hidden-fields-container\"><input type=\"hidden\" name=\"_wpcf7\" value=\"13292\" \/><input type=\"hidden\" name=\"_wpcf7_version\" value=\"6.1.5\" \/><input type=\"hidden\" name=\"_wpcf7_locale\" value=\"es_ES\" \/><input type=\"hidden\" name=\"_wpcf7_unit_tag\" value=\"wpcf7-f13292-p13101-o1\" \/><input type=\"hidden\" name=\"_wpcf7_container_post\" value=\"13101\" \/><input type=\"hidden\" name=\"_wpcf7_posted_data_hash\" value=\"\" \/><input type=\"hidden\" name=\"_wpcf7_recaptcha_response\" value=\"\" \/>\n<\/fieldset>\n<div style=\"display: flex; gap: 10px;\">\n\t<div style=\"width: 50%;\">\n\t\t<p><span class=\"wpcf7-form-control-wrap\" data-name=\"your-name\"><input size=\"40\" maxlength=\"400\" class=\"wpcf7-form-control wpcf7-text wpcf7-validates-as-required\" aria-required=\"true\" aria-invalid=\"false\" placeholder=\"Nom\" value=\"\" type=\"text\" name=\"your-name\" \/><\/span>\n\t\t<\/p>\n\t<\/div>\n\t<div style=\"width: 50%;\">\n\t\t<p><span class=\"wpcf7-form-control-wrap\" data-name=\"your-phone\"><input size=\"40\" maxlength=\"400\" class=\"wpcf7-form-control wpcf7-tel wpcf7-validates-as-required wpcf7-text wpcf7-validates-as-tel\" aria-required=\"true\" aria-invalid=\"false\" placeholder=\"T\u00e9l\u00e9phone\" value=\"\" type=\"tel\" name=\"your-phone\" \/><\/span>\n\t\t<\/p>\n\t<\/div>\n<\/div>\n<p><span class=\"wpcf7-form-control-wrap\" data-name=\"your-email\"><input size=\"40\" maxlength=\"400\" class=\"wpcf7-form-control wpcf7-email wpcf7-validates-as-required wpcf7-text wpcf7-validates-as-email\" aria-required=\"true\" aria-invalid=\"false\" placeholder=\"E-mail\" value=\"\" type=\"email\" name=\"your-email\" \/><\/span>\n<\/p>\n<div style=\"display: flex; gap: 10px;\">\n\t<div style=\"width: 50%;\">\n\t\t<p><span class=\"wpcf7-form-control-wrap\" data-name=\"your-country\"><input size=\"40\" maxlength=\"400\" class=\"wpcf7-form-control wpcf7-text wpcf7-validates-as-required\" aria-required=\"true\" aria-invalid=\"false\" placeholder=\"Pays\" value=\"\" type=\"text\" name=\"your-country\" \/><\/span>\n\t\t<\/p>\n\t<\/div>\n\t<div style=\"width: 50%;\">\n\t\t<p><span class=\"wpcf7-form-control-wrap\" data-name=\"your-city\"><input size=\"40\" maxlength=\"400\" class=\"wpcf7-form-control wpcf7-text wpcf7-validates-as-required\" aria-required=\"true\" aria-invalid=\"false\" placeholder=\"Population\" value=\"\" type=\"text\" name=\"your-city\" \/><\/span>\n\t\t<\/p>\n\t<\/div>\n<\/div>\n<p><span class=\"wpcf7-form-control-wrap\" data-name=\"your-subject\"><select class=\"wpcf7-form-control wpcf7-select\" aria-invalid=\"false\" name=\"your-subject\"><option value=\"Quiero ser distribuidor\">Je veux \u00eatre distributeur<\/option><option value=\"Presupuesto\">Budget<\/option><option value=\"Consulta\">Consultation<\/option><option value=\"Sugerencia\">Suggestion<\/option><option value=\"Otros\">Autres<\/option><\/select><\/span>\n<\/p>\n<p><span class=\"wpcf7-form-control-wrap\" data-name=\"your-message\"><textarea cols=\"40\" rows=\"10\" maxlength=\"2000\" class=\"wpcf7-form-control wpcf7-textarea\" aria-invalid=\"false\" placeholder=\"Message ou demande\" name=\"your-message\"><\/textarea><\/span>\n<\/p>\n<div style=\"display: flex; align-items: center; gap: 10px;\">\n\t<p><span class=\"wpcf7-form-control-wrap\" data-name=\"privacy-policy\"><span class=\"wpcf7-form-control wpcf7-acceptance\"><span class=\"wpcf7-list-item\"><input type=\"checkbox\" name=\"privacy-policy\" value=\"1\" aria-invalid=\"false\" \/><\/span><\/span><\/span><label for=\"privacy-policy\" style=\"margin-left: 5px;\">J&#039;ai lu et accept\u00e9 la politique de confidentialit\u00e9.<\/label>\n\t<\/p>\n<\/div>\n<div style=\"display: flex; align-items: center; gap: 10px;\">\n\t<p><span class=\"wpcf7-form-control-wrap\" data-name=\"send-info\"><span class=\"wpcf7-form-control wpcf7-acceptance\"><span class=\"wpcf7-list-item\"><input type=\"checkbox\" name=\"send-info\" value=\"1\" aria-invalid=\"false\" \/><\/span><\/span><\/span><label for=\"send-info\" style=\"margin-left: 5px;\">J&#039;accepte de recevoir des informations.<\/label>\n\t<\/p>\n<\/div>\n<p><input class=\"wpcf7-form-control wpcf7-submit has-spinner\" type=\"submit\" value=\"Envoyer\" \/>\n<\/p><div class=\"wpcf7-response-output\" aria-hidden=\"true\"><\/div>\n<input type=\"hidden\" name=\"trp-form-language\" value=\"fr\"\/><\/form>\n<\/div>\n<\/div><\/div>\t\t\t\t<\/div>\n\t\t\t\t<\/div>\n\t\t\t\t\t<\/div>\n\t\t<\/div>\n\t\t\t\t\t<\/div>\n\t\t<\/section>\n\t\t\t\t<div class=\"elementor-element elementor-element-615d68f elementor-widget elementor-widget-text-editor\" data-id=\"615d68f\" data-element_type=\"widget\" data-e-type=\"widget\" data-widget_type=\"text-editor.default\">\n\t\t\t\t<div class=\"elementor-widget-container\">\n\t\t\t\t\t\t\t\t\t<p><strong>D\u00e9graissant sp\u00e9cial gras :<\/strong>&nbsp;&nbsp;Produit liquide concentr\u00e9 avec un grand pouvoir \u00e9mulsifiant qui dissout la graisse et la salet\u00e9. Il peut \u00eatre utilis\u00e9 sur tous types de surfaces r\u00e9sistantes au pH alcalin qui n\u00e9cessitent d&#039;\u00eatre nettoy\u00e9es \u00e0 froid, comme les sols, les murs, les tables de travail, les ustensiles, etc.<\/p>\n<p><strong>Audaz Haute Mousse. D\u00e9graissant pour surfaces verticales :<\/strong>&nbsp;C&#039;est un d\u00e9graissant thixotrope avec un grand pouvoir \u00e9mulsifiant et tr\u00e8s efficace pour dissoudre la graisse et la salet\u00e9 sur les surfaces verticales et difficiles d&#039;acc\u00e8s. Sa composition produit une mousse qui adh\u00e8re de mani\u00e8re permanente aux surfaces verticales sans couler.<\/p>\n<p><strong>D\u00e9graissant citron Audaz :<\/strong>&nbsp;C&#039;est un produit liquide concentr\u00e9 avec un grand pouvoir \u00e9mulsifiant, qui dissout la graisse et la salet\u00e9. Il est con\u00e7u pour d\u00e9graisser tous types de surfaces \u00e0 pH alcalin.<\/p>\n<p><strong>Des planches audacieuses. D\u00e9graissage des fers :<\/strong>&nbsp;D\u00e9graissant liquide concentr\u00e9 qui \u00e9limine efficacement la graisse br\u00fbl\u00e9e et carbonis\u00e9e des cuisini\u00e8res, des fours et des grils avec un minimum d&#039;effort. Il convient \u00e9galement au nettoyage des friteuses s&#039;il est dissous dans l&#039;eau. \u00c9limine la rouille, tout en agissant comme antioxydant sur les surfaces trait\u00e9es.<\/p>\n<p><strong>Universellement audacieux. D\u00e9graissant multi-usages :<\/strong>&nbsp;convient au nettoyage et au d\u00e9graissage des surfaces et des m\u00e9taux. Il convient aux plastiques, \u00e0 l&#039;acier inoxydable et \u00e0 l&#039;aluminium.<\/p>\n<p><strong>Audacieux. D\u00e9graissant universel :<\/strong>&nbsp;C&#039;est un produit liquide concentr\u00e9 avec un grand pouvoir \u00e9mulsifiant pour d\u00e9graisser les surfaces r\u00e9sistantes au pH alcalin.<\/p>\n<p><strong>DHP-100.<\/strong>&nbsp;D\u00e9graissant sp\u00e9cial pour surfaces avec une grande accumulation de graisse telles que fours, cuisini\u00e8res, hottes et carrelages de cuisine.<\/p>\n<h4><strong>Laissez-vous conseiller par notre entreprise de d\u00e9tergents d\u00e9graissants<\/strong><\/h4>\n<p>L&#039;\u00e9quipe Dermo se fera un plaisir de vous conseiller pour trouver les produits les mieux adapt\u00e9s \u00e0 vos besoins, \u00e0 ceux de votre entreprise et\/ou de vos clients. Nous disposons d&#039;une large gamme de produits et de formats adapt\u00e9s pour trouver la meilleure solution. Notre&nbsp;<strong>entreprise de d\u00e9tergents d\u00e9graissants<\/strong>&nbsp;Vous pouvez dispenser une formation sp\u00e9cifique sur les usages et les applications de chacun des produits pour garantir une hygi\u00e8ne maximale et les meilleurs r\u00e9sultats.<\/p>\t\t\t\t\t\t\t\t<\/div>\n\t\t\t\t<\/div>\n\t\t\t\t\t<\/div>\n\t\t<\/div>\n\t\t\t\t\t<\/div>\n\t\t<\/section>\n\t\t\t\t<section class=\"elementor-section elementor-top-section elementor-element elementor-element-484f41e elementor-section-full_width elementor-section-height-default elementor-section-height-default elementor-invisible\" data-id=\"484f41e\" data-element_type=\"section\" data-e-type=\"section\" data-settings=\"{&quot;animation&quot;:&quot;slideInUp&quot;}\">\n\t\t\t\t\t\t<div class=\"elementor-container elementor-column-gap-default\">\n\t\t\t\t\t<div class=\"elementor-column elementor-col-100 elementor-top-column elementor-element elementor-element-19948363\" data-id=\"19948363\" data-element_type=\"column\" data-e-type=\"column\">\n\t\t\t<div class=\"elementor-widget-wrap elementor-element-populated\">\n\t\t\t\t\t\t<div class=\"elementor-element elementor-element-339044a4 elementor-widget elementor-widget-google_maps\" data-id=\"339044a4\" data-element_type=\"widget\" data-e-type=\"widget\" data-widget_type=\"google_maps.default\">\n\t\t\t\t<div class=\"elementor-widget-container\">\n\t\t\t\t\t\t\t<div class=\"elementor-custom-embed\">\n\t\t\t<iframe loading=\"lazy\"\n\t\t\t\t\tsrc=\"https:\/\/maps.google.com\/maps?q=C%2F%20Pintor%20Joan%20Miro%2C%2016.%20Pol.%20Ind.%20Can%20Humet%20de%20Dalt%2C%2008213%20Poliny%C3%A0.%20Barcelona&#038;t=m&#038;z=15&#038;output=embed&#038;iwloc=near\"\n\t\t\t\t\ttitle=\"C\/ Pintor Joan Miro, 16. Pol. Ind. Can Humet de Dalt, 08213 Poliny\u00e0. Barcelone\"\n\t\t\t\t\taria-label=\"C\/ Pintor Joan Miro, 16. Pol. Ind. Can Humet de Dalt, 08213 Poliny\u00e0. Barcelone\"\n\t\t\t><\/iframe>\n\t\t<\/div>\n\t\t\t\t\t\t<\/div>\n\t\t\t\t<\/div>\n\t\t\t\t\t<\/div>\n\t\t<\/div>\n\t\t\t\t\t<\/div>\n\t\t<\/section>\n\t\t\t\t<\/div>","protected":false},"excerpt":{"rendered":"<p>L&#039;importance d&#039;une bonne hygi\u00e8ne avec les produits de notre entreprise de d\u00e9tergents d\u00e9graissants. L&#039;efficacit\u00e9 d&#039;un bon d\u00e9graissant se v\u00e9rifie dans les endroits o\u00f9 la graisse s&#039;accumule facilement, comme les cuisines, o\u00f9 le nettoyage doit \u00eatre le plus minutieux et le plus s\u00fbr. Notre entreprise\u2026&nbsp;<a href=\"https:\/\/dermo.com\/fr\/entreprise-de-detergents-degraissants\/\" rel=\"bookmark\">En savoir plus &quot;<span class=\"screen-reader-text\">Entreprise de d\u00e9tergents d\u00e9graissants<\/span><\/a><\/p>","protected":false},"author":2,"featured_media":0,"parent":0,"menu_order":0,"comment_status":"closed","ping_status":"closed","template":"page-templates\/template-pagebuilder-full-width.php","meta":{"neve_meta_sidebar":"","neve_meta_container":"","neve_meta_enable_content_width":"","neve_meta_content_width":0,"neve_meta_title_alignment":"","neve_meta_author_avatar":"","neve_post_elements_order":"","neve_meta_disable_header":"","neve_meta_disable_footer":"","neve_meta_disable_title":"","footnotes":""},"class_list":["post-13101","page","type-page","status-publish","hentry"],"yoast_head":"<!-- This site is optimized with the Yoast SEO plugin v27.0 - https:\/\/yoast.com\/product\/yoast-seo-wordpress\/ -->\n<title>Empresa de detergentes desengrasantes - Dermo | F\u00e1brica de detergentes<\/title>\n<meta name=\"robots\" content=\"index, follow, max-snippet:-1, max-image-preview:large, max-video-preview:-1\" \/>\n<link rel=\"canonical\" href=\"https:\/\/dermo.com\/fr\/entreprise-de-detergents-degraissants\/\" \/>\n<meta property=\"og:locale\" content=\"fr_FR\" \/>\n<meta property=\"og:type\" content=\"article\" \/>\n<meta property=\"og:title\" content=\"Empresa de detergentes desengrasantes - Dermo | F\u00e1brica de detergentes\" \/>\n<meta property=\"og:description\" content=\"La importancia de una buena higiene con los productos de nuestra empresa de detergentes desengrasantes La eficacia de un buen desengrasante se puede comprobar en aquellos lugares en los que la grasa se acumula con gran facilidad, como por ejemplo las cocinas, el \u00e1rea donde m\u00e1s minuciosa debe ser la limpieza con total seguridad. Nuestra\u00a0empresa&hellip;&nbsp;Lire la suite &raquo;Empresa de detergentes desengrasantes\" \/>\n<meta property=\"og:url\" content=\"https:\/\/dermo.com\/fr\/entreprise-de-detergents-degraissants\/\" \/>\n<meta property=\"og:site_name\" content=\"Dermo | F\u00e1brica de detergentes\" \/>\n<meta property=\"article:modified_time\" content=\"2025-02-19T10:49:16+00:00\" \/>\n<meta name=\"twitter:card\" content=\"summary_large_image\" \/>\n<meta name=\"twitter:label1\" content=\"Dur\u00e9e de lecture estim\u00e9e\" \/>\n\t<meta name=\"twitter:data1\" content=\"3 minutes\" \/>\n<script type=\"application\/ld+json\" class=\"yoast-schema-graph\">{\"@context\":\"https:\/\/schema.org\",\"@graph\":[{\"@type\":\"WebPage\",\"@id\":\"https:\/\/dermo.com\/empresa-de-detergentes-desengrasantes\/\",\"url\":\"https:\/\/dermo.com\/empresa-de-detergentes-desengrasantes\/\",\"name\":\"Empresa de detergentes desengrasantes - Dermo | F\u00e1brica de detergentes\",\"isPartOf\":{\"@id\":\"https:\/\/dermo.com\/#website\"},\"datePublished\":\"2025-01-31T11:20:02+00:00\",\"dateModified\":\"2025-02-19T10:49:16+00:00\",\"breadcrumb\":{\"@id\":\"https:\/\/dermo.com\/empresa-de-detergentes-desengrasantes\/#breadcrumb\"},\"inLanguage\":\"fr-FR\",\"potentialAction\":[{\"@type\":\"ReadAction\",\"target\":[\"https:\/\/dermo.com\/empresa-de-detergentes-desengrasantes\/\"]}]},{\"@type\":\"BreadcrumbList\",\"@id\":\"https:\/\/dermo.com\/empresa-de-detergentes-desengrasantes\/#breadcrumb\",\"itemListElement\":[{\"@type\":\"ListItem\",\"position\":1,\"name\":\"Portada\",\"item\":\"https:\/\/dermo.com\/\"},{\"@type\":\"ListItem\",\"position\":2,\"name\":\"Empresa de detergentes desengrasantes\"}]},{\"@type\":\"WebSite\",\"@id\":\"https:\/\/dermo.com\/#website\",\"url\":\"https:\/\/dermo.com\/\",\"name\":\"Dermo | F\u00e1brica de detergentes\",\"description\":\"Tecnolog\u00eda avanzada, investigaci\u00f3n y desarrollo, respeto por el medio ambiente, competencia, formaci\u00f3n constante y alto nivel de profesionalidad en nuestro equipo humano, empe\u00f1ado en preservar la calidad de vida, la protecci\u00f3n del entorno natural contin\u00faan motiv\u00e1ndonos para desarrollar en nuestros laboratorios nuevos productos con ingredientes activos altamente biodegradables que hacen posible un desarrollo sostenible.\",\"potentialAction\":[{\"@type\":\"SearchAction\",\"target\":{\"@type\":\"EntryPoint\",\"urlTemplate\":\"https:\/\/dermo.com\/?s={search_term_string}\"},\"query-input\":{\"@type\":\"PropertyValueSpecification\",\"valueRequired\":true,\"valueName\":\"search_term_string\"}}],\"inLanguage\":\"fr-FR\"}]}<\/script>\n<!-- \/ Yoast SEO plugin. -->","yoast_head_json":{"title":"Entreprise de d\u00e9tergents d\u00e9graissants - Dermo | Usine de d\u00e9tergents","robots":{"index":"index","follow":"follow","max-snippet":"max-snippet:-1","max-image-preview":"max-image-preview:large","max-video-preview":"max-video-preview:-1"},"canonical":"https:\/\/dermo.com\/fr\/entreprise-de-detergents-degraissants\/","og_locale":"fr_FR","og_type":"article","og_title":"Empresa de detergentes desengrasantes - Dermo | F\u00e1brica de detergentes","og_description":"La importancia de una buena higiene con los productos de nuestra empresa de detergentes desengrasantes La eficacia de un buen desengrasante se puede comprobar en aquellos lugares en los que la grasa se acumula con gran facilidad, como por ejemplo las cocinas, el \u00e1rea donde m\u00e1s minuciosa debe ser la limpieza con total seguridad. Nuestra\u00a0empresa&hellip;&nbsp;Lire la suite &raquo;Empresa de detergentes desengrasantes","og_url":"https:\/\/dermo.com\/fr\/entreprise-de-detergents-degraissants\/","og_site_name":"Dermo | F\u00e1brica de detergentes","article_modified_time":"2025-02-19T10:49:16+00:00","twitter_card":"summary_large_image","twitter_misc":{"Dur\u00e9e de lecture estim\u00e9e":"3 minutes"},"schema":{"@context":"https:\/\/schema.org","@graph":[{"@type":"WebPage","@id":"https:\/\/dermo.com\/empresa-de-detergentes-desengrasantes\/","url":"https:\/\/dermo.com\/empresa-de-detergentes-desengrasantes\/","name":"Entreprise de d\u00e9tergents d\u00e9graissants - Dermo | Usine de d\u00e9tergents","isPartOf":{"@id":"https:\/\/dermo.com\/#website"},"datePublished":"2025-01-31T11:20:02+00:00","dateModified":"2025-02-19T10:49:16+00:00","breadcrumb":{"@id":"https:\/\/dermo.com\/empresa-de-detergentes-desengrasantes\/#breadcrumb"},"inLanguage":"fr-FR","potentialAction":[{"@type":"ReadAction","target":["https:\/\/dermo.com\/empresa-de-detergentes-desengrasantes\/"]}]},{"@type":"BreadcrumbList","@id":"https:\/\/dermo.com\/empresa-de-detergentes-desengrasantes\/#breadcrumb","itemListElement":[{"@type":"ListItem","position":1,"name":"Portada","item":"https:\/\/dermo.com\/"},{"@type":"ListItem","position":2,"name":"Empresa de detergentes desengrasantes"}]},{"@type":"WebSite","@id":"https:\/\/dermo.com\/#website","url":"https:\/\/dermo.com\/","name":"Dermo | usine de d\u00e9tergents","description":"Technologie avanc\u00e9e, recherche et d\u00e9veloppement, respect de l&#039;environnement, comp\u00e9tence, formation constante et haut niveau de professionnalisme de notre \u00e9quipe humaine, engag\u00e9e \u00e0 pr\u00e9server la qualit\u00e9 de vie, la protection de l&#039;environnement naturel continuent de nous motiver \u00e0 d\u00e9velopper de nouveaux produits dans notre laboratoires aux principes actifs hautement biod\u00e9gradables qui rendent possible le d\u00e9veloppement durable.","potentialAction":[{"@type":"SearchAction","target":{"@type":"EntryPoint","urlTemplate":"https:\/\/dermo.com\/?s={search_term_string}"},"query-input":{"@type":"PropertyValueSpecification","valueRequired":true,"valueName":"search_term_string"}}],"inLanguage":"fr-FR"}]}},"_links":{"self":[{"href":"https:\/\/dermo.com\/fr\/wp-json\/wp\/v2\/pages\/13101","targetHints":{"allow":["GET"]}}],"collection":[{"href":"https:\/\/dermo.com\/fr\/wp-json\/wp\/v2\/pages"}],"about":[{"href":"https:\/\/dermo.com\/fr\/wp-json\/wp\/v2\/types\/page"}],"author":[{"embeddable":true,"href":"https:\/\/dermo.com\/fr\/wp-json\/wp\/v2\/users\/2"}],"replies":[{"embeddable":true,"href":"https:\/\/dermo.com\/fr\/wp-json\/wp\/v2\/comments?post=13101"}],"version-history":[{"count":7,"href":"https:\/\/dermo.com\/fr\/wp-json\/wp\/v2\/pages\/13101\/revisions"}],"predecessor-version":[{"id":13496,"href":"https:\/\/dermo.com\/fr\/wp-json\/wp\/v2\/pages\/13101\/revisions\/13496"}],"wp:attachment":[{"href":"https:\/\/dermo.com\/fr\/wp-json\/wp\/v2\/media?parent=13101"}],"curies":[{"name":"wp","href":"https:\/\/api.w.org\/{rel}","templated":true}]}}