{"id":13112,"date":"2025-01-31T12:24:09","date_gmt":"2025-01-31T11:24:09","guid":{"rendered":"https:\/\/dermo.com\/?page_id=13112"},"modified":"2025-02-19T12:17:44","modified_gmt":"2025-02-19T11:17:44","slug":"nettoyage-industriel-2","status":"publish","type":"page","link":"https:\/\/dermo.com\/fr\/nettoyage-industriel-2\/","title":{"rendered":"Nettoyage industriel"},"content":{"rendered":"<div data-elementor-type=\"wp-page\" data-elementor-id=\"13112\" class=\"elementor elementor-13112\" data-elementor-post-type=\"page\">\n\t\t\t\t\t\t<section class=\"elementor-section elementor-top-section elementor-element elementor-element-027c68f elementor-section-boxed elementor-section-height-default elementor-section-height-default\" data-id=\"027c68f\" data-element_type=\"section\" data-e-type=\"section\" data-settings=\"{&quot;background_background&quot;:&quot;classic&quot;}\">\n\t\t\t\t\t\t\t<div class=\"elementor-background-overlay\"><\/div>\n\t\t\t\t\t\t\t<div class=\"elementor-container elementor-column-gap-default\">\n\t\t\t\t\t<div class=\"elementor-column elementor-col-100 elementor-top-column elementor-element elementor-element-5b0266a\" data-id=\"5b0266a\" data-element_type=\"column\" data-e-type=\"column\">\n\t\t\t<div class=\"elementor-widget-wrap elementor-element-populated\">\n\t\t\t\t\t\t\t<\/div>\n\t\t<\/div>\n\t\t\t\t\t<\/div>\n\t\t<\/section>\n\t\t\t\t<section class=\"elementor-section elementor-top-section elementor-element elementor-element-138686e elementor-section-boxed elementor-section-height-default elementor-section-height-default\" data-id=\"138686e\" data-element_type=\"section\" data-e-type=\"section\">\n\t\t\t\t\t\t<div class=\"elementor-container elementor-column-gap-default\">\n\t\t\t\t\t<div class=\"elementor-column elementor-col-100 elementor-top-column elementor-element elementor-element-0467688\" data-id=\"0467688\" data-element_type=\"column\" data-e-type=\"column\">\n\t\t\t<div class=\"elementor-widget-wrap elementor-element-populated\">\n\t\t\t\t\t\t<section class=\"elementor-section elementor-inner-section elementor-element elementor-element-c6917fa elementor-section-content-middle elementor-section-boxed elementor-section-height-default elementor-section-height-default\" data-id=\"c6917fa\" data-element_type=\"section\" data-e-type=\"section\">\n\t\t\t\t\t\t<div class=\"elementor-container elementor-column-gap-default\">\n\t\t\t\t\t<div class=\"elementor-column elementor-col-50 elementor-inner-column elementor-element elementor-element-0d21739\" data-id=\"0d21739\" data-element_type=\"column\" data-e-type=\"column\">\n\t\t\t<div class=\"elementor-widget-wrap elementor-element-populated\">\n\t\t\t\t\t\t<div class=\"elementor-element elementor-element-244021d elementor-widget elementor-widget-text-editor\" data-id=\"244021d\" data-element_type=\"widget\" data-e-type=\"widget\" data-widget_type=\"text-editor.default\">\n\t\t\t\t<div class=\"elementor-widget-container\">\n\t\t\t\t\t\t\t\t\t<div id=\"lipsum\"><h2>Dermo : Nettoyage industriel<\/h2><p style=\"margin-bottom: 10px; overflow-wrap: break-word; color: #8b8d94; font-family: Roboto, Helvetica, Arial, Verdana, sans-serif;\">Nous sommes une entreprise sp\u00e9cialis\u00e9e dans la\u00a0<span style=\"padding: 0px; margin: 0px; font-weight: bold;\">nettoyage<\/span>\u00a0et l&#039;hygi\u00e8ne\u00a0<span style=\"padding: 0px; margin: 0px; font-weight: bold;\">industriel<\/span>\u00a0et domestique, et nous travaillons toujours avec une technologie de pointe, des techniques innovantes et en d\u00e9veloppant constamment de nouvelles formules qui nous conduisent \u00e0 am\u00e9liorer le r\u00e9sultat final de nos produits. Gr\u00e2ce \u00e0 notre exp\u00e9rience de plus de 25 ans dans ce secteur, nous disposons d&#039;un catalogue tr\u00e8s vari\u00e9, pour vous offrir des options infinies afin que vous puissiez trouver les meilleurs produits pour le\u00a0<span style=\"padding: 0px; margin: 0px; font-weight: bold;\">nettoyage industriel<\/span>.<\/p><p style=\"margin-bottom: 10px; overflow-wrap: break-word; color: #8b8d94; font-family: Roboto, Helvetica, Arial, Verdana, sans-serif;\">Au fil des ann\u00e9es, nous avons cr\u00e9\u00e9 des produits hautement efficaces, durables et sp\u00e9cifiques pour diff\u00e9rents types de surfaces, capables d&#039;agir en quelques instants et de maintenir leur efficacit\u00e9 au fil des jours. Chez Dermo, nous avons cr\u00e9\u00e9 de nombreux d\u00e9tergents ax\u00e9s sur\u00a0<span style=\"padding: 0px; margin: 0px; font-weight: bold;\">nettoyage<\/span>\u00a0professionnel du secteur\u00a0<span style=\"padding: 0px; margin: 0px; font-weight: bold;\">industriel<\/span>Pour cette raison, nous sommes devenus une marque engag\u00e9e, professionnelle et distinctive, qui nous a positionn\u00e9 comme une marque de r\u00e9f\u00e9rence dans ce secteur.<\/p><\/div>\t\t\t\t\t\t\t\t<\/div>\n\t\t\t\t<\/div>\n\t\t\t\t\t<\/div>\n\t\t<\/div>\n\t\t\t\t<div class=\"elementor-column elementor-col-50 elementor-inner-column elementor-element elementor-element-c7d76f5 elementor-invisible\" data-id=\"c7d76f5\" data-element_type=\"column\" data-e-type=\"column\" data-settings=\"{&quot;animation&quot;:&quot;bounceInRight&quot;}\">\n\t\t\t<div class=\"elementor-widget-wrap elementor-element-populated\">\n\t\t\t\t\t\t<div class=\"elementor-element elementor-element-42390d6 elementor-widget__width-initial elementor-widget elementor-widget-elementskit-contact-form7\" data-id=\"42390d6\" data-element_type=\"widget\" data-e-type=\"widget\" data-widget_type=\"elementskit-contact-form7.default\">\n\t\t\t\t<div class=\"elementor-widget-container\">\n\t\t\t\t\t<div class=\"ekit-wid-con\" ><div class=\"ekit-form\">\n<div class=\"wpcf7 no-js\" id=\"wpcf7-f13292-p13112-o1\" lang=\"es-ES\" dir=\"ltr\" data-wpcf7-id=\"13292\">\n<div class=\"screen-reader-response\"><p role=\"status\" aria-live=\"polite\" aria-atomic=\"true\"><\/p> <ul><\/ul><\/div>\n<form action=\"\/fr\/nettoyage-industriel-2\/#wpcf7-f13292-p13112-o1\" method=\"post\" class=\"wpcf7-form init\" aria-label=\"Formulario de contacto\" novalidate=\"novalidate\" data-status=\"init\" data-no-translation-aria-label=\"\" data-trp-original-action=\"\/pt\/limpieza-industrial-2\/#wpcf7-f13292-p13112-o1\">\n<fieldset class=\"hidden-fields-container\"><input type=\"hidden\" name=\"_wpcf7\" value=\"13292\" \/><input type=\"hidden\" name=\"_wpcf7_version\" value=\"6.1.5\" \/><input type=\"hidden\" name=\"_wpcf7_locale\" value=\"es_ES\" \/><input type=\"hidden\" name=\"_wpcf7_unit_tag\" value=\"wpcf7-f13292-p13112-o1\" \/><input type=\"hidden\" name=\"_wpcf7_container_post\" value=\"13112\" \/><input type=\"hidden\" name=\"_wpcf7_posted_data_hash\" value=\"\" \/><input type=\"hidden\" name=\"_wpcf7_recaptcha_response\" value=\"\" \/>\n<\/fieldset>\n<div style=\"display: flex; gap: 10px;\">\n\t<div style=\"width: 50%;\">\n\t\t<p><span class=\"wpcf7-form-control-wrap\" data-name=\"your-name\"><input size=\"40\" maxlength=\"400\" class=\"wpcf7-form-control wpcf7-text wpcf7-validates-as-required\" aria-required=\"true\" aria-invalid=\"false\" placeholder=\"Nom\" value=\"\" type=\"text\" name=\"your-name\" \/><\/span>\n\t\t<\/p>\n\t<\/div>\n\t<div style=\"width: 50%;\">\n\t\t<p><span class=\"wpcf7-form-control-wrap\" data-name=\"your-phone\"><input size=\"40\" maxlength=\"400\" class=\"wpcf7-form-control wpcf7-tel wpcf7-validates-as-required wpcf7-text wpcf7-validates-as-tel\" aria-required=\"true\" aria-invalid=\"false\" placeholder=\"T\u00e9l\u00e9phone\" value=\"\" type=\"tel\" name=\"your-phone\" \/><\/span>\n\t\t<\/p>\n\t<\/div>\n<\/div>\n<p><span class=\"wpcf7-form-control-wrap\" data-name=\"your-email\"><input size=\"40\" maxlength=\"400\" class=\"wpcf7-form-control wpcf7-email wpcf7-validates-as-required wpcf7-text wpcf7-validates-as-email\" aria-required=\"true\" aria-invalid=\"false\" placeholder=\"E-mail\" value=\"\" type=\"email\" name=\"your-email\" \/><\/span>\n<\/p>\n<div style=\"display: flex; gap: 10px;\">\n\t<div style=\"width: 50%;\">\n\t\t<p><span class=\"wpcf7-form-control-wrap\" data-name=\"your-country\"><input size=\"40\" maxlength=\"400\" class=\"wpcf7-form-control wpcf7-text wpcf7-validates-as-required\" aria-required=\"true\" aria-invalid=\"false\" placeholder=\"Pays\" value=\"\" type=\"text\" name=\"your-country\" \/><\/span>\n\t\t<\/p>\n\t<\/div>\n\t<div style=\"width: 50%;\">\n\t\t<p><span class=\"wpcf7-form-control-wrap\" data-name=\"your-city\"><input size=\"40\" maxlength=\"400\" class=\"wpcf7-form-control wpcf7-text wpcf7-validates-as-required\" aria-required=\"true\" aria-invalid=\"false\" placeholder=\"Population\" value=\"\" type=\"text\" name=\"your-city\" \/><\/span>\n\t\t<\/p>\n\t<\/div>\n<\/div>\n<p><span class=\"wpcf7-form-control-wrap\" data-name=\"your-subject\"><select class=\"wpcf7-form-control wpcf7-select\" aria-invalid=\"false\" name=\"your-subject\"><option value=\"Quiero ser distribuidor\">Je veux \u00eatre distributeur<\/option><option value=\"Presupuesto\">Budget<\/option><option value=\"Consulta\">Consultation<\/option><option value=\"Sugerencia\">Suggestion<\/option><option value=\"Otros\">Autres<\/option><\/select><\/span>\n<\/p>\n<p><span class=\"wpcf7-form-control-wrap\" data-name=\"your-message\"><textarea cols=\"40\" rows=\"10\" maxlength=\"2000\" class=\"wpcf7-form-control wpcf7-textarea\" aria-invalid=\"false\" placeholder=\"Message ou demande\" name=\"your-message\"><\/textarea><\/span>\n<\/p>\n<div style=\"display: flex; align-items: center; gap: 10px;\">\n\t<p><span class=\"wpcf7-form-control-wrap\" data-name=\"privacy-policy\"><span class=\"wpcf7-form-control wpcf7-acceptance\"><span class=\"wpcf7-list-item\"><input type=\"checkbox\" name=\"privacy-policy\" value=\"1\" aria-invalid=\"false\" \/><\/span><\/span><\/span><label for=\"privacy-policy\" style=\"margin-left: 5px;\">J&#039;ai lu et accept\u00e9 la politique de confidentialit\u00e9.<\/label>\n\t<\/p>\n<\/div>\n<div style=\"display: flex; align-items: center; gap: 10px;\">\n\t<p><span class=\"wpcf7-form-control-wrap\" data-name=\"send-info\"><span class=\"wpcf7-form-control wpcf7-acceptance\"><span class=\"wpcf7-list-item\"><input type=\"checkbox\" name=\"send-info\" value=\"1\" aria-invalid=\"false\" \/><\/span><\/span><\/span><label for=\"send-info\" style=\"margin-left: 5px;\">J&#039;accepte de recevoir des informations.<\/label>\n\t<\/p>\n<\/div>\n<p><input class=\"wpcf7-form-control wpcf7-submit has-spinner\" type=\"submit\" value=\"Envoyer\" \/>\n<\/p><div class=\"wpcf7-response-output\" aria-hidden=\"true\"><\/div>\n<input type=\"hidden\" name=\"trp-form-language\" value=\"fr\"\/><\/form>\n<\/div>\n<\/div><\/div>\t\t\t\t<\/div>\n\t\t\t\t<\/div>\n\t\t\t\t\t<\/div>\n\t\t<\/div>\n\t\t\t\t\t<\/div>\n\t\t<\/section>\n\t\t\t\t<div class=\"elementor-element elementor-element-c069115 elementor-widget elementor-widget-text-editor\" data-id=\"c069115\" data-element_type=\"widget\" data-e-type=\"widget\" data-widget_type=\"text-editor.default\">\n\t\t\t\t<div class=\"elementor-widget-container\">\n\t\t\t\t\t\t\t\t\t<div id=\"lipsum\"><p>Le nettoyage en profondeur dans les installations et les installations industrielles, les usines et les usines de transformation n\u00e9cessite l&#039;utilisation de produits concentr\u00e9s et sp\u00e9cifiques, capables d&#039;assainir et de d\u00e9sinfecter les surfaces afin d&#039;\u00e9viter la contamination crois\u00e9e. Chez Dermo, vous trouverez des produits id\u00e9aux pour la\u00a0<strong>nettoyage industriel,<\/strong>\u00a0comme par exemple le\u00a0<a href=\"https:\/\/dermo.com\/fr\/catalogue\/es\/21-desengrasantes\/\">d\u00e9graissants industriels<\/a>, qui sont responsables du nettoyage en toute s\u00e9curit\u00e9 des zones qui accumulent le plus de graisse et sont \u00e9galement pr\u00e9par\u00e9s pour nettoyer en toute s\u00e9curit\u00e9 les zones en contact avec les aliments, telles que les grils, les friteuses, les hottes, les cuisini\u00e8res, etc.<\/p><p>Nous avons \u00e9galement une gamme de\u00a0<a href=\"https:\/\/dermo.com\/fr\/catalogue\/es\/17-desinfectantes-registro-ha\/\">d\u00e9sinfectants industriels<\/a>, qui sont class\u00e9s comme bact\u00e9ricides et fongicides, et qui b\u00e9n\u00e9ficient \u00e9galement d&#039;un enregistrement sp\u00e9cial pour l&#039;hygi\u00e8ne alimentaire et sont capables de nettoyer et de d\u00e9sinfecter en une seule action.<\/p><p>Chez Dermo, nous avons \u00e9galement con\u00e7u une ligne de\u00a0<a href=\"https:\/\/dermo.com\/fr\/catalogue\/es\/16-desincrustantes\/\">agents d\u00e9tartrants<\/a>, \u00e9galement ax\u00e9 sur la\u00a0<strong>nettoyage industriel<\/strong>\u00a0qui sont utilis\u00e9s pour \u00e9liminer les r\u00e9sidus de calcaire de tout type de surface ; planchers, \u00e9viers, lave-vaisselle, \u00e9l\u00e9ments chauffants, etc.<\/p><p>Sur notre site vous pourrez d\u00e9couvrir tous nos produits pour le nettoyage industriel, en pouvant lire toutes leurs caract\u00e9ristiques techniques. Nous disposons de produits \u00e9cologiques, de produits pour le traitement des sols, pour le nettoyage des salles de bains, des cuisines, des nettoyants multi-usages, des d\u00e9sodorisants, des nettoyants sp\u00e9cifiques, pour la blanchisserie, l&#039;industrie et l&#039;automobile, des produits d&#039;entretien pour la vaisselle, des produits de nettoyage, etc.<\/p><p>Chez Dermo, nous avons des produits con\u00e7us pour diff\u00e9rents types de secteurs, proposant des solutions sur mesure pour chacun d&#039;eux. Vous trouverez des produits con\u00e7us pour le nettoyage des h\u00f4tels, des maisons de retraite, de la restauration, de l&#039;industrie et de l&#039;automobile, des services de nettoyage, de l&#039;hygi\u00e8ne personnelle, de l&#039;hygi\u00e8ne alimentaire, etc.<\/p><p>Notre objectif principal est de continuer \u00e0 concevoir des produits et d\u00e9tergents de haute qualit\u00e9 et sp\u00e9cialis\u00e9s, afin de fournir un service complet et efficace \u00e0 tous nos clients.<\/p><p>Si vous recherchez les meilleurs produits pour le\u00a0<strong>nettoyage industriel<\/strong>, Contactez-nous.<\/p><\/div>\t\t\t\t\t\t\t\t<\/div>\n\t\t\t\t<\/div>\n\t\t\t\t\t<\/div>\n\t\t<\/div>\n\t\t\t\t\t<\/div>\n\t\t<\/section>\n\t\t\t\t<section class=\"elementor-section elementor-top-section elementor-element elementor-element-3968ce4 elementor-section-full_width elementor-section-height-default elementor-section-height-default elementor-invisible\" data-id=\"3968ce4\" data-element_type=\"section\" data-e-type=\"section\" data-settings=\"{&quot;animation&quot;:&quot;slideInUp&quot;}\">\n\t\t\t\t\t\t<div class=\"elementor-container elementor-column-gap-default\">\n\t\t\t\t\t<div class=\"elementor-column elementor-col-100 elementor-top-column elementor-element elementor-element-dd7cebc\" data-id=\"dd7cebc\" data-element_type=\"column\" data-e-type=\"column\">\n\t\t\t<div class=\"elementor-widget-wrap elementor-element-populated\">\n\t\t\t\t\t\t<div class=\"elementor-element elementor-element-d06f606 elementor-widget elementor-widget-google_maps\" data-id=\"d06f606\" data-element_type=\"widget\" data-e-type=\"widget\" data-widget_type=\"google_maps.default\">\n\t\t\t\t<div class=\"elementor-widget-container\">\n\t\t\t\t\t\t\t<div class=\"elementor-custom-embed\">\n\t\t\t<iframe loading=\"lazy\"\n\t\t\t\t\tsrc=\"https:\/\/maps.google.com\/maps?q=C%2F%20Pintor%20Joan%20Miro%2C%2016.%20Pol.%20Ind.%20Can%20Humet%20de%20Dalt%2C%2008213%20Poliny%C3%A0.%20Barcelona&#038;t=m&#038;z=15&#038;output=embed&#038;iwloc=near\"\n\t\t\t\t\ttitle=\"C\/ Pintor Joan Miro, 16. Pol. Ind. Can Humet de Dalt, 08213 Poliny\u00e0. Barcelone\"\n\t\t\t\t\taria-label=\"C\/ Pintor Joan Miro, 16. Pol. Ind. Can Humet de Dalt, 08213 Poliny\u00e0. Barcelone\"\n\t\t\t><\/iframe>\n\t\t<\/div>\n\t\t\t\t\t\t<\/div>\n\t\t\t\t<\/div>\n\t\t\t\t\t<\/div>\n\t\t<\/div>\n\t\t\t\t\t<\/div>\n\t\t<\/section>\n\t\t\t\t<\/div>","protected":false},"excerpt":{"rendered":"<p>Dermo : Nettoyage industriel. Sp\u00e9cialis\u00e9s dans le nettoyage et l&#039;hygi\u00e8ne industriels et domestiques, nous utilisons des technologies de pointe et des techniques innovantes, et d\u00e9veloppons constamment de nouvelles formules pour am\u00e9liorer le r\u00e9sultat final de nos produits. Forts de plus de 25 ans d&#039;exp\u00e9rience dans ce secteur, nous disposons d&#039;un catalogue tr\u00e8s diversifi\u00e9\u2026&nbsp;<a href=\"https:\/\/dermo.com\/fr\/nettoyage-industriel-2\/\" rel=\"bookmark\">En savoir plus &quot;<span class=\"screen-reader-text\">Nettoyage industriel<\/span><\/a><\/p>","protected":false},"author":2,"featured_media":0,"parent":0,"menu_order":0,"comment_status":"closed","ping_status":"closed","template":"page-templates\/template-pagebuilder-full-width.php","meta":{"neve_meta_sidebar":"","neve_meta_container":"","neve_meta_enable_content_width":"","neve_meta_content_width":0,"neve_meta_title_alignment":"","neve_meta_author_avatar":"","neve_post_elements_order":"","neve_meta_disable_header":"","neve_meta_disable_footer":"","neve_meta_disable_title":"","footnotes":""},"class_list":["post-13112","page","type-page","status-publish","hentry"],"yoast_head":"<!-- This site is optimized with the Yoast SEO plugin v27.0 - https:\/\/yoast.com\/product\/yoast-seo-wordpress\/ -->\n<title>Limpieza industrial - Dermo | F\u00e1brica de detergentes<\/title>\n<meta name=\"robots\" content=\"index, follow, max-snippet:-1, max-image-preview:large, max-video-preview:-1\" \/>\n<link rel=\"canonical\" href=\"https:\/\/dermo.com\/fr\/nettoyage-industriel-2\/\" \/>\n<meta property=\"og:locale\" content=\"fr_FR\" \/>\n<meta property=\"og:type\" content=\"article\" \/>\n<meta property=\"og:title\" content=\"Limpieza industrial - Dermo | F\u00e1brica de detergentes\" \/>\n<meta property=\"og:description\" content=\"Dermo: Limpieza industrial Somos una empresa especializada en la\u00a0limpieza\u00a0y la higiene\u00a0industrial\u00a0y dom\u00e9stica, y siempre trabajamos con una tecnolog\u00eda avanzada, t\u00e9cnicas innovadoras y desarrollando, constantemente, nuevas formulas que nos lleven a mejorar el resultado final de nuestros productos. Gracias a nuestra experiencia de m\u00e1s de 25 a\u00f1os en este sector, contamos con un cat\u00e1logo muy variado,&hellip;&nbsp;Lire la suite &raquo;Limpieza industrial\" \/>\n<meta property=\"og:url\" content=\"https:\/\/dermo.com\/fr\/nettoyage-industriel-2\/\" \/>\n<meta property=\"og:site_name\" content=\"Dermo | F\u00e1brica de detergentes\" \/>\n<meta property=\"article:modified_time\" content=\"2025-02-19T11:17:44+00:00\" \/>\n<meta name=\"twitter:card\" content=\"summary_large_image\" \/>\n<meta name=\"twitter:label1\" content=\"Dur\u00e9e de lecture estim\u00e9e\" \/>\n\t<meta name=\"twitter:data1\" content=\"3 minutes\" \/>\n<script type=\"application\/ld+json\" class=\"yoast-schema-graph\">{\"@context\":\"https:\/\/schema.org\",\"@graph\":[{\"@type\":\"WebPage\",\"@id\":\"https:\/\/dermo.com\/limpieza-industrial-2\/\",\"url\":\"https:\/\/dermo.com\/limpieza-industrial-2\/\",\"name\":\"Limpieza industrial - Dermo | F\u00e1brica de detergentes\",\"isPartOf\":{\"@id\":\"https:\/\/dermo.com\/#website\"},\"datePublished\":\"2025-01-31T11:24:09+00:00\",\"dateModified\":\"2025-02-19T11:17:44+00:00\",\"breadcrumb\":{\"@id\":\"https:\/\/dermo.com\/limpieza-industrial-2\/#breadcrumb\"},\"inLanguage\":\"fr-FR\",\"potentialAction\":[{\"@type\":\"ReadAction\",\"target\":[\"https:\/\/dermo.com\/limpieza-industrial-2\/\"]}]},{\"@type\":\"BreadcrumbList\",\"@id\":\"https:\/\/dermo.com\/limpieza-industrial-2\/#breadcrumb\",\"itemListElement\":[{\"@type\":\"ListItem\",\"position\":1,\"name\":\"Portada\",\"item\":\"https:\/\/dermo.com\/\"},{\"@type\":\"ListItem\",\"position\":2,\"name\":\"Limpieza industrial\"}]},{\"@type\":\"WebSite\",\"@id\":\"https:\/\/dermo.com\/#website\",\"url\":\"https:\/\/dermo.com\/\",\"name\":\"Dermo | F\u00e1brica de detergentes\",\"description\":\"Tecnolog\u00eda avanzada, investigaci\u00f3n y desarrollo, respeto por el medio ambiente, competencia, formaci\u00f3n constante y alto nivel de profesionalidad en nuestro equipo humano, empe\u00f1ado en preservar la calidad de vida, la protecci\u00f3n del entorno natural contin\u00faan motiv\u00e1ndonos para desarrollar en nuestros laboratorios nuevos productos con ingredientes activos altamente biodegradables que hacen posible un desarrollo sostenible.\",\"potentialAction\":[{\"@type\":\"SearchAction\",\"target\":{\"@type\":\"EntryPoint\",\"urlTemplate\":\"https:\/\/dermo.com\/?s={search_term_string}\"},\"query-input\":{\"@type\":\"PropertyValueSpecification\",\"valueRequired\":true,\"valueName\":\"search_term_string\"}}],\"inLanguage\":\"fr-FR\"}]}<\/script>\n<!-- \/ Yoast SEO plugin. -->","yoast_head_json":{"title":"Nettoyage industriel - Dermo | Usine de d\u00e9tergents","robots":{"index":"index","follow":"follow","max-snippet":"max-snippet:-1","max-image-preview":"max-image-preview:large","max-video-preview":"max-video-preview:-1"},"canonical":"https:\/\/dermo.com\/fr\/nettoyage-industriel-2\/","og_locale":"fr_FR","og_type":"article","og_title":"Limpieza industrial - Dermo | F\u00e1brica de detergentes","og_description":"Dermo: Limpieza industrial Somos una empresa especializada en la\u00a0limpieza\u00a0y la higiene\u00a0industrial\u00a0y dom\u00e9stica, y siempre trabajamos con una tecnolog\u00eda avanzada, t\u00e9cnicas innovadoras y desarrollando, constantemente, nuevas formulas que nos lleven a mejorar el resultado final de nuestros productos. Gracias a nuestra experiencia de m\u00e1s de 25 a\u00f1os en este sector, contamos con un cat\u00e1logo muy variado,&hellip;&nbsp;Lire la suite &raquo;Limpieza industrial","og_url":"https:\/\/dermo.com\/fr\/nettoyage-industriel-2\/","og_site_name":"Dermo | F\u00e1brica de detergentes","article_modified_time":"2025-02-19T11:17:44+00:00","twitter_card":"summary_large_image","twitter_misc":{"Dur\u00e9e de lecture estim\u00e9e":"3 minutes"},"schema":{"@context":"https:\/\/schema.org","@graph":[{"@type":"WebPage","@id":"https:\/\/dermo.com\/limpieza-industrial-2\/","url":"https:\/\/dermo.com\/limpieza-industrial-2\/","name":"Nettoyage industriel - Dermo | Usine de d\u00e9tergents","isPartOf":{"@id":"https:\/\/dermo.com\/#website"},"datePublished":"2025-01-31T11:24:09+00:00","dateModified":"2025-02-19T11:17:44+00:00","breadcrumb":{"@id":"https:\/\/dermo.com\/limpieza-industrial-2\/#breadcrumb"},"inLanguage":"fr-FR","potentialAction":[{"@type":"ReadAction","target":["https:\/\/dermo.com\/limpieza-industrial-2\/"]}]},{"@type":"BreadcrumbList","@id":"https:\/\/dermo.com\/limpieza-industrial-2\/#breadcrumb","itemListElement":[{"@type":"ListItem","position":1,"name":"Portada","item":"https:\/\/dermo.com\/"},{"@type":"ListItem","position":2,"name":"Limpieza industrial"}]},{"@type":"WebSite","@id":"https:\/\/dermo.com\/#website","url":"https:\/\/dermo.com\/","name":"Dermo | usine de d\u00e9tergents","description":"Technologie avanc\u00e9e, recherche et d\u00e9veloppement, respect de l&#039;environnement, comp\u00e9tence, formation constante et haut niveau de professionnalisme de notre \u00e9quipe humaine, engag\u00e9e \u00e0 pr\u00e9server la qualit\u00e9 de vie, la protection de l&#039;environnement naturel continuent de nous motiver \u00e0 d\u00e9velopper de nouveaux produits dans notre laboratoires aux principes actifs hautement biod\u00e9gradables qui rendent possible le d\u00e9veloppement durable.","potentialAction":[{"@type":"SearchAction","target":{"@type":"EntryPoint","urlTemplate":"https:\/\/dermo.com\/?s={search_term_string}"},"query-input":{"@type":"PropertyValueSpecification","valueRequired":true,"valueName":"search_term_string"}}],"inLanguage":"fr-FR"}]}},"_links":{"self":[{"href":"https:\/\/dermo.com\/fr\/wp-json\/wp\/v2\/pages\/13112","targetHints":{"allow":["GET"]}}],"collection":[{"href":"https:\/\/dermo.com\/fr\/wp-json\/wp\/v2\/pages"}],"about":[{"href":"https:\/\/dermo.com\/fr\/wp-json\/wp\/v2\/types\/page"}],"author":[{"embeddable":true,"href":"https:\/\/dermo.com\/fr\/wp-json\/wp\/v2\/users\/2"}],"replies":[{"embeddable":true,"href":"https:\/\/dermo.com\/fr\/wp-json\/wp\/v2\/comments?post=13112"}],"version-history":[{"count":9,"href":"https:\/\/dermo.com\/fr\/wp-json\/wp\/v2\/pages\/13112\/revisions"}],"predecessor-version":[{"id":13626,"href":"https:\/\/dermo.com\/fr\/wp-json\/wp\/v2\/pages\/13112\/revisions\/13626"}],"wp:attachment":[{"href":"https:\/\/dermo.com\/fr\/wp-json\/wp\/v2\/media?parent=13112"}],"curies":[{"name":"wp","href":"https:\/\/api.w.org\/{rel}","templated":true}]}}