{"id":13118,"date":"2025-01-31T12:26:22","date_gmt":"2025-01-31T11:26:22","guid":{"rendered":"https:\/\/dermo.com\/?page_id=13118"},"modified":"2025-02-19T11:47:08","modified_gmt":"2025-02-19T10:47:08","slug":"entreprise-de-lessive-6","status":"publish","type":"page","link":"https:\/\/dermo.com\/fr\/entreprise-de-lessive-6\/","title":{"rendered":"Entreprise de d\u00e9tergents"},"content":{"rendered":"<div data-elementor-type=\"wp-page\" data-elementor-id=\"13118\" class=\"elementor elementor-13118\" data-elementor-post-type=\"page\">\n\t\t\t\t\t\t<section class=\"elementor-section elementor-top-section elementor-element elementor-element-a02683f elementor-section-boxed elementor-section-height-default elementor-section-height-default\" data-id=\"a02683f\" data-element_type=\"section\" data-e-type=\"section\" data-settings=\"{&quot;background_background&quot;:&quot;classic&quot;}\">\n\t\t\t\t\t\t\t<div class=\"elementor-background-overlay\"><\/div>\n\t\t\t\t\t\t\t<div class=\"elementor-container elementor-column-gap-default\">\n\t\t\t\t\t<div class=\"elementor-column elementor-col-100 elementor-top-column elementor-element elementor-element-f99dbff\" data-id=\"f99dbff\" data-element_type=\"column\" data-e-type=\"column\">\n\t\t\t<div class=\"elementor-widget-wrap elementor-element-populated\">\n\t\t\t\t\t\t\t<\/div>\n\t\t<\/div>\n\t\t\t\t\t<\/div>\n\t\t<\/section>\n\t\t\t\t<section class=\"elementor-section elementor-top-section elementor-element elementor-element-233ad3a4 elementor-section-boxed elementor-section-height-default elementor-section-height-default\" data-id=\"233ad3a4\" data-element_type=\"section\" data-e-type=\"section\">\n\t\t\t\t\t\t<div class=\"elementor-container elementor-column-gap-default\">\n\t\t\t\t\t<div class=\"elementor-column elementor-col-100 elementor-top-column elementor-element elementor-element-3244e578\" data-id=\"3244e578\" data-element_type=\"column\" data-e-type=\"column\">\n\t\t\t<div class=\"elementor-widget-wrap elementor-element-populated\">\n\t\t\t\t\t\t<section class=\"elementor-section elementor-inner-section elementor-element elementor-element-1a7040c2 elementor-section-content-middle elementor-section-boxed elementor-section-height-default elementor-section-height-default\" data-id=\"1a7040c2\" data-element_type=\"section\" data-e-type=\"section\">\n\t\t\t\t\t\t<div class=\"elementor-container elementor-column-gap-default\">\n\t\t\t\t\t<div class=\"elementor-column elementor-col-50 elementor-inner-column elementor-element elementor-element-58338543\" data-id=\"58338543\" data-element_type=\"column\" data-e-type=\"column\">\n\t\t\t<div class=\"elementor-widget-wrap elementor-element-populated\">\n\t\t\t\t\t\t<div class=\"elementor-element elementor-element-464b2e11 elementor-widget elementor-widget-text-editor\" data-id=\"464b2e11\" data-element_type=\"widget\" data-e-type=\"widget\" data-widget_type=\"text-editor.default\">\n\t\t\t\t<div class=\"elementor-widget-container\">\n\t\t\t\t\t\t\t\t\t<h4><strong>L&#039;exp\u00e9rience de notre entreprise de d\u00e9tergents est un dipl\u00f4me<\/strong><\/h4><p>Fond\u00e9e par Julio Molina en 1987, notre entreprise familiale offre depuis pr\u00e8s de 30 ans un service efficace et complet pour garantir une hygi\u00e8ne professionnelle dans n&#039;importe quel secteur. En 1998, la deuxi\u00e8me g\u00e9n\u00e9ration rejoint l&#039;entreprise, cr\u00e9ant un r\u00e9seau de travailleurs, de collaborateurs et de clients qui font d\u00e9sormais partie de notre \u00e9quipe actuelle, qui continue \u00e0 travailler, apr\u00e8s tant d&#039;ann\u00e9es, sur un projet plein d&#039;enthousiasme, engag\u00e9 envers l&#039;environnement et ax\u00e9 sur l&#039;offre du meilleur service.<\/p><p>L&#039;exp\u00e9rience de notre\u00a0<strong>entreprise de d\u00e9tergents<\/strong>\u00a0Cela nous a permis de d\u00e9velopper une large gamme de produits d\u2019hygi\u00e8ne et de nettoyage qui s\u2019adaptent aux besoins de nos clients et leur offrent une rentabilit\u00e9 \u00e9lev\u00e9e avec des r\u00e9sultats qui d\u00e9passent toutes les attentes.<\/p><p style=\"margin-bottom: 10px; overflow-wrap: break-word; color: #8b8d94; font-family: Roboto, Helvetica, Arial, Verdana, sans-serif;\"><span style=\"padding: 0px; margin: 0px; font-weight: bold;\">Les produits de notre entreprise de d\u00e9tergents sont en constante innovation<\/span><\/p><p style=\"margin-bottom: 10px; overflow-wrap: break-word; color: #8b8d94; font-family: Roboto, Helvetica, Arial, Verdana, sans-serif;\">La conception et la fabrication de nos produits chimiques et d\u00e9tergents ont \u00e9volu\u00e9 au fil des ann\u00e9es. Notre usine de plus de 6 000 m2 dispose d&#039;une salle blanche avec une technologie constamment mise \u00e0 jour pour garantir la meilleure qualit\u00e9 dans tous les processus et la fiabilit\u00e9 de nos produits, avec la Certification de Qualit\u00e9 Europ\u00e9enne Ecolabel ISO 9001.<\/p>\t\t\t\t\t\t\t\t<\/div>\n\t\t\t\t<\/div>\n\t\t\t\t\t<\/div>\n\t\t<\/div>\n\t\t\t\t<div class=\"elementor-column elementor-col-50 elementor-inner-column elementor-element elementor-element-844761e elementor-invisible\" data-id=\"844761e\" data-element_type=\"column\" data-e-type=\"column\" data-settings=\"{&quot;animation&quot;:&quot;bounceInRight&quot;}\">\n\t\t\t<div class=\"elementor-widget-wrap elementor-element-populated\">\n\t\t\t\t\t\t<div class=\"elementor-element elementor-element-74c1383 elementor-widget elementor-widget-elementskit-contact-form7\" data-id=\"74c1383\" data-element_type=\"widget\" data-e-type=\"widget\" data-widget_type=\"elementskit-contact-form7.default\">\n\t\t\t\t<div class=\"elementor-widget-container\">\n\t\t\t\t\t<div class=\"ekit-wid-con\" ><div class=\"ekit-form\">\n<div class=\"wpcf7 no-js\" id=\"wpcf7-f13292-p13118-o1\" lang=\"es-ES\" dir=\"ltr\" data-wpcf7-id=\"13292\">\n<div class=\"screen-reader-response\"><p role=\"status\" aria-live=\"polite\" aria-atomic=\"true\"><\/p> <ul><\/ul><\/div>\n<form action=\"\/fr\/entreprise-de-lessive-6\/#wpcf7-f13292-p13118-o1\" method=\"post\" class=\"wpcf7-form init\" aria-label=\"Formulaire de contact\" novalidate=\"novalidate\" data-status=\"init\" data-trp-original-action=\"\/empresa-de-detergentes-6\/#wpcf7-f13292-p13118-o1\">\n<fieldset class=\"hidden-fields-container\"><input type=\"hidden\" name=\"_wpcf7\" value=\"13292\" \/><input type=\"hidden\" name=\"_wpcf7_version\" value=\"6.1.5\" \/><input type=\"hidden\" name=\"_wpcf7_locale\" value=\"es_ES\" \/><input type=\"hidden\" name=\"_wpcf7_unit_tag\" value=\"wpcf7-f13292-p13118-o1\" \/><input type=\"hidden\" name=\"_wpcf7_container_post\" value=\"13118\" \/><input type=\"hidden\" name=\"_wpcf7_posted_data_hash\" value=\"\" \/><input type=\"hidden\" name=\"_wpcf7_recaptcha_response\" value=\"\" \/>\n<\/fieldset>\n<div style=\"display: flex; gap: 10px;\">\n\t<div style=\"width: 50%;\">\n\t\t<p><span class=\"wpcf7-form-control-wrap\" data-name=\"your-name\"><input size=\"40\" maxlength=\"400\" class=\"wpcf7-form-control wpcf7-text wpcf7-validates-as-required\" aria-required=\"true\" aria-invalid=\"false\" placeholder=\"Nom\" value=\"\" type=\"text\" name=\"your-name\" \/><\/span>\n\t\t<\/p>\n\t<\/div>\n\t<div style=\"width: 50%;\">\n\t\t<p><span class=\"wpcf7-form-control-wrap\" data-name=\"your-phone\"><input size=\"40\" maxlength=\"400\" class=\"wpcf7-form-control wpcf7-tel wpcf7-validates-as-required wpcf7-text wpcf7-validates-as-tel\" aria-required=\"true\" aria-invalid=\"false\" placeholder=\"T\u00e9l\u00e9phone\" value=\"\" type=\"tel\" name=\"your-phone\" \/><\/span>\n\t\t<\/p>\n\t<\/div>\n<\/div>\n<p><span class=\"wpcf7-form-control-wrap\" data-name=\"your-email\"><input size=\"40\" maxlength=\"400\" class=\"wpcf7-form-control wpcf7-email wpcf7-validates-as-required wpcf7-text wpcf7-validates-as-email\" aria-required=\"true\" aria-invalid=\"false\" placeholder=\"E-mail\" value=\"\" type=\"email\" name=\"your-email\" \/><\/span>\n<\/p>\n<div style=\"display: flex; gap: 10px;\">\n\t<div style=\"width: 50%;\">\n\t\t<p><span class=\"wpcf7-form-control-wrap\" data-name=\"your-country\"><input size=\"40\" maxlength=\"400\" class=\"wpcf7-form-control wpcf7-text wpcf7-validates-as-required\" aria-required=\"true\" aria-invalid=\"false\" placeholder=\"Pays\" value=\"\" type=\"text\" name=\"your-country\" \/><\/span>\n\t\t<\/p>\n\t<\/div>\n\t<div style=\"width: 50%;\">\n\t\t<p><span class=\"wpcf7-form-control-wrap\" data-name=\"your-city\"><input size=\"40\" maxlength=\"400\" class=\"wpcf7-form-control wpcf7-text wpcf7-validates-as-required\" aria-required=\"true\" aria-invalid=\"false\" placeholder=\"Population\" value=\"\" type=\"text\" name=\"your-city\" \/><\/span>\n\t\t<\/p>\n\t<\/div>\n<\/div>\n<p><span class=\"wpcf7-form-control-wrap\" data-name=\"your-subject\"><select class=\"wpcf7-form-control wpcf7-select\" aria-invalid=\"false\" name=\"your-subject\"><option value=\"Quiero ser distribuidor\">Je veux \u00eatre distributeur<\/option><option value=\"Presupuesto\">Budget<\/option><option value=\"Consulta\">Consultation<\/option><option value=\"Sugerencia\">Suggestion<\/option><option value=\"Otros\">Autres<\/option><\/select><\/span>\n<\/p>\n<p><span class=\"wpcf7-form-control-wrap\" data-name=\"your-message\"><textarea cols=\"40\" rows=\"10\" maxlength=\"2000\" class=\"wpcf7-form-control wpcf7-textarea\" aria-invalid=\"false\" placeholder=\"Message ou demande\" name=\"your-message\"><\/textarea><\/span>\n<\/p>\n<div style=\"display: flex; align-items: center; gap: 10px;\">\n\t<p><span class=\"wpcf7-form-control-wrap\" data-name=\"privacy-policy\"><span class=\"wpcf7-form-control wpcf7-acceptance\"><span class=\"wpcf7-list-item\"><input type=\"checkbox\" name=\"privacy-policy\" value=\"1\" aria-invalid=\"false\" \/><\/span><\/span><\/span><label for=\"privacy-policy\" style=\"margin-left: 5px;\">J&#039;ai lu et accept\u00e9 la politique de confidentialit\u00e9.<\/label>\n\t<\/p>\n<\/div>\n<div style=\"display: flex; align-items: center; gap: 10px;\">\n\t<p><span class=\"wpcf7-form-control-wrap\" data-name=\"send-info\"><span class=\"wpcf7-form-control wpcf7-acceptance\"><span class=\"wpcf7-list-item\"><input type=\"checkbox\" name=\"send-info\" value=\"1\" aria-invalid=\"false\" \/><\/span><\/span><\/span><label for=\"send-info\" style=\"margin-left: 5px;\">J&#039;accepte de recevoir des informations.<\/label>\n\t<\/p>\n<\/div>\n<p><input class=\"wpcf7-form-control wpcf7-submit has-spinner\" type=\"submit\" value=\"Envoyer\" \/>\n<\/p><div class=\"wpcf7-response-output\" aria-hidden=\"true\"><\/div>\n<input type=\"hidden\" name=\"trp-form-language\" value=\"fr\"\/><\/form>\n<\/div>\n<\/div><\/div>\t\t\t\t<\/div>\n\t\t\t\t<\/div>\n\t\t\t\t\t<\/div>\n\t\t<\/div>\n\t\t\t\t\t<\/div>\n\t\t<\/section>\n\t\t\t\t<div class=\"elementor-element elementor-element-615d68f elementor-widget elementor-widget-text-editor\" data-id=\"615d68f\" data-element_type=\"widget\" data-e-type=\"widget\" data-widget_type=\"text-editor.default\">\n\t\t\t\t<div class=\"elementor-widget-container\">\n\t\t\t\t\t\t\t\t\t<p>La formulation de nos produits contient parmi ses ingr\u00e9dients l&#039;ingr\u00e9dient actif 25%, qui est hautement biod\u00e9gradable pour respecter notre engagement envers l&#039;environnement. Donc,&nbsp;<strong>Notre entreprise de d\u00e9tergents Dermo<\/strong>&nbsp;Il propose des produits certifi\u00e9s biologiques.<\/p>\n<p>Les produits Dermo peuvent \u00eatre utilis\u00e9s par les services de blanchisserie, pour les lave-vaisselle manuels, les lave-vaisselle automatiques et les produits de rin\u00e7age pour lave-vaisselle, d&#039;autres comme d\u00e9tartrants, d\u00e9sinfectants (enregistrement HA), traitement des sols, nettoyants ou d\u00e9graissants sp\u00e9cifiques, produits d&#039;hygi\u00e8ne personnelle, sp\u00e9cifiques pour l&#039;industrie et l&#039;automobile, nettoyage de salle de bain, nettoyants multi-usages, assainisseurs d&#039;air, sp\u00e9ciaux pour piscines et produits de nettoyage.<\/p>\n<h4><strong>Secteurs dans lesquels Dermo, une entreprise de d\u00e9tergents de confiance, travaille<\/strong><\/h4>\n<p>L&#039;exp\u00e9rience de&nbsp;<strong>Dermo, une entreprise de d\u00e9tergents de confiance<\/strong>, nous a permis de d\u00e9velopper un large catalogue de produits sp\u00e9cialis\u00e9s en fonction de leur utilisation pour garantir les meilleurs r\u00e9sultats en mati\u00e8re de nettoyage et d&#039;hygi\u00e8ne pour les lieux o\u00f9 ils vont \u00eatre utilis\u00e9s. C&#039;est pourquoi Dermo prend en compte le secteur d&#039;activit\u00e9 de ses clients afin de leur proposer les solutions les plus adapt\u00e9es.<\/p>\n<p>Dermo divise ses domaines d&#039;activit\u00e9 en six grands secteurs, tout en disposant de produits polyvalents pour beaucoup d&#039;autres. Notre&nbsp;<strong>entreprise de d\u00e9tergents<\/strong>&nbsp;travaille avec le secteur h\u00f4telier, le secteur g\u00e9riatrique, le secteur de la restauration, les entreprises qui offrent des services de nettoyage, les secteurs industriel et automobile et une section sp\u00e9ciale d\u00e9di\u00e9e au continent africain.<\/p>\t\t\t\t\t\t\t\t<\/div>\n\t\t\t\t<\/div>\n\t\t\t\t\t<\/div>\n\t\t<\/div>\n\t\t\t\t\t<\/div>\n\t\t<\/section>\n\t\t\t\t<section class=\"elementor-section elementor-top-section elementor-element elementor-element-484f41e elementor-section-full_width elementor-section-height-default elementor-section-height-default elementor-invisible\" data-id=\"484f41e\" data-element_type=\"section\" data-e-type=\"section\" data-settings=\"{&quot;animation&quot;:&quot;slideInUp&quot;}\">\n\t\t\t\t\t\t<div class=\"elementor-container elementor-column-gap-default\">\n\t\t\t\t\t<div class=\"elementor-column elementor-col-100 elementor-top-column elementor-element elementor-element-19948363\" data-id=\"19948363\" data-element_type=\"column\" data-e-type=\"column\">\n\t\t\t<div class=\"elementor-widget-wrap elementor-element-populated\">\n\t\t\t\t\t\t<div class=\"elementor-element elementor-element-339044a4 elementor-widget elementor-widget-google_maps\" data-id=\"339044a4\" data-element_type=\"widget\" data-e-type=\"widget\" data-widget_type=\"google_maps.default\">\n\t\t\t\t<div class=\"elementor-widget-container\">\n\t\t\t\t\t\t\t<div class=\"elementor-custom-embed\">\n\t\t\t<iframe loading=\"lazy\"\n\t\t\t\t\tsrc=\"https:\/\/maps.google.com\/maps?q=C%2F%20Pintor%20Joan%20Miro%2C%2016.%20Pol.%20Ind.%20Can%20Humet%20de%20Dalt%2C%2008213%20Poliny%C3%A0.%20Barcelona&#038;t=m&#038;z=15&#038;output=embed&#038;iwloc=near\"\n\t\t\t\t\ttitle=\"C\/ Pintor Joan Miro, 16. Pol. Ind. Can Humet de Dalt, 08213 Poliny\u00e0. Barcelone\"\n\t\t\t\t\taria-label=\"C\/ Pintor Joan Miro, 16. Pol. Ind. Can Humet de Dalt, 08213 Poliny\u00e0. Barcelone\"\n\t\t\t><\/iframe>\n\t\t<\/div>\n\t\t\t\t\t\t<\/div>\n\t\t\t\t<\/div>\n\t\t\t\t\t<\/div>\n\t\t<\/div>\n\t\t\t\t\t<\/div>\n\t\t<\/section>\n\t\t\t\t<\/div>","protected":false},"excerpt":{"rendered":"<p>L&#039;exp\u00e9rience de notre entreprise de d\u00e9tergents est synonyme d&#039;excellence. Fond\u00e9e par Julio Molina en 1987, notre entreprise familiale offre depuis pr\u00e8s de 30 ans un service efficace et complet, garantissant une hygi\u00e8ne professionnelle dans tous les secteurs. En 1998, la deuxi\u00e8me g\u00e9n\u00e9ration a rejoint l&#039;entreprise, cr\u00e9ant ainsi un r\u00e9seau d&#039;employ\u00e9s, de collaborateurs et de clients\u2026&nbsp;<a href=\"https:\/\/dermo.com\/fr\/entreprise-de-lessive-6\/\" rel=\"bookmark\">En savoir plus &quot;<span class=\"screen-reader-text\">Entreprise de d\u00e9tergents<\/span><\/a><\/p>","protected":false},"author":2,"featured_media":0,"parent":0,"menu_order":0,"comment_status":"closed","ping_status":"closed","template":"page-templates\/template-pagebuilder-full-width.php","meta":{"neve_meta_sidebar":"","neve_meta_container":"","neve_meta_enable_content_width":"","neve_meta_content_width":0,"neve_meta_title_alignment":"","neve_meta_author_avatar":"","neve_post_elements_order":"","neve_meta_disable_header":"","neve_meta_disable_footer":"","neve_meta_disable_title":"","footnotes":""},"class_list":["post-13118","page","type-page","status-publish","hentry"],"yoast_head":"<!-- This site is optimized with the Yoast SEO plugin v27.0 - https:\/\/yoast.com\/product\/yoast-seo-wordpress\/ -->\n<title>Empresa de detergentes - Dermo | F\u00e1brica de detergentes<\/title>\n<meta name=\"robots\" content=\"index, follow, max-snippet:-1, max-image-preview:large, max-video-preview:-1\" \/>\n<link rel=\"canonical\" href=\"https:\/\/dermo.com\/fr\/entreprise-de-lessive-6\/\" \/>\n<meta property=\"og:locale\" content=\"fr_FR\" \/>\n<meta property=\"og:type\" content=\"article\" \/>\n<meta property=\"og:title\" content=\"Empresa de detergentes - Dermo | F\u00e1brica de detergentes\" \/>\n<meta property=\"og:description\" content=\"La experiencia de nuestra empresa de detergentes es un grado Fundada por Julio Molina en 1987, nuestra empresa familiar lleva casi 30 a\u00f1os ofreciendo un servicio eficaz e integral para garantizar la higiene profesional de cualquier sector. En 1998 se incorpor\u00f3 la segunda generaci\u00f3n a la empresa consiguiendo una red de trabajadores, colaboradores y clientes&hellip;&nbsp;Lire la suite &raquo;Empresa de detergentes\" \/>\n<meta property=\"og:url\" content=\"https:\/\/dermo.com\/fr\/entreprise-de-lessive-6\/\" \/>\n<meta property=\"og:site_name\" content=\"Dermo | F\u00e1brica de detergentes\" \/>\n<meta property=\"article:modified_time\" content=\"2025-02-19T10:47:08+00:00\" \/>\n<meta name=\"twitter:card\" content=\"summary_large_image\" \/>\n<meta name=\"twitter:label1\" content=\"Dur\u00e9e de lecture estim\u00e9e\" \/>\n\t<meta name=\"twitter:data1\" content=\"3 minutes\" \/>\n<script type=\"application\/ld+json\" class=\"yoast-schema-graph\">{\"@context\":\"https:\/\/schema.org\",\"@graph\":[{\"@type\":\"WebPage\",\"@id\":\"https:\/\/dermo.com\/empresa-de-detergentes-6\/\",\"url\":\"https:\/\/dermo.com\/empresa-de-detergentes-6\/\",\"name\":\"Empresa de detergentes - Dermo | F\u00e1brica de detergentes\",\"isPartOf\":{\"@id\":\"https:\/\/dermo.com\/#website\"},\"datePublished\":\"2025-01-31T11:26:22+00:00\",\"dateModified\":\"2025-02-19T10:47:08+00:00\",\"breadcrumb\":{\"@id\":\"https:\/\/dermo.com\/empresa-de-detergentes-6\/#breadcrumb\"},\"inLanguage\":\"fr-FR\",\"potentialAction\":[{\"@type\":\"ReadAction\",\"target\":[\"https:\/\/dermo.com\/empresa-de-detergentes-6\/\"]}]},{\"@type\":\"BreadcrumbList\",\"@id\":\"https:\/\/dermo.com\/empresa-de-detergentes-6\/#breadcrumb\",\"itemListElement\":[{\"@type\":\"ListItem\",\"position\":1,\"name\":\"Portada\",\"item\":\"https:\/\/dermo.com\/\"},{\"@type\":\"ListItem\",\"position\":2,\"name\":\"Empresa de detergentes\"}]},{\"@type\":\"WebSite\",\"@id\":\"https:\/\/dermo.com\/#website\",\"url\":\"https:\/\/dermo.com\/\",\"name\":\"Dermo | F\u00e1brica de detergentes\",\"description\":\"Tecnolog\u00eda avanzada, investigaci\u00f3n y desarrollo, respeto por el medio ambiente, competencia, formaci\u00f3n constante y alto nivel de profesionalidad en nuestro equipo humano, empe\u00f1ado en preservar la calidad de vida, la protecci\u00f3n del entorno natural contin\u00faan motiv\u00e1ndonos para desarrollar en nuestros laboratorios nuevos productos con ingredientes activos altamente biodegradables que hacen posible un desarrollo sostenible.\",\"potentialAction\":[{\"@type\":\"SearchAction\",\"target\":{\"@type\":\"EntryPoint\",\"urlTemplate\":\"https:\/\/dermo.com\/?s={search_term_string}\"},\"query-input\":{\"@type\":\"PropertyValueSpecification\",\"valueRequired\":true,\"valueName\":\"search_term_string\"}}],\"inLanguage\":\"fr-FR\"}]}<\/script>\n<!-- \/ Yoast SEO plugin. -->","yoast_head_json":{"title":"Entreprise de d\u00e9tergents - Dermo | Usine de d\u00e9tergents","robots":{"index":"index","follow":"follow","max-snippet":"max-snippet:-1","max-image-preview":"max-image-preview:large","max-video-preview":"max-video-preview:-1"},"canonical":"https:\/\/dermo.com\/fr\/entreprise-de-lessive-6\/","og_locale":"fr_FR","og_type":"article","og_title":"Empresa de detergentes - Dermo | F\u00e1brica de detergentes","og_description":"La experiencia de nuestra empresa de detergentes es un grado Fundada por Julio Molina en 1987, nuestra empresa familiar lleva casi 30 a\u00f1os ofreciendo un servicio eficaz e integral para garantizar la higiene profesional de cualquier sector. En 1998 se incorpor\u00f3 la segunda generaci\u00f3n a la empresa consiguiendo una red de trabajadores, colaboradores y clientes&hellip;&nbsp;Lire la suite &raquo;Empresa de detergentes","og_url":"https:\/\/dermo.com\/fr\/entreprise-de-lessive-6\/","og_site_name":"Dermo | F\u00e1brica de detergentes","article_modified_time":"2025-02-19T10:47:08+00:00","twitter_card":"summary_large_image","twitter_misc":{"Dur\u00e9e de lecture estim\u00e9e":"3 minutes"},"schema":{"@context":"https:\/\/schema.org","@graph":[{"@type":"WebPage","@id":"https:\/\/dermo.com\/empresa-de-detergentes-6\/","url":"https:\/\/dermo.com\/empresa-de-detergentes-6\/","name":"Entreprise de d\u00e9tergents - Dermo | Usine de d\u00e9tergents","isPartOf":{"@id":"https:\/\/dermo.com\/#website"},"datePublished":"2025-01-31T11:26:22+00:00","dateModified":"2025-02-19T10:47:08+00:00","breadcrumb":{"@id":"https:\/\/dermo.com\/empresa-de-detergentes-6\/#breadcrumb"},"inLanguage":"fr-FR","potentialAction":[{"@type":"ReadAction","target":["https:\/\/dermo.com\/empresa-de-detergentes-6\/"]}]},{"@type":"BreadcrumbList","@id":"https:\/\/dermo.com\/empresa-de-detergentes-6\/#breadcrumb","itemListElement":[{"@type":"ListItem","position":1,"name":"Portada","item":"https:\/\/dermo.com\/"},{"@type":"ListItem","position":2,"name":"Empresa de detergentes"}]},{"@type":"WebSite","@id":"https:\/\/dermo.com\/#website","url":"https:\/\/dermo.com\/","name":"Dermo | usine de d\u00e9tergents","description":"Technologie avanc\u00e9e, recherche et d\u00e9veloppement, respect de l&#039;environnement, comp\u00e9tence, formation constante et haut niveau de professionnalisme de notre \u00e9quipe humaine, engag\u00e9e \u00e0 pr\u00e9server la qualit\u00e9 de vie, la protection de l&#039;environnement naturel continuent de nous motiver \u00e0 d\u00e9velopper de nouveaux produits dans notre laboratoires aux principes actifs hautement biod\u00e9gradables qui rendent possible le d\u00e9veloppement durable.","potentialAction":[{"@type":"SearchAction","target":{"@type":"EntryPoint","urlTemplate":"https:\/\/dermo.com\/?s={search_term_string}"},"query-input":{"@type":"PropertyValueSpecification","valueRequired":true,"valueName":"search_term_string"}}],"inLanguage":"fr-FR"}]}},"_links":{"self":[{"href":"https:\/\/dermo.com\/fr\/wp-json\/wp\/v2\/pages\/13118","targetHints":{"allow":["GET"]}}],"collection":[{"href":"https:\/\/dermo.com\/fr\/wp-json\/wp\/v2\/pages"}],"about":[{"href":"https:\/\/dermo.com\/fr\/wp-json\/wp\/v2\/types\/page"}],"author":[{"embeddable":true,"href":"https:\/\/dermo.com\/fr\/wp-json\/wp\/v2\/users\/2"}],"replies":[{"embeddable":true,"href":"https:\/\/dermo.com\/fr\/wp-json\/wp\/v2\/comments?post=13118"}],"version-history":[{"count":7,"href":"https:\/\/dermo.com\/fr\/wp-json\/wp\/v2\/pages\/13118\/revisions"}],"predecessor-version":[{"id":13490,"href":"https:\/\/dermo.com\/fr\/wp-json\/wp\/v2\/pages\/13118\/revisions\/13490"}],"wp:attachment":[{"href":"https:\/\/dermo.com\/fr\/wp-json\/wp\/v2\/media?parent=13118"}],"curies":[{"name":"wp","href":"https:\/\/api.w.org\/{rel}","templated":true}]}}