{"id":13127,"date":"2025-01-31T12:30:30","date_gmt":"2025-01-31T11:30:30","guid":{"rendered":"https:\/\/dermo.com\/?page_id=13127"},"modified":"2025-02-19T12:20:39","modified_gmt":"2025-02-19T11:20:39","slug":"produit-nettoyant-degraissant","status":"publish","type":"page","link":"https:\/\/dermo.com\/fr\/produit-nettoyant-degraissant\/","title":{"rendered":"Produit nettoyant d\u00e9graissant"},"content":{"rendered":"<div data-elementor-type=\"wp-page\" data-elementor-id=\"13127\" class=\"elementor elementor-13127\" data-elementor-post-type=\"page\">\n\t\t\t\t\t\t<section class=\"elementor-section elementor-top-section elementor-element elementor-element-46ea602 elementor-section-boxed elementor-section-height-default elementor-section-height-default\" data-id=\"46ea602\" data-element_type=\"section\" data-e-type=\"section\" data-settings=\"{&quot;background_background&quot;:&quot;classic&quot;}\">\n\t\t\t\t\t\t\t<div class=\"elementor-background-overlay\"><\/div>\n\t\t\t\t\t\t\t<div class=\"elementor-container elementor-column-gap-default\">\n\t\t\t\t\t<div class=\"elementor-column elementor-col-100 elementor-top-column elementor-element elementor-element-1ec38c5\" data-id=\"1ec38c5\" data-element_type=\"column\" data-e-type=\"column\">\n\t\t\t<div class=\"elementor-widget-wrap elementor-element-populated\">\n\t\t\t\t\t\t\t<\/div>\n\t\t<\/div>\n\t\t\t\t\t<\/div>\n\t\t<\/section>\n\t\t\t\t<section class=\"elementor-section elementor-top-section elementor-element elementor-element-3d59756 elementor-section-boxed elementor-section-height-default elementor-section-height-default\" data-id=\"3d59756\" data-element_type=\"section\" data-e-type=\"section\">\n\t\t\t\t\t\t<div class=\"elementor-container elementor-column-gap-default\">\n\t\t\t\t\t<div class=\"elementor-column elementor-col-100 elementor-top-column elementor-element elementor-element-5f80d91\" data-id=\"5f80d91\" data-element_type=\"column\" data-e-type=\"column\">\n\t\t\t<div class=\"elementor-widget-wrap elementor-element-populated\">\n\t\t\t\t\t\t<section class=\"elementor-section elementor-inner-section elementor-element elementor-element-184c22f elementor-section-content-middle elementor-section-boxed elementor-section-height-default elementor-section-height-default\" data-id=\"184c22f\" data-element_type=\"section\" data-e-type=\"section\">\n\t\t\t\t\t\t<div class=\"elementor-container elementor-column-gap-default\">\n\t\t\t\t\t<div class=\"elementor-column elementor-col-50 elementor-inner-column elementor-element elementor-element-2df432d\" data-id=\"2df432d\" data-element_type=\"column\" data-e-type=\"column\">\n\t\t\t<div class=\"elementor-widget-wrap elementor-element-populated\">\n\t\t\t\t\t\t<div class=\"elementor-element elementor-element-32a5640 elementor-widget elementor-widget-text-editor\" data-id=\"32a5640\" data-element_type=\"widget\" data-e-type=\"widget\" data-widget_type=\"text-editor.default\">\n\t\t\t\t<div class=\"elementor-widget-container\">\n\t\t\t\t\t\t\t\t\t<div id=\"lipsum\"><h2><strong>Dermo : Fabrique de produit nettoyant d\u00e9graissant<\/strong><\/h2><p style=\"margin-bottom: 10px; overflow-wrap: break-word; color: #8b8d94; font-family: Roboto, Helvetica, Arial, Verdana, sans-serif;\">Parce que nous savons l\u2019importance de garder la cuisine de notre maison propre,\u00a0<strong>Dermo SA<\/strong>\u00a0Nous mettons \u00e0 votre disposition la gamme de d\u00e9graissants\u00a0<strong>Gras et DHP-100<\/strong>. La cuisine est l&#039;espace de la maison o\u00f9 s&#039;accumule le plus de salet\u00e9, soit en raison de son utilisation intensive, soit en raison des d\u00e9chets g\u00e9n\u00e9r\u00e9s, tels que les restes de nourriture ou la graisse. Le\u00a0<strong>produits nettoyants d\u00e9graissants<\/strong>, agit en dissolvant la graisse et en laissant une finition compl\u00e8tement propre et brillante. Nous pouvons les utiliser sur toutes les surfaces de la cuisine, y compris les comptoirs, les meubles et les sols, en tenant toujours compte des recommandations sur l&#039;\u00e9tiquette.\u00a0<strong>produits nettoyants d\u00e9graissants.<\/strong><\/p><\/div>\t\t\t\t\t\t\t\t<\/div>\n\t\t\t\t<\/div>\n\t\t\t\t\t<\/div>\n\t\t<\/div>\n\t\t\t\t<div class=\"elementor-column elementor-col-50 elementor-inner-column elementor-element elementor-element-aef5755 elementor-invisible\" data-id=\"aef5755\" data-element_type=\"column\" data-e-type=\"column\" data-settings=\"{&quot;animation&quot;:&quot;bounceInRight&quot;}\">\n\t\t\t<div class=\"elementor-widget-wrap elementor-element-populated\">\n\t\t\t\t\t\t<div class=\"elementor-element elementor-element-0731e05 elementor-widget__width-initial elementor-widget elementor-widget-elementskit-contact-form7\" data-id=\"0731e05\" data-element_type=\"widget\" data-e-type=\"widget\" data-widget_type=\"elementskit-contact-form7.default\">\n\t\t\t\t<div class=\"elementor-widget-container\">\n\t\t\t\t\t<div class=\"ekit-wid-con\" ><div class=\"ekit-form\">\n<div class=\"wpcf7 no-js\" id=\"wpcf7-f13292-p13127-o1\" lang=\"es-ES\" dir=\"ltr\" data-wpcf7-id=\"13292\">\n<div class=\"screen-reader-response\"><p role=\"status\" aria-live=\"polite\" aria-atomic=\"true\"><\/p> <ul><\/ul><\/div>\n<form action=\"\/fr\/produit-nettoyant-degraissant\/#wpcf7-f13292-p13127-o1\" method=\"post\" class=\"wpcf7-form init\" aria-label=\"Formulaire de contact\" novalidate=\"novalidate\" data-status=\"init\" data-trp-original-action=\"\/producto-de-limpieza-desengrasante\/#wpcf7-f13292-p13127-o1\">\n<fieldset class=\"hidden-fields-container\"><input type=\"hidden\" name=\"_wpcf7\" value=\"13292\" \/><input type=\"hidden\" name=\"_wpcf7_version\" value=\"6.1.5\" \/><input type=\"hidden\" name=\"_wpcf7_locale\" value=\"es_ES\" \/><input type=\"hidden\" name=\"_wpcf7_unit_tag\" value=\"wpcf7-f13292-p13127-o1\" \/><input type=\"hidden\" name=\"_wpcf7_container_post\" value=\"13127\" \/><input type=\"hidden\" name=\"_wpcf7_posted_data_hash\" value=\"\" \/><input type=\"hidden\" name=\"_wpcf7_recaptcha_response\" value=\"\" \/>\n<\/fieldset>\n<div style=\"display: flex; gap: 10px;\">\n\t<div style=\"width: 50%;\">\n\t\t<p><span class=\"wpcf7-form-control-wrap\" data-name=\"your-name\"><input size=\"40\" maxlength=\"400\" class=\"wpcf7-form-control wpcf7-text wpcf7-validates-as-required\" aria-required=\"true\" aria-invalid=\"false\" placeholder=\"Nom\" value=\"\" type=\"text\" name=\"your-name\" \/><\/span>\n\t\t<\/p>\n\t<\/div>\n\t<div style=\"width: 50%;\">\n\t\t<p><span class=\"wpcf7-form-control-wrap\" data-name=\"your-phone\"><input size=\"40\" maxlength=\"400\" class=\"wpcf7-form-control wpcf7-tel wpcf7-validates-as-required wpcf7-text wpcf7-validates-as-tel\" aria-required=\"true\" aria-invalid=\"false\" placeholder=\"T\u00e9l\u00e9phone\" value=\"\" type=\"tel\" name=\"your-phone\" \/><\/span>\n\t\t<\/p>\n\t<\/div>\n<\/div>\n<p><span class=\"wpcf7-form-control-wrap\" data-name=\"your-email\"><input size=\"40\" maxlength=\"400\" class=\"wpcf7-form-control wpcf7-email wpcf7-validates-as-required wpcf7-text wpcf7-validates-as-email\" aria-required=\"true\" aria-invalid=\"false\" placeholder=\"E-mail\" value=\"\" type=\"email\" name=\"your-email\" \/><\/span>\n<\/p>\n<div style=\"display: flex; gap: 10px;\">\n\t<div style=\"width: 50%;\">\n\t\t<p><span class=\"wpcf7-form-control-wrap\" data-name=\"your-country\"><input size=\"40\" maxlength=\"400\" class=\"wpcf7-form-control wpcf7-text wpcf7-validates-as-required\" aria-required=\"true\" aria-invalid=\"false\" placeholder=\"Pays\" value=\"\" type=\"text\" name=\"your-country\" \/><\/span>\n\t\t<\/p>\n\t<\/div>\n\t<div style=\"width: 50%;\">\n\t\t<p><span class=\"wpcf7-form-control-wrap\" data-name=\"your-city\"><input size=\"40\" maxlength=\"400\" class=\"wpcf7-form-control wpcf7-text wpcf7-validates-as-required\" aria-required=\"true\" aria-invalid=\"false\" placeholder=\"Population\" value=\"\" type=\"text\" name=\"your-city\" \/><\/span>\n\t\t<\/p>\n\t<\/div>\n<\/div>\n<p><span class=\"wpcf7-form-control-wrap\" data-name=\"your-subject\"><select class=\"wpcf7-form-control wpcf7-select\" aria-invalid=\"false\" name=\"your-subject\"><option value=\"Quiero ser distribuidor\">Je veux \u00eatre distributeur<\/option><option value=\"Presupuesto\">Budget<\/option><option value=\"Consulta\">Consultation<\/option><option value=\"Sugerencia\">Suggestion<\/option><option value=\"Otros\">Autres<\/option><\/select><\/span>\n<\/p>\n<p><span class=\"wpcf7-form-control-wrap\" data-name=\"your-message\"><textarea cols=\"40\" rows=\"10\" maxlength=\"2000\" class=\"wpcf7-form-control wpcf7-textarea\" aria-invalid=\"false\" placeholder=\"Message ou demande\" name=\"your-message\"><\/textarea><\/span>\n<\/p>\n<div style=\"display: flex; align-items: center; gap: 10px;\">\n\t<p><span class=\"wpcf7-form-control-wrap\" data-name=\"privacy-policy\"><span class=\"wpcf7-form-control wpcf7-acceptance\"><span class=\"wpcf7-list-item\"><input type=\"checkbox\" name=\"privacy-policy\" value=\"1\" aria-invalid=\"false\" \/><\/span><\/span><\/span><label for=\"privacy-policy\" style=\"margin-left: 5px;\">J&#039;ai lu et accept\u00e9 la politique de confidentialit\u00e9.<\/label>\n\t<\/p>\n<\/div>\n<div style=\"display: flex; align-items: center; gap: 10px;\">\n\t<p><span class=\"wpcf7-form-control-wrap\" data-name=\"send-info\"><span class=\"wpcf7-form-control wpcf7-acceptance\"><span class=\"wpcf7-list-item\"><input type=\"checkbox\" name=\"send-info\" value=\"1\" aria-invalid=\"false\" \/><\/span><\/span><\/span><label for=\"send-info\" style=\"margin-left: 5px;\">J&#039;accepte de recevoir des informations.<\/label>\n\t<\/p>\n<\/div>\n<p><input class=\"wpcf7-form-control wpcf7-submit has-spinner\" type=\"submit\" value=\"Envoyer\" \/>\n<\/p><div class=\"wpcf7-response-output\" aria-hidden=\"true\"><\/div>\n<input type=\"hidden\" name=\"trp-form-language\" value=\"fr\"\/><\/form>\n<\/div>\n<\/div><\/div>\t\t\t\t<\/div>\n\t\t\t\t<\/div>\n\t\t\t\t\t<\/div>\n\t\t<\/div>\n\t\t\t\t\t<\/div>\n\t\t<\/section>\n\t\t\t\t<div class=\"elementor-element elementor-element-cde553d elementor-widget elementor-widget-text-editor\" data-id=\"cde553d\" data-element_type=\"widget\" data-e-type=\"widget\" data-widget_type=\"text-editor.default\">\n\t\t\t\t<div class=\"elementor-widget-container\">\n\t\t\t\t\t\t\t\t\t<p><strong>Audaz Especial<\/strong>\u00a0Oui\u00a0<strong>Audaz Lemon\u00a0<\/strong>sont\u00a0<strong>produits nettoyants d\u00e9graissants<\/strong>\u00a0liquides concentr\u00e9s avec un grand pouvoir \u00e9mulsifiant, dissolvant facilement la graisse et la salet\u00e9. Ils peuvent \u00eatre utilis\u00e9s sur toutes les surfaces de cuisine r\u00e9sistantes au pH alcalin et nettoyables \u00e0 froid, comme les sols, les murs, les tables, les ustensiles, etc. Pour les salet\u00e9s plus tenaces, ils peuvent \u00eatre utilis\u00e9s directement, et il est recommand\u00e9 de les diluer dans de l&#039;eau entre 10-50%. Dans la m\u00eame lign\u00e9e, en\u00a0<strong>Dermo SA<\/strong>\u00a0Nous avons fabriqu\u00e9\u00a0<strong>Audaz Haute Mousse,\u00a0<\/strong>un<strong>\u00a0produit nettoyant d\u00e9graissant<\/strong>\u00a0thixotrope avec un grand pouvoir \u00e9mulsifiant. Il est tr\u00e8s efficace et id\u00e9al pour nettoyer les surfaces difficiles d&#039;acc\u00e8s gr\u00e2ce \u00e0 la mousse qu&#039;il produit, qui adh\u00e8re de mani\u00e8re permanente aux surfaces verticales sans couler. Il s&#039;utilise pur et en spray, en le laissant agir quelques minutes, en fonction de la salet\u00e9. Avec \u00e7a\u00a0<strong>produit nettoyant d\u00e9graissant<\/strong>\u00a0Il faut \u00eatre prudent avec les surfaces peintes, laqu\u00e9es ou en aluminium. Pour ce type de surfaces,\u00a0<strong>Dermo SA<\/strong>\u00a0met \u00e0 votre disposition le d\u00e9graissant\u00a0<strong>Audaz Universal<\/strong>, particuli\u00e8rement indiqu\u00e9 pour ce type de finitions.<\/p><p>Pour le\u00a0<strong>nettoyage de fers et de fours<\/strong>, nous avons d\u00e9velopp\u00e9 le d\u00e9graissant\u00a0<strong>Audaz Planchas<\/strong>. \u00c9limine la graisse br\u00fbl\u00e9e et carbonis\u00e9e des plaques de cuisson et des fours, ainsi que des grils et des cuisini\u00e8res, avec un minimum d&#039;effort. C&#039;est aussi un puissant\u00a0<strong>antioxydant<\/strong>\u00a0enlevant la rouille des surfaces trait\u00e9es, et dilu\u00e9 dans l&#039;eau on peut \u00e9galement l&#039;utiliser pour nettoyer les friteuses. Enfin et surtout,\u00a0<strong>DHP-100<\/strong>\u00a0C&#039;est un produit d\u00e9graissant sp\u00e9cialement con\u00e7u pour les salet\u00e9s les plus tenaces, les graisses qui s&#039;accumulent sur les hottes aspirantes, les fours ou les carreaux de cuisine.<\/p>\t\t\t\t\t\t\t\t<\/div>\n\t\t\t\t<\/div>\n\t\t\t\t\t<\/div>\n\t\t<\/div>\n\t\t\t\t\t<\/div>\n\t\t<\/section>\n\t\t\t\t<section class=\"elementor-section elementor-top-section elementor-element elementor-element-68b2685 elementor-section-full_width elementor-section-height-default elementor-section-height-default elementor-invisible\" data-id=\"68b2685\" data-element_type=\"section\" data-e-type=\"section\" data-settings=\"{&quot;animation&quot;:&quot;slideInUp&quot;}\">\n\t\t\t\t\t\t<div class=\"elementor-container elementor-column-gap-default\">\n\t\t\t\t\t<div class=\"elementor-column elementor-col-100 elementor-top-column elementor-element elementor-element-f81c0b8\" data-id=\"f81c0b8\" data-element_type=\"column\" data-e-type=\"column\">\n\t\t\t<div class=\"elementor-widget-wrap elementor-element-populated\">\n\t\t\t\t\t\t<div class=\"elementor-element elementor-element-3abfb55 elementor-widget elementor-widget-google_maps\" data-id=\"3abfb55\" data-element_type=\"widget\" data-e-type=\"widget\" data-widget_type=\"google_maps.default\">\n\t\t\t\t<div class=\"elementor-widget-container\">\n\t\t\t\t\t\t\t<div class=\"elementor-custom-embed\">\n\t\t\t<iframe loading=\"lazy\"\n\t\t\t\t\tsrc=\"https:\/\/maps.google.com\/maps?q=C%2F%20Pintor%20Joan%20Miro%2C%2016.%20Pol.%20Ind.%20Can%20Humet%20de%20Dalt%2C%2008213%20Poliny%C3%A0.%20Barcelona&#038;t=m&#038;z=15&#038;output=embed&#038;iwloc=near\"\n\t\t\t\t\ttitle=\"C\/ Pintor Joan Miro, 16. Pol. Ind. Can Humet de Dalt, 08213 Poliny\u00e0. Barcelone\"\n\t\t\t\t\taria-label=\"C\/ Pintor Joan Miro, 16. Pol. Ind. Can Humet de Dalt, 08213 Poliny\u00e0. Barcelone\"\n\t\t\t><\/iframe>\n\t\t<\/div>\n\t\t\t\t\t\t<\/div>\n\t\t\t\t<\/div>\n\t\t\t\t\t<\/div>\n\t\t<\/div>\n\t\t\t\t\t<\/div>\n\t\t<\/section>\n\t\t\t\t<\/div>","protected":false},"excerpt":{"rendered":"<p>Dermo : Usine de produits nettoyants d\u00e9graissants. Parce que nous savons combien il est important de garder nos cuisines propres, Dermo SA propose les gammes de d\u00e9graissants Audaz et DHP-100. La cuisine est la pi\u00e8ce de la maison o\u00f9 la salet\u00e9 s&#039;accumule le plus, que ce soit \u00e0 cause d&#039;une utilisation intensive ou de r\u00e9sidus\u2026&nbsp;<a href=\"https:\/\/dermo.com\/fr\/produit-nettoyant-degraissant\/\" rel=\"bookmark\">En savoir plus &quot;<span class=\"screen-reader-text\">Produit nettoyant d\u00e9graissant<\/span><\/a><\/p>","protected":false},"author":2,"featured_media":0,"parent":0,"menu_order":0,"comment_status":"closed","ping_status":"closed","template":"page-templates\/template-pagebuilder-full-width.php","meta":{"neve_meta_sidebar":"","neve_meta_container":"","neve_meta_enable_content_width":"","neve_meta_content_width":0,"neve_meta_title_alignment":"","neve_meta_author_avatar":"","neve_post_elements_order":"","neve_meta_disable_header":"","neve_meta_disable_footer":"","neve_meta_disable_title":"","footnotes":""},"class_list":["post-13127","page","type-page","status-publish","hentry"],"yoast_head":"<!-- This site is optimized with the Yoast SEO plugin v27.0 - https:\/\/yoast.com\/product\/yoast-seo-wordpress\/ -->\n<title>Producto de limpieza desengrasante - Dermo | F\u00e1brica de detergentes<\/title>\n<meta name=\"robots\" content=\"index, follow, max-snippet:-1, max-image-preview:large, max-video-preview:-1\" \/>\n<link rel=\"canonical\" href=\"https:\/\/dermo.com\/fr\/produit-nettoyant-degraissant\/\" \/>\n<meta property=\"og:locale\" content=\"fr_FR\" \/>\n<meta property=\"og:type\" content=\"article\" \/>\n<meta property=\"og:title\" content=\"Producto de limpieza desengrasante - Dermo | F\u00e1brica de detergentes\" \/>\n<meta property=\"og:description\" content=\"Dermo: F\u00e1brica\u00a0producto de limpieza desengrasante Porque sabemos la importancia que tiene mantener la cocina de nuestro hogar bien limpia, en\u00a0Dermo S.A.\u00a0ponemos a tu disposici\u00f3n la gama de desengrasantes\u00a0Audaz y DHP-100. La cocina es el espacio de la casa donde m\u00e1s suciedad se acumula, ya sea por su extenso uso o por los residuos que se&hellip;&nbsp;Lire la suite &raquo;Producto de limpieza desengrasante\" \/>\n<meta property=\"og:url\" content=\"https:\/\/dermo.com\/fr\/produit-nettoyant-degraissant\/\" \/>\n<meta property=\"og:site_name\" content=\"Dermo | F\u00e1brica de detergentes\" \/>\n<meta property=\"article:modified_time\" content=\"2025-02-19T11:20:39+00:00\" \/>\n<meta name=\"twitter:card\" content=\"summary_large_image\" \/>\n<meta name=\"twitter:label1\" content=\"Dur\u00e9e de lecture estim\u00e9e\" \/>\n\t<meta name=\"twitter:data1\" content=\"2 minutes\" \/>\n<script type=\"application\/ld+json\" class=\"yoast-schema-graph\">{\"@context\":\"https:\/\/schema.org\",\"@graph\":[{\"@type\":\"WebPage\",\"@id\":\"https:\/\/dermo.com\/producto-de-limpieza-desengrasante\/\",\"url\":\"https:\/\/dermo.com\/producto-de-limpieza-desengrasante\/\",\"name\":\"Producto de limpieza desengrasante - Dermo | F\u00e1brica de detergentes\",\"isPartOf\":{\"@id\":\"https:\/\/dermo.com\/#website\"},\"datePublished\":\"2025-01-31T11:30:30+00:00\",\"dateModified\":\"2025-02-19T11:20:39+00:00\",\"breadcrumb\":{\"@id\":\"https:\/\/dermo.com\/producto-de-limpieza-desengrasante\/#breadcrumb\"},\"inLanguage\":\"fr-FR\",\"potentialAction\":[{\"@type\":\"ReadAction\",\"target\":[\"https:\/\/dermo.com\/producto-de-limpieza-desengrasante\/\"]}]},{\"@type\":\"BreadcrumbList\",\"@id\":\"https:\/\/dermo.com\/producto-de-limpieza-desengrasante\/#breadcrumb\",\"itemListElement\":[{\"@type\":\"ListItem\",\"position\":1,\"name\":\"Portada\",\"item\":\"https:\/\/dermo.com\/\"},{\"@type\":\"ListItem\",\"position\":2,\"name\":\"Producto de limpieza desengrasante\"}]},{\"@type\":\"WebSite\",\"@id\":\"https:\/\/dermo.com\/#website\",\"url\":\"https:\/\/dermo.com\/\",\"name\":\"Dermo | F\u00e1brica de detergentes\",\"description\":\"Tecnolog\u00eda avanzada, investigaci\u00f3n y desarrollo, respeto por el medio ambiente, competencia, formaci\u00f3n constante y alto nivel de profesionalidad en nuestro equipo humano, empe\u00f1ado en preservar la calidad de vida, la protecci\u00f3n del entorno natural contin\u00faan motiv\u00e1ndonos para desarrollar en nuestros laboratorios nuevos productos con ingredientes activos altamente biodegradables que hacen posible un desarrollo sostenible.\",\"potentialAction\":[{\"@type\":\"SearchAction\",\"target\":{\"@type\":\"EntryPoint\",\"urlTemplate\":\"https:\/\/dermo.com\/?s={search_term_string}\"},\"query-input\":{\"@type\":\"PropertyValueSpecification\",\"valueRequired\":true,\"valueName\":\"search_term_string\"}}],\"inLanguage\":\"fr-FR\"}]}<\/script>\n<!-- \/ Yoast SEO plugin. -->","yoast_head_json":{"title":"Produit nettoyant d\u00e9graissant - Dermo | Usine de d\u00e9tergents","robots":{"index":"index","follow":"follow","max-snippet":"max-snippet:-1","max-image-preview":"max-image-preview:large","max-video-preview":"max-video-preview:-1"},"canonical":"https:\/\/dermo.com\/fr\/produit-nettoyant-degraissant\/","og_locale":"fr_FR","og_type":"article","og_title":"Producto de limpieza desengrasante - Dermo | F\u00e1brica de detergentes","og_description":"Dermo: F\u00e1brica\u00a0producto de limpieza desengrasante Porque sabemos la importancia que tiene mantener la cocina de nuestro hogar bien limpia, en\u00a0Dermo S.A.\u00a0ponemos a tu disposici\u00f3n la gama de desengrasantes\u00a0Audaz y DHP-100. La cocina es el espacio de la casa donde m\u00e1s suciedad se acumula, ya sea por su extenso uso o por los residuos que se&hellip;&nbsp;Lire la suite &raquo;Producto de limpieza desengrasante","og_url":"https:\/\/dermo.com\/fr\/produit-nettoyant-degraissant\/","og_site_name":"Dermo | F\u00e1brica de detergentes","article_modified_time":"2025-02-19T11:20:39+00:00","twitter_card":"summary_large_image","twitter_misc":{"Dur\u00e9e de lecture estim\u00e9e":"2 minutes"},"schema":{"@context":"https:\/\/schema.org","@graph":[{"@type":"WebPage","@id":"https:\/\/dermo.com\/producto-de-limpieza-desengrasante\/","url":"https:\/\/dermo.com\/producto-de-limpieza-desengrasante\/","name":"Produit nettoyant d\u00e9graissant - Dermo | Usine de d\u00e9tergents","isPartOf":{"@id":"https:\/\/dermo.com\/#website"},"datePublished":"2025-01-31T11:30:30+00:00","dateModified":"2025-02-19T11:20:39+00:00","breadcrumb":{"@id":"https:\/\/dermo.com\/producto-de-limpieza-desengrasante\/#breadcrumb"},"inLanguage":"fr-FR","potentialAction":[{"@type":"ReadAction","target":["https:\/\/dermo.com\/producto-de-limpieza-desengrasante\/"]}]},{"@type":"BreadcrumbList","@id":"https:\/\/dermo.com\/producto-de-limpieza-desengrasante\/#breadcrumb","itemListElement":[{"@type":"ListItem","position":1,"name":"Portada","item":"https:\/\/dermo.com\/"},{"@type":"ListItem","position":2,"name":"Producto de limpieza desengrasante"}]},{"@type":"WebSite","@id":"https:\/\/dermo.com\/#website","url":"https:\/\/dermo.com\/","name":"Dermo | usine de d\u00e9tergents","description":"Technologie avanc\u00e9e, recherche et d\u00e9veloppement, respect de l&#039;environnement, comp\u00e9tence, formation constante et haut niveau de professionnalisme de notre \u00e9quipe humaine, engag\u00e9e \u00e0 pr\u00e9server la qualit\u00e9 de vie, la protection de l&#039;environnement naturel continuent de nous motiver \u00e0 d\u00e9velopper de nouveaux produits dans notre laboratoires aux principes actifs hautement biod\u00e9gradables qui rendent possible le d\u00e9veloppement durable.","potentialAction":[{"@type":"SearchAction","target":{"@type":"EntryPoint","urlTemplate":"https:\/\/dermo.com\/?s={search_term_string}"},"query-input":{"@type":"PropertyValueSpecification","valueRequired":true,"valueName":"search_term_string"}}],"inLanguage":"fr-FR"}]}},"_links":{"self":[{"href":"https:\/\/dermo.com\/fr\/wp-json\/wp\/v2\/pages\/13127","targetHints":{"allow":["GET"]}}],"collection":[{"href":"https:\/\/dermo.com\/fr\/wp-json\/wp\/v2\/pages"}],"about":[{"href":"https:\/\/dermo.com\/fr\/wp-json\/wp\/v2\/types\/page"}],"author":[{"embeddable":true,"href":"https:\/\/dermo.com\/fr\/wp-json\/wp\/v2\/users\/2"}],"replies":[{"embeddable":true,"href":"https:\/\/dermo.com\/fr\/wp-json\/wp\/v2\/comments?post=13127"}],"version-history":[{"count":7,"href":"https:\/\/dermo.com\/fr\/wp-json\/wp\/v2\/pages\/13127\/revisions"}],"predecessor-version":[{"id":13641,"href":"https:\/\/dermo.com\/fr\/wp-json\/wp\/v2\/pages\/13127\/revisions\/13641"}],"wp:attachment":[{"href":"https:\/\/dermo.com\/fr\/wp-json\/wp\/v2\/media?parent=13127"}],"curies":[{"name":"wp","href":"https:\/\/api.w.org\/{rel}","templated":true}]}}