{"id":13170,"date":"2025-01-31T12:44:58","date_gmt":"2025-01-31T11:44:58","guid":{"rendered":"https:\/\/dermo.com\/?page_id=13170"},"modified":"2025-02-19T12:30:06","modified_gmt":"2025-02-19T11:30:06","slug":"produits-de-nettoyage-pour-lave-vaisselle-automatiques","status":"publish","type":"page","link":"https:\/\/dermo.com\/fr\/produits-de-nettoyage-pour-lave-vaisselle-automatiques\/","title":{"rendered":"Produits de nettoyage pour lave-vaisselle automatique"},"content":{"rendered":"<div data-elementor-type=\"wp-page\" data-elementor-id=\"13170\" class=\"elementor elementor-13170\" data-elementor-post-type=\"page\">\n\t\t\t\t\t\t<section class=\"elementor-section elementor-top-section elementor-element elementor-element-7045e54 elementor-section-boxed elementor-section-height-default elementor-section-height-default\" data-id=\"7045e54\" data-element_type=\"section\" data-e-type=\"section\" data-settings=\"{&quot;background_background&quot;:&quot;classic&quot;}\">\n\t\t\t\t\t\t\t<div class=\"elementor-background-overlay\"><\/div>\n\t\t\t\t\t\t\t<div class=\"elementor-container elementor-column-gap-default\">\n\t\t\t\t\t<div class=\"elementor-column elementor-col-100 elementor-top-column elementor-element elementor-element-abd2c63\" data-id=\"abd2c63\" data-element_type=\"column\" data-e-type=\"column\">\n\t\t\t<div class=\"elementor-widget-wrap elementor-element-populated\">\n\t\t\t\t\t\t\t<\/div>\n\t\t<\/div>\n\t\t\t\t\t<\/div>\n\t\t<\/section>\n\t\t\t\t<section class=\"elementor-section elementor-top-section elementor-element elementor-element-2ab7ba4 elementor-section-boxed elementor-section-height-default elementor-section-height-default\" data-id=\"2ab7ba4\" data-element_type=\"section\" data-e-type=\"section\">\n\t\t\t\t\t\t<div class=\"elementor-container elementor-column-gap-default\">\n\t\t\t\t\t<div class=\"elementor-column elementor-col-100 elementor-top-column elementor-element elementor-element-7a037c2\" data-id=\"7a037c2\" data-element_type=\"column\" data-e-type=\"column\">\n\t\t\t<div class=\"elementor-widget-wrap elementor-element-populated\">\n\t\t\t\t\t\t<section class=\"elementor-section elementor-inner-section elementor-element elementor-element-f83b275 elementor-section-content-middle elementor-section-boxed elementor-section-height-default elementor-section-height-default\" data-id=\"f83b275\" data-element_type=\"section\" data-e-type=\"section\">\n\t\t\t\t\t\t<div class=\"elementor-container elementor-column-gap-default\">\n\t\t\t\t\t<div class=\"elementor-column elementor-col-50 elementor-inner-column elementor-element elementor-element-14375f2\" data-id=\"14375f2\" data-element_type=\"column\" data-e-type=\"column\">\n\t\t\t<div class=\"elementor-widget-wrap elementor-element-populated\">\n\t\t\t\t\t\t<div class=\"elementor-element elementor-element-e0c3f61 elementor-widget elementor-widget-text-editor\" data-id=\"e0c3f61\" data-element_type=\"widget\" data-e-type=\"widget\" data-widget_type=\"text-editor.default\">\n\t\t\t\t<div class=\"elementor-widget-container\">\n\t\t\t\t\t\t\t\t\t<div id=\"lipsum\"><h2><strong>Dermo : Fabricant de produits nettoyants pour lave-vaisselle automatique<\/strong><\/h2><p>Le\u00a0<strong>produits de nettoyage pour lave-vaisselle automatique<\/strong>\u00a0de\u00a0<strong>Dermo SA<\/strong>, assurent un nettoyage absolu et garantissent la pr\u00e9servation de votre machine. Ils offrent une d\u00e9sinfection compl\u00e8te par pH et haute temp\u00e9rature qui \u00e9limine les bact\u00e9ries et les germes nocifs pour notre sant\u00e9. De plus, il pr\u00e9vient les incrustations calcaires et sa formulation avec des tensioactifs de nouvelle g\u00e9n\u00e9ration conf\u00e8re un haut pouvoir hydratant \u00e0 la peau.\u00a0<strong>produits de nettoyage pour lave-vaisselle automatique<\/strong>. Ils ont une grande capacit\u00e9 \u00e0 \u00e9liminer les restes de nourriture et \u00e0 garder la vaisselle comme neuve, m\u00eame la verrerie. Parmi notre large gamme, vous pourrez retrouver jusqu&#039;\u00e0 6\u00a0<strong>produits de nettoyage pour lave-vaisselle automatique<\/strong>\u00a0diff\u00e9rents afin que vous puissiez choisir celui qui correspond le mieux \u00e0 vos besoins.<\/p><p>\u00a0<\/p><\/div>\t\t\t\t\t\t\t\t<\/div>\n\t\t\t\t<\/div>\n\t\t\t\t\t<\/div>\n\t\t<\/div>\n\t\t\t\t<div class=\"elementor-column elementor-col-50 elementor-inner-column elementor-element elementor-element-89b71ed elementor-invisible\" data-id=\"89b71ed\" data-element_type=\"column\" data-e-type=\"column\" data-settings=\"{&quot;animation&quot;:&quot;bounceInRight&quot;}\">\n\t\t\t<div class=\"elementor-widget-wrap elementor-element-populated\">\n\t\t\t\t\t\t<div class=\"elementor-element elementor-element-727a59a elementor-widget__width-initial elementor-widget elementor-widget-elementskit-contact-form7\" data-id=\"727a59a\" data-element_type=\"widget\" data-e-type=\"widget\" data-widget_type=\"elementskit-contact-form7.default\">\n\t\t\t\t<div class=\"elementor-widget-container\">\n\t\t\t\t\t<div class=\"ekit-wid-con\" ><div class=\"ekit-form\">\n<div class=\"wpcf7 no-js\" id=\"wpcf7-f13292-p13170-o1\" lang=\"es-ES\" dir=\"ltr\" data-wpcf7-id=\"13292\">\n<div class=\"screen-reader-response\"><p role=\"status\" aria-live=\"polite\" aria-atomic=\"true\"><\/p> <ul><\/ul><\/div>\n<form action=\"\/fr\/produits-de-nettoyage-pour-lave-vaisselle-automatiques\/#wpcf7-f13292-p13170-o1\" method=\"post\" class=\"wpcf7-form init\" aria-label=\"Formulario de contacto\" novalidate=\"novalidate\" data-status=\"init\" data-no-translation-aria-label=\"\" data-trp-original-action=\"\/en\/productos-de-limpieza-lavavajillas-automaticas\/#wpcf7-f13292-p13170-o1\">\n<fieldset class=\"hidden-fields-container\"><input type=\"hidden\" name=\"_wpcf7\" value=\"13292\" \/><input type=\"hidden\" name=\"_wpcf7_version\" value=\"6.1.5\" \/><input type=\"hidden\" name=\"_wpcf7_locale\" value=\"es_ES\" \/><input type=\"hidden\" name=\"_wpcf7_unit_tag\" value=\"wpcf7-f13292-p13170-o1\" \/><input type=\"hidden\" name=\"_wpcf7_container_post\" value=\"13170\" \/><input type=\"hidden\" name=\"_wpcf7_posted_data_hash\" value=\"\" \/><input type=\"hidden\" name=\"_wpcf7_recaptcha_response\" value=\"\" \/>\n<\/fieldset>\n<div style=\"display: flex; gap: 10px;\">\n\t<div style=\"width: 50%;\">\n\t\t<p><span class=\"wpcf7-form-control-wrap\" data-name=\"your-name\"><input size=\"40\" maxlength=\"400\" class=\"wpcf7-form-control wpcf7-text wpcf7-validates-as-required\" aria-required=\"true\" aria-invalid=\"false\" placeholder=\"Nom\" value=\"\" type=\"text\" name=\"your-name\" \/><\/span>\n\t\t<\/p>\n\t<\/div>\n\t<div style=\"width: 50%;\">\n\t\t<p><span class=\"wpcf7-form-control-wrap\" data-name=\"your-phone\"><input size=\"40\" maxlength=\"400\" class=\"wpcf7-form-control wpcf7-tel wpcf7-validates-as-required wpcf7-text wpcf7-validates-as-tel\" aria-required=\"true\" aria-invalid=\"false\" placeholder=\"T\u00e9l\u00e9phone\" value=\"\" type=\"tel\" name=\"your-phone\" \/><\/span>\n\t\t<\/p>\n\t<\/div>\n<\/div>\n<p><span class=\"wpcf7-form-control-wrap\" data-name=\"your-email\"><input size=\"40\" maxlength=\"400\" class=\"wpcf7-form-control wpcf7-email wpcf7-validates-as-required wpcf7-text wpcf7-validates-as-email\" aria-required=\"true\" aria-invalid=\"false\" placeholder=\"E-mail\" value=\"\" type=\"email\" name=\"your-email\" \/><\/span>\n<\/p>\n<div style=\"display: flex; gap: 10px;\">\n\t<div style=\"width: 50%;\">\n\t\t<p><span class=\"wpcf7-form-control-wrap\" data-name=\"your-country\"><input size=\"40\" maxlength=\"400\" class=\"wpcf7-form-control wpcf7-text wpcf7-validates-as-required\" aria-required=\"true\" aria-invalid=\"false\" placeholder=\"Pays\" value=\"\" type=\"text\" name=\"your-country\" \/><\/span>\n\t\t<\/p>\n\t<\/div>\n\t<div style=\"width: 50%;\">\n\t\t<p><span class=\"wpcf7-form-control-wrap\" data-name=\"your-city\"><input size=\"40\" maxlength=\"400\" class=\"wpcf7-form-control wpcf7-text wpcf7-validates-as-required\" aria-required=\"true\" aria-invalid=\"false\" placeholder=\"Population\" value=\"\" type=\"text\" name=\"your-city\" \/><\/span>\n\t\t<\/p>\n\t<\/div>\n<\/div>\n<p><span class=\"wpcf7-form-control-wrap\" data-name=\"your-subject\"><select class=\"wpcf7-form-control wpcf7-select\" aria-invalid=\"false\" name=\"your-subject\"><option value=\"Quiero ser distribuidor\">Je veux \u00eatre distributeur<\/option><option value=\"Presupuesto\">Budget<\/option><option value=\"Consulta\">Consultation<\/option><option value=\"Sugerencia\">Suggestion<\/option><option value=\"Otros\">Autres<\/option><\/select><\/span>\n<\/p>\n<p><span class=\"wpcf7-form-control-wrap\" data-name=\"your-message\"><textarea cols=\"40\" rows=\"10\" maxlength=\"2000\" class=\"wpcf7-form-control wpcf7-textarea\" aria-invalid=\"false\" placeholder=\"Message ou demande\" name=\"your-message\"><\/textarea><\/span>\n<\/p>\n<div style=\"display: flex; align-items: center; gap: 10px;\">\n\t<p><span class=\"wpcf7-form-control-wrap\" data-name=\"privacy-policy\"><span class=\"wpcf7-form-control wpcf7-acceptance\"><span class=\"wpcf7-list-item\"><input type=\"checkbox\" name=\"privacy-policy\" value=\"1\" aria-invalid=\"false\" \/><\/span><\/span><\/span><label for=\"privacy-policy\" style=\"margin-left: 5px;\">J&#039;ai lu et accept\u00e9 la politique de confidentialit\u00e9.<\/label>\n\t<\/p>\n<\/div>\n<div style=\"display: flex; align-items: center; gap: 10px;\">\n\t<p><span class=\"wpcf7-form-control-wrap\" data-name=\"send-info\"><span class=\"wpcf7-form-control wpcf7-acceptance\"><span class=\"wpcf7-list-item\"><input type=\"checkbox\" name=\"send-info\" value=\"1\" aria-invalid=\"false\" \/><\/span><\/span><\/span><label for=\"send-info\" style=\"margin-left: 5px;\">J&#039;accepte de recevoir des informations.<\/label>\n\t<\/p>\n<\/div>\n<p><input class=\"wpcf7-form-control wpcf7-submit has-spinner\" type=\"submit\" value=\"Envoyer\" \/>\n<\/p><div class=\"wpcf7-response-output\" aria-hidden=\"true\"><\/div>\n<input type=\"hidden\" name=\"trp-form-language\" value=\"fr\"\/><\/form>\n<\/div>\n<\/div><\/div>\t\t\t\t<\/div>\n\t\t\t\t<\/div>\n\t\t\t\t\t<\/div>\n\t\t<\/div>\n\t\t\t\t\t<\/div>\n\t\t<\/section>\n\t\t\t\t<div class=\"elementor-element elementor-element-6b5f521 elementor-widget elementor-widget-text-editor\" data-id=\"6b5f521\" data-element_type=\"widget\" data-e-type=\"widget\" data-widget_type=\"text-editor.default\">\n\t\t\t\t<div class=\"elementor-widget-container\">\n\t\t\t\t\t\t\t\t\t<p>Le\u00a0<strong>Tablettes lave-vaisselle 3 en 1<\/strong>\u00a0Ils nettoient, d\u00e9sinfectent et font briller toute votre vaisselle sans effort. Contient des agents qui r\u00e9duisent la duret\u00e9 de l\u2019eau et emp\u00eachent le calcium et le magn\u00e9sium, pr\u00e9sents dans l\u2019eau, de se d\u00e9poser sur les assiettes, verres et autres ustensiles. Il est livr\u00e9 dans une bo\u00eete de 12 unit\u00e9s avec 25 comprim\u00e9s chacune. Un autre des n\u00f4tres\u00a0<strong>produits de nettoyage pour lave-vaisselle automatique<\/strong>\u00a0C&#039;est le\u00a0<strong>DW Clore<\/strong>, un d\u00e9tergent vaisselle en poudre qui assainit tous nos ustensiles de cuisine gr\u00e2ce \u00e0 son chlore actif, prot\u00e9geant efficacement les parties m\u00e9talliques de la machine et pr\u00e9venant la corrosion. Il respecte les couleurs de la vaisselle d\u00e9cor\u00e9e et est pr\u00e9sent\u00e9 dans un seau en plastique de 1,5 kg. En ce qui concerne la\u00a0<strong>produits de nettoyage pour lave-vaisselle automatique<\/strong>\u00a0En liquide, nous avons quatre lave-vaisselle diff\u00e9rents dont l&#039;utilisation d\u00e9pend de la\u00a0<strong>duret\u00e9 de l&#039;eau<\/strong>.\u00a0<strong>Fief\u00a0<\/strong>C&#039;est un d\u00e9tergent liquide alcalin, avec mousse contr\u00f4l\u00e9e et pouvoir nettoyant \u00e9lev\u00e9. Prot\u00e8ge les pi\u00e8ces m\u00e9talliques de la machine et les emp\u00eache de se corroder. Nous en avons 4 types diff\u00e9rents selon le calcium et le magn\u00e9sium contenus dans l&#039;eau :\u00a0<strong>Finale 1, Finale 2, Finale 3 et Finale 4.<\/strong>\u00a0Le premier est pour l&#039;eau douce, le deuxi\u00e8me pour l&#039;eau semi-dure, le troisi\u00e8me pour l&#039;eau dure et le dernier pour l&#039;eau extr\u00eamement dure.<\/p><p>Le\u00a0<strong>duret\u00e9 de l&#039;eau<\/strong>\u00a0Il s&#039;agit de la concentration de min\u00e9raux dans une certaine quantit\u00e9 d&#039;eau. Dans ce cas, nous mesurons la somme des ions calcium et magn\u00e9sium pour \u00e9tablir le degr\u00e9 de duret\u00e9 et, en fonction de cela, le d\u00e9tergent se comportera d&#039;une mani\u00e8re ou d&#039;une autre. Dans l\u2019eau dure, le d\u00e9tergent produira moins de mousse que dans l\u2019eau douce et son efficacit\u00e9 sera r\u00e9duite. C&#039;est pourquoi, dans\u00a0<strong>Dermo SA<\/strong>\u00a0Nous mettons \u00e0 votre disposition la gamme Fial, afin que vous puissiez obtenir les m\u00eames r\u00e9sultats, quels que soient\u00a0<strong>duret\u00e9 de l&#039;eau<\/strong>.<\/p>\t\t\t\t\t\t\t\t<\/div>\n\t\t\t\t<\/div>\n\t\t\t\t\t<\/div>\n\t\t<\/div>\n\t\t\t\t\t<\/div>\n\t\t<\/section>\n\t\t\t\t<section class=\"elementor-section elementor-top-section elementor-element elementor-element-81d01d4 elementor-section-full_width elementor-section-height-default elementor-section-height-default elementor-invisible\" data-id=\"81d01d4\" data-element_type=\"section\" data-e-type=\"section\" data-settings=\"{&quot;animation&quot;:&quot;slideInUp&quot;}\">\n\t\t\t\t\t\t<div class=\"elementor-container elementor-column-gap-default\">\n\t\t\t\t\t<div class=\"elementor-column elementor-col-100 elementor-top-column elementor-element elementor-element-60e521a\" data-id=\"60e521a\" data-element_type=\"column\" data-e-type=\"column\">\n\t\t\t<div class=\"elementor-widget-wrap elementor-element-populated\">\n\t\t\t\t\t\t<div class=\"elementor-element elementor-element-621aab0 elementor-widget elementor-widget-google_maps\" data-id=\"621aab0\" data-element_type=\"widget\" data-e-type=\"widget\" data-widget_type=\"google_maps.default\">\n\t\t\t\t<div class=\"elementor-widget-container\">\n\t\t\t\t\t\t\t<div class=\"elementor-custom-embed\">\n\t\t\t<iframe loading=\"lazy\"\n\t\t\t\t\tsrc=\"https:\/\/maps.google.com\/maps?q=C%2F%20Pintor%20Joan%20Miro%2C%2016.%20Pol.%20Ind.%20Can%20Humet%20de%20Dalt%2C%2008213%20Poliny%C3%A0.%20Barcelona&#038;t=m&#038;z=15&#038;output=embed&#038;iwloc=near\"\n\t\t\t\t\ttitle=\"C\/ Pintor Joan Miro, 16. Pol. Ind. Can Humet de Dalt, 08213 Poliny\u00e0. Barcelone\"\n\t\t\t\t\taria-label=\"C\/ Pintor Joan Miro, 16. Pol. Ind. Can Humet de Dalt, 08213 Poliny\u00e0. Barcelone\"\n\t\t\t><\/iframe>\n\t\t<\/div>\n\t\t\t\t\t\t<\/div>\n\t\t\t\t<\/div>\n\t\t\t\t\t<\/div>\n\t\t<\/div>\n\t\t\t\t\t<\/div>\n\t\t<\/section>\n\t\t\t\t<\/div>","protected":false},"excerpt":{"rendered":"<p>Dermo : Fabricant de produits de nettoyage pour lave-vaisselle automatiques. Les produits de nettoyage pour lave-vaisselle automatiques de Dermo SA assurent une propret\u00e9 absolue et garantissent la pr\u00e9servation de votre machine. Ils offrent une d\u00e9sinfection compl\u00e8te gr\u00e2ce au pH et aux temp\u00e9ratures \u00e9lev\u00e9es, \u00e9liminant ainsi les bact\u00e9ries et les germes nocifs pour la sant\u00e9. Ils pr\u00e9viennent \u00e9galement l&#039;accumulation de calcaire et leur formulation utilise des tensioactifs innovants\u2026&nbsp;<a href=\"https:\/\/dermo.com\/fr\/produits-de-nettoyage-pour-lave-vaisselle-automatiques\/\" rel=\"bookmark\">En savoir plus &quot;<span class=\"screen-reader-text\">Produits de nettoyage pour lave-vaisselle automatique<\/span><\/a><\/p>","protected":false},"author":2,"featured_media":0,"parent":0,"menu_order":0,"comment_status":"closed","ping_status":"closed","template":"page-templates\/template-pagebuilder-full-width.php","meta":{"neve_meta_sidebar":"","neve_meta_container":"","neve_meta_enable_content_width":"","neve_meta_content_width":0,"neve_meta_title_alignment":"","neve_meta_author_avatar":"","neve_post_elements_order":"","neve_meta_disable_header":"","neve_meta_disable_footer":"","neve_meta_disable_title":"","footnotes":""},"class_list":["post-13170","page","type-page","status-publish","hentry"],"yoast_head":"<!-- This site is optimized with the Yoast SEO plugin v27.0 - https:\/\/yoast.com\/product\/yoast-seo-wordpress\/ -->\n<title>Productos de limpieza lavavajillas autom\u00e1ticas - Dermo | F\u00e1brica de detergentes<\/title>\n<meta name=\"robots\" content=\"index, follow, max-snippet:-1, max-image-preview:large, max-video-preview:-1\" \/>\n<link rel=\"canonical\" href=\"https:\/\/dermo.com\/fr\/produits-de-nettoyage-pour-lave-vaisselle-automatiques\/\" \/>\n<meta property=\"og:locale\" content=\"fr_FR\" \/>\n<meta property=\"og:type\" content=\"article\" \/>\n<meta property=\"og:title\" content=\"Productos de limpieza lavavajillas autom\u00e1ticas - Dermo | F\u00e1brica de detergentes\" \/>\n<meta property=\"og:description\" content=\"Dermo:\u00a0Fabrica de productos de limpieza lavavajillas autom\u00e1ticas Los\u00a0productos de limpieza lavavajillas autom\u00e1ticas\u00a0de\u00a0Dermo S.A., proporcionan una limpieza absoluta y garantizan la conservaci\u00f3n de tu m\u00e1quina. Ofrecen una completa desinfecci\u00f3n por pH y por una elevada temperatura que elimina bacterias y g\u00e9rmenes perjudiciales para nuestra salud. Adem\u00e1s, evita incrustaciones calc\u00e1reas y su formulaci\u00f3n con tensoactivos de nueva&hellip;&nbsp;Lire la suite &raquo;Productos de limpieza lavavajillas autom\u00e1ticas\" \/>\n<meta property=\"og:url\" content=\"https:\/\/dermo.com\/fr\/produits-de-nettoyage-pour-lave-vaisselle-automatiques\/\" \/>\n<meta property=\"og:site_name\" content=\"Dermo | F\u00e1brica de detergentes\" \/>\n<meta property=\"article:modified_time\" content=\"2025-02-19T11:30:06+00:00\" \/>\n<meta name=\"twitter:card\" content=\"summary_large_image\" \/>\n<meta name=\"twitter:label1\" content=\"Dur\u00e9e de lecture estim\u00e9e\" \/>\n\t<meta name=\"twitter:data1\" content=\"3 minutes\" \/>\n<script type=\"application\/ld+json\" class=\"yoast-schema-graph\">{\"@context\":\"https:\/\/schema.org\",\"@graph\":[{\"@type\":\"WebPage\",\"@id\":\"https:\/\/dermo.com\/productos-de-limpieza-lavavajillas-automaticas\/\",\"url\":\"https:\/\/dermo.com\/productos-de-limpieza-lavavajillas-automaticas\/\",\"name\":\"Productos de limpieza lavavajillas autom\u00e1ticas - Dermo | F\u00e1brica de detergentes\",\"isPartOf\":{\"@id\":\"https:\/\/dermo.com\/#website\"},\"datePublished\":\"2025-01-31T11:44:58+00:00\",\"dateModified\":\"2025-02-19T11:30:06+00:00\",\"breadcrumb\":{\"@id\":\"https:\/\/dermo.com\/productos-de-limpieza-lavavajillas-automaticas\/#breadcrumb\"},\"inLanguage\":\"fr-FR\",\"potentialAction\":[{\"@type\":\"ReadAction\",\"target\":[\"https:\/\/dermo.com\/productos-de-limpieza-lavavajillas-automaticas\/\"]}]},{\"@type\":\"BreadcrumbList\",\"@id\":\"https:\/\/dermo.com\/productos-de-limpieza-lavavajillas-automaticas\/#breadcrumb\",\"itemListElement\":[{\"@type\":\"ListItem\",\"position\":1,\"name\":\"Portada\",\"item\":\"https:\/\/dermo.com\/\"},{\"@type\":\"ListItem\",\"position\":2,\"name\":\"Productos de limpieza lavavajillas autom\u00e1ticas\"}]},{\"@type\":\"WebSite\",\"@id\":\"https:\/\/dermo.com\/#website\",\"url\":\"https:\/\/dermo.com\/\",\"name\":\"Dermo | F\u00e1brica de detergentes\",\"description\":\"Tecnolog\u00eda avanzada, investigaci\u00f3n y desarrollo, respeto por el medio ambiente, competencia, formaci\u00f3n constante y alto nivel de profesionalidad en nuestro equipo humano, empe\u00f1ado en preservar la calidad de vida, la protecci\u00f3n del entorno natural contin\u00faan motiv\u00e1ndonos para desarrollar en nuestros laboratorios nuevos productos con ingredientes activos altamente biodegradables que hacen posible un desarrollo sostenible.\",\"potentialAction\":[{\"@type\":\"SearchAction\",\"target\":{\"@type\":\"EntryPoint\",\"urlTemplate\":\"https:\/\/dermo.com\/?s={search_term_string}\"},\"query-input\":{\"@type\":\"PropertyValueSpecification\",\"valueRequired\":true,\"valueName\":\"search_term_string\"}}],\"inLanguage\":\"fr-FR\"}]}<\/script>\n<!-- \/ Yoast SEO plugin. -->","yoast_head_json":{"title":"Produits de nettoyage pour lave-vaisselle automatique - Dermo | Usine de d\u00e9tergents","robots":{"index":"index","follow":"follow","max-snippet":"max-snippet:-1","max-image-preview":"max-image-preview:large","max-video-preview":"max-video-preview:-1"},"canonical":"https:\/\/dermo.com\/fr\/produits-de-nettoyage-pour-lave-vaisselle-automatiques\/","og_locale":"fr_FR","og_type":"article","og_title":"Productos de limpieza lavavajillas autom\u00e1ticas - Dermo | F\u00e1brica de detergentes","og_description":"Dermo:\u00a0Fabrica de productos de limpieza lavavajillas autom\u00e1ticas Los\u00a0productos de limpieza lavavajillas autom\u00e1ticas\u00a0de\u00a0Dermo S.A., proporcionan una limpieza absoluta y garantizan la conservaci\u00f3n de tu m\u00e1quina. Ofrecen una completa desinfecci\u00f3n por pH y por una elevada temperatura que elimina bacterias y g\u00e9rmenes perjudiciales para nuestra salud. Adem\u00e1s, evita incrustaciones calc\u00e1reas y su formulaci\u00f3n con tensoactivos de nueva&hellip;&nbsp;Lire la suite &raquo;Productos de limpieza lavavajillas autom\u00e1ticas","og_url":"https:\/\/dermo.com\/fr\/produits-de-nettoyage-pour-lave-vaisselle-automatiques\/","og_site_name":"Dermo | F\u00e1brica de detergentes","article_modified_time":"2025-02-19T11:30:06+00:00","twitter_card":"summary_large_image","twitter_misc":{"Dur\u00e9e de lecture estim\u00e9e":"3 minutes"},"schema":{"@context":"https:\/\/schema.org","@graph":[{"@type":"WebPage","@id":"https:\/\/dermo.com\/productos-de-limpieza-lavavajillas-automaticas\/","url":"https:\/\/dermo.com\/productos-de-limpieza-lavavajillas-automaticas\/","name":"Produits de nettoyage pour lave-vaisselle automatique - Dermo | Usine de d\u00e9tergents","isPartOf":{"@id":"https:\/\/dermo.com\/#website"},"datePublished":"2025-01-31T11:44:58+00:00","dateModified":"2025-02-19T11:30:06+00:00","breadcrumb":{"@id":"https:\/\/dermo.com\/productos-de-limpieza-lavavajillas-automaticas\/#breadcrumb"},"inLanguage":"fr-FR","potentialAction":[{"@type":"ReadAction","target":["https:\/\/dermo.com\/productos-de-limpieza-lavavajillas-automaticas\/"]}]},{"@type":"BreadcrumbList","@id":"https:\/\/dermo.com\/productos-de-limpieza-lavavajillas-automaticas\/#breadcrumb","itemListElement":[{"@type":"ListItem","position":1,"name":"Portada","item":"https:\/\/dermo.com\/"},{"@type":"ListItem","position":2,"name":"Productos de limpieza lavavajillas autom\u00e1ticas"}]},{"@type":"WebSite","@id":"https:\/\/dermo.com\/#website","url":"https:\/\/dermo.com\/","name":"Dermo | usine de d\u00e9tergents","description":"Technologie avanc\u00e9e, recherche et d\u00e9veloppement, respect de l&#039;environnement, comp\u00e9tence, formation constante et haut niveau de professionnalisme de notre \u00e9quipe humaine, engag\u00e9e \u00e0 pr\u00e9server la qualit\u00e9 de vie, la protection de l&#039;environnement naturel continuent de nous motiver \u00e0 d\u00e9velopper de nouveaux produits dans notre laboratoires aux principes actifs hautement biod\u00e9gradables qui rendent possible le d\u00e9veloppement durable.","potentialAction":[{"@type":"SearchAction","target":{"@type":"EntryPoint","urlTemplate":"https:\/\/dermo.com\/?s={search_term_string}"},"query-input":{"@type":"PropertyValueSpecification","valueRequired":true,"valueName":"search_term_string"}}],"inLanguage":"fr-FR"}]}},"_links":{"self":[{"href":"https:\/\/dermo.com\/fr\/wp-json\/wp\/v2\/pages\/13170","targetHints":{"allow":["GET"]}}],"collection":[{"href":"https:\/\/dermo.com\/fr\/wp-json\/wp\/v2\/pages"}],"about":[{"href":"https:\/\/dermo.com\/fr\/wp-json\/wp\/v2\/types\/page"}],"author":[{"embeddable":true,"href":"https:\/\/dermo.com\/fr\/wp-json\/wp\/v2\/users\/2"}],"replies":[{"embeddable":true,"href":"https:\/\/dermo.com\/fr\/wp-json\/wp\/v2\/comments?post=13170"}],"version-history":[{"count":6,"href":"https:\/\/dermo.com\/fr\/wp-json\/wp\/v2\/pages\/13170\/revisions"}],"predecessor-version":[{"id":13684,"href":"https:\/\/dermo.com\/fr\/wp-json\/wp\/v2\/pages\/13170\/revisions\/13684"}],"wp:attachment":[{"href":"https:\/\/dermo.com\/fr\/wp-json\/wp\/v2\/media?parent=13170"}],"curies":[{"name":"wp","href":"https:\/\/api.w.org\/{rel}","templated":true}]}}