{"id":14371,"date":"2025-11-15T10:17:20","date_gmt":"2025-11-15T09:17:20","guid":{"rendered":"https:\/\/dermo.com\/?page_id=14371"},"modified":"2025-11-15T10:22:03","modified_gmt":"2025-11-15T09:22:03","slug":"degraissant-moteur-polinya","status":"publish","type":"page","link":"https:\/\/dermo.com\/fr\/degraissant-moteur-polinya\/","title":{"rendered":"D\u00e9graissant moteur Poliny\u00e0"},"content":{"rendered":"<div data-elementor-type=\"wp-page\" data-elementor-id=\"14371\" class=\"elementor elementor-14371\" data-elementor-post-type=\"page\">\n\t\t\t\t\t\t<section class=\"elementor-section elementor-top-section elementor-element elementor-element-a02683f elementor-section-boxed elementor-section-height-default elementor-section-height-default\" data-id=\"a02683f\" data-element_type=\"section\" data-e-type=\"section\" data-settings=\"{&quot;background_background&quot;:&quot;classic&quot;}\">\n\t\t\t\t\t\t\t<div class=\"elementor-background-overlay\"><\/div>\n\t\t\t\t\t\t\t<div class=\"elementor-container elementor-column-gap-default\">\n\t\t\t\t\t<div class=\"elementor-column elementor-col-100 elementor-top-column elementor-element elementor-element-f99dbff\" data-id=\"f99dbff\" data-element_type=\"column\" data-e-type=\"column\">\n\t\t\t<div class=\"elementor-widget-wrap elementor-element-populated\">\n\t\t\t\t\t\t\t<\/div>\n\t\t<\/div>\n\t\t\t\t\t<\/div>\n\t\t<\/section>\n\t\t\t\t<section class=\"elementor-section elementor-top-section elementor-element elementor-element-233ad3a4 elementor-section-boxed elementor-section-height-default elementor-section-height-default\" data-id=\"233ad3a4\" data-element_type=\"section\" data-e-type=\"section\">\n\t\t\t\t\t\t<div class=\"elementor-container elementor-column-gap-default\">\n\t\t\t\t\t<div class=\"elementor-column elementor-col-100 elementor-top-column elementor-element elementor-element-3244e578\" data-id=\"3244e578\" data-element_type=\"column\" data-e-type=\"column\">\n\t\t\t<div class=\"elementor-widget-wrap elementor-element-populated\">\n\t\t\t\t\t\t<section class=\"elementor-section elementor-inner-section elementor-element elementor-element-1a7040c2 elementor-section-content-middle elementor-section-boxed elementor-section-height-default elementor-section-height-default\" data-id=\"1a7040c2\" data-element_type=\"section\" data-e-type=\"section\">\n\t\t\t\t\t\t<div class=\"elementor-container elementor-column-gap-default\">\n\t\t\t\t\t<div class=\"elementor-column elementor-col-50 elementor-inner-column elementor-element elementor-element-58338543\" data-id=\"58338543\" data-element_type=\"column\" data-e-type=\"column\">\n\t\t\t<div class=\"elementor-widget-wrap elementor-element-populated\">\n\t\t\t\t\t\t<div class=\"elementor-element elementor-element-464b2e11 elementor-widget elementor-widget-text-editor\" data-id=\"464b2e11\" data-element_type=\"widget\" data-e-type=\"widget\" data-widget_type=\"text-editor.default\">\n\t\t\t\t<div class=\"elementor-widget-container\">\n\t\t\t\t\t\t\t\t\t<h2 data-start=\"277\" data-end=\"323\">D\u00e9graissant moteur dans notre usine Dermo \u00e0 Poliny\u00e0<\/h2><p data-start=\"392\" data-end=\"815\">Dans notre usine de nettoyage, sp\u00e9cialis\u00e9e dans les d\u00e9tergents industriels, nous avons d\u00e9velopp\u00e9 un <strong data-start=\"508\" data-end=\"538\">d\u00e9graissant <\/strong>pour <strong data-start=\"508\" data-end=\"538\">moteurs<\/strong> dans <strong>Poliny\u00e0<\/strong>, Haute performance. Gr\u00e2ce \u00e0 notre technologie de pointe et \u00e0 nos processus de R&amp;D, nous proposons une formulation puissante qui \u00e9limine la graisse, l&#039;huile et les r\u00e9sidus carbonis\u00e9s des moteurs, des transmissions, des machines automobiles ou industrielles, en toute s\u00e9curit\u00e9 pour les composants m\u00e9talliques.<\/p><h3 data-start=\"392\" data-end=\"815\">Motornet ; le d\u00e9graissant moteur que vous recherchiez \u00e0 Poliny\u00e0<\/h3><p data-start=\"177\" data-end=\"459\">Motornet est un <strong>d\u00e9graissant moteur \u00e0 Poliny\u00e0<\/strong> Sp\u00e9cialement formul\u00e9 pour le nettoyage des moteurs \u00e0 combustion interne et des surfaces m\u00e9talliques non peintes, ce produit se m\u00e9lange \u00e0 l&#039;eau en toutes proportions, cr\u00e9ant une \u00e9mulsion capable d&#039;\u00e9liminer tous types de salet\u00e9s incrust\u00e9es. Il agit efficacement sur la graisse, la boue, la suie et les r\u00e9sidus solides, les dissolvant et facilitant ainsi le nettoyage en profondeur des moteurs et des pi\u00e8ces m\u00e9talliques.<\/p>\t\t\t\t\t\t\t\t<\/div>\n\t\t\t\t<\/div>\n\t\t\t\t\t<\/div>\n\t\t<\/div>\n\t\t\t\t<div class=\"elementor-column elementor-col-50 elementor-inner-column elementor-element elementor-element-1bcd33d elementor-invisible\" data-id=\"1bcd33d\" data-element_type=\"column\" data-e-type=\"column\" data-settings=\"{&quot;animation&quot;:&quot;bounceInRight&quot;}\">\n\t\t\t<div class=\"elementor-widget-wrap elementor-element-populated\">\n\t\t\t\t\t\t<div class=\"elementor-element elementor-element-10a2e02 elementor-widget elementor-widget-elementskit-contact-form7\" data-id=\"10a2e02\" data-element_type=\"widget\" data-e-type=\"widget\" data-widget_type=\"elementskit-contact-form7.default\">\n\t\t\t\t<div class=\"elementor-widget-container\">\n\t\t\t\t\t<div class=\"ekit-wid-con\" ><div class=\"ekit-form\">\n<div class=\"wpcf7 no-js\" id=\"wpcf7-f13292-p14371-o1\" lang=\"es-ES\" dir=\"ltr\" data-wpcf7-id=\"13292\">\n<div class=\"screen-reader-response\"><p role=\"status\" aria-live=\"polite\" aria-atomic=\"true\"><\/p> <ul><\/ul><\/div>\n<form action=\"\/fr\/degraissant-moteur-polinya\/#wpcf7-f13292-p14371-o1\" method=\"post\" class=\"wpcf7-form init\" aria-label=\"Formulario de contacto\" novalidate=\"novalidate\" data-status=\"init\" data-no-translation-aria-label=\"\" data-trp-original-action=\"\/fr\/desengrasante-motores-polinya\/#wpcf7-f13292-p14371-o1\">\n<fieldset class=\"hidden-fields-container\"><input type=\"hidden\" name=\"_wpcf7\" value=\"13292\" \/><input type=\"hidden\" name=\"_wpcf7_version\" value=\"6.1.5\" \/><input type=\"hidden\" name=\"_wpcf7_locale\" value=\"es_ES\" \/><input type=\"hidden\" name=\"_wpcf7_unit_tag\" value=\"wpcf7-f13292-p14371-o1\" \/><input type=\"hidden\" name=\"_wpcf7_container_post\" value=\"14371\" \/><input type=\"hidden\" name=\"_wpcf7_posted_data_hash\" value=\"\" \/><input type=\"hidden\" name=\"_wpcf7_recaptcha_response\" value=\"\" \/>\n<\/fieldset>\n<div style=\"display: flex; gap: 10px;\">\n\t<div style=\"width: 50%;\">\n\t\t<p><span class=\"wpcf7-form-control-wrap\" data-name=\"your-name\"><input size=\"40\" maxlength=\"400\" class=\"wpcf7-form-control wpcf7-text wpcf7-validates-as-required\" aria-required=\"true\" aria-invalid=\"false\" placeholder=\"Nom\" value=\"\" type=\"text\" name=\"your-name\" \/><\/span>\n\t\t<\/p>\n\t<\/div>\n\t<div style=\"width: 50%;\">\n\t\t<p><span class=\"wpcf7-form-control-wrap\" data-name=\"your-phone\"><input size=\"40\" maxlength=\"400\" class=\"wpcf7-form-control wpcf7-tel wpcf7-validates-as-required wpcf7-text wpcf7-validates-as-tel\" aria-required=\"true\" aria-invalid=\"false\" placeholder=\"T\u00e9l\u00e9phone\" value=\"\" type=\"tel\" name=\"your-phone\" \/><\/span>\n\t\t<\/p>\n\t<\/div>\n<\/div>\n<p><span class=\"wpcf7-form-control-wrap\" data-name=\"your-email\"><input size=\"40\" maxlength=\"400\" class=\"wpcf7-form-control wpcf7-email wpcf7-validates-as-required wpcf7-text wpcf7-validates-as-email\" aria-required=\"true\" aria-invalid=\"false\" placeholder=\"E-mail\" value=\"\" type=\"email\" name=\"your-email\" \/><\/span>\n<\/p>\n<div style=\"display: flex; gap: 10px;\">\n\t<div style=\"width: 50%;\">\n\t\t<p><span class=\"wpcf7-form-control-wrap\" data-name=\"your-country\"><input size=\"40\" maxlength=\"400\" class=\"wpcf7-form-control wpcf7-text wpcf7-validates-as-required\" aria-required=\"true\" aria-invalid=\"false\" placeholder=\"Pays\" value=\"\" type=\"text\" name=\"your-country\" \/><\/span>\n\t\t<\/p>\n\t<\/div>\n\t<div style=\"width: 50%;\">\n\t\t<p><span class=\"wpcf7-form-control-wrap\" data-name=\"your-city\"><input size=\"40\" maxlength=\"400\" class=\"wpcf7-form-control wpcf7-text wpcf7-validates-as-required\" aria-required=\"true\" aria-invalid=\"false\" placeholder=\"Population\" value=\"\" type=\"text\" name=\"your-city\" \/><\/span>\n\t\t<\/p>\n\t<\/div>\n<\/div>\n<p><span class=\"wpcf7-form-control-wrap\" data-name=\"your-subject\"><select class=\"wpcf7-form-control wpcf7-select\" aria-invalid=\"false\" name=\"your-subject\"><option value=\"Quiero ser distribuidor\">Je veux \u00eatre distributeur<\/option><option value=\"Presupuesto\">Budget<\/option><option value=\"Consulta\">Consultation<\/option><option value=\"Sugerencia\">Suggestion<\/option><option value=\"Otros\">Autres<\/option><\/select><\/span>\n<\/p>\n<p><span class=\"wpcf7-form-control-wrap\" data-name=\"your-message\"><textarea cols=\"40\" rows=\"10\" maxlength=\"2000\" class=\"wpcf7-form-control wpcf7-textarea\" aria-invalid=\"false\" placeholder=\"Message ou demande\" name=\"your-message\"><\/textarea><\/span>\n<\/p>\n<div style=\"display: flex; align-items: center; gap: 10px;\">\n\t<p><span class=\"wpcf7-form-control-wrap\" data-name=\"privacy-policy\"><span class=\"wpcf7-form-control wpcf7-acceptance\"><span class=\"wpcf7-list-item\"><input type=\"checkbox\" name=\"privacy-policy\" value=\"1\" aria-invalid=\"false\" \/><\/span><\/span><\/span><label for=\"privacy-policy\" style=\"margin-left: 5px;\">J&#039;ai lu et accept\u00e9 la politique de confidentialit\u00e9.<\/label>\n\t<\/p>\n<\/div>\n<div style=\"display: flex; align-items: center; gap: 10px;\">\n\t<p><span class=\"wpcf7-form-control-wrap\" data-name=\"send-info\"><span class=\"wpcf7-form-control wpcf7-acceptance\"><span class=\"wpcf7-list-item\"><input type=\"checkbox\" name=\"send-info\" value=\"1\" aria-invalid=\"false\" \/><\/span><\/span><\/span><label for=\"send-info\" style=\"margin-left: 5px;\">J&#039;accepte de recevoir des informations.<\/label>\n\t<\/p>\n<\/div>\n<p><input class=\"wpcf7-form-control wpcf7-submit has-spinner\" type=\"submit\" value=\"Envoyer\" \/>\n<\/p><div class=\"wpcf7-response-output\" aria-hidden=\"true\"><\/div>\n<input type=\"hidden\" name=\"trp-form-language\" value=\"fr\"\/><\/form>\n<\/div>\n<\/div><\/div>\t\t\t\t<\/div>\n\t\t\t\t<\/div>\n\t\t\t\t\t<\/div>\n\t\t<\/div>\n\t\t\t\t\t<\/div>\n\t\t<\/section>\n\t\t\t\t<div class=\"elementor-element elementor-element-615d68f elementor-widget elementor-widget-text-editor\" data-id=\"615d68f\" data-element_type=\"widget\" data-e-type=\"widget\" data-widget_type=\"text-editor.default\">\n\t\t\t\t<div class=\"elementor-widget-container\">\n\t\t\t\t\t\t\t\t\t<h2 data-start=\"612\" data-end=\"674\">Autres utilisations du d\u00e9graissant moteur \u00e0 Poliny\u00e0<\/h2><p data-start=\"612\" data-end=\"674\">Outre son utilisation principale, Motornet convient \u00e9galement pour\u00a0:<\/p><ul data-start=\"676\" data-end=\"992\"><li data-start=\"676\" data-end=\"788\"><p data-start=\"678\" data-end=\"788\">D\u00e9graissage des rev\u00eatements de sol dans les ateliers m\u00e9caniques, les stations-service et les zones d&#039;accumulation d&#039;huile.<\/p><\/li><li data-start=\"789\" data-end=\"908\"><p data-start=\"791\" data-end=\"908\">Nettoyer et d\u00e9graisser les \u00e9l\u00e9ments de transmission, les cha\u00eenes de v\u00e9lo, les motos et les machines similaires.<\/p><\/li><li data-start=\"909\" data-end=\"992\"><p data-start=\"911\" data-end=\"992\">\u00c9liminer les r\u00e9sidus de lubrifiant des moules utilis\u00e9s dans les proc\u00e9d\u00e9s d&#039;injection.<\/p><\/li><\/ul><h3 data-start=\"817\" data-end=\"839\"><strong data-start=\"817\" data-end=\"837\">Principaux avantages du d\u00e9graissant moteur \u00e0 Poliny\u00e0<\/strong><\/h3><p>Notre formule offre une efficacit\u00e9 professionnelle, capable de dissoudre m\u00eame les graisses les plus tenaces dans les blocs-moteurs, les turbocompresseurs, les bo\u00eetes de vitesses et les pi\u00e8ces m\u00e9caniques, tout en conservant une biod\u00e9gradabilit\u00e9 \u00e9lev\u00e9e gr\u00e2ce \u00e0 l&#039;utilisation d&#039;ingr\u00e9dients actifs respectueux de l&#039;environnement. De plus, elle est con\u00e7ue pour prot\u00e9ger les surfaces m\u00e9talliques, pr\u00e9venant la corrosion et pr\u00e9servant des mat\u00e9riaux tels que l&#039;aluminium, l&#039;acier et divers alliages couramment utilis\u00e9s dans les moteurs. L&#039;ensemble de ce produit est d\u00e9velopp\u00e9 dans le respect de normes de s\u00e9curit\u00e9 strictes, avec le soutien d&#039;une \u00e9quipe d&#039;experts b\u00e9n\u00e9ficiant d&#039;une formation continue. Nous adaptons \u00e9galement les concentrations, les conditionnements et les formats \u00e0 tous les besoins, conform\u00e9ment \u00e0 notre philosophie de fabrication sur mesure. La qualit\u00e9 de notre produit se refl\u00e8te dans notre pr\u00e9sence internationale\u00a0: nous distribuons nos d\u00e9graissants dans plus de 30\u00a0pays.<strong> d\u00e9graissant <\/strong>pour <strong>moteurs <\/strong>dans <strong>Poliny\u00e0<\/strong> Recommand\u00e9 pour les ateliers automobiles, les entreprises de nettoyage industriel, les usines, les soci\u00e9t\u00e9s de maintenance m\u00e9canique et les concessions automobiles, notre d\u00e9graissant moteur s&#039;int\u00e8gre parfaitement aux processus de nettoyage courants ou en profondeur. Il nettoie efficacement tout en pr\u00e9servant l&#039;environnement. Demandez plus d&#039;informations d\u00e8s maintenant et optimisez les performances de votre \u00e9quipement gr\u00e2ce \u00e0 notre produit. <strong>d\u00e9graissant <\/strong>pour <strong>moteurs <\/strong>dans <strong>Poliny\u00e0<\/strong>.<\/p>\t\t\t\t\t\t\t\t<\/div>\n\t\t\t\t<\/div>\n\t\t\t\t\t<\/div>\n\t\t<\/div>\n\t\t\t\t\t<\/div>\n\t\t<\/section>\n\t\t\t\t<section class=\"elementor-section elementor-top-section elementor-element elementor-element-484f41e elementor-section-full_width elementor-section-height-default elementor-section-height-default elementor-invisible\" data-id=\"484f41e\" data-element_type=\"section\" data-e-type=\"section\" data-settings=\"{&quot;animation&quot;:&quot;slideInUp&quot;}\">\n\t\t\t\t\t\t<div class=\"elementor-container elementor-column-gap-default\">\n\t\t\t\t\t<div class=\"elementor-column elementor-col-100 elementor-top-column elementor-element elementor-element-19948363\" data-id=\"19948363\" data-element_type=\"column\" data-e-type=\"column\">\n\t\t\t<div class=\"elementor-widget-wrap elementor-element-populated\">\n\t\t\t\t\t\t<div class=\"elementor-element elementor-element-339044a4 elementor-widget elementor-widget-google_maps\" data-id=\"339044a4\" data-element_type=\"widget\" data-e-type=\"widget\" data-widget_type=\"google_maps.default\">\n\t\t\t\t<div class=\"elementor-widget-container\">\n\t\t\t\t\t\t\t<div class=\"elementor-custom-embed\">\n\t\t\t<iframe loading=\"lazy\"\n\t\t\t\t\tsrc=\"https:\/\/maps.google.com\/maps?q=C%2F%20Pintor%20Joan%20Miro%2C%2016.%20Pol.%20Ind.%20Can%20Humet%20de%20Dalt%2C%2008213%20Poliny%C3%A0.%20Barcelona&#038;t=m&#038;z=15&#038;output=embed&#038;iwloc=near\"\n\t\t\t\t\ttitle=\"C\/ Pintor Joan Miro, 16. Pol. Ind. Can Humet de Dalt, 08213 Poliny\u00e0. Barcelone\"\n\t\t\t\t\taria-label=\"C\/ Pintor Joan Miro, 16. Pol. Ind. Can Humet de Dalt, 08213 Poliny\u00e0. Barcelone\"\n\t\t\t><\/iframe>\n\t\t<\/div>\n\t\t\t\t\t\t<\/div>\n\t\t\t\t<\/div>\n\t\t\t\t\t<\/div>\n\t\t<\/div>\n\t\t\t\t\t<\/div>\n\t\t<\/section>\n\t\t\t\t<\/div>","protected":false},"excerpt":{"rendered":"<p>Desengrasante de motores en nuestra f\u00e1brica Dermo en Poliny\u00e0 En nuestra f\u00e1brica de limpieza, especializada en detergentes industriales, hemos desarrollado un desengrasante para motores en Poliny\u00e0, de alto rendimiento. Gracias a nuestra tecnolog\u00eda avanzada y procesos de I+D, ofrecemos una formulaci\u00f3n potente que elimina grasa, aceite y residuos carbonizados en motores, transmisiones, maquinaria automotriz o&hellip;&nbsp;<a href=\"https:\/\/dermo.com\/fr\/degraissant-moteur-polinya\/\" rel=\"bookmark\">En savoir plus &quot;<span class=\"screen-reader-text\">D\u00e9graissant moteur Poliny\u00e0<\/span><\/a><\/p>","protected":false},"author":2,"featured_media":0,"parent":0,"menu_order":0,"comment_status":"closed","ping_status":"closed","template":"page-templates\/template-pagebuilder-full-width.php","meta":{"neve_meta_sidebar":"","neve_meta_container":"","neve_meta_enable_content_width":"","neve_meta_content_width":0,"neve_meta_title_alignment":"","neve_meta_author_avatar":"","neve_post_elements_order":"","neve_meta_disable_header":"","neve_meta_disable_footer":"","neve_meta_disable_title":"","footnotes":""},"class_list":["post-14371","page","type-page","status-publish","hentry"],"yoast_head":"<!-- This site is optimized with the Yoast SEO plugin v27.0 - https:\/\/yoast.com\/product\/yoast-seo-wordpress\/ -->\n<title>Desengrasante motores Poliny\u00e0 - Dermo | F\u00e1brica de detergentes<\/title>\n<meta name=\"robots\" content=\"index, follow, max-snippet:-1, max-image-preview:large, max-video-preview:-1\" \/>\n<link rel=\"canonical\" href=\"https:\/\/dermo.com\/fr\/degraissant-moteur-polinya\/\" \/>\n<meta property=\"og:locale\" content=\"fr_FR\" \/>\n<meta property=\"og:type\" content=\"article\" \/>\n<meta property=\"og:title\" content=\"Desengrasante motores Poliny\u00e0 - Dermo | F\u00e1brica de detergentes\" \/>\n<meta property=\"og:description\" content=\"Desengrasante de motores en nuestra f\u00e1brica Dermo en Poliny\u00e0 En nuestra f\u00e1brica de limpieza, especializada en detergentes industriales, hemos desarrollado un desengrasante para motores en Poliny\u00e0, de alto rendimiento. Gracias a nuestra tecnolog\u00eda avanzada y procesos de I+D, ofrecemos una formulaci\u00f3n potente que elimina grasa, aceite y residuos carbonizados en motores, transmisiones, maquinaria automotriz o&hellip;&nbsp;Lire la suite &raquo;Desengrasante motores Poliny\u00e0\" \/>\n<meta property=\"og:url\" content=\"https:\/\/dermo.com\/fr\/degraissant-moteur-polinya\/\" \/>\n<meta property=\"og:site_name\" content=\"Dermo | F\u00e1brica de detergentes\" \/>\n<meta property=\"article:modified_time\" content=\"2025-11-15T09:22:03+00:00\" \/>\n<meta name=\"twitter:card\" content=\"summary_large_image\" \/>\n<meta name=\"twitter:label1\" content=\"Dur\u00e9e de lecture estim\u00e9e\" \/>\n\t<meta name=\"twitter:data1\" content=\"2 minutes\" \/>\n<script type=\"application\/ld+json\" class=\"yoast-schema-graph\">{\"@context\":\"https:\/\/schema.org\",\"@graph\":[{\"@type\":\"WebPage\",\"@id\":\"https:\/\/dermo.com\/desengrasante-motores-polinya\/\",\"url\":\"https:\/\/dermo.com\/desengrasante-motores-polinya\/\",\"name\":\"Desengrasante motores Poliny\u00e0 - Dermo | F\u00e1brica de detergentes\",\"isPartOf\":{\"@id\":\"https:\/\/dermo.com\/#website\"},\"datePublished\":\"2025-11-15T09:17:20+00:00\",\"dateModified\":\"2025-11-15T09:22:03+00:00\",\"breadcrumb\":{\"@id\":\"https:\/\/dermo.com\/desengrasante-motores-polinya\/#breadcrumb\"},\"inLanguage\":\"fr-FR\",\"potentialAction\":[{\"@type\":\"ReadAction\",\"target\":[\"https:\/\/dermo.com\/desengrasante-motores-polinya\/\"]}]},{\"@type\":\"BreadcrumbList\",\"@id\":\"https:\/\/dermo.com\/desengrasante-motores-polinya\/#breadcrumb\",\"itemListElement\":[{\"@type\":\"ListItem\",\"position\":1,\"name\":\"Portada\",\"item\":\"https:\/\/dermo.com\/\"},{\"@type\":\"ListItem\",\"position\":2,\"name\":\"Desengrasante motores Poliny\u00e0\"}]},{\"@type\":\"WebSite\",\"@id\":\"https:\/\/dermo.com\/#website\",\"url\":\"https:\/\/dermo.com\/\",\"name\":\"Dermo | F\u00e1brica de detergentes\",\"description\":\"Tecnolog\u00eda avanzada, investigaci\u00f3n y desarrollo, respeto por el medio ambiente, competencia, formaci\u00f3n constante y alto nivel de profesionalidad en nuestro equipo humano, empe\u00f1ado en preservar la calidad de vida, la protecci\u00f3n del entorno natural contin\u00faan motiv\u00e1ndonos para desarrollar en nuestros laboratorios nuevos productos con ingredientes activos altamente biodegradables que hacen posible un desarrollo sostenible.\",\"potentialAction\":[{\"@type\":\"SearchAction\",\"target\":{\"@type\":\"EntryPoint\",\"urlTemplate\":\"https:\/\/dermo.com\/?s={search_term_string}\"},\"query-input\":{\"@type\":\"PropertyValueSpecification\",\"valueRequired\":true,\"valueName\":\"search_term_string\"}}],\"inLanguage\":\"fr-FR\"}]}<\/script>\n<!-- \/ Yoast SEO plugin. -->","yoast_head_json":{"title":"D\u00e9graissant moteur Poliny\u00e0 - Dermo | Usine de d\u00e9tergents","robots":{"index":"index","follow":"follow","max-snippet":"max-snippet:-1","max-image-preview":"max-image-preview:large","max-video-preview":"max-video-preview:-1"},"canonical":"https:\/\/dermo.com\/fr\/degraissant-moteur-polinya\/","og_locale":"fr_FR","og_type":"article","og_title":"Desengrasante motores Poliny\u00e0 - Dermo | F\u00e1brica de detergentes","og_description":"Desengrasante de motores en nuestra f\u00e1brica Dermo en Poliny\u00e0 En nuestra f\u00e1brica de limpieza, especializada en detergentes industriales, hemos desarrollado un desengrasante para motores en Poliny\u00e0, de alto rendimiento. Gracias a nuestra tecnolog\u00eda avanzada y procesos de I+D, ofrecemos una formulaci\u00f3n potente que elimina grasa, aceite y residuos carbonizados en motores, transmisiones, maquinaria automotriz o&hellip;&nbsp;Lire la suite &raquo;Desengrasante motores Poliny\u00e0","og_url":"https:\/\/dermo.com\/fr\/degraissant-moteur-polinya\/","og_site_name":"Dermo | F\u00e1brica de detergentes","article_modified_time":"2025-11-15T09:22:03+00:00","twitter_card":"summary_large_image","twitter_misc":{"Dur\u00e9e de lecture estim\u00e9e":"2 minutes"},"schema":{"@context":"https:\/\/schema.org","@graph":[{"@type":"WebPage","@id":"https:\/\/dermo.com\/desengrasante-motores-polinya\/","url":"https:\/\/dermo.com\/desengrasante-motores-polinya\/","name":"D\u00e9graissant moteur Poliny\u00e0 - Dermo | Usine de d\u00e9tergents","isPartOf":{"@id":"https:\/\/dermo.com\/#website"},"datePublished":"2025-11-15T09:17:20+00:00","dateModified":"2025-11-15T09:22:03+00:00","breadcrumb":{"@id":"https:\/\/dermo.com\/desengrasante-motores-polinya\/#breadcrumb"},"inLanguage":"fr-FR","potentialAction":[{"@type":"ReadAction","target":["https:\/\/dermo.com\/desengrasante-motores-polinya\/"]}]},{"@type":"BreadcrumbList","@id":"https:\/\/dermo.com\/desengrasante-motores-polinya\/#breadcrumb","itemListElement":[{"@type":"ListItem","position":1,"name":"Portada","item":"https:\/\/dermo.com\/"},{"@type":"ListItem","position":2,"name":"Desengrasante motores Poliny\u00e0"}]},{"@type":"WebSite","@id":"https:\/\/dermo.com\/#website","url":"https:\/\/dermo.com\/","name":"Dermo | usine de d\u00e9tergents","description":"Technologie avanc\u00e9e, recherche et d\u00e9veloppement, respect de l&#039;environnement, comp\u00e9tence, formation constante et haut niveau de professionnalisme de notre \u00e9quipe humaine, engag\u00e9e \u00e0 pr\u00e9server la qualit\u00e9 de vie, la protection de l&#039;environnement naturel continuent de nous motiver \u00e0 d\u00e9velopper de nouveaux produits dans notre laboratoires aux principes actifs hautement biod\u00e9gradables qui rendent possible le d\u00e9veloppement durable.","potentialAction":[{"@type":"SearchAction","target":{"@type":"EntryPoint","urlTemplate":"https:\/\/dermo.com\/?s={search_term_string}"},"query-input":{"@type":"PropertyValueSpecification","valueRequired":true,"valueName":"search_term_string"}}],"inLanguage":"fr-FR"}]}},"_links":{"self":[{"href":"https:\/\/dermo.com\/fr\/wp-json\/wp\/v2\/pages\/14371","targetHints":{"allow":["GET"]}}],"collection":[{"href":"https:\/\/dermo.com\/fr\/wp-json\/wp\/v2\/pages"}],"about":[{"href":"https:\/\/dermo.com\/fr\/wp-json\/wp\/v2\/types\/page"}],"author":[{"embeddable":true,"href":"https:\/\/dermo.com\/fr\/wp-json\/wp\/v2\/users\/2"}],"replies":[{"embeddable":true,"href":"https:\/\/dermo.com\/fr\/wp-json\/wp\/v2\/comments?post=14371"}],"version-history":[{"count":4,"href":"https:\/\/dermo.com\/fr\/wp-json\/wp\/v2\/pages\/14371\/revisions"}],"predecessor-version":[{"id":14375,"href":"https:\/\/dermo.com\/fr\/wp-json\/wp\/v2\/pages\/14371\/revisions\/14375"}],"wp:attachment":[{"href":"https:\/\/dermo.com\/fr\/wp-json\/wp\/v2\/media?parent=14371"}],"curies":[{"name":"wp","href":"https:\/\/api.w.org\/{rel}","templated":true}]}}