{"id":14376,"date":"2025-11-15T10:23:20","date_gmt":"2025-11-15T09:23:20","guid":{"rendered":"https:\/\/dermo.com\/?page_id=14376"},"modified":"2025-11-15T10:30:04","modified_gmt":"2025-11-15T09:30:04","slug":"produits-de-nettoyage-pour-lindustrie-barcelone","status":"publish","type":"page","link":"https:\/\/dermo.com\/fr\/produits-de-nettoyage-pour-lindustrie-barcelone\/","title":{"rendered":"Produits de nettoyage pour l&#039;industrie \u00e0 Barcelone"},"content":{"rendered":"<div data-elementor-type=\"wp-page\" data-elementor-id=\"14376\" class=\"elementor elementor-14376\" data-elementor-post-type=\"page\">\n\t\t\t\t\t\t<section class=\"elementor-section elementor-top-section elementor-element elementor-element-a02683f elementor-section-boxed elementor-section-height-default elementor-section-height-default\" data-id=\"a02683f\" data-element_type=\"section\" data-e-type=\"section\" data-settings=\"{&quot;background_background&quot;:&quot;classic&quot;}\">\n\t\t\t\t\t\t\t<div class=\"elementor-background-overlay\"><\/div>\n\t\t\t\t\t\t\t<div class=\"elementor-container elementor-column-gap-default\">\n\t\t\t\t\t<div class=\"elementor-column elementor-col-100 elementor-top-column elementor-element elementor-element-f99dbff\" data-id=\"f99dbff\" data-element_type=\"column\" data-e-type=\"column\">\n\t\t\t<div class=\"elementor-widget-wrap elementor-element-populated\">\n\t\t\t\t\t\t\t<\/div>\n\t\t<\/div>\n\t\t\t\t\t<\/div>\n\t\t<\/section>\n\t\t\t\t<section class=\"elementor-section elementor-top-section elementor-element elementor-element-233ad3a4 elementor-section-boxed elementor-section-height-default elementor-section-height-default\" data-id=\"233ad3a4\" data-element_type=\"section\" data-e-type=\"section\">\n\t\t\t\t\t\t<div class=\"elementor-container elementor-column-gap-default\">\n\t\t\t\t\t<div class=\"elementor-column elementor-col-100 elementor-top-column elementor-element elementor-element-3244e578\" data-id=\"3244e578\" data-element_type=\"column\" data-e-type=\"column\">\n\t\t\t<div class=\"elementor-widget-wrap elementor-element-populated\">\n\t\t\t\t\t\t<section class=\"elementor-section elementor-inner-section elementor-element elementor-element-1a7040c2 elementor-section-content-middle elementor-section-boxed elementor-section-height-default elementor-section-height-default\" data-id=\"1a7040c2\" data-element_type=\"section\" data-e-type=\"section\">\n\t\t\t\t\t\t<div class=\"elementor-container elementor-column-gap-default\">\n\t\t\t\t\t<div class=\"elementor-column elementor-col-50 elementor-inner-column elementor-element elementor-element-58338543\" data-id=\"58338543\" data-element_type=\"column\" data-e-type=\"column\">\n\t\t\t<div class=\"elementor-widget-wrap elementor-element-populated\">\n\t\t\t\t\t\t<div class=\"elementor-element elementor-element-464b2e11 elementor-widget elementor-widget-text-editor\" data-id=\"464b2e11\" data-element_type=\"widget\" data-e-type=\"widget\" data-widget_type=\"text-editor.default\">\n\t\t\t\t<div class=\"elementor-widget-container\">\n\t\t\t\t\t\t\t\t\t<h2 data-start=\"22164\" data-end=\"22250\">Produits de nettoyage pour l&#039;industrie pr\u00e8s de Barcelone<\/h2><p data-start=\"22252\" data-end=\"22618\">Notre entreprise est sp\u00e9cialis\u00e9e dans la production de <strong data-start=\"22361\" data-end=\"22404\">produits de nettoyage pour l&#039;industrie <\/strong>dans<strong data-start=\"22361\" data-end=\"22404\"> Barcelone<\/strong>. Gr\u00e2ce \u00e0 notre exp\u00e9rience, notre technologie et notre approche \u00e9cologique, nous proposons des d\u00e9tergents professionnels capables de r\u00e9pondre aux normes les plus exigeantes dans les usines, les ateliers, les plateformes logistiques et les environnements industriels.<\/p><h3 data-start=\"22620\" data-end=\"22669\"><strong data-start=\"22620\" data-end=\"22667\">Avantages de nos produits de nettoyage pour l&#039;industrie \u00e0 Barcelone<\/strong><\/h3><ul data-start=\"22670\" data-end=\"23435\"><li data-start=\"22670\" data-end=\"22789\"><p data-start=\"22672\" data-end=\"22789\">Formules puissantes : con\u00e7ues pour \u00e9liminer les graisses tenaces, les huiles, les r\u00e9sidus chimiques ou les salet\u00e9s industrielles.<\/p><\/li><li data-start=\"22790\" data-end=\"22941\"><p data-start=\"22792\" data-end=\"22941\">Biod\u00e9gradabilit\u00e9 avanc\u00e9e : Nous allions performance et respect de l&#039;environnement, en utilisant des ingr\u00e9dients actifs qui se d\u00e9gradent en toute s\u00e9curit\u00e9.<\/p><\/li><li data-start=\"22942\" data-end=\"23102\"><p data-start=\"22944\" data-end=\"23102\">Adaptabilit\u00e9 : Nous produisons des d\u00e9graissants, des nettoyants multi-usages, des d\u00e9sinfectants ou des nettoyants pour sols industriels, tous modulables en format et en concentration.<\/p><\/li><li data-start=\"23103\" data-end=\"23208\"><p data-start=\"23105\" data-end=\"23208\">Haute qualit\u00e9 : nos propres laboratoires de R&amp;D nous permettent de d\u00e9velopper des solutions efficaces et s\u00fbres.<\/p><\/li><li data-start=\"23209\" data-end=\"23328\"><p data-start=\"23211\" data-end=\"23328\">Production locale \u00e0 Barcelone : nous offrons tra\u00e7abilit\u00e9, d\u00e9lais de livraison rapides et un impact environnemental r\u00e9duit li\u00e9 au transport.<\/p><\/li><li data-start=\"23329\" data-end=\"23435\"><p data-start=\"23331\" data-end=\"23435\">Exportation et distribution : nous distribuons \u00e0 l&#039;\u00e9chelle mondiale, ce qui t\u00e9moigne de notre capacit\u00e9 de production.<\/p><\/li><\/ul>\t\t\t\t\t\t\t\t<\/div>\n\t\t\t\t<\/div>\n\t\t\t\t\t<\/div>\n\t\t<\/div>\n\t\t\t\t<div class=\"elementor-column elementor-col-50 elementor-inner-column elementor-element elementor-element-1bcd33d elementor-invisible\" data-id=\"1bcd33d\" data-element_type=\"column\" data-e-type=\"column\" data-settings=\"{&quot;animation&quot;:&quot;bounceInRight&quot;}\">\n\t\t\t<div class=\"elementor-widget-wrap elementor-element-populated\">\n\t\t\t\t\t\t<div class=\"elementor-element elementor-element-10a2e02 elementor-widget elementor-widget-elementskit-contact-form7\" data-id=\"10a2e02\" data-element_type=\"widget\" data-e-type=\"widget\" data-widget_type=\"elementskit-contact-form7.default\">\n\t\t\t\t<div class=\"elementor-widget-container\">\n\t\t\t\t\t<div class=\"ekit-wid-con\" ><div class=\"ekit-form\">\n<div class=\"wpcf7 no-js\" id=\"wpcf7-f13292-p14376-o1\" lang=\"es-ES\" dir=\"ltr\" data-wpcf7-id=\"13292\">\n<div class=\"screen-reader-response\"><p role=\"status\" aria-live=\"polite\" aria-atomic=\"true\"><\/p> <ul><\/ul><\/div>\n<form action=\"\/fr\/produits-de-nettoyage-pour-lindustrie-barcelone\/#wpcf7-f13292-p14376-o1\" method=\"post\" class=\"wpcf7-form init\" aria-label=\"Formulario de contacto\" novalidate=\"novalidate\" data-status=\"init\" data-no-translation-aria-label=\"\" data-trp-original-action=\"\/fr\/productos-de-limpieza-para-industria-barcelona\/#wpcf7-f13292-p14376-o1\">\n<fieldset class=\"hidden-fields-container\"><input type=\"hidden\" name=\"_wpcf7\" value=\"13292\" \/><input type=\"hidden\" name=\"_wpcf7_version\" value=\"6.1.5\" \/><input type=\"hidden\" name=\"_wpcf7_locale\" value=\"es_ES\" \/><input type=\"hidden\" name=\"_wpcf7_unit_tag\" value=\"wpcf7-f13292-p14376-o1\" \/><input type=\"hidden\" name=\"_wpcf7_container_post\" value=\"14376\" \/><input type=\"hidden\" name=\"_wpcf7_posted_data_hash\" value=\"\" \/><input type=\"hidden\" name=\"_wpcf7_recaptcha_response\" value=\"\" \/>\n<\/fieldset>\n<div style=\"display: flex; gap: 10px;\">\n\t<div style=\"width: 50%;\">\n\t\t<p><span class=\"wpcf7-form-control-wrap\" data-name=\"your-name\"><input size=\"40\" maxlength=\"400\" class=\"wpcf7-form-control wpcf7-text wpcf7-validates-as-required\" aria-required=\"true\" aria-invalid=\"false\" placeholder=\"Nom\" value=\"\" type=\"text\" name=\"your-name\" \/><\/span>\n\t\t<\/p>\n\t<\/div>\n\t<div style=\"width: 50%;\">\n\t\t<p><span class=\"wpcf7-form-control-wrap\" data-name=\"your-phone\"><input size=\"40\" maxlength=\"400\" class=\"wpcf7-form-control wpcf7-tel wpcf7-validates-as-required wpcf7-text wpcf7-validates-as-tel\" aria-required=\"true\" aria-invalid=\"false\" placeholder=\"T\u00e9l\u00e9phone\" value=\"\" type=\"tel\" name=\"your-phone\" \/><\/span>\n\t\t<\/p>\n\t<\/div>\n<\/div>\n<p><span class=\"wpcf7-form-control-wrap\" data-name=\"your-email\"><input size=\"40\" maxlength=\"400\" class=\"wpcf7-form-control wpcf7-email wpcf7-validates-as-required wpcf7-text wpcf7-validates-as-email\" aria-required=\"true\" aria-invalid=\"false\" placeholder=\"E-mail\" value=\"\" type=\"email\" name=\"your-email\" \/><\/span>\n<\/p>\n<div style=\"display: flex; gap: 10px;\">\n\t<div style=\"width: 50%;\">\n\t\t<p><span class=\"wpcf7-form-control-wrap\" data-name=\"your-country\"><input size=\"40\" maxlength=\"400\" class=\"wpcf7-form-control wpcf7-text wpcf7-validates-as-required\" aria-required=\"true\" aria-invalid=\"false\" placeholder=\"Pays\" value=\"\" type=\"text\" name=\"your-country\" \/><\/span>\n\t\t<\/p>\n\t<\/div>\n\t<div style=\"width: 50%;\">\n\t\t<p><span class=\"wpcf7-form-control-wrap\" data-name=\"your-city\"><input size=\"40\" maxlength=\"400\" class=\"wpcf7-form-control wpcf7-text wpcf7-validates-as-required\" aria-required=\"true\" aria-invalid=\"false\" placeholder=\"Population\" value=\"\" type=\"text\" name=\"your-city\" \/><\/span>\n\t\t<\/p>\n\t<\/div>\n<\/div>\n<p><span class=\"wpcf7-form-control-wrap\" data-name=\"your-subject\"><select class=\"wpcf7-form-control wpcf7-select\" aria-invalid=\"false\" name=\"your-subject\"><option value=\"Quiero ser distribuidor\">Je veux \u00eatre distributeur<\/option><option value=\"Presupuesto\">Budget<\/option><option value=\"Consulta\">Consultation<\/option><option value=\"Sugerencia\">Suggestion<\/option><option value=\"Otros\">Autres<\/option><\/select><\/span>\n<\/p>\n<p><span class=\"wpcf7-form-control-wrap\" data-name=\"your-message\"><textarea cols=\"40\" rows=\"10\" maxlength=\"2000\" class=\"wpcf7-form-control wpcf7-textarea\" aria-invalid=\"false\" placeholder=\"Message ou demande\" name=\"your-message\"><\/textarea><\/span>\n<\/p>\n<div style=\"display: flex; align-items: center; gap: 10px;\">\n\t<p><span class=\"wpcf7-form-control-wrap\" data-name=\"privacy-policy\"><span class=\"wpcf7-form-control wpcf7-acceptance\"><span class=\"wpcf7-list-item\"><input type=\"checkbox\" name=\"privacy-policy\" value=\"1\" aria-invalid=\"false\" \/><\/span><\/span><\/span><label for=\"privacy-policy\" style=\"margin-left: 5px;\">J&#039;ai lu et accept\u00e9 la politique de confidentialit\u00e9.<\/label>\n\t<\/p>\n<\/div>\n<div style=\"display: flex; align-items: center; gap: 10px;\">\n\t<p><span class=\"wpcf7-form-control-wrap\" data-name=\"send-info\"><span class=\"wpcf7-form-control wpcf7-acceptance\"><span class=\"wpcf7-list-item\"><input type=\"checkbox\" name=\"send-info\" value=\"1\" aria-invalid=\"false\" \/><\/span><\/span><\/span><label for=\"send-info\" style=\"margin-left: 5px;\">J&#039;accepte de recevoir des informations.<\/label>\n\t<\/p>\n<\/div>\n<p><input class=\"wpcf7-form-control wpcf7-submit has-spinner\" type=\"submit\" value=\"Envoyer\" \/>\n<\/p><div class=\"wpcf7-response-output\" aria-hidden=\"true\"><\/div>\n<input type=\"hidden\" name=\"trp-form-language\" value=\"fr\"\/><\/form>\n<\/div>\n<\/div><\/div>\t\t\t\t<\/div>\n\t\t\t\t<\/div>\n\t\t\t\t\t<\/div>\n\t\t<\/div>\n\t\t\t\t\t<\/div>\n\t\t<\/section>\n\t\t\t\t<div class=\"elementor-element elementor-element-615d68f elementor-widget elementor-widget-text-editor\" data-id=\"615d68f\" data-element_type=\"widget\" data-e-type=\"widget\" data-widget_type=\"text-editor.default\">\n\t\t\t\t<div class=\"elementor-widget-container\">\n\t\t\t\t\t\t\t\t\t<h2 data-start=\"23437\" data-end=\"23513\"><strong data-start=\"23437\" data-end=\"23472\">Secteurs desservis par nos produits de nettoyage industriel \u00e0 Barcelone<\/strong><\/h2><p data-start=\"23437\" data-end=\"23513\">Notre <strong>Produits de nettoyage pour l&#039;industrie \u00e0 Barcelone<\/strong> Ils sont id\u00e9aux pour :<\/p><ul data-start=\"23514\" data-end=\"23714\"><li data-start=\"23514\" data-end=\"23551\"><p data-start=\"23516\" data-end=\"23551\">usines et sites de production<\/p><\/li><li data-start=\"23552\" data-end=\"23587\"><p data-start=\"23554\" data-end=\"23587\">Ateliers m\u00e9caniques et automobiles<\/p><\/li><li data-start=\"23588\" data-end=\"23626\"><p data-start=\"23590\" data-end=\"23626\">industries alimentaires et chimiques<\/p><\/li><li data-start=\"23627\" data-end=\"23674\"><p data-start=\"23629\" data-end=\"23674\">Op\u00e9rations logistiques et entrep\u00f4ts industriels<\/p><\/li><li data-start=\"23675\" data-end=\"23714\"><p data-start=\"23677\" data-end=\"23714\">entreprises de maintenance professionnelles<\/p><\/li><\/ul><p data-start=\"23716\" data-end=\"24061\">Dans notre usine pr\u00e8s de Barcelone, la recherche continue nous permet de formuler des d\u00e9tergents industriels alliant efficacit\u00e9 et faible toxicit\u00e9. Notre \u00e9quipe de professionnels travaille dans le respect de l&#039;environnement et propose des solutions s\u00fbres et biod\u00e9gradables, d\u00e9velopp\u00e9es de mani\u00e8re responsable. B\u00e9n\u00e9ficiez d&#039;un nettoyage industriel plus performant, plus s\u00fbr et plus durable gr\u00e2ce \u00e0 nos produits. <strong>produits<\/strong> nettoyage pour l&#039;industrie<strong> \u00e0 Barcelone<\/strong>. Optimisez vos processus, pr\u00e9servez votre environnement de travail et r\u00e9duisez votre impact environnemental. Contactez-nous pour une collaboration efficace et responsable.\u00a0<\/p>\t\t\t\t\t\t\t\t<\/div>\n\t\t\t\t<\/div>\n\t\t\t\t\t<\/div>\n\t\t<\/div>\n\t\t\t\t\t<\/div>\n\t\t<\/section>\n\t\t\t\t<section class=\"elementor-section elementor-top-section elementor-element elementor-element-484f41e elementor-section-full_width elementor-section-height-default elementor-section-height-default elementor-invisible\" data-id=\"484f41e\" data-element_type=\"section\" data-e-type=\"section\" data-settings=\"{&quot;animation&quot;:&quot;slideInUp&quot;}\">\n\t\t\t\t\t\t<div class=\"elementor-container elementor-column-gap-default\">\n\t\t\t\t\t<div class=\"elementor-column elementor-col-100 elementor-top-column elementor-element elementor-element-19948363\" data-id=\"19948363\" data-element_type=\"column\" data-e-type=\"column\">\n\t\t\t<div class=\"elementor-widget-wrap elementor-element-populated\">\n\t\t\t\t\t\t<div class=\"elementor-element elementor-element-339044a4 elementor-widget elementor-widget-google_maps\" data-id=\"339044a4\" data-element_type=\"widget\" data-e-type=\"widget\" data-widget_type=\"google_maps.default\">\n\t\t\t\t<div class=\"elementor-widget-container\">\n\t\t\t\t\t\t\t<div class=\"elementor-custom-embed\">\n\t\t\t<iframe loading=\"lazy\"\n\t\t\t\t\tsrc=\"https:\/\/maps.google.com\/maps?q=C%2F%20Pintor%20Joan%20Miro%2C%2016.%20Pol.%20Ind.%20Can%20Humet%20de%20Dalt%2C%2008213%20Poliny%C3%A0.%20Barcelona&#038;t=m&#038;z=15&#038;output=embed&#038;iwloc=near\"\n\t\t\t\t\ttitle=\"C\/ Pintor Joan Miro, 16. Pol. Ind. Can Humet de Dalt, 08213 Poliny\u00e0. Barcelone\"\n\t\t\t\t\taria-label=\"C\/ Pintor Joan Miro, 16. Pol. Ind. Can Humet de Dalt, 08213 Poliny\u00e0. Barcelone\"\n\t\t\t><\/iframe>\n\t\t<\/div>\n\t\t\t\t\t\t<\/div>\n\t\t\t\t<\/div>\n\t\t\t\t\t<\/div>\n\t\t<\/div>\n\t\t\t\t\t<\/div>\n\t\t<\/section>\n\t\t\t\t<\/div>","protected":false},"excerpt":{"rendered":"<p>Productos de limpieza para la industria cerca de Barcelona Nuestra empresa est\u00e1 especializada en la producci\u00f3n de productos de limpieza para la industria en Barcelona. Gracias a nuestra experiencia, tecnolog\u00eda y enfoque verde, ofrecemos detergentes profesionales capaces de satisfacer los est\u00e1ndares m\u00e1s exigentes en f\u00e1bricas, talleres, plantas log\u00edsticas y entornos industriales. Ventajas de nuestros productos&hellip;&nbsp;<a href=\"https:\/\/dermo.com\/fr\/produits-de-nettoyage-pour-lindustrie-barcelone\/\" rel=\"bookmark\">En savoir plus &quot;<span class=\"screen-reader-text\">Produits de nettoyage pour l&#039;industrie \u00e0 Barcelone<\/span><\/a><\/p>","protected":false},"author":2,"featured_media":0,"parent":0,"menu_order":0,"comment_status":"closed","ping_status":"closed","template":"page-templates\/template-pagebuilder-full-width.php","meta":{"neve_meta_sidebar":"","neve_meta_container":"","neve_meta_enable_content_width":"","neve_meta_content_width":0,"neve_meta_title_alignment":"","neve_meta_author_avatar":"","neve_post_elements_order":"","neve_meta_disable_header":"","neve_meta_disable_footer":"","neve_meta_disable_title":"","footnotes":""},"class_list":["post-14376","page","type-page","status-publish","hentry"],"yoast_head":"<!-- This site is optimized with the Yoast SEO plugin v27.0 - https:\/\/yoast.com\/product\/yoast-seo-wordpress\/ -->\n<title>Productos de limpieza para industria Barcelona - Dermo | F\u00e1brica de detergentes<\/title>\n<meta name=\"robots\" content=\"index, follow, max-snippet:-1, max-image-preview:large, max-video-preview:-1\" \/>\n<link rel=\"canonical\" href=\"https:\/\/dermo.com\/fr\/produits-de-nettoyage-pour-lindustrie-barcelone\/\" \/>\n<meta property=\"og:locale\" content=\"fr_FR\" \/>\n<meta property=\"og:type\" content=\"article\" \/>\n<meta property=\"og:title\" content=\"Productos de limpieza para industria Barcelona - Dermo | F\u00e1brica de detergentes\" \/>\n<meta property=\"og:description\" content=\"Productos de limpieza para la industria cerca de Barcelona Nuestra empresa est\u00e1 especializada en la producci\u00f3n de productos de limpieza para la industria en Barcelona. Gracias a nuestra experiencia, tecnolog\u00eda y enfoque verde, ofrecemos detergentes profesionales capaces de satisfacer los est\u00e1ndares m\u00e1s exigentes en f\u00e1bricas, talleres, plantas log\u00edsticas y entornos industriales. Ventajas de nuestros productos&hellip;&nbsp;Lire la suite &raquo;Productos de limpieza para industria Barcelona\" \/>\n<meta property=\"og:url\" content=\"https:\/\/dermo.com\/fr\/produits-de-nettoyage-pour-lindustrie-barcelone\/\" \/>\n<meta property=\"og:site_name\" content=\"Dermo | F\u00e1brica de detergentes\" \/>\n<meta property=\"article:modified_time\" content=\"2025-11-15T09:30:04+00:00\" \/>\n<meta name=\"twitter:card\" content=\"summary_large_image\" \/>\n<meta name=\"twitter:label1\" content=\"Dur\u00e9e de lecture estim\u00e9e\" \/>\n\t<meta name=\"twitter:data1\" content=\"2 minutes\" \/>\n<script type=\"application\/ld+json\" class=\"yoast-schema-graph\">{\"@context\":\"https:\/\/schema.org\",\"@graph\":[{\"@type\":\"WebPage\",\"@id\":\"https:\/\/dermo.com\/productos-de-limpieza-para-industria-barcelona\/\",\"url\":\"https:\/\/dermo.com\/productos-de-limpieza-para-industria-barcelona\/\",\"name\":\"Productos de limpieza para industria Barcelona - Dermo | F\u00e1brica de detergentes\",\"isPartOf\":{\"@id\":\"https:\/\/dermo.com\/#website\"},\"datePublished\":\"2025-11-15T09:23:20+00:00\",\"dateModified\":\"2025-11-15T09:30:04+00:00\",\"breadcrumb\":{\"@id\":\"https:\/\/dermo.com\/productos-de-limpieza-para-industria-barcelona\/#breadcrumb\"},\"inLanguage\":\"fr-FR\",\"potentialAction\":[{\"@type\":\"ReadAction\",\"target\":[\"https:\/\/dermo.com\/productos-de-limpieza-para-industria-barcelona\/\"]}]},{\"@type\":\"BreadcrumbList\",\"@id\":\"https:\/\/dermo.com\/productos-de-limpieza-para-industria-barcelona\/#breadcrumb\",\"itemListElement\":[{\"@type\":\"ListItem\",\"position\":1,\"name\":\"Portada\",\"item\":\"https:\/\/dermo.com\/\"},{\"@type\":\"ListItem\",\"position\":2,\"name\":\"Productos de limpieza para industria Barcelona\"}]},{\"@type\":\"WebSite\",\"@id\":\"https:\/\/dermo.com\/#website\",\"url\":\"https:\/\/dermo.com\/\",\"name\":\"Dermo | F\u00e1brica de detergentes\",\"description\":\"Tecnolog\u00eda avanzada, investigaci\u00f3n y desarrollo, respeto por el medio ambiente, competencia, formaci\u00f3n constante y alto nivel de profesionalidad en nuestro equipo humano, empe\u00f1ado en preservar la calidad de vida, la protecci\u00f3n del entorno natural contin\u00faan motiv\u00e1ndonos para desarrollar en nuestros laboratorios nuevos productos con ingredientes activos altamente biodegradables que hacen posible un desarrollo sostenible.\",\"potentialAction\":[{\"@type\":\"SearchAction\",\"target\":{\"@type\":\"EntryPoint\",\"urlTemplate\":\"https:\/\/dermo.com\/?s={search_term_string}\"},\"query-input\":{\"@type\":\"PropertyValueSpecification\",\"valueRequired\":true,\"valueName\":\"search_term_string\"}}],\"inLanguage\":\"fr-FR\"}]}<\/script>\n<!-- \/ Yoast SEO plugin. -->","yoast_head_json":{"title":"Produits de nettoyage pour l&#039;industrie Barcelone - Dermo | Usine de d\u00e9tergents","robots":{"index":"index","follow":"follow","max-snippet":"max-snippet:-1","max-image-preview":"max-image-preview:large","max-video-preview":"max-video-preview:-1"},"canonical":"https:\/\/dermo.com\/fr\/produits-de-nettoyage-pour-lindustrie-barcelone\/","og_locale":"fr_FR","og_type":"article","og_title":"Productos de limpieza para industria Barcelona - Dermo | F\u00e1brica de detergentes","og_description":"Productos de limpieza para la industria cerca de Barcelona Nuestra empresa est\u00e1 especializada en la producci\u00f3n de productos de limpieza para la industria en Barcelona. Gracias a nuestra experiencia, tecnolog\u00eda y enfoque verde, ofrecemos detergentes profesionales capaces de satisfacer los est\u00e1ndares m\u00e1s exigentes en f\u00e1bricas, talleres, plantas log\u00edsticas y entornos industriales. Ventajas de nuestros productos&hellip;&nbsp;Lire la suite &raquo;Productos de limpieza para industria Barcelona","og_url":"https:\/\/dermo.com\/fr\/produits-de-nettoyage-pour-lindustrie-barcelone\/","og_site_name":"Dermo | F\u00e1brica de detergentes","article_modified_time":"2025-11-15T09:30:04+00:00","twitter_card":"summary_large_image","twitter_misc":{"Dur\u00e9e de lecture estim\u00e9e":"2 minutes"},"schema":{"@context":"https:\/\/schema.org","@graph":[{"@type":"WebPage","@id":"https:\/\/dermo.com\/productos-de-limpieza-para-industria-barcelona\/","url":"https:\/\/dermo.com\/productos-de-limpieza-para-industria-barcelona\/","name":"Produits de nettoyage pour l&#039;industrie Barcelone - Dermo | Usine de d\u00e9tergents","isPartOf":{"@id":"https:\/\/dermo.com\/#website"},"datePublished":"2025-11-15T09:23:20+00:00","dateModified":"2025-11-15T09:30:04+00:00","breadcrumb":{"@id":"https:\/\/dermo.com\/productos-de-limpieza-para-industria-barcelona\/#breadcrumb"},"inLanguage":"fr-FR","potentialAction":[{"@type":"ReadAction","target":["https:\/\/dermo.com\/productos-de-limpieza-para-industria-barcelona\/"]}]},{"@type":"BreadcrumbList","@id":"https:\/\/dermo.com\/productos-de-limpieza-para-industria-barcelona\/#breadcrumb","itemListElement":[{"@type":"ListItem","position":1,"name":"Portada","item":"https:\/\/dermo.com\/"},{"@type":"ListItem","position":2,"name":"Productos de limpieza para industria Barcelona"}]},{"@type":"WebSite","@id":"https:\/\/dermo.com\/#website","url":"https:\/\/dermo.com\/","name":"Dermo | usine de d\u00e9tergents","description":"Technologie avanc\u00e9e, recherche et d\u00e9veloppement, respect de l&#039;environnement, comp\u00e9tence, formation constante et haut niveau de professionnalisme de notre \u00e9quipe humaine, engag\u00e9e \u00e0 pr\u00e9server la qualit\u00e9 de vie, la protection de l&#039;environnement naturel continuent de nous motiver \u00e0 d\u00e9velopper de nouveaux produits dans notre laboratoires aux principes actifs hautement biod\u00e9gradables qui rendent possible le d\u00e9veloppement durable.","potentialAction":[{"@type":"SearchAction","target":{"@type":"EntryPoint","urlTemplate":"https:\/\/dermo.com\/?s={search_term_string}"},"query-input":{"@type":"PropertyValueSpecification","valueRequired":true,"valueName":"search_term_string"}}],"inLanguage":"fr-FR"}]}},"_links":{"self":[{"href":"https:\/\/dermo.com\/fr\/wp-json\/wp\/v2\/pages\/14376","targetHints":{"allow":["GET"]}}],"collection":[{"href":"https:\/\/dermo.com\/fr\/wp-json\/wp\/v2\/pages"}],"about":[{"href":"https:\/\/dermo.com\/fr\/wp-json\/wp\/v2\/types\/page"}],"author":[{"embeddable":true,"href":"https:\/\/dermo.com\/fr\/wp-json\/wp\/v2\/users\/2"}],"replies":[{"embeddable":true,"href":"https:\/\/dermo.com\/fr\/wp-json\/wp\/v2\/comments?post=14376"}],"version-history":[{"count":7,"href":"https:\/\/dermo.com\/fr\/wp-json\/wp\/v2\/pages\/14376\/revisions"}],"predecessor-version":[{"id":14383,"href":"https:\/\/dermo.com\/fr\/wp-json\/wp\/v2\/pages\/14376\/revisions\/14383"}],"wp:attachment":[{"href":"https:\/\/dermo.com\/fr\/wp-json\/wp\/v2\/media?parent=14376"}],"curies":[{"name":"wp","href":"https:\/\/api.w.org\/{rel}","templated":true}]}}