{"id":14473,"date":"2026-01-07T13:04:09","date_gmt":"2026-01-07T12:04:09","guid":{"rendered":"https:\/\/dermo.com\/?page_id=14473"},"modified":"2026-01-07T13:09:37","modified_gmt":"2026-01-07T12:09:37","slug":"desinfectants-industriels-sabadell","status":"publish","type":"page","link":"https:\/\/dermo.com\/fr\/desinfectants-industriels-sabadell\/","title":{"rendered":"D\u00e9sinfectants industriels Sabadell"},"content":{"rendered":"<div data-elementor-type=\"wp-page\" data-elementor-id=\"14473\" class=\"elementor elementor-14473\" data-elementor-post-type=\"page\">\n\t\t\t\t\t\t<section class=\"elementor-section elementor-top-section elementor-element elementor-element-98a4dec elementor-section-boxed elementor-section-height-default elementor-section-height-default\" data-id=\"98a4dec\" data-element_type=\"section\" data-e-type=\"section\" data-settings=\"{&quot;background_background&quot;:&quot;classic&quot;}\">\n\t\t\t\t\t\t\t<div class=\"elementor-background-overlay\"><\/div>\n\t\t\t\t\t\t\t<div class=\"elementor-container elementor-column-gap-default\">\n\t\t\t\t\t<div class=\"elementor-column elementor-col-100 elementor-top-column elementor-element elementor-element-e1dd055\" data-id=\"e1dd055\" data-element_type=\"column\" data-e-type=\"column\">\n\t\t\t<div class=\"elementor-widget-wrap elementor-element-populated\">\n\t\t\t\t\t\t\t<\/div>\n\t\t<\/div>\n\t\t\t\t\t<\/div>\n\t\t<\/section>\n\t\t\t\t<section class=\"elementor-section elementor-top-section elementor-element elementor-element-2ec8e30 elementor-section-boxed elementor-section-height-default elementor-section-height-default\" data-id=\"2ec8e30\" data-element_type=\"section\" data-e-type=\"section\">\n\t\t\t\t\t\t<div class=\"elementor-container elementor-column-gap-default\">\n\t\t\t\t\t<div class=\"elementor-column elementor-col-100 elementor-top-column elementor-element elementor-element-8c075e9\" data-id=\"8c075e9\" data-element_type=\"column\" data-e-type=\"column\">\n\t\t\t<div class=\"elementor-widget-wrap elementor-element-populated\">\n\t\t\t\t\t\t<section class=\"elementor-section elementor-inner-section elementor-element elementor-element-64bab18 elementor-section-content-middle elementor-section-boxed elementor-section-height-default elementor-section-height-default\" data-id=\"64bab18\" data-element_type=\"section\" data-e-type=\"section\">\n\t\t\t\t\t\t<div class=\"elementor-container elementor-column-gap-default\">\n\t\t\t\t\t<div class=\"elementor-column elementor-col-50 elementor-inner-column elementor-element elementor-element-1517a1f\" data-id=\"1517a1f\" data-element_type=\"column\" data-e-type=\"column\">\n\t\t\t<div class=\"elementor-widget-wrap elementor-element-populated\">\n\t\t\t\t\t\t<div class=\"elementor-element elementor-element-4ecb927 elementor-widget elementor-widget-text-editor\" data-id=\"4ecb927\" data-element_type=\"widget\" data-e-type=\"widget\" data-widget_type=\"text-editor.default\">\n\t\t\t\t<div class=\"elementor-widget-container\">\n\t\t\t\t\t\t\t\t\t<h2 style=\"text-align: left;\" data-start=\"2821\" data-end=\"2902\">D\u00e9sinfectants industriels \u00e0 Sabadell : hygi\u00e8ne professionnelle garantie Dermo<\/h2><p data-start=\"2904\" data-end=\"3249\">Chez Dermo, nous sommes leaders dans la fabrication de <strong data-start=\"2955\" data-end=\"2997\">D\u00e9sinfectants industriels \u00e0 Sabadell<\/strong>, Nous d\u00e9veloppons des produits haute performance pour garantir le nettoyage et la d\u00e9sinfection dans tous les environnements, professionnels comme domestiques. Notre exp\u00e9rience et notre capacit\u00e9 d&#039;innovation nous permettent de proposer des solutions efficaces, s\u00fbres et durables.<\/p><h3 data-start=\"3251\" data-end=\"3307\">Sp\u00e9cialistes des d\u00e9sinfectants industriels \u00e0 Sabadell<\/h3><p data-start=\"3309\" data-end=\"3607\">Notre <strong data-start=\"3318\" data-end=\"3348\">D\u00e9sinfectants industriels \u00e0 Sabadell <\/strong>Formul\u00e9s pour \u00e9liminer efficacement la salet\u00e9, la graisse, les bact\u00e9ries et les micro-organismes, ils garantissent des surfaces propres et saines. Ils sont id\u00e9aux pour les espaces o\u00f9 l&#039;hygi\u00e8ne est primordiale, tels que les cuisines, les salles de bains, les sols, les parties communes et les zones de passage fr\u00e9quent.<\/p><p data-start=\"3609\" data-end=\"3784\">De plus en plus d&#039;entreprises font confiance \u00e0 Dermo en raison de la fiabilit\u00e9 de nos produits et de notre capacit\u00e9 \u00e0 nous adapter aux besoins sp\u00e9cifiques de chaque secteur.<\/p>\t\t\t\t\t\t\t\t<\/div>\n\t\t\t\t<\/div>\n\t\t\t\t\t<\/div>\n\t\t<\/div>\n\t\t\t\t<div class=\"elementor-column elementor-col-50 elementor-inner-column elementor-element elementor-element-f924105 elementor-invisible\" data-id=\"f924105\" data-element_type=\"column\" data-e-type=\"column\" data-settings=\"{&quot;animation&quot;:&quot;bounceInRight&quot;}\">\n\t\t\t<div class=\"elementor-widget-wrap elementor-element-populated\">\n\t\t\t\t\t\t<div class=\"elementor-element elementor-element-35a13b7 elementor-widget elementor-widget-elementskit-contact-form7\" data-id=\"35a13b7\" data-element_type=\"widget\" data-e-type=\"widget\" data-widget_type=\"elementskit-contact-form7.default\">\n\t\t\t\t<div class=\"elementor-widget-container\">\n\t\t\t\t\t<div class=\"ekit-wid-con\" ><div class=\"ekit-form\">\n<div class=\"wpcf7 no-js\" id=\"wpcf7-f13292-p14473-o1\" lang=\"es-ES\" dir=\"ltr\" data-wpcf7-id=\"13292\">\n<div class=\"screen-reader-response\"><p role=\"status\" aria-live=\"polite\" aria-atomic=\"true\"><\/p> <ul><\/ul><\/div>\n<form action=\"\/fr\/desinfectants-industriels-sabadell\/#wpcf7-f13292-p14473-o1\" method=\"post\" class=\"wpcf7-form init\" aria-label=\"Formulario de contacto\" novalidate=\"novalidate\" data-status=\"init\" data-no-translation-aria-label=\"\" data-trp-original-action=\"\/fr\/desinfectantes-industriales-sabadell\/#wpcf7-f13292-p14473-o1\">\n<fieldset class=\"hidden-fields-container\"><input type=\"hidden\" name=\"_wpcf7\" value=\"13292\" \/><input type=\"hidden\" name=\"_wpcf7_version\" value=\"6.1.5\" \/><input type=\"hidden\" name=\"_wpcf7_locale\" value=\"es_ES\" \/><input type=\"hidden\" name=\"_wpcf7_unit_tag\" value=\"wpcf7-f13292-p14473-o1\" \/><input type=\"hidden\" name=\"_wpcf7_container_post\" value=\"14473\" \/><input type=\"hidden\" name=\"_wpcf7_posted_data_hash\" value=\"\" \/><input type=\"hidden\" name=\"_wpcf7_recaptcha_response\" value=\"\" \/>\n<\/fieldset>\n<div style=\"display: flex; gap: 10px;\">\n\t<div style=\"width: 50%;\">\n\t\t<p><span class=\"wpcf7-form-control-wrap\" data-name=\"your-name\"><input size=\"40\" maxlength=\"400\" class=\"wpcf7-form-control wpcf7-text wpcf7-validates-as-required\" aria-required=\"true\" aria-invalid=\"false\" placeholder=\"Nom\" value=\"\" type=\"text\" name=\"your-name\" \/><\/span>\n\t\t<\/p>\n\t<\/div>\n\t<div style=\"width: 50%;\">\n\t\t<p><span class=\"wpcf7-form-control-wrap\" data-name=\"your-phone\"><input size=\"40\" maxlength=\"400\" class=\"wpcf7-form-control wpcf7-tel wpcf7-validates-as-required wpcf7-text wpcf7-validates-as-tel\" aria-required=\"true\" aria-invalid=\"false\" placeholder=\"T\u00e9l\u00e9phone\" value=\"\" type=\"tel\" name=\"your-phone\" \/><\/span>\n\t\t<\/p>\n\t<\/div>\n<\/div>\n<p><span class=\"wpcf7-form-control-wrap\" data-name=\"your-email\"><input size=\"40\" maxlength=\"400\" class=\"wpcf7-form-control wpcf7-email wpcf7-validates-as-required wpcf7-text wpcf7-validates-as-email\" aria-required=\"true\" aria-invalid=\"false\" placeholder=\"E-mail\" value=\"\" type=\"email\" name=\"your-email\" \/><\/span>\n<\/p>\n<div style=\"display: flex; gap: 10px;\">\n\t<div style=\"width: 50%;\">\n\t\t<p><span class=\"wpcf7-form-control-wrap\" data-name=\"your-country\"><input size=\"40\" maxlength=\"400\" class=\"wpcf7-form-control wpcf7-text wpcf7-validates-as-required\" aria-required=\"true\" aria-invalid=\"false\" placeholder=\"Pays\" value=\"\" type=\"text\" name=\"your-country\" \/><\/span>\n\t\t<\/p>\n\t<\/div>\n\t<div style=\"width: 50%;\">\n\t\t<p><span class=\"wpcf7-form-control-wrap\" data-name=\"your-city\"><input size=\"40\" maxlength=\"400\" class=\"wpcf7-form-control wpcf7-text wpcf7-validates-as-required\" aria-required=\"true\" aria-invalid=\"false\" placeholder=\"Population\" value=\"\" type=\"text\" name=\"your-city\" \/><\/span>\n\t\t<\/p>\n\t<\/div>\n<\/div>\n<p><span class=\"wpcf7-form-control-wrap\" data-name=\"your-subject\"><select class=\"wpcf7-form-control wpcf7-select\" aria-invalid=\"false\" name=\"your-subject\"><option value=\"Quiero ser distribuidor\">Je veux \u00eatre distributeur<\/option><option value=\"Presupuesto\">Budget<\/option><option value=\"Consulta\">Consultation<\/option><option value=\"Sugerencia\">Suggestion<\/option><option value=\"Otros\">Autres<\/option><\/select><\/span>\n<\/p>\n<p><span class=\"wpcf7-form-control-wrap\" data-name=\"your-message\"><textarea cols=\"40\" rows=\"10\" maxlength=\"2000\" class=\"wpcf7-form-control wpcf7-textarea\" aria-invalid=\"false\" placeholder=\"Message ou demande\" name=\"your-message\"><\/textarea><\/span>\n<\/p>\n<div style=\"display: flex; align-items: center; gap: 10px;\">\n\t<p><span class=\"wpcf7-form-control-wrap\" data-name=\"privacy-policy\"><span class=\"wpcf7-form-control wpcf7-acceptance\"><span class=\"wpcf7-list-item\"><input type=\"checkbox\" name=\"privacy-policy\" value=\"1\" aria-invalid=\"false\" \/><\/span><\/span><\/span><label for=\"privacy-policy\" style=\"margin-left: 5px;\">J&#039;ai lu et accept\u00e9 la politique de confidentialit\u00e9.<\/label>\n\t<\/p>\n<\/div>\n<div style=\"display: flex; align-items: center; gap: 10px;\">\n\t<p><span class=\"wpcf7-form-control-wrap\" data-name=\"send-info\"><span class=\"wpcf7-form-control wpcf7-acceptance\"><span class=\"wpcf7-list-item\"><input type=\"checkbox\" name=\"send-info\" value=\"1\" aria-invalid=\"false\" \/><\/span><\/span><\/span><label for=\"send-info\" style=\"margin-left: 5px;\">J&#039;accepte de recevoir des informations.<\/label>\n\t<\/p>\n<\/div>\n<p><input class=\"wpcf7-form-control wpcf7-submit has-spinner\" type=\"submit\" value=\"Envoyer\" \/>\n<\/p><div class=\"wpcf7-response-output\" aria-hidden=\"true\"><\/div>\n<input type=\"hidden\" name=\"trp-form-language\" value=\"fr\"\/><\/form>\n<\/div>\n<\/div><\/div>\t\t\t\t<\/div>\n\t\t\t\t<\/div>\n\t\t\t\t\t<\/div>\n\t\t<\/div>\n\t\t\t\t\t<\/div>\n\t\t<\/section>\n\t\t\t\t<div class=\"elementor-element elementor-element-7c2eb24 elementor-widget elementor-widget-image\" data-id=\"7c2eb24\" data-element_type=\"widget\" data-e-type=\"widget\" data-widget_type=\"image.default\">\n\t\t\t\t<div class=\"elementor-widget-container\">\n\t\t\t\t\t\t\t\t\t\t\t\t\t\t\t<img fetchpriority=\"high\" decoding=\"async\" width=\"626\" height=\"352\" src=\"https:\/\/dermo.com\/wp-content\/uploads\/2021\/06\/desinfectante-virucida.jpg\" class=\"attachment-large size-large wp-image-8055\" alt=\"\" srcset=\"https:\/\/dermo.com\/wp-content\/uploads\/2021\/06\/desinfectante-virucida.jpg 626w, https:\/\/dermo.com\/wp-content\/uploads\/2021\/06\/desinfectante-virucida-300x169.jpg 300w, https:\/\/dermo.com\/wp-content\/uploads\/2021\/06\/desinfectante-virucida-18x10.jpg 18w, https:\/\/dermo.com\/wp-content\/uploads\/2021\/06\/desinfectante-virucida-600x337.jpg 600w\" sizes=\"(max-width: 626px) 100vw, 626px\" \/>\t\t\t\t\t\t\t\t\t\t\t\t\t\t\t<\/div>\n\t\t\t\t<\/div>\n\t\t\t\t<div class=\"elementor-element elementor-element-29d4788 elementor-widget elementor-widget-text-editor\" data-id=\"29d4788\" data-element_type=\"widget\" data-e-type=\"widget\" data-widget_type=\"text-editor.default\">\n\t\t\t\t<div class=\"elementor-widget-container\">\n\t\t\t\t\t\t\t\t\t<h3 data-start=\"3786\" data-end=\"3824\">D\u00e9sinfectants industriels pour de multiples secteurs<\/h3><p data-start=\"3826\" data-end=\"3903\">Le<strong data-start=\"3830\" data-end=\"3872\"> D\u00e9sinfectants industriels \u00e0 Sabadell<\/strong> Les produits Dermo sont con\u00e7us pour :<\/p><p data-start=\"3907\" data-end=\"3934\">-H\u00f4tellerie et restauration<\/p><p data-start=\"3937\" data-end=\"3972\">-Bureaux et immeubles de bureaux<\/p><p data-start=\"3975\" data-end=\"3995\">-Centres \u00e9ducatifs<\/p><p data-start=\"3998\" data-end=\"4025\">-R\u00e9sidences et maisons de retraite<\/p><p data-start=\"4028\" data-end=\"4052\">-Industrie et automobile<\/p><p data-start=\"4028\" data-end=\"4052\">-Services de nettoyage professionnels<\/p><p data-start=\"4092\" data-end=\"4305\">Des produits comme One Shot 3 en 1, <strong data-start=\"4128\" data-end=\"4159\">D\u00e9sinfectants industriels \u00e0 Sabadell <\/strong>Les nettoyants concentr\u00e9s et sp\u00e9cifiques permettent un nettoyage complet, r\u00e9duisant ainsi l&#039;utilisation de plusieurs produits et am\u00e9liorant l&#039;efficacit\u00e9 op\u00e9rationnelle.<\/p><h3 data-start=\"4307\" data-end=\"4347\">Qualit\u00e9, durabilit\u00e9 et technologie des d\u00e9sinfectants industriels \u00e0 Sabadell<\/h3><p data-start=\"4349\" data-end=\"4592\">Notre <strong>D\u00e9sinfectants industriels \u00e0 Sabadell<\/strong> Nos produits sont d\u00e9velopp\u00e9s dans nos propres laboratoires gr\u00e2ce \u00e0 une technologie de pointe et \u00e0 des ingr\u00e9dients actifs hautement biod\u00e9gradables. Ceci garantit un nettoyage efficace tout en respectant l&#039;environnement et la s\u00e9curit\u00e9 des utilisateurs. Nous appliquons des contr\u00f4les qualit\u00e9 rigoureux et assurons une formation continue \u00e0 nos \u00e9quipes, garantissant ainsi des produits conformes aux r\u00e9glementations et aux exigences professionnelles.<\/p>\t\t\t\t\t\t\t\t<\/div>\n\t\t\t\t<\/div>\n\t\t\t\t<div class=\"elementor-element elementor-element-e02489f elementor-widget elementor-widget-button\" data-id=\"e02489f\" data-element_type=\"widget\" data-e-type=\"widget\" data-widget_type=\"button.default\">\n\t\t\t\t<div class=\"elementor-widget-container\">\n\t\t\t\t\t\t\t\t\t<div class=\"elementor-button-wrapper\">\n\t\t\t\t\t<a class=\"elementor-button elementor-button-link elementor-size-sm\" href=\"\/fr\/contact\/\">\n\t\t\t\t\t\t<span class=\"elementor-button-content-wrapper\">\n\t\t\t\t\t\t\t\t\t<span class=\"elementor-button-text\">Contactez-nous<\/span>\n\t\t\t\t\t<\/span>\n\t\t\t\t\t<\/a>\n\t\t\t\t<\/div>\n\t\t\t\t\t\t\t\t<\/div>\n\t\t\t\t<\/div>\n\t\t\t\t<div class=\"elementor-element elementor-element-69a3b74 elementor-widget elementor-widget-text-editor\" data-id=\"69a3b74\" data-element_type=\"widget\" data-e-type=\"widget\" data-widget_type=\"text-editor.default\">\n\t\t\t\t<div class=\"elementor-widget-container\">\n\t\t\t\t\t\t\t\t\t<p>Chez Dermo, nous proposons une fabrication sur mesure, adaptant nos d\u00e9tergents d\u00e9sinfectants \u00e0 chaque usage, secteur et march\u00e9. Nous personnalisons les concentrations, les formats et les emballages, offrant ainsi des solutions performantes et \u00e9conomiques \u00e0 nos clients de Sabadell et des environs. Si vous recherchez des d\u00e9tergents d\u00e9sinfectants de qualit\u00e9 garantie, d&#039;une efficacit\u00e9 professionnelle et respectueux de l&#039;environnement, Dermo est votre partenaire id\u00e9al pour le nettoyage et l&#039;hygi\u00e8ne.<\/p>\t\t\t\t\t\t\t\t<\/div>\n\t\t\t\t<\/div>\n\t\t\t\t\t<\/div>\n\t\t<\/div>\n\t\t\t\t\t<\/div>\n\t\t<\/section>\n\t\t\t\t<section class=\"elementor-section elementor-top-section elementor-element elementor-element-095470b elementor-section-full_width elementor-section-height-default elementor-section-height-default elementor-invisible\" data-id=\"095470b\" data-element_type=\"section\" data-e-type=\"section\" data-settings=\"{&quot;animation&quot;:&quot;slideInUp&quot;}\">\n\t\t\t\t\t\t<div class=\"elementor-container elementor-column-gap-default\">\n\t\t\t\t\t<div class=\"elementor-column elementor-col-100 elementor-top-column elementor-element elementor-element-4c6a34f\" data-id=\"4c6a34f\" data-element_type=\"column\" data-e-type=\"column\">\n\t\t\t<div class=\"elementor-widget-wrap elementor-element-populated\">\n\t\t\t\t\t\t<div class=\"elementor-element elementor-element-7f4c627 elementor-widget elementor-widget-google_maps\" data-id=\"7f4c627\" data-element_type=\"widget\" data-e-type=\"widget\" data-widget_type=\"google_maps.default\">\n\t\t\t\t<div class=\"elementor-widget-container\">\n\t\t\t\t\t\t\t<div class=\"elementor-custom-embed\">\n\t\t\t<iframe loading=\"lazy\"\n\t\t\t\t\tsrc=\"https:\/\/maps.google.com\/maps?q=C%2F%20Pintor%20Joan%20Miro%2C%2016.%20Pol.%20Ind.%20Can%20Humet%20de%20Dalt%2C%2008213%20Poliny%C3%A0.%20Barcelona&#038;t=m&#038;z=15&#038;output=embed&#038;iwloc=near\"\n\t\t\t\t\ttitle=\"C\/ Pintor Joan Miro, 16. Pol. Ind. Can Humet de Dalt, 08213 Poliny\u00e0. Barcelone\"\n\t\t\t\t\taria-label=\"C\/ Pintor Joan Miro, 16. Pol. Ind. Can Humet de Dalt, 08213 Poliny\u00e0. Barcelone\"\n\t\t\t><\/iframe>\n\t\t<\/div>\n\t\t\t\t\t\t<\/div>\n\t\t\t\t<\/div>\n\t\t\t\t\t<\/div>\n\t\t<\/div>\n\t\t\t\t\t<\/div>\n\t\t<\/section>\n\t\t\t\t<\/div>","protected":false},"excerpt":{"rendered":"<p>Desinfectantes industriales en Sabadell: higiene profesional con garant\u00eda Dermo En Dermo somos referentes en la fabricaci\u00f3n de desinfectantes industriales en Sabadell, desarrollando productos de alto rendimiento para garantizar la limpieza y desinfecci\u00f3n en todo tipo de entornos profesionales y dom\u00e9sticos. Nuestra experiencia y capacidad de innovaci\u00f3n nos permiten ofrecer soluciones eficaces, seguras y sostenibles. Especialistas&hellip;&nbsp;<a href=\"https:\/\/dermo.com\/fr\/desinfectants-industriels-sabadell\/\" rel=\"bookmark\">En savoir plus &quot;<span class=\"screen-reader-text\">D\u00e9sinfectants industriels Sabadell<\/span><\/a><\/p>","protected":false},"author":2,"featured_media":0,"parent":0,"menu_order":0,"comment_status":"closed","ping_status":"closed","template":"page-templates\/template-pagebuilder-full-width.php","meta":{"neve_meta_sidebar":"","neve_meta_container":"","neve_meta_enable_content_width":"","neve_meta_content_width":0,"neve_meta_title_alignment":"","neve_meta_author_avatar":"","neve_post_elements_order":"","neve_meta_disable_header":"","neve_meta_disable_footer":"","neve_meta_disable_title":"","footnotes":""},"class_list":["post-14473","page","type-page","status-publish","hentry"],"yoast_head":"<!-- This site is optimized with the Yoast SEO plugin v27.0 - https:\/\/yoast.com\/product\/yoast-seo-wordpress\/ -->\n<title>Desinfectantes industriales Sabadell - Dermo | F\u00e1brica de detergentes<\/title>\n<meta name=\"robots\" content=\"index, follow, max-snippet:-1, max-image-preview:large, max-video-preview:-1\" \/>\n<link rel=\"canonical\" href=\"https:\/\/dermo.com\/fr\/desinfectants-industriels-sabadell\/\" \/>\n<meta property=\"og:locale\" content=\"fr_FR\" \/>\n<meta property=\"og:type\" content=\"article\" \/>\n<meta property=\"og:title\" content=\"Desinfectantes industriales Sabadell - Dermo | F\u00e1brica de detergentes\" \/>\n<meta property=\"og:description\" content=\"Desinfectantes industriales en Sabadell: higiene profesional con garant\u00eda Dermo En Dermo somos referentes en la fabricaci\u00f3n de desinfectantes industriales en Sabadell, desarrollando productos de alto rendimiento para garantizar la limpieza y desinfecci\u00f3n en todo tipo de entornos profesionales y dom\u00e9sticos. Nuestra experiencia y capacidad de innovaci\u00f3n nos permiten ofrecer soluciones eficaces, seguras y sostenibles. Especialistas&hellip;&nbsp;Lire la suite &raquo;Desinfectantes industriales Sabadell\" \/>\n<meta property=\"og:url\" content=\"https:\/\/dermo.com\/fr\/desinfectants-industriels-sabadell\/\" \/>\n<meta property=\"og:site_name\" content=\"Dermo | F\u00e1brica de detergentes\" \/>\n<meta property=\"article:modified_time\" content=\"2026-01-07T12:09:37+00:00\" \/>\n<meta property=\"og:image\" content=\"https:\/\/dermo.com\/wp-content\/uploads\/2021\/06\/desinfectante-virucida.jpg\" \/>\n\t<meta property=\"og:image:width\" content=\"626\" \/>\n\t<meta property=\"og:image:height\" content=\"352\" \/>\n\t<meta property=\"og:image:type\" content=\"image\/jpeg\" \/>\n<meta name=\"twitter:card\" content=\"summary_large_image\" \/>\n<meta name=\"twitter:label1\" content=\"Dur\u00e9e de lecture estim\u00e9e\" \/>\n\t<meta name=\"twitter:data1\" content=\"2 minutes\" \/>\n<script type=\"application\/ld+json\" class=\"yoast-schema-graph\">{\"@context\":\"https:\/\/schema.org\",\"@graph\":[{\"@type\":\"WebPage\",\"@id\":\"https:\/\/dermo.com\/desinfectantes-industriales-sabadell\/\",\"url\":\"https:\/\/dermo.com\/desinfectantes-industriales-sabadell\/\",\"name\":\"Desinfectantes industriales Sabadell - Dermo | F\u00e1brica de detergentes\",\"isPartOf\":{\"@id\":\"https:\/\/dermo.com\/#website\"},\"primaryImageOfPage\":{\"@id\":\"https:\/\/dermo.com\/desinfectantes-industriales-sabadell\/#primaryimage\"},\"image\":{\"@id\":\"https:\/\/dermo.com\/desinfectantes-industriales-sabadell\/#primaryimage\"},\"thumbnailUrl\":\"https:\/\/dermo.com\/wp-content\/uploads\/2021\/06\/desinfectante-virucida.jpg\",\"datePublished\":\"2026-01-07T12:04:09+00:00\",\"dateModified\":\"2026-01-07T12:09:37+00:00\",\"breadcrumb\":{\"@id\":\"https:\/\/dermo.com\/desinfectantes-industriales-sabadell\/#breadcrumb\"},\"inLanguage\":\"fr-FR\",\"potentialAction\":[{\"@type\":\"ReadAction\",\"target\":[\"https:\/\/dermo.com\/desinfectantes-industriales-sabadell\/\"]}]},{\"@type\":\"ImageObject\",\"inLanguage\":\"fr-FR\",\"@id\":\"https:\/\/dermo.com\/desinfectantes-industriales-sabadell\/#primaryimage\",\"url\":\"https:\/\/dermo.com\/wp-content\/uploads\/2021\/06\/desinfectante-virucida.jpg\",\"contentUrl\":\"https:\/\/dermo.com\/wp-content\/uploads\/2021\/06\/desinfectante-virucida.jpg\"},{\"@type\":\"BreadcrumbList\",\"@id\":\"https:\/\/dermo.com\/desinfectantes-industriales-sabadell\/#breadcrumb\",\"itemListElement\":[{\"@type\":\"ListItem\",\"position\":1,\"name\":\"Portada\",\"item\":\"https:\/\/dermo.com\/\"},{\"@type\":\"ListItem\",\"position\":2,\"name\":\"Desinfectantes industriales Sabadell\"}]},{\"@type\":\"WebSite\",\"@id\":\"https:\/\/dermo.com\/#website\",\"url\":\"https:\/\/dermo.com\/\",\"name\":\"Dermo | F\u00e1brica de detergentes\",\"description\":\"Tecnolog\u00eda avanzada, investigaci\u00f3n y desarrollo, respeto por el medio ambiente, competencia, formaci\u00f3n constante y alto nivel de profesionalidad en nuestro equipo humano, empe\u00f1ado en preservar la calidad de vida, la protecci\u00f3n del entorno natural contin\u00faan motiv\u00e1ndonos para desarrollar en nuestros laboratorios nuevos productos con ingredientes activos altamente biodegradables que hacen posible un desarrollo sostenible.\",\"potentialAction\":[{\"@type\":\"SearchAction\",\"target\":{\"@type\":\"EntryPoint\",\"urlTemplate\":\"https:\/\/dermo.com\/?s={search_term_string}\"},\"query-input\":{\"@type\":\"PropertyValueSpecification\",\"valueRequired\":true,\"valueName\":\"search_term_string\"}}],\"inLanguage\":\"fr-FR\"}]}<\/script>\n<!-- \/ Yoast SEO plugin. -->","yoast_head_json":{"title":"D\u00e9sinfectants industriels Sabadell - Dermo | Usine de d\u00e9tergents","robots":{"index":"index","follow":"follow","max-snippet":"max-snippet:-1","max-image-preview":"max-image-preview:large","max-video-preview":"max-video-preview:-1"},"canonical":"https:\/\/dermo.com\/fr\/desinfectants-industriels-sabadell\/","og_locale":"fr_FR","og_type":"article","og_title":"Desinfectantes industriales Sabadell - Dermo | F\u00e1brica de detergentes","og_description":"Desinfectantes industriales en Sabadell: higiene profesional con garant\u00eda Dermo En Dermo somos referentes en la fabricaci\u00f3n de desinfectantes industriales en Sabadell, desarrollando productos de alto rendimiento para garantizar la limpieza y desinfecci\u00f3n en todo tipo de entornos profesionales y dom\u00e9sticos. Nuestra experiencia y capacidad de innovaci\u00f3n nos permiten ofrecer soluciones eficaces, seguras y sostenibles. Especialistas&hellip;&nbsp;Lire la suite &raquo;Desinfectantes industriales Sabadell","og_url":"https:\/\/dermo.com\/fr\/desinfectants-industriels-sabadell\/","og_site_name":"Dermo | F\u00e1brica de detergentes","article_modified_time":"2026-01-07T12:09:37+00:00","og_image":[{"width":626,"height":352,"url":"https:\/\/dermo.com\/wp-content\/uploads\/2021\/06\/desinfectante-virucida.jpg","type":"image\/jpeg"}],"twitter_card":"summary_large_image","twitter_misc":{"Dur\u00e9e de lecture estim\u00e9e":"2 minutes"},"schema":{"@context":"https:\/\/schema.org","@graph":[{"@type":"WebPage","@id":"https:\/\/dermo.com\/desinfectantes-industriales-sabadell\/","url":"https:\/\/dermo.com\/desinfectantes-industriales-sabadell\/","name":"D\u00e9sinfectants industriels Sabadell - Dermo | Usine de d\u00e9tergents","isPartOf":{"@id":"https:\/\/dermo.com\/#website"},"primaryImageOfPage":{"@id":"https:\/\/dermo.com\/desinfectantes-industriales-sabadell\/#primaryimage"},"image":{"@id":"https:\/\/dermo.com\/desinfectantes-industriales-sabadell\/#primaryimage"},"thumbnailUrl":"https:\/\/dermo.com\/wp-content\/uploads\/2021\/06\/desinfectante-virucida.jpg","datePublished":"2026-01-07T12:04:09+00:00","dateModified":"2026-01-07T12:09:37+00:00","breadcrumb":{"@id":"https:\/\/dermo.com\/desinfectantes-industriales-sabadell\/#breadcrumb"},"inLanguage":"fr-FR","potentialAction":[{"@type":"ReadAction","target":["https:\/\/dermo.com\/desinfectantes-industriales-sabadell\/"]}]},{"@type":"ImageObject","inLanguage":"fr-FR","@id":"https:\/\/dermo.com\/desinfectantes-industriales-sabadell\/#primaryimage","url":"https:\/\/dermo.com\/wp-content\/uploads\/2021\/06\/desinfectante-virucida.jpg","contentUrl":"https:\/\/dermo.com\/wp-content\/uploads\/2021\/06\/desinfectante-virucida.jpg"},{"@type":"BreadcrumbList","@id":"https:\/\/dermo.com\/desinfectantes-industriales-sabadell\/#breadcrumb","itemListElement":[{"@type":"ListItem","position":1,"name":"Portada","item":"https:\/\/dermo.com\/"},{"@type":"ListItem","position":2,"name":"Desinfectantes industriales Sabadell"}]},{"@type":"WebSite","@id":"https:\/\/dermo.com\/#website","url":"https:\/\/dermo.com\/","name":"Dermo | usine de d\u00e9tergents","description":"Technologie avanc\u00e9e, recherche et d\u00e9veloppement, respect de l&#039;environnement, comp\u00e9tence, formation constante et haut niveau de professionnalisme de notre \u00e9quipe humaine, engag\u00e9e \u00e0 pr\u00e9server la qualit\u00e9 de vie, la protection de l&#039;environnement naturel continuent de nous motiver \u00e0 d\u00e9velopper de nouveaux produits dans notre laboratoires aux principes actifs hautement biod\u00e9gradables qui rendent possible le d\u00e9veloppement durable.","potentialAction":[{"@type":"SearchAction","target":{"@type":"EntryPoint","urlTemplate":"https:\/\/dermo.com\/?s={search_term_string}"},"query-input":{"@type":"PropertyValueSpecification","valueRequired":true,"valueName":"search_term_string"}}],"inLanguage":"fr-FR"}]}},"_links":{"self":[{"href":"https:\/\/dermo.com\/fr\/wp-json\/wp\/v2\/pages\/14473","targetHints":{"allow":["GET"]}}],"collection":[{"href":"https:\/\/dermo.com\/fr\/wp-json\/wp\/v2\/pages"}],"about":[{"href":"https:\/\/dermo.com\/fr\/wp-json\/wp\/v2\/types\/page"}],"author":[{"embeddable":true,"href":"https:\/\/dermo.com\/fr\/wp-json\/wp\/v2\/users\/2"}],"replies":[{"embeddable":true,"href":"https:\/\/dermo.com\/fr\/wp-json\/wp\/v2\/comments?post=14473"}],"version-history":[{"count":4,"href":"https:\/\/dermo.com\/fr\/wp-json\/wp\/v2\/pages\/14473\/revisions"}],"predecessor-version":[{"id":14477,"href":"https:\/\/dermo.com\/fr\/wp-json\/wp\/v2\/pages\/14473\/revisions\/14477"}],"wp:attachment":[{"href":"https:\/\/dermo.com\/fr\/wp-json\/wp\/v2\/media?parent=14473"}],"curies":[{"name":"wp","href":"https:\/\/api.w.org\/{rel}","templated":true}]}}