{"id":14643,"date":"2026-04-21T10:30:47","date_gmt":"2026-04-21T08:30:47","guid":{"rendered":"https:\/\/dermo.com\/?page_id=14643"},"modified":"2026-04-21T10:33:50","modified_gmt":"2026-04-21T08:33:50","slug":"detergentes-industriales-en-polinya","status":"publish","type":"page","link":"https:\/\/dermo.com\/fr\/detergentes-industriales-en-polinya\/","title":{"rendered":"Detergentes industriales en Poliny\u00e0"},"content":{"rendered":"<div data-elementor-type=\"wp-page\" data-elementor-id=\"14643\" class=\"elementor elementor-14643\" data-elementor-post-type=\"page\">\n\t\t\t\t\t\t<section class=\"elementor-section elementor-top-section elementor-element elementor-element-98a4dec elementor-section-boxed elementor-section-height-default elementor-section-height-default\" data-id=\"98a4dec\" data-element_type=\"section\" data-e-type=\"section\" data-settings=\"{&quot;background_background&quot;:&quot;classic&quot;}\">\n\t\t\t\t\t\t\t<div class=\"elementor-background-overlay\"><\/div>\n\t\t\t\t\t\t\t<div class=\"elementor-container elementor-column-gap-default\">\n\t\t\t\t\t<div class=\"elementor-column elementor-col-100 elementor-top-column elementor-element elementor-element-e1dd055\" data-id=\"e1dd055\" data-element_type=\"column\" data-e-type=\"column\">\n\t\t\t<div class=\"elementor-widget-wrap elementor-element-populated\">\n\t\t\t\t\t\t\t<\/div>\n\t\t<\/div>\n\t\t\t\t\t<\/div>\n\t\t<\/section>\n\t\t\t\t<section class=\"elementor-section elementor-top-section elementor-element elementor-element-2ec8e30 elementor-section-boxed elementor-section-height-default elementor-section-height-default\" data-id=\"2ec8e30\" data-element_type=\"section\" data-e-type=\"section\">\n\t\t\t\t\t\t<div class=\"elementor-container elementor-column-gap-default\">\n\t\t\t\t\t<div class=\"elementor-column elementor-col-100 elementor-top-column elementor-element elementor-element-8c075e9\" data-id=\"8c075e9\" data-element_type=\"column\" data-e-type=\"column\">\n\t\t\t<div class=\"elementor-widget-wrap elementor-element-populated\">\n\t\t\t\t\t\t<section class=\"elementor-section elementor-inner-section elementor-element elementor-element-64bab18 elementor-section-content-middle elementor-section-boxed elementor-section-height-default elementor-section-height-default\" data-id=\"64bab18\" data-element_type=\"section\" data-e-type=\"section\">\n\t\t\t\t\t\t<div class=\"elementor-container elementor-column-gap-default\">\n\t\t\t\t\t<div class=\"elementor-column elementor-col-50 elementor-inner-column elementor-element elementor-element-1517a1f\" data-id=\"1517a1f\" data-element_type=\"column\" data-e-type=\"column\">\n\t\t\t<div class=\"elementor-widget-wrap elementor-element-populated\">\n\t\t\t\t\t\t<div class=\"elementor-element elementor-element-4ecb927 elementor-widget elementor-widget-text-editor\" data-id=\"4ecb927\" data-element_type=\"widget\" data-e-type=\"widget\" data-widget_type=\"text-editor.default\">\n\t\t\t\t<div class=\"elementor-widget-container\">\n\t\t\t\t\t\t\t\t\t<h2 style=\"text-align: left;\">Soluciones profesionales de Detergentes industriales en Poliny\u00e0 adaptadas a tu negocio<\/h2><p><span style=\"font-weight: 400;\">En Dermo sabemos que la limpieza profesional exige soluciones eficaces, seguras y adaptadas a cada entorno. Por eso, ponemos a tu disposici\u00f3n los mejores <\/span><b>Detergentes industriales en Poliny\u00e0<\/b><span style=\"font-weight: 400;\">, dise\u00f1ados para optimizar procesos, mejorar resultados y reducir costes operativos. Si buscas rendimiento real y asesoramiento experto, est\u00e1s en el lugar adecuado.<\/span><\/p><p><span style=\"font-weight: 400;\">Asimismo, garantizamos una aplicaci\u00f3n sencilla y adaptable a distintos sistemas de limpieza, facilitando la integraci\u00f3n en tus procesos diarios sin complicaciones.<\/span><\/p><h3 style=\"text-align: left;\">Beneficios de elegir Detergentes industriales en Poliny\u00e0 de alta calidad<\/h3><p><span style=\"font-weight: 400;\">Elegir detergentes industriales de calidad impacta directamente en la productividad y seguridad de tu empresa. En Dermo apostamos por soluciones que combinan eficacia y sostenibilidad.<\/span><\/p><p><span style=\"font-weight: 400;\">Nuestros productos cumplen con las normativas europeas, asegurando un uso seguro para los operarios. Adem\u00e1s, trabajamos con f\u00f3rmulas que minimizan el impacto ambiental, contribuyendo a una limpieza m\u00e1s responsable. Por otro lado, la durabilidad y rendimiento de nuestros detergentes permiten reducir el consumo, optimizando costes sin renunciar a resultados profesionales. Esto convierte cada aplicaci\u00f3n en una inversi\u00f3n inteligente para tu negocio.<\/span><\/p><p><span style=\"font-weight: 400;\">Tambi\u00e9n ofrecemos asesoramiento personalizado para ayudarte a seleccionar la soluci\u00f3n m\u00e1s adecuada seg\u00fan tus necesidades espec\u00edficas.<\/span><\/p>\t\t\t\t\t\t\t\t<\/div>\n\t\t\t\t<\/div>\n\t\t\t\t\t<\/div>\n\t\t<\/div>\n\t\t\t\t<div class=\"elementor-column elementor-col-50 elementor-inner-column elementor-element elementor-element-f924105 elementor-invisible\" data-id=\"f924105\" data-element_type=\"column\" data-e-type=\"column\" data-settings=\"{&quot;animation&quot;:&quot;bounceInRight&quot;}\">\n\t\t\t<div class=\"elementor-widget-wrap elementor-element-populated\">\n\t\t\t\t\t\t<div class=\"elementor-element elementor-element-35a13b7 elementor-widget elementor-widget-elementskit-contact-form7\" data-id=\"35a13b7\" data-element_type=\"widget\" data-e-type=\"widget\" data-widget_type=\"elementskit-contact-form7.default\">\n\t\t\t\t<div class=\"elementor-widget-container\">\n\t\t\t\t\t<div class=\"ekit-wid-con\" ><div class=\"ekit-form\">\n<div class=\"wpcf7 no-js\" id=\"wpcf7-f13292-p14643-o1\" lang=\"es-ES\" dir=\"ltr\" data-wpcf7-id=\"13292\">\n<div class=\"screen-reader-response\"><p role=\"status\" aria-live=\"polite\" aria-atomic=\"true\"><\/p> <ul><\/ul><\/div>\n<form action=\"\/fr\/detergentes-industriales-en-polinya\/#wpcf7-f13292-p14643-o1\" method=\"post\" class=\"wpcf7-form init\" aria-label=\"Formulario de contacto\" novalidate=\"novalidate\" data-status=\"init\" data-no-translation-aria-label=\"\" data-trp-original-action=\"\/pt\/detergentes-industriales-en-polinya\/#wpcf7-f13292-p14643-o1\">\n<fieldset class=\"hidden-fields-container\"><input type=\"hidden\" name=\"_wpcf7\" value=\"13292\" \/><input type=\"hidden\" name=\"_wpcf7_version\" value=\"6.1.5\" \/><input type=\"hidden\" name=\"_wpcf7_locale\" value=\"es_ES\" \/><input type=\"hidden\" name=\"_wpcf7_unit_tag\" value=\"wpcf7-f13292-p14643-o1\" \/><input type=\"hidden\" name=\"_wpcf7_container_post\" value=\"14643\" \/><input type=\"hidden\" name=\"_wpcf7_posted_data_hash\" value=\"\" \/><input type=\"hidden\" name=\"_wpcf7_recaptcha_response\" value=\"\" \/>\n<\/fieldset>\n<div style=\"display: flex; gap: 10px;\">\n\t<div style=\"width: 50%;\">\n\t\t<p><span class=\"wpcf7-form-control-wrap\" data-name=\"your-name\"><input size=\"40\" maxlength=\"400\" class=\"wpcf7-form-control wpcf7-text wpcf7-validates-as-required\" aria-required=\"true\" aria-invalid=\"false\" placeholder=\"Nom\" value=\"\" type=\"text\" name=\"your-name\" \/><\/span>\n\t\t<\/p>\n\t<\/div>\n\t<div style=\"width: 50%;\">\n\t\t<p><span class=\"wpcf7-form-control-wrap\" data-name=\"your-phone\"><input size=\"40\" maxlength=\"400\" class=\"wpcf7-form-control wpcf7-tel wpcf7-validates-as-required wpcf7-text wpcf7-validates-as-tel\" aria-required=\"true\" aria-invalid=\"false\" placeholder=\"T\u00e9l\u00e9phone\" value=\"\" type=\"tel\" name=\"your-phone\" \/><\/span>\n\t\t<\/p>\n\t<\/div>\n<\/div>\n<p><span class=\"wpcf7-form-control-wrap\" data-name=\"your-email\"><input size=\"40\" maxlength=\"400\" class=\"wpcf7-form-control wpcf7-email wpcf7-validates-as-required wpcf7-text wpcf7-validates-as-email\" aria-required=\"true\" aria-invalid=\"false\" placeholder=\"E-mail\" value=\"\" type=\"email\" name=\"your-email\" \/><\/span>\n<\/p>\n<div style=\"display: flex; gap: 10px;\">\n\t<div style=\"width: 50%;\">\n\t\t<p><span class=\"wpcf7-form-control-wrap\" data-name=\"your-country\"><input size=\"40\" maxlength=\"400\" class=\"wpcf7-form-control wpcf7-text wpcf7-validates-as-required\" aria-required=\"true\" aria-invalid=\"false\" placeholder=\"Pays\" value=\"\" type=\"text\" name=\"your-country\" \/><\/span>\n\t\t<\/p>\n\t<\/div>\n\t<div style=\"width: 50%;\">\n\t\t<p><span class=\"wpcf7-form-control-wrap\" data-name=\"your-city\"><input size=\"40\" maxlength=\"400\" class=\"wpcf7-form-control wpcf7-text wpcf7-validates-as-required\" aria-required=\"true\" aria-invalid=\"false\" placeholder=\"Population\" value=\"\" type=\"text\" name=\"your-city\" \/><\/span>\n\t\t<\/p>\n\t<\/div>\n<\/div>\n<p><span class=\"wpcf7-form-control-wrap\" data-name=\"your-subject\"><select class=\"wpcf7-form-control wpcf7-select\" aria-invalid=\"false\" name=\"your-subject\"><option value=\"Quiero ser distribuidor\">Je veux \u00eatre distributeur<\/option><option value=\"Presupuesto\">Budget<\/option><option value=\"Consulta\">Consultation<\/option><option value=\"Sugerencia\">Suggestion<\/option><option value=\"Otros\">Autres<\/option><\/select><\/span>\n<\/p>\n<p><span class=\"wpcf7-form-control-wrap\" data-name=\"your-message\"><textarea cols=\"40\" rows=\"10\" maxlength=\"2000\" class=\"wpcf7-form-control wpcf7-textarea\" aria-invalid=\"false\" placeholder=\"Message ou demande\" name=\"your-message\"><\/textarea><\/span>\n<\/p>\n<div style=\"display: flex; align-items: center; gap: 10px;\">\n\t<p><span class=\"wpcf7-form-control-wrap\" data-name=\"privacy-policy\"><span class=\"wpcf7-form-control wpcf7-acceptance\"><span class=\"wpcf7-list-item\"><input type=\"checkbox\" name=\"privacy-policy\" value=\"1\" aria-invalid=\"false\" \/><\/span><\/span><\/span><label for=\"privacy-policy\" style=\"margin-left: 5px;\">J&#039;ai lu et accept\u00e9 la politique de confidentialit\u00e9.<\/label>\n\t<\/p>\n<\/div>\n<div style=\"display: flex; align-items: center; gap: 10px;\">\n\t<p><span class=\"wpcf7-form-control-wrap\" data-name=\"send-info\"><span class=\"wpcf7-form-control wpcf7-acceptance\"><span class=\"wpcf7-list-item\"><input type=\"checkbox\" name=\"send-info\" value=\"1\" aria-invalid=\"false\" \/><\/span><\/span><\/span><label for=\"send-info\" style=\"margin-left: 5px;\">J&#039;accepte de recevoir des informations.<\/label>\n\t<\/p>\n<\/div>\n<p><input class=\"wpcf7-form-control wpcf7-submit has-spinner\" type=\"submit\" value=\"Envoyer\" \/>\n<\/p><div class=\"wpcf7-response-output\" aria-hidden=\"true\"><\/div>\n<input type=\"hidden\" name=\"trp-form-language\" value=\"fr\"\/><\/form>\n<\/div>\n<\/div><\/div>\t\t\t\t<\/div>\n\t\t\t\t<\/div>\n\t\t\t\t\t<\/div>\n\t\t<\/div>\n\t\t\t\t\t<\/div>\n\t\t<\/section>\n\t\t\t\t<div class=\"elementor-element elementor-element-06571a4 elementor-widget elementor-widget-image\" data-id=\"06571a4\" data-element_type=\"widget\" data-e-type=\"widget\" data-widget_type=\"image.default\">\n\t\t\t\t<div class=\"elementor-widget-container\">\n\t\t\t\t\t\t\t\t\t\t\t\t\t\t\t<img fetchpriority=\"high\" decoding=\"async\" width=\"1024\" height=\"640\" src=\"https:\/\/dermo.com\/wp-content\/uploads\/2026\/03\/desinfectantes-industriales-2-1024x640.jpg\" class=\"attachment-large size-large wp-image-14560\" alt=\"desinfectantes industriales cl\u00ednica\" srcset=\"https:\/\/dermo.com\/wp-content\/uploads\/2026\/03\/desinfectantes-industriales-2-1024x640.jpg 1024w, https:\/\/dermo.com\/wp-content\/uploads\/2026\/03\/desinfectantes-industriales-2-300x188.jpg 300w, https:\/\/dermo.com\/wp-content\/uploads\/2026\/03\/desinfectantes-industriales-2-768x480.jpg 768w, https:\/\/dermo.com\/wp-content\/uploads\/2026\/03\/desinfectantes-industriales-2-18x12.jpg 18w, https:\/\/dermo.com\/wp-content\/uploads\/2026\/03\/desinfectantes-industriales-2-600x375.jpg 600w, https:\/\/dermo.com\/wp-content\/uploads\/2026\/03\/desinfectantes-industriales-2.jpg 1200w\" sizes=\"(max-width: 1024px) 100vw, 1024px\" \/>\t\t\t\t\t\t\t\t\t\t\t\t\t\t\t<\/div>\n\t\t\t\t<\/div>\n\t\t\t\t<div class=\"elementor-element elementor-element-29d4788 elementor-widget elementor-widget-text-editor\" data-id=\"29d4788\" data-element_type=\"widget\" data-e-type=\"widget\" data-widget_type=\"text-editor.default\">\n\t\t\t\t<div class=\"elementor-widget-container\">\n\t\t\t\t\t\t\t\t\t<h2 style=\"text-align: left;\">Compra Detergentes industriales en Poliny\u00e0 con asesoramiento experto<\/h2><p><span style=\"font-weight: 400;\">En Dermo no solo ofrecemos productos, sino soluciones completas. Nuestro equipo te acompa\u00f1a desde la elecci\u00f3n del detergente hasta su correcta aplicaci\u00f3n, asegurando el m\u00e1ximo rendimiento.<\/span><\/p><p><span style=\"font-weight: 400;\">Contamos con un servicio \u00e1gil en Poliny\u00e0, con disponibilidad constante y atenci\u00f3n cercana para que nunca te falte lo que necesitas. Nuestro objetivo es ayudarte a mantener los m\u00e1s altos est\u00e1ndares de limpieza en tu empresa.<\/span><\/p><p><span style=\"font-weight: 400;\">Si buscas calidad, eficacia y confianza, nuestros <\/span><b>Detergentes industriales en Poliny\u00e0<\/b><span style=\"font-weight: 400;\"> son la opci\u00f3n ideal para tu negocio. Mejora la eficiencia de tu limpieza profesional hoy mismo. Contacta con Dermo y descubre c\u00f3mo podemos ayudarte a conseguir resultados superiores desde el primer uso.<\/span><\/p>\t\t\t\t\t\t\t\t<\/div>\n\t\t\t\t<\/div>\n\t\t\t\t<div class=\"elementor-element elementor-element-e02489f elementor-widget elementor-widget-button\" data-id=\"e02489f\" data-element_type=\"widget\" data-e-type=\"widget\" data-widget_type=\"button.default\">\n\t\t\t\t<div class=\"elementor-widget-container\">\n\t\t\t\t\t\t\t\t\t<div class=\"elementor-button-wrapper\">\n\t\t\t\t\t<a class=\"elementor-button elementor-button-link elementor-size-sm\" href=\"\/fr\/contact\/\">\n\t\t\t\t\t\t<span class=\"elementor-button-content-wrapper\">\n\t\t\t\t\t\t\t\t\t<span class=\"elementor-button-text\">Contactez-nous<\/span>\n\t\t\t\t\t<\/span>\n\t\t\t\t\t<\/a>\n\t\t\t\t<\/div>\n\t\t\t\t\t\t\t\t<\/div>\n\t\t\t\t<\/div>\n\t\t\t\t\t<\/div>\n\t\t<\/div>\n\t\t\t\t\t<\/div>\n\t\t<\/section>\n\t\t\t\t<section class=\"elementor-section elementor-top-section elementor-element elementor-element-095470b elementor-section-full_width elementor-section-height-default elementor-section-height-default elementor-invisible\" data-id=\"095470b\" data-element_type=\"section\" data-e-type=\"section\" data-settings=\"{&quot;animation&quot;:&quot;slideInUp&quot;}\">\n\t\t\t\t\t\t<div class=\"elementor-container elementor-column-gap-default\">\n\t\t\t\t\t<div class=\"elementor-column elementor-col-100 elementor-top-column elementor-element elementor-element-4c6a34f\" data-id=\"4c6a34f\" data-element_type=\"column\" data-e-type=\"column\">\n\t\t\t<div class=\"elementor-widget-wrap elementor-element-populated\">\n\t\t\t\t\t\t<div class=\"elementor-element elementor-element-7f4c627 elementor-widget elementor-widget-google_maps\" data-id=\"7f4c627\" data-element_type=\"widget\" data-e-type=\"widget\" data-widget_type=\"google_maps.default\">\n\t\t\t\t<div class=\"elementor-widget-container\">\n\t\t\t\t\t\t\t<div class=\"elementor-custom-embed\">\n\t\t\t<iframe loading=\"lazy\"\n\t\t\t\t\tsrc=\"https:\/\/maps.google.com\/maps?q=C%2F%20Pintor%20Joan%20Miro%2C%2016.%20Pol.%20Ind.%20Can%20Humet%20de%20Dalt%2C%2008213%20Poliny%C3%A0.%20Barcelona&#038;t=m&#038;z=15&#038;output=embed&#038;iwloc=near\"\n\t\t\t\t\ttitle=\"C\/ Pintor Joan Miro, 16. Pol. Ind. Can Humet de Dalt, 08213 Poliny\u00e0. Barcelone\"\n\t\t\t\t\taria-label=\"C\/ Pintor Joan Miro, 16. Pol. Ind. Can Humet de Dalt, 08213 Poliny\u00e0. Barcelone\"\n\t\t\t><\/iframe>\n\t\t<\/div>\n\t\t\t\t\t\t<\/div>\n\t\t\t\t<\/div>\n\t\t\t\t\t<\/div>\n\t\t<\/div>\n\t\t\t\t\t<\/div>\n\t\t<\/section>\n\t\t\t\t<\/div>","protected":false},"excerpt":{"rendered":"<p>Soluciones profesionales de Detergentes industriales en Poliny\u00e0 adaptadas a tu negocio En Dermo sabemos que la limpieza profesional exige soluciones eficaces, seguras y adaptadas a cada entorno. Por eso, ponemos a tu disposici\u00f3n los mejores Detergentes industriales en Poliny\u00e0, dise\u00f1ados para optimizar procesos, mejorar resultados y reducir costes operativos. Si buscas rendimiento real y asesoramiento&hellip;&nbsp;<a href=\"https:\/\/dermo.com\/fr\/detergentes-industriales-en-polinya\/\" rel=\"bookmark\">En savoir plus &quot;<span class=\"screen-reader-text\">Detergentes industriales en Poliny\u00e0<\/span><\/a><\/p>","protected":false},"author":2,"featured_media":0,"parent":0,"menu_order":0,"comment_status":"closed","ping_status":"closed","template":"page-templates\/template-pagebuilder-full-width.php","meta":{"neve_meta_sidebar":"","neve_meta_container":"","neve_meta_enable_content_width":"","neve_meta_content_width":0,"neve_meta_title_alignment":"","neve_meta_author_avatar":"","neve_post_elements_order":"","neve_meta_disable_header":"","neve_meta_disable_footer":"","neve_meta_disable_title":"","footnotes":""},"class_list":["post-14643","page","type-page","status-publish","hentry"],"yoast_head":"<!-- This site is optimized with the Yoast SEO plugin v27.0 - https:\/\/yoast.com\/product\/yoast-seo-wordpress\/ -->\n<title>Detergentes industriales en Poliny\u00e0 | Soluciones profesionales Dermo<\/title>\n<meta name=\"description\" content=\"Descubre detergentes industriales en Poliny\u00e0 de alta calidad. En Dermo ofrecemos soluciones eficaces, seguras y adaptadas a cada sector. Cont\u00e1ctanos.\" \/>\n<meta name=\"robots\" content=\"index, follow, max-snippet:-1, max-image-preview:large, max-video-preview:-1\" \/>\n<link rel=\"canonical\" href=\"https:\/\/dermo.com\/fr\/detergentes-industriales-en-polinya\/\" \/>\n<meta property=\"og:locale\" content=\"fr_FR\" \/>\n<meta property=\"og:type\" content=\"article\" \/>\n<meta property=\"og:title\" content=\"Detergentes industriales en Poliny\u00e0 | Soluciones profesionales Dermo\" \/>\n<meta property=\"og:description\" content=\"Descubre detergentes industriales en Poliny\u00e0 de alta calidad. En Dermo ofrecemos soluciones eficaces, seguras y adaptadas a cada sector. Cont\u00e1ctanos.\" \/>\n<meta property=\"og:url\" content=\"https:\/\/dermo.com\/fr\/detergentes-industriales-en-polinya\/\" \/>\n<meta property=\"og:site_name\" content=\"Dermo | F\u00e1brica de detergentes\" \/>\n<meta property=\"article:modified_time\" content=\"2026-04-21T08:33:50+00:00\" \/>\n<meta property=\"og:image\" content=\"https:\/\/dermo.com\/wp-content\/uploads\/2026\/03\/desinfectantes-industriales-2-1024x640.jpg\" \/>\n<meta name=\"twitter:card\" content=\"summary_large_image\" \/>\n<meta name=\"twitter:label1\" content=\"Dur\u00e9e de lecture estim\u00e9e\" \/>\n\t<meta name=\"twitter:data1\" content=\"2 minutes\" \/>\n<script type=\"application\/ld+json\" class=\"yoast-schema-graph\">{\"@context\":\"https:\/\/schema.org\",\"@graph\":[{\"@type\":\"WebPage\",\"@id\":\"https:\/\/dermo.com\/detergentes-industriales-en-polinya\/\",\"url\":\"https:\/\/dermo.com\/detergentes-industriales-en-polinya\/\",\"name\":\"Detergentes industriales en Poliny\u00e0 | Soluciones profesionales Dermo\",\"isPartOf\":{\"@id\":\"https:\/\/dermo.com\/#website\"},\"primaryImageOfPage\":{\"@id\":\"https:\/\/dermo.com\/detergentes-industriales-en-polinya\/#primaryimage\"},\"image\":{\"@id\":\"https:\/\/dermo.com\/detergentes-industriales-en-polinya\/#primaryimage\"},\"thumbnailUrl\":\"https:\/\/dermo.com\/wp-content\/uploads\/2026\/03\/desinfectantes-industriales-2-1024x640.jpg\",\"datePublished\":\"2026-04-21T08:30:47+00:00\",\"dateModified\":\"2026-04-21T08:33:50+00:00\",\"description\":\"Descubre detergentes industriales en Poliny\u00e0 de alta calidad. En Dermo ofrecemos soluciones eficaces, seguras y adaptadas a cada sector. Cont\u00e1ctanos.\",\"breadcrumb\":{\"@id\":\"https:\/\/dermo.com\/detergentes-industriales-en-polinya\/#breadcrumb\"},\"inLanguage\":\"fr-FR\",\"potentialAction\":[{\"@type\":\"ReadAction\",\"target\":[\"https:\/\/dermo.com\/detergentes-industriales-en-polinya\/\"]}]},{\"@type\":\"ImageObject\",\"inLanguage\":\"fr-FR\",\"@id\":\"https:\/\/dermo.com\/detergentes-industriales-en-polinya\/#primaryimage\",\"url\":\"https:\/\/dermo.com\/wp-content\/uploads\/2026\/03\/desinfectantes-industriales-2-1024x640.jpg\",\"contentUrl\":\"https:\/\/dermo.com\/wp-content\/uploads\/2026\/03\/desinfectantes-industriales-2-1024x640.jpg\"},{\"@type\":\"BreadcrumbList\",\"@id\":\"https:\/\/dermo.com\/detergentes-industriales-en-polinya\/#breadcrumb\",\"itemListElement\":[{\"@type\":\"ListItem\",\"position\":1,\"name\":\"Portada\",\"item\":\"https:\/\/dermo.com\/\"},{\"@type\":\"ListItem\",\"position\":2,\"name\":\"Detergentes industriales en Poliny\u00e0\"}]},{\"@type\":\"WebSite\",\"@id\":\"https:\/\/dermo.com\/#website\",\"url\":\"https:\/\/dermo.com\/\",\"name\":\"Dermo | F\u00e1brica de detergentes\",\"description\":\"Tecnolog\u00eda avanzada, investigaci\u00f3n y desarrollo, respeto por el medio ambiente, competencia, formaci\u00f3n constante y alto nivel de profesionalidad en nuestro equipo humano, empe\u00f1ado en preservar la calidad de vida, la protecci\u00f3n del entorno natural contin\u00faan motiv\u00e1ndonos para desarrollar en nuestros laboratorios nuevos productos con ingredientes activos altamente biodegradables que hacen posible un desarrollo sostenible.\",\"potentialAction\":[{\"@type\":\"SearchAction\",\"target\":{\"@type\":\"EntryPoint\",\"urlTemplate\":\"https:\/\/dermo.com\/?s={search_term_string}\"},\"query-input\":{\"@type\":\"PropertyValueSpecification\",\"valueRequired\":true,\"valueName\":\"search_term_string\"}}],\"inLanguage\":\"fr-FR\"}]}<\/script>\n<!-- \/ Yoast SEO plugin. -->","yoast_head_json":{"title":"Detergentes industriales en Poliny\u00e0 | Soluciones profesionales Dermo","description":"Descubre detergentes industriales en Poliny\u00e0 de alta calidad. En Dermo ofrecemos soluciones eficaces, seguras y adaptadas a cada sector. Cont\u00e1ctanos.","robots":{"index":"index","follow":"follow","max-snippet":"max-snippet:-1","max-image-preview":"max-image-preview:large","max-video-preview":"max-video-preview:-1"},"canonical":"https:\/\/dermo.com\/fr\/detergentes-industriales-en-polinya\/","og_locale":"fr_FR","og_type":"article","og_title":"Detergentes industriales en Poliny\u00e0 | Soluciones profesionales Dermo","og_description":"Descubre detergentes industriales en Poliny\u00e0 de alta calidad. En Dermo ofrecemos soluciones eficaces, seguras y adaptadas a cada sector. Cont\u00e1ctanos.","og_url":"https:\/\/dermo.com\/fr\/detergentes-industriales-en-polinya\/","og_site_name":"Dermo | F\u00e1brica de detergentes","article_modified_time":"2026-04-21T08:33:50+00:00","og_image":[{"url":"https:\/\/dermo.com\/wp-content\/uploads\/2026\/03\/desinfectantes-industriales-2-1024x640.jpg","type":"","width":"","height":""}],"twitter_card":"summary_large_image","twitter_misc":{"Dur\u00e9e de lecture estim\u00e9e":"2 minutes"},"schema":{"@context":"https:\/\/schema.org","@graph":[{"@type":"WebPage","@id":"https:\/\/dermo.com\/detergentes-industriales-en-polinya\/","url":"https:\/\/dermo.com\/detergentes-industriales-en-polinya\/","name":"Detergentes industriales en Poliny\u00e0 | Soluciones profesionales Dermo","isPartOf":{"@id":"https:\/\/dermo.com\/#website"},"primaryImageOfPage":{"@id":"https:\/\/dermo.com\/detergentes-industriales-en-polinya\/#primaryimage"},"image":{"@id":"https:\/\/dermo.com\/detergentes-industriales-en-polinya\/#primaryimage"},"thumbnailUrl":"https:\/\/dermo.com\/wp-content\/uploads\/2026\/03\/desinfectantes-industriales-2-1024x640.jpg","datePublished":"2026-04-21T08:30:47+00:00","dateModified":"2026-04-21T08:33:50+00:00","description":"Descubre detergentes industriales en Poliny\u00e0 de alta calidad. En Dermo ofrecemos soluciones eficaces, seguras y adaptadas a cada sector. Cont\u00e1ctanos.","breadcrumb":{"@id":"https:\/\/dermo.com\/detergentes-industriales-en-polinya\/#breadcrumb"},"inLanguage":"fr-FR","potentialAction":[{"@type":"ReadAction","target":["https:\/\/dermo.com\/detergentes-industriales-en-polinya\/"]}]},{"@type":"ImageObject","inLanguage":"fr-FR","@id":"https:\/\/dermo.com\/detergentes-industriales-en-polinya\/#primaryimage","url":"https:\/\/dermo.com\/wp-content\/uploads\/2026\/03\/desinfectantes-industriales-2-1024x640.jpg","contentUrl":"https:\/\/dermo.com\/wp-content\/uploads\/2026\/03\/desinfectantes-industriales-2-1024x640.jpg"},{"@type":"BreadcrumbList","@id":"https:\/\/dermo.com\/detergentes-industriales-en-polinya\/#breadcrumb","itemListElement":[{"@type":"ListItem","position":1,"name":"Portada","item":"https:\/\/dermo.com\/"},{"@type":"ListItem","position":2,"name":"Detergentes industriales en Poliny\u00e0"}]},{"@type":"WebSite","@id":"https:\/\/dermo.com\/#website","url":"https:\/\/dermo.com\/","name":"Dermo | usine de d\u00e9tergents","description":"Technologie avanc\u00e9e, recherche et d\u00e9veloppement, respect de l&#039;environnement, comp\u00e9tence, formation constante et haut niveau de professionnalisme de notre \u00e9quipe humaine, engag\u00e9e \u00e0 pr\u00e9server la qualit\u00e9 de vie, la protection de l&#039;environnement naturel continuent de nous motiver \u00e0 d\u00e9velopper de nouveaux produits dans notre laboratoires aux principes actifs hautement biod\u00e9gradables qui rendent possible le d\u00e9veloppement durable.","potentialAction":[{"@type":"SearchAction","target":{"@type":"EntryPoint","urlTemplate":"https:\/\/dermo.com\/?s={search_term_string}"},"query-input":{"@type":"PropertyValueSpecification","valueRequired":true,"valueName":"search_term_string"}}],"inLanguage":"fr-FR"}]}},"_links":{"self":[{"href":"https:\/\/dermo.com\/fr\/wp-json\/wp\/v2\/pages\/14643","targetHints":{"allow":["GET"]}}],"collection":[{"href":"https:\/\/dermo.com\/fr\/wp-json\/wp\/v2\/pages"}],"about":[{"href":"https:\/\/dermo.com\/fr\/wp-json\/wp\/v2\/types\/page"}],"author":[{"embeddable":true,"href":"https:\/\/dermo.com\/fr\/wp-json\/wp\/v2\/users\/2"}],"replies":[{"embeddable":true,"href":"https:\/\/dermo.com\/fr\/wp-json\/wp\/v2\/comments?post=14643"}],"version-history":[{"count":7,"href":"https:\/\/dermo.com\/fr\/wp-json\/wp\/v2\/pages\/14643\/revisions"}],"predecessor-version":[{"id":14650,"href":"https:\/\/dermo.com\/fr\/wp-json\/wp\/v2\/pages\/14643\/revisions\/14650"}],"wp:attachment":[{"href":"https:\/\/dermo.com\/fr\/wp-json\/wp\/v2\/media?parent=14643"}],"curies":[{"name":"wp","href":"https:\/\/api.w.org\/{rel}","templated":true}]}}