{"id":2569,"date":"2015-05-18T14:01:21","date_gmt":"2015-05-18T14:01:21","guid":{"rendered":"https:\/\/dermo.ultbit.com\/producto\/diamant\/"},"modified":"2025-04-01T13:07:48","modified_gmt":"2025-04-01T11:07:48","slug":"diamant","status":"publish","type":"product","link":"https:\/\/dermo.com\/fr\/catalogue\/diamant\/","title":{"rendered":"Diamant. Lava-vaisselle manual"},"content":{"rendered":"<p><strong>MODE D'EMPLOI:<\/strong><br \/>\nDoser du 10 au 15 g\/L sur une \u00e9ponge ou un chiffon, ou directement dans l\u2019eau de l\u2019\u00e9vier.<\/p>\n<p><strong>CARACT\u00c9RISTIQUES TECHNIQUES<\/strong><br \/>\nAspect: Liquide dense.<br \/>\nColeur: Vert<br \/>\nOdeur : Parfum.<br \/>\npH pur\u00a0: 6,2 \u2013 7,2<br \/>\nSolubilit\u00e9 dans eau: Soluble<br \/>\nConcentration de substance active\u00a0: 13\u00a0-16%<\/p>\n<p><strong>COMPOSITION<\/strong><br \/>\nTensioactifs anioniques, neutralisant, \u00e9paississant, parfum, colorant et conservateur.<\/p>\n<p><strong>PR\u00c9SENTATION<\/strong><br \/>\nEmballage de plastique:<\/p>\n<table style=\"border-collapse: collapse; width: 96pt;\" border=\"0\" width=\"128\" cellspacing=\"0\" cellpadding=\"0\">\n<tbody>\n<tr style=\"height: 30.0pt;\">\n<td style=\"height: 30.0pt; width: 48pt;\" width=\"64\" height=\"40\">FORMAT<\/td>\n<td style=\"width: 48pt;\" width=\"64\">5 kg<\/td>\n<\/tr>\n<tr style=\"height: 30.0pt;\">\n<td style=\"height: 30.0pt;\" height=\"40\">CODE<\/td>\n<td>003DIA05<\/td>\n<\/tr>\n<\/tbody>\n<\/table>\n<p>&nbsp;<\/p>\n<p><strong>S\u00c9CURIT\u00c9 \/ TOXICOLOGIE<\/strong><br \/>\nProvoque une grave irritation des yeux. Tenir hors de port\u00e9e des enfants. En cas d&#039;accident,<br \/>\nconsulter le Service d&#039;Information M\u00e9dicale Toxicologique. T\u00e9l. : 915 620 420.<\/p>\n<p><strong>INFORMATIONS COMPL\u00c9MENTAIRES<\/strong><br \/>\nPRODUIT INDUSTRIEL. UTILISATION PROFESSIONNELLE.<\/p>","protected":false},"excerpt":{"rendered":"<h3><\/h3>\n<p class=\"Estndar\">Lave-vaisselle manuel \u00e0 usage g\u00e9n\u00e9ral pour verres, ustensiles de cuisine, couverts, casseroles et ustensiles similaires. \u00c9limine la graisse et les r\u00e9sidus alimentaires en laissant une brillance sans traces.<\/p>","protected":false},"featured_media":4001,"template":"","meta":{"neve_meta_sidebar":"","neve_meta_container":"","neve_meta_enable_content_width":"off","neve_meta_content_width":100,"neve_meta_title_alignment":"","neve_meta_author_avatar":"","neve_post_elements_order":"","neve_meta_disable_header":"","neve_meta_disable_footer":"","neve_meta_disable_title":""},"product_brand":[],"product_cat":[1095,372,370,371,374],"product_tag":[],"class_list":{"0":"post-2569","1":"product","2":"type-product","3":"status-publish","4":"has-post-thumbnail","6":"product_cat-escuelas-sectores","7":"product_cat-geriatricos","8":"product_cat-hoteles","9":"product_cat-lavavajillas-manual","10":"product_cat-restauracion","12":"first","13":"instock","14":"shipping-taxable","15":"product-type-simple"},"yoast_head":"<!-- This site is optimized with the Yoast SEO plugin v27.0 - https:\/\/yoast.com\/product\/yoast-seo-wordpress\/ -->\n<title>Diamant. Lavavajillas manual - Dermo | F\u00e1brica de detergentes<\/title>\n<meta name=\"robots\" content=\"index, follow, max-snippet:-1, max-image-preview:large, max-video-preview:-1\" \/>\n<link rel=\"canonical\" href=\"https:\/\/dermo.com\/fr\/catalogue\/diamant\/\" \/>\n<meta property=\"og:locale\" content=\"fr_FR\" \/>\n<meta property=\"og:type\" content=\"article\" \/>\n<meta property=\"og:title\" content=\"Diamant. Lavavajillas manual - Dermo | F\u00e1brica de detergentes\" \/>\n<meta property=\"og:description\" content=\"Lavavajillas manual de uso general para cristaler\u00edas, bater\u00edas de cocina, cuberter\u00edas, ollas y utensilios similares. Elimina la grasa y los restos de comida dejando brillo sin marcas.\" \/>\n<meta property=\"og:url\" content=\"https:\/\/dermo.com\/fr\/catalogue\/diamant\/\" \/>\n<meta property=\"og:site_name\" content=\"Dermo | F\u00e1brica de detergentes\" \/>\n<meta property=\"article:modified_time\" content=\"2025-04-01T11:07:48+00:00\" \/>\n<meta property=\"og:image\" content=\"https:\/\/dermo.com\/wp-content\/uploads\/2015\/05\/DL-21-Acibac-36.png\" \/>\n\t<meta property=\"og:image:width\" content=\"768\" \/>\n\t<meta property=\"og:image:height\" content=\"823\" \/>\n\t<meta property=\"og:image:type\" content=\"image\/png\" \/>\n<meta name=\"twitter:card\" content=\"summary_large_image\" \/>\n<meta name=\"twitter:label1\" content=\"Dur\u00e9e de lecture estim\u00e9e\" \/>\n\t<meta name=\"twitter:data1\" content=\"1 minute\" \/>\n<script type=\"application\/ld+json\" class=\"yoast-schema-graph\">{\"@context\":\"https:\/\/schema.org\",\"@graph\":[{\"@type\":\"WebPage\",\"@id\":\"https:\/\/dermo.com\/catalogo\/diamant\/\",\"url\":\"https:\/\/dermo.com\/catalogo\/diamant\/\",\"name\":\"Diamant. Lavavajillas manual - Dermo | F\u00e1brica de detergentes\",\"isPartOf\":{\"@id\":\"https:\/\/dermo.com\/#website\"},\"primaryImageOfPage\":{\"@id\":\"https:\/\/dermo.com\/catalogo\/diamant\/#primaryimage\"},\"image\":{\"@id\":\"https:\/\/dermo.com\/catalogo\/diamant\/#primaryimage\"},\"thumbnailUrl\":\"https:\/\/dermo.com\/wp-content\/uploads\/2015\/05\/DL-21-Acibac-36.png\",\"datePublished\":\"2015-05-18T14:01:21+00:00\",\"dateModified\":\"2025-04-01T11:07:48+00:00\",\"breadcrumb\":{\"@id\":\"https:\/\/dermo.com\/catalogo\/diamant\/#breadcrumb\"},\"inLanguage\":\"fr-FR\",\"potentialAction\":[{\"@type\":\"ReadAction\",\"target\":[\"https:\/\/dermo.com\/catalogo\/diamant\/\"]}]},{\"@type\":\"ImageObject\",\"inLanguage\":\"fr-FR\",\"@id\":\"https:\/\/dermo.com\/catalogo\/diamant\/#primaryimage\",\"url\":\"https:\/\/dermo.com\/wp-content\/uploads\/2015\/05\/DL-21-Acibac-36.png\",\"contentUrl\":\"https:\/\/dermo.com\/wp-content\/uploads\/2015\/05\/DL-21-Acibac-36.png\",\"width\":768,\"height\":823},{\"@type\":\"BreadcrumbList\",\"@id\":\"https:\/\/dermo.com\/catalogo\/diamant\/#breadcrumb\",\"itemListElement\":[{\"@type\":\"ListItem\",\"position\":1,\"name\":\"Portada\",\"item\":\"https:\/\/dermo.com\/\"},{\"@type\":\"ListItem\",\"position\":2,\"name\":\"Tienda\",\"item\":\"https:\/\/dermo.com\/tienda\/\"},{\"@type\":\"ListItem\",\"position\":3,\"name\":\"Diamant. Lavavajillas manual\"}]},{\"@type\":\"WebSite\",\"@id\":\"https:\/\/dermo.com\/#website\",\"url\":\"https:\/\/dermo.com\/\",\"name\":\"Dermo | F\u00e1brica de detergentes\",\"description\":\"Tecnolog\u00eda avanzada, investigaci\u00f3n y desarrollo, respeto por el medio ambiente, competencia, formaci\u00f3n constante y alto nivel de profesionalidad en nuestro equipo humano, empe\u00f1ado en preservar la calidad de vida, la protecci\u00f3n del entorno natural contin\u00faan motiv\u00e1ndonos para desarrollar en nuestros laboratorios nuevos productos con ingredientes activos altamente biodegradables que hacen posible un desarrollo sostenible.\",\"potentialAction\":[{\"@type\":\"SearchAction\",\"target\":{\"@type\":\"EntryPoint\",\"urlTemplate\":\"https:\/\/dermo.com\/?s={search_term_string}\"},\"query-input\":{\"@type\":\"PropertyValueSpecification\",\"valueRequired\":true,\"valueName\":\"search_term_string\"}}],\"inLanguage\":\"fr-FR\"}]}<\/script>\n<!-- \/ Yoast SEO plugin. -->","yoast_head_json":{"title":"Diamant Lave-vaisselle manuel - Dermo | usine de d\u00e9tergents","robots":{"index":"index","follow":"follow","max-snippet":"max-snippet:-1","max-image-preview":"max-image-preview:large","max-video-preview":"max-video-preview:-1"},"canonical":"https:\/\/dermo.com\/fr\/catalogue\/diamant\/","og_locale":"fr_FR","og_type":"article","og_title":"Diamant. Lavavajillas manual - Dermo | F\u00e1brica de detergentes","og_description":"Lavavajillas manual de uso general para cristaler\u00edas, bater\u00edas de cocina, cuberter\u00edas, ollas y utensilios similares. Elimina la grasa y los restos de comida dejando brillo sin marcas.","og_url":"https:\/\/dermo.com\/fr\/catalogue\/diamant\/","og_site_name":"Dermo | F\u00e1brica de detergentes","article_modified_time":"2025-04-01T11:07:48+00:00","og_image":[{"width":768,"height":823,"url":"https:\/\/dermo.com\/wp-content\/uploads\/2015\/05\/DL-21-Acibac-36.png","type":"image\/png"}],"twitter_card":"summary_large_image","twitter_misc":{"Dur\u00e9e de lecture estim\u00e9e":"1 minute"},"schema":{"@context":"https:\/\/schema.org","@graph":[{"@type":"WebPage","@id":"https:\/\/dermo.com\/catalogo\/diamant\/","url":"https:\/\/dermo.com\/catalogo\/diamant\/","name":"Diamant Lave-vaisselle manuel - Dermo | usine de d\u00e9tergents","isPartOf":{"@id":"https:\/\/dermo.com\/#website"},"primaryImageOfPage":{"@id":"https:\/\/dermo.com\/catalogo\/diamant\/#primaryimage"},"image":{"@id":"https:\/\/dermo.com\/catalogo\/diamant\/#primaryimage"},"thumbnailUrl":"https:\/\/dermo.com\/wp-content\/uploads\/2015\/05\/DL-21-Acibac-36.png","datePublished":"2015-05-18T14:01:21+00:00","dateModified":"2025-04-01T11:07:48+00:00","breadcrumb":{"@id":"https:\/\/dermo.com\/catalogo\/diamant\/#breadcrumb"},"inLanguage":"fr-FR","potentialAction":[{"@type":"ReadAction","target":["https:\/\/dermo.com\/catalogo\/diamant\/"]}]},{"@type":"ImageObject","inLanguage":"fr-FR","@id":"https:\/\/dermo.com\/catalogo\/diamant\/#primaryimage","url":"https:\/\/dermo.com\/wp-content\/uploads\/2015\/05\/DL-21-Acibac-36.png","contentUrl":"https:\/\/dermo.com\/wp-content\/uploads\/2015\/05\/DL-21-Acibac-36.png","width":768,"height":823},{"@type":"BreadcrumbList","@id":"https:\/\/dermo.com\/catalogo\/diamant\/#breadcrumb","itemListElement":[{"@type":"ListItem","position":1,"name":"Portada","item":"https:\/\/dermo.com\/"},{"@type":"ListItem","position":2,"name":"Tienda","item":"https:\/\/dermo.com\/tienda\/"},{"@type":"ListItem","position":3,"name":"Diamant. Lavavajillas manual"}]},{"@type":"WebSite","@id":"https:\/\/dermo.com\/#website","url":"https:\/\/dermo.com\/","name":"Dermo | usine de d\u00e9tergents","description":"Technologie avanc\u00e9e, recherche et d\u00e9veloppement, respect de l&#039;environnement, comp\u00e9tence, formation constante et haut niveau de professionnalisme de notre \u00e9quipe humaine, engag\u00e9e \u00e0 pr\u00e9server la qualit\u00e9 de vie, la protection de l&#039;environnement naturel continuent de nous motiver \u00e0 d\u00e9velopper de nouveaux produits dans notre laboratoires aux principes actifs hautement biod\u00e9gradables qui rendent possible le d\u00e9veloppement durable.","potentialAction":[{"@type":"SearchAction","target":{"@type":"EntryPoint","urlTemplate":"https:\/\/dermo.com\/?s={search_term_string}"},"query-input":{"@type":"PropertyValueSpecification","valueRequired":true,"valueName":"search_term_string"}}],"inLanguage":"fr-FR"}]}},"_links":{"self":[{"href":"https:\/\/dermo.com\/fr\/wp-json\/wp\/v2\/product\/2569","targetHints":{"allow":["GET"]}}],"collection":[{"href":"https:\/\/dermo.com\/fr\/wp-json\/wp\/v2\/product"}],"about":[{"href":"https:\/\/dermo.com\/fr\/wp-json\/wp\/v2\/types\/product"}],"wp:featuredmedia":[{"embeddable":true,"href":"https:\/\/dermo.com\/fr\/wp-json\/wp\/v2\/media\/4001"}],"wp:attachment":[{"href":"https:\/\/dermo.com\/fr\/wp-json\/wp\/v2\/media?parent=2569"}],"wp:term":[{"taxonomy":"product_brand","embeddable":true,"href":"https:\/\/dermo.com\/fr\/wp-json\/wp\/v2\/product_brand?post=2569"},{"taxonomy":"product_cat","embeddable":true,"href":"https:\/\/dermo.com\/fr\/wp-json\/wp\/v2\/product_cat?post=2569"},{"taxonomy":"product_tag","embeddable":true,"href":"https:\/\/dermo.com\/fr\/wp-json\/wp\/v2\/product_tag?post=2569"}],"curies":[{"name":"wp","href":"https:\/\/api.w.org\/{rel}","templated":true}]}}