{"id":2577,"date":"2015-07-27T10:48:45","date_gmt":"2015-07-27T10:48:45","guid":{"rendered":"https:\/\/dermo.ultbit.com\/producto\/astroderm\/"},"modified":"2024-09-06T12:58:57","modified_gmt":"2024-09-06T10:58:57","slug":"astroderme","status":"publish","type":"product","link":"https:\/\/dermo.com\/fr\/catalogue\/astroderme\/","title":{"rendered":"Astroderm. D\u00e9tergent liquide"},"content":{"rendered":"<p><strong>MODE D'EMPLOI:<\/strong><br \/>\nDoser de 15 \u00e0 25 g du Astroderm par kg de linge sec.<\/p>\n<p><strong>CARACT\u00c9RISTIQUES TECHNIQUES :<\/strong><br \/>\nAspect: Liquide.<br \/>\nColeur: Bleu<br \/>\nOdeur : Jasmin.<br \/>\npH pure: 7,5 -8.5<br \/>\nSolubilit\u00e9 dans eau: Soluble.<br \/>\nConcentratin en substance active: 15-20%<\/p>\n<p><strong>PR\u00c9SENTATION:<\/strong><br \/>\nEmballage de plastique:<\/p>\n<table>\n<tbody>\n<tr>\n<td>FORMAT<\/td>\n<td>\u00a0 \u00a0 \u00a0 \u00a05 kg<\/td>\n<\/tr>\n<tr>\n<td>CODE<\/td>\n<td>\u00a0 \u00a0001ASD05<\/td>\n<\/tr>\n<\/tbody>\n<\/table>","protected":false},"excerpt":{"rendered":"<h3>Astroderm<\/h3>\n<p class=\"Estndar\"><span lang=\"es\" xml:lang=\"es\">D\u00e9tergent liquide, pour les v\u00eatements blancs, de mousse contr\u00f4l\u00e9e. D\u00fb \u00e0 sa technique formulation, on peut utiliser m\u00eame dans de hautes que dans baisses temp\u00e9ratures. Il \u00e9limine facilement les taches les plus rebelles et il contient blanchissantes optiques stabilis\u00e9es. Sp\u00e9ciale pour dosage automatique. Ne pas utiliser dans des v\u00eatements, de laine et soie.<\/span><\/p>\n<p class=\"Estndar\"><span lang=\"es\" xml:lang=\"es\">Il \u00e9limine facilement les taches les plus tenaces et contient des azurants optiques stabilis\u00e9s. Indiqu\u00e9 pour le dosage automatique. Ne pas utiliser sur des v\u00eatements en laine et en soie.<\/span><\/p>","protected":false},"featured_media":2576,"template":"","meta":{"neve_meta_sidebar":"","neve_meta_container":"","neve_meta_enable_content_width":"off","neve_meta_content_width":100,"neve_meta_title_alignment":"","neve_meta_author_avatar":"","neve_post_elements_order":"","neve_meta_disable_header":"","neve_meta_disable_footer":"","neve_meta_disable_title":""},"product_brand":[],"product_cat":[391,369],"product_tag":[],"class_list":{"0":"post-2577","1":"product","2":"type-product","3":"status-publish","4":"has-post-thumbnail","6":"product_cat-detergente-liquido","7":"product_cat-lavanderia","9":"first","10":"instock","11":"shipping-taxable","12":"product-type-simple"},"yoast_head":"<!-- This site is optimized with the Yoast SEO plugin v27.0 - https:\/\/yoast.com\/product\/yoast-seo-wordpress\/ -->\n<title>Astroderm. Detergente l\u00edquido - Dermo | F\u00e1brica de detergentes<\/title>\n<meta name=\"robots\" content=\"index, follow, max-snippet:-1, max-image-preview:large, max-video-preview:-1\" \/>\n<link rel=\"canonical\" href=\"https:\/\/dermo.com\/fr\/catalogue\/astroderme\/\" \/>\n<meta property=\"og:locale\" content=\"fr_FR\" \/>\n<meta property=\"og:type\" content=\"article\" \/>\n<meta property=\"og:title\" content=\"Astroderm. Detergente l\u00edquido - Dermo | F\u00e1brica de detergentes\" \/>\n<meta property=\"og:description\" content=\"Astroderm Detergente l\u00edquido para ropa blanca, de espuma controlada, que por su tecnificada formulaci\u00f3n puede usarse tanto en altas como en bajas temperaturas. Elimina con facilidad las manchas mas rebeldes y contiene blanqueantes \u00f3pticos estabilizados. Indicado para dosificaci\u00f3n autom\u00e1tica. No usar en prendas de lana y seda.\" \/>\n<meta property=\"og:url\" content=\"https:\/\/dermo.com\/fr\/catalogue\/astroderme\/\" \/>\n<meta property=\"og:site_name\" content=\"Dermo | F\u00e1brica de detergentes\" \/>\n<meta property=\"article:modified_time\" content=\"2024-09-06T10:58:57+00:00\" \/>\n<meta property=\"og:image\" content=\"https:\/\/dermo.com\/wp-content\/uploads\/2015\/07\/63-Astroderm.-Detergente-liquido.jpg\" \/>\n\t<meta property=\"og:image:width\" content=\"768\" \/>\n\t<meta property=\"og:image:height\" content=\"853\" \/>\n\t<meta property=\"og:image:type\" content=\"image\/jpeg\" \/>\n<meta name=\"twitter:card\" content=\"summary_large_image\" \/>\n<meta name=\"twitter:label1\" content=\"Dur\u00e9e de lecture estim\u00e9e\" \/>\n\t<meta name=\"twitter:data1\" content=\"1 minute\" \/>\n<script type=\"application\/ld+json\" class=\"yoast-schema-graph\">{\"@context\":\"https:\/\/schema.org\",\"@graph\":[{\"@type\":\"WebPage\",\"@id\":\"https:\/\/dermo.com\/catalogo\/astroderm\/\",\"url\":\"https:\/\/dermo.com\/catalogo\/astroderm\/\",\"name\":\"Astroderm. Detergente l\u00edquido - Dermo | F\u00e1brica de detergentes\",\"isPartOf\":{\"@id\":\"https:\/\/dermo.com\/#website\"},\"primaryImageOfPage\":{\"@id\":\"https:\/\/dermo.com\/catalogo\/astroderm\/#primaryimage\"},\"image\":{\"@id\":\"https:\/\/dermo.com\/catalogo\/astroderm\/#primaryimage\"},\"thumbnailUrl\":\"https:\/\/dermo.com\/wp-content\/uploads\/2015\/07\/63-Astroderm.-Detergente-liquido.jpg\",\"datePublished\":\"2015-07-27T10:48:45+00:00\",\"dateModified\":\"2024-09-06T10:58:57+00:00\",\"breadcrumb\":{\"@id\":\"https:\/\/dermo.com\/catalogo\/astroderm\/#breadcrumb\"},\"inLanguage\":\"fr-FR\",\"potentialAction\":[{\"@type\":\"ReadAction\",\"target\":[\"https:\/\/dermo.com\/catalogo\/astroderm\/\"]}]},{\"@type\":\"ImageObject\",\"inLanguage\":\"fr-FR\",\"@id\":\"https:\/\/dermo.com\/catalogo\/astroderm\/#primaryimage\",\"url\":\"https:\/\/dermo.com\/wp-content\/uploads\/2015\/07\/63-Astroderm.-Detergente-liquido.jpg\",\"contentUrl\":\"https:\/\/dermo.com\/wp-content\/uploads\/2015\/07\/63-Astroderm.-Detergente-liquido.jpg\",\"width\":768,\"height\":853,\"caption\":\"Astroderm. Detergente l\u00edquido\"},{\"@type\":\"BreadcrumbList\",\"@id\":\"https:\/\/dermo.com\/catalogo\/astroderm\/#breadcrumb\",\"itemListElement\":[{\"@type\":\"ListItem\",\"position\":1,\"name\":\"Portada\",\"item\":\"https:\/\/dermo.com\/\"},{\"@type\":\"ListItem\",\"position\":2,\"name\":\"Tienda\",\"item\":\"https:\/\/dermo.com\/tienda\/\"},{\"@type\":\"ListItem\",\"position\":3,\"name\":\"Astroderm. Detergente l\u00edquido\"}]},{\"@type\":\"WebSite\",\"@id\":\"https:\/\/dermo.com\/#website\",\"url\":\"https:\/\/dermo.com\/\",\"name\":\"Dermo | F\u00e1brica de detergentes\",\"description\":\"Tecnolog\u00eda avanzada, investigaci\u00f3n y desarrollo, respeto por el medio ambiente, competencia, formaci\u00f3n constante y alto nivel de profesionalidad en nuestro equipo humano, empe\u00f1ado en preservar la calidad de vida, la protecci\u00f3n del entorno natural contin\u00faan motiv\u00e1ndonos para desarrollar en nuestros laboratorios nuevos productos con ingredientes activos altamente biodegradables que hacen posible un desarrollo sostenible.\",\"potentialAction\":[{\"@type\":\"SearchAction\",\"target\":{\"@type\":\"EntryPoint\",\"urlTemplate\":\"https:\/\/dermo.com\/?s={search_term_string}\"},\"query-input\":{\"@type\":\"PropertyValueSpecification\",\"valueRequired\":true,\"valueName\":\"search_term_string\"}}],\"inLanguage\":\"fr-FR\"}]}<\/script>\n<!-- \/ Yoast SEO plugin. -->","yoast_head_json":{"title":"Astroderme. D\u00e9tergent liquide - Dermo | usine de d\u00e9tergents","robots":{"index":"index","follow":"follow","max-snippet":"max-snippet:-1","max-image-preview":"max-image-preview:large","max-video-preview":"max-video-preview:-1"},"canonical":"https:\/\/dermo.com\/fr\/catalogue\/astroderme\/","og_locale":"fr_FR","og_type":"article","og_title":"Astroderm. Detergente l\u00edquido - Dermo | F\u00e1brica de detergentes","og_description":"Astroderm Detergente l\u00edquido para ropa blanca, de espuma controlada, que por su tecnificada formulaci\u00f3n puede usarse tanto en altas como en bajas temperaturas. Elimina con facilidad las manchas mas rebeldes y contiene blanqueantes \u00f3pticos estabilizados. Indicado para dosificaci\u00f3n autom\u00e1tica. No usar en prendas de lana y seda.","og_url":"https:\/\/dermo.com\/fr\/catalogue\/astroderme\/","og_site_name":"Dermo | F\u00e1brica de detergentes","article_modified_time":"2024-09-06T10:58:57+00:00","og_image":[{"width":768,"height":853,"url":"https:\/\/dermo.com\/wp-content\/uploads\/2015\/07\/63-Astroderm.-Detergente-liquido.jpg","type":"image\/jpeg"}],"twitter_card":"summary_large_image","twitter_misc":{"Dur\u00e9e de lecture estim\u00e9e":"1 minute"},"schema":{"@context":"https:\/\/schema.org","@graph":[{"@type":"WebPage","@id":"https:\/\/dermo.com\/catalogo\/astroderm\/","url":"https:\/\/dermo.com\/catalogo\/astroderm\/","name":"Astroderme. D\u00e9tergent liquide - Dermo | usine de d\u00e9tergents","isPartOf":{"@id":"https:\/\/dermo.com\/#website"},"primaryImageOfPage":{"@id":"https:\/\/dermo.com\/catalogo\/astroderm\/#primaryimage"},"image":{"@id":"https:\/\/dermo.com\/catalogo\/astroderm\/#primaryimage"},"thumbnailUrl":"https:\/\/dermo.com\/wp-content\/uploads\/2015\/07\/63-Astroderm.-Detergente-liquido.jpg","datePublished":"2015-07-27T10:48:45+00:00","dateModified":"2024-09-06T10:58:57+00:00","breadcrumb":{"@id":"https:\/\/dermo.com\/catalogo\/astroderm\/#breadcrumb"},"inLanguage":"fr-FR","potentialAction":[{"@type":"ReadAction","target":["https:\/\/dermo.com\/catalogo\/astroderm\/"]}]},{"@type":"ImageObject","inLanguage":"fr-FR","@id":"https:\/\/dermo.com\/catalogo\/astroderm\/#primaryimage","url":"https:\/\/dermo.com\/wp-content\/uploads\/2015\/07\/63-Astroderm.-Detergente-liquido.jpg","contentUrl":"https:\/\/dermo.com\/wp-content\/uploads\/2015\/07\/63-Astroderm.-Detergente-liquido.jpg","width":768,"height":853,"caption":"Astroderm. Detergente l\u00edquido"},{"@type":"BreadcrumbList","@id":"https:\/\/dermo.com\/catalogo\/astroderm\/#breadcrumb","itemListElement":[{"@type":"ListItem","position":1,"name":"Portada","item":"https:\/\/dermo.com\/"},{"@type":"ListItem","position":2,"name":"Tienda","item":"https:\/\/dermo.com\/tienda\/"},{"@type":"ListItem","position":3,"name":"Astroderm. Detergente l\u00edquido"}]},{"@type":"WebSite","@id":"https:\/\/dermo.com\/#website","url":"https:\/\/dermo.com\/","name":"Dermo | usine de d\u00e9tergents","description":"Technologie avanc\u00e9e, recherche et d\u00e9veloppement, respect de l&#039;environnement, comp\u00e9tence, formation constante et haut niveau de professionnalisme de notre \u00e9quipe humaine, engag\u00e9e \u00e0 pr\u00e9server la qualit\u00e9 de vie, la protection de l&#039;environnement naturel continuent de nous motiver \u00e0 d\u00e9velopper de nouveaux produits dans notre laboratoires aux principes actifs hautement biod\u00e9gradables qui rendent possible le d\u00e9veloppement durable.","potentialAction":[{"@type":"SearchAction","target":{"@type":"EntryPoint","urlTemplate":"https:\/\/dermo.com\/?s={search_term_string}"},"query-input":{"@type":"PropertyValueSpecification","valueRequired":true,"valueName":"search_term_string"}}],"inLanguage":"fr-FR"}]}},"_links":{"self":[{"href":"https:\/\/dermo.com\/fr\/wp-json\/wp\/v2\/product\/2577","targetHints":{"allow":["GET"]}}],"collection":[{"href":"https:\/\/dermo.com\/fr\/wp-json\/wp\/v2\/product"}],"about":[{"href":"https:\/\/dermo.com\/fr\/wp-json\/wp\/v2\/types\/product"}],"wp:featuredmedia":[{"embeddable":true,"href":"https:\/\/dermo.com\/fr\/wp-json\/wp\/v2\/media\/2576"}],"wp:attachment":[{"href":"https:\/\/dermo.com\/fr\/wp-json\/wp\/v2\/media?parent=2577"}],"wp:term":[{"taxonomy":"product_brand","embeddable":true,"href":"https:\/\/dermo.com\/fr\/wp-json\/wp\/v2\/product_brand?post=2577"},{"taxonomy":"product_cat","embeddable":true,"href":"https:\/\/dermo.com\/fr\/wp-json\/wp\/v2\/product_cat?post=2577"},{"taxonomy":"product_tag","embeddable":true,"href":"https:\/\/dermo.com\/fr\/wp-json\/wp\/v2\/product_tag?post=2577"}],"curies":[{"name":"wp","href":"https:\/\/api.w.org\/{rel}","templated":true}]}}