{"id":2579,"date":"2015-07-27T10:57:14","date_gmt":"2015-07-27T10:57:14","guid":{"rendered":"https:\/\/dermo.ultbit.com\/producto\/l-100\/"},"modified":"2025-04-01T13:19:15","modified_gmt":"2025-04-01T11:19:15","slug":"l-100","status":"publish","type":"product","link":"https:\/\/dermo.com\/fr\/catalogue\/l-100\/","title":{"rendered":"L-100. Lave-vaisselle manuel"},"content":{"rendered":"<p><strong>MODE D'EMPLOI:<\/strong><br \/>\nVerser une cuiill\u00e8re de produit pour 5 litres d\u2019eau.<br \/>\nGr\u00e2ce \u00e0 son fort pouvoir d\u00e9graissant, il a d\u2019autres applications domestiques.<br \/>\nCarreaux : Verser une demi-cuill\u00e8re pour 5 litres d\u2019eau.<br \/>\nLavage des carrosseries : Verser 3 cuill\u00e8res \u00e0 soupe pour 5 litres d&#039;eau.<br \/>\nNettoyage de tous types de sols et surfaces : Verser \u00bd cuill\u00e8re \u00e0 soupe dans 5 litres d&#039;eau.<\/p>\n<p><strong>CARACT\u00c9RISTIQUES TECHNIQUES :<\/strong><br \/>\nAspect: Liquide dense.<br \/>\nColeur: Vert<br \/>\nOdeur : Citron.<br \/>\npH pur : 6,5 -7,5.<br \/>\nSolubilit\u00e9 dans eau: Soluble.<br \/>\nConcentration de substance active : 9 \u2013 11%<\/p>\n<p><strong>PR\u00c9SENTATION:<\/strong><br \/>\nEmballages de plastique:<\/p>\n<table>\n<tbody>\n<tr>\n<td>FORMAT<\/td>\n<td>\u00a0 \u00a0 \u00a0 5 kg<\/td>\n<\/tr>\n<tr>\n<td>CODE<\/td>\n<td>\u00a0 003VNO05<\/td>\n<\/tr>\n<\/tbody>\n<\/table>","protected":false},"excerpt":{"rendered":"<h3><\/h3>\n<p class=\"Estndar\"><span lang=\"es\" xml:lang=\"es\">Lave-vaisselle. Il \u00e9limine la graisse de tous les ustensiles de cuisine, assiettes, verres, po\u00eales, etc. <\/span><\/p>\n<p class=\"Estndar\"><span lang=\"es\" xml:lang=\"es\">Sans besoins de s\u00e9cher, ils restent brillants et libres d\u2019empreintes.<\/span><\/p>","protected":false},"featured_media":3999,"template":"","meta":{"neve_meta_sidebar":"","neve_meta_container":"","neve_meta_enable_content_width":"off","neve_meta_content_width":100,"neve_meta_title_alignment":"","neve_meta_author_avatar":"","neve_post_elements_order":"","neve_meta_disable_header":"","neve_meta_disable_footer":"","neve_meta_disable_title":""},"product_brand":[],"product_cat":[371],"product_tag":[],"class_list":{"0":"post-2579","1":"product","2":"type-product","3":"status-publish","4":"has-post-thumbnail","6":"product_cat-lavavajillas-manual","8":"first","9":"instock","10":"shipping-taxable","11":"product-type-simple"},"yoast_head":"<!-- This site is optimized with the Yoast SEO plugin v27.0 - https:\/\/yoast.com\/product\/yoast-seo-wordpress\/ -->\n<title>L-100. Lavavajillas manual - Dermo | F\u00e1brica de detergentes<\/title>\n<meta name=\"robots\" content=\"index, follow, max-snippet:-1, max-image-preview:large, max-video-preview:-1\" \/>\n<link rel=\"canonical\" href=\"https:\/\/dermo.com\/fr\/catalogue\/l-100\/\" \/>\n<meta property=\"og:locale\" content=\"fr_FR\" \/>\n<meta property=\"og:type\" content=\"article\" \/>\n<meta property=\"og:title\" content=\"L-100. Lavavajillas manual - Dermo | F\u00e1brica de detergentes\" \/>\n<meta property=\"og:description\" content=\"Lavavajillas l\u00edquido, elimina la grasa de todos los enseres de cocina, platos, vasos, sartenes, etc.  Sin necesidad de secar quedan brillantes y libres de huellas.\" \/>\n<meta property=\"og:url\" content=\"https:\/\/dermo.com\/fr\/catalogue\/l-100\/\" \/>\n<meta property=\"og:site_name\" content=\"Dermo | F\u00e1brica de detergentes\" \/>\n<meta property=\"article:modified_time\" content=\"2025-04-01T11:19:15+00:00\" \/>\n<meta property=\"og:image\" content=\"https:\/\/dermo.com\/wp-content\/uploads\/2015\/07\/DL-21-Acibac-34.png\" \/>\n\t<meta property=\"og:image:width\" content=\"768\" \/>\n\t<meta property=\"og:image:height\" content=\"823\" \/>\n\t<meta property=\"og:image:type\" content=\"image\/png\" \/>\n<meta name=\"twitter:card\" content=\"summary_large_image\" \/>\n<meta name=\"twitter:label1\" content=\"Dur\u00e9e de lecture estim\u00e9e\" \/>\n\t<meta name=\"twitter:data1\" content=\"1 minute\" \/>\n<script type=\"application\/ld+json\" class=\"yoast-schema-graph\">{\"@context\":\"https:\/\/schema.org\",\"@graph\":[{\"@type\":\"WebPage\",\"@id\":\"https:\/\/dermo.com\/catalogo\/l-100\/\",\"url\":\"https:\/\/dermo.com\/catalogo\/l-100\/\",\"name\":\"L-100. Lavavajillas manual - Dermo | F\u00e1brica de detergentes\",\"isPartOf\":{\"@id\":\"https:\/\/dermo.com\/#website\"},\"primaryImageOfPage\":{\"@id\":\"https:\/\/dermo.com\/catalogo\/l-100\/#primaryimage\"},\"image\":{\"@id\":\"https:\/\/dermo.com\/catalogo\/l-100\/#primaryimage\"},\"thumbnailUrl\":\"https:\/\/dermo.com\/wp-content\/uploads\/2015\/07\/DL-21-Acibac-34.png\",\"datePublished\":\"2015-07-27T10:57:14+00:00\",\"dateModified\":\"2025-04-01T11:19:15+00:00\",\"breadcrumb\":{\"@id\":\"https:\/\/dermo.com\/catalogo\/l-100\/#breadcrumb\"},\"inLanguage\":\"fr-FR\",\"potentialAction\":[{\"@type\":\"ReadAction\",\"target\":[\"https:\/\/dermo.com\/catalogo\/l-100\/\"]}]},{\"@type\":\"ImageObject\",\"inLanguage\":\"fr-FR\",\"@id\":\"https:\/\/dermo.com\/catalogo\/l-100\/#primaryimage\",\"url\":\"https:\/\/dermo.com\/wp-content\/uploads\/2015\/07\/DL-21-Acibac-34.png\",\"contentUrl\":\"https:\/\/dermo.com\/wp-content\/uploads\/2015\/07\/DL-21-Acibac-34.png\",\"width\":768,\"height\":823},{\"@type\":\"BreadcrumbList\",\"@id\":\"https:\/\/dermo.com\/catalogo\/l-100\/#breadcrumb\",\"itemListElement\":[{\"@type\":\"ListItem\",\"position\":1,\"name\":\"Portada\",\"item\":\"https:\/\/dermo.com\/\"},{\"@type\":\"ListItem\",\"position\":2,\"name\":\"Tienda\",\"item\":\"https:\/\/dermo.com\/tienda\/\"},{\"@type\":\"ListItem\",\"position\":3,\"name\":\"L-100. Lavavajillas manual\"}]},{\"@type\":\"WebSite\",\"@id\":\"https:\/\/dermo.com\/#website\",\"url\":\"https:\/\/dermo.com\/\",\"name\":\"Dermo | F\u00e1brica de detergentes\",\"description\":\"Tecnolog\u00eda avanzada, investigaci\u00f3n y desarrollo, respeto por el medio ambiente, competencia, formaci\u00f3n constante y alto nivel de profesionalidad en nuestro equipo humano, empe\u00f1ado en preservar la calidad de vida, la protecci\u00f3n del entorno natural contin\u00faan motiv\u00e1ndonos para desarrollar en nuestros laboratorios nuevos productos con ingredientes activos altamente biodegradables que hacen posible un desarrollo sostenible.\",\"potentialAction\":[{\"@type\":\"SearchAction\",\"target\":{\"@type\":\"EntryPoint\",\"urlTemplate\":\"https:\/\/dermo.com\/?s={search_term_string}\"},\"query-input\":{\"@type\":\"PropertyValueSpecification\",\"valueRequired\":true,\"valueName\":\"search_term_string\"}}],\"inLanguage\":\"fr-FR\"}]}<\/script>\n<!-- \/ Yoast SEO plugin. -->","yoast_head_json":{"title":"L-100. Lave-vaisselle manuel - Dermo | usine de d\u00e9tergents","robots":{"index":"index","follow":"follow","max-snippet":"max-snippet:-1","max-image-preview":"max-image-preview:large","max-video-preview":"max-video-preview:-1"},"canonical":"https:\/\/dermo.com\/fr\/catalogue\/l-100\/","og_locale":"fr_FR","og_type":"article","og_title":"L-100. Lavavajillas manual - Dermo | F\u00e1brica de detergentes","og_description":"Lavavajillas l\u00edquido, elimina la grasa de todos los enseres de cocina, platos, vasos, sartenes, etc.  Sin necesidad de secar quedan brillantes y libres de huellas.","og_url":"https:\/\/dermo.com\/fr\/catalogue\/l-100\/","og_site_name":"Dermo | F\u00e1brica de detergentes","article_modified_time":"2025-04-01T11:19:15+00:00","og_image":[{"width":768,"height":823,"url":"https:\/\/dermo.com\/wp-content\/uploads\/2015\/07\/DL-21-Acibac-34.png","type":"image\/png"}],"twitter_card":"summary_large_image","twitter_misc":{"Dur\u00e9e de lecture estim\u00e9e":"1 minute"},"schema":{"@context":"https:\/\/schema.org","@graph":[{"@type":"WebPage","@id":"https:\/\/dermo.com\/catalogo\/l-100\/","url":"https:\/\/dermo.com\/catalogo\/l-100\/","name":"L-100. Lave-vaisselle manuel - Dermo | usine de d\u00e9tergents","isPartOf":{"@id":"https:\/\/dermo.com\/#website"},"primaryImageOfPage":{"@id":"https:\/\/dermo.com\/catalogo\/l-100\/#primaryimage"},"image":{"@id":"https:\/\/dermo.com\/catalogo\/l-100\/#primaryimage"},"thumbnailUrl":"https:\/\/dermo.com\/wp-content\/uploads\/2015\/07\/DL-21-Acibac-34.png","datePublished":"2015-07-27T10:57:14+00:00","dateModified":"2025-04-01T11:19:15+00:00","breadcrumb":{"@id":"https:\/\/dermo.com\/catalogo\/l-100\/#breadcrumb"},"inLanguage":"fr-FR","potentialAction":[{"@type":"ReadAction","target":["https:\/\/dermo.com\/catalogo\/l-100\/"]}]},{"@type":"ImageObject","inLanguage":"fr-FR","@id":"https:\/\/dermo.com\/catalogo\/l-100\/#primaryimage","url":"https:\/\/dermo.com\/wp-content\/uploads\/2015\/07\/DL-21-Acibac-34.png","contentUrl":"https:\/\/dermo.com\/wp-content\/uploads\/2015\/07\/DL-21-Acibac-34.png","width":768,"height":823},{"@type":"BreadcrumbList","@id":"https:\/\/dermo.com\/catalogo\/l-100\/#breadcrumb","itemListElement":[{"@type":"ListItem","position":1,"name":"Portada","item":"https:\/\/dermo.com\/"},{"@type":"ListItem","position":2,"name":"Tienda","item":"https:\/\/dermo.com\/tienda\/"},{"@type":"ListItem","position":3,"name":"L-100. Lavavajillas manual"}]},{"@type":"WebSite","@id":"https:\/\/dermo.com\/#website","url":"https:\/\/dermo.com\/","name":"Dermo | usine de d\u00e9tergents","description":"Technologie avanc\u00e9e, recherche et d\u00e9veloppement, respect de l&#039;environnement, comp\u00e9tence, formation constante et haut niveau de professionnalisme de notre \u00e9quipe humaine, engag\u00e9e \u00e0 pr\u00e9server la qualit\u00e9 de vie, la protection de l&#039;environnement naturel continuent de nous motiver \u00e0 d\u00e9velopper de nouveaux produits dans notre laboratoires aux principes actifs hautement biod\u00e9gradables qui rendent possible le d\u00e9veloppement durable.","potentialAction":[{"@type":"SearchAction","target":{"@type":"EntryPoint","urlTemplate":"https:\/\/dermo.com\/?s={search_term_string}"},"query-input":{"@type":"PropertyValueSpecification","valueRequired":true,"valueName":"search_term_string"}}],"inLanguage":"fr-FR"}]}},"_links":{"self":[{"href":"https:\/\/dermo.com\/fr\/wp-json\/wp\/v2\/product\/2579","targetHints":{"allow":["GET"]}}],"collection":[{"href":"https:\/\/dermo.com\/fr\/wp-json\/wp\/v2\/product"}],"about":[{"href":"https:\/\/dermo.com\/fr\/wp-json\/wp\/v2\/types\/product"}],"wp:featuredmedia":[{"embeddable":true,"href":"https:\/\/dermo.com\/fr\/wp-json\/wp\/v2\/media\/3999"}],"wp:attachment":[{"href":"https:\/\/dermo.com\/fr\/wp-json\/wp\/v2\/media?parent=2579"}],"wp:term":[{"taxonomy":"product_brand","embeddable":true,"href":"https:\/\/dermo.com\/fr\/wp-json\/wp\/v2\/product_brand?post=2579"},{"taxonomy":"product_cat","embeddable":true,"href":"https:\/\/dermo.com\/fr\/wp-json\/wp\/v2\/product_cat?post=2579"},{"taxonomy":"product_tag","embeddable":true,"href":"https:\/\/dermo.com\/fr\/wp-json\/wp\/v2\/product_tag?post=2579"}],"curies":[{"name":"wp","href":"https:\/\/api.w.org\/{rel}","templated":true}]}}