{"id":2583,"date":"2015-07-27T11:23:48","date_gmt":"2015-07-27T11:23:48","guid":{"rendered":"https:\/\/dermo.ultbit.com\/producto\/cleantot-wc\/"},"modified":"2025-03-17T16:49:27","modified_gmt":"2025-03-17T15:49:27","slug":"toilettes-propres","status":"publish","type":"product","link":"https:\/\/dermo.com\/fr\/catalogue\/toilettes-propres\/","title":{"rendered":"Cleantot WC. D\u00e9sincrustant pour WC"},"content":{"rendered":"<p><strong>MODE D'EMPLOI:<\/strong><br \/>\nD\u00fb \u00e0 sa  viscosit\u00e9, il s'applique pur et \u00e0 l'int\u00e9rieur de l'inodore. Comme il ne se m\u00e9lange pas avec de l'eau, il est un tr\u00e8s efficace nettoyeur et sanitizant. Laisser agir le produit et rincer de suite avec de l'eau abondante.<br \/>\nNe pas m\u00e9langer avec des hypochlorites (eau de Javel). Ne pas utiliser sur des surfaces \u00e9maill\u00e9es.<\/p>\n<p><strong>CARACT\u00c9RISTIQUES TECHNIQUES<\/strong><br \/>\nAspect: Liquide dense.<br \/>\nColeur: Bleu<br \/>\nOdeur : Amandes am\u00e8res.<br \/>\npH pur : Fortement acide.<br \/>\nSolubilit\u00e9 dans eau: Soluble.<br \/>\nConcentration du principe actif : 20-25%<\/p>\n<p><strong>COMPOSITION<\/strong><br \/>\nAcides inorganiques, tensioactifs non ioniques, colorant et parfum.<\/p>\n<p><strong>PR\u00c9SENTATION<\/strong><br \/>\nEmballages de plastique:<\/p>\n<table>\n<tbody>\n<tr>\n<td>FORMAT<\/td>\n<td>\u00a0 \u00a0 \u00a0750 ml<\/td>\n<td>\u00a0 \u00a0 \u00a0 5 kg<\/td>\n<\/tr>\n<tr>\n<td>CODE<\/td>\n<td>\u00a0 \u00a0005TAN75<\/td>\n<td>\u00a0 \u00a0005TAN05<\/td>\n<\/tr>\n<\/tbody>\n<\/table>\n<p><strong>S\u00c9CURIT\u00c9 \/ TOXICOLOGIE<\/strong><br \/>\nNocif en cas d&#039;ingestion. Provoque de graves br\u00fblures de la peau et de graves l\u00e9sions oculaires.<br \/>\nTenir hors de port\u00e9e des enfants.<br \/>\nEn cas d&#039;accident, consulter le Service d&#039;Information M\u00e9dicale Toxicologique. T\u00e9l. : 915 620 420.<\/p>\n<p><strong>INFORMATIONS COMPL\u00c9MENTAIRES<\/strong><br \/>\nPRODUIT INDUSTRIEL. UTILISATION PROFESSIONNELLE.<\/p>\n<p>&nbsp;<\/p>","protected":false},"excerpt":{"rendered":"<h3>Cleantot WC<\/h3>\n<p class=\"Estndar\">Gel d\u00e9sincrustant pour w.c. Il \u00e9limine les traces de chaux et la salet\u00e9 accumul\u00e9e. Tr\u00e8s efficace pour \u00e9liminer les taches d'oxyde et chaux des sanitaires et carreaux.<\/p>\n<table>\n<tbody>\n<tr>\n<td style=\"width: 50%;\">\n<div class=\"video-section\">\n<p class=\"Estndar\"><span lang=\"es\" xml:lang=\"es\"><strong>Vid\u00e9os d&#039;application de nettoyage de salle de bain\u00a0:<\/strong><\/span><\/p>\n<details>\n<summary>Vid\u00e9o de candidature \u2013 espagnol<\/summary>\n<p><iframe src=\"https:\/\/www.youtube.com\/embed\/Q3E1mb9POv0?rel=0\"><\/iframe><\/p>\n<\/details>\n<details>\n<summary>Vid\u00e9o de candidature \u2013 anglais<\/summary>\n<p><iframe src=\"https:\/\/www.youtube.com\/embed\/XBvRZNWLPAw?rel=0\"><\/iframe><\/p>\n<\/details>\n<details>\n<summary>Vid\u00e9o de candidature \u2013 fran\u00e7ais<\/summary>\n<p><iframe src=\"https:\/\/www.youtube.com\/embed\/zVU02XttjKs?rel=0\"><\/iframe><\/p>\n<\/details>\n<details>\n<summary>Vid\u00e9o de candidature \u2013 portugais<\/summary>\n<p><iframe src=\"https:\/\/www.youtube.com\/embed\/HdnnM_YAyUg?rel=0\"><\/iframe><\/p>\n<\/details>\n<details>\n<summary>Vid\u00e9o de candidature \u2013 arabe<\/summary>\n<p><iframe src=\"https:\/\/www.youtube.com\/embed\/6LpNZtEuAIM?rel=0\"><\/iframe><\/p>\n<\/details>\n<\/div>\n<\/td>\n<\/tr>\n<\/tbody>\n<\/table>","protected":false},"featured_media":3848,"template":"","meta":{"neve_meta_sidebar":"","neve_meta_container":"","neve_meta_enable_content_width":"off","neve_meta_content_width":100,"neve_meta_title_alignment":"","neve_meta_author_avatar":"","neve_post_elements_order":"","neve_meta_disable_header":"","neve_meta_disable_footer":"","neve_meta_disable_title":""},"product_brand":[],"product_cat":[377,1095,372,370,386,376],"product_tag":[],"class_list":{"0":"post-2583","1":"product","2":"type-product","3":"status-publish","4":"has-post-thumbnail","6":"product_cat-desincrustantes","7":"product_cat-escuelas-sectores","8":"product_cat-geriatricos","9":"product_cat-hoteles","10":"product_cat-limpieza-de-banos","11":"product_cat-servicios-de-limpieza","13":"first","14":"instock","15":"shipping-taxable","16":"product-type-simple"},"yoast_head":"<!-- This site is optimized with the Yoast SEO plugin v27.0 - https:\/\/yoast.com\/product\/yoast-seo-wordpress\/ -->\n<title>Cleantot WC. Desincrustante WC - Dermo | F\u00e1brica de detergentes<\/title>\n<meta name=\"robots\" content=\"index, follow, max-snippet:-1, max-image-preview:large, max-video-preview:-1\" \/>\n<link rel=\"canonical\" href=\"https:\/\/dermo.com\/fr\/catalogue\/toilettes-propres\/\" \/>\n<meta property=\"og:locale\" content=\"fr_FR\" \/>\n<meta property=\"og:type\" content=\"article\" \/>\n<meta property=\"og:title\" content=\"Cleantot WC. Desincrustante WC - Dermo | F\u00e1brica de detergentes\" \/>\n<meta property=\"og:description\" content=\"Cleantot WC Gel limpiador desincrustante para wc. Elimina restos de cal y suciedad acumulada. Muy eficaz para eliminar las manchas de \u00f3xido en sanitarios, azulejos y grifer\u00eda.       V\u00eddeos de aplicaci\u00f3n limpieza de ba\u00f1os:  V\u00eddeo de Aplicaci\u00f3n - Espa\u00f1ol  V\u00eddeo de Aplicaci\u00f3n - Ingl\u00e9s  V\u00eddeo de Aplicaci\u00f3n - Franc\u00e9s  V\u00eddeo de Aplicaci\u00f3n - Portugu\u00e9s  V\u00eddeo de Aplicaci\u00f3n - \u00c1rabe\" \/>\n<meta property=\"og:url\" content=\"https:\/\/dermo.com\/fr\/catalogue\/toilettes-propres\/\" \/>\n<meta property=\"og:site_name\" content=\"Dermo | F\u00e1brica de detergentes\" \/>\n<meta property=\"article:modified_time\" content=\"2025-03-17T15:49:27+00:00\" \/>\n<meta property=\"og:image\" content=\"https:\/\/dermo.com\/wp-content\/uploads\/2015\/07\/Desincrustante-WC.png\" \/>\n\t<meta property=\"og:image:width\" content=\"768\" \/>\n\t<meta property=\"og:image:height\" content=\"823\" \/>\n\t<meta property=\"og:image:type\" content=\"image\/png\" \/>\n<meta name=\"twitter:card\" content=\"summary_large_image\" \/>\n<meta name=\"twitter:label1\" content=\"Dur\u00e9e de lecture estim\u00e9e\" \/>\n\t<meta name=\"twitter:data1\" content=\"1 minute\" \/>\n<script type=\"application\/ld+json\" class=\"yoast-schema-graph\">{\"@context\":\"https:\/\/schema.org\",\"@graph\":[{\"@type\":\"WebPage\",\"@id\":\"https:\/\/dermo.com\/catalogo\/cleantot-wc\/\",\"url\":\"https:\/\/dermo.com\/catalogo\/cleantot-wc\/\",\"name\":\"Cleantot WC. Desincrustante WC - Dermo | F\u00e1brica de detergentes\",\"isPartOf\":{\"@id\":\"https:\/\/dermo.com\/#website\"},\"primaryImageOfPage\":{\"@id\":\"https:\/\/dermo.com\/catalogo\/cleantot-wc\/#primaryimage\"},\"image\":{\"@id\":\"https:\/\/dermo.com\/catalogo\/cleantot-wc\/#primaryimage\"},\"thumbnailUrl\":\"https:\/\/dermo.com\/wp-content\/uploads\/2015\/07\/Desincrustante-WC.png\",\"datePublished\":\"2015-07-27T11:23:48+00:00\",\"dateModified\":\"2025-03-17T15:49:27+00:00\",\"breadcrumb\":{\"@id\":\"https:\/\/dermo.com\/catalogo\/cleantot-wc\/#breadcrumb\"},\"inLanguage\":\"fr-FR\",\"potentialAction\":[{\"@type\":\"ReadAction\",\"target\":[\"https:\/\/dermo.com\/catalogo\/cleantot-wc\/\"]}]},{\"@type\":\"ImageObject\",\"inLanguage\":\"fr-FR\",\"@id\":\"https:\/\/dermo.com\/catalogo\/cleantot-wc\/#primaryimage\",\"url\":\"https:\/\/dermo.com\/wp-content\/uploads\/2015\/07\/Desincrustante-WC.png\",\"contentUrl\":\"https:\/\/dermo.com\/wp-content\/uploads\/2015\/07\/Desincrustante-WC.png\",\"width\":768,\"height\":823},{\"@type\":\"BreadcrumbList\",\"@id\":\"https:\/\/dermo.com\/catalogo\/cleantot-wc\/#breadcrumb\",\"itemListElement\":[{\"@type\":\"ListItem\",\"position\":1,\"name\":\"Portada\",\"item\":\"https:\/\/dermo.com\/\"},{\"@type\":\"ListItem\",\"position\":2,\"name\":\"Tienda\",\"item\":\"https:\/\/dermo.com\/tienda\/\"},{\"@type\":\"ListItem\",\"position\":3,\"name\":\"Cleantot WC. Desincrustante WC\"}]},{\"@type\":\"WebSite\",\"@id\":\"https:\/\/dermo.com\/#website\",\"url\":\"https:\/\/dermo.com\/\",\"name\":\"Dermo | F\u00e1brica de detergentes\",\"description\":\"Tecnolog\u00eda avanzada, investigaci\u00f3n y desarrollo, respeto por el medio ambiente, competencia, formaci\u00f3n constante y alto nivel de profesionalidad en nuestro equipo humano, empe\u00f1ado en preservar la calidad de vida, la protecci\u00f3n del entorno natural contin\u00faan motiv\u00e1ndonos para desarrollar en nuestros laboratorios nuevos productos con ingredientes activos altamente biodegradables que hacen posible un desarrollo sostenible.\",\"potentialAction\":[{\"@type\":\"SearchAction\",\"target\":{\"@type\":\"EntryPoint\",\"urlTemplate\":\"https:\/\/dermo.com\/?s={search_term_string}\"},\"query-input\":{\"@type\":\"PropertyValueSpecification\",\"valueRequired\":true,\"valueName\":\"search_term_string\"}}],\"inLanguage\":\"fr-FR\"}]}<\/script>\n<!-- \/ Yoast SEO plugin. -->","yoast_head_json":{"title":"WC propre. D\u00e9tartrage WC - Dermo | usine de d\u00e9tergents","robots":{"index":"index","follow":"follow","max-snippet":"max-snippet:-1","max-image-preview":"max-image-preview:large","max-video-preview":"max-video-preview:-1"},"canonical":"https:\/\/dermo.com\/fr\/catalogue\/toilettes-propres\/","og_locale":"fr_FR","og_type":"article","og_title":"Cleantot WC. Desincrustante WC - Dermo | F\u00e1brica de detergentes","og_description":"Cleantot WC Gel limpiador desincrustante para wc. Elimina restos de cal y suciedad acumulada. Muy eficaz para eliminar las manchas de \u00f3xido en sanitarios, azulejos y grifer\u00eda.       V\u00eddeos de aplicaci\u00f3n limpieza de ba\u00f1os:  V\u00eddeo de Aplicaci\u00f3n - Espa\u00f1ol  V\u00eddeo de Aplicaci\u00f3n - Ingl\u00e9s  V\u00eddeo de Aplicaci\u00f3n - Franc\u00e9s  V\u00eddeo de Aplicaci\u00f3n - Portugu\u00e9s  V\u00eddeo de Aplicaci\u00f3n - \u00c1rabe","og_url":"https:\/\/dermo.com\/fr\/catalogue\/toilettes-propres\/","og_site_name":"Dermo | F\u00e1brica de detergentes","article_modified_time":"2025-03-17T15:49:27+00:00","og_image":[{"width":768,"height":823,"url":"https:\/\/dermo.com\/wp-content\/uploads\/2015\/07\/Desincrustante-WC.png","type":"image\/png"}],"twitter_card":"summary_large_image","twitter_misc":{"Dur\u00e9e de lecture estim\u00e9e":"1 minute"},"schema":{"@context":"https:\/\/schema.org","@graph":[{"@type":"WebPage","@id":"https:\/\/dermo.com\/catalogo\/cleantot-wc\/","url":"https:\/\/dermo.com\/catalogo\/cleantot-wc\/","name":"WC propre. D\u00e9tartrage WC - Dermo | usine de d\u00e9tergents","isPartOf":{"@id":"https:\/\/dermo.com\/#website"},"primaryImageOfPage":{"@id":"https:\/\/dermo.com\/catalogo\/cleantot-wc\/#primaryimage"},"image":{"@id":"https:\/\/dermo.com\/catalogo\/cleantot-wc\/#primaryimage"},"thumbnailUrl":"https:\/\/dermo.com\/wp-content\/uploads\/2015\/07\/Desincrustante-WC.png","datePublished":"2015-07-27T11:23:48+00:00","dateModified":"2025-03-17T15:49:27+00:00","breadcrumb":{"@id":"https:\/\/dermo.com\/catalogo\/cleantot-wc\/#breadcrumb"},"inLanguage":"fr-FR","potentialAction":[{"@type":"ReadAction","target":["https:\/\/dermo.com\/catalogo\/cleantot-wc\/"]}]},{"@type":"ImageObject","inLanguage":"fr-FR","@id":"https:\/\/dermo.com\/catalogo\/cleantot-wc\/#primaryimage","url":"https:\/\/dermo.com\/wp-content\/uploads\/2015\/07\/Desincrustante-WC.png","contentUrl":"https:\/\/dermo.com\/wp-content\/uploads\/2015\/07\/Desincrustante-WC.png","width":768,"height":823},{"@type":"BreadcrumbList","@id":"https:\/\/dermo.com\/catalogo\/cleantot-wc\/#breadcrumb","itemListElement":[{"@type":"ListItem","position":1,"name":"Portada","item":"https:\/\/dermo.com\/"},{"@type":"ListItem","position":2,"name":"Tienda","item":"https:\/\/dermo.com\/tienda\/"},{"@type":"ListItem","position":3,"name":"Cleantot WC. Desincrustante WC"}]},{"@type":"WebSite","@id":"https:\/\/dermo.com\/#website","url":"https:\/\/dermo.com\/","name":"Dermo | usine de d\u00e9tergents","description":"Technologie avanc\u00e9e, recherche et d\u00e9veloppement, respect de l&#039;environnement, comp\u00e9tence, formation constante et haut niveau de professionnalisme de notre \u00e9quipe humaine, engag\u00e9e \u00e0 pr\u00e9server la qualit\u00e9 de vie, la protection de l&#039;environnement naturel continuent de nous motiver \u00e0 d\u00e9velopper de nouveaux produits dans notre laboratoires aux principes actifs hautement biod\u00e9gradables qui rendent possible le d\u00e9veloppement durable.","potentialAction":[{"@type":"SearchAction","target":{"@type":"EntryPoint","urlTemplate":"https:\/\/dermo.com\/?s={search_term_string}"},"query-input":{"@type":"PropertyValueSpecification","valueRequired":true,"valueName":"search_term_string"}}],"inLanguage":"fr-FR"}]}},"_links":{"self":[{"href":"https:\/\/dermo.com\/fr\/wp-json\/wp\/v2\/product\/2583","targetHints":{"allow":["GET"]}}],"collection":[{"href":"https:\/\/dermo.com\/fr\/wp-json\/wp\/v2\/product"}],"about":[{"href":"https:\/\/dermo.com\/fr\/wp-json\/wp\/v2\/types\/product"}],"wp:featuredmedia":[{"embeddable":true,"href":"https:\/\/dermo.com\/fr\/wp-json\/wp\/v2\/media\/3848"}],"wp:attachment":[{"href":"https:\/\/dermo.com\/fr\/wp-json\/wp\/v2\/media?parent=2583"}],"wp:term":[{"taxonomy":"product_brand","embeddable":true,"href":"https:\/\/dermo.com\/fr\/wp-json\/wp\/v2\/product_brand?post=2583"},{"taxonomy":"product_cat","embeddable":true,"href":"https:\/\/dermo.com\/fr\/wp-json\/wp\/v2\/product_cat?post=2583"},{"taxonomy":"product_tag","embeddable":true,"href":"https:\/\/dermo.com\/fr\/wp-json\/wp\/v2\/product_tag?post=2583"}],"curies":[{"name":"wp","href":"https:\/\/api.w.org\/{rel}","templated":true}]}}