{"id":2599,"date":"2015-07-27T16:41:17","date_gmt":"2015-07-27T16:41:17","guid":{"rendered":"https:\/\/dermo.ultbit.com\/producto\/audaz-high-foam\/"},"modified":"2025-03-17T10:42:56","modified_gmt":"2025-03-17T09:42:56","slug":"gras-haute-mousse","status":"publish","type":"product","link":"https:\/\/dermo.com\/fr\/catalogue\/gras-haute-mousse\/","title":{"rendered":"Audaz High Foam. D\u00e9graissant pour surfaces verticales"},"content":{"rendered":"<p><strong>MODE D'EMPLOI:<\/strong><br \/>\nCe produit doit s\u2019utiliser pur et obligatoirement avec un vaporisateur. L\u2019application doit \u00eatre faite par aspersion : pulv\u00e9riser la surface \u00e0 nettoyer puis laisser reposer le temps n\u00e9cessaire, en fonction de la salet\u00e9 \u00e0 \u00e9liminer. Ensuite passer une \u00e9ponge ou un chiffon.<br \/>\nObservation : A utiliser avec pr\u00e9caution sur les surfaces peintes, laqu\u00e9es et en aluminium.<\/p>\n<p><strong>CARACT\u00c9RISTIQUES TECHNIQUES<\/strong><br \/>\nAspect: Liquide dense.<br \/>\nOrange.<br \/>\nOdeur: Characteristique.<br \/>\npH (10% dans l&#039;eau) : 12,5 \u2013 13,5<br \/>\nConcentration en substance active : 9 \u2013 11%<br \/>\nRemarque : La viscosit\u00e9 peut varier en raison de la thixotropie du produit.<\/p>\n<p><strong>COMPOSITION<\/strong><br \/>\nTensioactifs anioniques et non ioniques, s\u00e9questrants, modificateurs de rh\u00e9ologie, caustiques, \u00e9mulsifiants et<br \/>\ncolorant.<\/p>\n<p><strong>PR\u00c9SENTATION<\/strong><br \/>\nEmballage de plastique:<\/p>\n<table>\n<tbody>\n<tr>\n<td>FORMAT<\/td>\n<td>\u00a0 \u00a0 \u00a0 \u00a0 \u00a01 kg<\/td>\n<td>\u00a0 \u00a0 \u00a0 \u00a05 kg<\/td>\n<\/tr>\n<tr>\n<td>CODE<\/td>\n<td>\u00a0 \u00a0 \u00a0 004AER01<\/td>\n<td>\u00a0 \u00a0 004AER05<\/td>\n<\/tr>\n<\/tbody>\n<\/table>\n<p><strong>S\u00c9CURIT\u00c9 \/ TOXICOLOGIE<\/strong><br \/>\nProvoque de graves br\u00fblures de la peau et de graves l\u00e9sions oculaires. Tenir hors de port\u00e9e des enfants.<br \/>\nEn cas d&#039;accident, consulter le Service d&#039;Information M\u00e9dicale Toxicologique, T\u00e9l. 915 620 420.<\/p>\n<p><strong>INFORMATIONS COMPL\u00c9MENTAIRES<\/strong><br \/>\nPRODUIT INDUSTRIEL. UTILISATION PROFESSIONNELLE.<\/p>\n<p>&nbsp;<\/p>","protected":false},"excerpt":{"rendered":"<h3>Audaz High Foam<\/h3>\n<p class=\"Estndar\">Sp\u00e9cialement formul\u00e9 pour degraisser tous types de taches, gr\u00e2ce \u00e0 sa composition qui produit une mousse qui s\u2019adh\u00e9re parfaitement \u00e0 ces superficies sans couler : une caract\u00e9ristique qiui lui conf\u00e9re une grande efficacit\u00e9.<br \/>\nSp\u00e9cialement formul\u00e9 pour d\u00e9graisser tous types de surfaces verticales, gr\u00e2ce \u00e0 sa composition particuli\u00e8re, il produit une mousse qui adh\u00e8re en permanence aux surfaces verticales sans couler, caract\u00e9ristique qui lui conf\u00e8re sa grande efficacit\u00e9.<\/p>\n<table>\n<tbody>\n<tr>\n<td style=\"width: 100%;\">\n<div class=\"video-section\">\n<p class=\"Estndar\"><span lang=\"es\" xml:lang=\"es\"><strong>Vid\u00e9os d&#039;application de d\u00e9graissant audacieux\u00a0:<\/strong><\/span><\/p>\n<details>\n<summary>Vid\u00e9o de candidature \u2013 espagnol<\/summary>\n<p><iframe src=\"https:\/\/www.youtube.com\/embed\/H6RI-bS6Xcw?rel=0\"><\/iframe><\/p>\n<\/details>\n<\/div>\n<\/td>\n<\/tr>\n<\/tbody>\n<\/table>","protected":false},"featured_media":2598,"template":"","meta":{"neve_meta_sidebar":"","neve_meta_container":"","neve_meta_enable_content_width":"off","neve_meta_content_width":100,"neve_meta_title_alignment":"","neve_meta_author_avatar":"","neve_post_elements_order":"","neve_meta_disable_header":"","neve_meta_disable_footer":"","neve_meta_disable_title":""},"product_brand":[],"product_cat":[383],"product_tag":[],"class_list":{"0":"post-2599","1":"product","2":"type-product","3":"status-publish","4":"has-post-thumbnail","6":"product_cat-desengrasantes","8":"first","9":"instock","10":"shipping-taxable","11":"product-type-simple"},"yoast_head":"<!-- This site is optimized with the Yoast SEO plugin v27.0 - https:\/\/yoast.com\/product\/yoast-seo-wordpress\/ -->\n<title>Audaz High Foam. Desengrasante Superficies Verticales - Dermo | F\u00e1brica de detergentes<\/title>\n<meta name=\"robots\" content=\"index, follow, max-snippet:-1, max-image-preview:large, max-video-preview:-1\" \/>\n<link rel=\"canonical\" href=\"https:\/\/dermo.com\/fr\/catalogue\/gras-haute-mousse\/\" \/>\n<meta property=\"og:locale\" content=\"fr_FR\" \/>\n<meta property=\"og:type\" content=\"article\" \/>\n<meta property=\"og:title\" content=\"Audaz High Foam. Desengrasante Superficies Verticales - Dermo | F\u00e1brica de detergentes\" \/>\n<meta property=\"og:description\" content=\"Audaz High Foam Desengrasante tixopr\u00f3pico de gran poder emulsionante, altamente eficaz para disolver las grasas y suciedades, en superficies verticales y de complicado y dif\u00edcil acceso. Formulado especialmente para desengrasar todo tipo de superf\u00edcies verticales, debido a su especial composici\u00f3n, produce una espuma que se adhiere permanentemente a las superf\u00edcies verticales sin chorrear, caracter\u00edstica que le confiere su gran eficacia.       V\u00eddeos de Aplicaci\u00f3n Desengrasantes Audaz:  V\u00eddeo de Aplicaci\u00f3n - Espa\u00f1ol\" \/>\n<meta property=\"og:url\" content=\"https:\/\/dermo.com\/fr\/catalogue\/gras-haute-mousse\/\" \/>\n<meta property=\"og:site_name\" content=\"Dermo | F\u00e1brica de detergentes\" \/>\n<meta property=\"article:modified_time\" content=\"2025-03-17T09:42:56+00:00\" \/>\n<meta property=\"og:image\" content=\"https:\/\/dermo.com\/wp-content\/uploads\/2015\/07\/73-Audaz-High-Foam.-Desengrasante-superficies-verticales.jpg\" \/>\n\t<meta property=\"og:image:width\" content=\"768\" \/>\n\t<meta property=\"og:image:height\" content=\"823\" \/>\n\t<meta property=\"og:image:type\" content=\"image\/jpeg\" \/>\n<meta name=\"twitter:card\" content=\"summary_large_image\" \/>\n<meta name=\"twitter:label1\" content=\"Dur\u00e9e de lecture estim\u00e9e\" \/>\n\t<meta name=\"twitter:data1\" content=\"1 minute\" \/>\n<script type=\"application\/ld+json\" class=\"yoast-schema-graph\">{\"@context\":\"https:\/\/schema.org\",\"@graph\":[{\"@type\":\"WebPage\",\"@id\":\"https:\/\/dermo.com\/catalogo\/audaz-high-foam\/\",\"url\":\"https:\/\/dermo.com\/catalogo\/audaz-high-foam\/\",\"name\":\"Audaz High Foam. Desengrasante Superficies Verticales - Dermo | F\u00e1brica de detergentes\",\"isPartOf\":{\"@id\":\"https:\/\/dermo.com\/#website\"},\"primaryImageOfPage\":{\"@id\":\"https:\/\/dermo.com\/catalogo\/audaz-high-foam\/#primaryimage\"},\"image\":{\"@id\":\"https:\/\/dermo.com\/catalogo\/audaz-high-foam\/#primaryimage\"},\"thumbnailUrl\":\"https:\/\/dermo.com\/wp-content\/uploads\/2015\/07\/73-Audaz-High-Foam.-Desengrasante-superficies-verticales.jpg\",\"datePublished\":\"2015-07-27T16:41:17+00:00\",\"dateModified\":\"2025-03-17T09:42:56+00:00\",\"breadcrumb\":{\"@id\":\"https:\/\/dermo.com\/catalogo\/audaz-high-foam\/#breadcrumb\"},\"inLanguage\":\"fr-FR\",\"potentialAction\":[{\"@type\":\"ReadAction\",\"target\":[\"https:\/\/dermo.com\/catalogo\/audaz-high-foam\/\"]}]},{\"@type\":\"ImageObject\",\"inLanguage\":\"fr-FR\",\"@id\":\"https:\/\/dermo.com\/catalogo\/audaz-high-foam\/#primaryimage\",\"url\":\"https:\/\/dermo.com\/wp-content\/uploads\/2015\/07\/73-Audaz-High-Foam.-Desengrasante-superficies-verticales.jpg\",\"contentUrl\":\"https:\/\/dermo.com\/wp-content\/uploads\/2015\/07\/73-Audaz-High-Foam.-Desengrasante-superficies-verticales.jpg\",\"width\":768,\"height\":823,\"caption\":\"Audaz High Foam. Desengrasante superf\u00edcies verticales\"},{\"@type\":\"BreadcrumbList\",\"@id\":\"https:\/\/dermo.com\/catalogo\/audaz-high-foam\/#breadcrumb\",\"itemListElement\":[{\"@type\":\"ListItem\",\"position\":1,\"name\":\"Portada\",\"item\":\"https:\/\/dermo.com\/\"},{\"@type\":\"ListItem\",\"position\":2,\"name\":\"Tienda\",\"item\":\"https:\/\/dermo.com\/tienda\/\"},{\"@type\":\"ListItem\",\"position\":3,\"name\":\"Audaz High Foam. Desengrasante Superficies Verticales\"}]},{\"@type\":\"WebSite\",\"@id\":\"https:\/\/dermo.com\/#website\",\"url\":\"https:\/\/dermo.com\/\",\"name\":\"Dermo | F\u00e1brica de detergentes\",\"description\":\"Tecnolog\u00eda avanzada, investigaci\u00f3n y desarrollo, respeto por el medio ambiente, competencia, formaci\u00f3n constante y alto nivel de profesionalidad en nuestro equipo humano, empe\u00f1ado en preservar la calidad de vida, la protecci\u00f3n del entorno natural contin\u00faan motiv\u00e1ndonos para desarrollar en nuestros laboratorios nuevos productos con ingredientes activos altamente biodegradables que hacen posible un desarrollo sostenible.\",\"potentialAction\":[{\"@type\":\"SearchAction\",\"target\":{\"@type\":\"EntryPoint\",\"urlTemplate\":\"https:\/\/dermo.com\/?s={search_term_string}\"},\"query-input\":{\"@type\":\"PropertyValueSpecification\",\"valueRequired\":true,\"valueName\":\"search_term_string\"}}],\"inLanguage\":\"fr-FR\"}]}<\/script>\n<!-- \/ Yoast SEO plugin. -->","yoast_head_json":{"title":"Mousse haute audacieuse. D\u00e9graissant pour surfaces verticales - Dermo | usine de d\u00e9tergents","robots":{"index":"index","follow":"follow","max-snippet":"max-snippet:-1","max-image-preview":"max-image-preview:large","max-video-preview":"max-video-preview:-1"},"canonical":"https:\/\/dermo.com\/fr\/catalogue\/gras-haute-mousse\/","og_locale":"fr_FR","og_type":"article","og_title":"Audaz High Foam. Desengrasante Superficies Verticales - Dermo | F\u00e1brica de detergentes","og_description":"Audaz High Foam Desengrasante tixopr\u00f3pico de gran poder emulsionante, altamente eficaz para disolver las grasas y suciedades, en superficies verticales y de complicado y dif\u00edcil acceso. Formulado especialmente para desengrasar todo tipo de superf\u00edcies verticales, debido a su especial composici\u00f3n, produce una espuma que se adhiere permanentemente a las superf\u00edcies verticales sin chorrear, caracter\u00edstica que le confiere su gran eficacia.       V\u00eddeos de Aplicaci\u00f3n Desengrasantes Audaz:  V\u00eddeo de Aplicaci\u00f3n - Espa\u00f1ol","og_url":"https:\/\/dermo.com\/fr\/catalogue\/gras-haute-mousse\/","og_site_name":"Dermo | F\u00e1brica de detergentes","article_modified_time":"2025-03-17T09:42:56+00:00","og_image":[{"width":768,"height":823,"url":"https:\/\/dermo.com\/wp-content\/uploads\/2015\/07\/73-Audaz-High-Foam.-Desengrasante-superficies-verticales.jpg","type":"image\/jpeg"}],"twitter_card":"summary_large_image","twitter_misc":{"Dur\u00e9e de lecture estim\u00e9e":"1 minute"},"schema":{"@context":"https:\/\/schema.org","@graph":[{"@type":"WebPage","@id":"https:\/\/dermo.com\/catalogo\/audaz-high-foam\/","url":"https:\/\/dermo.com\/catalogo\/audaz-high-foam\/","name":"Mousse haute audacieuse. D\u00e9graissant pour surfaces verticales - Dermo | usine de d\u00e9tergents","isPartOf":{"@id":"https:\/\/dermo.com\/#website"},"primaryImageOfPage":{"@id":"https:\/\/dermo.com\/catalogo\/audaz-high-foam\/#primaryimage"},"image":{"@id":"https:\/\/dermo.com\/catalogo\/audaz-high-foam\/#primaryimage"},"thumbnailUrl":"https:\/\/dermo.com\/wp-content\/uploads\/2015\/07\/73-Audaz-High-Foam.-Desengrasante-superficies-verticales.jpg","datePublished":"2015-07-27T16:41:17+00:00","dateModified":"2025-03-17T09:42:56+00:00","breadcrumb":{"@id":"https:\/\/dermo.com\/catalogo\/audaz-high-foam\/#breadcrumb"},"inLanguage":"fr-FR","potentialAction":[{"@type":"ReadAction","target":["https:\/\/dermo.com\/catalogo\/audaz-high-foam\/"]}]},{"@type":"ImageObject","inLanguage":"fr-FR","@id":"https:\/\/dermo.com\/catalogo\/audaz-high-foam\/#primaryimage","url":"https:\/\/dermo.com\/wp-content\/uploads\/2015\/07\/73-Audaz-High-Foam.-Desengrasante-superficies-verticales.jpg","contentUrl":"https:\/\/dermo.com\/wp-content\/uploads\/2015\/07\/73-Audaz-High-Foam.-Desengrasante-superficies-verticales.jpg","width":768,"height":823,"caption":"Audaz High Foam. Desengrasante superf\u00edcies verticales"},{"@type":"BreadcrumbList","@id":"https:\/\/dermo.com\/catalogo\/audaz-high-foam\/#breadcrumb","itemListElement":[{"@type":"ListItem","position":1,"name":"Portada","item":"https:\/\/dermo.com\/"},{"@type":"ListItem","position":2,"name":"Tienda","item":"https:\/\/dermo.com\/tienda\/"},{"@type":"ListItem","position":3,"name":"Audaz High Foam. Desengrasante Superficies Verticales"}]},{"@type":"WebSite","@id":"https:\/\/dermo.com\/#website","url":"https:\/\/dermo.com\/","name":"Dermo | usine de d\u00e9tergents","description":"Technologie avanc\u00e9e, recherche et d\u00e9veloppement, respect de l&#039;environnement, comp\u00e9tence, formation constante et haut niveau de professionnalisme de notre \u00e9quipe humaine, engag\u00e9e \u00e0 pr\u00e9server la qualit\u00e9 de vie, la protection de l&#039;environnement naturel continuent de nous motiver \u00e0 d\u00e9velopper de nouveaux produits dans notre laboratoires aux principes actifs hautement biod\u00e9gradables qui rendent possible le d\u00e9veloppement durable.","potentialAction":[{"@type":"SearchAction","target":{"@type":"EntryPoint","urlTemplate":"https:\/\/dermo.com\/?s={search_term_string}"},"query-input":{"@type":"PropertyValueSpecification","valueRequired":true,"valueName":"search_term_string"}}],"inLanguage":"fr-FR"}]}},"_links":{"self":[{"href":"https:\/\/dermo.com\/fr\/wp-json\/wp\/v2\/product\/2599","targetHints":{"allow":["GET"]}}],"collection":[{"href":"https:\/\/dermo.com\/fr\/wp-json\/wp\/v2\/product"}],"about":[{"href":"https:\/\/dermo.com\/fr\/wp-json\/wp\/v2\/types\/product"}],"wp:featuredmedia":[{"embeddable":true,"href":"https:\/\/dermo.com\/fr\/wp-json\/wp\/v2\/media\/2598"}],"wp:attachment":[{"href":"https:\/\/dermo.com\/fr\/wp-json\/wp\/v2\/media?parent=2599"}],"wp:term":[{"taxonomy":"product_brand","embeddable":true,"href":"https:\/\/dermo.com\/fr\/wp-json\/wp\/v2\/product_brand?post=2599"},{"taxonomy":"product_cat","embeddable":true,"href":"https:\/\/dermo.com\/fr\/wp-json\/wp\/v2\/product_cat?post=2599"},{"taxonomy":"product_tag","embeddable":true,"href":"https:\/\/dermo.com\/fr\/wp-json\/wp\/v2\/product_tag?post=2599"}],"curies":[{"name":"wp","href":"https:\/\/api.w.org\/{rel}","templated":true}]}}