{"id":2603,"date":"2015-07-27T16:59:17","date_gmt":"2015-07-27T16:59:17","guid":{"rendered":"https:\/\/dermo.ultbit.com\/producto\/audaz-lemon\/"},"modified":"2025-03-17T12:14:32","modified_gmt":"2025-03-17T11:14:32","slug":"citron-audacieux","status":"publish","type":"product","link":"https:\/\/dermo.com\/fr\/catalogue\/citron-audacieux\/","title":{"rendered":"Audaz Lemon. D\u00e9graissant concentr\u00e9"},"content":{"rendered":"<p><strong>MODE D'EMPLOI:<\/strong><br \/>\nIl peut \u00eatre utilis\u00e9 pur sur des salissures tenaces, mais dans la plupart des cas il suffit de le diluer entre 5% et 10% dans l&#039;eau.<\/p>\n<ul>\n<li><strong>Surfaces\u00a0:<\/strong> Mesurer 5 \u00e0 10% de produit dans l&#039;eau. Frotter avec un tampon \u00e0 r\u00e9curer ou un chiffon. Rincer \u00e0 l&#039;eau claire et laisser s\u00e9cher.<\/li>\n<li><strong>\u00c9tages\u00a0:<\/strong> Mesurez de 0,5 \u00e0 1% et frottez comme d&#039;habitude.<\/li>\n<li><strong>Nettoyage par trempage\u00a0: <\/strong>Plonger dans une solution de 5 \u00e0 10% de produit par litre d&#039;eau chaude. Frottez ou brossez pour \u00e9liminer les d\u00e9bris coll\u00e9s. Rincer \u00e0 l&#039;eau et laisser s\u00e9cher \u00e0 l&#039;air.<br \/>\nIl fonctionne \u00e0 froid ou \u00e0 chaud, mais il faut tenir compte du fait que lorsqu&#039;il est chaud, il peut d\u00e9gager des vapeurs irritantes.<br \/>\nObservation : Ne pas utiliser sur le fer ou l&#039;aluminium.<\/li>\n<\/ul>\n<p><strong>CARACT\u00c9RISTIQUES TECHNIQUES<\/strong><br \/>\nAspect: Liquide.<br \/>\nCouleur: Jaune<br \/>\nOdeur : Citron<br \/>\npH pur\u00a0: 12,5-13,5<br \/>\nDensit\u00e9 : 1,00 \u2013 1,04 g\/cc.<br \/>\nSolubilit\u00e9 dans eau: Soluble.<br \/>\nConcentration en substance active\u00a0: 12\u00a0-15%<\/p>\n<p><strong>PR\u00c9SENTATION:<\/strong><\/p>\n<p>Emballage de plastique:<\/p>\n<table>\n<tbody>\n<tr>\n<td>FORMAT<\/td>\n<td>\u00a0 \u00a0 \u00a0 \u00a0 \u00a0 1 kg<\/td>\n<td>\u00a0 \u00a0 \u00a0 \u00a0 5 kg<\/td>\n<td><\/td>\n<\/tr>\n<tr>\n<td>CODE<\/td>\n<td>\u00a0 \u00a0 \u00a0004ALE01<\/td>\n<td>\u00a0 \u00a0 004ALE05<\/td>\n<td><\/td>\n<\/tr>\n<\/tbody>\n<\/table>","protected":false},"excerpt":{"rendered":"<h3>Audaz Lemon<\/h3>\n<p class=\"Estndar\">Produit liquide concentr\u00e9 de grand pouvoir \u00e9mulsionnant, dissolvant les graisses et la salet\u00e9.<br \/>\nIndiqu\u00e9 pour surfaces r\u00e9sistantes aux pH alcalin : sols, murs, plans de travail, ustensiles et \u00e9quipements.<\/p>\n<table>\n<tbody>\n<tr>\n<td style=\"width: 100%;\">\n<div class=\"video-section\">\n<p class=\"Estndar\"><span lang=\"es\" xml:lang=\"es\"><strong>Vid\u00e9os d&#039;application de d\u00e9graissant audacieux\u00a0:<\/strong><\/span><\/p>\n<details>\n<summary>Vid\u00e9o de candidature \u2013 espagnol<\/summary>\n<p><iframe src=\"https:\/\/www.youtube.com\/embed\/H6RI-bS6Xcw?rel=0\"><\/iframe><\/p>\n<\/details>\n<\/div>\n<\/td>\n<\/tr>\n<\/tbody>\n<\/table>","protected":false},"featured_media":2602,"template":"","meta":{"neve_meta_sidebar":"","neve_meta_container":"","neve_meta_enable_content_width":"off","neve_meta_content_width":100,"neve_meta_title_alignment":"","neve_meta_author_avatar":"","neve_post_elements_order":"","neve_meta_disable_header":"","neve_meta_disable_footer":"","neve_meta_disable_title":""},"product_brand":[],"product_cat":[383],"product_tag":[],"class_list":{"0":"post-2603","1":"product","2":"type-product","3":"status-publish","4":"has-post-thumbnail","6":"product_cat-desengrasantes","8":"first","9":"instock","10":"shipping-taxable","11":"product-type-simple"},"yoast_head":"<!-- This site is optimized with the Yoast SEO plugin v27.0 - https:\/\/yoast.com\/product\/yoast-seo-wordpress\/ -->\n<title>Audaz Lemon. Desengrasante concentrado - Dermo | F\u00e1brica de detergentes<\/title>\n<meta name=\"robots\" content=\"index, follow, max-snippet:-1, max-image-preview:large, max-video-preview:-1\" \/>\n<link rel=\"canonical\" href=\"https:\/\/dermo.com\/fr\/catalogue\/citron-audacieux\/\" \/>\n<meta property=\"og:locale\" content=\"fr_FR\" \/>\n<meta property=\"og:type\" content=\"article\" \/>\n<meta property=\"og:title\" content=\"Audaz Lemon. Desengrasante concentrado - Dermo | F\u00e1brica de detergentes\" \/>\n<meta property=\"og:description\" content=\"Audaz Lemon Producto l\u00edquido concentrado con gran poder emulsionante, que disuelve las grasas y la suciedad. Concebido para desengrasar todo tipo de superf\u00edcies resistentes a pH alcalino: suelos, paredes, mesas de trabajo, utensilios, equipos, etc.       V\u00eddeos de Aplicaci\u00f3n Desengrasantes Audaz:  V\u00eddeo de Aplicaci\u00f3n - Espa\u00f1ol\" \/>\n<meta property=\"og:url\" content=\"https:\/\/dermo.com\/fr\/catalogue\/citron-audacieux\/\" \/>\n<meta property=\"og:site_name\" content=\"Dermo | F\u00e1brica de detergentes\" \/>\n<meta property=\"article:modified_time\" content=\"2025-03-17T11:14:32+00:00\" \/>\n<meta property=\"og:image\" content=\"https:\/\/dermo.com\/wp-content\/uploads\/2015\/07\/76-Audaz-Lemon.-Desengrasante-concentrado.jpg\" \/>\n\t<meta property=\"og:image:width\" content=\"768\" \/>\n\t<meta property=\"og:image:height\" content=\"823\" \/>\n\t<meta property=\"og:image:type\" content=\"image\/jpeg\" \/>\n<meta name=\"twitter:card\" content=\"summary_large_image\" \/>\n<meta name=\"twitter:label1\" content=\"Dur\u00e9e de lecture estim\u00e9e\" \/>\n\t<meta name=\"twitter:data1\" content=\"1 minute\" \/>\n<script type=\"application\/ld+json\" class=\"yoast-schema-graph\">{\"@context\":\"https:\/\/schema.org\",\"@graph\":[{\"@type\":\"WebPage\",\"@id\":\"https:\/\/dermo.com\/catalogo\/audaz-lemon\/\",\"url\":\"https:\/\/dermo.com\/catalogo\/audaz-lemon\/\",\"name\":\"Audaz Lemon. Desengrasante concentrado - Dermo | F\u00e1brica de detergentes\",\"isPartOf\":{\"@id\":\"https:\/\/dermo.com\/#website\"},\"primaryImageOfPage\":{\"@id\":\"https:\/\/dermo.com\/catalogo\/audaz-lemon\/#primaryimage\"},\"image\":{\"@id\":\"https:\/\/dermo.com\/catalogo\/audaz-lemon\/#primaryimage\"},\"thumbnailUrl\":\"https:\/\/dermo.com\/wp-content\/uploads\/2015\/07\/76-Audaz-Lemon.-Desengrasante-concentrado.jpg\",\"datePublished\":\"2015-07-27T16:59:17+00:00\",\"dateModified\":\"2025-03-17T11:14:32+00:00\",\"breadcrumb\":{\"@id\":\"https:\/\/dermo.com\/catalogo\/audaz-lemon\/#breadcrumb\"},\"inLanguage\":\"fr-FR\",\"potentialAction\":[{\"@type\":\"ReadAction\",\"target\":[\"https:\/\/dermo.com\/catalogo\/audaz-lemon\/\"]}]},{\"@type\":\"ImageObject\",\"inLanguage\":\"fr-FR\",\"@id\":\"https:\/\/dermo.com\/catalogo\/audaz-lemon\/#primaryimage\",\"url\":\"https:\/\/dermo.com\/wp-content\/uploads\/2015\/07\/76-Audaz-Lemon.-Desengrasante-concentrado.jpg\",\"contentUrl\":\"https:\/\/dermo.com\/wp-content\/uploads\/2015\/07\/76-Audaz-Lemon.-Desengrasante-concentrado.jpg\",\"width\":768,\"height\":823,\"caption\":\"Audaz Lemon. Desengrasante concentrado\"},{\"@type\":\"BreadcrumbList\",\"@id\":\"https:\/\/dermo.com\/catalogo\/audaz-lemon\/#breadcrumb\",\"itemListElement\":[{\"@type\":\"ListItem\",\"position\":1,\"name\":\"Portada\",\"item\":\"https:\/\/dermo.com\/\"},{\"@type\":\"ListItem\",\"position\":2,\"name\":\"Tienda\",\"item\":\"https:\/\/dermo.com\/tienda\/\"},{\"@type\":\"ListItem\",\"position\":3,\"name\":\"Audaz Lemon. Desengrasante concentrado\"}]},{\"@type\":\"WebSite\",\"@id\":\"https:\/\/dermo.com\/#website\",\"url\":\"https:\/\/dermo.com\/\",\"name\":\"Dermo | F\u00e1brica de detergentes\",\"description\":\"Tecnolog\u00eda avanzada, investigaci\u00f3n y desarrollo, respeto por el medio ambiente, competencia, formaci\u00f3n constante y alto nivel de profesionalidad en nuestro equipo humano, empe\u00f1ado en preservar la calidad de vida, la protecci\u00f3n del entorno natural contin\u00faan motiv\u00e1ndonos para desarrollar en nuestros laboratorios nuevos productos con ingredientes activos altamente biodegradables que hacen posible un desarrollo sostenible.\",\"potentialAction\":[{\"@type\":\"SearchAction\",\"target\":{\"@type\":\"EntryPoint\",\"urlTemplate\":\"https:\/\/dermo.com\/?s={search_term_string}\"},\"query-input\":{\"@type\":\"PropertyValueSpecification\",\"valueRequired\":true,\"valueName\":\"search_term_string\"}}],\"inLanguage\":\"fr-FR\"}]}<\/script>\n<!-- \/ Yoast SEO plugin. -->","yoast_head_json":{"title":"Citron audacieux. D\u00e9graissant concentr\u00e9 - Dermo | usine de d\u00e9tergents","robots":{"index":"index","follow":"follow","max-snippet":"max-snippet:-1","max-image-preview":"max-image-preview:large","max-video-preview":"max-video-preview:-1"},"canonical":"https:\/\/dermo.com\/fr\/catalogue\/citron-audacieux\/","og_locale":"fr_FR","og_type":"article","og_title":"Audaz Lemon. Desengrasante concentrado - Dermo | F\u00e1brica de detergentes","og_description":"Audaz Lemon Producto l\u00edquido concentrado con gran poder emulsionante, que disuelve las grasas y la suciedad. Concebido para desengrasar todo tipo de superf\u00edcies resistentes a pH alcalino: suelos, paredes, mesas de trabajo, utensilios, equipos, etc.       V\u00eddeos de Aplicaci\u00f3n Desengrasantes Audaz:  V\u00eddeo de Aplicaci\u00f3n - Espa\u00f1ol","og_url":"https:\/\/dermo.com\/fr\/catalogue\/citron-audacieux\/","og_site_name":"Dermo | F\u00e1brica de detergentes","article_modified_time":"2025-03-17T11:14:32+00:00","og_image":[{"width":768,"height":823,"url":"https:\/\/dermo.com\/wp-content\/uploads\/2015\/07\/76-Audaz-Lemon.-Desengrasante-concentrado.jpg","type":"image\/jpeg"}],"twitter_card":"summary_large_image","twitter_misc":{"Dur\u00e9e de lecture estim\u00e9e":"1 minute"},"schema":{"@context":"https:\/\/schema.org","@graph":[{"@type":"WebPage","@id":"https:\/\/dermo.com\/catalogo\/audaz-lemon\/","url":"https:\/\/dermo.com\/catalogo\/audaz-lemon\/","name":"Citron audacieux. D\u00e9graissant concentr\u00e9 - Dermo | usine de d\u00e9tergents","isPartOf":{"@id":"https:\/\/dermo.com\/#website"},"primaryImageOfPage":{"@id":"https:\/\/dermo.com\/catalogo\/audaz-lemon\/#primaryimage"},"image":{"@id":"https:\/\/dermo.com\/catalogo\/audaz-lemon\/#primaryimage"},"thumbnailUrl":"https:\/\/dermo.com\/wp-content\/uploads\/2015\/07\/76-Audaz-Lemon.-Desengrasante-concentrado.jpg","datePublished":"2015-07-27T16:59:17+00:00","dateModified":"2025-03-17T11:14:32+00:00","breadcrumb":{"@id":"https:\/\/dermo.com\/catalogo\/audaz-lemon\/#breadcrumb"},"inLanguage":"fr-FR","potentialAction":[{"@type":"ReadAction","target":["https:\/\/dermo.com\/catalogo\/audaz-lemon\/"]}]},{"@type":"ImageObject","inLanguage":"fr-FR","@id":"https:\/\/dermo.com\/catalogo\/audaz-lemon\/#primaryimage","url":"https:\/\/dermo.com\/wp-content\/uploads\/2015\/07\/76-Audaz-Lemon.-Desengrasante-concentrado.jpg","contentUrl":"https:\/\/dermo.com\/wp-content\/uploads\/2015\/07\/76-Audaz-Lemon.-Desengrasante-concentrado.jpg","width":768,"height":823,"caption":"Audaz Lemon. Desengrasante concentrado"},{"@type":"BreadcrumbList","@id":"https:\/\/dermo.com\/catalogo\/audaz-lemon\/#breadcrumb","itemListElement":[{"@type":"ListItem","position":1,"name":"Portada","item":"https:\/\/dermo.com\/"},{"@type":"ListItem","position":2,"name":"Tienda","item":"https:\/\/dermo.com\/tienda\/"},{"@type":"ListItem","position":3,"name":"Audaz Lemon. Desengrasante concentrado"}]},{"@type":"WebSite","@id":"https:\/\/dermo.com\/#website","url":"https:\/\/dermo.com\/","name":"Dermo | usine de d\u00e9tergents","description":"Technologie avanc\u00e9e, recherche et d\u00e9veloppement, respect de l&#039;environnement, comp\u00e9tence, formation constante et haut niveau de professionnalisme de notre \u00e9quipe humaine, engag\u00e9e \u00e0 pr\u00e9server la qualit\u00e9 de vie, la protection de l&#039;environnement naturel continuent de nous motiver \u00e0 d\u00e9velopper de nouveaux produits dans notre laboratoires aux principes actifs hautement biod\u00e9gradables qui rendent possible le d\u00e9veloppement durable.","potentialAction":[{"@type":"SearchAction","target":{"@type":"EntryPoint","urlTemplate":"https:\/\/dermo.com\/?s={search_term_string}"},"query-input":{"@type":"PropertyValueSpecification","valueRequired":true,"valueName":"search_term_string"}}],"inLanguage":"fr-FR"}]}},"_links":{"self":[{"href":"https:\/\/dermo.com\/fr\/wp-json\/wp\/v2\/product\/2603","targetHints":{"allow":["GET"]}}],"collection":[{"href":"https:\/\/dermo.com\/fr\/wp-json\/wp\/v2\/product"}],"about":[{"href":"https:\/\/dermo.com\/fr\/wp-json\/wp\/v2\/types\/product"}],"wp:featuredmedia":[{"embeddable":true,"href":"https:\/\/dermo.com\/fr\/wp-json\/wp\/v2\/media\/2602"}],"wp:attachment":[{"href":"https:\/\/dermo.com\/fr\/wp-json\/wp\/v2\/media?parent=2603"}],"wp:term":[{"taxonomy":"product_brand","embeddable":true,"href":"https:\/\/dermo.com\/fr\/wp-json\/wp\/v2\/product_brand?post=2603"},{"taxonomy":"product_cat","embeddable":true,"href":"https:\/\/dermo.com\/fr\/wp-json\/wp\/v2\/product_cat?post=2603"},{"taxonomy":"product_tag","embeddable":true,"href":"https:\/\/dermo.com\/fr\/wp-json\/wp\/v2\/product_tag?post=2603"}],"curies":[{"name":"wp","href":"https:\/\/api.w.org\/{rel}","templated":true}]}}