{"id":2605,"date":"2015-07-27T17:02:59","date_gmt":"2015-07-27T17:02:59","guid":{"rendered":"https:\/\/dermo.ultbit.com\/producto\/audaz-planchas\/"},"modified":"2025-03-17T12:42:31","modified_gmt":"2025-03-17T11:42:31","slug":"planches-audacieuses","status":"publish","type":"product","link":"https:\/\/dermo.com\/fr\/catalogue\/planches-audacieuses\/","title":{"rendered":"Audaz Planchas. D\u00e9graissant pour fer"},"content":{"rendered":"<p><strong>MODE D'EMPLOI:<\/strong><br \/>\n<strong><em>Nettoyage des fours et planchas :<\/em><\/strong><br \/>\nRetirez les restes de nourriture coll\u00e9s avec le grattoir.<br \/>\nLa temp\u00e9rature du four ou de la plancha doit \u00eatre comprise entre 60 et 80 oC.<br \/>\nAppliquer le produit pur directement sur la surface. Laissez reposer quelques minutes, selon le niveau de salet\u00e9. Une fois la graisse d\u00e9graiss\u00e9e, ajoutez un peu d&#039;eau et enlevez la salet\u00e9 d\u00e9tach\u00e9e avec une \u00e9ponge ou un chiffon humide. Bien rincer \u00e0 l&#039;eau et laisser s\u00e9cher.<br \/>\n<strong><em>Filtres de hotte\u00a0:<\/em><\/strong><br \/>\nPlongez les filtres dans une solution de 3 \u00e0 10% (selon la salet\u00e9) avec de l&#039;eau chaude. Laissez agir au moins 20 minutes. Rincer et laisser s\u00e9cher.<br \/>\n<em><strong>Friteuses\u00a0:<\/strong><\/em><br \/>\nRemplissez la friteuse avec une solution de 3 \u00e0 10 % (150 \u00e0 500 ml pour 5 litres d&#039;eau). D\u00e9marrez la friteuse et laissez bouillir 10 \u00e0 15 minutes. Une fois refroidi, videz-le et retirez tous les r\u00e9sidus des parois et des \u00e9l\u00e9ments chauffants \u00e0 l&#039;aide d&#039;un tampon \u00e0 r\u00e9curer. Rincer abondamment \u00e0 l&#039;eau et laisser s\u00e9cher.<br \/>\nPeut d\u00e9gager des vapeurs irritantes.<br \/>\nNE PAS UTILISER SUR L&#039;ALUMINIUM.<\/p>\n<p><strong>CARACT\u00c9RISTIQUES TECHNIQUES<\/strong><br \/>\nAspect: Liquide.<br \/>\nCouleur : Ambre.<br \/>\nOdeur: Characteristique.<br \/>\npH (10% dans l&#039;eau) : 13 \u2013 14<br \/>\nDensit\u00e9\u00a0: 1,20 \u2013 1,30 g\/cc<br \/>\nConcentration en substance active : 39 \u2013 42%<\/p>\n<p><strong>COMPOSITION<\/strong><br \/>\nTensioactifs amphot\u00e8res, amines, s\u00e9questrants, caustiques, \u00e9mulsifiants et colorants.<\/p>\n<p><strong>PR\u00c9SENTATION<\/strong><\/p>\n<table>\n<tbody>\n<tr>\n<td>FORMAT<\/td>\n<td>1 250 kg<\/td>\n<td>6 kg<\/td>\n<td><\/td>\n<\/tr>\n<tr>\n<td>CODE<\/td>\n<td>004AUP01<\/td>\n<td>004AUP06<\/td>\n<td><\/td>\n<\/tr>\n<\/tbody>\n<\/table>\n<p><strong>S\u00c9CURIT\u00c9 \/ TOXICOLOGIE<\/strong><br \/>\nProduit corrosif. Provoque des br\u00fblures.<br \/>\nPortez des v\u00eatements, des gants et une protection oculaire\/visage appropri\u00e9s.<br \/>\nEn cas d&#039;accident, consulter le Service d&#039;Information M\u00e9dicale Toxicologique. T\u00e9l. : 915 620 420.<\/p>\n<p><strong>INFORMATIONS COMPL\u00c9MENTAIRES<\/strong><br \/>\nPRODUIT INDUSTRIEL. UTILISATION PROFESSIONNELLE.<\/p>\n<p>&nbsp;<\/p>","protected":false},"excerpt":{"rendered":"<h3>Audaz Planchas<\/h3>\n<p class=\"Estndar\">D\u00e9graissant liquide concentr\u00e9, qui \u00e9limine efficacement la graisse br\u00fbl\u00e9e des plaques des cuisini\u00e8res, avec un minimum d\u2019effort. Il est aussi efficace pour d\u00e9graisser toutes sortes de surfaces, pour le nottyage de m\u00e9taux qui vont \u00eatre peints\u2026 Convenablement dilu\u00e9, il n\u2019attaque pas les peintures, le caoutchouc ou les plastiques.<\/p>\n<table>\n<tbody>\n<tr>\n<td style=\"width: 50%;\">\n<p class=\"Estndar\"><span lang=\"es\" xml:lang=\"es\"><strong>Vid\u00e9os d&#039;application des fers Audaz\u00a0:<\/strong><\/span><\/p>\n<details>\n<summary>Vid\u00e9o de candidature \u2013 espagnol<\/summary>\n<p><iframe src=\"https:\/\/www.youtube.com\/embed\/5nxt6rtLx8s?rel=0\"><\/iframe><\/p>\n<\/details>\n<\/td>\n<\/tr>\n<\/tbody>\n<\/table>","protected":false},"featured_media":2604,"template":"","meta":{"neve_meta_sidebar":"","neve_meta_container":"","neve_meta_enable_content_width":"off","neve_meta_content_width":100,"neve_meta_title_alignment":"","neve_meta_author_avatar":"","neve_post_elements_order":"","neve_meta_disable_header":"","neve_meta_disable_footer":"","neve_meta_disable_title":""},"product_brand":[],"product_cat":[383,372,370,374],"product_tag":[],"class_list":{"0":"post-2605","1":"product","2":"type-product","3":"status-publish","4":"has-post-thumbnail","6":"product_cat-desengrasantes","7":"product_cat-geriatricos","8":"product_cat-hoteles","9":"product_cat-restauracion","11":"first","12":"instock","13":"shipping-taxable","14":"product-type-simple"},"yoast_head":"<!-- This site is optimized with the Yoast SEO plugin v27.0 - https:\/\/yoast.com\/product\/yoast-seo-wordpress\/ -->\n<title>Audaz Planchas. Desengrasante planchas - Dermo | F\u00e1brica de detergentes<\/title>\n<meta name=\"robots\" content=\"index, follow, max-snippet:-1, max-image-preview:large, max-video-preview:-1\" \/>\n<link rel=\"canonical\" href=\"https:\/\/dermo.com\/fr\/catalogue\/planches-audacieuses\/\" \/>\n<meta property=\"og:locale\" content=\"fr_FR\" \/>\n<meta property=\"og:type\" content=\"article\" \/>\n<meta property=\"og:title\" content=\"Audaz Planchas. Desengrasante planchas - Dermo | F\u00e1brica de detergentes\" \/>\n<meta property=\"og:description\" content=\"Audaz Planchas Desengrasante l\u00edquido concentrado, que elimina con eficacia la grasa requemada y carbonizada de las planchas de cocina, hornos y parrillas con m\u00ednimo esfuerzo. Disuelto con agua, tambi\u00e9n es adecuado para la limpieza de freidoras. Elimina el \u00f3xido, al mismo tiempo que actua como antioxidante de las superficies tratadas.      V\u00eddeos de Aplicaci\u00f3n Audaz Planchas:  V\u00eddeo de Aplicaci\u00f3n - Espa\u00f1ol\" \/>\n<meta property=\"og:url\" content=\"https:\/\/dermo.com\/fr\/catalogue\/planches-audacieuses\/\" \/>\n<meta property=\"og:site_name\" content=\"Dermo | F\u00e1brica de detergentes\" \/>\n<meta property=\"article:modified_time\" content=\"2025-03-17T11:42:31+00:00\" \/>\n<meta property=\"og:image\" content=\"https:\/\/dermo.com\/wp-content\/uploads\/2015\/07\/77-Audaz-Planchas.-Desengrasante-planchas.jpg\" \/>\n\t<meta property=\"og:image:width\" content=\"768\" \/>\n\t<meta property=\"og:image:height\" content=\"823\" \/>\n\t<meta property=\"og:image:type\" content=\"image\/jpeg\" \/>\n<meta name=\"twitter:card\" content=\"summary_large_image\" \/>\n<meta name=\"twitter:label1\" content=\"Dur\u00e9e de lecture estim\u00e9e\" \/>\n\t<meta name=\"twitter:data1\" content=\"2 minutes\" \/>\n<script type=\"application\/ld+json\" class=\"yoast-schema-graph\">{\"@context\":\"https:\/\/schema.org\",\"@graph\":[{\"@type\":\"WebPage\",\"@id\":\"https:\/\/dermo.com\/catalogo\/audaz-planchas\/\",\"url\":\"https:\/\/dermo.com\/catalogo\/audaz-planchas\/\",\"name\":\"Audaz Planchas. Desengrasante planchas - Dermo | F\u00e1brica de detergentes\",\"isPartOf\":{\"@id\":\"https:\/\/dermo.com\/#website\"},\"primaryImageOfPage\":{\"@id\":\"https:\/\/dermo.com\/catalogo\/audaz-planchas\/#primaryimage\"},\"image\":{\"@id\":\"https:\/\/dermo.com\/catalogo\/audaz-planchas\/#primaryimage\"},\"thumbnailUrl\":\"https:\/\/dermo.com\/wp-content\/uploads\/2015\/07\/77-Audaz-Planchas.-Desengrasante-planchas.jpg\",\"datePublished\":\"2015-07-27T17:02:59+00:00\",\"dateModified\":\"2025-03-17T11:42:31+00:00\",\"breadcrumb\":{\"@id\":\"https:\/\/dermo.com\/catalogo\/audaz-planchas\/#breadcrumb\"},\"inLanguage\":\"fr-FR\",\"potentialAction\":[{\"@type\":\"ReadAction\",\"target\":[\"https:\/\/dermo.com\/catalogo\/audaz-planchas\/\"]}]},{\"@type\":\"ImageObject\",\"inLanguage\":\"fr-FR\",\"@id\":\"https:\/\/dermo.com\/catalogo\/audaz-planchas\/#primaryimage\",\"url\":\"https:\/\/dermo.com\/wp-content\/uploads\/2015\/07\/77-Audaz-Planchas.-Desengrasante-planchas.jpg\",\"contentUrl\":\"https:\/\/dermo.com\/wp-content\/uploads\/2015\/07\/77-Audaz-Planchas.-Desengrasante-planchas.jpg\",\"width\":768,\"height\":823,\"caption\":\"Audaz Planchas. Desengrasante planchas\"},{\"@type\":\"BreadcrumbList\",\"@id\":\"https:\/\/dermo.com\/catalogo\/audaz-planchas\/#breadcrumb\",\"itemListElement\":[{\"@type\":\"ListItem\",\"position\":1,\"name\":\"Portada\",\"item\":\"https:\/\/dermo.com\/\"},{\"@type\":\"ListItem\",\"position\":2,\"name\":\"Tienda\",\"item\":\"https:\/\/dermo.com\/tienda\/\"},{\"@type\":\"ListItem\",\"position\":3,\"name\":\"Audaz Planchas. Desengrasante planchas\"}]},{\"@type\":\"WebSite\",\"@id\":\"https:\/\/dermo.com\/#website\",\"url\":\"https:\/\/dermo.com\/\",\"name\":\"Dermo | F\u00e1brica de detergentes\",\"description\":\"Tecnolog\u00eda avanzada, investigaci\u00f3n y desarrollo, respeto por el medio ambiente, competencia, formaci\u00f3n constante y alto nivel de profesionalidad en nuestro equipo humano, empe\u00f1ado en preservar la calidad de vida, la protecci\u00f3n del entorno natural contin\u00faan motiv\u00e1ndonos para desarrollar en nuestros laboratorios nuevos productos con ingredientes activos altamente biodegradables que hacen posible un desarrollo sostenible.\",\"potentialAction\":[{\"@type\":\"SearchAction\",\"target\":{\"@type\":\"EntryPoint\",\"urlTemplate\":\"https:\/\/dermo.com\/?s={search_term_string}\"},\"query-input\":{\"@type\":\"PropertyValueSpecification\",\"valueRequired\":true,\"valueName\":\"search_term_string\"}}],\"inLanguage\":\"fr-FR\"}]}<\/script>\n<!-- \/ Yoast SEO plugin. -->","yoast_head_json":{"title":"Planches audacieuses. D\u00e9graissant fer - Dermo | usine de d\u00e9tergents","robots":{"index":"index","follow":"follow","max-snippet":"max-snippet:-1","max-image-preview":"max-image-preview:large","max-video-preview":"max-video-preview:-1"},"canonical":"https:\/\/dermo.com\/fr\/catalogue\/planches-audacieuses\/","og_locale":"fr_FR","og_type":"article","og_title":"Audaz Planchas. Desengrasante planchas - Dermo | F\u00e1brica de detergentes","og_description":"Audaz Planchas Desengrasante l\u00edquido concentrado, que elimina con eficacia la grasa requemada y carbonizada de las planchas de cocina, hornos y parrillas con m\u00ednimo esfuerzo. Disuelto con agua, tambi\u00e9n es adecuado para la limpieza de freidoras. Elimina el \u00f3xido, al mismo tiempo que actua como antioxidante de las superficies tratadas.      V\u00eddeos de Aplicaci\u00f3n Audaz Planchas:  V\u00eddeo de Aplicaci\u00f3n - Espa\u00f1ol","og_url":"https:\/\/dermo.com\/fr\/catalogue\/planches-audacieuses\/","og_site_name":"Dermo | F\u00e1brica de detergentes","article_modified_time":"2025-03-17T11:42:31+00:00","og_image":[{"width":768,"height":823,"url":"https:\/\/dermo.com\/wp-content\/uploads\/2015\/07\/77-Audaz-Planchas.-Desengrasante-planchas.jpg","type":"image\/jpeg"}],"twitter_card":"summary_large_image","twitter_misc":{"Dur\u00e9e de lecture estim\u00e9e":"2 minutes"},"schema":{"@context":"https:\/\/schema.org","@graph":[{"@type":"WebPage","@id":"https:\/\/dermo.com\/catalogo\/audaz-planchas\/","url":"https:\/\/dermo.com\/catalogo\/audaz-planchas\/","name":"Planches audacieuses. D\u00e9graissant fer - Dermo | usine de d\u00e9tergents","isPartOf":{"@id":"https:\/\/dermo.com\/#website"},"primaryImageOfPage":{"@id":"https:\/\/dermo.com\/catalogo\/audaz-planchas\/#primaryimage"},"image":{"@id":"https:\/\/dermo.com\/catalogo\/audaz-planchas\/#primaryimage"},"thumbnailUrl":"https:\/\/dermo.com\/wp-content\/uploads\/2015\/07\/77-Audaz-Planchas.-Desengrasante-planchas.jpg","datePublished":"2015-07-27T17:02:59+00:00","dateModified":"2025-03-17T11:42:31+00:00","breadcrumb":{"@id":"https:\/\/dermo.com\/catalogo\/audaz-planchas\/#breadcrumb"},"inLanguage":"fr-FR","potentialAction":[{"@type":"ReadAction","target":["https:\/\/dermo.com\/catalogo\/audaz-planchas\/"]}]},{"@type":"ImageObject","inLanguage":"fr-FR","@id":"https:\/\/dermo.com\/catalogo\/audaz-planchas\/#primaryimage","url":"https:\/\/dermo.com\/wp-content\/uploads\/2015\/07\/77-Audaz-Planchas.-Desengrasante-planchas.jpg","contentUrl":"https:\/\/dermo.com\/wp-content\/uploads\/2015\/07\/77-Audaz-Planchas.-Desengrasante-planchas.jpg","width":768,"height":823,"caption":"Audaz Planchas. Desengrasante planchas"},{"@type":"BreadcrumbList","@id":"https:\/\/dermo.com\/catalogo\/audaz-planchas\/#breadcrumb","itemListElement":[{"@type":"ListItem","position":1,"name":"Portada","item":"https:\/\/dermo.com\/"},{"@type":"ListItem","position":2,"name":"Tienda","item":"https:\/\/dermo.com\/tienda\/"},{"@type":"ListItem","position":3,"name":"Audaz Planchas. Desengrasante planchas"}]},{"@type":"WebSite","@id":"https:\/\/dermo.com\/#website","url":"https:\/\/dermo.com\/","name":"Dermo | usine de d\u00e9tergents","description":"Technologie avanc\u00e9e, recherche et d\u00e9veloppement, respect de l&#039;environnement, comp\u00e9tence, formation constante et haut niveau de professionnalisme de notre \u00e9quipe humaine, engag\u00e9e \u00e0 pr\u00e9server la qualit\u00e9 de vie, la protection de l&#039;environnement naturel continuent de nous motiver \u00e0 d\u00e9velopper de nouveaux produits dans notre laboratoires aux principes actifs hautement biod\u00e9gradables qui rendent possible le d\u00e9veloppement durable.","potentialAction":[{"@type":"SearchAction","target":{"@type":"EntryPoint","urlTemplate":"https:\/\/dermo.com\/?s={search_term_string}"},"query-input":{"@type":"PropertyValueSpecification","valueRequired":true,"valueName":"search_term_string"}}],"inLanguage":"fr-FR"}]}},"_links":{"self":[{"href":"https:\/\/dermo.com\/fr\/wp-json\/wp\/v2\/product\/2605","targetHints":{"allow":["GET"]}}],"collection":[{"href":"https:\/\/dermo.com\/fr\/wp-json\/wp\/v2\/product"}],"about":[{"href":"https:\/\/dermo.com\/fr\/wp-json\/wp\/v2\/types\/product"}],"wp:featuredmedia":[{"embeddable":true,"href":"https:\/\/dermo.com\/fr\/wp-json\/wp\/v2\/media\/2604"}],"wp:attachment":[{"href":"https:\/\/dermo.com\/fr\/wp-json\/wp\/v2\/media?parent=2605"}],"wp:term":[{"taxonomy":"product_brand","embeddable":true,"href":"https:\/\/dermo.com\/fr\/wp-json\/wp\/v2\/product_brand?post=2605"},{"taxonomy":"product_cat","embeddable":true,"href":"https:\/\/dermo.com\/fr\/wp-json\/wp\/v2\/product_cat?post=2605"},{"taxonomy":"product_tag","embeddable":true,"href":"https:\/\/dermo.com\/fr\/wp-json\/wp\/v2\/product_tag?post=2605"}],"curies":[{"name":"wp","href":"https:\/\/api.w.org\/{rel}","templated":true}]}}