{"id":2609,"date":"2015-07-27T17:42:53","date_gmt":"2015-07-27T17:42:53","guid":{"rendered":"https:\/\/dermo.ultbit.com\/producto\/audaz-especial\/"},"modified":"2025-03-17T14:37:10","modified_gmt":"2025-03-17T13:37:10","slug":"gras-special","status":"publish","type":"product","link":"https:\/\/dermo.com\/fr\/catalogue\/gras-special\/","title":{"rendered":"Audaz Especial. D\u00e9graissant"},"content":{"rendered":"<p><strong>MODE D'EMPLOI:<\/strong><br \/>\nOn peut l\u2019utiliser au pur pour des s\u00e1letes fortes, mais, dans la plupart des cas, il suffit de le diluer entre le 10% et le 50% dans l\u2019eau.<br \/>\nSurfaces : Doser 10-15 % de produit dans l'eau. Frotter avec un tampon \u00e0 r\u00e9curer ou un chiffon humide. Rincer\u00e0 l'eau et laissez s\u00e9cher.<br \/>\nSols : Doser 0.5-1 % de produit dans l'eau. Laver de la mani\u00e8re habituelle.<br \/>\nA utiliser \u00e0 froid.Il peut d\u00e9gager des vapeurs irritantes.<\/p>\n<p><strong>CARACT\u00c9RISTIQUES TECHNIQUES<\/strong><br \/>\nAspect : Liquide transparent<br \/>\nCouleur : Incolore.<br \/>\nOdeur: Characteristique.<br \/>\npH (10%, eau) : 13-14<br \/>\nDensit\u00e9 : 1,14 \u2013 1,18 g\/cc<br \/>\nConcentration en substance active\u00a0: 26\u00a0-29%<\/p>\n<p><strong>COMPOSITION<\/strong><br \/>\nTensioactifs amphot\u00e8res, amines, s\u00e9questrants, caustiques, \u00e9mulsifiants.<\/p>\n<p><strong>PR\u00c9SENTATION<\/strong><br \/>\nEmballages de plastique:<br \/>\nFORMAT 6 kg<br \/>\nCODE 004AUE06<\/p>\n<table>\n<tbody>\n<tr>\n<td>FORMAT<\/td>\n<td>\u00a0 \u00a0 \u00a0 \u00a06 kg<\/td>\n<\/tr>\n<tr>\n<td>CODE<\/td>\n<td>\u00a0 \u00a0 004AUE06<\/td>\n<\/tr>\n<\/tbody>\n<\/table>\n<p><strong>S\u00c9CURIT\u00c9 \/ TOXICOLOGIE<\/strong><br \/>\nProvoque de graves br\u00fblures de la peau et de graves l\u00e9sions oculaires.<br \/>\nPorter des gants\/v\u00eatements\/lunettes de protection.<br \/>\nEn cas d&#039;accident, consulter le Service d&#039;Information M\u00e9dicale Toxicologique. T\u00e9l. : 915 620 420.<\/p>\n<p><strong>INFORMATIONS COMPL\u00c9MENTAIRES<\/strong><br \/>\nPRODUIT INDUSTRIEL. UTILISATION PROFESSIONNELLE.<\/p>\n<p>&nbsp;<\/p>","protected":false},"excerpt":{"rendered":"<h3>Audaz Especial<\/h3>\n<p>Produit liquide concentr\u00e9 de grand pouvoir \u00e9mulsionnant, dissolvant les graisses et la salet\u00e9. Indiqu\u00e9 pour surfaces r\u00e9sistantes aux pH alcalin qui doivent \u00eatre nettoy\u00e9es au<br \/>\nfroid: sols, murs, plans de travail, ustensiles et \u00e9quipements.<\/p>","protected":false},"featured_media":3844,"template":"","meta":{"neve_meta_sidebar":"","neve_meta_container":"","neve_meta_enable_content_width":"off","neve_meta_content_width":100,"neve_meta_title_alignment":"","neve_meta_author_avatar":"","neve_post_elements_order":"","neve_meta_disable_header":"","neve_meta_disable_footer":"","neve_meta_disable_title":""},"product_brand":[],"product_cat":[383],"product_tag":[],"class_list":{"0":"post-2609","1":"product","2":"type-product","3":"status-publish","4":"has-post-thumbnail","6":"product_cat-desengrasantes","8":"first","9":"instock","10":"shipping-taxable","11":"product-type-simple"},"yoast_head":"<!-- This site is optimized with the Yoast SEO plugin v27.0 - https:\/\/yoast.com\/product\/yoast-seo-wordpress\/ -->\n<title>Audaz Especial. Desengrasante - Dermo | F\u00e1brica de detergentes<\/title>\n<meta name=\"robots\" content=\"index, follow, max-snippet:-1, max-image-preview:large, max-video-preview:-1\" \/>\n<link rel=\"canonical\" href=\"https:\/\/dermo.com\/fr\/catalogue\/gras-special\/\" \/>\n<meta property=\"og:locale\" content=\"fr_FR\" \/>\n<meta property=\"og:type\" content=\"article\" \/>\n<meta property=\"og:title\" content=\"Audaz Especial. Desengrasante - Dermo | F\u00e1brica de detergentes\" \/>\n<meta property=\"og:description\" content=\"Audaz Especial Producto l\u00edquido concentrado con gran poder emulsionante, que disuelve las grasas y la suciedad. Concebido para desengrasar todo tipo de superf\u00edcies resistentes a pH alcalino que tengan que limpiarse en fr\u00edo: suelos, paredes, mesas de trabajo, utensilios, equipos...\" \/>\n<meta property=\"og:url\" content=\"https:\/\/dermo.com\/fr\/catalogue\/gras-special\/\" \/>\n<meta property=\"og:site_name\" content=\"Dermo | F\u00e1brica de detergentes\" \/>\n<meta property=\"article:modified_time\" content=\"2025-03-17T13:37:10+00:00\" \/>\n<meta property=\"og:image\" content=\"https:\/\/dermo.com\/wp-content\/uploads\/2015\/07\/Audaz-Especial.png\" \/>\n\t<meta property=\"og:image:width\" content=\"768\" \/>\n\t<meta property=\"og:image:height\" content=\"823\" \/>\n\t<meta property=\"og:image:type\" content=\"image\/png\" \/>\n<meta name=\"twitter:card\" content=\"summary_large_image\" \/>\n<meta name=\"twitter:label1\" content=\"Dur\u00e9e de lecture estim\u00e9e\" \/>\n\t<meta name=\"twitter:data1\" content=\"1 minute\" \/>\n<script type=\"application\/ld+json\" class=\"yoast-schema-graph\">{\"@context\":\"https:\/\/schema.org\",\"@graph\":[{\"@type\":\"WebPage\",\"@id\":\"https:\/\/dermo.com\/catalogo\/audaz-especial\/\",\"url\":\"https:\/\/dermo.com\/catalogo\/audaz-especial\/\",\"name\":\"Audaz Especial. Desengrasante - Dermo | F\u00e1brica de detergentes\",\"isPartOf\":{\"@id\":\"https:\/\/dermo.com\/#website\"},\"primaryImageOfPage\":{\"@id\":\"https:\/\/dermo.com\/catalogo\/audaz-especial\/#primaryimage\"},\"image\":{\"@id\":\"https:\/\/dermo.com\/catalogo\/audaz-especial\/#primaryimage\"},\"thumbnailUrl\":\"https:\/\/dermo.com\/wp-content\/uploads\/2015\/07\/Audaz-Especial.png\",\"datePublished\":\"2015-07-27T17:42:53+00:00\",\"dateModified\":\"2025-03-17T13:37:10+00:00\",\"breadcrumb\":{\"@id\":\"https:\/\/dermo.com\/catalogo\/audaz-especial\/#breadcrumb\"},\"inLanguage\":\"fr-FR\",\"potentialAction\":[{\"@type\":\"ReadAction\",\"target\":[\"https:\/\/dermo.com\/catalogo\/audaz-especial\/\"]}]},{\"@type\":\"ImageObject\",\"inLanguage\":\"fr-FR\",\"@id\":\"https:\/\/dermo.com\/catalogo\/audaz-especial\/#primaryimage\",\"url\":\"https:\/\/dermo.com\/wp-content\/uploads\/2015\/07\/Audaz-Especial.png\",\"contentUrl\":\"https:\/\/dermo.com\/wp-content\/uploads\/2015\/07\/Audaz-Especial.png\",\"width\":768,\"height\":823},{\"@type\":\"BreadcrumbList\",\"@id\":\"https:\/\/dermo.com\/catalogo\/audaz-especial\/#breadcrumb\",\"itemListElement\":[{\"@type\":\"ListItem\",\"position\":1,\"name\":\"Portada\",\"item\":\"https:\/\/dermo.com\/\"},{\"@type\":\"ListItem\",\"position\":2,\"name\":\"Tienda\",\"item\":\"https:\/\/dermo.com\/tienda\/\"},{\"@type\":\"ListItem\",\"position\":3,\"name\":\"Audaz Especial. Desengrasante\"}]},{\"@type\":\"WebSite\",\"@id\":\"https:\/\/dermo.com\/#website\",\"url\":\"https:\/\/dermo.com\/\",\"name\":\"Dermo | F\u00e1brica de detergentes\",\"description\":\"Tecnolog\u00eda avanzada, investigaci\u00f3n y desarrollo, respeto por el medio ambiente, competencia, formaci\u00f3n constante y alto nivel de profesionalidad en nuestro equipo humano, empe\u00f1ado en preservar la calidad de vida, la protecci\u00f3n del entorno natural contin\u00faan motiv\u00e1ndonos para desarrollar en nuestros laboratorios nuevos productos con ingredientes activos altamente biodegradables que hacen posible un desarrollo sostenible.\",\"potentialAction\":[{\"@type\":\"SearchAction\",\"target\":{\"@type\":\"EntryPoint\",\"urlTemplate\":\"https:\/\/dermo.com\/?s={search_term_string}\"},\"query-input\":{\"@type\":\"PropertyValueSpecification\",\"valueRequired\":true,\"valueName\":\"search_term_string\"}}],\"inLanguage\":\"fr-FR\"}]}<\/script>\n<!-- \/ Yoast SEO plugin. -->","yoast_head_json":{"title":"Sp\u00e9cial audacieux. D\u00e9graissant - Dermo | usine de d\u00e9tergents","robots":{"index":"index","follow":"follow","max-snippet":"max-snippet:-1","max-image-preview":"max-image-preview:large","max-video-preview":"max-video-preview:-1"},"canonical":"https:\/\/dermo.com\/fr\/catalogue\/gras-special\/","og_locale":"fr_FR","og_type":"article","og_title":"Audaz Especial. Desengrasante - Dermo | F\u00e1brica de detergentes","og_description":"Audaz Especial Producto l\u00edquido concentrado con gran poder emulsionante, que disuelve las grasas y la suciedad. Concebido para desengrasar todo tipo de superf\u00edcies resistentes a pH alcalino que tengan que limpiarse en fr\u00edo: suelos, paredes, mesas de trabajo, utensilios, equipos...","og_url":"https:\/\/dermo.com\/fr\/catalogue\/gras-special\/","og_site_name":"Dermo | F\u00e1brica de detergentes","article_modified_time":"2025-03-17T13:37:10+00:00","og_image":[{"width":768,"height":823,"url":"https:\/\/dermo.com\/wp-content\/uploads\/2015\/07\/Audaz-Especial.png","type":"image\/png"}],"twitter_card":"summary_large_image","twitter_misc":{"Dur\u00e9e de lecture estim\u00e9e":"1 minute"},"schema":{"@context":"https:\/\/schema.org","@graph":[{"@type":"WebPage","@id":"https:\/\/dermo.com\/catalogo\/audaz-especial\/","url":"https:\/\/dermo.com\/catalogo\/audaz-especial\/","name":"Sp\u00e9cial audacieux. D\u00e9graissant - Dermo | usine de d\u00e9tergents","isPartOf":{"@id":"https:\/\/dermo.com\/#website"},"primaryImageOfPage":{"@id":"https:\/\/dermo.com\/catalogo\/audaz-especial\/#primaryimage"},"image":{"@id":"https:\/\/dermo.com\/catalogo\/audaz-especial\/#primaryimage"},"thumbnailUrl":"https:\/\/dermo.com\/wp-content\/uploads\/2015\/07\/Audaz-Especial.png","datePublished":"2015-07-27T17:42:53+00:00","dateModified":"2025-03-17T13:37:10+00:00","breadcrumb":{"@id":"https:\/\/dermo.com\/catalogo\/audaz-especial\/#breadcrumb"},"inLanguage":"fr-FR","potentialAction":[{"@type":"ReadAction","target":["https:\/\/dermo.com\/catalogo\/audaz-especial\/"]}]},{"@type":"ImageObject","inLanguage":"fr-FR","@id":"https:\/\/dermo.com\/catalogo\/audaz-especial\/#primaryimage","url":"https:\/\/dermo.com\/wp-content\/uploads\/2015\/07\/Audaz-Especial.png","contentUrl":"https:\/\/dermo.com\/wp-content\/uploads\/2015\/07\/Audaz-Especial.png","width":768,"height":823},{"@type":"BreadcrumbList","@id":"https:\/\/dermo.com\/catalogo\/audaz-especial\/#breadcrumb","itemListElement":[{"@type":"ListItem","position":1,"name":"Portada","item":"https:\/\/dermo.com\/"},{"@type":"ListItem","position":2,"name":"Tienda","item":"https:\/\/dermo.com\/tienda\/"},{"@type":"ListItem","position":3,"name":"Audaz Especial. Desengrasante"}]},{"@type":"WebSite","@id":"https:\/\/dermo.com\/#website","url":"https:\/\/dermo.com\/","name":"Dermo | usine de d\u00e9tergents","description":"Technologie avanc\u00e9e, recherche et d\u00e9veloppement, respect de l&#039;environnement, comp\u00e9tence, formation constante et haut niveau de professionnalisme de notre \u00e9quipe humaine, engag\u00e9e \u00e0 pr\u00e9server la qualit\u00e9 de vie, la protection de l&#039;environnement naturel continuent de nous motiver \u00e0 d\u00e9velopper de nouveaux produits dans notre laboratoires aux principes actifs hautement biod\u00e9gradables qui rendent possible le d\u00e9veloppement durable.","potentialAction":[{"@type":"SearchAction","target":{"@type":"EntryPoint","urlTemplate":"https:\/\/dermo.com\/?s={search_term_string}"},"query-input":{"@type":"PropertyValueSpecification","valueRequired":true,"valueName":"search_term_string"}}],"inLanguage":"fr-FR"}]}},"_links":{"self":[{"href":"https:\/\/dermo.com\/fr\/wp-json\/wp\/v2\/product\/2609","targetHints":{"allow":["GET"]}}],"collection":[{"href":"https:\/\/dermo.com\/fr\/wp-json\/wp\/v2\/product"}],"about":[{"href":"https:\/\/dermo.com\/fr\/wp-json\/wp\/v2\/types\/product"}],"wp:featuredmedia":[{"embeddable":true,"href":"https:\/\/dermo.com\/fr\/wp-json\/wp\/v2\/media\/3844"}],"wp:attachment":[{"href":"https:\/\/dermo.com\/fr\/wp-json\/wp\/v2\/media?parent=2609"}],"wp:term":[{"taxonomy":"product_brand","embeddable":true,"href":"https:\/\/dermo.com\/fr\/wp-json\/wp\/v2\/product_brand?post=2609"},{"taxonomy":"product_cat","embeddable":true,"href":"https:\/\/dermo.com\/fr\/wp-json\/wp\/v2\/product_cat?post=2609"},{"taxonomy":"product_tag","embeddable":true,"href":"https:\/\/dermo.com\/fr\/wp-json\/wp\/v2\/product_tag?post=2609"}],"curies":[{"name":"wp","href":"https:\/\/api.w.org\/{rel}","templated":true}]}}