{"id":2611,"date":"2015-07-27T17:47:25","date_gmt":"2015-07-27T17:47:25","guid":{"rendered":"https:\/\/dermo.ultbit.com\/producto\/dhp-100\/"},"modified":"2025-03-17T16:13:13","modified_gmt":"2025-03-17T15:13:13","slug":"dhp-100","status":"publish","type":"product","link":"https:\/\/dermo.com\/fr\/catalogue\/dhp-100\/","title":{"rendered":"DHP-100. D\u00e9graissant"},"content":{"rendered":"<p><strong>MODE D'EMPLOI:<\/strong><br \/>\nSols : Dosage de 0,5 \u00e0 2% dans l&#039;eau.<br \/>\nSurfaces : Mesurer 10 \u00e0 40% dans l&#039;eau, laisser agir et frotter avec une \u00e9ponge ou un chiffon humide. Rincer \u00e0 l&#039;eau.<br \/>\nD\u00e9tachant textile : Vaporisez directement sur la tache et placez le v\u00eatement directement dans la machine \u00e0 laver.<\/p>\n<p><strong>CARACT\u00c9RISTIQUES TECHNIQUES<\/strong><br \/>\nAspect: Liquide.<br \/>\nCouleur : Jaune.<br \/>\nOdeur: Sans parfum.<br \/>\npH pur : 12,5 \u2013 13,5.<br \/>\nDensit\u00e9 : 1,01 \u2013 1,02 g\/cc.<br \/>\nSolubilit\u00e9 dans eau: Soluble.<\/p>\n<p><strong>COMPOSITION<\/strong><br \/>\nTensioactifs, caustiques, s\u00e9questrants, \u00e9mulsifiants et colorants.<\/p>\n<p><strong>PR\u00c9SENTATION<\/strong><br \/>\nEmballages de plastique:<br \/>\nFORMAT 5kg<br \/>\nCODE 004DEE05<\/p>\n<table>\n<tbody>\n<tr>\n<td>FORMAT<\/td>\n<td>\u00a0 \u00a0 \u00a0 5 kg<\/td>\n<\/tr>\n<tr>\n<td>CODE<\/td>\n<td>\u00a0 \u00a0004DEE05<\/td>\n<\/tr>\n<\/tbody>\n<\/table>\n<p><strong>S\u00c9CURIT\u00c9 \/ TOXICOLOGIE<\/strong><br \/>\nProvoque de graves br\u00fblures de la peau et de graves l\u00e9sions oculaires. Portez des gants\/lunettes. Garder<br \/>\nhors de port\u00e9e des enfants. En cas d&#039;accident, consulter le Service d&#039;Information M\u00e9dicale<br \/>\nToxicologique. T\u00e9l. : 915 620 420.<\/p>\n<p><strong>INFORMATIONS COMPL\u00c9MENTAIRES<\/strong><br \/>\nPRODUIT INDUSTRIEL. UTILISATION PROFESSIONNELLE.<\/p>\n<p>&nbsp;<\/p>","protected":false},"excerpt":{"rendered":"<h3>DHP-100<\/h3>\n<p class=\"Estndar\">D\u00e9graissant sp\u00e9cial pour surfaces tr\u00e8s grasses telles que fours, cuisini\u00e8res, hottes et carrelages de cuisine. Il peut \u00e9galement \u00eatre utilis\u00e9 comme d\u00e9graissant textile pour \u00e9liminer la graisse, l&#039;huile et autres taches difficiles, en entra\u00eenant la salet\u00e9 sans endommager les couleurs.<\/p>","protected":false},"featured_media":2610,"template":"","meta":{"neve_meta_sidebar":"","neve_meta_container":"","neve_meta_enable_content_width":"off","neve_meta_content_width":100,"neve_meta_title_alignment":"","neve_meta_author_avatar":"","neve_post_elements_order":"","neve_meta_disable_header":"","neve_meta_disable_footer":"","neve_meta_disable_title":""},"product_brand":[],"product_cat":[383,1095,376],"product_tag":[],"class_list":{"0":"post-2611","1":"product","2":"type-product","3":"status-publish","4":"has-post-thumbnail","6":"product_cat-desengrasantes","7":"product_cat-escuelas-sectores","8":"product_cat-servicios-de-limpieza","10":"first","11":"instock","12":"shipping-taxable","13":"product-type-simple"},"yoast_head":"<!-- This site is optimized with the Yoast SEO plugin v27.0 - https:\/\/yoast.com\/product\/yoast-seo-wordpress\/ -->\n<title>DHP-100. Desengrasante - Dermo | F\u00e1brica de detergentes<\/title>\n<meta name=\"robots\" content=\"index, follow, max-snippet:-1, max-image-preview:large, max-video-preview:-1\" \/>\n<link rel=\"canonical\" href=\"https:\/\/dermo.com\/fr\/catalogue\/dhp-100\/\" \/>\n<meta property=\"og:locale\" content=\"fr_FR\" \/>\n<meta property=\"og:type\" content=\"article\" \/>\n<meta property=\"og:title\" content=\"DHP-100. Desengrasante - Dermo | F\u00e1brica de detergentes\" \/>\n<meta property=\"og:description\" content=\"DHP-100 Desengrasante especial para superficies muy grasientas como hornos, cocinas, campanas y baldosas de cocina. Tambi\u00e9n puede usarse como desengrasante textil para eliminar manchas de grasas, aceites y otras manchas dif\u00edciles arrastrando la suciedad sin da\u00f1ar los colores.\" \/>\n<meta property=\"og:url\" content=\"https:\/\/dermo.com\/fr\/catalogue\/dhp-100\/\" \/>\n<meta property=\"og:site_name\" content=\"Dermo | F\u00e1brica de detergentes\" \/>\n<meta property=\"article:modified_time\" content=\"2025-03-17T15:13:13+00:00\" \/>\n<meta property=\"og:image\" content=\"https:\/\/dermo.com\/wp-content\/uploads\/2015\/07\/80-DHP-100.-Desengrasante.jpg\" \/>\n\t<meta property=\"og:image:width\" content=\"768\" \/>\n\t<meta property=\"og:image:height\" content=\"823\" \/>\n\t<meta property=\"og:image:type\" content=\"image\/jpeg\" \/>\n<meta name=\"twitter:card\" content=\"summary_large_image\" \/>\n<meta name=\"twitter:label1\" content=\"Dur\u00e9e de lecture estim\u00e9e\" \/>\n\t<meta name=\"twitter:data1\" content=\"1 minute\" \/>\n<script type=\"application\/ld+json\" class=\"yoast-schema-graph\">{\"@context\":\"https:\/\/schema.org\",\"@graph\":[{\"@type\":\"WebPage\",\"@id\":\"https:\/\/dermo.com\/catalogo\/dhp-100\/\",\"url\":\"https:\/\/dermo.com\/catalogo\/dhp-100\/\",\"name\":\"DHP-100. Desengrasante - Dermo | F\u00e1brica de detergentes\",\"isPartOf\":{\"@id\":\"https:\/\/dermo.com\/#website\"},\"primaryImageOfPage\":{\"@id\":\"https:\/\/dermo.com\/catalogo\/dhp-100\/#primaryimage\"},\"image\":{\"@id\":\"https:\/\/dermo.com\/catalogo\/dhp-100\/#primaryimage\"},\"thumbnailUrl\":\"https:\/\/dermo.com\/wp-content\/uploads\/2015\/07\/80-DHP-100.-Desengrasante.jpg\",\"datePublished\":\"2015-07-27T17:47:25+00:00\",\"dateModified\":\"2025-03-17T15:13:13+00:00\",\"breadcrumb\":{\"@id\":\"https:\/\/dermo.com\/catalogo\/dhp-100\/#breadcrumb\"},\"inLanguage\":\"fr-FR\",\"potentialAction\":[{\"@type\":\"ReadAction\",\"target\":[\"https:\/\/dermo.com\/catalogo\/dhp-100\/\"]}]},{\"@type\":\"ImageObject\",\"inLanguage\":\"fr-FR\",\"@id\":\"https:\/\/dermo.com\/catalogo\/dhp-100\/#primaryimage\",\"url\":\"https:\/\/dermo.com\/wp-content\/uploads\/2015\/07\/80-DHP-100.-Desengrasante.jpg\",\"contentUrl\":\"https:\/\/dermo.com\/wp-content\/uploads\/2015\/07\/80-DHP-100.-Desengrasante.jpg\",\"width\":768,\"height\":823,\"caption\":\"DHP-100. Desengrasante\"},{\"@type\":\"BreadcrumbList\",\"@id\":\"https:\/\/dermo.com\/catalogo\/dhp-100\/#breadcrumb\",\"itemListElement\":[{\"@type\":\"ListItem\",\"position\":1,\"name\":\"Portada\",\"item\":\"https:\/\/dermo.com\/\"},{\"@type\":\"ListItem\",\"position\":2,\"name\":\"Tienda\",\"item\":\"https:\/\/dermo.com\/tienda\/\"},{\"@type\":\"ListItem\",\"position\":3,\"name\":\"DHP-100. Desengrasante\"}]},{\"@type\":\"WebSite\",\"@id\":\"https:\/\/dermo.com\/#website\",\"url\":\"https:\/\/dermo.com\/\",\"name\":\"Dermo | F\u00e1brica de detergentes\",\"description\":\"Tecnolog\u00eda avanzada, investigaci\u00f3n y desarrollo, respeto por el medio ambiente, competencia, formaci\u00f3n constante y alto nivel de profesionalidad en nuestro equipo humano, empe\u00f1ado en preservar la calidad de vida, la protecci\u00f3n del entorno natural contin\u00faan motiv\u00e1ndonos para desarrollar en nuestros laboratorios nuevos productos con ingredientes activos altamente biodegradables que hacen posible un desarrollo sostenible.\",\"potentialAction\":[{\"@type\":\"SearchAction\",\"target\":{\"@type\":\"EntryPoint\",\"urlTemplate\":\"https:\/\/dermo.com\/?s={search_term_string}\"},\"query-input\":{\"@type\":\"PropertyValueSpecification\",\"valueRequired\":true,\"valueName\":\"search_term_string\"}}],\"inLanguage\":\"fr-FR\"}]}<\/script>\n<!-- \/ Yoast SEO plugin. -->","yoast_head_json":{"title":"DHP-100. D\u00e9graissant - Dermo | usine de d\u00e9tergents","robots":{"index":"index","follow":"follow","max-snippet":"max-snippet:-1","max-image-preview":"max-image-preview:large","max-video-preview":"max-video-preview:-1"},"canonical":"https:\/\/dermo.com\/fr\/catalogue\/dhp-100\/","og_locale":"fr_FR","og_type":"article","og_title":"DHP-100. Desengrasante - Dermo | F\u00e1brica de detergentes","og_description":"DHP-100 Desengrasante especial para superficies muy grasientas como hornos, cocinas, campanas y baldosas de cocina. Tambi\u00e9n puede usarse como desengrasante textil para eliminar manchas de grasas, aceites y otras manchas dif\u00edciles arrastrando la suciedad sin da\u00f1ar los colores.","og_url":"https:\/\/dermo.com\/fr\/catalogue\/dhp-100\/","og_site_name":"Dermo | F\u00e1brica de detergentes","article_modified_time":"2025-03-17T15:13:13+00:00","og_image":[{"width":768,"height":823,"url":"https:\/\/dermo.com\/wp-content\/uploads\/2015\/07\/80-DHP-100.-Desengrasante.jpg","type":"image\/jpeg"}],"twitter_card":"summary_large_image","twitter_misc":{"Dur\u00e9e de lecture estim\u00e9e":"1 minute"},"schema":{"@context":"https:\/\/schema.org","@graph":[{"@type":"WebPage","@id":"https:\/\/dermo.com\/catalogo\/dhp-100\/","url":"https:\/\/dermo.com\/catalogo\/dhp-100\/","name":"DHP-100. D\u00e9graissant - Dermo | usine de d\u00e9tergents","isPartOf":{"@id":"https:\/\/dermo.com\/#website"},"primaryImageOfPage":{"@id":"https:\/\/dermo.com\/catalogo\/dhp-100\/#primaryimage"},"image":{"@id":"https:\/\/dermo.com\/catalogo\/dhp-100\/#primaryimage"},"thumbnailUrl":"https:\/\/dermo.com\/wp-content\/uploads\/2015\/07\/80-DHP-100.-Desengrasante.jpg","datePublished":"2015-07-27T17:47:25+00:00","dateModified":"2025-03-17T15:13:13+00:00","breadcrumb":{"@id":"https:\/\/dermo.com\/catalogo\/dhp-100\/#breadcrumb"},"inLanguage":"fr-FR","potentialAction":[{"@type":"ReadAction","target":["https:\/\/dermo.com\/catalogo\/dhp-100\/"]}]},{"@type":"ImageObject","inLanguage":"fr-FR","@id":"https:\/\/dermo.com\/catalogo\/dhp-100\/#primaryimage","url":"https:\/\/dermo.com\/wp-content\/uploads\/2015\/07\/80-DHP-100.-Desengrasante.jpg","contentUrl":"https:\/\/dermo.com\/wp-content\/uploads\/2015\/07\/80-DHP-100.-Desengrasante.jpg","width":768,"height":823,"caption":"DHP-100. Desengrasante"},{"@type":"BreadcrumbList","@id":"https:\/\/dermo.com\/catalogo\/dhp-100\/#breadcrumb","itemListElement":[{"@type":"ListItem","position":1,"name":"Portada","item":"https:\/\/dermo.com\/"},{"@type":"ListItem","position":2,"name":"Tienda","item":"https:\/\/dermo.com\/tienda\/"},{"@type":"ListItem","position":3,"name":"DHP-100. Desengrasante"}]},{"@type":"WebSite","@id":"https:\/\/dermo.com\/#website","url":"https:\/\/dermo.com\/","name":"Dermo | usine de d\u00e9tergents","description":"Technologie avanc\u00e9e, recherche et d\u00e9veloppement, respect de l&#039;environnement, comp\u00e9tence, formation constante et haut niveau de professionnalisme de notre \u00e9quipe humaine, engag\u00e9e \u00e0 pr\u00e9server la qualit\u00e9 de vie, la protection de l&#039;environnement naturel continuent de nous motiver \u00e0 d\u00e9velopper de nouveaux produits dans notre laboratoires aux principes actifs hautement biod\u00e9gradables qui rendent possible le d\u00e9veloppement durable.","potentialAction":[{"@type":"SearchAction","target":{"@type":"EntryPoint","urlTemplate":"https:\/\/dermo.com\/?s={search_term_string}"},"query-input":{"@type":"PropertyValueSpecification","valueRequired":true,"valueName":"search_term_string"}}],"inLanguage":"fr-FR"}]}},"_links":{"self":[{"href":"https:\/\/dermo.com\/fr\/wp-json\/wp\/v2\/product\/2611","targetHints":{"allow":["GET"]}}],"collection":[{"href":"https:\/\/dermo.com\/fr\/wp-json\/wp\/v2\/product"}],"about":[{"href":"https:\/\/dermo.com\/fr\/wp-json\/wp\/v2\/types\/product"}],"wp:featuredmedia":[{"embeddable":true,"href":"https:\/\/dermo.com\/fr\/wp-json\/wp\/v2\/media\/2610"}],"wp:attachment":[{"href":"https:\/\/dermo.com\/fr\/wp-json\/wp\/v2\/media?parent=2611"}],"wp:term":[{"taxonomy":"product_brand","embeddable":true,"href":"https:\/\/dermo.com\/fr\/wp-json\/wp\/v2\/product_brand?post=2611"},{"taxonomy":"product_cat","embeddable":true,"href":"https:\/\/dermo.com\/fr\/wp-json\/wp\/v2\/product_cat?post=2611"},{"taxonomy":"product_tag","embeddable":true,"href":"https:\/\/dermo.com\/fr\/wp-json\/wp\/v2\/product_tag?post=2611"}],"curies":[{"name":"wp","href":"https:\/\/api.w.org\/{rel}","templated":true}]}}