{"id":2623,"date":"2015-07-27T18:27:45","date_gmt":"2015-07-27T18:27:45","guid":{"rendered":"https:\/\/dermo.ultbit.com\/producto\/tropic-odour-remover\/"},"modified":"2025-02-21T13:40:36","modified_gmt":"2025-02-21T12:40:36","slug":"dissolvant-dodeurs-tropicales","status":"publish","type":"product","link":"https:\/\/dermo.com\/fr\/catalogue\/dissolvant-dodeurs-tropicales\/","title":{"rendered":"Tropic Odour Remover. \u00c9liminateur d'odeurs"},"content":{"rendered":"<p><strong>MODE D'EMPLOI:<\/strong><br \/>\nMettre Tropic Odour Remover pur dans le lieu que l\u2019on veut parfumer, le plus haut possible.<br \/>\nPi\u00e8ces textiles: Mettre  pur \u00e0 20 cm de distance. Laisser s\u00e9cher.<\/p>\n<p><strong>CARACT\u00c9RISTIQUES TECHNIQUES<\/strong><br \/>\nAspect: Liquide transparent.<br \/>\nCouleur : Incolore.<br \/>\nOdeur: Parfum.<br \/>\nDensit\u00e9 : 0,90 \u2013 1,00 g\/cc.<\/p>\n<p><strong>COMPOSITION<\/strong><br \/>\nAlcool, \u00e9mulsifiant et essences.<\/p>\n<p><strong>PR\u00c9SENTATION<\/strong><\/p>\n<table>\n<tbody>\n<tr>\n<td>FORMAT<\/td>\n<td>\u00a0 \u00a0 \u00a0 \u00a01L<\/td>\n<td style=\"text-align: left;\">\u00a0 \u00a0 \u00a0 \u00a0 \u00a05L<\/td>\n<\/tr>\n<tr>\n<td>CODE<\/td>\n<td>\u00a0 \u00a0005TOR01<\/td>\n<td>\u00a0 \u00a0 005TOR05<\/td>\n<\/tr>\n<\/tbody>\n<\/table>\n<p><strong>S\u00c9CURIT\u00c9 \/ TOXICOLOGIE<\/strong><br \/>\nProvoque une grave irritation des yeux. Tenir hors de port\u00e9e des enfants.<br \/>\nEn cas d&#039;accident, consulter le Service d&#039;Information M\u00e9dicale Toxicologique. T\u00e9l. : 915 620 420.<\/p>\n<p><strong>INFORMATIONS COMPL\u00c9MENTAIRES<\/strong><br \/>\nPRODUIT INDUSTRIEL. UTILISATION PROFESSIONNELLE.<\/p>","protected":false},"excerpt":{"rendered":"<h3>Tropic Odour Remover<\/h3>\n<p class=\"Estndar\">Liquide \u00e9liminateur qui absorbe les odeurs plus d\u00e9sagr\u00e9ables en des locals avec des fum\u00e9es, grands espaces, sanitaires, etc. Il peut s'utiliser aussi sur des pi\u00e8ces textiles: jaquettes, sofas, tapis, rideaux, tapisseries d'automobiles, etc...<\/p>\n<table>\n<tbody>\n<tr>\n<td style=\"width: 100%;\">\n<div class=\"video-section\">\n<p class=\"Estndar\"><span lang=\"es\" xml:lang=\"es\"><strong>Vid\u00e9os d&#039;application des assainisseurs d&#039;air Tropic\u00a0:<\/strong><\/span><\/p>\n<details>\n<summary>Vid\u00e9o de candidature \u2013 anglais<\/summary>\n<p><iframe src=\"https:\/\/www.youtube.com\/embed\/gm5igHf0Iw4?rel=0\"><\/iframe><\/p>\n<\/details>\n<details>\n<summary>Vid\u00e9o de candidature \u2013 Portugais<\/summary>\n<p><iframe src=\"https:\/\/www.youtube.com\/embed\/q0mEvOE3_Rw?rel=0\"><\/iframe><\/p>\n<\/details>\n<details>\n<summary>Vid\u00e9o de candidature \u2013 fran\u00e7ais<\/summary>\n<p><iframe src=\"https:\/\/www.youtube.com\/embed\/u4TYu1n9HKc?rel=0\"><\/iframe><\/p>\n<\/details>\n<details>\n<summary>Vid\u00e9o de candidature \u2013 espagnol<\/summary>\n<p><iframe src=\"https:\/\/www.youtube.com\/embed\/xH8vw9CTbww?rel=0\"><\/iframe><\/p>\n<\/details>\n<\/div>\n<\/td>\n<\/tr>\n<\/tbody>\n<\/table>","protected":false},"featured_media":3837,"template":"","meta":{"neve_meta_sidebar":"","neve_meta_container":"","neve_meta_enable_content_width":"off","neve_meta_content_width":100,"neve_meta_title_alignment":"","neve_meta_author_avatar":"","neve_post_elements_order":"","neve_meta_disable_header":"","neve_meta_disable_footer":"","neve_meta_disable_title":""},"product_brand":[],"product_cat":[388],"product_tag":[],"class_list":{"0":"post-2623","1":"product","2":"type-product","3":"status-publish","4":"has-post-thumbnail","6":"product_cat-ambientadores","8":"first","9":"instock","10":"shipping-taxable","11":"product-type-simple"},"yoast_head":"<!-- This site is optimized with the Yoast SEO plugin v27.0 - https:\/\/yoast.com\/product\/yoast-seo-wordpress\/ -->\n<title>Tropic Odour Remover. Eliminador olores - Dermo | F\u00e1brica de detergentes<\/title>\n<meta name=\"robots\" content=\"index, follow, max-snippet:-1, max-image-preview:large, max-video-preview:-1\" \/>\n<link rel=\"canonical\" href=\"https:\/\/dermo.com\/fr\/catalogue\/dissolvant-dodeurs-tropicales\/\" \/>\n<meta property=\"og:locale\" content=\"fr_FR\" \/>\n<meta property=\"og:type\" content=\"article\" \/>\n<meta property=\"og:title\" content=\"Tropic Odour Remover. Eliminador olores - Dermo | F\u00e1brica de detergentes\" \/>\n<meta property=\"og:description\" content=\"Tropic Odour Remover L\u00edquido eliminador de olores que absorbe los malos olores en locales con humos, grandes espacios, sanitarios, etc. Puede utilizarse tambi\u00e9n sobre prendas textiles: chaquetas, sof\u00e1s, alfombras, cortinas, tapicer\u00edas de autom\u00f3viles, etc..       V\u00eddeos de Aplicaci\u00f3n Ambientadores tropic:  Application Video - English  V\u00eddeo de aplica\u00e7\u00e3o - Portugu\u00eas  Vid\u00e9o d&#039;application - Fran\u00e7ais  V\u00eddeo de Aplicaci\u00f3n - Espa\u00f1ol\" \/>\n<meta property=\"og:url\" content=\"https:\/\/dermo.com\/fr\/catalogue\/dissolvant-dodeurs-tropicales\/\" \/>\n<meta property=\"og:site_name\" content=\"Dermo | F\u00e1brica de detergentes\" \/>\n<meta property=\"article:modified_time\" content=\"2025-02-21T12:40:36+00:00\" \/>\n<meta property=\"og:image\" content=\"https:\/\/dermo.com\/wp-content\/uploads\/2015\/07\/Tropic-Odour-Remover.-Eliminador-Olores.png\" \/>\n\t<meta property=\"og:image:width\" content=\"547\" \/>\n\t<meta property=\"og:image:height\" content=\"547\" \/>\n\t<meta property=\"og:image:type\" content=\"image\/png\" \/>\n<meta name=\"twitter:card\" content=\"summary_large_image\" \/>\n<meta name=\"twitter:label1\" content=\"Dur\u00e9e de lecture estim\u00e9e\" \/>\n\t<meta name=\"twitter:data1\" content=\"1 minute\" \/>\n<script type=\"application\/ld+json\" class=\"yoast-schema-graph\">{\"@context\":\"https:\/\/schema.org\",\"@graph\":[{\"@type\":\"WebPage\",\"@id\":\"https:\/\/dermo.com\/catalogo\/tropic-odour-remover\/\",\"url\":\"https:\/\/dermo.com\/catalogo\/tropic-odour-remover\/\",\"name\":\"Tropic Odour Remover. Eliminador olores - Dermo | F\u00e1brica de detergentes\",\"isPartOf\":{\"@id\":\"https:\/\/dermo.com\/#website\"},\"primaryImageOfPage\":{\"@id\":\"https:\/\/dermo.com\/catalogo\/tropic-odour-remover\/#primaryimage\"},\"image\":{\"@id\":\"https:\/\/dermo.com\/catalogo\/tropic-odour-remover\/#primaryimage\"},\"thumbnailUrl\":\"https:\/\/dermo.com\/wp-content\/uploads\/2015\/07\/Tropic-Odour-Remover.-Eliminador-Olores.png\",\"datePublished\":\"2015-07-27T18:27:45+00:00\",\"dateModified\":\"2025-02-21T12:40:36+00:00\",\"breadcrumb\":{\"@id\":\"https:\/\/dermo.com\/catalogo\/tropic-odour-remover\/#breadcrumb\"},\"inLanguage\":\"fr-FR\",\"potentialAction\":[{\"@type\":\"ReadAction\",\"target\":[\"https:\/\/dermo.com\/catalogo\/tropic-odour-remover\/\"]}]},{\"@type\":\"ImageObject\",\"inLanguage\":\"fr-FR\",\"@id\":\"https:\/\/dermo.com\/catalogo\/tropic-odour-remover\/#primaryimage\",\"url\":\"https:\/\/dermo.com\/wp-content\/uploads\/2015\/07\/Tropic-Odour-Remover.-Eliminador-Olores.png\",\"contentUrl\":\"https:\/\/dermo.com\/wp-content\/uploads\/2015\/07\/Tropic-Odour-Remover.-Eliminador-Olores.png\",\"width\":547,\"height\":547},{\"@type\":\"BreadcrumbList\",\"@id\":\"https:\/\/dermo.com\/catalogo\/tropic-odour-remover\/#breadcrumb\",\"itemListElement\":[{\"@type\":\"ListItem\",\"position\":1,\"name\":\"Portada\",\"item\":\"https:\/\/dermo.com\/\"},{\"@type\":\"ListItem\",\"position\":2,\"name\":\"Tienda\",\"item\":\"https:\/\/dermo.com\/tienda\/\"},{\"@type\":\"ListItem\",\"position\":3,\"name\":\"Tropic Odour Remover. Eliminador olores\"}]},{\"@type\":\"WebSite\",\"@id\":\"https:\/\/dermo.com\/#website\",\"url\":\"https:\/\/dermo.com\/\",\"name\":\"Dermo | F\u00e1brica de detergentes\",\"description\":\"Tecnolog\u00eda avanzada, investigaci\u00f3n y desarrollo, respeto por el medio ambiente, competencia, formaci\u00f3n constante y alto nivel de profesionalidad en nuestro equipo humano, empe\u00f1ado en preservar la calidad de vida, la protecci\u00f3n del entorno natural contin\u00faan motiv\u00e1ndonos para desarrollar en nuestros laboratorios nuevos productos con ingredientes activos altamente biodegradables que hacen posible un desarrollo sostenible.\",\"potentialAction\":[{\"@type\":\"SearchAction\",\"target\":{\"@type\":\"EntryPoint\",\"urlTemplate\":\"https:\/\/dermo.com\/?s={search_term_string}\"},\"query-input\":{\"@type\":\"PropertyValueSpecification\",\"valueRequired\":true,\"valueName\":\"search_term_string\"}}],\"inLanguage\":\"fr-FR\"}]}<\/script>\n<!-- \/ Yoast SEO plugin. -->","yoast_head_json":{"title":"Dissolvant d&#039;odeurs tropicales. \u00c9liminateur d&#039;odeurs - Dermo | usine de d\u00e9tergents","robots":{"index":"index","follow":"follow","max-snippet":"max-snippet:-1","max-image-preview":"max-image-preview:large","max-video-preview":"max-video-preview:-1"},"canonical":"https:\/\/dermo.com\/fr\/catalogue\/dissolvant-dodeurs-tropicales\/","og_locale":"fr_FR","og_type":"article","og_title":"Tropic Odour Remover. Eliminador olores - Dermo | F\u00e1brica de detergentes","og_description":"Tropic Odour Remover L\u00edquido eliminador de olores que absorbe los malos olores en locales con humos, grandes espacios, sanitarios, etc. Puede utilizarse tambi\u00e9n sobre prendas textiles: chaquetas, sof\u00e1s, alfombras, cortinas, tapicer\u00edas de autom\u00f3viles, etc..       V\u00eddeos de Aplicaci\u00f3n Ambientadores tropic:  Application Video - English  V\u00eddeo de aplica\u00e7\u00e3o - Portugu\u00eas  Vid\u00e9o d'application - Fran\u00e7ais  V\u00eddeo de Aplicaci\u00f3n - Espa\u00f1ol","og_url":"https:\/\/dermo.com\/fr\/catalogue\/dissolvant-dodeurs-tropicales\/","og_site_name":"Dermo | F\u00e1brica de detergentes","article_modified_time":"2025-02-21T12:40:36+00:00","og_image":[{"width":547,"height":547,"url":"https:\/\/dermo.com\/wp-content\/uploads\/2015\/07\/Tropic-Odour-Remover.-Eliminador-Olores.png","type":"image\/png"}],"twitter_card":"summary_large_image","twitter_misc":{"Dur\u00e9e de lecture estim\u00e9e":"1 minute"},"schema":{"@context":"https:\/\/schema.org","@graph":[{"@type":"WebPage","@id":"https:\/\/dermo.com\/catalogo\/tropic-odour-remover\/","url":"https:\/\/dermo.com\/catalogo\/tropic-odour-remover\/","name":"Dissolvant d&#039;odeurs tropicales. \u00c9liminateur d&#039;odeurs - Dermo | usine de d\u00e9tergents","isPartOf":{"@id":"https:\/\/dermo.com\/#website"},"primaryImageOfPage":{"@id":"https:\/\/dermo.com\/catalogo\/tropic-odour-remover\/#primaryimage"},"image":{"@id":"https:\/\/dermo.com\/catalogo\/tropic-odour-remover\/#primaryimage"},"thumbnailUrl":"https:\/\/dermo.com\/wp-content\/uploads\/2015\/07\/Tropic-Odour-Remover.-Eliminador-Olores.png","datePublished":"2015-07-27T18:27:45+00:00","dateModified":"2025-02-21T12:40:36+00:00","breadcrumb":{"@id":"https:\/\/dermo.com\/catalogo\/tropic-odour-remover\/#breadcrumb"},"inLanguage":"fr-FR","potentialAction":[{"@type":"ReadAction","target":["https:\/\/dermo.com\/catalogo\/tropic-odour-remover\/"]}]},{"@type":"ImageObject","inLanguage":"fr-FR","@id":"https:\/\/dermo.com\/catalogo\/tropic-odour-remover\/#primaryimage","url":"https:\/\/dermo.com\/wp-content\/uploads\/2015\/07\/Tropic-Odour-Remover.-Eliminador-Olores.png","contentUrl":"https:\/\/dermo.com\/wp-content\/uploads\/2015\/07\/Tropic-Odour-Remover.-Eliminador-Olores.png","width":547,"height":547},{"@type":"BreadcrumbList","@id":"https:\/\/dermo.com\/catalogo\/tropic-odour-remover\/#breadcrumb","itemListElement":[{"@type":"ListItem","position":1,"name":"Portada","item":"https:\/\/dermo.com\/"},{"@type":"ListItem","position":2,"name":"Tienda","item":"https:\/\/dermo.com\/tienda\/"},{"@type":"ListItem","position":3,"name":"Tropic Odour Remover. Eliminador olores"}]},{"@type":"WebSite","@id":"https:\/\/dermo.com\/#website","url":"https:\/\/dermo.com\/","name":"Dermo | usine de d\u00e9tergents","description":"Technologie avanc\u00e9e, recherche et d\u00e9veloppement, respect de l&#039;environnement, comp\u00e9tence, formation constante et haut niveau de professionnalisme de notre \u00e9quipe humaine, engag\u00e9e \u00e0 pr\u00e9server la qualit\u00e9 de vie, la protection de l&#039;environnement naturel continuent de nous motiver \u00e0 d\u00e9velopper de nouveaux produits dans notre laboratoires aux principes actifs hautement biod\u00e9gradables qui rendent possible le d\u00e9veloppement durable.","potentialAction":[{"@type":"SearchAction","target":{"@type":"EntryPoint","urlTemplate":"https:\/\/dermo.com\/?s={search_term_string}"},"query-input":{"@type":"PropertyValueSpecification","valueRequired":true,"valueName":"search_term_string"}}],"inLanguage":"fr-FR"}]}},"_links":{"self":[{"href":"https:\/\/dermo.com\/fr\/wp-json\/wp\/v2\/product\/2623","targetHints":{"allow":["GET"]}}],"collection":[{"href":"https:\/\/dermo.com\/fr\/wp-json\/wp\/v2\/product"}],"about":[{"href":"https:\/\/dermo.com\/fr\/wp-json\/wp\/v2\/types\/product"}],"wp:featuredmedia":[{"embeddable":true,"href":"https:\/\/dermo.com\/fr\/wp-json\/wp\/v2\/media\/3837"}],"wp:attachment":[{"href":"https:\/\/dermo.com\/fr\/wp-json\/wp\/v2\/media?parent=2623"}],"wp:term":[{"taxonomy":"product_brand","embeddable":true,"href":"https:\/\/dermo.com\/fr\/wp-json\/wp\/v2\/product_brand?post=2623"},{"taxonomy":"product_cat","embeddable":true,"href":"https:\/\/dermo.com\/fr\/wp-json\/wp\/v2\/product_cat?post=2623"},{"taxonomy":"product_tag","embeddable":true,"href":"https:\/\/dermo.com\/fr\/wp-json\/wp\/v2\/product_tag?post=2623"}],"curies":[{"name":"wp","href":"https:\/\/api.w.org\/{rel}","templated":true}]}}