{"id":2637,"date":"2015-07-27T18:57:58","date_gmt":"2015-07-27T18:57:58","guid":{"rendered":"https:\/\/dermo.ultbit.com\/producto\/limtot-apple\/"},"modified":"2025-04-11T10:31:28","modified_gmt":"2025-04-11T08:31:28","slug":"pomme-limtot","status":"publish","type":"product","link":"https:\/\/dermo.com\/fr\/catalogue\/pomme-limtot\/","title":{"rendered":"Limtot Apple. Nettoyant multi-usage"},"content":{"rendered":"<p><strong>MODE D'EMPLOI:<\/strong><br \/>\nGr\u00e2ce \u00e0 sa grande var\u00e9t\u00e9 d\u2019applications, on peut l\u2019utiliser pur ou dilu\u00e9 \u00e0 5%.<br \/>\nIl peut \u00eatre appliqu\u00e9 avec un chiffon, un pulv\u00e9risateur ou m\u00e9lang\u00e9 avec l\u2019eau du seau. Pas besoin de rincer.<\/p>\n<p><strong>CARACT\u00c9RISTIQUES TECHNIQUES :<\/strong><br \/>\nAspect: Liquide transparent.<br \/>\nColeur: Vert<br \/>\nOdeur: Pomme<br \/>\npH pur : 9 -10.<br \/>\nDensit\u00e9 : 0,98 \u2013 0,99 g\/cc.<br \/>\nSolubilit\u00e9 dans eau: Soluble.<br \/>\nConcentration en substance active: 9 - 12%<\/p>\n<p><strong>PR\u00c9SENTATION:<\/strong><br \/>\nEmballage de plastique:<\/p>\n<table>\n<tbody>\n<tr>\n<td>FORMAT<\/td>\n<td>\u00a0 \u00a0 \u00a0 1 kg<\/td>\n<td>\u00a0 \u00a0 \u00a05 kg<\/td>\n<td><\/td>\n<\/tr>\n<tr>\n<td>CODE<\/td>\n<td>\u00a0 004LIA01<\/td>\n<td>\u00a0 004LIA05<\/td>\n<td><\/td>\n<\/tr>\n<\/tbody>\n<\/table>","protected":false},"excerpt":{"rendered":"<p class=\"Estndar\"><span lang=\"es\" xml:lang=\"es\">D\u00e9tergent liquide avec bio-alcool, il d\u00e9graisse et fait briller les surfaces \u00e9maill\u00e9es, laqu\u00e9es, synth\u00e9tiques, sanitaires en cer\u00e1miques, toilettes, robinetteries, meubles en formica, ska\u00ef, marbre,\u2026<\/span><\/p>\n<p class=\"Estndar\"><span lang=\"es\" xml:lang=\"es\">Peut \u00eatre utilis\u00e9 sur des sols non cir\u00e9s.<\/span><\/p>","protected":false},"featured_media":2636,"template":"","meta":{"neve_meta_sidebar":"","neve_meta_container":"","neve_meta_enable_content_width":"off","neve_meta_content_width":100,"neve_meta_title_alignment":"","neve_meta_author_avatar":"","neve_post_elements_order":"","neve_meta_disable_header":"","neve_meta_disable_footer":"","neve_meta_disable_title":""},"product_brand":[],"product_cat":[1095,387,386],"product_tag":[],"class_list":{"0":"post-2637","1":"product","2":"type-product","3":"status-publish","4":"has-post-thumbnail","6":"product_cat-escuelas-sectores","7":"product_cat-limpiadores-multiusos","8":"product_cat-limpieza-de-banos","10":"first","11":"instock","12":"shipping-taxable","13":"product-type-simple"},"yoast_head":"<!-- This site is optimized with the Yoast SEO plugin v27.0 - https:\/\/yoast.com\/product\/yoast-seo-wordpress\/ -->\n<title>Limtot Apple. Limpiador multiusos - Dermo | F\u00e1brica de detergentes<\/title>\n<meta name=\"robots\" content=\"index, follow, max-snippet:-1, max-image-preview:large, max-video-preview:-1\" \/>\n<link rel=\"canonical\" href=\"https:\/\/dermo.com\/fr\/catalogue\/pomme-limtot\/\" \/>\n<meta property=\"og:locale\" content=\"fr_FR\" \/>\n<meta property=\"og:type\" content=\"article\" \/>\n<meta property=\"og:title\" content=\"Limtot Apple. Limpiador multiusos - Dermo | F\u00e1brica de detergentes\" \/>\n<meta property=\"og:description\" content=\"Detergente con bio-alcohol de secado r\u00e1pido que limpia y abrillanta superficies esmaltadas, lacadas, sint\u00e9ticas, cer\u00e1micas, sanitarios, lavabos, grifer\u00eda, muebles de f\u00f3rmica, skai, m\u00e1rmol\u2026 V\u00e1lido para suelos no encerados.\" \/>\n<meta property=\"og:url\" content=\"https:\/\/dermo.com\/fr\/catalogue\/pomme-limtot\/\" \/>\n<meta property=\"og:site_name\" content=\"Dermo | F\u00e1brica de detergentes\" \/>\n<meta property=\"article:modified_time\" content=\"2025-04-11T08:31:28+00:00\" \/>\n<meta property=\"og:image\" content=\"https:\/\/dermo.com\/wp-content\/uploads\/2015\/07\/91-Limtot-Apple.-Limpiador-multiusos.jpg\" \/>\n\t<meta property=\"og:image:width\" content=\"768\" \/>\n\t<meta property=\"og:image:height\" content=\"794\" \/>\n\t<meta property=\"og:image:type\" content=\"image\/jpeg\" \/>\n<meta name=\"twitter:card\" content=\"summary_large_image\" \/>\n<meta name=\"twitter:label1\" content=\"Dur\u00e9e de lecture estim\u00e9e\" \/>\n\t<meta name=\"twitter:data1\" content=\"1 minute\" \/>\n<script type=\"application\/ld+json\" class=\"yoast-schema-graph\">{\"@context\":\"https:\/\/schema.org\",\"@graph\":[{\"@type\":\"WebPage\",\"@id\":\"https:\/\/dermo.com\/catalogo\/limtot-apple\/\",\"url\":\"https:\/\/dermo.com\/catalogo\/limtot-apple\/\",\"name\":\"Limtot Apple. Limpiador multiusos - Dermo | F\u00e1brica de detergentes\",\"isPartOf\":{\"@id\":\"https:\/\/dermo.com\/#website\"},\"primaryImageOfPage\":{\"@id\":\"https:\/\/dermo.com\/catalogo\/limtot-apple\/#primaryimage\"},\"image\":{\"@id\":\"https:\/\/dermo.com\/catalogo\/limtot-apple\/#primaryimage\"},\"thumbnailUrl\":\"https:\/\/dermo.com\/wp-content\/uploads\/2015\/07\/91-Limtot-Apple.-Limpiador-multiusos.jpg\",\"datePublished\":\"2015-07-27T18:57:58+00:00\",\"dateModified\":\"2025-04-11T08:31:28+00:00\",\"breadcrumb\":{\"@id\":\"https:\/\/dermo.com\/catalogo\/limtot-apple\/#breadcrumb\"},\"inLanguage\":\"fr-FR\",\"potentialAction\":[{\"@type\":\"ReadAction\",\"target\":[\"https:\/\/dermo.com\/catalogo\/limtot-apple\/\"]}]},{\"@type\":\"ImageObject\",\"inLanguage\":\"fr-FR\",\"@id\":\"https:\/\/dermo.com\/catalogo\/limtot-apple\/#primaryimage\",\"url\":\"https:\/\/dermo.com\/wp-content\/uploads\/2015\/07\/91-Limtot-Apple.-Limpiador-multiusos.jpg\",\"contentUrl\":\"https:\/\/dermo.com\/wp-content\/uploads\/2015\/07\/91-Limtot-Apple.-Limpiador-multiusos.jpg\",\"width\":768,\"height\":794,\"caption\":\"Limtot Apple. Limpiador multiusos\"},{\"@type\":\"BreadcrumbList\",\"@id\":\"https:\/\/dermo.com\/catalogo\/limtot-apple\/#breadcrumb\",\"itemListElement\":[{\"@type\":\"ListItem\",\"position\":1,\"name\":\"Portada\",\"item\":\"https:\/\/dermo.com\/\"},{\"@type\":\"ListItem\",\"position\":2,\"name\":\"Tienda\",\"item\":\"https:\/\/dermo.com\/tienda\/\"},{\"@type\":\"ListItem\",\"position\":3,\"name\":\"Limtot Apple. Limpiador multiusos\"}]},{\"@type\":\"WebSite\",\"@id\":\"https:\/\/dermo.com\/#website\",\"url\":\"https:\/\/dermo.com\/\",\"name\":\"Dermo | F\u00e1brica de detergentes\",\"description\":\"Tecnolog\u00eda avanzada, investigaci\u00f3n y desarrollo, respeto por el medio ambiente, competencia, formaci\u00f3n constante y alto nivel de profesionalidad en nuestro equipo humano, empe\u00f1ado en preservar la calidad de vida, la protecci\u00f3n del entorno natural contin\u00faan motiv\u00e1ndonos para desarrollar en nuestros laboratorios nuevos productos con ingredientes activos altamente biodegradables que hacen posible un desarrollo sostenible.\",\"potentialAction\":[{\"@type\":\"SearchAction\",\"target\":{\"@type\":\"EntryPoint\",\"urlTemplate\":\"https:\/\/dermo.com\/?s={search_term_string}\"},\"query-input\":{\"@type\":\"PropertyValueSpecification\",\"valueRequired\":true,\"valueName\":\"search_term_string\"}}],\"inLanguage\":\"fr-FR\"}]}<\/script>\n<!-- \/ Yoast SEO plugin. -->","yoast_head_json":{"title":"Pomme Limtot. Nettoyant polyvalent - Dermo | usine de d\u00e9tergents","robots":{"index":"index","follow":"follow","max-snippet":"max-snippet:-1","max-image-preview":"max-image-preview:large","max-video-preview":"max-video-preview:-1"},"canonical":"https:\/\/dermo.com\/fr\/catalogue\/pomme-limtot\/","og_locale":"fr_FR","og_type":"article","og_title":"Limtot Apple. Limpiador multiusos - Dermo | F\u00e1brica de detergentes","og_description":"Detergente con bio-alcohol de secado r\u00e1pido que limpia y abrillanta superficies esmaltadas, lacadas, sint\u00e9ticas, cer\u00e1micas, sanitarios, lavabos, grifer\u00eda, muebles de f\u00f3rmica, skai, m\u00e1rmol\u2026 V\u00e1lido para suelos no encerados.","og_url":"https:\/\/dermo.com\/fr\/catalogue\/pomme-limtot\/","og_site_name":"Dermo | F\u00e1brica de detergentes","article_modified_time":"2025-04-11T08:31:28+00:00","og_image":[{"width":768,"height":794,"url":"https:\/\/dermo.com\/wp-content\/uploads\/2015\/07\/91-Limtot-Apple.-Limpiador-multiusos.jpg","type":"image\/jpeg"}],"twitter_card":"summary_large_image","twitter_misc":{"Dur\u00e9e de lecture estim\u00e9e":"1 minute"},"schema":{"@context":"https:\/\/schema.org","@graph":[{"@type":"WebPage","@id":"https:\/\/dermo.com\/catalogo\/limtot-apple\/","url":"https:\/\/dermo.com\/catalogo\/limtot-apple\/","name":"Pomme Limtot. Nettoyant polyvalent - Dermo | usine de d\u00e9tergents","isPartOf":{"@id":"https:\/\/dermo.com\/#website"},"primaryImageOfPage":{"@id":"https:\/\/dermo.com\/catalogo\/limtot-apple\/#primaryimage"},"image":{"@id":"https:\/\/dermo.com\/catalogo\/limtot-apple\/#primaryimage"},"thumbnailUrl":"https:\/\/dermo.com\/wp-content\/uploads\/2015\/07\/91-Limtot-Apple.-Limpiador-multiusos.jpg","datePublished":"2015-07-27T18:57:58+00:00","dateModified":"2025-04-11T08:31:28+00:00","breadcrumb":{"@id":"https:\/\/dermo.com\/catalogo\/limtot-apple\/#breadcrumb"},"inLanguage":"fr-FR","potentialAction":[{"@type":"ReadAction","target":["https:\/\/dermo.com\/catalogo\/limtot-apple\/"]}]},{"@type":"ImageObject","inLanguage":"fr-FR","@id":"https:\/\/dermo.com\/catalogo\/limtot-apple\/#primaryimage","url":"https:\/\/dermo.com\/wp-content\/uploads\/2015\/07\/91-Limtot-Apple.-Limpiador-multiusos.jpg","contentUrl":"https:\/\/dermo.com\/wp-content\/uploads\/2015\/07\/91-Limtot-Apple.-Limpiador-multiusos.jpg","width":768,"height":794,"caption":"Limtot Apple. Limpiador multiusos"},{"@type":"BreadcrumbList","@id":"https:\/\/dermo.com\/catalogo\/limtot-apple\/#breadcrumb","itemListElement":[{"@type":"ListItem","position":1,"name":"Portada","item":"https:\/\/dermo.com\/"},{"@type":"ListItem","position":2,"name":"Tienda","item":"https:\/\/dermo.com\/tienda\/"},{"@type":"ListItem","position":3,"name":"Limtot Apple. Limpiador multiusos"}]},{"@type":"WebSite","@id":"https:\/\/dermo.com\/#website","url":"https:\/\/dermo.com\/","name":"Dermo | usine de d\u00e9tergents","description":"Technologie avanc\u00e9e, recherche et d\u00e9veloppement, respect de l&#039;environnement, comp\u00e9tence, formation constante et haut niveau de professionnalisme de notre \u00e9quipe humaine, engag\u00e9e \u00e0 pr\u00e9server la qualit\u00e9 de vie, la protection de l&#039;environnement naturel continuent de nous motiver \u00e0 d\u00e9velopper de nouveaux produits dans notre laboratoires aux principes actifs hautement biod\u00e9gradables qui rendent possible le d\u00e9veloppement durable.","potentialAction":[{"@type":"SearchAction","target":{"@type":"EntryPoint","urlTemplate":"https:\/\/dermo.com\/?s={search_term_string}"},"query-input":{"@type":"PropertyValueSpecification","valueRequired":true,"valueName":"search_term_string"}}],"inLanguage":"fr-FR"}]}},"_links":{"self":[{"href":"https:\/\/dermo.com\/fr\/wp-json\/wp\/v2\/product\/2637","targetHints":{"allow":["GET"]}}],"collection":[{"href":"https:\/\/dermo.com\/fr\/wp-json\/wp\/v2\/product"}],"about":[{"href":"https:\/\/dermo.com\/fr\/wp-json\/wp\/v2\/types\/product"}],"wp:featuredmedia":[{"embeddable":true,"href":"https:\/\/dermo.com\/fr\/wp-json\/wp\/v2\/media\/2636"}],"wp:attachment":[{"href":"https:\/\/dermo.com\/fr\/wp-json\/wp\/v2\/media?parent=2637"}],"wp:term":[{"taxonomy":"product_brand","embeddable":true,"href":"https:\/\/dermo.com\/fr\/wp-json\/wp\/v2\/product_brand?post=2637"},{"taxonomy":"product_cat","embeddable":true,"href":"https:\/\/dermo.com\/fr\/wp-json\/wp\/v2\/product_cat?post=2637"},{"taxonomy":"product_tag","embeddable":true,"href":"https:\/\/dermo.com\/fr\/wp-json\/wp\/v2\/product_tag?post=2637"}],"curies":[{"name":"wp","href":"https:\/\/api.w.org\/{rel}","templated":true}]}}