{"id":2645,"date":"2015-07-28T10:22:19","date_gmt":"2015-07-28T10:22:19","guid":{"rendered":"https:\/\/dermo.ultbit.com\/producto\/jaspe-acid\/"},"modified":"2025-02-21T12:49:26","modified_gmt":"2025-02-21T11:49:26","slug":"acide-de-jaspe","status":"publish","type":"product","link":"https:\/\/dermo.com\/fr\/catalogue\/acide-de-jaspe\/","title":{"rendered":"Jaspe Acid. Produit de rin\u00e7age"},"content":{"rendered":"<p><strong>MODE D'EMPLOI:<\/strong><br \/>\nDoser \u00e0 l\u2019eau de rin\u00e7age entre 1 et 10 g\/litre de Jaspe selon la temp\u00e9rature et la duret\u00e9 de l\u2019eau.<br \/>\nDans des zones d\u2019eaux tr\u00e8s dures, il est convenable de baisser le maximum la temp\u00e9rature tr\u00e8s bas.<br \/>\nAVIS : si la temp\u00e9rature est le sommet \u00e0 35\u00baC, le produit ne peut \u00eatre sali, mais cela ni concerne les<br \/>\npropri\u00e9t\u00e9s du produit, un signe de cela n\u2019est non plus le produit est d\u00e9fectueux.<\/p>\n<p><strong>CARACT\u00c9RISTIQUES TECHNIQUES<\/strong><br \/>\nAspect: Liquide.<br \/>\nColeur: Bleu<br \/>\nOdeur: Characteristique.<br \/>\npH pur : 6 \u20137.<br \/>\nSolubilit\u00e9 dans eau: Soluble.<br \/>\nDensit\u00e9\u00a0: 0,96 \u2013 0,98 g\/cc<br \/>\nConcentration en substance active : 18 \u2013 20%<\/p>\n<p><strong>COMPOSITION<\/strong><br \/>\nTensioactifs, diluants et colorants non ioniques.<\/p>\n<p><strong>PR\u00c9SENTATION<\/strong><br \/>\nEmballage de plastique:<\/p>\n<table width=\"320\">\n<tbody>\n<tr>\n<td width=\"64\">FORMAT<\/td>\n<td width=\"64\">10L<\/td>\n<td width=\"64\"><\/td>\n<td width=\"64\"><\/td>\n<td width=\"64\"><\/td>\n<\/tr>\n<tr>\n<td>CODE<\/td>\n<td>003JAA10<\/td>\n<td><\/td>\n<td><\/td>\n<td><\/td>\n<\/tr>\n<\/tbody>\n<\/table>\n<p><strong>S\u00c9CURIT\u00c9 \/ TOXICOLOGIE<\/strong><br \/>\nTenir \u00e0 l&#039;\u00e9cart des sources de chaleur, des \u00e9tincelles, des flammes nues ou des surfaces chaudes.<br \/>\nTenir hors de port\u00e9e des enfants.<br \/>\nEn cas d&#039;accident, consulter le Service d&#039;Information M\u00e9dicale Toxicologique. T\u00e9l. : 915 620 420.<\/p>\n<p><strong>INFORMATIONS COMPL\u00c9MENTAIRES<\/strong><br \/>\nPRODUIT INDUSTRIEL. UTILISATION PROFESSIONNELLE.<\/p>","protected":false},"excerpt":{"rendered":"<h3>Jaspe Acid<\/h3>\n<p class=\"Estndar\">Liquide indiqu\u00e9 pour faire briler et s\u00e9cher les vaiselles dans des machines automatiques. Sp\u00e9cial pour des eaux dures. Accel\u00e8re le sechage et \u00e9vite la redeposition s\u00fbr la vaisselle.<\/p>","protected":false},"featured_media":3834,"template":"","meta":{"neve_meta_sidebar":"","neve_meta_container":"","neve_meta_enable_content_width":"off","neve_meta_content_width":100,"neve_meta_title_alignment":"","neve_meta_author_avatar":"","neve_post_elements_order":"","neve_meta_disable_header":"","neve_meta_disable_footer":"","neve_meta_disable_title":""},"product_brand":[],"product_cat":[375],"product_tag":[],"class_list":{"0":"post-2645","1":"product","2":"type-product","3":"status-publish","4":"has-post-thumbnail","6":"product_cat-abrillantadores-de-vajilla","8":"first","9":"instock","10":"shipping-taxable","11":"product-type-simple"},"yoast_head":"<!-- This site is optimized with the Yoast SEO plugin v27.0 - https:\/\/yoast.com\/product\/yoast-seo-wordpress\/ -->\n<title>Jaspe Acido. Abrillantador - Dermo | F\u00e1brica de detergentes<\/title>\n<meta name=\"robots\" content=\"index, follow, max-snippet:-1, max-image-preview:large, max-video-preview:-1\" \/>\n<link rel=\"canonical\" href=\"https:\/\/dermo.com\/fr\/catalogue\/acide-de-jaspe\/\" \/>\n<meta property=\"og:locale\" content=\"fr_FR\" \/>\n<meta property=\"og:type\" content=\"article\" \/>\n<meta property=\"og:title\" content=\"Jaspe Acido. Abrillantador - Dermo | F\u00e1brica de detergentes\" \/>\n<meta property=\"og:description\" content=\"Jaspe Acid L\u00edquido indicado para el abrillantado y secado de vajillas en m\u00e1quinas autom\u00e1ticas. Acelera el secado y evita la redeposici\u00f3n de cal en la vajilla.\" \/>\n<meta property=\"og:url\" content=\"https:\/\/dermo.com\/fr\/catalogue\/acide-de-jaspe\/\" \/>\n<meta property=\"og:site_name\" content=\"Dermo | F\u00e1brica de detergentes\" \/>\n<meta property=\"article:modified_time\" content=\"2025-02-21T11:49:26+00:00\" \/>\n<meta property=\"og:image\" content=\"https:\/\/dermo.com\/wp-content\/uploads\/2015\/07\/Jaspe-Acido.-Abrillantador-Jaspe-Acid.png\" \/>\n\t<meta property=\"og:image:width\" content=\"547\" \/>\n\t<meta property=\"og:image:height\" content=\"547\" \/>\n\t<meta property=\"og:image:type\" content=\"image\/png\" \/>\n<meta name=\"twitter:card\" content=\"summary_large_image\" \/>\n<meta name=\"twitter:label1\" content=\"Dur\u00e9e de lecture estim\u00e9e\" \/>\n\t<meta name=\"twitter:data1\" content=\"1 minute\" \/>\n<script type=\"application\/ld+json\" class=\"yoast-schema-graph\">{\"@context\":\"https:\/\/schema.org\",\"@graph\":[{\"@type\":\"WebPage\",\"@id\":\"https:\/\/dermo.com\/catalogo\/jaspe-acid\/\",\"url\":\"https:\/\/dermo.com\/catalogo\/jaspe-acid\/\",\"name\":\"Jaspe Acido. Abrillantador - Dermo | F\u00e1brica de detergentes\",\"isPartOf\":{\"@id\":\"https:\/\/dermo.com\/#website\"},\"primaryImageOfPage\":{\"@id\":\"https:\/\/dermo.com\/catalogo\/jaspe-acid\/#primaryimage\"},\"image\":{\"@id\":\"https:\/\/dermo.com\/catalogo\/jaspe-acid\/#primaryimage\"},\"thumbnailUrl\":\"https:\/\/dermo.com\/wp-content\/uploads\/2015\/07\/Jaspe-Acido.-Abrillantador-Jaspe-Acid.png\",\"datePublished\":\"2015-07-28T10:22:19+00:00\",\"dateModified\":\"2025-02-21T11:49:26+00:00\",\"breadcrumb\":{\"@id\":\"https:\/\/dermo.com\/catalogo\/jaspe-acid\/#breadcrumb\"},\"inLanguage\":\"fr-FR\",\"potentialAction\":[{\"@type\":\"ReadAction\",\"target\":[\"https:\/\/dermo.com\/catalogo\/jaspe-acid\/\"]}]},{\"@type\":\"ImageObject\",\"inLanguage\":\"fr-FR\",\"@id\":\"https:\/\/dermo.com\/catalogo\/jaspe-acid\/#primaryimage\",\"url\":\"https:\/\/dermo.com\/wp-content\/uploads\/2015\/07\/Jaspe-Acido.-Abrillantador-Jaspe-Acid.png\",\"contentUrl\":\"https:\/\/dermo.com\/wp-content\/uploads\/2015\/07\/Jaspe-Acido.-Abrillantador-Jaspe-Acid.png\",\"width\":547,\"height\":547},{\"@type\":\"BreadcrumbList\",\"@id\":\"https:\/\/dermo.com\/catalogo\/jaspe-acid\/#breadcrumb\",\"itemListElement\":[{\"@type\":\"ListItem\",\"position\":1,\"name\":\"Portada\",\"item\":\"https:\/\/dermo.com\/\"},{\"@type\":\"ListItem\",\"position\":2,\"name\":\"Tienda\",\"item\":\"https:\/\/dermo.com\/tienda\/\"},{\"@type\":\"ListItem\",\"position\":3,\"name\":\"Jaspe Acido. Abrillantador\"}]},{\"@type\":\"WebSite\",\"@id\":\"https:\/\/dermo.com\/#website\",\"url\":\"https:\/\/dermo.com\/\",\"name\":\"Dermo | F\u00e1brica de detergentes\",\"description\":\"Tecnolog\u00eda avanzada, investigaci\u00f3n y desarrollo, respeto por el medio ambiente, competencia, formaci\u00f3n constante y alto nivel de profesionalidad en nuestro equipo humano, empe\u00f1ado en preservar la calidad de vida, la protecci\u00f3n del entorno natural contin\u00faan motiv\u00e1ndonos para desarrollar en nuestros laboratorios nuevos productos con ingredientes activos altamente biodegradables que hacen posible un desarrollo sostenible.\",\"potentialAction\":[{\"@type\":\"SearchAction\",\"target\":{\"@type\":\"EntryPoint\",\"urlTemplate\":\"https:\/\/dermo.com\/?s={search_term_string}\"},\"query-input\":{\"@type\":\"PropertyValueSpecification\",\"valueRequired\":true,\"valueName\":\"search_term_string\"}}],\"inLanguage\":\"fr-FR\"}]}<\/script>\n<!-- \/ Yoast SEO plugin. -->","yoast_head_json":{"title":"Jaspe acide. Polisseuse - Dermo | usine de d\u00e9tergents","robots":{"index":"index","follow":"follow","max-snippet":"max-snippet:-1","max-image-preview":"max-image-preview:large","max-video-preview":"max-video-preview:-1"},"canonical":"https:\/\/dermo.com\/fr\/catalogue\/acide-de-jaspe\/","og_locale":"fr_FR","og_type":"article","og_title":"Jaspe Acido. Abrillantador - Dermo | F\u00e1brica de detergentes","og_description":"Jaspe Acid L\u00edquido indicado para el abrillantado y secado de vajillas en m\u00e1quinas autom\u00e1ticas. Acelera el secado y evita la redeposici\u00f3n de cal en la vajilla.","og_url":"https:\/\/dermo.com\/fr\/catalogue\/acide-de-jaspe\/","og_site_name":"Dermo | F\u00e1brica de detergentes","article_modified_time":"2025-02-21T11:49:26+00:00","og_image":[{"width":547,"height":547,"url":"https:\/\/dermo.com\/wp-content\/uploads\/2015\/07\/Jaspe-Acido.-Abrillantador-Jaspe-Acid.png","type":"image\/png"}],"twitter_card":"summary_large_image","twitter_misc":{"Dur\u00e9e de lecture estim\u00e9e":"1 minute"},"schema":{"@context":"https:\/\/schema.org","@graph":[{"@type":"WebPage","@id":"https:\/\/dermo.com\/catalogo\/jaspe-acid\/","url":"https:\/\/dermo.com\/catalogo\/jaspe-acid\/","name":"Jaspe acide. Polisseuse - Dermo | usine de d\u00e9tergents","isPartOf":{"@id":"https:\/\/dermo.com\/#website"},"primaryImageOfPage":{"@id":"https:\/\/dermo.com\/catalogo\/jaspe-acid\/#primaryimage"},"image":{"@id":"https:\/\/dermo.com\/catalogo\/jaspe-acid\/#primaryimage"},"thumbnailUrl":"https:\/\/dermo.com\/wp-content\/uploads\/2015\/07\/Jaspe-Acido.-Abrillantador-Jaspe-Acid.png","datePublished":"2015-07-28T10:22:19+00:00","dateModified":"2025-02-21T11:49:26+00:00","breadcrumb":{"@id":"https:\/\/dermo.com\/catalogo\/jaspe-acid\/#breadcrumb"},"inLanguage":"fr-FR","potentialAction":[{"@type":"ReadAction","target":["https:\/\/dermo.com\/catalogo\/jaspe-acid\/"]}]},{"@type":"ImageObject","inLanguage":"fr-FR","@id":"https:\/\/dermo.com\/catalogo\/jaspe-acid\/#primaryimage","url":"https:\/\/dermo.com\/wp-content\/uploads\/2015\/07\/Jaspe-Acido.-Abrillantador-Jaspe-Acid.png","contentUrl":"https:\/\/dermo.com\/wp-content\/uploads\/2015\/07\/Jaspe-Acido.-Abrillantador-Jaspe-Acid.png","width":547,"height":547},{"@type":"BreadcrumbList","@id":"https:\/\/dermo.com\/catalogo\/jaspe-acid\/#breadcrumb","itemListElement":[{"@type":"ListItem","position":1,"name":"Portada","item":"https:\/\/dermo.com\/"},{"@type":"ListItem","position":2,"name":"Tienda","item":"https:\/\/dermo.com\/tienda\/"},{"@type":"ListItem","position":3,"name":"Jaspe Acido. Abrillantador"}]},{"@type":"WebSite","@id":"https:\/\/dermo.com\/#website","url":"https:\/\/dermo.com\/","name":"Dermo | usine de d\u00e9tergents","description":"Technologie avanc\u00e9e, recherche et d\u00e9veloppement, respect de l&#039;environnement, comp\u00e9tence, formation constante et haut niveau de professionnalisme de notre \u00e9quipe humaine, engag\u00e9e \u00e0 pr\u00e9server la qualit\u00e9 de vie, la protection de l&#039;environnement naturel continuent de nous motiver \u00e0 d\u00e9velopper de nouveaux produits dans notre laboratoires aux principes actifs hautement biod\u00e9gradables qui rendent possible le d\u00e9veloppement durable.","potentialAction":[{"@type":"SearchAction","target":{"@type":"EntryPoint","urlTemplate":"https:\/\/dermo.com\/?s={search_term_string}"},"query-input":{"@type":"PropertyValueSpecification","valueRequired":true,"valueName":"search_term_string"}}],"inLanguage":"fr-FR"}]}},"_links":{"self":[{"href":"https:\/\/dermo.com\/fr\/wp-json\/wp\/v2\/product\/2645","targetHints":{"allow":["GET"]}}],"collection":[{"href":"https:\/\/dermo.com\/fr\/wp-json\/wp\/v2\/product"}],"about":[{"href":"https:\/\/dermo.com\/fr\/wp-json\/wp\/v2\/types\/product"}],"wp:featuredmedia":[{"embeddable":true,"href":"https:\/\/dermo.com\/fr\/wp-json\/wp\/v2\/media\/3834"}],"wp:attachment":[{"href":"https:\/\/dermo.com\/fr\/wp-json\/wp\/v2\/media?parent=2645"}],"wp:term":[{"taxonomy":"product_brand","embeddable":true,"href":"https:\/\/dermo.com\/fr\/wp-json\/wp\/v2\/product_brand?post=2645"},{"taxonomy":"product_cat","embeddable":true,"href":"https:\/\/dermo.com\/fr\/wp-json\/wp\/v2\/product_cat?post=2645"},{"taxonomy":"product_tag","embeddable":true,"href":"https:\/\/dermo.com\/fr\/wp-json\/wp\/v2\/product_tag?post=2645"}],"curies":[{"name":"wp","href":"https:\/\/api.w.org\/{rel}","templated":true}]}}