{"id":2657,"date":"2015-07-28T12:43:55","date_gmt":"2015-07-28T12:43:55","guid":{"rendered":"https:\/\/dermo.ultbit.com\/producto\/3en1\/"},"modified":"2025-04-01T12:00:25","modified_gmt":"2025-04-01T10:00:25","slug":"3-en-1","status":"publish","type":"product","link":"https:\/\/dermo.com\/fr\/catalogue\/3-en-1\/","title":{"rendered":"3 en 1. Lave-vaisselle en tablettes"},"content":{"rendered":"<p><strong>MODE D'EMPLOI:<br \/>\n<\/strong>D\u00e9poser une tablette dans le compartiment du d\u00e9tergent.<br \/>\nsi ce dernier est trop petit, placez la tablette sois dans le compartiment du couverts ou au fond du machine. Dans ce cas, ne faites pas pr\u00e9lavage.<\/p>\n<p><strong>CARACT\u00c9RISTIQUES TECHNIQUES :<\/strong><br \/>\nApparence : Tablette<br \/>\nCouleur : Vert et bleu<br \/>\nOdeur : Caract\u00e9ristique<br \/>\npH (1%, eau) : 11-12<\/p>\n<p><strong>PR\u00c9SENTATION<br \/>\n<\/strong>Seau en plastique de 60 comprim\u00e9s :<\/p>\n<table>\n<tbody>\n<tr>\n<td>FORMAT<\/td>\n<td>\u00a0 \u00a0 \u00a0Bo\u00eete de 4 seaux en plastique<\/p>\n<p><em>\u00a0 \u00a0 (4 unit\u00e9s x 60 comprim\u00e9s)<\/em><\/td>\n<\/tr>\n<tr>\n<td>CODE<\/td>\n<td>\u00a0 \u00a0 \u00a0 \u00a0 \u00a0 \u00a0 \u00a0 \u00a0003LAV60<\/td>\n<\/tr>\n<\/tbody>\n<\/table>","protected":false},"excerpt":{"rendered":"<h3><\/h3>\n<p>Lave-vaisselle en tablettes 3 en 1: d\u00e9tergent, sanitizant et rin\u00e7age.<\/p>\n<p>Il contient des agents pour r\u00e9duir la duret\u00e9 de l'eau qu'\u00e9vitent la redeposition de sel de calcium et magnesium aux ustensiles.<\/p>","protected":false},"featured_media":2656,"template":"","meta":{"neve_meta_sidebar":"","neve_meta_container":"","neve_meta_enable_content_width":"off","neve_meta_content_width":100,"neve_meta_title_alignment":"","neve_meta_author_avatar":"","neve_post_elements_order":"","neve_meta_disable_header":"","neve_meta_disable_footer":"","neve_meta_disable_title":""},"product_brand":[],"product_cat":[373],"product_tag":[],"class_list":{"0":"post-2657","1":"product","2":"type-product","3":"status-publish","4":"has-post-thumbnail","6":"product_cat-lavavajillas-automaticas","8":"first","9":"instock","10":"shipping-taxable","11":"product-type-simple"},"yoast_head":"<!-- This site is optimized with the Yoast SEO plugin v27.0 - https:\/\/yoast.com\/product\/yoast-seo-wordpress\/ -->\n<title>3 en 1. Lavavajillas en pastillas - Dermo | F\u00e1brica de detergentes<\/title>\n<meta name=\"robots\" content=\"index, follow, max-snippet:-1, max-image-preview:large, max-video-preview:-1\" \/>\n<link rel=\"canonical\" href=\"https:\/\/dermo.com\/fr\/catalogue\/3-en-1\/\" \/>\n<meta property=\"og:locale\" content=\"fr_FR\" \/>\n<meta property=\"og:type\" content=\"article\" \/>\n<meta property=\"og:title\" content=\"3 en 1. Lavavajillas en pastillas - Dermo | F\u00e1brica de detergentes\" \/>\n<meta property=\"og:description\" content=\"Pastillas lavavajillas 3 en 1: detergente, higienizante y abrillantador.  Contiene agentes rebajadores de la dureza del agua que evitan la redeposici\u00f3n de calcio y magnesio en los utensilios.\" \/>\n<meta property=\"og:url\" content=\"https:\/\/dermo.com\/fr\/catalogue\/3-en-1\/\" \/>\n<meta property=\"og:site_name\" content=\"Dermo | F\u00e1brica de detergentes\" \/>\n<meta property=\"article:modified_time\" content=\"2025-04-01T10:00:25+00:00\" \/>\n<meta property=\"og:image\" content=\"https:\/\/dermo.com\/wp-content\/uploads\/2015\/07\/148-3-en-1.-Lavavajillas-en-pastillas.jpg\" \/>\n\t<meta property=\"og:image:width\" content=\"768\" \/>\n\t<meta property=\"og:image:height\" content=\"977\" \/>\n\t<meta property=\"og:image:type\" content=\"image\/jpeg\" \/>\n<meta name=\"twitter:card\" content=\"summary_large_image\" \/>\n<meta name=\"twitter:label1\" content=\"Dur\u00e9e de lecture estim\u00e9e\" \/>\n\t<meta name=\"twitter:data1\" content=\"1 minute\" \/>\n<script type=\"application\/ld+json\" class=\"yoast-schema-graph\">{\"@context\":\"https:\/\/schema.org\",\"@graph\":[{\"@type\":\"WebPage\",\"@id\":\"https:\/\/dermo.com\/catalogo\/3en1\/\",\"url\":\"https:\/\/dermo.com\/catalogo\/3en1\/\",\"name\":\"3 en 1. Lavavajillas en pastillas - Dermo | F\u00e1brica de detergentes\",\"isPartOf\":{\"@id\":\"https:\/\/dermo.com\/#website\"},\"primaryImageOfPage\":{\"@id\":\"https:\/\/dermo.com\/catalogo\/3en1\/#primaryimage\"},\"image\":{\"@id\":\"https:\/\/dermo.com\/catalogo\/3en1\/#primaryimage\"},\"thumbnailUrl\":\"https:\/\/dermo.com\/wp-content\/uploads\/2015\/07\/148-3-en-1.-Lavavajillas-en-pastillas.jpg\",\"datePublished\":\"2015-07-28T12:43:55+00:00\",\"dateModified\":\"2025-04-01T10:00:25+00:00\",\"breadcrumb\":{\"@id\":\"https:\/\/dermo.com\/catalogo\/3en1\/#breadcrumb\"},\"inLanguage\":\"fr-FR\",\"potentialAction\":[{\"@type\":\"ReadAction\",\"target\":[\"https:\/\/dermo.com\/catalogo\/3en1\/\"]}]},{\"@type\":\"ImageObject\",\"inLanguage\":\"fr-FR\",\"@id\":\"https:\/\/dermo.com\/catalogo\/3en1\/#primaryimage\",\"url\":\"https:\/\/dermo.com\/wp-content\/uploads\/2015\/07\/148-3-en-1.-Lavavajillas-en-pastillas.jpg\",\"contentUrl\":\"https:\/\/dermo.com\/wp-content\/uploads\/2015\/07\/148-3-en-1.-Lavavajillas-en-pastillas.jpg\",\"width\":768,\"height\":977,\"caption\":\"3 en 1. Lavavajillas en pastillas\"},{\"@type\":\"BreadcrumbList\",\"@id\":\"https:\/\/dermo.com\/catalogo\/3en1\/#breadcrumb\",\"itemListElement\":[{\"@type\":\"ListItem\",\"position\":1,\"name\":\"Portada\",\"item\":\"https:\/\/dermo.com\/\"},{\"@type\":\"ListItem\",\"position\":2,\"name\":\"Tienda\",\"item\":\"https:\/\/dermo.com\/tienda\/\"},{\"@type\":\"ListItem\",\"position\":3,\"name\":\"3 en 1. Lavavajillas en pastillas\"}]},{\"@type\":\"WebSite\",\"@id\":\"https:\/\/dermo.com\/#website\",\"url\":\"https:\/\/dermo.com\/\",\"name\":\"Dermo | F\u00e1brica de detergentes\",\"description\":\"Tecnolog\u00eda avanzada, investigaci\u00f3n y desarrollo, respeto por el medio ambiente, competencia, formaci\u00f3n constante y alto nivel de profesionalidad en nuestro equipo humano, empe\u00f1ado en preservar la calidad de vida, la protecci\u00f3n del entorno natural contin\u00faan motiv\u00e1ndonos para desarrollar en nuestros laboratorios nuevos productos con ingredientes activos altamente biodegradables que hacen posible un desarrollo sostenible.\",\"potentialAction\":[{\"@type\":\"SearchAction\",\"target\":{\"@type\":\"EntryPoint\",\"urlTemplate\":\"https:\/\/dermo.com\/?s={search_term_string}\"},\"query-input\":{\"@type\":\"PropertyValueSpecification\",\"valueRequired\":true,\"valueName\":\"search_term_string\"}}],\"inLanguage\":\"fr-FR\"}]}<\/script>\n<!-- \/ Yoast SEO plugin. -->","yoast_head_json":{"title":"3 en 1. Tablettes pour lave-vaisselle - Dermo | Usine de d\u00e9tergents","robots":{"index":"index","follow":"follow","max-snippet":"max-snippet:-1","max-image-preview":"max-image-preview:large","max-video-preview":"max-video-preview:-1"},"canonical":"https:\/\/dermo.com\/fr\/catalogue\/3-en-1\/","og_locale":"fr_FR","og_type":"article","og_title":"3 en 1. Lavavajillas en pastillas - Dermo | F\u00e1brica de detergentes","og_description":"Pastillas lavavajillas 3 en 1: detergente, higienizante y abrillantador.  Contiene agentes rebajadores de la dureza del agua que evitan la redeposici\u00f3n de calcio y magnesio en los utensilios.","og_url":"https:\/\/dermo.com\/fr\/catalogue\/3-en-1\/","og_site_name":"Dermo | F\u00e1brica de detergentes","article_modified_time":"2025-04-01T10:00:25+00:00","og_image":[{"width":768,"height":977,"url":"https:\/\/dermo.com\/wp-content\/uploads\/2015\/07\/148-3-en-1.-Lavavajillas-en-pastillas.jpg","type":"image\/jpeg"}],"twitter_card":"summary_large_image","twitter_misc":{"Dur\u00e9e de lecture estim\u00e9e":"1 minute"},"schema":{"@context":"https:\/\/schema.org","@graph":[{"@type":"WebPage","@id":"https:\/\/dermo.com\/catalogo\/3en1\/","url":"https:\/\/dermo.com\/catalogo\/3en1\/","name":"3 en 1. Tablettes pour lave-vaisselle - Dermo | Usine de d\u00e9tergents","isPartOf":{"@id":"https:\/\/dermo.com\/#website"},"primaryImageOfPage":{"@id":"https:\/\/dermo.com\/catalogo\/3en1\/#primaryimage"},"image":{"@id":"https:\/\/dermo.com\/catalogo\/3en1\/#primaryimage"},"thumbnailUrl":"https:\/\/dermo.com\/wp-content\/uploads\/2015\/07\/148-3-en-1.-Lavavajillas-en-pastillas.jpg","datePublished":"2015-07-28T12:43:55+00:00","dateModified":"2025-04-01T10:00:25+00:00","breadcrumb":{"@id":"https:\/\/dermo.com\/catalogo\/3en1\/#breadcrumb"},"inLanguage":"fr-FR","potentialAction":[{"@type":"ReadAction","target":["https:\/\/dermo.com\/catalogo\/3en1\/"]}]},{"@type":"ImageObject","inLanguage":"fr-FR","@id":"https:\/\/dermo.com\/catalogo\/3en1\/#primaryimage","url":"https:\/\/dermo.com\/wp-content\/uploads\/2015\/07\/148-3-en-1.-Lavavajillas-en-pastillas.jpg","contentUrl":"https:\/\/dermo.com\/wp-content\/uploads\/2015\/07\/148-3-en-1.-Lavavajillas-en-pastillas.jpg","width":768,"height":977,"caption":"3 en 1. Lavavajillas en pastillas"},{"@type":"BreadcrumbList","@id":"https:\/\/dermo.com\/catalogo\/3en1\/#breadcrumb","itemListElement":[{"@type":"ListItem","position":1,"name":"Portada","item":"https:\/\/dermo.com\/"},{"@type":"ListItem","position":2,"name":"Tienda","item":"https:\/\/dermo.com\/tienda\/"},{"@type":"ListItem","position":3,"name":"3 en 1. Lavavajillas en pastillas"}]},{"@type":"WebSite","@id":"https:\/\/dermo.com\/#website","url":"https:\/\/dermo.com\/","name":"Dermo | usine de d\u00e9tergents","description":"Technologie avanc\u00e9e, recherche et d\u00e9veloppement, respect de l&#039;environnement, comp\u00e9tence, formation constante et haut niveau de professionnalisme de notre \u00e9quipe humaine, engag\u00e9e \u00e0 pr\u00e9server la qualit\u00e9 de vie, la protection de l&#039;environnement naturel continuent de nous motiver \u00e0 d\u00e9velopper de nouveaux produits dans notre laboratoires aux principes actifs hautement biod\u00e9gradables qui rendent possible le d\u00e9veloppement durable.","potentialAction":[{"@type":"SearchAction","target":{"@type":"EntryPoint","urlTemplate":"https:\/\/dermo.com\/?s={search_term_string}"},"query-input":{"@type":"PropertyValueSpecification","valueRequired":true,"valueName":"search_term_string"}}],"inLanguage":"fr-FR"}]}},"_links":{"self":[{"href":"https:\/\/dermo.com\/fr\/wp-json\/wp\/v2\/product\/2657","targetHints":{"allow":["GET"]}}],"collection":[{"href":"https:\/\/dermo.com\/fr\/wp-json\/wp\/v2\/product"}],"about":[{"href":"https:\/\/dermo.com\/fr\/wp-json\/wp\/v2\/types\/product"}],"wp:featuredmedia":[{"embeddable":true,"href":"https:\/\/dermo.com\/fr\/wp-json\/wp\/v2\/media\/2656"}],"wp:attachment":[{"href":"https:\/\/dermo.com\/fr\/wp-json\/wp\/v2\/media?parent=2657"}],"wp:term":[{"taxonomy":"product_brand","embeddable":true,"href":"https:\/\/dermo.com\/fr\/wp-json\/wp\/v2\/product_brand?post=2657"},{"taxonomy":"product_cat","embeddable":true,"href":"https:\/\/dermo.com\/fr\/wp-json\/wp\/v2\/product_cat?post=2657"},{"taxonomy":"product_tag","embeddable":true,"href":"https:\/\/dermo.com\/fr\/wp-json\/wp\/v2\/product_tag?post=2657"}],"curies":[{"name":"wp","href":"https:\/\/api.w.org\/{rel}","templated":true}]}}