{"id":2661,"date":"2015-07-28T12:53:33","date_gmt":"2015-07-28T12:53:33","guid":{"rendered":"https:\/\/dermo.ultbit.com\/producto\/limcal\/"},"modified":"2025-05-14T11:58:58","modified_gmt":"2025-05-14T09:58:58","slug":"limcal","status":"publish","type":"product","link":"https:\/\/dermo.com\/fr\/catalogue\/limcal\/","title":{"rendered":"Limcal. D\u00e9sincrustant"},"content":{"rendered":"<p><strong>MODE D'EMPLOI:<\/strong><br \/>\n<strong>Machines \u00e0 laver la vaisselle<\/strong>: Effectuer un cycle de lavage sous vide en dosant le produit du 5% au 10%. R\u00e9p\u00e9tez le processus tous les 15 jours pour un entretien optimal de la machine.<br \/>\n<strong>R\u00e9cup\u00e9ration de vaisselle<\/strong>: Diluer le produit de 3 \u00e0 5% dans un r\u00e9cipient avec de l&#039;eau. Plongez les plats pendant 5 \u00e0 10 minutes. Rincer abondamment \u00e0 l&#039;eau.<br \/>\n<strong>Nettoyage de fin de travaux et piscines<\/strong>: V\u00e9rifier que le mat\u00e9riau r\u00e9siste aux acides (gr\u00e8s, c\u00e9ramique, gr\u00e8s, granit, ardoise). Diluer entre 40 et 60% dans l&#039;eau. Appliquer sur la surface et frotter avec un pinceau. Rincer \u00e0 l&#039;eau jusqu&#039;\u00e0 pH neutre. Ne pas utiliser sur du calcaire ou du marbre.<br \/>\n<strong>Mat\u00e9riel de chantier<\/strong>: Pour \u00e9liminer les restes de ciment des b\u00e9tonni\u00e8res, brouettes... utiliser du 20 dilu\u00e9 au 50%.<br \/>\n<strong>Nettoyage des joints :<\/strong> Diluer entre 30 et 40% dans l&#039;eau. Appliquer sur les joints et frotter imm\u00e9diatement avec une brosse ou un tampon \u00e0 r\u00e9curer. Apr\u00e8s application, neutraliser avec beaucoup d&#039;eau.<\/p>\n<p><strong>CARACT\u00c9RISTIQUES TECHNIQUES<\/strong><br \/>\nAspect: Liquide opaque.<br \/>\nCouleur : blanc.<br \/>\nOdeur : Amandes am\u00e8res.<br \/>\npH pur : &lt;1.<br \/>\nDensit\u00e9\u00a0: 1,05-1,07 g\/cc<br \/>\nConcentration de substance active : 17 -20%<\/p>\n<p><strong>COMPOSITION<\/strong><br \/>\nAcides inorganiques, parfum.<\/p>\n<p><strong>PR\u00c9SENTATION<\/strong><br \/>\nEmballage de plastique:<\/p>\n<table>\n<tbody>\n<tr>\n<td>FORMAT<\/td>\n<td>\u00a0 \u00a0 \u00a01 kg<\/td>\n<td>\u00a0 \u00a0 \u00a0 5 kg<\/td>\n<td><\/td>\n<\/tr>\n<tr>\n<td>CODE<\/td>\n<td>\u00a0 \u00a0003LIM01<\/td>\n<td>\u00a0 \u00a0003LIM05<\/td>\n<td><\/td>\n<\/tr>\n<\/tbody>\n<\/table>\n<p><strong>S\u00c9CURIT\u00c9 \/ TOXICOLOGIE<\/strong><br \/>\nProvoque de graves br\u00fblures de la peau et de graves l\u00e9sions oculaires. Porter des gants\/v\u00eatements\/lunettes de protection.<br \/>\nEn cas d&#039;accident, consulter le Service d&#039;Information M\u00e9dicale Toxicologique. T\u00e9l. : 915 620 420.<\/p>\n<p><strong>INFORMATIONS COMPL\u00c9MENTAIRES<\/strong><br \/>\nPRODUIT INDUSTRIEL. UTILISATION PROFESSIONNELLE.<\/p>","protected":false},"excerpt":{"rendered":"<p>&nbsp;<\/p>\n<p class=\"Estndar\">D\u00e9sincrustant s\u00fbr et effectif de grand pouvoir, pour des circuits d\u2019eau chaude ou froide.<br \/>\nIl dussoud des incrustations de chaux ou d\u2019oxyde d\u00e9j\u00e0 form\u00e9es. Il n\u2019oxyde pas.<br \/>\nEffectif pour les tuyauteries, fa\u00e7ades de brique, machines lave-vaisselle et machines lave-linge, nettoyage de piscines, nettoyages \u00e0 la finition des chantiers\u2026<\/p>","protected":false},"featured_media":2660,"template":"","meta":{"neve_meta_sidebar":"","neve_meta_container":"","neve_meta_enable_content_width":"off","neve_meta_content_width":100,"neve_meta_title_alignment":"","neve_meta_author_avatar":"","neve_post_elements_order":"","neve_meta_disable_header":"","neve_meta_disable_footer":"","neve_meta_disable_title":""},"product_brand":[],"product_cat":[377,385,382,381],"product_tag":[],"class_list":{"0":"post-2661","1":"product","2":"type-product","3":"status-publish","4":"has-post-thumbnail","6":"product_cat-desincrustantes","7":"product_cat-industria-y-automocion-productos","8":"product_cat-limpiadores-especificos","9":"product_cat-tratamiento-de-suelos","11":"first","12":"instock","13":"shipping-taxable","14":"product-type-simple"},"yoast_head":"<!-- This site is optimized with the Yoast SEO plugin v27.0 - https:\/\/yoast.com\/product\/yoast-seo-wordpress\/ -->\n<title>Limcal. Desincrustante - Dermo | F\u00e1brica de detergentes<\/title>\n<meta name=\"robots\" content=\"index, follow, max-snippet:-1, max-image-preview:large, max-video-preview:-1\" \/>\n<link rel=\"canonical\" href=\"https:\/\/dermo.com\/fr\/catalogue\/limcal\/\" \/>\n<meta property=\"og:locale\" content=\"fr_FR\" \/>\n<meta property=\"og:type\" content=\"article\" \/>\n<meta property=\"og:title\" content=\"Limcal. Desincrustante - Dermo | F\u00e1brica de detergentes\" \/>\n<meta property=\"og:description\" content=\"&nbsp; Desincrustante para circuitos de agua caliente o fr\u00eda de m\u00e1quinas lavavajillas, lavadoras.... Disuelve incrustaciones de cal y \u00f3xido. V\u00e1lido para limpiezas de final de obra y piscinas (restos de cemento, suciedad ambiental, salitre, \u00f3xido, cal) y como limpiador de juntas de baldosas.\" \/>\n<meta property=\"og:url\" content=\"https:\/\/dermo.com\/fr\/catalogue\/limcal\/\" \/>\n<meta property=\"og:site_name\" content=\"Dermo | F\u00e1brica de detergentes\" \/>\n<meta property=\"article:modified_time\" content=\"2025-05-14T09:58:58+00:00\" \/>\n<meta property=\"og:image\" content=\"https:\/\/dermo.com\/wp-content\/uploads\/2015\/07\/104-Limcal.-Desincrustante.jpg\" \/>\n\t<meta property=\"og:image:width\" content=\"768\" \/>\n\t<meta property=\"og:image:height\" content=\"794\" \/>\n\t<meta property=\"og:image:type\" content=\"image\/jpeg\" \/>\n<meta name=\"twitter:card\" content=\"summary_large_image\" \/>\n<meta name=\"twitter:label1\" content=\"Dur\u00e9e de lecture estim\u00e9e\" \/>\n\t<meta name=\"twitter:data1\" content=\"2 minutes\" \/>\n<script type=\"application\/ld+json\" class=\"yoast-schema-graph\">{\"@context\":\"https:\/\/schema.org\",\"@graph\":[{\"@type\":\"WebPage\",\"@id\":\"https:\/\/dermo.com\/catalogo\/limcal\/\",\"url\":\"https:\/\/dermo.com\/catalogo\/limcal\/\",\"name\":\"Limcal. Desincrustante - Dermo | F\u00e1brica de detergentes\",\"isPartOf\":{\"@id\":\"https:\/\/dermo.com\/#website\"},\"primaryImageOfPage\":{\"@id\":\"https:\/\/dermo.com\/catalogo\/limcal\/#primaryimage\"},\"image\":{\"@id\":\"https:\/\/dermo.com\/catalogo\/limcal\/#primaryimage\"},\"thumbnailUrl\":\"https:\/\/dermo.com\/wp-content\/uploads\/2015\/07\/104-Limcal.-Desincrustante.jpg\",\"datePublished\":\"2015-07-28T12:53:33+00:00\",\"dateModified\":\"2025-05-14T09:58:58+00:00\",\"breadcrumb\":{\"@id\":\"https:\/\/dermo.com\/catalogo\/limcal\/#breadcrumb\"},\"inLanguage\":\"fr-FR\",\"potentialAction\":[{\"@type\":\"ReadAction\",\"target\":[\"https:\/\/dermo.com\/catalogo\/limcal\/\"]}]},{\"@type\":\"ImageObject\",\"inLanguage\":\"fr-FR\",\"@id\":\"https:\/\/dermo.com\/catalogo\/limcal\/#primaryimage\",\"url\":\"https:\/\/dermo.com\/wp-content\/uploads\/2015\/07\/104-Limcal.-Desincrustante.jpg\",\"contentUrl\":\"https:\/\/dermo.com\/wp-content\/uploads\/2015\/07\/104-Limcal.-Desincrustante.jpg\",\"width\":768,\"height\":794,\"caption\":\"Limcal. Desincrustante\"},{\"@type\":\"BreadcrumbList\",\"@id\":\"https:\/\/dermo.com\/catalogo\/limcal\/#breadcrumb\",\"itemListElement\":[{\"@type\":\"ListItem\",\"position\":1,\"name\":\"Portada\",\"item\":\"https:\/\/dermo.com\/\"},{\"@type\":\"ListItem\",\"position\":2,\"name\":\"Tienda\",\"item\":\"https:\/\/dermo.com\/tienda\/\"},{\"@type\":\"ListItem\",\"position\":3,\"name\":\"Limcal. Desincrustante\"}]},{\"@type\":\"WebSite\",\"@id\":\"https:\/\/dermo.com\/#website\",\"url\":\"https:\/\/dermo.com\/\",\"name\":\"Dermo | F\u00e1brica de detergentes\",\"description\":\"Tecnolog\u00eda avanzada, investigaci\u00f3n y desarrollo, respeto por el medio ambiente, competencia, formaci\u00f3n constante y alto nivel de profesionalidad en nuestro equipo humano, empe\u00f1ado en preservar la calidad de vida, la protecci\u00f3n del entorno natural contin\u00faan motiv\u00e1ndonos para desarrollar en nuestros laboratorios nuevos productos con ingredientes activos altamente biodegradables que hacen posible un desarrollo sostenible.\",\"potentialAction\":[{\"@type\":\"SearchAction\",\"target\":{\"@type\":\"EntryPoint\",\"urlTemplate\":\"https:\/\/dermo.com\/?s={search_term_string}\"},\"query-input\":{\"@type\":\"PropertyValueSpecification\",\"valueRequired\":true,\"valueName\":\"search_term_string\"}}],\"inLanguage\":\"fr-FR\"}]}<\/script>\n<!-- \/ Yoast SEO plugin. -->","yoast_head_json":{"title":"Limcal. D\u00e9tartrant - Dermo | usine de d\u00e9tergents","robots":{"index":"index","follow":"follow","max-snippet":"max-snippet:-1","max-image-preview":"max-image-preview:large","max-video-preview":"max-video-preview:-1"},"canonical":"https:\/\/dermo.com\/fr\/catalogue\/limcal\/","og_locale":"fr_FR","og_type":"article","og_title":"Limcal. Desincrustante - Dermo | F\u00e1brica de detergentes","og_description":"&nbsp; Desincrustante para circuitos de agua caliente o fr\u00eda de m\u00e1quinas lavavajillas, lavadoras.... Disuelve incrustaciones de cal y \u00f3xido. V\u00e1lido para limpiezas de final de obra y piscinas (restos de cemento, suciedad ambiental, salitre, \u00f3xido, cal) y como limpiador de juntas de baldosas.","og_url":"https:\/\/dermo.com\/fr\/catalogue\/limcal\/","og_site_name":"Dermo | F\u00e1brica de detergentes","article_modified_time":"2025-05-14T09:58:58+00:00","og_image":[{"width":768,"height":794,"url":"https:\/\/dermo.com\/wp-content\/uploads\/2015\/07\/104-Limcal.-Desincrustante.jpg","type":"image\/jpeg"}],"twitter_card":"summary_large_image","twitter_misc":{"Dur\u00e9e de lecture estim\u00e9e":"2 minutes"},"schema":{"@context":"https:\/\/schema.org","@graph":[{"@type":"WebPage","@id":"https:\/\/dermo.com\/catalogo\/limcal\/","url":"https:\/\/dermo.com\/catalogo\/limcal\/","name":"Limcal. D\u00e9tartrant - Dermo | usine de d\u00e9tergents","isPartOf":{"@id":"https:\/\/dermo.com\/#website"},"primaryImageOfPage":{"@id":"https:\/\/dermo.com\/catalogo\/limcal\/#primaryimage"},"image":{"@id":"https:\/\/dermo.com\/catalogo\/limcal\/#primaryimage"},"thumbnailUrl":"https:\/\/dermo.com\/wp-content\/uploads\/2015\/07\/104-Limcal.-Desincrustante.jpg","datePublished":"2015-07-28T12:53:33+00:00","dateModified":"2025-05-14T09:58:58+00:00","breadcrumb":{"@id":"https:\/\/dermo.com\/catalogo\/limcal\/#breadcrumb"},"inLanguage":"fr-FR","potentialAction":[{"@type":"ReadAction","target":["https:\/\/dermo.com\/catalogo\/limcal\/"]}]},{"@type":"ImageObject","inLanguage":"fr-FR","@id":"https:\/\/dermo.com\/catalogo\/limcal\/#primaryimage","url":"https:\/\/dermo.com\/wp-content\/uploads\/2015\/07\/104-Limcal.-Desincrustante.jpg","contentUrl":"https:\/\/dermo.com\/wp-content\/uploads\/2015\/07\/104-Limcal.-Desincrustante.jpg","width":768,"height":794,"caption":"Limcal. Desincrustante"},{"@type":"BreadcrumbList","@id":"https:\/\/dermo.com\/catalogo\/limcal\/#breadcrumb","itemListElement":[{"@type":"ListItem","position":1,"name":"Portada","item":"https:\/\/dermo.com\/"},{"@type":"ListItem","position":2,"name":"Tienda","item":"https:\/\/dermo.com\/tienda\/"},{"@type":"ListItem","position":3,"name":"Limcal. Desincrustante"}]},{"@type":"WebSite","@id":"https:\/\/dermo.com\/#website","url":"https:\/\/dermo.com\/","name":"Dermo | usine de d\u00e9tergents","description":"Technologie avanc\u00e9e, recherche et d\u00e9veloppement, respect de l&#039;environnement, comp\u00e9tence, formation constante et haut niveau de professionnalisme de notre \u00e9quipe humaine, engag\u00e9e \u00e0 pr\u00e9server la qualit\u00e9 de vie, la protection de l&#039;environnement naturel continuent de nous motiver \u00e0 d\u00e9velopper de nouveaux produits dans notre laboratoires aux principes actifs hautement biod\u00e9gradables qui rendent possible le d\u00e9veloppement durable.","potentialAction":[{"@type":"SearchAction","target":{"@type":"EntryPoint","urlTemplate":"https:\/\/dermo.com\/?s={search_term_string}"},"query-input":{"@type":"PropertyValueSpecification","valueRequired":true,"valueName":"search_term_string"}}],"inLanguage":"fr-FR"}]}},"_links":{"self":[{"href":"https:\/\/dermo.com\/fr\/wp-json\/wp\/v2\/product\/2661","targetHints":{"allow":["GET"]}}],"collection":[{"href":"https:\/\/dermo.com\/fr\/wp-json\/wp\/v2\/product"}],"about":[{"href":"https:\/\/dermo.com\/fr\/wp-json\/wp\/v2\/types\/product"}],"wp:featuredmedia":[{"embeddable":true,"href":"https:\/\/dermo.com\/fr\/wp-json\/wp\/v2\/media\/2660"}],"wp:attachment":[{"href":"https:\/\/dermo.com\/fr\/wp-json\/wp\/v2\/media?parent=2661"}],"wp:term":[{"taxonomy":"product_brand","embeddable":true,"href":"https:\/\/dermo.com\/fr\/wp-json\/wp\/v2\/product_brand?post=2661"},{"taxonomy":"product_cat","embeddable":true,"href":"https:\/\/dermo.com\/fr\/wp-json\/wp\/v2\/product_cat?post=2661"},{"taxonomy":"product_tag","embeddable":true,"href":"https:\/\/dermo.com\/fr\/wp-json\/wp\/v2\/product_tag?post=2661"}],"curies":[{"name":"wp","href":"https:\/\/api.w.org\/{rel}","templated":true}]}}