{"id":2669,"date":"2015-07-28T13:06:04","date_gmt":"2015-07-28T13:06:04","guid":{"rendered":"https:\/\/dermo.ultbit.com\/producto\/maxim-plus\/"},"modified":"2024-09-10T09:31:22","modified_gmt":"2024-09-10T07:31:22","slug":"maxime-plus","status":"publish","type":"product","link":"https:\/\/dermo.com\/fr\/catalogue\/maxime-plus\/","title":{"rendered":"Maxim Plus. D\u00e9tergent concentr\u00e9"},"content":{"rendered":"<p><strong>MODE D'EMPLOI:<\/strong><br \/>\nMettre de 10 \u00e0 25g. de Maxim Plus par kg de linge sec, selon sa salet\u00e9, du syst\u00e8me de lavage et de la duret\u00e9 de l\u2019eau.<\/p>\n<p><strong>CARACT\u00c9RISTIQUES TECHNIQUES :<\/strong><br \/>\nAspect: Poudre.<br \/>\nCouleur : blanc.<br \/>\nOdeur: Parfum.<br \/>\npH (1%, eau) : 10,5 \u2013 11,5.<br \/>\nDensit\u00e9 apparente\u00a0: 0,60 \u2013 0,80 g\/cc<\/p>\n<p><strong>PR\u00c9SENTATION:<\/strong><br \/>\nSacs en plastique\u00a0:<\/p>\n<table>\n<tbody>\n<tr>\n<td>FORMAT<\/td>\n<td>\u00a0 \u00a020 kg<\/td>\n<\/tr>\n<tr>\n<td>CODE<\/td>\n<td>001MAP20<\/td>\n<\/tr>\n<\/tbody>\n<\/table>","protected":false},"excerpt":{"rendered":"<h3 class=\"Estndar\">Maxime Plus<\/h3>\n<p class=\"Estndar\"><span lang=\"es\" xml:lang=\"es\">Lessive pour le lavage de les v\u00eatements, sp\u00e9cialement pour des euax d\u2019extr\u00eame duret\u00e9, \u00e0 l\u2019eau froide ou ti\u00e8de. Haute concentration dans oxyg\u00e8ne actif. De grande efficacit\u00e9 blanchissant \u00e0 baisse temp\u00e9rature.<\/span><\/p>","protected":false},"featured_media":4191,"template":"","meta":{"neve_meta_sidebar":"","neve_meta_container":"","neve_meta_enable_content_width":"off","neve_meta_content_width":100,"neve_meta_title_alignment":"","neve_meta_author_avatar":"","neve_post_elements_order":"","neve_meta_disable_header":"","neve_meta_disable_footer":"","neve_meta_disable_title":""},"product_brand":[],"product_cat":[390,369],"product_tag":[],"class_list":{"0":"post-2669","1":"product","2":"type-product","3":"status-publish","4":"has-post-thumbnail","6":"product_cat-detergente-solido","7":"product_cat-lavanderia","9":"first","10":"instock","11":"shipping-taxable","12":"product-type-simple"},"yoast_head":"<!-- This site is optimized with the Yoast SEO plugin v27.0 - https:\/\/yoast.com\/product\/yoast-seo-wordpress\/ -->\n<title>Maxim Plus. Detergente concentrado - Dermo | F\u00e1brica de detergentes<\/title>\n<meta name=\"robots\" content=\"index, follow, max-snippet:-1, max-image-preview:large, max-video-preview:-1\" \/>\n<link rel=\"canonical\" href=\"https:\/\/dermo.com\/fr\/catalogue\/maxime-plus\/\" \/>\n<meta property=\"og:locale\" content=\"fr_FR\" \/>\n<meta property=\"og:type\" content=\"article\" \/>\n<meta property=\"og:title\" content=\"Maxim Plus. Detergente concentrado - Dermo | F\u00e1brica de detergentes\" \/>\n<meta property=\"og:description\" content=\"Maxim Plus Detergente completo para el lavado de ropa, especial para aguas de extrema dureza a cualquier temperatura. Enriquecido con oxigeno activo altamente eficaz blanqueando a baja temperatura.\" \/>\n<meta property=\"og:url\" content=\"https:\/\/dermo.com\/fr\/catalogue\/maxime-plus\/\" \/>\n<meta property=\"og:site_name\" content=\"Dermo | F\u00e1brica de detergentes\" \/>\n<meta property=\"article:modified_time\" content=\"2024-09-10T07:31:22+00:00\" \/>\n<meta property=\"og:image\" content=\"https:\/\/dermo.com\/wp-content\/uploads\/2015\/07\/Maxim-Plus.-Detergente-concentrado.png\" \/>\n\t<meta property=\"og:image:width\" content=\"768\" \/>\n\t<meta property=\"og:image:height\" content=\"823\" \/>\n\t<meta property=\"og:image:type\" content=\"image\/png\" \/>\n<meta name=\"twitter:card\" content=\"summary_large_image\" \/>\n<meta name=\"twitter:label1\" content=\"Dur\u00e9e de lecture estim\u00e9e\" \/>\n\t<meta name=\"twitter:data1\" content=\"1 minute\" \/>\n<script type=\"application\/ld+json\" class=\"yoast-schema-graph\">{\"@context\":\"https:\/\/schema.org\",\"@graph\":[{\"@type\":\"WebPage\",\"@id\":\"https:\/\/dermo.com\/catalogo\/maxim-plus\/\",\"url\":\"https:\/\/dermo.com\/catalogo\/maxim-plus\/\",\"name\":\"Maxim Plus. Detergente concentrado - Dermo | F\u00e1brica de detergentes\",\"isPartOf\":{\"@id\":\"https:\/\/dermo.com\/#website\"},\"primaryImageOfPage\":{\"@id\":\"https:\/\/dermo.com\/catalogo\/maxim-plus\/#primaryimage\"},\"image\":{\"@id\":\"https:\/\/dermo.com\/catalogo\/maxim-plus\/#primaryimage\"},\"thumbnailUrl\":\"https:\/\/dermo.com\/wp-content\/uploads\/2015\/07\/Maxim-Plus.-Detergente-concentrado.png\",\"datePublished\":\"2015-07-28T13:06:04+00:00\",\"dateModified\":\"2024-09-10T07:31:22+00:00\",\"breadcrumb\":{\"@id\":\"https:\/\/dermo.com\/catalogo\/maxim-plus\/#breadcrumb\"},\"inLanguage\":\"fr-FR\",\"potentialAction\":[{\"@type\":\"ReadAction\",\"target\":[\"https:\/\/dermo.com\/catalogo\/maxim-plus\/\"]}]},{\"@type\":\"ImageObject\",\"inLanguage\":\"fr-FR\",\"@id\":\"https:\/\/dermo.com\/catalogo\/maxim-plus\/#primaryimage\",\"url\":\"https:\/\/dermo.com\/wp-content\/uploads\/2015\/07\/Maxim-Plus.-Detergente-concentrado.png\",\"contentUrl\":\"https:\/\/dermo.com\/wp-content\/uploads\/2015\/07\/Maxim-Plus.-Detergente-concentrado.png\",\"width\":768,\"height\":823},{\"@type\":\"BreadcrumbList\",\"@id\":\"https:\/\/dermo.com\/catalogo\/maxim-plus\/#breadcrumb\",\"itemListElement\":[{\"@type\":\"ListItem\",\"position\":1,\"name\":\"Portada\",\"item\":\"https:\/\/dermo.com\/\"},{\"@type\":\"ListItem\",\"position\":2,\"name\":\"Tienda\",\"item\":\"https:\/\/dermo.com\/tienda\/\"},{\"@type\":\"ListItem\",\"position\":3,\"name\":\"Maxim Plus. Detergente concentrado\"}]},{\"@type\":\"WebSite\",\"@id\":\"https:\/\/dermo.com\/#website\",\"url\":\"https:\/\/dermo.com\/\",\"name\":\"Dermo | F\u00e1brica de detergentes\",\"description\":\"Tecnolog\u00eda avanzada, investigaci\u00f3n y desarrollo, respeto por el medio ambiente, competencia, formaci\u00f3n constante y alto nivel de profesionalidad en nuestro equipo humano, empe\u00f1ado en preservar la calidad de vida, la protecci\u00f3n del entorno natural contin\u00faan motiv\u00e1ndonos para desarrollar en nuestros laboratorios nuevos productos con ingredientes activos altamente biodegradables que hacen posible un desarrollo sostenible.\",\"potentialAction\":[{\"@type\":\"SearchAction\",\"target\":{\"@type\":\"EntryPoint\",\"urlTemplate\":\"https:\/\/dermo.com\/?s={search_term_string}\"},\"query-input\":{\"@type\":\"PropertyValueSpecification\",\"valueRequired\":true,\"valueName\":\"search_term_string\"}}],\"inLanguage\":\"fr-FR\"}]}<\/script>\n<!-- \/ Yoast SEO plugin. -->","yoast_head_json":{"title":"Maxime Plus. D\u00e9tergent concentr\u00e9 - Dermo | usine de d\u00e9tergents","robots":{"index":"index","follow":"follow","max-snippet":"max-snippet:-1","max-image-preview":"max-image-preview:large","max-video-preview":"max-video-preview:-1"},"canonical":"https:\/\/dermo.com\/fr\/catalogue\/maxime-plus\/","og_locale":"fr_FR","og_type":"article","og_title":"Maxim Plus. Detergente concentrado - Dermo | F\u00e1brica de detergentes","og_description":"Maxim Plus Detergente completo para el lavado de ropa, especial para aguas de extrema dureza a cualquier temperatura. Enriquecido con oxigeno activo altamente eficaz blanqueando a baja temperatura.","og_url":"https:\/\/dermo.com\/fr\/catalogue\/maxime-plus\/","og_site_name":"Dermo | F\u00e1brica de detergentes","article_modified_time":"2024-09-10T07:31:22+00:00","og_image":[{"width":768,"height":823,"url":"https:\/\/dermo.com\/wp-content\/uploads\/2015\/07\/Maxim-Plus.-Detergente-concentrado.png","type":"image\/png"}],"twitter_card":"summary_large_image","twitter_misc":{"Dur\u00e9e de lecture estim\u00e9e":"1 minute"},"schema":{"@context":"https:\/\/schema.org","@graph":[{"@type":"WebPage","@id":"https:\/\/dermo.com\/catalogo\/maxim-plus\/","url":"https:\/\/dermo.com\/catalogo\/maxim-plus\/","name":"Maxime Plus. D\u00e9tergent concentr\u00e9 - Dermo | usine de d\u00e9tergents","isPartOf":{"@id":"https:\/\/dermo.com\/#website"},"primaryImageOfPage":{"@id":"https:\/\/dermo.com\/catalogo\/maxim-plus\/#primaryimage"},"image":{"@id":"https:\/\/dermo.com\/catalogo\/maxim-plus\/#primaryimage"},"thumbnailUrl":"https:\/\/dermo.com\/wp-content\/uploads\/2015\/07\/Maxim-Plus.-Detergente-concentrado.png","datePublished":"2015-07-28T13:06:04+00:00","dateModified":"2024-09-10T07:31:22+00:00","breadcrumb":{"@id":"https:\/\/dermo.com\/catalogo\/maxim-plus\/#breadcrumb"},"inLanguage":"fr-FR","potentialAction":[{"@type":"ReadAction","target":["https:\/\/dermo.com\/catalogo\/maxim-plus\/"]}]},{"@type":"ImageObject","inLanguage":"fr-FR","@id":"https:\/\/dermo.com\/catalogo\/maxim-plus\/#primaryimage","url":"https:\/\/dermo.com\/wp-content\/uploads\/2015\/07\/Maxim-Plus.-Detergente-concentrado.png","contentUrl":"https:\/\/dermo.com\/wp-content\/uploads\/2015\/07\/Maxim-Plus.-Detergente-concentrado.png","width":768,"height":823},{"@type":"BreadcrumbList","@id":"https:\/\/dermo.com\/catalogo\/maxim-plus\/#breadcrumb","itemListElement":[{"@type":"ListItem","position":1,"name":"Portada","item":"https:\/\/dermo.com\/"},{"@type":"ListItem","position":2,"name":"Tienda","item":"https:\/\/dermo.com\/tienda\/"},{"@type":"ListItem","position":3,"name":"Maxim Plus. Detergente concentrado"}]},{"@type":"WebSite","@id":"https:\/\/dermo.com\/#website","url":"https:\/\/dermo.com\/","name":"Dermo | usine de d\u00e9tergents","description":"Technologie avanc\u00e9e, recherche et d\u00e9veloppement, respect de l&#039;environnement, comp\u00e9tence, formation constante et haut niveau de professionnalisme de notre \u00e9quipe humaine, engag\u00e9e \u00e0 pr\u00e9server la qualit\u00e9 de vie, la protection de l&#039;environnement naturel continuent de nous motiver \u00e0 d\u00e9velopper de nouveaux produits dans notre laboratoires aux principes actifs hautement biod\u00e9gradables qui rendent possible le d\u00e9veloppement durable.","potentialAction":[{"@type":"SearchAction","target":{"@type":"EntryPoint","urlTemplate":"https:\/\/dermo.com\/?s={search_term_string}"},"query-input":{"@type":"PropertyValueSpecification","valueRequired":true,"valueName":"search_term_string"}}],"inLanguage":"fr-FR"}]}},"_links":{"self":[{"href":"https:\/\/dermo.com\/fr\/wp-json\/wp\/v2\/product\/2669","targetHints":{"allow":["GET"]}}],"collection":[{"href":"https:\/\/dermo.com\/fr\/wp-json\/wp\/v2\/product"}],"about":[{"href":"https:\/\/dermo.com\/fr\/wp-json\/wp\/v2\/types\/product"}],"wp:featuredmedia":[{"embeddable":true,"href":"https:\/\/dermo.com\/fr\/wp-json\/wp\/v2\/media\/4191"}],"wp:attachment":[{"href":"https:\/\/dermo.com\/fr\/wp-json\/wp\/v2\/media?parent=2669"}],"wp:term":[{"taxonomy":"product_brand","embeddable":true,"href":"https:\/\/dermo.com\/fr\/wp-json\/wp\/v2\/product_brand?post=2669"},{"taxonomy":"product_cat","embeddable":true,"href":"https:\/\/dermo.com\/fr\/wp-json\/wp\/v2\/product_cat?post=2669"},{"taxonomy":"product_tag","embeddable":true,"href":"https:\/\/dermo.com\/fr\/wp-json\/wp\/v2\/product_tag?post=2669"}],"curies":[{"name":"wp","href":"https:\/\/api.w.org\/{rel}","templated":true}]}}