{"id":2677,"date":"2015-07-28T15:19:45","date_gmt":"2015-07-28T15:19:45","guid":{"rendered":"https:\/\/dermo.ultbit.com\/producto\/marsella\/"},"modified":"2024-09-10T09:35:49","modified_gmt":"2024-09-10T07:35:49","slug":"marseille","status":"publish","type":"product","link":"https:\/\/dermo.com\/fr\/catalogue\/marseille\/","title":{"rendered":"D\u00e9tergent au savon de Marseille. D\u00e9tergent liquide"},"content":{"rendered":"<p><strong>MODE D'EMPLOI:<\/strong><br \/>\nMettre  de 15 a 50 cm3 par kg de linge, en tenant compte de sa salet\u00e9 et de la duret\u00e9 de l\u2019eau.<\/p>\n<p><strong>CARACT\u00c9RISTIQUES TECHNIQUES<\/strong><br \/>\nAspect: Liquide dense.<br \/>\nCouleur : blanc.<br \/>\nOdeur : Parfum de Savon de Marseille.<br \/>\npH pur : 7,5 \u2013 8,5.<br \/>\nSolubilit\u00e9 dans eau: Soluble.<br \/>\nConcentration en substance active : 15 -17%.<\/p>\n<p><strong>COMPOSITION<\/strong><br \/>\nTensioactifs anioniques et non ioniques, savons, dispersants, opacifiants, conservateurs et parfums.<\/p>\n<p><strong>PR\u00c9SENTATION<\/strong><br \/>\nEmballage de plastique:<\/p>\n<table class=\"alignleft\" width=\"216\">\n<tbody>\n<tr>\n<td width=\"64\">FORMAT<\/td>\n<td style=\"text-align: center;\" width=\"76\">3 kg<\/td>\n<td style=\"text-align: center;\" width=\"76\">5 kg<\/td>\n<\/tr>\n<tr>\n<td style=\"text-align: center;\">CODE<\/td>\n<td style=\"text-align: center;\">\u00a0 \u00a0001MAR03<\/td>\n<td style=\"text-align: center;\">\u00a0 \u00a0001MAR05<\/td>\n<\/tr>\n<\/tbody>\n<\/table>\n<p>&nbsp;<\/p>\n<p>&nbsp;<\/p>\n<p>&nbsp;<\/p>\n<p><strong>S\u00c9CURIT\u00c9 \/ TOXICOLOGIE<\/strong><br \/>\nProvoque une grave irritation des yeux. Tenir hors de port\u00e9e des enfants.<br \/>\nEn cas d&#039;accident, consulter le Service d&#039;Information M\u00e9dicale Toxicologique. T\u00e9l. : 915 620 420.<\/p>","protected":false},"excerpt":{"rendered":"<h3>Lessive au Savon de Marseille<\/h3>\n<p class=\"Estndar\">Lessive liquide au savon de marseille, avec mousse limit\u00e9e. Ideale pour toute sorte de linge. Elle procure une grande couceur aux fibres et un agr\u00e9able parfum.<\/p>","protected":false},"featured_media":2676,"template":"","meta":{"neve_meta_sidebar":"","neve_meta_container":"","neve_meta_enable_content_width":"off","neve_meta_content_width":100,"neve_meta_title_alignment":"","neve_meta_author_avatar":"","neve_post_elements_order":"","neve_meta_disable_header":"","neve_meta_disable_footer":"","neve_meta_disable_title":""},"product_brand":[],"product_cat":[391,369],"product_tag":[],"class_list":{"0":"post-2677","1":"product","2":"type-product","3":"status-publish","4":"has-post-thumbnail","6":"product_cat-detergente-liquido","7":"product_cat-lavanderia","9":"first","10":"instock","11":"shipping-taxable","12":"product-type-simple"},"yoast_head":"<!-- This site is optimized with the Yoast SEO plugin v27.0 - https:\/\/yoast.com\/product\/yoast-seo-wordpress\/ -->\n<title>Detergente al Jab\u00f3n de Marsella. Detergente l\u00edquido - Dermo | F\u00e1brica de detergentes<\/title>\n<meta name=\"robots\" content=\"index, follow, max-snippet:-1, max-image-preview:large, max-video-preview:-1\" \/>\n<link rel=\"canonical\" href=\"https:\/\/dermo.com\/fr\/catalogue\/marseille\/\" \/>\n<meta property=\"og:locale\" content=\"fr_FR\" \/>\n<meta property=\"og:type\" content=\"article\" \/>\n<meta property=\"og:title\" content=\"Detergente al Jab\u00f3n de Marsella. Detergente l\u00edquido - Dermo | F\u00e1brica de detergentes\" \/>\n<meta property=\"og:description\" content=\"Detergente al Jab\u00f3n de Marsella Detergente l\u00edquido de espuma controlada al jab\u00f3n de Marsella. Ideal para toda la colada, dot\u00e1ndola de una gran suavidad y el agradable olor del jab\u00f3n de marsella.\" \/>\n<meta property=\"og:url\" content=\"https:\/\/dermo.com\/fr\/catalogue\/marseille\/\" \/>\n<meta property=\"og:site_name\" content=\"Dermo | F\u00e1brica de detergentes\" \/>\n<meta property=\"article:modified_time\" content=\"2024-09-10T07:35:49+00:00\" \/>\n<meta property=\"og:image\" content=\"https:\/\/dermo.com\/wp-content\/uploads\/2015\/07\/113-Detergente-al-Jabon-de-Marsella.-Detergente-liquido.jpg\" \/>\n\t<meta property=\"og:image:width\" content=\"768\" \/>\n\t<meta property=\"og:image:height\" content=\"768\" \/>\n\t<meta property=\"og:image:type\" content=\"image\/jpeg\" \/>\n<meta name=\"twitter:card\" content=\"summary_large_image\" \/>\n<meta name=\"twitter:label1\" content=\"Dur\u00e9e de lecture estim\u00e9e\" \/>\n\t<meta name=\"twitter:data1\" content=\"1 minute\" \/>\n<script type=\"application\/ld+json\" class=\"yoast-schema-graph\">{\"@context\":\"https:\/\/schema.org\",\"@graph\":[{\"@type\":\"WebPage\",\"@id\":\"https:\/\/dermo.com\/catalogo\/marsella\/\",\"url\":\"https:\/\/dermo.com\/catalogo\/marsella\/\",\"name\":\"Detergente al Jab\u00f3n de Marsella. Detergente l\u00edquido - Dermo | F\u00e1brica de detergentes\",\"isPartOf\":{\"@id\":\"https:\/\/dermo.com\/#website\"},\"primaryImageOfPage\":{\"@id\":\"https:\/\/dermo.com\/catalogo\/marsella\/#primaryimage\"},\"image\":{\"@id\":\"https:\/\/dermo.com\/catalogo\/marsella\/#primaryimage\"},\"thumbnailUrl\":\"https:\/\/dermo.com\/wp-content\/uploads\/2015\/07\/113-Detergente-al-Jabon-de-Marsella.-Detergente-liquido.jpg\",\"datePublished\":\"2015-07-28T15:19:45+00:00\",\"dateModified\":\"2024-09-10T07:35:49+00:00\",\"breadcrumb\":{\"@id\":\"https:\/\/dermo.com\/catalogo\/marsella\/#breadcrumb\"},\"inLanguage\":\"fr-FR\",\"potentialAction\":[{\"@type\":\"ReadAction\",\"target\":[\"https:\/\/dermo.com\/catalogo\/marsella\/\"]}]},{\"@type\":\"ImageObject\",\"inLanguage\":\"fr-FR\",\"@id\":\"https:\/\/dermo.com\/catalogo\/marsella\/#primaryimage\",\"url\":\"https:\/\/dermo.com\/wp-content\/uploads\/2015\/07\/113-Detergente-al-Jabon-de-Marsella.-Detergente-liquido.jpg\",\"contentUrl\":\"https:\/\/dermo.com\/wp-content\/uploads\/2015\/07\/113-Detergente-al-Jabon-de-Marsella.-Detergente-liquido.jpg\",\"width\":768,\"height\":768,\"caption\":\"Detergente al Jab\u00f3n de Marsella. Detergente l\u00edquido\"},{\"@type\":\"BreadcrumbList\",\"@id\":\"https:\/\/dermo.com\/catalogo\/marsella\/#breadcrumb\",\"itemListElement\":[{\"@type\":\"ListItem\",\"position\":1,\"name\":\"Portada\",\"item\":\"https:\/\/dermo.com\/\"},{\"@type\":\"ListItem\",\"position\":2,\"name\":\"Tienda\",\"item\":\"https:\/\/dermo.com\/tienda\/\"},{\"@type\":\"ListItem\",\"position\":3,\"name\":\"Detergente al Jab\u00f3n de Marsella. Detergente l\u00edquido\"}]},{\"@type\":\"WebSite\",\"@id\":\"https:\/\/dermo.com\/#website\",\"url\":\"https:\/\/dermo.com\/\",\"name\":\"Dermo | F\u00e1brica de detergentes\",\"description\":\"Tecnolog\u00eda avanzada, investigaci\u00f3n y desarrollo, respeto por el medio ambiente, competencia, formaci\u00f3n constante y alto nivel de profesionalidad en nuestro equipo humano, empe\u00f1ado en preservar la calidad de vida, la protecci\u00f3n del entorno natural contin\u00faan motiv\u00e1ndonos para desarrollar en nuestros laboratorios nuevos productos con ingredientes activos altamente biodegradables que hacen posible un desarrollo sostenible.\",\"potentialAction\":[{\"@type\":\"SearchAction\",\"target\":{\"@type\":\"EntryPoint\",\"urlTemplate\":\"https:\/\/dermo.com\/?s={search_term_string}\"},\"query-input\":{\"@type\":\"PropertyValueSpecification\",\"valueRequired\":true,\"valueName\":\"search_term_string\"}}],\"inLanguage\":\"fr-FR\"}]}<\/script>\n<!-- \/ Yoast SEO plugin. -->","yoast_head_json":{"title":"D\u00e9tergent au savon de Marseille. D\u00e9tergent liquide - Dermo | usine de d\u00e9tergents","robots":{"index":"index","follow":"follow","max-snippet":"max-snippet:-1","max-image-preview":"max-image-preview:large","max-video-preview":"max-video-preview:-1"},"canonical":"https:\/\/dermo.com\/fr\/catalogue\/marseille\/","og_locale":"fr_FR","og_type":"article","og_title":"Detergente al Jab\u00f3n de Marsella. Detergente l\u00edquido - Dermo | F\u00e1brica de detergentes","og_description":"Detergente al Jab\u00f3n de Marsella Detergente l\u00edquido de espuma controlada al jab\u00f3n de Marsella. Ideal para toda la colada, dot\u00e1ndola de una gran suavidad y el agradable olor del jab\u00f3n de marsella.","og_url":"https:\/\/dermo.com\/fr\/catalogue\/marseille\/","og_site_name":"Dermo | F\u00e1brica de detergentes","article_modified_time":"2024-09-10T07:35:49+00:00","og_image":[{"width":768,"height":768,"url":"https:\/\/dermo.com\/wp-content\/uploads\/2015\/07\/113-Detergente-al-Jabon-de-Marsella.-Detergente-liquido.jpg","type":"image\/jpeg"}],"twitter_card":"summary_large_image","twitter_misc":{"Dur\u00e9e de lecture estim\u00e9e":"1 minute"},"schema":{"@context":"https:\/\/schema.org","@graph":[{"@type":"WebPage","@id":"https:\/\/dermo.com\/catalogo\/marsella\/","url":"https:\/\/dermo.com\/catalogo\/marsella\/","name":"D\u00e9tergent au savon de Marseille. D\u00e9tergent liquide - Dermo | usine de d\u00e9tergents","isPartOf":{"@id":"https:\/\/dermo.com\/#website"},"primaryImageOfPage":{"@id":"https:\/\/dermo.com\/catalogo\/marsella\/#primaryimage"},"image":{"@id":"https:\/\/dermo.com\/catalogo\/marsella\/#primaryimage"},"thumbnailUrl":"https:\/\/dermo.com\/wp-content\/uploads\/2015\/07\/113-Detergente-al-Jabon-de-Marsella.-Detergente-liquido.jpg","datePublished":"2015-07-28T15:19:45+00:00","dateModified":"2024-09-10T07:35:49+00:00","breadcrumb":{"@id":"https:\/\/dermo.com\/catalogo\/marsella\/#breadcrumb"},"inLanguage":"fr-FR","potentialAction":[{"@type":"ReadAction","target":["https:\/\/dermo.com\/catalogo\/marsella\/"]}]},{"@type":"ImageObject","inLanguage":"fr-FR","@id":"https:\/\/dermo.com\/catalogo\/marsella\/#primaryimage","url":"https:\/\/dermo.com\/wp-content\/uploads\/2015\/07\/113-Detergente-al-Jabon-de-Marsella.-Detergente-liquido.jpg","contentUrl":"https:\/\/dermo.com\/wp-content\/uploads\/2015\/07\/113-Detergente-al-Jabon-de-Marsella.-Detergente-liquido.jpg","width":768,"height":768,"caption":"Detergente al Jab\u00f3n de Marsella. Detergente l\u00edquido"},{"@type":"BreadcrumbList","@id":"https:\/\/dermo.com\/catalogo\/marsella\/#breadcrumb","itemListElement":[{"@type":"ListItem","position":1,"name":"Portada","item":"https:\/\/dermo.com\/"},{"@type":"ListItem","position":2,"name":"Tienda","item":"https:\/\/dermo.com\/tienda\/"},{"@type":"ListItem","position":3,"name":"Detergente al Jab\u00f3n de Marsella. Detergente l\u00edquido"}]},{"@type":"WebSite","@id":"https:\/\/dermo.com\/#website","url":"https:\/\/dermo.com\/","name":"Dermo | usine de d\u00e9tergents","description":"Technologie avanc\u00e9e, recherche et d\u00e9veloppement, respect de l&#039;environnement, comp\u00e9tence, formation constante et haut niveau de professionnalisme de notre \u00e9quipe humaine, engag\u00e9e \u00e0 pr\u00e9server la qualit\u00e9 de vie, la protection de l&#039;environnement naturel continuent de nous motiver \u00e0 d\u00e9velopper de nouveaux produits dans notre laboratoires aux principes actifs hautement biod\u00e9gradables qui rendent possible le d\u00e9veloppement durable.","potentialAction":[{"@type":"SearchAction","target":{"@type":"EntryPoint","urlTemplate":"https:\/\/dermo.com\/?s={search_term_string}"},"query-input":{"@type":"PropertyValueSpecification","valueRequired":true,"valueName":"search_term_string"}}],"inLanguage":"fr-FR"}]}},"_links":{"self":[{"href":"https:\/\/dermo.com\/fr\/wp-json\/wp\/v2\/product\/2677","targetHints":{"allow":["GET"]}}],"collection":[{"href":"https:\/\/dermo.com\/fr\/wp-json\/wp\/v2\/product"}],"about":[{"href":"https:\/\/dermo.com\/fr\/wp-json\/wp\/v2\/types\/product"}],"wp:featuredmedia":[{"embeddable":true,"href":"https:\/\/dermo.com\/fr\/wp-json\/wp\/v2\/media\/2676"}],"wp:attachment":[{"href":"https:\/\/dermo.com\/fr\/wp-json\/wp\/v2\/media?parent=2677"}],"wp:term":[{"taxonomy":"product_brand","embeddable":true,"href":"https:\/\/dermo.com\/fr\/wp-json\/wp\/v2\/product_brand?post=2677"},{"taxonomy":"product_cat","embeddable":true,"href":"https:\/\/dermo.com\/fr\/wp-json\/wp\/v2\/product_cat?post=2677"},{"taxonomy":"product_tag","embeddable":true,"href":"https:\/\/dermo.com\/fr\/wp-json\/wp\/v2\/product_tag?post=2677"}],"curies":[{"name":"wp","href":"https:\/\/api.w.org\/{rel}","templated":true}]}}