{"id":2679,"date":"2015-07-28T15:32:56","date_gmt":"2015-07-28T15:32:56","guid":{"rendered":"https:\/\/dermo.ultbit.com\/producto\/dakar-liquido\/"},"modified":"2025-02-21T12:05:35","modified_gmt":"2025-02-21T11:05:35","slug":"dakar-liquide","status":"publish","type":"product","link":"https:\/\/dermo.com\/fr\/catalogue\/dakar-liquide\/","title":{"rendered":"Dakar liquide. D\u00e9tergent alcalin"},"content":{"rendered":"<p><strong>MODE D'EMPLOI:<\/strong><br \/>\nPr\u00e9lavage : De 3 \u00e0 7 g par kilo de v\u00eatement.<br \/>\nLavage : De 7 \u00e0 20 g par kilo de v\u00eatement.<br \/>\nLe dosage d\u00e9pendra du niveau de salet\u00e9 et de la duret\u00e9 de l&#039;eau.<\/p>\n<p><strong>CARACT\u00c9RISTIQUES TECHNIQUES<\/strong><br \/>\nAspect: Liquide.<br \/>\nCouleur : Jaune.<br \/>\nOdeur : non parfum\u00e9e.<br \/>\npH (10%, eau) 12,5-13,5.<br \/>\nDensit\u00e9 : 1,05 \u2013 1,15 g\/cc.<\/p>\n<p><strong>COMPOSITION<\/strong><br \/>\nAlcalis, adjuvants, tensioactifs, dispersants et azurants optiques stables au chlore.<\/p>\n<p><strong>PR\u00c9SENTATION<\/strong><br \/>\nEmballages de plastique:<\/p>\n<table>\n<tbody>\n<tr>\n<td>FORMAT<\/td>\n<td>\u00a0 \u00a0 \u00a0 \u00a025 kg<\/td>\n<\/tr>\n<tr>\n<td>CODE<\/td>\n<td>\u00a0 \u00a0001DLD25<\/td>\n<\/tr>\n<\/tbody>\n<\/table>\n<p><strong>S\u00c9CURIT\u00c9\/TOXICOLOGIE<\/strong><br \/>\nProvoque de graves br\u00fblures de la peau et de graves l\u00e9sions oculaires. Porter des gants\/v\u00eatements\/lunettes de protection.<br \/>\nTenir hors de port\u00e9e des enfants. En cas d&#039;accident, consulter le Service d&#039;Information M\u00e9dicale<br \/>\nToxicologique. T\u00e9l : 915 620 420<\/p>\n<p><strong>INFORMATIONS COMPL\u00c9MENTAIRES<\/strong><br \/>\nPRODUIT INDUSTRIEL. UTILISATION PROFESSIONNELLE.<\/p>\n<p>&nbsp;<\/p>","protected":false},"excerpt":{"rendered":"<h3>Liquide Dakar<\/h3>\n<p class=\"Estndar\">Lessive liquide alcaline, sp\u00e9cialement formul\u00e9e pour les syst\u00e8mes dot\u00e9s de dosages automatiques, autant pour le pr\u00e9lavage et le lavage. Sa formule alcaline combin\u00e9e avec sa haute teneur en tensioactif lui donne des propri\u00e9t\u00e9s excellentes pour le lavage du linge tr\u00e8s sale.<br \/>\nIl contient des blanchissants optiques stables au chlore, redonnant blancheur et luminosit\u00e9 au linge blanc.<\/p>","protected":false},"featured_media":13780,"template":"","meta":{"neve_meta_sidebar":"","neve_meta_container":"","neve_meta_enable_content_width":"off","neve_meta_content_width":100,"neve_meta_title_alignment":"","neve_meta_author_avatar":"","neve_post_elements_order":"","neve_meta_disable_header":"","neve_meta_disable_footer":"","neve_meta_disable_title":""},"product_brand":[],"product_cat":[394,369],"product_tag":[],"class_list":{"0":"post-2679","1":"product","2":"type-product","3":"status-publish","4":"has-post-thumbnail","6":"product_cat-dosificacion-automatica","7":"product_cat-lavanderia","9":"first","10":"instock","11":"shipping-taxable","12":"product-type-simple"},"yoast_head":"<!-- This site is optimized with the Yoast SEO plugin v27.0 - https:\/\/yoast.com\/product\/yoast-seo-wordpress\/ -->\n<title>Dakar Liquido. Detergente alcalino - Dermo | F\u00e1brica de detergentes<\/title>\n<meta name=\"robots\" content=\"index, follow, max-snippet:-1, max-image-preview:large, max-video-preview:-1\" \/>\n<link rel=\"canonical\" href=\"https:\/\/dermo.com\/fr\/catalogue\/dakar-liquide\/\" \/>\n<meta property=\"og:locale\" content=\"fr_FR\" \/>\n<meta property=\"og:type\" content=\"article\" \/>\n<meta property=\"og:title\" content=\"Dakar Liquido. Detergente alcalino - Dermo | F\u00e1brica de detergentes\" \/>\n<meta property=\"og:description\" content=\"Dakar L\u00edquido Detergente l\u00edquido alcalino especialmente formulado para sistemas autom\u00e1ticos de dosificaci\u00f3n en procesos de prelavado y lavado. El car\u00e1cter alcalino combinado con su alta riqueza en tensioactivos le confiere propiedades excelentes para el lavado de ropa de suciedad elevada. Contiene blanqueantes \u00f3pticos estables al cloro, que dan a la ropa blanca un acabado luminoso.\" \/>\n<meta property=\"og:url\" content=\"https:\/\/dermo.com\/fr\/catalogue\/dakar-liquide\/\" \/>\n<meta property=\"og:site_name\" content=\"Dermo | F\u00e1brica de detergentes\" \/>\n<meta property=\"article:modified_time\" content=\"2025-02-21T11:05:35+00:00\" \/>\n<meta property=\"og:image\" content=\"https:\/\/dermo.com\/wp-content\/uploads\/2015\/07\/DAKAR-LIQUIDO-scaled.jpg\" \/>\n\t<meta property=\"og:image:width\" content=\"1920\" \/>\n\t<meta property=\"og:image:height\" content=\"2560\" \/>\n\t<meta property=\"og:image:type\" content=\"image\/jpeg\" \/>\n<meta name=\"twitter:card\" content=\"summary_large_image\" \/>\n<meta name=\"twitter:label1\" content=\"Dur\u00e9e de lecture estim\u00e9e\" \/>\n\t<meta name=\"twitter:data1\" content=\"1 minute\" \/>\n<script type=\"application\/ld+json\" class=\"yoast-schema-graph\">{\"@context\":\"https:\/\/schema.org\",\"@graph\":[{\"@type\":\"WebPage\",\"@id\":\"https:\/\/dermo.com\/catalogo\/dakar-liquido\/\",\"url\":\"https:\/\/dermo.com\/catalogo\/dakar-liquido\/\",\"name\":\"Dakar Liquido. Detergente alcalino - Dermo | F\u00e1brica de detergentes\",\"isPartOf\":{\"@id\":\"https:\/\/dermo.com\/#website\"},\"primaryImageOfPage\":{\"@id\":\"https:\/\/dermo.com\/catalogo\/dakar-liquido\/#primaryimage\"},\"image\":{\"@id\":\"https:\/\/dermo.com\/catalogo\/dakar-liquido\/#primaryimage\"},\"thumbnailUrl\":\"https:\/\/dermo.com\/wp-content\/uploads\/2015\/07\/DAKAR-LIQUIDO-scaled.jpg\",\"datePublished\":\"2015-07-28T15:32:56+00:00\",\"dateModified\":\"2025-02-21T11:05:35+00:00\",\"breadcrumb\":{\"@id\":\"https:\/\/dermo.com\/catalogo\/dakar-liquido\/#breadcrumb\"},\"inLanguage\":\"fr-FR\",\"potentialAction\":[{\"@type\":\"ReadAction\",\"target\":[\"https:\/\/dermo.com\/catalogo\/dakar-liquido\/\"]}]},{\"@type\":\"ImageObject\",\"inLanguage\":\"fr-FR\",\"@id\":\"https:\/\/dermo.com\/catalogo\/dakar-liquido\/#primaryimage\",\"url\":\"https:\/\/dermo.com\/wp-content\/uploads\/2015\/07\/DAKAR-LIQUIDO-scaled.jpg\",\"contentUrl\":\"https:\/\/dermo.com\/wp-content\/uploads\/2015\/07\/DAKAR-LIQUIDO-scaled.jpg\",\"width\":1920,\"height\":2560},{\"@type\":\"BreadcrumbList\",\"@id\":\"https:\/\/dermo.com\/catalogo\/dakar-liquido\/#breadcrumb\",\"itemListElement\":[{\"@type\":\"ListItem\",\"position\":1,\"name\":\"Portada\",\"item\":\"https:\/\/dermo.com\/\"},{\"@type\":\"ListItem\",\"position\":2,\"name\":\"Tienda\",\"item\":\"https:\/\/dermo.com\/tienda\/\"},{\"@type\":\"ListItem\",\"position\":3,\"name\":\"Dakar Liquido. Detergente alcalino\"}]},{\"@type\":\"WebSite\",\"@id\":\"https:\/\/dermo.com\/#website\",\"url\":\"https:\/\/dermo.com\/\",\"name\":\"Dermo | F\u00e1brica de detergentes\",\"description\":\"Tecnolog\u00eda avanzada, investigaci\u00f3n y desarrollo, respeto por el medio ambiente, competencia, formaci\u00f3n constante y alto nivel de profesionalidad en nuestro equipo humano, empe\u00f1ado en preservar la calidad de vida, la protecci\u00f3n del entorno natural contin\u00faan motiv\u00e1ndonos para desarrollar en nuestros laboratorios nuevos productos con ingredientes activos altamente biodegradables que hacen posible un desarrollo sostenible.\",\"potentialAction\":[{\"@type\":\"SearchAction\",\"target\":{\"@type\":\"EntryPoint\",\"urlTemplate\":\"https:\/\/dermo.com\/?s={search_term_string}\"},\"query-input\":{\"@type\":\"PropertyValueSpecification\",\"valueRequired\":true,\"valueName\":\"search_term_string\"}}],\"inLanguage\":\"fr-FR\"}]}<\/script>\n<!-- \/ Yoast SEO plugin. -->","yoast_head_json":{"title":"Dakar liquide. D\u00e9tergent alcalin - Dermo | usine de d\u00e9tergents","robots":{"index":"index","follow":"follow","max-snippet":"max-snippet:-1","max-image-preview":"max-image-preview:large","max-video-preview":"max-video-preview:-1"},"canonical":"https:\/\/dermo.com\/fr\/catalogue\/dakar-liquide\/","og_locale":"fr_FR","og_type":"article","og_title":"Dakar Liquido. Detergente alcalino - Dermo | F\u00e1brica de detergentes","og_description":"Dakar L\u00edquido Detergente l\u00edquido alcalino especialmente formulado para sistemas autom\u00e1ticos de dosificaci\u00f3n en procesos de prelavado y lavado. El car\u00e1cter alcalino combinado con su alta riqueza en tensioactivos le confiere propiedades excelentes para el lavado de ropa de suciedad elevada. Contiene blanqueantes \u00f3pticos estables al cloro, que dan a la ropa blanca un acabado luminoso.","og_url":"https:\/\/dermo.com\/fr\/catalogue\/dakar-liquide\/","og_site_name":"Dermo | F\u00e1brica de detergentes","article_modified_time":"2025-02-21T11:05:35+00:00","og_image":[{"width":1920,"height":2560,"url":"https:\/\/dermo.com\/wp-content\/uploads\/2015\/07\/DAKAR-LIQUIDO-scaled.jpg","type":"image\/jpeg"}],"twitter_card":"summary_large_image","twitter_misc":{"Dur\u00e9e de lecture estim\u00e9e":"1 minute"},"schema":{"@context":"https:\/\/schema.org","@graph":[{"@type":"WebPage","@id":"https:\/\/dermo.com\/catalogo\/dakar-liquido\/","url":"https:\/\/dermo.com\/catalogo\/dakar-liquido\/","name":"Dakar liquide. D\u00e9tergent alcalin - Dermo | usine de d\u00e9tergents","isPartOf":{"@id":"https:\/\/dermo.com\/#website"},"primaryImageOfPage":{"@id":"https:\/\/dermo.com\/catalogo\/dakar-liquido\/#primaryimage"},"image":{"@id":"https:\/\/dermo.com\/catalogo\/dakar-liquido\/#primaryimage"},"thumbnailUrl":"https:\/\/dermo.com\/wp-content\/uploads\/2015\/07\/DAKAR-LIQUIDO-scaled.jpg","datePublished":"2015-07-28T15:32:56+00:00","dateModified":"2025-02-21T11:05:35+00:00","breadcrumb":{"@id":"https:\/\/dermo.com\/catalogo\/dakar-liquido\/#breadcrumb"},"inLanguage":"fr-FR","potentialAction":[{"@type":"ReadAction","target":["https:\/\/dermo.com\/catalogo\/dakar-liquido\/"]}]},{"@type":"ImageObject","inLanguage":"fr-FR","@id":"https:\/\/dermo.com\/catalogo\/dakar-liquido\/#primaryimage","url":"https:\/\/dermo.com\/wp-content\/uploads\/2015\/07\/DAKAR-LIQUIDO-scaled.jpg","contentUrl":"https:\/\/dermo.com\/wp-content\/uploads\/2015\/07\/DAKAR-LIQUIDO-scaled.jpg","width":1920,"height":2560},{"@type":"BreadcrumbList","@id":"https:\/\/dermo.com\/catalogo\/dakar-liquido\/#breadcrumb","itemListElement":[{"@type":"ListItem","position":1,"name":"Portada","item":"https:\/\/dermo.com\/"},{"@type":"ListItem","position":2,"name":"Tienda","item":"https:\/\/dermo.com\/tienda\/"},{"@type":"ListItem","position":3,"name":"Dakar Liquido. Detergente alcalino"}]},{"@type":"WebSite","@id":"https:\/\/dermo.com\/#website","url":"https:\/\/dermo.com\/","name":"Dermo | usine de d\u00e9tergents","description":"Technologie avanc\u00e9e, recherche et d\u00e9veloppement, respect de l&#039;environnement, comp\u00e9tence, formation constante et haut niveau de professionnalisme de notre \u00e9quipe humaine, engag\u00e9e \u00e0 pr\u00e9server la qualit\u00e9 de vie, la protection de l&#039;environnement naturel continuent de nous motiver \u00e0 d\u00e9velopper de nouveaux produits dans notre laboratoires aux principes actifs hautement biod\u00e9gradables qui rendent possible le d\u00e9veloppement durable.","potentialAction":[{"@type":"SearchAction","target":{"@type":"EntryPoint","urlTemplate":"https:\/\/dermo.com\/?s={search_term_string}"},"query-input":{"@type":"PropertyValueSpecification","valueRequired":true,"valueName":"search_term_string"}}],"inLanguage":"fr-FR"}]}},"_links":{"self":[{"href":"https:\/\/dermo.com\/fr\/wp-json\/wp\/v2\/product\/2679","targetHints":{"allow":["GET"]}}],"collection":[{"href":"https:\/\/dermo.com\/fr\/wp-json\/wp\/v2\/product"}],"about":[{"href":"https:\/\/dermo.com\/fr\/wp-json\/wp\/v2\/types\/product"}],"wp:featuredmedia":[{"embeddable":true,"href":"https:\/\/dermo.com\/fr\/wp-json\/wp\/v2\/media\/13780"}],"wp:attachment":[{"href":"https:\/\/dermo.com\/fr\/wp-json\/wp\/v2\/media?parent=2679"}],"wp:term":[{"taxonomy":"product_brand","embeddable":true,"href":"https:\/\/dermo.com\/fr\/wp-json\/wp\/v2\/product_brand?post=2679"},{"taxonomy":"product_cat","embeddable":true,"href":"https:\/\/dermo.com\/fr\/wp-json\/wp\/v2\/product_cat?post=2679"},{"taxonomy":"product_tag","embeddable":true,"href":"https:\/\/dermo.com\/fr\/wp-json\/wp\/v2\/product_tag?post=2679"}],"curies":[{"name":"wp","href":"https:\/\/api.w.org\/{rel}","templated":true}]}}