{"id":2685,"date":"2015-07-28T15:48:22","date_gmt":"2015-07-28T15:48:22","guid":{"rendered":"https:\/\/dermo.ultbit.com\/producto\/oxigeno-activo\/"},"modified":"2025-02-21T12:01:58","modified_gmt":"2025-02-21T11:01:58","slug":"oxygene-actif","status":"publish","type":"product","link":"https:\/\/dermo.com\/fr\/catalogue\/oxygene-actif\/","title":{"rendered":"Oxyg\u00e8ne actif"},"content":{"rendered":"<p><strong>MODE D'EMPLOI:<\/strong><br \/>\nCOMPLEMENT DE LAVAGE: Ajouter 50 ml dans le seau du d\u00e9tergent ou directement dans le tambour de la machine. Puis ajouter le d\u00e9tergent de mani\u00e8re habituel. Pour un meilleur rendement du produit, l\u2019eau doit \u00eatre \u00e0 40\u00baC.<\/p>\n<p>POUR LES TACHES DIFFICILES : Laisser le linge tremper (entre 1 \u00e0 5 heures) dans de l\u2019eau ti\u00e8de ou chaude, en dosant 50ml du produit par litre d\u2019eau.<\/p>\n<p class=\"Estndar\"><span lang=\"es\" xml:lang=\"es\">UTILISATION DIRECTE : diluer le produit dans de l&#039;eau ti\u00e8de ou chaude, en dosant 12,5 ml par litre d&#039;eau et en l&#039;appliquant directement sur la tache \u00e0 traiter. Laissez-le pendant 10 \u00e0 30 minutes. Pass\u00e9 ce d\u00e9lai, frottez avec une \u00e9ponge ou une serviette humide et laissez s\u00e9cher.<\/span><\/p>\n<p><strong>CARACT\u00c9RISTIQUES TECHNIQUES :<\/strong><br \/>\nAspect\u00a0: Solide granul\u00e9.<br \/>\nCouleur : blanc.<br \/>\npH (1%, eau) : 10 \u2013 11,5.<br \/>\nDensit\u00e9 apparente : 1,10 \u2013 1,20<\/p>\n<p><strong>PR\u00c9SENTATION:<\/strong><br \/>\nSeaux en plastique.<\/p>\n<table>\n<tbody>\n<tr>\n<td>FORMAT<\/td>\n<td>\u00a0 \u00a0 \u00a0 2 kg<\/td>\n<td>\u00a0 \u00a0 \u00a010 kg<\/td>\n<td><\/td>\n<\/tr>\n<tr>\n<td>CODE<\/td>\n<td>\u00a0 002DAO02<\/td>\n<td>\u00a0 002DAO10<\/td>\n<td><\/td>\n<\/tr>\n<\/tbody>\n<\/table>","protected":false},"excerpt":{"rendered":"<h3>Oxyg\u00e8ne actif<\/h3>\n<p class=\"Estndar\"><span lang=\"es\" xml:lang=\"es\">D\u00e9tachant en puodre, avec un haut pourcentage en oxyg\u00e8ne actif. Produits \u00e0 usage multiples.<\/span><\/p>\n<p class=\"Estndar\"><span lang=\"es\" xml:lang=\"es\">Renforce l&#039;action du d\u00e9tergent s&#039;il est ajout\u00e9 \u00e0 la machine \u00e0 laver.\u00a0<\/span>Pour les taches difficiles, utiliser le produit \u00e0 tremper.<\/p>\n<p class=\"Estndar\"><span lang=\"es\" xml:lang=\"es\">Pour les t\u00e2ches difficiles, il est conseill\u00e9 d\u2019apposer le produit sur du linge tremp\u00e9.<\/span><\/p>","protected":false},"featured_media":4200,"template":"","meta":{"neve_meta_sidebar":"","neve_meta_container":"","neve_meta_enable_content_width":"off","neve_meta_content_width":100,"neve_meta_title_alignment":"","neve_meta_author_avatar":"","neve_post_elements_order":"","neve_meta_disable_header":"","neve_meta_disable_footer":"","neve_meta_disable_title":""},"product_brand":[],"product_cat":[393,369],"product_tag":[],"class_list":{"0":"post-2685","1":"product","2":"type-product","3":"status-publish","4":"has-post-thumbnail","6":"product_cat-complementos-de-lavado","7":"product_cat-lavanderia","9":"first","10":"instock","11":"shipping-taxable","12":"product-type-simple"},"yoast_head":"<!-- This site is optimized with the Yoast SEO plugin v27.0 - https:\/\/yoast.com\/product\/yoast-seo-wordpress\/ -->\n<title>Oxigeno Activo - Dermo | F\u00e1brica de detergentes<\/title>\n<meta name=\"robots\" content=\"index, follow, max-snippet:-1, max-image-preview:large, max-video-preview:-1\" \/>\n<link rel=\"canonical\" href=\"https:\/\/dermo.com\/fr\/catalogue\/oxygene-actif\/\" \/>\n<meta property=\"og:locale\" content=\"fr_FR\" \/>\n<meta property=\"og:type\" content=\"article\" \/>\n<meta property=\"og:title\" content=\"Oxigeno Activo - Dermo | F\u00e1brica de detergentes\" \/>\n<meta property=\"og:description\" content=\"Oxigeno Activo Quitamanchas en polvo que puede utilizarse en tejidos blancos,\u00a0de color, y\u00a0sobre cualquier tipo de superficie lavable con agua. Refuerza la acci\u00f3n del detergente si se incorpora en la lavadora.\u00a0Para manchas dif\u00edciles utilizar el producto en remojo. Muy \u00fatil para eliminar manchas de alfombras, manteles, sillas, sof\u00e1s y cualquier otra superf\u00edcie lavable con agua.\" \/>\n<meta property=\"og:url\" content=\"https:\/\/dermo.com\/fr\/catalogue\/oxygene-actif\/\" \/>\n<meta property=\"og:site_name\" content=\"Dermo | F\u00e1brica de detergentes\" \/>\n<meta property=\"article:modified_time\" content=\"2025-02-21T11:01:58+00:00\" \/>\n<meta property=\"og:image\" content=\"https:\/\/dermo.com\/wp-content\/uploads\/2015\/07\/Oxigeno-Activo.png\" \/>\n\t<meta property=\"og:image:width\" content=\"768\" \/>\n\t<meta property=\"og:image:height\" content=\"823\" \/>\n\t<meta property=\"og:image:type\" content=\"image\/png\" \/>\n<meta name=\"twitter:card\" content=\"summary_large_image\" \/>\n<meta name=\"twitter:label1\" content=\"Dur\u00e9e de lecture estim\u00e9e\" \/>\n\t<meta name=\"twitter:data1\" content=\"1 minute\" \/>\n<script type=\"application\/ld+json\" class=\"yoast-schema-graph\">{\"@context\":\"https:\/\/schema.org\",\"@graph\":[{\"@type\":\"WebPage\",\"@id\":\"https:\/\/dermo.com\/catalogo\/oxigeno-activo\/\",\"url\":\"https:\/\/dermo.com\/catalogo\/oxigeno-activo\/\",\"name\":\"Oxigeno Activo - Dermo | F\u00e1brica de detergentes\",\"isPartOf\":{\"@id\":\"https:\/\/dermo.com\/#website\"},\"primaryImageOfPage\":{\"@id\":\"https:\/\/dermo.com\/catalogo\/oxigeno-activo\/#primaryimage\"},\"image\":{\"@id\":\"https:\/\/dermo.com\/catalogo\/oxigeno-activo\/#primaryimage\"},\"thumbnailUrl\":\"https:\/\/dermo.com\/wp-content\/uploads\/2015\/07\/Oxigeno-Activo.png\",\"datePublished\":\"2015-07-28T15:48:22+00:00\",\"dateModified\":\"2025-02-21T11:01:58+00:00\",\"breadcrumb\":{\"@id\":\"https:\/\/dermo.com\/catalogo\/oxigeno-activo\/#breadcrumb\"},\"inLanguage\":\"fr-FR\",\"potentialAction\":[{\"@type\":\"ReadAction\",\"target\":[\"https:\/\/dermo.com\/catalogo\/oxigeno-activo\/\"]}]},{\"@type\":\"ImageObject\",\"inLanguage\":\"fr-FR\",\"@id\":\"https:\/\/dermo.com\/catalogo\/oxigeno-activo\/#primaryimage\",\"url\":\"https:\/\/dermo.com\/wp-content\/uploads\/2015\/07\/Oxigeno-Activo.png\",\"contentUrl\":\"https:\/\/dermo.com\/wp-content\/uploads\/2015\/07\/Oxigeno-Activo.png\",\"width\":768,\"height\":823},{\"@type\":\"BreadcrumbList\",\"@id\":\"https:\/\/dermo.com\/catalogo\/oxigeno-activo\/#breadcrumb\",\"itemListElement\":[{\"@type\":\"ListItem\",\"position\":1,\"name\":\"Portada\",\"item\":\"https:\/\/dermo.com\/\"},{\"@type\":\"ListItem\",\"position\":2,\"name\":\"Tienda\",\"item\":\"https:\/\/dermo.com\/tienda\/\"},{\"@type\":\"ListItem\",\"position\":3,\"name\":\"Oxigeno Activo\"}]},{\"@type\":\"WebSite\",\"@id\":\"https:\/\/dermo.com\/#website\",\"url\":\"https:\/\/dermo.com\/\",\"name\":\"Dermo | F\u00e1brica de detergentes\",\"description\":\"Tecnolog\u00eda avanzada, investigaci\u00f3n y desarrollo, respeto por el medio ambiente, competencia, formaci\u00f3n constante y alto nivel de profesionalidad en nuestro equipo humano, empe\u00f1ado en preservar la calidad de vida, la protecci\u00f3n del entorno natural contin\u00faan motiv\u00e1ndonos para desarrollar en nuestros laboratorios nuevos productos con ingredientes activos altamente biodegradables que hacen posible un desarrollo sostenible.\",\"potentialAction\":[{\"@type\":\"SearchAction\",\"target\":{\"@type\":\"EntryPoint\",\"urlTemplate\":\"https:\/\/dermo.com\/?s={search_term_string}\"},\"query-input\":{\"@type\":\"PropertyValueSpecification\",\"valueRequired\":true,\"valueName\":\"search_term_string\"}}],\"inLanguage\":\"fr-FR\"}]}<\/script>\n<!-- \/ Yoast SEO plugin. -->","yoast_head_json":{"title":"Oxyg\u00e8ne Actif - Dermo | usine de d\u00e9tergents","robots":{"index":"index","follow":"follow","max-snippet":"max-snippet:-1","max-image-preview":"max-image-preview:large","max-video-preview":"max-video-preview:-1"},"canonical":"https:\/\/dermo.com\/fr\/catalogue\/oxygene-actif\/","og_locale":"fr_FR","og_type":"article","og_title":"Oxigeno Activo - Dermo | F\u00e1brica de detergentes","og_description":"Oxigeno Activo Quitamanchas en polvo que puede utilizarse en tejidos blancos,\u00a0de color, y\u00a0sobre cualquier tipo de superficie lavable con agua. Refuerza la acci\u00f3n del detergente si se incorpora en la lavadora.\u00a0Para manchas dif\u00edciles utilizar el producto en remojo. Muy \u00fatil para eliminar manchas de alfombras, manteles, sillas, sof\u00e1s y cualquier otra superf\u00edcie lavable con agua.","og_url":"https:\/\/dermo.com\/fr\/catalogue\/oxygene-actif\/","og_site_name":"Dermo | F\u00e1brica de detergentes","article_modified_time":"2025-02-21T11:01:58+00:00","og_image":[{"width":768,"height":823,"url":"https:\/\/dermo.com\/wp-content\/uploads\/2015\/07\/Oxigeno-Activo.png","type":"image\/png"}],"twitter_card":"summary_large_image","twitter_misc":{"Dur\u00e9e de lecture estim\u00e9e":"1 minute"},"schema":{"@context":"https:\/\/schema.org","@graph":[{"@type":"WebPage","@id":"https:\/\/dermo.com\/catalogo\/oxigeno-activo\/","url":"https:\/\/dermo.com\/catalogo\/oxigeno-activo\/","name":"Oxyg\u00e8ne Actif - Dermo | usine de d\u00e9tergents","isPartOf":{"@id":"https:\/\/dermo.com\/#website"},"primaryImageOfPage":{"@id":"https:\/\/dermo.com\/catalogo\/oxigeno-activo\/#primaryimage"},"image":{"@id":"https:\/\/dermo.com\/catalogo\/oxigeno-activo\/#primaryimage"},"thumbnailUrl":"https:\/\/dermo.com\/wp-content\/uploads\/2015\/07\/Oxigeno-Activo.png","datePublished":"2015-07-28T15:48:22+00:00","dateModified":"2025-02-21T11:01:58+00:00","breadcrumb":{"@id":"https:\/\/dermo.com\/catalogo\/oxigeno-activo\/#breadcrumb"},"inLanguage":"fr-FR","potentialAction":[{"@type":"ReadAction","target":["https:\/\/dermo.com\/catalogo\/oxigeno-activo\/"]}]},{"@type":"ImageObject","inLanguage":"fr-FR","@id":"https:\/\/dermo.com\/catalogo\/oxigeno-activo\/#primaryimage","url":"https:\/\/dermo.com\/wp-content\/uploads\/2015\/07\/Oxigeno-Activo.png","contentUrl":"https:\/\/dermo.com\/wp-content\/uploads\/2015\/07\/Oxigeno-Activo.png","width":768,"height":823},{"@type":"BreadcrumbList","@id":"https:\/\/dermo.com\/catalogo\/oxigeno-activo\/#breadcrumb","itemListElement":[{"@type":"ListItem","position":1,"name":"Portada","item":"https:\/\/dermo.com\/"},{"@type":"ListItem","position":2,"name":"Tienda","item":"https:\/\/dermo.com\/tienda\/"},{"@type":"ListItem","position":3,"name":"Oxigeno Activo"}]},{"@type":"WebSite","@id":"https:\/\/dermo.com\/#website","url":"https:\/\/dermo.com\/","name":"Dermo | usine de d\u00e9tergents","description":"Technologie avanc\u00e9e, recherche et d\u00e9veloppement, respect de l&#039;environnement, comp\u00e9tence, formation constante et haut niveau de professionnalisme de notre \u00e9quipe humaine, engag\u00e9e \u00e0 pr\u00e9server la qualit\u00e9 de vie, la protection de l&#039;environnement naturel continuent de nous motiver \u00e0 d\u00e9velopper de nouveaux produits dans notre laboratoires aux principes actifs hautement biod\u00e9gradables qui rendent possible le d\u00e9veloppement durable.","potentialAction":[{"@type":"SearchAction","target":{"@type":"EntryPoint","urlTemplate":"https:\/\/dermo.com\/?s={search_term_string}"},"query-input":{"@type":"PropertyValueSpecification","valueRequired":true,"valueName":"search_term_string"}}],"inLanguage":"fr-FR"}]}},"_links":{"self":[{"href":"https:\/\/dermo.com\/fr\/wp-json\/wp\/v2\/product\/2685","targetHints":{"allow":["GET"]}}],"collection":[{"href":"https:\/\/dermo.com\/fr\/wp-json\/wp\/v2\/product"}],"about":[{"href":"https:\/\/dermo.com\/fr\/wp-json\/wp\/v2\/types\/product"}],"wp:featuredmedia":[{"embeddable":true,"href":"https:\/\/dermo.com\/fr\/wp-json\/wp\/v2\/media\/4200"}],"wp:attachment":[{"href":"https:\/\/dermo.com\/fr\/wp-json\/wp\/v2\/media?parent=2685"}],"wp:term":[{"taxonomy":"product_brand","embeddable":true,"href":"https:\/\/dermo.com\/fr\/wp-json\/wp\/v2\/product_brand?post=2685"},{"taxonomy":"product_cat","embeddable":true,"href":"https:\/\/dermo.com\/fr\/wp-json\/wp\/v2\/product_cat?post=2685"},{"taxonomy":"product_tag","embeddable":true,"href":"https:\/\/dermo.com\/fr\/wp-json\/wp\/v2\/product_tag?post=2685"}],"curies":[{"name":"wp","href":"https:\/\/api.w.org\/{rel}","templated":true}]}}