{"id":2687,"date":"2015-07-28T15:51:20","date_gmt":"2015-07-28T15:51:20","guid":{"rendered":"https:\/\/dermo.ultbit.com\/producto\/oxi-100\/"},"modified":"2025-02-21T12:00:50","modified_gmt":"2025-02-21T11:00:50","slug":"oxy-100","status":"publish","type":"product","link":"https:\/\/dermo.com\/fr\/catalogue\/oxy-100\/","title":{"rendered":"OXI-100. Eau de Javel oxyg\u00e9n\u00e9e"},"content":{"rendered":"<p><strong>MODE D'EMPLOI:<\/strong><br \/>\nDoser dans la phase de blanchiment de 3 \u00e0 10 ml par kilo du linge sec aux temp\u00e9ratures entre 70 et 90\u00baC. Pour obtenir un bon rendement de l'OXI-100 et une d\u00e9t\u00e9rioration minimale du linge, la temp\u00e9rature du bain de lavage doit ser situer entre 80 et 90\u00baC et le pH entre 9 et 10.5. Des applications aux temp\u00e9ratures sup\u00e9rieures \u00e0 90\u00baC et un pH sup\u00e9rieur \u00e0 10.5 peut provoquer une d\u00e9t\u00e9rioration aux fibres naturelles comme le coton. Pour un blanchiment \u00e0  basse temp\u00e9rature (60-80\u00baC) le pH du bain de lavage doit ser situer entre 11-11.5. Aux temp\u00e9ratures inf\u00e9rieures \u00e0 60\u00baC le rendement du produit est minimal. Ne pas user dans des pi\u00e8ces avec taches de sang. Les taches de sang dans un contact avec le peroxyde seront fix\u00e9es et seront difficiles d'\u00e9liminer, par cons\u00e9quent, \u00e9viter le contact de l'OXI-100 avec pi\u00e8ces tach\u00e9es du sang dans la phase incial du lavage (t=0-8 des minutes). Ne pas utiliser pour nylon.<\/p>\n<p><strong>CARACT\u00c9RISTIQUES TECHNIQUES<\/strong><br \/>\nAspect : Liquide incolore<br \/>\nOdeur\u00a0:\u00a0\u00c9pic\u00e9e<br \/>\npH : 1 \u2013 4<br \/>\nPoint de cong\u00e9lation : -52\u00b0C<br \/>\nPoint d&#039;\u00e9bullition : 115\u00b0C<br \/>\nDensit\u00e9 relative : 1,2 kg\/l<br \/>\nSolubilit\u00e9 : Dans l&#039;eau, soluble en toutes proportions.<\/p>\n<p><strong>COMPOSITION<\/strong><br \/>\nAgents de blanchiment \u00e0 base d&#039;oxyg\u00e8ne.<\/p>\n<p><strong>PR\u00c9SENTATION<\/strong><br \/>\nEmballages de plastique:<\/p>\n<table>\n<tbody>\n<tr>\n<td>FORMAT<\/td>\n<td>\u00a0 \u00a0 \u00a0 \u00a025 kg<\/td>\n<\/tr>\n<tr>\n<td>CODE<\/td>\n<td>\u00a0 \u00a0002OXI25<\/td>\n<\/tr>\n<\/tbody>\n<\/table>\n<p><strong>S\u00c9CURIT\u00c9 \/ TOXICOLOGIE<\/strong><br \/>\nNocif en cas d&#039;ingestion. Provoque de graves br\u00fblures de la peau et de graves l\u00e9sions oculaires. Cela peut irriter le<br \/>\nvoies respiratoires. Porter des gants\/v\u00eatements\/lunettes de protection. Tenir hors de port\u00e9e des enfants. Dans<br \/>\nEn cas d&#039;accident, consulter le Service d&#039;Information M\u00e9dicale Toxicologique. T\u00e9l. : 915 620 420.<\/p>\n<p><strong>INFORMATIONS COMPL\u00c9MENTAIRES<\/strong><br \/>\nPRODUIT INDUSTRIEL. UTILISATION PROFESSIONNELLE.<br \/>\nLe r\u00e8glement (UE) 2019\/1148 restreint l&#039;acquisition, l&#039;introduction, la possession ou l&#039;utilisation de ce produit par des particuliers. Toutes les transactions suspectes, ainsi que les disparitions et vols importants, doivent \u00eatre signal\u00e9s au Point de Contact National.<\/p>","protected":false},"excerpt":{"rendered":"<h3>OXI-100<\/h3>\n<p class=\"Estndar\">Blanchissant auxilliar du  lavage \u00e0 base de peroxyde d\u2019hydrog\u00e8ne pour tout type de linge blanc  et de couleur, sp\u00e9cialement formul\u00e9 pour une utilisatin en blanchisseries, centres hospitaliers, etc..\n\nIl a des propri\u00e9t\u00e9s desoxydants, d\u00e9sodorissants, blanchissants et d\u00e9tachants.<\/p>","protected":false},"featured_media":13778,"template":"","meta":{"neve_meta_sidebar":"","neve_meta_container":"","neve_meta_enable_content_width":"off","neve_meta_content_width":100,"neve_meta_title_alignment":"","neve_meta_author_avatar":"","neve_post_elements_order":"","neve_meta_disable_header":"","neve_meta_disable_footer":"","neve_meta_disable_title":""},"product_brand":[],"product_cat":[394,369],"product_tag":[],"class_list":{"0":"post-2687","1":"product","2":"type-product","3":"status-publish","4":"has-post-thumbnail","6":"product_cat-dosificacion-automatica","7":"product_cat-lavanderia","9":"first","10":"instock","11":"shipping-taxable","12":"product-type-simple"},"yoast_head":"<!-- This site is optimized with the Yoast SEO plugin v27.0 - https:\/\/yoast.com\/product\/yoast-seo-wordpress\/ -->\n<title>OXI-100. Blanqueador oxigenado - Dermo | F\u00e1brica de detergentes<\/title>\n<meta name=\"robots\" content=\"index, follow, max-snippet:-1, max-image-preview:large, max-video-preview:-1\" \/>\n<link rel=\"canonical\" href=\"https:\/\/dermo.com\/fr\/catalogue\/oxy-100\/\" \/>\n<meta property=\"og:locale\" content=\"fr_FR\" \/>\n<meta property=\"og:type\" content=\"article\" \/>\n<meta property=\"og:title\" content=\"OXI-100. Blanqueador oxigenado - Dermo | F\u00e1brica de detergentes\" \/>\n<meta property=\"og:description\" content=\"OXI-100 Blanqueador auxiliar de lavado basado en per\u00f3xido de hidr\u00f3geno para todo tipo de ropa blanca y de color especialmente indicado para su uso en lavander\u00edas comerciales, centros hospitalarios, etc. Tiene propiedades oxidantes, desodorizantes, blanqueadoras y quitamanchas.\" \/>\n<meta property=\"og:url\" content=\"https:\/\/dermo.com\/fr\/catalogue\/oxy-100\/\" \/>\n<meta property=\"og:site_name\" content=\"Dermo | F\u00e1brica de detergentes\" \/>\n<meta property=\"article:modified_time\" content=\"2025-02-21T11:00:50+00:00\" \/>\n<meta property=\"og:image\" content=\"https:\/\/dermo.com\/wp-content\/uploads\/2015\/07\/9A8A7976-scaled.jpg\" \/>\n\t<meta property=\"og:image:width\" content=\"1920\" \/>\n\t<meta property=\"og:image:height\" content=\"2560\" \/>\n\t<meta property=\"og:image:type\" content=\"image\/jpeg\" \/>\n<meta name=\"twitter:card\" content=\"summary_large_image\" \/>\n<meta name=\"twitter:label1\" content=\"Dur\u00e9e de lecture estim\u00e9e\" \/>\n\t<meta name=\"twitter:data1\" content=\"2 minutes\" \/>\n<script type=\"application\/ld+json\" class=\"yoast-schema-graph\">{\"@context\":\"https:\/\/schema.org\",\"@graph\":[{\"@type\":\"WebPage\",\"@id\":\"https:\/\/dermo.com\/catalogo\/oxi-100\/\",\"url\":\"https:\/\/dermo.com\/catalogo\/oxi-100\/\",\"name\":\"OXI-100. Blanqueador oxigenado - Dermo | F\u00e1brica de detergentes\",\"isPartOf\":{\"@id\":\"https:\/\/dermo.com\/#website\"},\"primaryImageOfPage\":{\"@id\":\"https:\/\/dermo.com\/catalogo\/oxi-100\/#primaryimage\"},\"image\":{\"@id\":\"https:\/\/dermo.com\/catalogo\/oxi-100\/#primaryimage\"},\"thumbnailUrl\":\"https:\/\/dermo.com\/wp-content\/uploads\/2015\/07\/9A8A7976-scaled.jpg\",\"datePublished\":\"2015-07-28T15:51:20+00:00\",\"dateModified\":\"2025-02-21T11:00:50+00:00\",\"breadcrumb\":{\"@id\":\"https:\/\/dermo.com\/catalogo\/oxi-100\/#breadcrumb\"},\"inLanguage\":\"fr-FR\",\"potentialAction\":[{\"@type\":\"ReadAction\",\"target\":[\"https:\/\/dermo.com\/catalogo\/oxi-100\/\"]}]},{\"@type\":\"ImageObject\",\"inLanguage\":\"fr-FR\",\"@id\":\"https:\/\/dermo.com\/catalogo\/oxi-100\/#primaryimage\",\"url\":\"https:\/\/dermo.com\/wp-content\/uploads\/2015\/07\/9A8A7976-scaled.jpg\",\"contentUrl\":\"https:\/\/dermo.com\/wp-content\/uploads\/2015\/07\/9A8A7976-scaled.jpg\",\"width\":1920,\"height\":2560},{\"@type\":\"BreadcrumbList\",\"@id\":\"https:\/\/dermo.com\/catalogo\/oxi-100\/#breadcrumb\",\"itemListElement\":[{\"@type\":\"ListItem\",\"position\":1,\"name\":\"Portada\",\"item\":\"https:\/\/dermo.com\/\"},{\"@type\":\"ListItem\",\"position\":2,\"name\":\"Tienda\",\"item\":\"https:\/\/dermo.com\/tienda\/\"},{\"@type\":\"ListItem\",\"position\":3,\"name\":\"OXI-100. Blanqueador oxigenado\"}]},{\"@type\":\"WebSite\",\"@id\":\"https:\/\/dermo.com\/#website\",\"url\":\"https:\/\/dermo.com\/\",\"name\":\"Dermo | F\u00e1brica de detergentes\",\"description\":\"Tecnolog\u00eda avanzada, investigaci\u00f3n y desarrollo, respeto por el medio ambiente, competencia, formaci\u00f3n constante y alto nivel de profesionalidad en nuestro equipo humano, empe\u00f1ado en preservar la calidad de vida, la protecci\u00f3n del entorno natural contin\u00faan motiv\u00e1ndonos para desarrollar en nuestros laboratorios nuevos productos con ingredientes activos altamente biodegradables que hacen posible un desarrollo sostenible.\",\"potentialAction\":[{\"@type\":\"SearchAction\",\"target\":{\"@type\":\"EntryPoint\",\"urlTemplate\":\"https:\/\/dermo.com\/?s={search_term_string}\"},\"query-input\":{\"@type\":\"PropertyValueSpecification\",\"valueRequired\":true,\"valueName\":\"search_term_string\"}}],\"inLanguage\":\"fr-FR\"}]}<\/script>\n<!-- \/ Yoast SEO plugin. -->","yoast_head_json":{"title":"OXI-100. Blanchiment oxyg\u00e9n\u00e9 - Dermo | usine de d\u00e9tergents","robots":{"index":"index","follow":"follow","max-snippet":"max-snippet:-1","max-image-preview":"max-image-preview:large","max-video-preview":"max-video-preview:-1"},"canonical":"https:\/\/dermo.com\/fr\/catalogue\/oxy-100\/","og_locale":"fr_FR","og_type":"article","og_title":"OXI-100. Blanqueador oxigenado - Dermo | F\u00e1brica de detergentes","og_description":"OXI-100 Blanqueador auxiliar de lavado basado en per\u00f3xido de hidr\u00f3geno para todo tipo de ropa blanca y de color especialmente indicado para su uso en lavander\u00edas comerciales, centros hospitalarios, etc. Tiene propiedades oxidantes, desodorizantes, blanqueadoras y quitamanchas.","og_url":"https:\/\/dermo.com\/fr\/catalogue\/oxy-100\/","og_site_name":"Dermo | F\u00e1brica de detergentes","article_modified_time":"2025-02-21T11:00:50+00:00","og_image":[{"width":1920,"height":2560,"url":"https:\/\/dermo.com\/wp-content\/uploads\/2015\/07\/9A8A7976-scaled.jpg","type":"image\/jpeg"}],"twitter_card":"summary_large_image","twitter_misc":{"Dur\u00e9e de lecture estim\u00e9e":"2 minutes"},"schema":{"@context":"https:\/\/schema.org","@graph":[{"@type":"WebPage","@id":"https:\/\/dermo.com\/catalogo\/oxi-100\/","url":"https:\/\/dermo.com\/catalogo\/oxi-100\/","name":"OXI-100. Blanchiment oxyg\u00e9n\u00e9 - Dermo | usine de d\u00e9tergents","isPartOf":{"@id":"https:\/\/dermo.com\/#website"},"primaryImageOfPage":{"@id":"https:\/\/dermo.com\/catalogo\/oxi-100\/#primaryimage"},"image":{"@id":"https:\/\/dermo.com\/catalogo\/oxi-100\/#primaryimage"},"thumbnailUrl":"https:\/\/dermo.com\/wp-content\/uploads\/2015\/07\/9A8A7976-scaled.jpg","datePublished":"2015-07-28T15:51:20+00:00","dateModified":"2025-02-21T11:00:50+00:00","breadcrumb":{"@id":"https:\/\/dermo.com\/catalogo\/oxi-100\/#breadcrumb"},"inLanguage":"fr-FR","potentialAction":[{"@type":"ReadAction","target":["https:\/\/dermo.com\/catalogo\/oxi-100\/"]}]},{"@type":"ImageObject","inLanguage":"fr-FR","@id":"https:\/\/dermo.com\/catalogo\/oxi-100\/#primaryimage","url":"https:\/\/dermo.com\/wp-content\/uploads\/2015\/07\/9A8A7976-scaled.jpg","contentUrl":"https:\/\/dermo.com\/wp-content\/uploads\/2015\/07\/9A8A7976-scaled.jpg","width":1920,"height":2560},{"@type":"BreadcrumbList","@id":"https:\/\/dermo.com\/catalogo\/oxi-100\/#breadcrumb","itemListElement":[{"@type":"ListItem","position":1,"name":"Portada","item":"https:\/\/dermo.com\/"},{"@type":"ListItem","position":2,"name":"Tienda","item":"https:\/\/dermo.com\/tienda\/"},{"@type":"ListItem","position":3,"name":"OXI-100. Blanqueador oxigenado"}]},{"@type":"WebSite","@id":"https:\/\/dermo.com\/#website","url":"https:\/\/dermo.com\/","name":"Dermo | usine de d\u00e9tergents","description":"Technologie avanc\u00e9e, recherche et d\u00e9veloppement, respect de l&#039;environnement, comp\u00e9tence, formation constante et haut niveau de professionnalisme de notre \u00e9quipe humaine, engag\u00e9e \u00e0 pr\u00e9server la qualit\u00e9 de vie, la protection de l&#039;environnement naturel continuent de nous motiver \u00e0 d\u00e9velopper de nouveaux produits dans notre laboratoires aux principes actifs hautement biod\u00e9gradables qui rendent possible le d\u00e9veloppement durable.","potentialAction":[{"@type":"SearchAction","target":{"@type":"EntryPoint","urlTemplate":"https:\/\/dermo.com\/?s={search_term_string}"},"query-input":{"@type":"PropertyValueSpecification","valueRequired":true,"valueName":"search_term_string"}}],"inLanguage":"fr-FR"}]}},"_links":{"self":[{"href":"https:\/\/dermo.com\/fr\/wp-json\/wp\/v2\/product\/2687","targetHints":{"allow":["GET"]}}],"collection":[{"href":"https:\/\/dermo.com\/fr\/wp-json\/wp\/v2\/product"}],"about":[{"href":"https:\/\/dermo.com\/fr\/wp-json\/wp\/v2\/types\/product"}],"wp:featuredmedia":[{"embeddable":true,"href":"https:\/\/dermo.com\/fr\/wp-json\/wp\/v2\/media\/13778"}],"wp:attachment":[{"href":"https:\/\/dermo.com\/fr\/wp-json\/wp\/v2\/media?parent=2687"}],"wp:term":[{"taxonomy":"product_brand","embeddable":true,"href":"https:\/\/dermo.com\/fr\/wp-json\/wp\/v2\/product_brand?post=2687"},{"taxonomy":"product_cat","embeddable":true,"href":"https:\/\/dermo.com\/fr\/wp-json\/wp\/v2\/product_cat?post=2687"},{"taxonomy":"product_tag","embeddable":true,"href":"https:\/\/dermo.com\/fr\/wp-json\/wp\/v2\/product_tag?post=2687"}],"curies":[{"name":"wp","href":"https:\/\/api.w.org\/{rel}","templated":true}]}}