{"id":2689,"date":"2015-07-28T16:03:51","date_gmt":"2015-07-28T16:03:51","guid":{"rendered":"https:\/\/dermo.ultbit.com\/producto\/presto\/"},"modified":"2024-09-10T09:38:28","modified_gmt":"2024-09-10T07:38:28","slug":"presto","status":"publish","type":"product","link":"https:\/\/dermo.com\/fr\/catalogue\/presto\/","title":{"rendered":"Presto. Adoucissant"},"content":{"rendered":"<p><strong>MODE D'EMPLOI:<\/strong><br \/>\nDoser Presto Energy dans le dernier rin\u00e7age de 5 \u00e0 10 g par kg de linge.<\/p>\n<p><strong>CARACT\u00c9RISTIQUES TECHNIQUES<\/strong><br \/>\nAspect: Liquide opaque.<br \/>\nCouleur : blanc.<br \/>\nOdeur : Aloe Vera.<br \/>\npH pur\u00a0: 3-4<\/p>\n<p><strong>COMPOSITION<\/strong><br \/>\nTensioactifs cationiques, conservateur et parfum.<\/p>\n<p><strong>PR\u00c9SENTATION<\/strong><br \/>\nEmballage de plastique:<\/p>\n<table>\n<tbody>\n<tr>\n<td>FORMAT<\/td>\n<td>\u00a0 \u00a0 \u00a0 \u00a03 kg<\/td>\n<td>\u00a0 \u00a0 5 kg<\/td>\n<td>\u00a0 \u00a0 \u00a0 25 kg<\/td>\n<\/tr>\n<tr>\n<td>CODE<\/td>\n<td>\u00a0002PR\u00c903<\/td>\n<td>\u00a0 002PR\u00c905<\/td>\n<td>\u00a0002PR\u00c925<\/td>\n<\/tr>\n<\/tbody>\n<\/table>\n<p><strong>S\u00c9CURIT\u00c9 \/ TOXICOLOGIE<\/strong><br \/>\nTenir hors de port\u00e9e des enfants.<br \/>\nEn cas d&#039;accident, consulter le Service d&#039;Information M\u00e9dicale Toxicologique. T\u00e9l. : 915 620 420.<\/p>\n<p><strong>INFORMATIONS COMPL\u00c9MENTAIRES<\/strong><br \/>\nPRODUIT INDUSTRIEL. UTILISATION PROFESSIONNELLE.<\/p>","protected":false},"excerpt":{"rendered":"<h3>Presto<\/h3>\n<p class=\"Estndar\">Adoucissant avec microcapsules parfum\u00e9es longue dur\u00e9e. Il offre \u00e9galement un s\u00e9chage rapide, un meilleur repassage, une protection contre la salet\u00e9 et une action antistatique.<br \/>\nProlonge la dur\u00e9e de vie du tissu et emp\u00eache la formation de moisissure sur les v\u00eatements stock\u00e9s, les laissant agr\u00e9ablement parfum\u00e9s.<\/p>","protected":false},"featured_media":2688,"template":"","meta":{"neve_meta_sidebar":"","neve_meta_container":"","neve_meta_enable_content_width":"off","neve_meta_content_width":100,"neve_meta_title_alignment":"","neve_meta_author_avatar":"","neve_post_elements_order":"","neve_meta_disable_header":"","neve_meta_disable_footer":"","neve_meta_disable_title":""},"product_brand":[],"product_cat":[372,370,369,392],"product_tag":[],"class_list":{"0":"post-2689","1":"product","2":"type-product","3":"status-publish","4":"has-post-thumbnail","6":"product_cat-geriatricos","7":"product_cat-hoteles","8":"product_cat-lavanderia","9":"product_cat-suavizantes","11":"first","12":"instock","13":"shipping-taxable","14":"product-type-simple"},"yoast_head":"<!-- This site is optimized with the Yoast SEO plugin v27.0 - https:\/\/yoast.com\/product\/yoast-seo-wordpress\/ -->\n<title>Presto. Suavizante - Dermo | F\u00e1brica de detergentes<\/title>\n<meta name=\"robots\" content=\"index, follow, max-snippet:-1, max-image-preview:large, max-video-preview:-1\" \/>\n<link rel=\"canonical\" href=\"https:\/\/dermo.com\/fr\/catalogue\/presto\/\" \/>\n<meta property=\"og:locale\" content=\"fr_FR\" \/>\n<meta property=\"og:type\" content=\"article\" \/>\n<meta property=\"og:title\" content=\"Presto. Suavizante - Dermo | F\u00e1brica de detergentes\" \/>\n<meta property=\"og:description\" content=\"Presto Suavizante para todo tipo de fibras. Proporciona adem\u00e1s rapidez de secado, mejor planchado, repelencia a la suciedad y acci\u00f3n antiest\u00e1tica. Alarga la vida del tejido y evita la formaci\u00f3n de moho sobre la ropa almacenada, dej\u00e1ndola agradablemente perfumada.\" \/>\n<meta property=\"og:url\" content=\"https:\/\/dermo.com\/fr\/catalogue\/presto\/\" \/>\n<meta property=\"og:site_name\" content=\"Dermo | F\u00e1brica de detergentes\" \/>\n<meta property=\"article:modified_time\" content=\"2024-09-10T07:38:28+00:00\" \/>\n<meta property=\"og:image\" content=\"https:\/\/dermo.com\/wp-content\/uploads\/2015\/07\/114-Presto.-Suavizante.jpg\" \/>\n\t<meta property=\"og:image:width\" content=\"768\" \/>\n\t<meta property=\"og:image:height\" content=\"823\" \/>\n\t<meta property=\"og:image:type\" content=\"image\/jpeg\" \/>\n<meta name=\"twitter:card\" content=\"summary_large_image\" \/>\n<meta name=\"twitter:label1\" content=\"Dur\u00e9e de lecture estim\u00e9e\" \/>\n\t<meta name=\"twitter:data1\" content=\"1 minute\" \/>\n<script type=\"application\/ld+json\" class=\"yoast-schema-graph\">{\"@context\":\"https:\/\/schema.org\",\"@graph\":[{\"@type\":\"WebPage\",\"@id\":\"https:\/\/dermo.com\/catalogo\/presto\/\",\"url\":\"https:\/\/dermo.com\/catalogo\/presto\/\",\"name\":\"Presto. Suavizante - Dermo | F\u00e1brica de detergentes\",\"isPartOf\":{\"@id\":\"https:\/\/dermo.com\/#website\"},\"primaryImageOfPage\":{\"@id\":\"https:\/\/dermo.com\/catalogo\/presto\/#primaryimage\"},\"image\":{\"@id\":\"https:\/\/dermo.com\/catalogo\/presto\/#primaryimage\"},\"thumbnailUrl\":\"https:\/\/dermo.com\/wp-content\/uploads\/2015\/07\/114-Presto.-Suavizante.jpg\",\"datePublished\":\"2015-07-28T16:03:51+00:00\",\"dateModified\":\"2024-09-10T07:38:28+00:00\",\"breadcrumb\":{\"@id\":\"https:\/\/dermo.com\/catalogo\/presto\/#breadcrumb\"},\"inLanguage\":\"fr-FR\",\"potentialAction\":[{\"@type\":\"ReadAction\",\"target\":[\"https:\/\/dermo.com\/catalogo\/presto\/\"]}]},{\"@type\":\"ImageObject\",\"inLanguage\":\"fr-FR\",\"@id\":\"https:\/\/dermo.com\/catalogo\/presto\/#primaryimage\",\"url\":\"https:\/\/dermo.com\/wp-content\/uploads\/2015\/07\/114-Presto.-Suavizante.jpg\",\"contentUrl\":\"https:\/\/dermo.com\/wp-content\/uploads\/2015\/07\/114-Presto.-Suavizante.jpg\",\"width\":768,\"height\":823,\"caption\":\"Presto. Suavizante\"},{\"@type\":\"BreadcrumbList\",\"@id\":\"https:\/\/dermo.com\/catalogo\/presto\/#breadcrumb\",\"itemListElement\":[{\"@type\":\"ListItem\",\"position\":1,\"name\":\"Portada\",\"item\":\"https:\/\/dermo.com\/\"},{\"@type\":\"ListItem\",\"position\":2,\"name\":\"Tienda\",\"item\":\"https:\/\/dermo.com\/tienda\/\"},{\"@type\":\"ListItem\",\"position\":3,\"name\":\"Presto. Suavizante\"}]},{\"@type\":\"WebSite\",\"@id\":\"https:\/\/dermo.com\/#website\",\"url\":\"https:\/\/dermo.com\/\",\"name\":\"Dermo | F\u00e1brica de detergentes\",\"description\":\"Tecnolog\u00eda avanzada, investigaci\u00f3n y desarrollo, respeto por el medio ambiente, competencia, formaci\u00f3n constante y alto nivel de profesionalidad en nuestro equipo humano, empe\u00f1ado en preservar la calidad de vida, la protecci\u00f3n del entorno natural contin\u00faan motiv\u00e1ndonos para desarrollar en nuestros laboratorios nuevos productos con ingredientes activos altamente biodegradables que hacen posible un desarrollo sostenible.\",\"potentialAction\":[{\"@type\":\"SearchAction\",\"target\":{\"@type\":\"EntryPoint\",\"urlTemplate\":\"https:\/\/dermo.com\/?s={search_term_string}\"},\"query-input\":{\"@type\":\"PropertyValueSpecification\",\"valueRequired\":true,\"valueName\":\"search_term_string\"}}],\"inLanguage\":\"fr-FR\"}]}<\/script>\n<!-- \/ Yoast SEO plugin. -->","yoast_head_json":{"title":"Presto. Adoucissant - Dermo | usine de d\u00e9tergents","robots":{"index":"index","follow":"follow","max-snippet":"max-snippet:-1","max-image-preview":"max-image-preview:large","max-video-preview":"max-video-preview:-1"},"canonical":"https:\/\/dermo.com\/fr\/catalogue\/presto\/","og_locale":"fr_FR","og_type":"article","og_title":"Presto. Suavizante - Dermo | F\u00e1brica de detergentes","og_description":"Presto Suavizante para todo tipo de fibras. Proporciona adem\u00e1s rapidez de secado, mejor planchado, repelencia a la suciedad y acci\u00f3n antiest\u00e1tica. Alarga la vida del tejido y evita la formaci\u00f3n de moho sobre la ropa almacenada, dej\u00e1ndola agradablemente perfumada.","og_url":"https:\/\/dermo.com\/fr\/catalogue\/presto\/","og_site_name":"Dermo | F\u00e1brica de detergentes","article_modified_time":"2024-09-10T07:38:28+00:00","og_image":[{"width":768,"height":823,"url":"https:\/\/dermo.com\/wp-content\/uploads\/2015\/07\/114-Presto.-Suavizante.jpg","type":"image\/jpeg"}],"twitter_card":"summary_large_image","twitter_misc":{"Dur\u00e9e de lecture estim\u00e9e":"1 minute"},"schema":{"@context":"https:\/\/schema.org","@graph":[{"@type":"WebPage","@id":"https:\/\/dermo.com\/catalogo\/presto\/","url":"https:\/\/dermo.com\/catalogo\/presto\/","name":"Presto. Adoucissant - Dermo | usine de d\u00e9tergents","isPartOf":{"@id":"https:\/\/dermo.com\/#website"},"primaryImageOfPage":{"@id":"https:\/\/dermo.com\/catalogo\/presto\/#primaryimage"},"image":{"@id":"https:\/\/dermo.com\/catalogo\/presto\/#primaryimage"},"thumbnailUrl":"https:\/\/dermo.com\/wp-content\/uploads\/2015\/07\/114-Presto.-Suavizante.jpg","datePublished":"2015-07-28T16:03:51+00:00","dateModified":"2024-09-10T07:38:28+00:00","breadcrumb":{"@id":"https:\/\/dermo.com\/catalogo\/presto\/#breadcrumb"},"inLanguage":"fr-FR","potentialAction":[{"@type":"ReadAction","target":["https:\/\/dermo.com\/catalogo\/presto\/"]}]},{"@type":"ImageObject","inLanguage":"fr-FR","@id":"https:\/\/dermo.com\/catalogo\/presto\/#primaryimage","url":"https:\/\/dermo.com\/wp-content\/uploads\/2015\/07\/114-Presto.-Suavizante.jpg","contentUrl":"https:\/\/dermo.com\/wp-content\/uploads\/2015\/07\/114-Presto.-Suavizante.jpg","width":768,"height":823,"caption":"Presto. Suavizante"},{"@type":"BreadcrumbList","@id":"https:\/\/dermo.com\/catalogo\/presto\/#breadcrumb","itemListElement":[{"@type":"ListItem","position":1,"name":"Portada","item":"https:\/\/dermo.com\/"},{"@type":"ListItem","position":2,"name":"Tienda","item":"https:\/\/dermo.com\/tienda\/"},{"@type":"ListItem","position":3,"name":"Presto. Suavizante"}]},{"@type":"WebSite","@id":"https:\/\/dermo.com\/#website","url":"https:\/\/dermo.com\/","name":"Dermo | usine de d\u00e9tergents","description":"Technologie avanc\u00e9e, recherche et d\u00e9veloppement, respect de l&#039;environnement, comp\u00e9tence, formation constante et haut niveau de professionnalisme de notre \u00e9quipe humaine, engag\u00e9e \u00e0 pr\u00e9server la qualit\u00e9 de vie, la protection de l&#039;environnement naturel continuent de nous motiver \u00e0 d\u00e9velopper de nouveaux produits dans notre laboratoires aux principes actifs hautement biod\u00e9gradables qui rendent possible le d\u00e9veloppement durable.","potentialAction":[{"@type":"SearchAction","target":{"@type":"EntryPoint","urlTemplate":"https:\/\/dermo.com\/?s={search_term_string}"},"query-input":{"@type":"PropertyValueSpecification","valueRequired":true,"valueName":"search_term_string"}}],"inLanguage":"fr-FR"}]}},"_links":{"self":[{"href":"https:\/\/dermo.com\/fr\/wp-json\/wp\/v2\/product\/2689","targetHints":{"allow":["GET"]}}],"collection":[{"href":"https:\/\/dermo.com\/fr\/wp-json\/wp\/v2\/product"}],"about":[{"href":"https:\/\/dermo.com\/fr\/wp-json\/wp\/v2\/types\/product"}],"wp:featuredmedia":[{"embeddable":true,"href":"https:\/\/dermo.com\/fr\/wp-json\/wp\/v2\/media\/2688"}],"wp:attachment":[{"href":"https:\/\/dermo.com\/fr\/wp-json\/wp\/v2\/media?parent=2689"}],"wp:term":[{"taxonomy":"product_brand","embeddable":true,"href":"https:\/\/dermo.com\/fr\/wp-json\/wp\/v2\/product_brand?post=2689"},{"taxonomy":"product_cat","embeddable":true,"href":"https:\/\/dermo.com\/fr\/wp-json\/wp\/v2\/product_cat?post=2689"},{"taxonomy":"product_tag","embeddable":true,"href":"https:\/\/dermo.com\/fr\/wp-json\/wp\/v2\/product_tag?post=2689"}],"curies":[{"name":"wp","href":"https:\/\/api.w.org\/{rel}","templated":true}]}}