{"id":2705,"date":"2015-07-28T17:33:01","date_gmt":"2015-07-28T17:33:01","guid":{"rendered":"https:\/\/dermo.ultbit.com\/producto\/dl21-clorbac\/"},"modified":"2024-09-10T10:27:21","modified_gmt":"2024-09-10T08:27:21","slug":"dl21-chlorbac","status":"publish","type":"product","link":"https:\/\/dermo.com\/fr\/catalogue\/dl21-chlorbac\/","title":{"rendered":"DL 21 Clorbac. D\u00e9tergent alcalin chlor\u00e9 fongicide bact\u00e9ricide"},"content":{"rendered":"<p><strong>MODE D'EMPLOI:<\/strong><\/p>\n<p class=\"Estilo2Sangria2detindependiente\">Avant d&#039;utiliser le produit, lisez attentivement l&#039;\u00e9tiquette.<br \/>\nUtilis\u00e9 en solution aqueuse (activit\u00e9 fongicide efficace \u00e0 concentrations \u22652%, activit\u00e9 bact\u00e9ricide efficace \u00e0 concentrations \u2265 15%) en fonction du substrat, le type et la quantit\u00e9 de salet\u00e9 et de la m\u00e9thode  d'application: L'application du produit dans l'industrie alimentaire pour usage dans la d\u00e9sinfection de contact : des surfaces et des \u00e9quipes, il devra \u00eatre r\u00e9alis\u00e9 dans une absence d'aliments.<\/p>\n<p>Utiliser le produit pur ou en solution aqueuse, selon le support, le type et la quantit\u00e9 de salissures, le mode d&#039;application souhait\u00e9 et en respectant les temps de contact :<\/p>\n<table width=\"615\">\n<tbody>\n<tr>\n<td width=\"220\">ACTIVIT\u00c9<\/td>\n<td width=\"200\">DILUTION<\/td>\n<td width=\"195\">TEMPS DE CONTACT<\/td>\n<\/tr>\n<tr>\n<td>BACT\u00c9RICIDE<\/td>\n<td>\u2265 15%<\/td>\n<td>Minimum 5 minutes<\/td>\n<\/tr>\n<tr>\n<td>FONGICIDE<\/td>\n<td>\u22652,5%<\/td>\n<td>Minimum 15 minutes<\/td>\n<\/tr>\n<\/tbody>\n<\/table>\n<ul>\n<li>D\u00e9sinfection manuelle des surfaces et du mat\u00e9riel, par pulv\u00e9risation directe ou pulv\u00e9risation du produit pur ou dilu\u00e9 de 2,5 \u00e0 15% (25 \u00e0 150 ml DL 21 CLORBAC par litre d&#039;eau).<\/li>\n<li>Nettoyage des ustensiles en bain d&#039;immersion : 2,5 \u00e0 15% (25 \u00e0 150 ml de DL 21 CLORBAC par litre d&#039;eau), en laissant agir au moins 30 min.<\/li>\n<li>Nettoyage des circuits par recirculation : 25 \u00e0 150 ml de DL 21 CLORBAC par litre d&#039;eau.<\/li>\n<\/ul>\n<p>Il peut \u00eatre appliqu\u00e9 dans des conditions sales, de sorte que le nettoyage et la d\u00e9sinfection soient r\u00e9alis\u00e9s en une seule op\u00e9ration.<br \/>\nLes r\u00e8gles g\u00e9n\u00e9rales d&#039;utilisation sont :<\/p>\n<ol>\n<li>Nettoyer et d\u00e9sinfecter le mat\u00e9riel, les ustensiles et\/ou les surfaces avec les solutions DL 21 CLORBAC recommand\u00e9es dans chaque cas, le plus t\u00f4t possible apr\u00e8s chaque processus de fabrication.<\/li>\n<li>Laisser les solutions DL 21 CLORBAC rester le plus longtemps possible en contact avec les surfaces \u00e0 d\u00e9sinfecter (dur\u00e9e minimale conseill\u00e9e : 15 min).<\/li>\n<li>Rincer les surfaces, \u00e9quipements ou ustensiles avec beaucoup d&#039;eau potable jusqu&#039;\u00e0 ce qu&#039;ils soient exempts de mousse.<\/li>\n<\/ol>\n<p class=\"Estilo2Sangria2detindependiente\"><strong>CARACT\u00c9RISTIQUES TECHNIQUES :<\/strong><\/p>\n<p class=\"Estilo2Sangria2detindependiente\">Aspect : Liquide visqueux transparent.<br \/>\nCouleur : Incolore ou jaun\u00e2tre.<br \/>\nOdeur : Caract\u00e9ristique du chlore.<br \/>\npH pur : 13 \u00b1 0,5<br \/>\nDensit\u00e9\u00a0: 1,150 \u00b1 0,02 g\/cc<br \/>\nPoint d&#039;\u00e9bullition\u00a0: se d\u00e9compose au-dessus de 40 \u00b0C.<\/p>\n<p><strong>COMPOSITION<\/strong><\/p>\n<p>Hypochlorite de sodium (5%). Hydroxyde de sodium (3%). Moins de 5%\u00a0: tensioactifs non ioniques et phosphonates.<\/p>\n<p><strong>PR\u00c9SENTATION:<\/strong><\/p>\n<table>\n<tbody>\n<tr>\n<td>FORMAT<\/td>\n<td>\u00a0 \u00a0 \u00a0 5 kg<\/td>\n<\/tr>\n<tr>\n<td>CODE<\/td>\n<td>\u00a0 \u00a0005DCL05<\/td>\n<\/tr>\n<\/tbody>\n<\/table>\n<p class=\"csfbc84d64\">","protected":false},"excerpt":{"rendered":"<h3>DL 21 Clorbac<\/h3>\n<p>DL 21 CLORBAC est un nettoyant alcalin chlor\u00e9 avec un pouvoir \u00e9lev\u00e9 un d\u00e9sinfectant et d\u00e9tergent en face des prot\u00e9ines, des graisses, sang et des restes organiques en g\u00e9n\u00e9ral, sp\u00e9cialement formul\u00e9 pour la propret\u00e9 int\u00e9grale et la d\u00e9sinfection par contact de surfaces et d'ustensiles fort contamin\u00e9s dans l'industrie alimentaire  et tout autre domaine de la vie publique et priv\u00e9<\/p>","protected":false},"featured_media":3850,"template":"","meta":{"neve_meta_sidebar":"","neve_meta_container":"","neve_meta_enable_content_width":"off","neve_meta_content_width":100,"neve_meta_title_alignment":"","neve_meta_author_avatar":"","neve_post_elements_order":"","neve_meta_disable_header":"","neve_meta_disable_footer":"","neve_meta_disable_title":""},"product_brand":[],"product_cat":[379,374],"product_tag":[],"class_list":{"0":"post-2705","1":"product","2":"type-product","3":"status-publish","4":"has-post-thumbnail","6":"product_cat-desinfectantes","7":"product_cat-restauracion","9":"first","10":"instock","11":"shipping-taxable","12":"product-type-simple"},"yoast_head":"<!-- This site is optimized with the Yoast SEO plugin v27.0 - https:\/\/yoast.com\/product\/yoast-seo-wordpress\/ -->\n<title>DL 21 Clorbac. Detergente alcalino clorado fungicida bactericida - Dermo | F\u00e1brica de detergentes<\/title>\n<meta name=\"robots\" content=\"index, follow, max-snippet:-1, max-image-preview:large, max-video-preview:-1\" \/>\n<link rel=\"canonical\" href=\"https:\/\/dermo.com\/fr\/catalogue\/dl21-chlorbac\/\" \/>\n<meta property=\"og:locale\" content=\"fr_FR\" \/>\n<meta property=\"og:type\" content=\"article\" \/>\n<meta property=\"og:title\" content=\"DL 21 Clorbac. Detergente alcalino clorado fungicida bactericida - Dermo | F\u00e1brica de detergentes\" \/>\n<meta property=\"og:description\" content=\"DL 21 Clorbac DL 21 CLORBAC es un detergente alcalino bactericida y fungicida con elevado poder desinfectante frente a prote\u00ednas, grasas, sangre y restos org\u00e1nicos en general. Especialmente formulado para su uso en la limpieza integral y desinfecci\u00f3n por contacto en una sola operaci\u00f3n de superficies y utensilios muy fuertemente contaminados en la Industria Alimentaria, hosteler\u00eda, grandes colectividades y superficies e higiene institucional.\" \/>\n<meta property=\"og:url\" content=\"https:\/\/dermo.com\/fr\/catalogue\/dl21-chlorbac\/\" \/>\n<meta property=\"og:site_name\" content=\"Dermo | F\u00e1brica de detergentes\" \/>\n<meta property=\"article:modified_time\" content=\"2024-09-10T08:27:21+00:00\" \/>\n<meta property=\"og:image\" content=\"https:\/\/dermo.com\/wp-content\/uploads\/2015\/07\/DL-21-Acibac-1.png\" \/>\n\t<meta property=\"og:image:width\" content=\"768\" \/>\n\t<meta property=\"og:image:height\" content=\"823\" \/>\n\t<meta property=\"og:image:type\" content=\"image\/png\" \/>\n<meta name=\"twitter:card\" content=\"summary_large_image\" \/>\n<meta name=\"twitter:label1\" content=\"Dur\u00e9e de lecture estim\u00e9e\" \/>\n\t<meta name=\"twitter:data1\" content=\"2 minutes\" \/>\n<script type=\"application\/ld+json\" class=\"yoast-schema-graph\">{\"@context\":\"https:\/\/schema.org\",\"@graph\":[{\"@type\":\"WebPage\",\"@id\":\"https:\/\/dermo.com\/catalogo\/dl21-clorbac\/\",\"url\":\"https:\/\/dermo.com\/catalogo\/dl21-clorbac\/\",\"name\":\"DL 21 Clorbac. Detergente alcalino clorado fungicida bactericida - Dermo | F\u00e1brica de detergentes\",\"isPartOf\":{\"@id\":\"https:\/\/dermo.com\/#website\"},\"primaryImageOfPage\":{\"@id\":\"https:\/\/dermo.com\/catalogo\/dl21-clorbac\/#primaryimage\"},\"image\":{\"@id\":\"https:\/\/dermo.com\/catalogo\/dl21-clorbac\/#primaryimage\"},\"thumbnailUrl\":\"https:\/\/dermo.com\/wp-content\/uploads\/2015\/07\/DL-21-Acibac-1.png\",\"datePublished\":\"2015-07-28T17:33:01+00:00\",\"dateModified\":\"2024-09-10T08:27:21+00:00\",\"breadcrumb\":{\"@id\":\"https:\/\/dermo.com\/catalogo\/dl21-clorbac\/#breadcrumb\"},\"inLanguage\":\"fr-FR\",\"potentialAction\":[{\"@type\":\"ReadAction\",\"target\":[\"https:\/\/dermo.com\/catalogo\/dl21-clorbac\/\"]}]},{\"@type\":\"ImageObject\",\"inLanguage\":\"fr-FR\",\"@id\":\"https:\/\/dermo.com\/catalogo\/dl21-clorbac\/#primaryimage\",\"url\":\"https:\/\/dermo.com\/wp-content\/uploads\/2015\/07\/DL-21-Acibac-1.png\",\"contentUrl\":\"https:\/\/dermo.com\/wp-content\/uploads\/2015\/07\/DL-21-Acibac-1.png\",\"width\":768,\"height\":823},{\"@type\":\"BreadcrumbList\",\"@id\":\"https:\/\/dermo.com\/catalogo\/dl21-clorbac\/#breadcrumb\",\"itemListElement\":[{\"@type\":\"ListItem\",\"position\":1,\"name\":\"Portada\",\"item\":\"https:\/\/dermo.com\/\"},{\"@type\":\"ListItem\",\"position\":2,\"name\":\"Tienda\",\"item\":\"https:\/\/dermo.com\/tienda\/\"},{\"@type\":\"ListItem\",\"position\":3,\"name\":\"DL 21 Clorbac. Detergente alcalino clorado fungicida bactericida\"}]},{\"@type\":\"WebSite\",\"@id\":\"https:\/\/dermo.com\/#website\",\"url\":\"https:\/\/dermo.com\/\",\"name\":\"Dermo | F\u00e1brica de detergentes\",\"description\":\"Tecnolog\u00eda avanzada, investigaci\u00f3n y desarrollo, respeto por el medio ambiente, competencia, formaci\u00f3n constante y alto nivel de profesionalidad en nuestro equipo humano, empe\u00f1ado en preservar la calidad de vida, la protecci\u00f3n del entorno natural contin\u00faan motiv\u00e1ndonos para desarrollar en nuestros laboratorios nuevos productos con ingredientes activos altamente biodegradables que hacen posible un desarrollo sostenible.\",\"potentialAction\":[{\"@type\":\"SearchAction\",\"target\":{\"@type\":\"EntryPoint\",\"urlTemplate\":\"https:\/\/dermo.com\/?s={search_term_string}\"},\"query-input\":{\"@type\":\"PropertyValueSpecification\",\"valueRequired\":true,\"valueName\":\"search_term_string\"}}],\"inLanguage\":\"fr-FR\"}]}<\/script>\n<!-- \/ Yoast SEO plugin. -->","yoast_head_json":{"title":"DL 21 Clorbac. D\u00e9tergent alcalin chlor\u00e9 fongicide bact\u00e9ricide - Dermo | usine de d\u00e9tergents","robots":{"index":"index","follow":"follow","max-snippet":"max-snippet:-1","max-image-preview":"max-image-preview:large","max-video-preview":"max-video-preview:-1"},"canonical":"https:\/\/dermo.com\/fr\/catalogue\/dl21-chlorbac\/","og_locale":"fr_FR","og_type":"article","og_title":"DL 21 Clorbac. Detergente alcalino clorado fungicida bactericida - Dermo | F\u00e1brica de detergentes","og_description":"DL 21 Clorbac DL 21 CLORBAC es un detergente alcalino bactericida y fungicida con elevado poder desinfectante frente a prote\u00ednas, grasas, sangre y restos org\u00e1nicos en general. Especialmente formulado para su uso en la limpieza integral y desinfecci\u00f3n por contacto en una sola operaci\u00f3n de superficies y utensilios muy fuertemente contaminados en la Industria Alimentaria, hosteler\u00eda, grandes colectividades y superficies e higiene institucional.","og_url":"https:\/\/dermo.com\/fr\/catalogue\/dl21-chlorbac\/","og_site_name":"Dermo | F\u00e1brica de detergentes","article_modified_time":"2024-09-10T08:27:21+00:00","og_image":[{"width":768,"height":823,"url":"https:\/\/dermo.com\/wp-content\/uploads\/2015\/07\/DL-21-Acibac-1.png","type":"image\/png"}],"twitter_card":"summary_large_image","twitter_misc":{"Dur\u00e9e de lecture estim\u00e9e":"2 minutes"},"schema":{"@context":"https:\/\/schema.org","@graph":[{"@type":"WebPage","@id":"https:\/\/dermo.com\/catalogo\/dl21-clorbac\/","url":"https:\/\/dermo.com\/catalogo\/dl21-clorbac\/","name":"DL 21 Clorbac. D\u00e9tergent alcalin chlor\u00e9 fongicide bact\u00e9ricide - Dermo | usine de d\u00e9tergents","isPartOf":{"@id":"https:\/\/dermo.com\/#website"},"primaryImageOfPage":{"@id":"https:\/\/dermo.com\/catalogo\/dl21-clorbac\/#primaryimage"},"image":{"@id":"https:\/\/dermo.com\/catalogo\/dl21-clorbac\/#primaryimage"},"thumbnailUrl":"https:\/\/dermo.com\/wp-content\/uploads\/2015\/07\/DL-21-Acibac-1.png","datePublished":"2015-07-28T17:33:01+00:00","dateModified":"2024-09-10T08:27:21+00:00","breadcrumb":{"@id":"https:\/\/dermo.com\/catalogo\/dl21-clorbac\/#breadcrumb"},"inLanguage":"fr-FR","potentialAction":[{"@type":"ReadAction","target":["https:\/\/dermo.com\/catalogo\/dl21-clorbac\/"]}]},{"@type":"ImageObject","inLanguage":"fr-FR","@id":"https:\/\/dermo.com\/catalogo\/dl21-clorbac\/#primaryimage","url":"https:\/\/dermo.com\/wp-content\/uploads\/2015\/07\/DL-21-Acibac-1.png","contentUrl":"https:\/\/dermo.com\/wp-content\/uploads\/2015\/07\/DL-21-Acibac-1.png","width":768,"height":823},{"@type":"BreadcrumbList","@id":"https:\/\/dermo.com\/catalogo\/dl21-clorbac\/#breadcrumb","itemListElement":[{"@type":"ListItem","position":1,"name":"Portada","item":"https:\/\/dermo.com\/"},{"@type":"ListItem","position":2,"name":"Tienda","item":"https:\/\/dermo.com\/tienda\/"},{"@type":"ListItem","position":3,"name":"DL 21 Clorbac. Detergente alcalino clorado fungicida bactericida"}]},{"@type":"WebSite","@id":"https:\/\/dermo.com\/#website","url":"https:\/\/dermo.com\/","name":"Dermo | usine de d\u00e9tergents","description":"Technologie avanc\u00e9e, recherche et d\u00e9veloppement, respect de l&#039;environnement, comp\u00e9tence, formation constante et haut niveau de professionnalisme de notre \u00e9quipe humaine, engag\u00e9e \u00e0 pr\u00e9server la qualit\u00e9 de vie, la protection de l&#039;environnement naturel continuent de nous motiver \u00e0 d\u00e9velopper de nouveaux produits dans notre laboratoires aux principes actifs hautement biod\u00e9gradables qui rendent possible le d\u00e9veloppement durable.","potentialAction":[{"@type":"SearchAction","target":{"@type":"EntryPoint","urlTemplate":"https:\/\/dermo.com\/?s={search_term_string}"},"query-input":{"@type":"PropertyValueSpecification","valueRequired":true,"valueName":"search_term_string"}}],"inLanguage":"fr-FR"}]}},"_links":{"self":[{"href":"https:\/\/dermo.com\/fr\/wp-json\/wp\/v2\/product\/2705","targetHints":{"allow":["GET"]}}],"collection":[{"href":"https:\/\/dermo.com\/fr\/wp-json\/wp\/v2\/product"}],"about":[{"href":"https:\/\/dermo.com\/fr\/wp-json\/wp\/v2\/types\/product"}],"wp:featuredmedia":[{"embeddable":true,"href":"https:\/\/dermo.com\/fr\/wp-json\/wp\/v2\/media\/3850"}],"wp:attachment":[{"href":"https:\/\/dermo.com\/fr\/wp-json\/wp\/v2\/media?parent=2705"}],"wp:term":[{"taxonomy":"product_brand","embeddable":true,"href":"https:\/\/dermo.com\/fr\/wp-json\/wp\/v2\/product_brand?post=2705"},{"taxonomy":"product_cat","embeddable":true,"href":"https:\/\/dermo.com\/fr\/wp-json\/wp\/v2\/product_cat?post=2705"},{"taxonomy":"product_tag","embeddable":true,"href":"https:\/\/dermo.com\/fr\/wp-json\/wp\/v2\/product_tag?post=2705"}],"curies":[{"name":"wp","href":"https:\/\/api.w.org\/{rel}","templated":true}]}}