{"id":2707,"date":"2015-07-28T17:43:53","date_gmt":"2015-07-28T17:43:53","guid":{"rendered":"https:\/\/dermo.ultbit.com\/producto\/dl21-fungibac\/"},"modified":"2025-03-18T09:57:07","modified_gmt":"2025-03-18T08:57:07","slug":"dl21-fongibac","status":"publish","type":"product","link":"https:\/\/dermo.com\/fr\/catalogue\/dl21-fongibac\/","title":{"rendered":"DL 21 Fongibac. D\u00e9tergent fongicide bact\u00e9ricide et virucide"},"content":{"rendered":"<p><strong>MODE D'EMPLOI:<\/strong><br \/>\nUtilisation en solution aqueuse (activit\u00e9 fongicide efficace \u00e0 des concentrations \u226515%, activit\u00e9 bact\u00e9ricide efficace \u00e0 des concentrations \u22652,5% et activit\u00e9 virucide efficace \u00e0 des concentrations \u226520%) en fonction du substrat, du type et de la quantit\u00e9 de salet\u00e9 et de la m\u00e9thode d&#039;application requise. Plus d&#039;informations<span lang=\"es\" xml:lang=\"es\">sur l&#039;onglet\u00a0<span lang=\"es\" xml:lang=\"es\">technique.<\/span><\/span><\/p>\n<p><strong>CARACT\u00c9RISTIQUES TECHNIQUES :<\/strong><br \/>\nAspect : Liquide l\u00e9ger.<br \/>\nColeur: Bleu<br \/>\nOdeur: Characteristique.<br \/>\npH pur : 10,0 \u00b1 0,5.<br \/>\nDensit\u00e9\u00a0: 0,98 \u00b1 0,02 g\/cc<\/p>\n<p><strong>PR\u00c9SENTATION:<\/strong><br \/>\nEmballage de plastique:<\/p>\n<table>\n<tbody>\n<tr>\n<td>FORMAT<\/td>\n<td>\u00a0 \u00a0 \u00a0 5 kg<\/td>\n<\/tr>\n<tr>\n<td>CODE<\/td>\n<td>\u00a0 \u00a0005DFU05<\/td>\n<\/tr>\n<\/tbody>\n<\/table>\n<p><span class=\"cs9b40b68f1\">Utilisez les biocides en toute s\u00e9curit\u00e9. Lisez toujours l&#039;\u00e9tiquette et les informations sur le biocide avant de l&#039;utiliser.<\/span><span class=\"csb59941d21\">\u00bb toujours conforme au r\u00e8glement (CE) n\u00b0 1278\/2008.<\/span><\/p>","protected":false},"excerpt":{"rendered":"<h3>DL 21 Fongibac<\/h3>\n<p><span lang=\"es\" xml:lang=\"es\">DL 21 FUNGIBAC est un d\u00e9tergent fongicide et bact\u00e9ricide sp\u00e9cialement formul\u00e9 pour la propret\u00e9 int\u00e9grale et la d\u00e9sinfection par contact de surfaces et d'ustensiles fort contamin\u00e9s dans l'industrie alimentaire, h\u00f4tellerie, de grandes collectivit\u00e9s et surfaces et hygi\u00e8ne institutionnelle.<\/span><\/p>","protected":false},"featured_media":3851,"template":"","meta":{"neve_meta_sidebar":"","neve_meta_container":"","neve_meta_enable_content_width":"off","neve_meta_content_width":100,"neve_meta_title_alignment":"","neve_meta_author_avatar":"","neve_post_elements_order":"","neve_meta_disable_header":"","neve_meta_disable_footer":"","neve_meta_disable_title":""},"product_brand":[],"product_cat":[379],"product_tag":[],"class_list":{"0":"post-2707","1":"product","2":"type-product","3":"status-publish","4":"has-post-thumbnail","6":"product_cat-desinfectantes","8":"first","9":"instock","10":"shipping-taxable","11":"product-type-simple"},"yoast_head":"<!-- This site is optimized with the Yoast SEO plugin v27.0 - https:\/\/yoast.com\/product\/yoast-seo-wordpress\/ -->\n<title>DL 21 Fungibac. Detergente fungicida bactericida viricida - Dermo | F\u00e1brica de detergentes<\/title>\n<meta name=\"robots\" content=\"index, follow, max-snippet:-1, max-image-preview:large, max-video-preview:-1\" \/>\n<link rel=\"canonical\" href=\"https:\/\/dermo.com\/fr\/catalogue\/dl21-fongibac\/\" \/>\n<meta property=\"og:locale\" content=\"fr_FR\" \/>\n<meta property=\"og:type\" content=\"article\" \/>\n<meta property=\"og:title\" content=\"DL 21 Fungibac. Detergente fungicida bactericida viricida - Dermo | F\u00e1brica de detergentes\" \/>\n<meta property=\"og:description\" content=\"DL 21 Fungibac DL 21 FUNGIBAC es un producto con elevada concentraci\u00f3n en principios activos, especialmente formulado para su uso en la limpieza integral y desinfecci\u00f3n por contacto de superficies y utensilios fuertemente contaminados en la industria alimentaria, hosteler\u00eda, grandes colectividades y superficies e higiene institucional.\" \/>\n<meta property=\"og:url\" content=\"https:\/\/dermo.com\/fr\/catalogue\/dl21-fongibac\/\" \/>\n<meta property=\"og:site_name\" content=\"Dermo | F\u00e1brica de detergentes\" \/>\n<meta property=\"article:modified_time\" content=\"2025-03-18T08:57:07+00:00\" \/>\n<meta property=\"og:image\" content=\"https:\/\/dermo.com\/wp-content\/uploads\/2015\/07\/DL-21-Fungibac.png\" \/>\n\t<meta property=\"og:image:width\" content=\"768\" \/>\n\t<meta property=\"og:image:height\" content=\"823\" \/>\n\t<meta property=\"og:image:type\" content=\"image\/png\" \/>\n<meta name=\"twitter:card\" content=\"summary_large_image\" \/>\n<meta name=\"twitter:label1\" content=\"Dur\u00e9e de lecture estim\u00e9e\" \/>\n\t<meta name=\"twitter:data1\" content=\"1 minute\" \/>\n<script type=\"application\/ld+json\" class=\"yoast-schema-graph\">{\"@context\":\"https:\/\/schema.org\",\"@graph\":[{\"@type\":\"WebPage\",\"@id\":\"https:\/\/dermo.com\/catalogo\/dl21-fungibac\/\",\"url\":\"https:\/\/dermo.com\/catalogo\/dl21-fungibac\/\",\"name\":\"DL 21 Fungibac. Detergente fungicida bactericida viricida - Dermo | F\u00e1brica de detergentes\",\"isPartOf\":{\"@id\":\"https:\/\/dermo.com\/#website\"},\"primaryImageOfPage\":{\"@id\":\"https:\/\/dermo.com\/catalogo\/dl21-fungibac\/#primaryimage\"},\"image\":{\"@id\":\"https:\/\/dermo.com\/catalogo\/dl21-fungibac\/#primaryimage\"},\"thumbnailUrl\":\"https:\/\/dermo.com\/wp-content\/uploads\/2015\/07\/DL-21-Fungibac.png\",\"datePublished\":\"2015-07-28T17:43:53+00:00\",\"dateModified\":\"2025-03-18T08:57:07+00:00\",\"breadcrumb\":{\"@id\":\"https:\/\/dermo.com\/catalogo\/dl21-fungibac\/#breadcrumb\"},\"inLanguage\":\"fr-FR\",\"potentialAction\":[{\"@type\":\"ReadAction\",\"target\":[\"https:\/\/dermo.com\/catalogo\/dl21-fungibac\/\"]}]},{\"@type\":\"ImageObject\",\"inLanguage\":\"fr-FR\",\"@id\":\"https:\/\/dermo.com\/catalogo\/dl21-fungibac\/#primaryimage\",\"url\":\"https:\/\/dermo.com\/wp-content\/uploads\/2015\/07\/DL-21-Fungibac.png\",\"contentUrl\":\"https:\/\/dermo.com\/wp-content\/uploads\/2015\/07\/DL-21-Fungibac.png\",\"width\":768,\"height\":823},{\"@type\":\"BreadcrumbList\",\"@id\":\"https:\/\/dermo.com\/catalogo\/dl21-fungibac\/#breadcrumb\",\"itemListElement\":[{\"@type\":\"ListItem\",\"position\":1,\"name\":\"Portada\",\"item\":\"https:\/\/dermo.com\/\"},{\"@type\":\"ListItem\",\"position\":2,\"name\":\"Tienda\",\"item\":\"https:\/\/dermo.com\/tienda\/\"},{\"@type\":\"ListItem\",\"position\":3,\"name\":\"DL 21 Fungibac. Detergente fungicida bactericida viricida\"}]},{\"@type\":\"WebSite\",\"@id\":\"https:\/\/dermo.com\/#website\",\"url\":\"https:\/\/dermo.com\/\",\"name\":\"Dermo | F\u00e1brica de detergentes\",\"description\":\"Tecnolog\u00eda avanzada, investigaci\u00f3n y desarrollo, respeto por el medio ambiente, competencia, formaci\u00f3n constante y alto nivel de profesionalidad en nuestro equipo humano, empe\u00f1ado en preservar la calidad de vida, la protecci\u00f3n del entorno natural contin\u00faan motiv\u00e1ndonos para desarrollar en nuestros laboratorios nuevos productos con ingredientes activos altamente biodegradables que hacen posible un desarrollo sostenible.\",\"potentialAction\":[{\"@type\":\"SearchAction\",\"target\":{\"@type\":\"EntryPoint\",\"urlTemplate\":\"https:\/\/dermo.com\/?s={search_term_string}\"},\"query-input\":{\"@type\":\"PropertyValueSpecification\",\"valueRequired\":true,\"valueName\":\"search_term_string\"}}],\"inLanguage\":\"fr-FR\"}]}<\/script>\n<!-- \/ Yoast SEO plugin. -->","yoast_head_json":{"title":"DL 21 Fongibac. D\u00e9tergent bact\u00e9ricide virucide fongicide - Dermo | Usine de d\u00e9tergents","robots":{"index":"index","follow":"follow","max-snippet":"max-snippet:-1","max-image-preview":"max-image-preview:large","max-video-preview":"max-video-preview:-1"},"canonical":"https:\/\/dermo.com\/fr\/catalogue\/dl21-fongibac\/","og_locale":"fr_FR","og_type":"article","og_title":"DL 21 Fungibac. Detergente fungicida bactericida viricida - Dermo | F\u00e1brica de detergentes","og_description":"DL 21 Fungibac DL 21 FUNGIBAC es un producto con elevada concentraci\u00f3n en principios activos, especialmente formulado para su uso en la limpieza integral y desinfecci\u00f3n por contacto de superficies y utensilios fuertemente contaminados en la industria alimentaria, hosteler\u00eda, grandes colectividades y superficies e higiene institucional.","og_url":"https:\/\/dermo.com\/fr\/catalogue\/dl21-fongibac\/","og_site_name":"Dermo | F\u00e1brica de detergentes","article_modified_time":"2025-03-18T08:57:07+00:00","og_image":[{"width":768,"height":823,"url":"https:\/\/dermo.com\/wp-content\/uploads\/2015\/07\/DL-21-Fungibac.png","type":"image\/png"}],"twitter_card":"summary_large_image","twitter_misc":{"Dur\u00e9e de lecture estim\u00e9e":"1 minute"},"schema":{"@context":"https:\/\/schema.org","@graph":[{"@type":"WebPage","@id":"https:\/\/dermo.com\/catalogo\/dl21-fungibac\/","url":"https:\/\/dermo.com\/catalogo\/dl21-fungibac\/","name":"DL 21 Fongibac. D\u00e9tergent bact\u00e9ricide virucide fongicide - Dermo | Usine de d\u00e9tergents","isPartOf":{"@id":"https:\/\/dermo.com\/#website"},"primaryImageOfPage":{"@id":"https:\/\/dermo.com\/catalogo\/dl21-fungibac\/#primaryimage"},"image":{"@id":"https:\/\/dermo.com\/catalogo\/dl21-fungibac\/#primaryimage"},"thumbnailUrl":"https:\/\/dermo.com\/wp-content\/uploads\/2015\/07\/DL-21-Fungibac.png","datePublished":"2015-07-28T17:43:53+00:00","dateModified":"2025-03-18T08:57:07+00:00","breadcrumb":{"@id":"https:\/\/dermo.com\/catalogo\/dl21-fungibac\/#breadcrumb"},"inLanguage":"fr-FR","potentialAction":[{"@type":"ReadAction","target":["https:\/\/dermo.com\/catalogo\/dl21-fungibac\/"]}]},{"@type":"ImageObject","inLanguage":"fr-FR","@id":"https:\/\/dermo.com\/catalogo\/dl21-fungibac\/#primaryimage","url":"https:\/\/dermo.com\/wp-content\/uploads\/2015\/07\/DL-21-Fungibac.png","contentUrl":"https:\/\/dermo.com\/wp-content\/uploads\/2015\/07\/DL-21-Fungibac.png","width":768,"height":823},{"@type":"BreadcrumbList","@id":"https:\/\/dermo.com\/catalogo\/dl21-fungibac\/#breadcrumb","itemListElement":[{"@type":"ListItem","position":1,"name":"Portada","item":"https:\/\/dermo.com\/"},{"@type":"ListItem","position":2,"name":"Tienda","item":"https:\/\/dermo.com\/tienda\/"},{"@type":"ListItem","position":3,"name":"DL 21 Fungibac. Detergente fungicida bactericida viricida"}]},{"@type":"WebSite","@id":"https:\/\/dermo.com\/#website","url":"https:\/\/dermo.com\/","name":"Dermo | usine de d\u00e9tergents","description":"Technologie avanc\u00e9e, recherche et d\u00e9veloppement, respect de l&#039;environnement, comp\u00e9tence, formation constante et haut niveau de professionnalisme de notre \u00e9quipe humaine, engag\u00e9e \u00e0 pr\u00e9server la qualit\u00e9 de vie, la protection de l&#039;environnement naturel continuent de nous motiver \u00e0 d\u00e9velopper de nouveaux produits dans notre laboratoires aux principes actifs hautement biod\u00e9gradables qui rendent possible le d\u00e9veloppement durable.","potentialAction":[{"@type":"SearchAction","target":{"@type":"EntryPoint","urlTemplate":"https:\/\/dermo.com\/?s={search_term_string}"},"query-input":{"@type":"PropertyValueSpecification","valueRequired":true,"valueName":"search_term_string"}}],"inLanguage":"fr-FR"}]}},"_links":{"self":[{"href":"https:\/\/dermo.com\/fr\/wp-json\/wp\/v2\/product\/2707","targetHints":{"allow":["GET"]}}],"collection":[{"href":"https:\/\/dermo.com\/fr\/wp-json\/wp\/v2\/product"}],"about":[{"href":"https:\/\/dermo.com\/fr\/wp-json\/wp\/v2\/types\/product"}],"wp:featuredmedia":[{"embeddable":true,"href":"https:\/\/dermo.com\/fr\/wp-json\/wp\/v2\/media\/3851"}],"wp:attachment":[{"href":"https:\/\/dermo.com\/fr\/wp-json\/wp\/v2\/media?parent=2707"}],"wp:term":[{"taxonomy":"product_brand","embeddable":true,"href":"https:\/\/dermo.com\/fr\/wp-json\/wp\/v2\/product_brand?post=2707"},{"taxonomy":"product_cat","embeddable":true,"href":"https:\/\/dermo.com\/fr\/wp-json\/wp\/v2\/product_cat?post=2707"},{"taxonomy":"product_tag","embeddable":true,"href":"https:\/\/dermo.com\/fr\/wp-json\/wp\/v2\/product_tag?post=2707"}],"curies":[{"name":"wp","href":"https:\/\/api.w.org\/{rel}","templated":true}]}}