{"id":2713,"date":"2015-07-29T11:29:34","date_gmt":"2015-07-29T11:29:34","guid":{"rendered":"https:\/\/dermo.ultbit.com\/producto\/dermoclor\/"},"modified":"2024-09-10T09:40:08","modified_gmt":"2024-09-10T07:40:08","slug":"dermochlore","status":"publish","type":"product","link":"https:\/\/dermo.com\/fr\/catalogue\/dermochlore\/","title":{"rendered":"Dermoclor. poudre d\u00e9colorante"},"content":{"rendered":"<p><strong>MODE D'EMPLOI:<\/strong><br \/>\nDoser dans la phase de blanchiment de 2 \u00e0 8 grammes par kilo de v\u00eatements secs aux temp\u00e9ratures entre 40 et 60\u00baC.<br \/>\nPour obtenir une bonne performance du Dermoclor et une d\u00e9t\u00e9rioration minimale des v\u00eatements, la temp\u00e9rature de la solution de lavage doit \u00eatre maintenue entre 40 et 60\u00b0C et le pH au-dessus de 10.<br \/>\nPur un pH inf\u00e9rieur \u00e0 9.5 il y a une plus grande concentration de l'acide hipochlorose , plus agressfi que l\u2019hypochlorite et peut provoquer des dommages cons\u00e9quents sur le linge. Pour un pH de 10.5 l\u2019\u00f3peration de blanchiment devra s\u2019effectuer entre 50 et 55\u00baC.<br \/>\n\u00c0 un pH de 10,5, le blanchiment doit \u00eatre effectu\u00e9 \u00e0 50-55\u00b0C.<br \/>\nNe pas user dans des v\u00eatements avec taches de chlorhexidine. L'hypochlorite avec le chlorhexidine provoque des taches brunes particuli\u00e8rement difficiles \u00e0 nettoyer.<br \/>\nLa combination du Dermoclor avec des produits enzymatiques pourraient ainsi perdre leur efficacit\u00e9.<br \/>\nLors du rin\u00e7age s\u2019assurer que tout le chlore r\u00e9siduel soit neutralis\u00e9 par un agent anti-chlore. Une neutralisation incompl\u00e8te conduira \u00e0 un jaunissement du linge qui sera endommag\u00e9 lors du s\u00e9chage.<br \/>\nDermoclor contient dychloroisocianurates et  sels alcalinsqu'ils r\u00e9duisent les mauvaises odeurs. Attention de bien dissoudre la poudre avant le trempage. La poudre non dissoute peut provoquer des trous d\u2019\u00e9pingle.<br \/>\nNe pas utiliser sur des v\u00eatements en nylon.<\/p>\n<p><strong>CARACT\u00c9RISTIQUES TECHNIQUES<\/strong><br \/>\nAspect: Poudre.<br \/>\nCouleur : blanc.<br \/>\nOdeur: Characteristique.<br \/>\nDensit\u00e9 apparente\u00a0: 0,75-0,94 g\/cc<\/p>\n<p><strong>COMPOSITION<\/strong><br \/>\nAgents de blanchiment chlor\u00e9s, tensioactifs non ioniques.<\/p>\n<p><strong>PR\u00c9SENTATION<\/strong><br \/>\nSeau de plastique:<br \/>\nFORMAT 10 kg<br \/>\nCODE 002DEC10<\/p>\n<table>\n<tbody>\n<tr>\n<td>FORMAT<\/td>\n<td>\u00a0 \u00a0 \u00a010 kg<\/td>\n<\/tr>\n<tr>\n<td>CODE<\/td>\n<td>\u00a0 002DEC10<\/td>\n<\/tr>\n<\/tbody>\n<\/table>\n<p><strong>S\u00c9CURIT\u00c9 \/ TOXICOLOGIE<\/strong><br \/>\nProvoque une grave irritation des yeux. Peut irriter les voies respiratoires. Toxique pour les organismes aquatiques, avec effets<br \/>\nnocif \u00e0 long terme. Ne pas m\u00e9langer avec des acides. Tenir hors de port\u00e9e des enfants. En cas d&#039;accident, consulter<br \/>\nService d&#039;information toxicologique m\u00e9dicale. T\u00e9l. : 915 620 420.<\/p>\n<p><strong>INFORMATIONS COMPL\u00c9MENTAIRES<\/strong><br \/>\nPRODUIT INDUSTRIEL. UTILISATION PROFESSIONNELLE.<\/p>","protected":false},"excerpt":{"rendered":"<h3>Dermoclor<\/h3>\n<p class=\"Estndar\">Agent de blanchiment en poudre \u00e0 base de chlore pour les v\u00eatements blancs sp\u00e9cialement pour l\u2019utilisation en blanchisserie industrielle, blanchisserie d\u2019h\u00f4pital, etc. Il renforce l'action du produit de lavage \u00e9liminant la salet\u00e9 en plus des propri\u00e9t\u00e9s oxydants, d\u00e9sodorisants, blanchissants et  d\u00e9tachants.<\/p>","protected":false},"featured_media":3977,"template":"","meta":{"neve_meta_sidebar":"","neve_meta_container":"","neve_meta_enable_content_width":"off","neve_meta_content_width":100,"neve_meta_title_alignment":"","neve_meta_author_avatar":"","neve_post_elements_order":"","neve_meta_disable_header":"","neve_meta_disable_footer":"","neve_meta_disable_title":""},"product_brand":[],"product_cat":[393,369],"product_tag":[],"class_list":{"0":"post-2713","1":"product","2":"type-product","3":"status-publish","4":"has-post-thumbnail","6":"product_cat-complementos-de-lavado","7":"product_cat-lavanderia","9":"first","10":"instock","11":"shipping-taxable","12":"product-type-simple"},"yoast_head":"<!-- This site is optimized with the Yoast SEO plugin v27.0 - https:\/\/yoast.com\/product\/yoast-seo-wordpress\/ -->\n<title>Dermoclor. Blanqueante en polvo - Dermo | F\u00e1brica de detergentes<\/title>\n<meta name=\"robots\" content=\"index, follow, max-snippet:-1, max-image-preview:large, max-video-preview:-1\" \/>\n<link rel=\"canonical\" href=\"https:\/\/dermo.com\/fr\/catalogue\/dermochlore\/\" \/>\n<meta property=\"og:locale\" content=\"fr_FR\" \/>\n<meta property=\"og:type\" content=\"article\" \/>\n<meta property=\"og:title\" content=\"Dermoclor. Blanqueante en polvo - Dermo | F\u00e1brica de detergentes\" \/>\n<meta property=\"og:description\" content=\"Dermoclor Aditivo blanqueante clorado en polvo para el lavado de ropa blanca especialmente indicado para su uso en lavander\u00edas comerciales, centros hospitalarios, etc. Refuerza la acci\u00f3n del producto de lavado eliminando la suciedad adem\u00e1s de tener propiedades oxidantes, desodorizantes, blanqueadoras y quitamanchas. Puede utilizarse en ropas de color resistentes al cloro tales como ropa para quir\u00f3fano.\" \/>\n<meta property=\"og:url\" content=\"https:\/\/dermo.com\/fr\/catalogue\/dermochlore\/\" \/>\n<meta property=\"og:site_name\" content=\"Dermo | F\u00e1brica de detergentes\" \/>\n<meta property=\"article:modified_time\" content=\"2024-09-10T07:40:08+00:00\" \/>\n<meta property=\"og:image\" content=\"https:\/\/dermo.com\/wp-content\/uploads\/2015\/07\/DL-21-Acibac-10.png\" \/>\n\t<meta property=\"og:image:width\" content=\"768\" \/>\n\t<meta property=\"og:image:height\" content=\"823\" \/>\n\t<meta property=\"og:image:type\" content=\"image\/png\" \/>\n<meta name=\"twitter:card\" content=\"summary_large_image\" \/>\n<meta name=\"twitter:label1\" content=\"Dur\u00e9e de lecture estim\u00e9e\" \/>\n\t<meta name=\"twitter:data1\" content=\"2 minutes\" \/>\n<script type=\"application\/ld+json\" class=\"yoast-schema-graph\">{\"@context\":\"https:\/\/schema.org\",\"@graph\":[{\"@type\":\"WebPage\",\"@id\":\"https:\/\/dermo.com\/catalogo\/dermoclor\/\",\"url\":\"https:\/\/dermo.com\/catalogo\/dermoclor\/\",\"name\":\"Dermoclor. Blanqueante en polvo - Dermo | F\u00e1brica de detergentes\",\"isPartOf\":{\"@id\":\"https:\/\/dermo.com\/#website\"},\"primaryImageOfPage\":{\"@id\":\"https:\/\/dermo.com\/catalogo\/dermoclor\/#primaryimage\"},\"image\":{\"@id\":\"https:\/\/dermo.com\/catalogo\/dermoclor\/#primaryimage\"},\"thumbnailUrl\":\"https:\/\/dermo.com\/wp-content\/uploads\/2015\/07\/DL-21-Acibac-10.png\",\"datePublished\":\"2015-07-29T11:29:34+00:00\",\"dateModified\":\"2024-09-10T07:40:08+00:00\",\"breadcrumb\":{\"@id\":\"https:\/\/dermo.com\/catalogo\/dermoclor\/#breadcrumb\"},\"inLanguage\":\"fr-FR\",\"potentialAction\":[{\"@type\":\"ReadAction\",\"target\":[\"https:\/\/dermo.com\/catalogo\/dermoclor\/\"]}]},{\"@type\":\"ImageObject\",\"inLanguage\":\"fr-FR\",\"@id\":\"https:\/\/dermo.com\/catalogo\/dermoclor\/#primaryimage\",\"url\":\"https:\/\/dermo.com\/wp-content\/uploads\/2015\/07\/DL-21-Acibac-10.png\",\"contentUrl\":\"https:\/\/dermo.com\/wp-content\/uploads\/2015\/07\/DL-21-Acibac-10.png\",\"width\":768,\"height\":823},{\"@type\":\"BreadcrumbList\",\"@id\":\"https:\/\/dermo.com\/catalogo\/dermoclor\/#breadcrumb\",\"itemListElement\":[{\"@type\":\"ListItem\",\"position\":1,\"name\":\"Portada\",\"item\":\"https:\/\/dermo.com\/\"},{\"@type\":\"ListItem\",\"position\":2,\"name\":\"Tienda\",\"item\":\"https:\/\/dermo.com\/tienda\/\"},{\"@type\":\"ListItem\",\"position\":3,\"name\":\"Dermoclor. Blanqueante en polvo\"}]},{\"@type\":\"WebSite\",\"@id\":\"https:\/\/dermo.com\/#website\",\"url\":\"https:\/\/dermo.com\/\",\"name\":\"Dermo | F\u00e1brica de detergentes\",\"description\":\"Tecnolog\u00eda avanzada, investigaci\u00f3n y desarrollo, respeto por el medio ambiente, competencia, formaci\u00f3n constante y alto nivel de profesionalidad en nuestro equipo humano, empe\u00f1ado en preservar la calidad de vida, la protecci\u00f3n del entorno natural contin\u00faan motiv\u00e1ndonos para desarrollar en nuestros laboratorios nuevos productos con ingredientes activos altamente biodegradables que hacen posible un desarrollo sostenible.\",\"potentialAction\":[{\"@type\":\"SearchAction\",\"target\":{\"@type\":\"EntryPoint\",\"urlTemplate\":\"https:\/\/dermo.com\/?s={search_term_string}\"},\"query-input\":{\"@type\":\"PropertyValueSpecification\",\"valueRequired\":true,\"valueName\":\"search_term_string\"}}],\"inLanguage\":\"fr-FR\"}]}<\/script>\n<!-- \/ Yoast SEO plugin. -->","yoast_head_json":{"title":"Dermochlore. Poudre blanchissante - Dermo | usine de d\u00e9tergents","robots":{"index":"index","follow":"follow","max-snippet":"max-snippet:-1","max-image-preview":"max-image-preview:large","max-video-preview":"max-video-preview:-1"},"canonical":"https:\/\/dermo.com\/fr\/catalogue\/dermochlore\/","og_locale":"fr_FR","og_type":"article","og_title":"Dermoclor. Blanqueante en polvo - Dermo | F\u00e1brica de detergentes","og_description":"Dermoclor Aditivo blanqueante clorado en polvo para el lavado de ropa blanca especialmente indicado para su uso en lavander\u00edas comerciales, centros hospitalarios, etc. Refuerza la acci\u00f3n del producto de lavado eliminando la suciedad adem\u00e1s de tener propiedades oxidantes, desodorizantes, blanqueadoras y quitamanchas. Puede utilizarse en ropas de color resistentes al cloro tales como ropa para quir\u00f3fano.","og_url":"https:\/\/dermo.com\/fr\/catalogue\/dermochlore\/","og_site_name":"Dermo | F\u00e1brica de detergentes","article_modified_time":"2024-09-10T07:40:08+00:00","og_image":[{"width":768,"height":823,"url":"https:\/\/dermo.com\/wp-content\/uploads\/2015\/07\/DL-21-Acibac-10.png","type":"image\/png"}],"twitter_card":"summary_large_image","twitter_misc":{"Dur\u00e9e de lecture estim\u00e9e":"2 minutes"},"schema":{"@context":"https:\/\/schema.org","@graph":[{"@type":"WebPage","@id":"https:\/\/dermo.com\/catalogo\/dermoclor\/","url":"https:\/\/dermo.com\/catalogo\/dermoclor\/","name":"Dermochlore. Poudre blanchissante - Dermo | usine de d\u00e9tergents","isPartOf":{"@id":"https:\/\/dermo.com\/#website"},"primaryImageOfPage":{"@id":"https:\/\/dermo.com\/catalogo\/dermoclor\/#primaryimage"},"image":{"@id":"https:\/\/dermo.com\/catalogo\/dermoclor\/#primaryimage"},"thumbnailUrl":"https:\/\/dermo.com\/wp-content\/uploads\/2015\/07\/DL-21-Acibac-10.png","datePublished":"2015-07-29T11:29:34+00:00","dateModified":"2024-09-10T07:40:08+00:00","breadcrumb":{"@id":"https:\/\/dermo.com\/catalogo\/dermoclor\/#breadcrumb"},"inLanguage":"fr-FR","potentialAction":[{"@type":"ReadAction","target":["https:\/\/dermo.com\/catalogo\/dermoclor\/"]}]},{"@type":"ImageObject","inLanguage":"fr-FR","@id":"https:\/\/dermo.com\/catalogo\/dermoclor\/#primaryimage","url":"https:\/\/dermo.com\/wp-content\/uploads\/2015\/07\/DL-21-Acibac-10.png","contentUrl":"https:\/\/dermo.com\/wp-content\/uploads\/2015\/07\/DL-21-Acibac-10.png","width":768,"height":823},{"@type":"BreadcrumbList","@id":"https:\/\/dermo.com\/catalogo\/dermoclor\/#breadcrumb","itemListElement":[{"@type":"ListItem","position":1,"name":"Portada","item":"https:\/\/dermo.com\/"},{"@type":"ListItem","position":2,"name":"Tienda","item":"https:\/\/dermo.com\/tienda\/"},{"@type":"ListItem","position":3,"name":"Dermoclor. Blanqueante en polvo"}]},{"@type":"WebSite","@id":"https:\/\/dermo.com\/#website","url":"https:\/\/dermo.com\/","name":"Dermo | usine de d\u00e9tergents","description":"Technologie avanc\u00e9e, recherche et d\u00e9veloppement, respect de l&#039;environnement, comp\u00e9tence, formation constante et haut niveau de professionnalisme de notre \u00e9quipe humaine, engag\u00e9e \u00e0 pr\u00e9server la qualit\u00e9 de vie, la protection de l&#039;environnement naturel continuent de nous motiver \u00e0 d\u00e9velopper de nouveaux produits dans notre laboratoires aux principes actifs hautement biod\u00e9gradables qui rendent possible le d\u00e9veloppement durable.","potentialAction":[{"@type":"SearchAction","target":{"@type":"EntryPoint","urlTemplate":"https:\/\/dermo.com\/?s={search_term_string}"},"query-input":{"@type":"PropertyValueSpecification","valueRequired":true,"valueName":"search_term_string"}}],"inLanguage":"fr-FR"}]}},"_links":{"self":[{"href":"https:\/\/dermo.com\/fr\/wp-json\/wp\/v2\/product\/2713","targetHints":{"allow":["GET"]}}],"collection":[{"href":"https:\/\/dermo.com\/fr\/wp-json\/wp\/v2\/product"}],"about":[{"href":"https:\/\/dermo.com\/fr\/wp-json\/wp\/v2\/types\/product"}],"wp:featuredmedia":[{"embeddable":true,"href":"https:\/\/dermo.com\/fr\/wp-json\/wp\/v2\/media\/3977"}],"wp:attachment":[{"href":"https:\/\/dermo.com\/fr\/wp-json\/wp\/v2\/media?parent=2713"}],"wp:term":[{"taxonomy":"product_brand","embeddable":true,"href":"https:\/\/dermo.com\/fr\/wp-json\/wp\/v2\/product_brand?post=2713"},{"taxonomy":"product_cat","embeddable":true,"href":"https:\/\/dermo.com\/fr\/wp-json\/wp\/v2\/product_cat?post=2713"},{"taxonomy":"product_tag","embeddable":true,"href":"https:\/\/dermo.com\/fr\/wp-json\/wp\/v2\/product_tag?post=2713"}],"curies":[{"name":"wp","href":"https:\/\/api.w.org\/{rel}","templated":true}]}}