{"id":2738,"date":"2015-07-29T15:48:31","date_gmt":"2015-07-29T15:48:31","guid":{"rendered":"https:\/\/dermo.ultbit.com\/producto\/star-gres-pino\/"},"modified":"2025-05-14T12:21:30","modified_gmt":"2025-05-14T10:21:30","slug":"etoile-gres-pin","status":"publish","type":"product","link":"https:\/\/dermo.com\/fr\/catalogue\/etoile-gres-pin\/","title":{"rendered":"Star Gres Pino. Nettoyant sols gr\u00e8s"},"content":{"rendered":"<p><strong>MODE D'EMPLOI:<\/strong><br \/>\nMesurer STAR-GRES PINE dilu\u00e9 de 0,5 \u00e0 2% dans l&#039;eau du seau de lavage.<br \/>\nPas besoin de rincer.<\/p>\n<p><strong>CARACT\u00c9RISTIQUES TECHNIQUES<\/strong><br \/>\nAspect: Liquide.<br \/>\nColeur: Vert<br \/>\nOdeur: Pin.<br \/>\npH pur\u00a0: 7-8,5<br \/>\nDensit\u00e9 : 0,99 \u2013 1,00 g\/cc.<\/p>\n<p><strong>COMPOSITION<\/strong><br \/>\nSolution glycolique de tensioactifs, s\u00e9questrants, colorant et parfum.<\/p>\n<p><strong>PR\u00c9SENTATION<\/strong><br \/>\nEmballages de plastique:<\/p>\n<table>\n<tbody>\n<tr>\n<td>FORMAT<\/td>\n<td><\/td>\n<td>\u00a0 \u00a0 \u00a0 5 kg<\/td>\n<\/tr>\n<tr>\n<td>CODE<\/td>\n<td><\/td>\n<td>\u00a0 \u00a0004STP05<\/td>\n<\/tr>\n<\/tbody>\n<\/table>\n<p><strong>S\u00c9CURIT\u00c9 \/ TOXICOLOGIE<\/strong><br \/>\nProvoque une grave irritation des yeux. Tenir hors de port\u00e9e des enfants.<br \/>\nEn cas d&#039;accident, consulter le Service d&#039;Information M\u00e9dicale Toxicologique. T\u00e9l. : 915 620 420.<\/p>\n<p><strong>INFORMATIONS COMPL\u00c9MENTAIRES<\/strong><br \/>\nPRODUIT INDUSTRIEL. UTILISATION PROFESSIONNELLE.<\/p>","protected":false},"excerpt":{"rendered":"<p class=\"Estndar\">D\u00e9tergent liquide sp\u00e9cialement indiqu\u00e9 pour le nettoyage de surfaces de gr\u00e8s, cer\u00e1mique, careaux, etc. Il ne laisse pas de traces apr\u00e8s sechage, et parfume avec un ar\u00f4me persistant. Il a un grand pouvoir d\u00e9tergent. Il bruni avec un \u00e9clat naturel.<\/p>","protected":false},"featured_media":4213,"template":"","meta":{"neve_meta_sidebar":"","neve_meta_container":"","neve_meta_enable_content_width":"off","neve_meta_content_width":100,"neve_meta_title_alignment":"","neve_meta_author_avatar":"","neve_post_elements_order":"","neve_meta_disable_header":"","neve_meta_disable_footer":"","neve_meta_disable_title":""},"product_brand":[],"product_cat":[381],"product_tag":[],"class_list":{"0":"post-2738","1":"product","2":"type-product","3":"status-publish","4":"has-post-thumbnail","6":"product_cat-tratamiento-de-suelos","8":"first","9":"instock","10":"shipping-taxable","11":"product-type-simple"},"yoast_head":"<!-- This site is optimized with the Yoast SEO plugin v27.0 - https:\/\/yoast.com\/product\/yoast-seo-wordpress\/ -->\n<title>Star Gres Pino. Fregasuelos especial gres - Dermo | F\u00e1brica de detergentes<\/title>\n<meta name=\"robots\" content=\"index, follow, max-snippet:-1, max-image-preview:large, max-video-preview:-1\" \/>\n<link rel=\"canonical\" href=\"https:\/\/dermo.com\/fr\/catalogue\/etoile-gres-pin\/\" \/>\n<meta property=\"og:locale\" content=\"fr_FR\" \/>\n<meta property=\"og:type\" content=\"article\" \/>\n<meta property=\"og:title\" content=\"Star Gres Pino. Fregasuelos especial gres - Dermo | F\u00e1brica de detergentes\" \/>\n<meta property=\"og:description\" content=\"Fregasuelos especialmente indicado para la limpieza de superficies de gres, cer\u00e1mica, azulejos, etc. No deja marcas al secarse y perfuma con un aroma persistente. Tiene gran poder detergente. Abrillanta con brillo natural.\" \/>\n<meta property=\"og:url\" content=\"https:\/\/dermo.com\/fr\/catalogue\/etoile-gres-pin\/\" \/>\n<meta property=\"og:site_name\" content=\"Dermo | F\u00e1brica de detergentes\" \/>\n<meta property=\"article:modified_time\" content=\"2025-05-14T10:21:30+00:00\" \/>\n<meta property=\"og:image\" content=\"https:\/\/dermo.com\/wp-content\/uploads\/2015\/07\/Star-Gres-Pino.-Fregasuelos-Especial-Gres.png\" \/>\n\t<meta property=\"og:image:width\" content=\"768\" \/>\n\t<meta property=\"og:image:height\" content=\"823\" \/>\n\t<meta property=\"og:image:type\" content=\"image\/png\" \/>\n<meta name=\"twitter:card\" content=\"summary_large_image\" \/>\n<meta name=\"twitter:label1\" content=\"Dur\u00e9e de lecture estim\u00e9e\" \/>\n\t<meta name=\"twitter:data1\" content=\"1 minute\" \/>\n<script type=\"application\/ld+json\" class=\"yoast-schema-graph\">{\"@context\":\"https:\/\/schema.org\",\"@graph\":[{\"@type\":\"WebPage\",\"@id\":\"https:\/\/dermo.com\/catalogo\/star-gres-pino\/\",\"url\":\"https:\/\/dermo.com\/catalogo\/star-gres-pino\/\",\"name\":\"Star Gres Pino. Fregasuelos especial gres - Dermo | F\u00e1brica de detergentes\",\"isPartOf\":{\"@id\":\"https:\/\/dermo.com\/#website\"},\"primaryImageOfPage\":{\"@id\":\"https:\/\/dermo.com\/catalogo\/star-gres-pino\/#primaryimage\"},\"image\":{\"@id\":\"https:\/\/dermo.com\/catalogo\/star-gres-pino\/#primaryimage\"},\"thumbnailUrl\":\"https:\/\/dermo.com\/wp-content\/uploads\/2015\/07\/Star-Gres-Pino.-Fregasuelos-Especial-Gres.png\",\"datePublished\":\"2015-07-29T15:48:31+00:00\",\"dateModified\":\"2025-05-14T10:21:30+00:00\",\"breadcrumb\":{\"@id\":\"https:\/\/dermo.com\/catalogo\/star-gres-pino\/#breadcrumb\"},\"inLanguage\":\"fr-FR\",\"potentialAction\":[{\"@type\":\"ReadAction\",\"target\":[\"https:\/\/dermo.com\/catalogo\/star-gres-pino\/\"]}]},{\"@type\":\"ImageObject\",\"inLanguage\":\"fr-FR\",\"@id\":\"https:\/\/dermo.com\/catalogo\/star-gres-pino\/#primaryimage\",\"url\":\"https:\/\/dermo.com\/wp-content\/uploads\/2015\/07\/Star-Gres-Pino.-Fregasuelos-Especial-Gres.png\",\"contentUrl\":\"https:\/\/dermo.com\/wp-content\/uploads\/2015\/07\/Star-Gres-Pino.-Fregasuelos-Especial-Gres.png\",\"width\":768,\"height\":823},{\"@type\":\"BreadcrumbList\",\"@id\":\"https:\/\/dermo.com\/catalogo\/star-gres-pino\/#breadcrumb\",\"itemListElement\":[{\"@type\":\"ListItem\",\"position\":1,\"name\":\"Portada\",\"item\":\"https:\/\/dermo.com\/\"},{\"@type\":\"ListItem\",\"position\":2,\"name\":\"Tienda\",\"item\":\"https:\/\/dermo.com\/tienda\/\"},{\"@type\":\"ListItem\",\"position\":3,\"name\":\"Star Gres Pino. Fregasuelos especial gres\"}]},{\"@type\":\"WebSite\",\"@id\":\"https:\/\/dermo.com\/#website\",\"url\":\"https:\/\/dermo.com\/\",\"name\":\"Dermo | F\u00e1brica de detergentes\",\"description\":\"Tecnolog\u00eda avanzada, investigaci\u00f3n y desarrollo, respeto por el medio ambiente, competencia, formaci\u00f3n constante y alto nivel de profesionalidad en nuestro equipo humano, empe\u00f1ado en preservar la calidad de vida, la protecci\u00f3n del entorno natural contin\u00faan motiv\u00e1ndonos para desarrollar en nuestros laboratorios nuevos productos con ingredientes activos altamente biodegradables que hacen posible un desarrollo sostenible.\",\"potentialAction\":[{\"@type\":\"SearchAction\",\"target\":{\"@type\":\"EntryPoint\",\"urlTemplate\":\"https:\/\/dermo.com\/?s={search_term_string}\"},\"query-input\":{\"@type\":\"PropertyValueSpecification\",\"valueRequired\":true,\"valueName\":\"search_term_string\"}}],\"inLanguage\":\"fr-FR\"}]}<\/script>\n<!-- \/ Yoast SEO plugin. -->","yoast_head_json":{"title":"Pin en gr\u00e8s \u00e9toil\u00e9. Nettoyant sp\u00e9cial sols en gr\u00e8s - Dermo | usine de d\u00e9tergents","robots":{"index":"index","follow":"follow","max-snippet":"max-snippet:-1","max-image-preview":"max-image-preview:large","max-video-preview":"max-video-preview:-1"},"canonical":"https:\/\/dermo.com\/fr\/catalogue\/etoile-gres-pin\/","og_locale":"fr_FR","og_type":"article","og_title":"Star Gres Pino. Fregasuelos especial gres - Dermo | F\u00e1brica de detergentes","og_description":"Fregasuelos especialmente indicado para la limpieza de superficies de gres, cer\u00e1mica, azulejos, etc. No deja marcas al secarse y perfuma con un aroma persistente. Tiene gran poder detergente. Abrillanta con brillo natural.","og_url":"https:\/\/dermo.com\/fr\/catalogue\/etoile-gres-pin\/","og_site_name":"Dermo | F\u00e1brica de detergentes","article_modified_time":"2025-05-14T10:21:30+00:00","og_image":[{"width":768,"height":823,"url":"https:\/\/dermo.com\/wp-content\/uploads\/2015\/07\/Star-Gres-Pino.-Fregasuelos-Especial-Gres.png","type":"image\/png"}],"twitter_card":"summary_large_image","twitter_misc":{"Dur\u00e9e de lecture estim\u00e9e":"1 minute"},"schema":{"@context":"https:\/\/schema.org","@graph":[{"@type":"WebPage","@id":"https:\/\/dermo.com\/catalogo\/star-gres-pino\/","url":"https:\/\/dermo.com\/catalogo\/star-gres-pino\/","name":"Pin en gr\u00e8s \u00e9toil\u00e9. Nettoyant sp\u00e9cial sols en gr\u00e8s - Dermo | usine de d\u00e9tergents","isPartOf":{"@id":"https:\/\/dermo.com\/#website"},"primaryImageOfPage":{"@id":"https:\/\/dermo.com\/catalogo\/star-gres-pino\/#primaryimage"},"image":{"@id":"https:\/\/dermo.com\/catalogo\/star-gres-pino\/#primaryimage"},"thumbnailUrl":"https:\/\/dermo.com\/wp-content\/uploads\/2015\/07\/Star-Gres-Pino.-Fregasuelos-Especial-Gres.png","datePublished":"2015-07-29T15:48:31+00:00","dateModified":"2025-05-14T10:21:30+00:00","breadcrumb":{"@id":"https:\/\/dermo.com\/catalogo\/star-gres-pino\/#breadcrumb"},"inLanguage":"fr-FR","potentialAction":[{"@type":"ReadAction","target":["https:\/\/dermo.com\/catalogo\/star-gres-pino\/"]}]},{"@type":"ImageObject","inLanguage":"fr-FR","@id":"https:\/\/dermo.com\/catalogo\/star-gres-pino\/#primaryimage","url":"https:\/\/dermo.com\/wp-content\/uploads\/2015\/07\/Star-Gres-Pino.-Fregasuelos-Especial-Gres.png","contentUrl":"https:\/\/dermo.com\/wp-content\/uploads\/2015\/07\/Star-Gres-Pino.-Fregasuelos-Especial-Gres.png","width":768,"height":823},{"@type":"BreadcrumbList","@id":"https:\/\/dermo.com\/catalogo\/star-gres-pino\/#breadcrumb","itemListElement":[{"@type":"ListItem","position":1,"name":"Portada","item":"https:\/\/dermo.com\/"},{"@type":"ListItem","position":2,"name":"Tienda","item":"https:\/\/dermo.com\/tienda\/"},{"@type":"ListItem","position":3,"name":"Star Gres Pino. Fregasuelos especial gres"}]},{"@type":"WebSite","@id":"https:\/\/dermo.com\/#website","url":"https:\/\/dermo.com\/","name":"Dermo | usine de d\u00e9tergents","description":"Technologie avanc\u00e9e, recherche et d\u00e9veloppement, respect de l&#039;environnement, comp\u00e9tence, formation constante et haut niveau de professionnalisme de notre \u00e9quipe humaine, engag\u00e9e \u00e0 pr\u00e9server la qualit\u00e9 de vie, la protection de l&#039;environnement naturel continuent de nous motiver \u00e0 d\u00e9velopper de nouveaux produits dans notre laboratoires aux principes actifs hautement biod\u00e9gradables qui rendent possible le d\u00e9veloppement durable.","potentialAction":[{"@type":"SearchAction","target":{"@type":"EntryPoint","urlTemplate":"https:\/\/dermo.com\/?s={search_term_string}"},"query-input":{"@type":"PropertyValueSpecification","valueRequired":true,"valueName":"search_term_string"}}],"inLanguage":"fr-FR"}]}},"_links":{"self":[{"href":"https:\/\/dermo.com\/fr\/wp-json\/wp\/v2\/product\/2738","targetHints":{"allow":["GET"]}}],"collection":[{"href":"https:\/\/dermo.com\/fr\/wp-json\/wp\/v2\/product"}],"about":[{"href":"https:\/\/dermo.com\/fr\/wp-json\/wp\/v2\/types\/product"}],"wp:featuredmedia":[{"embeddable":true,"href":"https:\/\/dermo.com\/fr\/wp-json\/wp\/v2\/media\/4213"}],"wp:attachment":[{"href":"https:\/\/dermo.com\/fr\/wp-json\/wp\/v2\/media?parent=2738"}],"wp:term":[{"taxonomy":"product_brand","embeddable":true,"href":"https:\/\/dermo.com\/fr\/wp-json\/wp\/v2\/product_brand?post=2738"},{"taxonomy":"product_cat","embeddable":true,"href":"https:\/\/dermo.com\/fr\/wp-json\/wp\/v2\/product_cat?post=2738"},{"taxonomy":"product_tag","embeddable":true,"href":"https:\/\/dermo.com\/fr\/wp-json\/wp\/v2\/product_tag?post=2738"}],"curies":[{"name":"wp","href":"https:\/\/api.w.org\/{rel}","templated":true}]}}