{"id":2750,"date":"2015-07-31T10:40:52","date_gmt":"2015-07-31T10:40:52","guid":{"rendered":"https:\/\/dermo.ultbit.com\/producto\/bril-mop\/"},"modified":"2025-05-15T16:24:36","modified_gmt":"2025-05-15T14:24:36","slug":"bril-mop","status":"publish","type":"product","link":"https:\/\/dermo.com\/fr\/catalogue\/bril-mop\/","title":{"rendered":"Bril Mop. Depoussierant"},"content":{"rendered":"<p><strong>MODE D'EMPLOI:<\/strong><br \/>\nPulv\u00e9riser le produit pur sur le balai plac\u00e9 \u00e0 environ 25 cm de distance et le laisser p\u00e9n\u00e9trer quelques minutes avant de passer le balai sur la surface \u00e0 traiter.<\/p>\n<p class=\"Estndar\"><strong><span lang=\"es\" xml:lang=\"es\">CARACT\u00c9RISTIQUES TECHNIQUES:<\/span>CARACT\u00c9RISTIQUES TECHNIQUES:<\/strong><br \/>\nAspect: Liquide.<br \/>\nColeur: Vert<br \/>\nOdeur: Fruit\u00e9e.<br \/>\nDensit\u00e9 : 0,90-1,00 g\/cc.<\/p>\n<p><strong>PR\u00c9SENTATION:<\/strong><br \/>\nEmballage de plastique:<\/p>\n<table>\n<tbody>\n<tr>\n<td>FORMAT<\/td>\n<td>\u00a0 \u00a0 \u00a0 \u00a01L<\/td>\n<\/tr>\n<tr>\n<td>CODE<\/td>\n<td>\u00a0 \u00a0004BRM01<\/td>\n<\/tr>\n<\/tbody>\n<\/table>","protected":false},"excerpt":{"rendered":"<p class=\"Estndar\">Produit qui appliqu\u00e9 sur les grand balais permet le captage de poussi\u00e8re et maintient le brillant. Il contient huile d\u2019avocat qui prot\u00e8ge le sol.<\/p>\n<p class=\"Estndar\"><span lang=\"es\" xml:lang=\"es\">Convient \u00e0 tous les types de parquets, terrazzo, mosa\u00efques, surfaces en marbre, etc.<\/span><\/p>","protected":false},"featured_media":2749,"template":"","meta":{"neve_meta_sidebar":"","neve_meta_container":"","neve_meta_enable_content_width":"off","neve_meta_content_width":100,"neve_meta_title_alignment":"","neve_meta_author_avatar":"","neve_post_elements_order":"","neve_meta_disable_header":"","neve_meta_disable_footer":"","neve_meta_disable_title":""},"product_brand":[],"product_cat":[381],"product_tag":[],"class_list":{"0":"post-2750","1":"product","2":"type-product","3":"status-publish","4":"has-post-thumbnail","6":"product_cat-tratamiento-de-suelos","8":"first","9":"instock","10":"shipping-taxable","11":"product-type-simple"},"yoast_head":"<!-- This site is optimized with the Yoast SEO plugin v27.0 - https:\/\/yoast.com\/product\/yoast-seo-wordpress\/ -->\n<title>Bril Mop. Captador de polvo - Dermo | F\u00e1brica de detergentes<\/title>\n<meta name=\"robots\" content=\"index, follow, max-snippet:-1, max-image-preview:large, max-video-preview:-1\" \/>\n<link rel=\"canonical\" href=\"https:\/\/dermo.com\/fr\/catalogue\/bril-mop\/\" \/>\n<meta property=\"og:locale\" content=\"fr_FR\" \/>\n<meta property=\"og:type\" content=\"article\" \/>\n<meta property=\"og:title\" content=\"Bril Mop. Captador de polvo - Dermo | F\u00e1brica de detergentes\" \/>\n<meta property=\"og:description\" content=\"Producto que aplicado a las mopas permite la captaci\u00f3n de polvo y mantiene el brillo. Contiene aceite de aguacate que protege el suelo y abrillanta con brillo natural. Id\u00f3neo para toda clase de superficies de parquet, terrazo, mosaico, m\u00e1rmol...\" \/>\n<meta property=\"og:url\" content=\"https:\/\/dermo.com\/fr\/catalogue\/bril-mop\/\" \/>\n<meta property=\"og:site_name\" content=\"Dermo | F\u00e1brica de detergentes\" \/>\n<meta property=\"article:modified_time\" content=\"2025-05-15T14:24:36+00:00\" \/>\n<meta property=\"og:image\" content=\"https:\/\/dermo.com\/wp-content\/uploads\/2015\/07\/152-Bril-mop.jpg\" \/>\n\t<meta property=\"og:image:width\" content=\"768\" \/>\n\t<meta property=\"og:image:height\" content=\"823\" \/>\n\t<meta property=\"og:image:type\" content=\"image\/jpeg\" \/>\n<meta name=\"twitter:card\" content=\"summary_large_image\" \/>\n<meta name=\"twitter:label1\" content=\"Dur\u00e9e de lecture estim\u00e9e\" \/>\n\t<meta name=\"twitter:data1\" content=\"1 minute\" \/>\n<script type=\"application\/ld+json\" class=\"yoast-schema-graph\">{\"@context\":\"https:\/\/schema.org\",\"@graph\":[{\"@type\":\"WebPage\",\"@id\":\"https:\/\/dermo.com\/catalogo\/bril-mop\/\",\"url\":\"https:\/\/dermo.com\/catalogo\/bril-mop\/\",\"name\":\"Bril Mop. Captador de polvo - Dermo | F\u00e1brica de detergentes\",\"isPartOf\":{\"@id\":\"https:\/\/dermo.com\/#website\"},\"primaryImageOfPage\":{\"@id\":\"https:\/\/dermo.com\/catalogo\/bril-mop\/#primaryimage\"},\"image\":{\"@id\":\"https:\/\/dermo.com\/catalogo\/bril-mop\/#primaryimage\"},\"thumbnailUrl\":\"https:\/\/dermo.com\/wp-content\/uploads\/2015\/07\/152-Bril-mop.jpg\",\"datePublished\":\"2015-07-31T10:40:52+00:00\",\"dateModified\":\"2025-05-15T14:24:36+00:00\",\"breadcrumb\":{\"@id\":\"https:\/\/dermo.com\/catalogo\/bril-mop\/#breadcrumb\"},\"inLanguage\":\"fr-FR\",\"potentialAction\":[{\"@type\":\"ReadAction\",\"target\":[\"https:\/\/dermo.com\/catalogo\/bril-mop\/\"]}]},{\"@type\":\"ImageObject\",\"inLanguage\":\"fr-FR\",\"@id\":\"https:\/\/dermo.com\/catalogo\/bril-mop\/#primaryimage\",\"url\":\"https:\/\/dermo.com\/wp-content\/uploads\/2015\/07\/152-Bril-mop.jpg\",\"contentUrl\":\"https:\/\/dermo.com\/wp-content\/uploads\/2015\/07\/152-Bril-mop.jpg\",\"width\":768,\"height\":823,\"caption\":\"Bril mop\"},{\"@type\":\"BreadcrumbList\",\"@id\":\"https:\/\/dermo.com\/catalogo\/bril-mop\/#breadcrumb\",\"itemListElement\":[{\"@type\":\"ListItem\",\"position\":1,\"name\":\"Portada\",\"item\":\"https:\/\/dermo.com\/\"},{\"@type\":\"ListItem\",\"position\":2,\"name\":\"Tienda\",\"item\":\"https:\/\/dermo.com\/tienda\/\"},{\"@type\":\"ListItem\",\"position\":3,\"name\":\"Bril Mop. Captador de polvo\"}]},{\"@type\":\"WebSite\",\"@id\":\"https:\/\/dermo.com\/#website\",\"url\":\"https:\/\/dermo.com\/\",\"name\":\"Dermo | F\u00e1brica de detergentes\",\"description\":\"Tecnolog\u00eda avanzada, investigaci\u00f3n y desarrollo, respeto por el medio ambiente, competencia, formaci\u00f3n constante y alto nivel de profesionalidad en nuestro equipo humano, empe\u00f1ado en preservar la calidad de vida, la protecci\u00f3n del entorno natural contin\u00faan motiv\u00e1ndonos para desarrollar en nuestros laboratorios nuevos productos con ingredientes activos altamente biodegradables que hacen posible un desarrollo sostenible.\",\"potentialAction\":[{\"@type\":\"SearchAction\",\"target\":{\"@type\":\"EntryPoint\",\"urlTemplate\":\"https:\/\/dermo.com\/?s={search_term_string}\"},\"query-input\":{\"@type\":\"PropertyValueSpecification\",\"valueRequired\":true,\"valueName\":\"search_term_string\"}}],\"inLanguage\":\"fr-FR\"}]}<\/script>\n<!-- \/ Yoast SEO plugin. -->","yoast_head_json":{"title":"Bril vadrouille. D\u00e9poussi\u00e9reur - Dermo | usine de d\u00e9tergents","robots":{"index":"index","follow":"follow","max-snippet":"max-snippet:-1","max-image-preview":"max-image-preview:large","max-video-preview":"max-video-preview:-1"},"canonical":"https:\/\/dermo.com\/fr\/catalogue\/bril-mop\/","og_locale":"fr_FR","og_type":"article","og_title":"Bril Mop. Captador de polvo - Dermo | F\u00e1brica de detergentes","og_description":"Producto que aplicado a las mopas permite la captaci\u00f3n de polvo y mantiene el brillo. Contiene aceite de aguacate que protege el suelo y abrillanta con brillo natural. Id\u00f3neo para toda clase de superficies de parquet, terrazo, mosaico, m\u00e1rmol...","og_url":"https:\/\/dermo.com\/fr\/catalogue\/bril-mop\/","og_site_name":"Dermo | F\u00e1brica de detergentes","article_modified_time":"2025-05-15T14:24:36+00:00","og_image":[{"width":768,"height":823,"url":"https:\/\/dermo.com\/wp-content\/uploads\/2015\/07\/152-Bril-mop.jpg","type":"image\/jpeg"}],"twitter_card":"summary_large_image","twitter_misc":{"Dur\u00e9e de lecture estim\u00e9e":"1 minute"},"schema":{"@context":"https:\/\/schema.org","@graph":[{"@type":"WebPage","@id":"https:\/\/dermo.com\/catalogo\/bril-mop\/","url":"https:\/\/dermo.com\/catalogo\/bril-mop\/","name":"Bril vadrouille. D\u00e9poussi\u00e9reur - Dermo | usine de d\u00e9tergents","isPartOf":{"@id":"https:\/\/dermo.com\/#website"},"primaryImageOfPage":{"@id":"https:\/\/dermo.com\/catalogo\/bril-mop\/#primaryimage"},"image":{"@id":"https:\/\/dermo.com\/catalogo\/bril-mop\/#primaryimage"},"thumbnailUrl":"https:\/\/dermo.com\/wp-content\/uploads\/2015\/07\/152-Bril-mop.jpg","datePublished":"2015-07-31T10:40:52+00:00","dateModified":"2025-05-15T14:24:36+00:00","breadcrumb":{"@id":"https:\/\/dermo.com\/catalogo\/bril-mop\/#breadcrumb"},"inLanguage":"fr-FR","potentialAction":[{"@type":"ReadAction","target":["https:\/\/dermo.com\/catalogo\/bril-mop\/"]}]},{"@type":"ImageObject","inLanguage":"fr-FR","@id":"https:\/\/dermo.com\/catalogo\/bril-mop\/#primaryimage","url":"https:\/\/dermo.com\/wp-content\/uploads\/2015\/07\/152-Bril-mop.jpg","contentUrl":"https:\/\/dermo.com\/wp-content\/uploads\/2015\/07\/152-Bril-mop.jpg","width":768,"height":823,"caption":"Bril mop"},{"@type":"BreadcrumbList","@id":"https:\/\/dermo.com\/catalogo\/bril-mop\/#breadcrumb","itemListElement":[{"@type":"ListItem","position":1,"name":"Portada","item":"https:\/\/dermo.com\/"},{"@type":"ListItem","position":2,"name":"Tienda","item":"https:\/\/dermo.com\/tienda\/"},{"@type":"ListItem","position":3,"name":"Bril Mop. Captador de polvo"}]},{"@type":"WebSite","@id":"https:\/\/dermo.com\/#website","url":"https:\/\/dermo.com\/","name":"Dermo | usine de d\u00e9tergents","description":"Technologie avanc\u00e9e, recherche et d\u00e9veloppement, respect de l&#039;environnement, comp\u00e9tence, formation constante et haut niveau de professionnalisme de notre \u00e9quipe humaine, engag\u00e9e \u00e0 pr\u00e9server la qualit\u00e9 de vie, la protection de l&#039;environnement naturel continuent de nous motiver \u00e0 d\u00e9velopper de nouveaux produits dans notre laboratoires aux principes actifs hautement biod\u00e9gradables qui rendent possible le d\u00e9veloppement durable.","potentialAction":[{"@type":"SearchAction","target":{"@type":"EntryPoint","urlTemplate":"https:\/\/dermo.com\/?s={search_term_string}"},"query-input":{"@type":"PropertyValueSpecification","valueRequired":true,"valueName":"search_term_string"}}],"inLanguage":"fr-FR"}]}},"_links":{"self":[{"href":"https:\/\/dermo.com\/fr\/wp-json\/wp\/v2\/product\/2750","targetHints":{"allow":["GET"]}}],"collection":[{"href":"https:\/\/dermo.com\/fr\/wp-json\/wp\/v2\/product"}],"about":[{"href":"https:\/\/dermo.com\/fr\/wp-json\/wp\/v2\/types\/product"}],"wp:featuredmedia":[{"embeddable":true,"href":"https:\/\/dermo.com\/fr\/wp-json\/wp\/v2\/media\/2749"}],"wp:attachment":[{"href":"https:\/\/dermo.com\/fr\/wp-json\/wp\/v2\/media?parent=2750"}],"wp:term":[{"taxonomy":"product_brand","embeddable":true,"href":"https:\/\/dermo.com\/fr\/wp-json\/wp\/v2\/product_brand?post=2750"},{"taxonomy":"product_cat","embeddable":true,"href":"https:\/\/dermo.com\/fr\/wp-json\/wp\/v2\/product_cat?post=2750"},{"taxonomy":"product_tag","embeddable":true,"href":"https:\/\/dermo.com\/fr\/wp-json\/wp\/v2\/product_tag?post=2750"}],"curies":[{"name":"wp","href":"https:\/\/api.w.org\/{rel}","templated":true}]}}