{"id":2766,"date":"2015-08-03T10:35:57","date_gmt":"2015-08-03T10:35:57","guid":{"rendered":"https:\/\/dermo.ultbit.com\/producto\/gelmanf\/"},"modified":"2025-03-26T12:46:51","modified_gmt":"2025-03-26T11:46:51","slug":"gelmanf","status":"publish","type":"product","link":"https:\/\/dermo.com\/fr\/catalogue\/gelmanf\/","title":{"rendered":"Gelman F. Gel pour les mains"},"content":{"rendered":"<p><strong>MODE D'EMPLOI:<\/strong><br \/>\nAppliquer directement sur les mains en quantit\u00e9 suffisante selon leur degr\u00e9 de salet\u00e9.<br \/>\neux-m\u00eames. On peut l\u2019appliquer avec un appareil doseur.<\/p>\n<p><strong>CARACT\u00c9RISTIQUES TECHNIQUES<\/strong><br \/>\nAspect: Liquide dense.<br \/>\nCouleur: Rose.<br \/>\nOdeur : Fraise.<br \/>\npH pur : 5,5 \u2013 6,5.<\/p>\n<p><strong>COMPOSITION<\/strong><br \/>\nAQUA, LAURETH SULFATE DE SODIUM, COCAMIDE DEA, CHLORURE DE SODIUM, COCAMIDOPROPYL BETAINE,<br \/>\nGLYCERINE, TETRASODIUM EDTA, ACIDE CITRIQUE, PARFUM, METHYLCHLOROISOTHIAZOLINONE,<br \/>\nM\u00c9THYLISOTHIAZOLINONE, CI 45100<\/p>\n<p><strong>PR\u00c9SENTATION<\/strong><br \/>\nEmballage de plastique:<\/p>\n<table>\n<tbody>\n<tr>\n<td>FORMAT<\/td>\n<td>\u00a0 \u00a0 \u00a0500 ml<\/td>\n<td>\u00a0 \u00a0 \u00a0 \u00a0 5 kg<\/td>\n<\/tr>\n<tr>\n<td>CODE<\/td>\n<td>\u00a0 \u00a0006GEF00<\/td>\n<td>\u00a0 \u00a0 006FEM05<\/td>\n<\/tr>\n<\/tbody>\n<\/table>\n<p><strong>S\u00c9CURIT\u00c9 \/ TOXICOLOGIE<\/strong><br \/>\nEn cas d&#039;accident, consulter le Service d&#039;Information M\u00e9dicale Toxicologique. T\u00e9l. : 915 620 420.<\/p>\n<p><strong>INFORMATIONS COMPL\u00c9MENTAIRES<\/strong><br \/>\nPRODUIT COSM\u00c9TIQUE.<\/p>","protected":false},"excerpt":{"rendered":"<h3>Gelman F.<\/h3>\n<p class=\"Estndar\">Gel lave-mains parfum\u00e9e sp\u00e9cialement fait pour un usage constant dans des h\u00f4tels, gymnases, cr\u00e8ches, etc...<\/p>\n<table>\n<tbody>\n<tr>\n<td style=\"width: 100%;\">\n<div class=\"video-section\">\n<p class=\"Estndar\"><span lang=\"es\" xml:lang=\"es\"><strong>Vid\u00e9os d&#039;application d&#039;hygi\u00e8ne personnelle\u00a0:<\/strong><\/span><\/p>\n<details>\n<summary>Vid\u00e9o de candidature \u2013 espagnol<\/summary>\n<p><iframe src=\"https:\/\/www.youtube.com\/embed\/zdXAXc_mG2U?rel=0\"><\/iframe><\/p>\n<\/details>\n<details>\n<summary>Vid\u00e9o de candidature \u2013 anglais<\/summary>\n<p><iframe src=\"https:\/\/www.youtube.com\/embed\/zkaNIiD1MYI?rel=0\"><\/iframe><\/p>\n<\/details>\n<details>\n<summary>Vid\u00e9o de candidature \u2013 fran\u00e7ais<\/summary>\n<p><iframe src=\"https:\/\/www.youtube.com\/embed\/u4TYu1n9HKc?rel=0\"><\/iframe><\/p>\n<\/details>\n<details>\n<summary>Vid\u00e9o de candidature \u2013 portugais<\/summary>\n<p><iframe src=\"https:\/\/www.youtube.com\/embed\/q0mEvOE3_Rw?rel=0\"><\/iframe><\/p>\n<\/details>\n<details>\n<summary>Vid\u00e9o de candidature \u2013 anglais (deuxi\u00e8me)<\/summary>\n<p><iframe src=\"https:\/\/www.youtube.com\/embed\/gm5igHf0Iw4?rel=0\"><\/iframe><\/p>\n<\/details>\n<\/div>\n<\/td>\n<\/tr>\n<\/tbody>\n<\/table>","protected":false},"featured_media":3855,"template":"","meta":{"neve_meta_sidebar":"","neve_meta_container":"","neve_meta_enable_content_width":"off","neve_meta_content_width":100,"neve_meta_title_alignment":"","neve_meta_author_avatar":"","neve_post_elements_order":"","neve_meta_disable_header":"","neve_meta_disable_footer":"","neve_meta_disable_title":""},"product_brand":[],"product_cat":[1095,372,384,370,374,376],"product_tag":[],"class_list":{"0":"post-2766","1":"product","2":"type-product","3":"status-publish","4":"has-post-thumbnail","6":"product_cat-escuelas-sectores","7":"product_cat-geriatricos","8":"product_cat-higiene-personal","9":"product_cat-hoteles","10":"product_cat-restauracion","11":"product_cat-servicios-de-limpieza","13":"first","14":"instock","15":"shipping-taxable","16":"product-type-simple"},"yoast_head":"<!-- This site is optimized with the Yoast SEO plugin v27.0 - https:\/\/yoast.com\/product\/yoast-seo-wordpress\/ -->\n<title>Gelman F. Gel de manos - Dermo | F\u00e1brica de detergentes<\/title>\n<meta name=\"robots\" content=\"index, follow, max-snippet:-1, max-image-preview:large, max-video-preview:-1\" \/>\n<link rel=\"canonical\" href=\"https:\/\/dermo.com\/fr\/catalogue\/gelmanf\/\" \/>\n<meta property=\"og:locale\" content=\"fr_FR\" \/>\n<meta property=\"og:type\" content=\"article\" \/>\n<meta property=\"og:title\" content=\"Gelman F. Gel de manos - Dermo | F\u00e1brica de detergentes\" \/>\n<meta property=\"og:description\" content=\"Gelman F Gel de manos especialmente perfumado para su uso constante en hoteles, gimnasios, guarder\u00edas, etc.       V\u00eddeos de Aplicaci\u00f3n Higiene personal:  V\u00eddeo de Aplicaci\u00f3n - Espa\u00f1ol  V\u00eddeo de Aplicaci\u00f3n - Ingl\u00e9s  V\u00eddeo de Aplicaci\u00f3n - Franc\u00e9s  V\u00eddeo de Aplicaci\u00f3n - Portugu\u00e9s  V\u00eddeo de Aplicaci\u00f3n - Ingl\u00e9s (segundo)\" \/>\n<meta property=\"og:url\" content=\"https:\/\/dermo.com\/fr\/catalogue\/gelmanf\/\" \/>\n<meta property=\"og:site_name\" content=\"Dermo | F\u00e1brica de detergentes\" \/>\n<meta property=\"article:modified_time\" content=\"2025-03-26T11:46:51+00:00\" \/>\n<meta property=\"og:image\" content=\"https:\/\/dermo.com\/wp-content\/uploads\/2015\/08\/Gelman-F.-Gel-de-manos.png\" \/>\n\t<meta property=\"og:image:width\" content=\"600\" \/>\n\t<meta property=\"og:image:height\" content=\"600\" \/>\n\t<meta property=\"og:image:type\" content=\"image\/png\" \/>\n<meta name=\"twitter:card\" content=\"summary_large_image\" \/>\n<meta name=\"twitter:label1\" content=\"Dur\u00e9e de lecture estim\u00e9e\" \/>\n\t<meta name=\"twitter:data1\" content=\"1 minute\" \/>\n<script type=\"application\/ld+json\" class=\"yoast-schema-graph\">{\"@context\":\"https:\/\/schema.org\",\"@graph\":[{\"@type\":\"WebPage\",\"@id\":\"https:\/\/dermo.com\/catalogo\/gelmanf\/\",\"url\":\"https:\/\/dermo.com\/catalogo\/gelmanf\/\",\"name\":\"Gelman F. Gel de manos - Dermo | F\u00e1brica de detergentes\",\"isPartOf\":{\"@id\":\"https:\/\/dermo.com\/#website\"},\"primaryImageOfPage\":{\"@id\":\"https:\/\/dermo.com\/catalogo\/gelmanf\/#primaryimage\"},\"image\":{\"@id\":\"https:\/\/dermo.com\/catalogo\/gelmanf\/#primaryimage\"},\"thumbnailUrl\":\"https:\/\/dermo.com\/wp-content\/uploads\/2015\/08\/Gelman-F.-Gel-de-manos.png\",\"datePublished\":\"2015-08-03T10:35:57+00:00\",\"dateModified\":\"2025-03-26T11:46:51+00:00\",\"breadcrumb\":{\"@id\":\"https:\/\/dermo.com\/catalogo\/gelmanf\/#breadcrumb\"},\"inLanguage\":\"fr-FR\",\"potentialAction\":[{\"@type\":\"ReadAction\",\"target\":[\"https:\/\/dermo.com\/catalogo\/gelmanf\/\"]}]},{\"@type\":\"ImageObject\",\"inLanguage\":\"fr-FR\",\"@id\":\"https:\/\/dermo.com\/catalogo\/gelmanf\/#primaryimage\",\"url\":\"https:\/\/dermo.com\/wp-content\/uploads\/2015\/08\/Gelman-F.-Gel-de-manos.png\",\"contentUrl\":\"https:\/\/dermo.com\/wp-content\/uploads\/2015\/08\/Gelman-F.-Gel-de-manos.png\",\"width\":600,\"height\":600},{\"@type\":\"BreadcrumbList\",\"@id\":\"https:\/\/dermo.com\/catalogo\/gelmanf\/#breadcrumb\",\"itemListElement\":[{\"@type\":\"ListItem\",\"position\":1,\"name\":\"Portada\",\"item\":\"https:\/\/dermo.com\/\"},{\"@type\":\"ListItem\",\"position\":2,\"name\":\"Tienda\",\"item\":\"https:\/\/dermo.com\/tienda\/\"},{\"@type\":\"ListItem\",\"position\":3,\"name\":\"Gelman F. Gel de manos\"}]},{\"@type\":\"WebSite\",\"@id\":\"https:\/\/dermo.com\/#website\",\"url\":\"https:\/\/dermo.com\/\",\"name\":\"Dermo | F\u00e1brica de detergentes\",\"description\":\"Tecnolog\u00eda avanzada, investigaci\u00f3n y desarrollo, respeto por el medio ambiente, competencia, formaci\u00f3n constante y alto nivel de profesionalidad en nuestro equipo humano, empe\u00f1ado en preservar la calidad de vida, la protecci\u00f3n del entorno natural contin\u00faan motiv\u00e1ndonos para desarrollar en nuestros laboratorios nuevos productos con ingredientes activos altamente biodegradables que hacen posible un desarrollo sostenible.\",\"potentialAction\":[{\"@type\":\"SearchAction\",\"target\":{\"@type\":\"EntryPoint\",\"urlTemplate\":\"https:\/\/dermo.com\/?s={search_term_string}\"},\"query-input\":{\"@type\":\"PropertyValueSpecification\",\"valueRequired\":true,\"valueName\":\"search_term_string\"}}],\"inLanguage\":\"fr-FR\"}]}<\/script>\n<!-- \/ Yoast SEO plugin. -->","yoast_head_json":{"title":"Gelman F. Gel pour les mains - Dermo | usine de d\u00e9tergents","robots":{"index":"index","follow":"follow","max-snippet":"max-snippet:-1","max-image-preview":"max-image-preview:large","max-video-preview":"max-video-preview:-1"},"canonical":"https:\/\/dermo.com\/fr\/catalogue\/gelmanf\/","og_locale":"fr_FR","og_type":"article","og_title":"Gelman F. Gel de manos - Dermo | F\u00e1brica de detergentes","og_description":"Gelman F Gel de manos especialmente perfumado para su uso constante en hoteles, gimnasios, guarder\u00edas, etc.       V\u00eddeos de Aplicaci\u00f3n Higiene personal:  V\u00eddeo de Aplicaci\u00f3n - Espa\u00f1ol  V\u00eddeo de Aplicaci\u00f3n - Ingl\u00e9s  V\u00eddeo de Aplicaci\u00f3n - Franc\u00e9s  V\u00eddeo de Aplicaci\u00f3n - Portugu\u00e9s  V\u00eddeo de Aplicaci\u00f3n - Ingl\u00e9s (segundo)","og_url":"https:\/\/dermo.com\/fr\/catalogue\/gelmanf\/","og_site_name":"Dermo | F\u00e1brica de detergentes","article_modified_time":"2025-03-26T11:46:51+00:00","og_image":[{"width":600,"height":600,"url":"https:\/\/dermo.com\/wp-content\/uploads\/2015\/08\/Gelman-F.-Gel-de-manos.png","type":"image\/png"}],"twitter_card":"summary_large_image","twitter_misc":{"Dur\u00e9e de lecture estim\u00e9e":"1 minute"},"schema":{"@context":"https:\/\/schema.org","@graph":[{"@type":"WebPage","@id":"https:\/\/dermo.com\/catalogo\/gelmanf\/","url":"https:\/\/dermo.com\/catalogo\/gelmanf\/","name":"Gelman F. Gel pour les mains - Dermo | usine de d\u00e9tergents","isPartOf":{"@id":"https:\/\/dermo.com\/#website"},"primaryImageOfPage":{"@id":"https:\/\/dermo.com\/catalogo\/gelmanf\/#primaryimage"},"image":{"@id":"https:\/\/dermo.com\/catalogo\/gelmanf\/#primaryimage"},"thumbnailUrl":"https:\/\/dermo.com\/wp-content\/uploads\/2015\/08\/Gelman-F.-Gel-de-manos.png","datePublished":"2015-08-03T10:35:57+00:00","dateModified":"2025-03-26T11:46:51+00:00","breadcrumb":{"@id":"https:\/\/dermo.com\/catalogo\/gelmanf\/#breadcrumb"},"inLanguage":"fr-FR","potentialAction":[{"@type":"ReadAction","target":["https:\/\/dermo.com\/catalogo\/gelmanf\/"]}]},{"@type":"ImageObject","inLanguage":"fr-FR","@id":"https:\/\/dermo.com\/catalogo\/gelmanf\/#primaryimage","url":"https:\/\/dermo.com\/wp-content\/uploads\/2015\/08\/Gelman-F.-Gel-de-manos.png","contentUrl":"https:\/\/dermo.com\/wp-content\/uploads\/2015\/08\/Gelman-F.-Gel-de-manos.png","width":600,"height":600},{"@type":"BreadcrumbList","@id":"https:\/\/dermo.com\/catalogo\/gelmanf\/#breadcrumb","itemListElement":[{"@type":"ListItem","position":1,"name":"Portada","item":"https:\/\/dermo.com\/"},{"@type":"ListItem","position":2,"name":"Tienda","item":"https:\/\/dermo.com\/tienda\/"},{"@type":"ListItem","position":3,"name":"Gelman F. Gel de manos"}]},{"@type":"WebSite","@id":"https:\/\/dermo.com\/#website","url":"https:\/\/dermo.com\/","name":"Dermo | usine de d\u00e9tergents","description":"Technologie avanc\u00e9e, recherche et d\u00e9veloppement, respect de l&#039;environnement, comp\u00e9tence, formation constante et haut niveau de professionnalisme de notre \u00e9quipe humaine, engag\u00e9e \u00e0 pr\u00e9server la qualit\u00e9 de vie, la protection de l&#039;environnement naturel continuent de nous motiver \u00e0 d\u00e9velopper de nouveaux produits dans notre laboratoires aux principes actifs hautement biod\u00e9gradables qui rendent possible le d\u00e9veloppement durable.","potentialAction":[{"@type":"SearchAction","target":{"@type":"EntryPoint","urlTemplate":"https:\/\/dermo.com\/?s={search_term_string}"},"query-input":{"@type":"PropertyValueSpecification","valueRequired":true,"valueName":"search_term_string"}}],"inLanguage":"fr-FR"}]}},"_links":{"self":[{"href":"https:\/\/dermo.com\/fr\/wp-json\/wp\/v2\/product\/2766","targetHints":{"allow":["GET"]}}],"collection":[{"href":"https:\/\/dermo.com\/fr\/wp-json\/wp\/v2\/product"}],"about":[{"href":"https:\/\/dermo.com\/fr\/wp-json\/wp\/v2\/types\/product"}],"wp:featuredmedia":[{"embeddable":true,"href":"https:\/\/dermo.com\/fr\/wp-json\/wp\/v2\/media\/3855"}],"wp:attachment":[{"href":"https:\/\/dermo.com\/fr\/wp-json\/wp\/v2\/media?parent=2766"}],"wp:term":[{"taxonomy":"product_brand","embeddable":true,"href":"https:\/\/dermo.com\/fr\/wp-json\/wp\/v2\/product_brand?post=2766"},{"taxonomy":"product_cat","embeddable":true,"href":"https:\/\/dermo.com\/fr\/wp-json\/wp\/v2\/product_cat?post=2766"},{"taxonomy":"product_tag","embeddable":true,"href":"https:\/\/dermo.com\/fr\/wp-json\/wp\/v2\/product_tag?post=2766"}],"curies":[{"name":"wp","href":"https:\/\/api.w.org\/{rel}","templated":true}]}}