{"id":2768,"date":"2015-08-03T10:40:55","date_gmt":"2015-08-03T10:40:55","guid":{"rendered":"https:\/\/dermo.ultbit.com\/producto\/gelman-foam\/"},"modified":"2025-03-26T12:54:12","modified_gmt":"2025-03-26T11:54:12","slug":"mousse-gelman","status":"publish","type":"product","link":"https:\/\/dermo.com\/fr\/catalogue\/mousse-gelman\/","title":{"rendered":"Gelman Foam. Gel mousse pour les mains"},"content":{"rendered":"<p><strong>MODE D'EMPLOI:<\/strong><br \/>\nAppliquer directement sur les mains en quantit\u00e9 suffisante selon leur degr\u00e9 de salet\u00e9.<\/p>\n<p><strong>CARACT\u00c9RISTIQUES TECHNIQUES<\/strong><br \/>\nAspect: Liquide.<br \/>\nColeur: Vert<br \/>\nOdeur : Pomme douce.<br \/>\npH pur : 5,5 \u2013 6,5.<\/p>\n<p><strong>COMPOSITION<\/strong><br \/>\nAQUA, PROPYL\u00c8NE GLYCOL, COCAMIDOPROPYL B\u00c9TA\u00cfNE, COCAMIDE DEA, LAURETH SULFATE DE SODIUM,<br \/>\nACIDE CITRIQUE, PARFUM, M\u00c9THYLCHLOROISOTHIAZOLINONE \/ M\u00c9THYLISOTHIAZOLINONE, CI 19140 + CI<br \/>\n42051<\/p>\n<p><strong>PR\u00c9SENTATION<\/strong><br \/>\nEmballage de plastique:<\/p>\n<table>\n<tbody>\n<tr>\n<td>FORMAT<\/td>\n<td>\u00a0 \u00a0 \u00a05 kg<\/td>\n<\/tr>\n<tr>\n<td>CODE<\/td>\n<td>\u00a0 004GFO05<\/td>\n<\/tr>\n<\/tbody>\n<\/table>\n<p><strong>S\u00c9CURIT\u00c9 \/ TOXICOLOGIE<\/strong><br \/>\nTenir hors de port\u00e9e des enfants.<br \/>\nEn cas d&#039;accident, consulter le Service d&#039;Information M\u00e9dicale Toxicologique. T\u00e9l. : 915 620 420.<\/p>\n<p><strong>INFORMATIONS COMPL\u00c9MENTAIRES<\/strong><br \/>\nPRODUIT COSM\u00c9TIQUE.<\/p>","protected":false},"excerpt":{"rendered":"<h3>Mousse Gelman<\/h3>\n<p class=\"Estndar\">Gel lave-mains parfum\u00e9e sp\u00e9cialement fait pour dosseurs de savon. Il proportionne une \u00e9cume instantan\u00e9e qui laisse les mains douces et agr\u00e9ablement parfum\u00e9es.<\/p>","protected":false},"featured_media":3856,"template":"","meta":{"neve_meta_sidebar":"","neve_meta_container":"","neve_meta_enable_content_width":"off","neve_meta_content_width":100,"neve_meta_title_alignment":"","neve_meta_author_avatar":"","neve_post_elements_order":"","neve_meta_disable_header":"","neve_meta_disable_footer":"","neve_meta_disable_title":""},"product_brand":[],"product_cat":[384],"product_tag":[],"class_list":{"0":"post-2768","1":"product","2":"type-product","3":"status-publish","4":"has-post-thumbnail","6":"product_cat-higiene-personal","8":"first","9":"instock","10":"shipping-taxable","11":"product-type-simple"},"yoast_head":"<!-- This site is optimized with the Yoast SEO plugin v27.0 - https:\/\/yoast.com\/product\/yoast-seo-wordpress\/ -->\n<title>Gelman Foam. Gel de manos espuma - Dermo | F\u00e1brica de detergentes<\/title>\n<meta name=\"robots\" content=\"index, follow, max-snippet:-1, max-image-preview:large, max-video-preview:-1\" \/>\n<link rel=\"canonical\" href=\"https:\/\/dermo.com\/fr\/catalogue\/mousse-gelman\/\" \/>\n<meta property=\"og:locale\" content=\"fr_FR\" \/>\n<meta property=\"og:type\" content=\"article\" \/>\n<meta property=\"og:title\" content=\"Gelman Foam. Gel de manos espuma - Dermo | F\u00e1brica de detergentes\" \/>\n<meta property=\"og:description\" content=\"Gelman Foam Gel de manos l\u00edquido perfumado especial para dosificadores de espuma. Proporciona una espuma instant\u00e1nea que deja las manos limpias, suaves y agradablemente perfumadas.\" \/>\n<meta property=\"og:url\" content=\"https:\/\/dermo.com\/fr\/catalogue\/mousse-gelman\/\" \/>\n<meta property=\"og:site_name\" content=\"Dermo | F\u00e1brica de detergentes\" \/>\n<meta property=\"article:modified_time\" content=\"2025-03-26T11:54:12+00:00\" \/>\n<meta property=\"og:image\" content=\"https:\/\/dermo.com\/wp-content\/uploads\/2015\/08\/Gelman-Foam.-Gel-de-manos-espuma.png\" \/>\n\t<meta property=\"og:image:width\" content=\"600\" \/>\n\t<meta property=\"og:image:height\" content=\"600\" \/>\n\t<meta property=\"og:image:type\" content=\"image\/png\" \/>\n<meta name=\"twitter:card\" content=\"summary_large_image\" \/>\n<meta name=\"twitter:label1\" content=\"Dur\u00e9e de lecture estim\u00e9e\" \/>\n\t<meta name=\"twitter:data1\" content=\"1 minute\" \/>\n<script type=\"application\/ld+json\" class=\"yoast-schema-graph\">{\"@context\":\"https:\/\/schema.org\",\"@graph\":[{\"@type\":\"WebPage\",\"@id\":\"https:\/\/dermo.com\/catalogo\/gelman-foam\/\",\"url\":\"https:\/\/dermo.com\/catalogo\/gelman-foam\/\",\"name\":\"Gelman Foam. Gel de manos espuma - Dermo | F\u00e1brica de detergentes\",\"isPartOf\":{\"@id\":\"https:\/\/dermo.com\/#website\"},\"primaryImageOfPage\":{\"@id\":\"https:\/\/dermo.com\/catalogo\/gelman-foam\/#primaryimage\"},\"image\":{\"@id\":\"https:\/\/dermo.com\/catalogo\/gelman-foam\/#primaryimage\"},\"thumbnailUrl\":\"https:\/\/dermo.com\/wp-content\/uploads\/2015\/08\/Gelman-Foam.-Gel-de-manos-espuma.png\",\"datePublished\":\"2015-08-03T10:40:55+00:00\",\"dateModified\":\"2025-03-26T11:54:12+00:00\",\"breadcrumb\":{\"@id\":\"https:\/\/dermo.com\/catalogo\/gelman-foam\/#breadcrumb\"},\"inLanguage\":\"fr-FR\",\"potentialAction\":[{\"@type\":\"ReadAction\",\"target\":[\"https:\/\/dermo.com\/catalogo\/gelman-foam\/\"]}]},{\"@type\":\"ImageObject\",\"inLanguage\":\"fr-FR\",\"@id\":\"https:\/\/dermo.com\/catalogo\/gelman-foam\/#primaryimage\",\"url\":\"https:\/\/dermo.com\/wp-content\/uploads\/2015\/08\/Gelman-Foam.-Gel-de-manos-espuma.png\",\"contentUrl\":\"https:\/\/dermo.com\/wp-content\/uploads\/2015\/08\/Gelman-Foam.-Gel-de-manos-espuma.png\",\"width\":600,\"height\":600},{\"@type\":\"BreadcrumbList\",\"@id\":\"https:\/\/dermo.com\/catalogo\/gelman-foam\/#breadcrumb\",\"itemListElement\":[{\"@type\":\"ListItem\",\"position\":1,\"name\":\"Portada\",\"item\":\"https:\/\/dermo.com\/\"},{\"@type\":\"ListItem\",\"position\":2,\"name\":\"Tienda\",\"item\":\"https:\/\/dermo.com\/tienda\/\"},{\"@type\":\"ListItem\",\"position\":3,\"name\":\"Gelman Foam. Gel de manos espuma\"}]},{\"@type\":\"WebSite\",\"@id\":\"https:\/\/dermo.com\/#website\",\"url\":\"https:\/\/dermo.com\/\",\"name\":\"Dermo | F\u00e1brica de detergentes\",\"description\":\"Tecnolog\u00eda avanzada, investigaci\u00f3n y desarrollo, respeto por el medio ambiente, competencia, formaci\u00f3n constante y alto nivel de profesionalidad en nuestro equipo humano, empe\u00f1ado en preservar la calidad de vida, la protecci\u00f3n del entorno natural contin\u00faan motiv\u00e1ndonos para desarrollar en nuestros laboratorios nuevos productos con ingredientes activos altamente biodegradables que hacen posible un desarrollo sostenible.\",\"potentialAction\":[{\"@type\":\"SearchAction\",\"target\":{\"@type\":\"EntryPoint\",\"urlTemplate\":\"https:\/\/dermo.com\/?s={search_term_string}\"},\"query-input\":{\"@type\":\"PropertyValueSpecification\",\"valueRequired\":true,\"valueName\":\"search_term_string\"}}],\"inLanguage\":\"fr-FR\"}]}<\/script>\n<!-- \/ Yoast SEO plugin. -->","yoast_head_json":{"title":"Mousse Gelman. Gel mousse pour les mains - Dermo | usine de d\u00e9tergents","robots":{"index":"index","follow":"follow","max-snippet":"max-snippet:-1","max-image-preview":"max-image-preview:large","max-video-preview":"max-video-preview:-1"},"canonical":"https:\/\/dermo.com\/fr\/catalogue\/mousse-gelman\/","og_locale":"fr_FR","og_type":"article","og_title":"Gelman Foam. Gel de manos espuma - Dermo | F\u00e1brica de detergentes","og_description":"Gelman Foam Gel de manos l\u00edquido perfumado especial para dosificadores de espuma. Proporciona una espuma instant\u00e1nea que deja las manos limpias, suaves y agradablemente perfumadas.","og_url":"https:\/\/dermo.com\/fr\/catalogue\/mousse-gelman\/","og_site_name":"Dermo | F\u00e1brica de detergentes","article_modified_time":"2025-03-26T11:54:12+00:00","og_image":[{"width":600,"height":600,"url":"https:\/\/dermo.com\/wp-content\/uploads\/2015\/08\/Gelman-Foam.-Gel-de-manos-espuma.png","type":"image\/png"}],"twitter_card":"summary_large_image","twitter_misc":{"Dur\u00e9e de lecture estim\u00e9e":"1 minute"},"schema":{"@context":"https:\/\/schema.org","@graph":[{"@type":"WebPage","@id":"https:\/\/dermo.com\/catalogo\/gelman-foam\/","url":"https:\/\/dermo.com\/catalogo\/gelman-foam\/","name":"Mousse Gelman. Gel mousse pour les mains - Dermo | usine de d\u00e9tergents","isPartOf":{"@id":"https:\/\/dermo.com\/#website"},"primaryImageOfPage":{"@id":"https:\/\/dermo.com\/catalogo\/gelman-foam\/#primaryimage"},"image":{"@id":"https:\/\/dermo.com\/catalogo\/gelman-foam\/#primaryimage"},"thumbnailUrl":"https:\/\/dermo.com\/wp-content\/uploads\/2015\/08\/Gelman-Foam.-Gel-de-manos-espuma.png","datePublished":"2015-08-03T10:40:55+00:00","dateModified":"2025-03-26T11:54:12+00:00","breadcrumb":{"@id":"https:\/\/dermo.com\/catalogo\/gelman-foam\/#breadcrumb"},"inLanguage":"fr-FR","potentialAction":[{"@type":"ReadAction","target":["https:\/\/dermo.com\/catalogo\/gelman-foam\/"]}]},{"@type":"ImageObject","inLanguage":"fr-FR","@id":"https:\/\/dermo.com\/catalogo\/gelman-foam\/#primaryimage","url":"https:\/\/dermo.com\/wp-content\/uploads\/2015\/08\/Gelman-Foam.-Gel-de-manos-espuma.png","contentUrl":"https:\/\/dermo.com\/wp-content\/uploads\/2015\/08\/Gelman-Foam.-Gel-de-manos-espuma.png","width":600,"height":600},{"@type":"BreadcrumbList","@id":"https:\/\/dermo.com\/catalogo\/gelman-foam\/#breadcrumb","itemListElement":[{"@type":"ListItem","position":1,"name":"Portada","item":"https:\/\/dermo.com\/"},{"@type":"ListItem","position":2,"name":"Tienda","item":"https:\/\/dermo.com\/tienda\/"},{"@type":"ListItem","position":3,"name":"Gelman Foam. Gel de manos espuma"}]},{"@type":"WebSite","@id":"https:\/\/dermo.com\/#website","url":"https:\/\/dermo.com\/","name":"Dermo | usine de d\u00e9tergents","description":"Technologie avanc\u00e9e, recherche et d\u00e9veloppement, respect de l&#039;environnement, comp\u00e9tence, formation constante et haut niveau de professionnalisme de notre \u00e9quipe humaine, engag\u00e9e \u00e0 pr\u00e9server la qualit\u00e9 de vie, la protection de l&#039;environnement naturel continuent de nous motiver \u00e0 d\u00e9velopper de nouveaux produits dans notre laboratoires aux principes actifs hautement biod\u00e9gradables qui rendent possible le d\u00e9veloppement durable.","potentialAction":[{"@type":"SearchAction","target":{"@type":"EntryPoint","urlTemplate":"https:\/\/dermo.com\/?s={search_term_string}"},"query-input":{"@type":"PropertyValueSpecification","valueRequired":true,"valueName":"search_term_string"}}],"inLanguage":"fr-FR"}]}},"_links":{"self":[{"href":"https:\/\/dermo.com\/fr\/wp-json\/wp\/v2\/product\/2768","targetHints":{"allow":["GET"]}}],"collection":[{"href":"https:\/\/dermo.com\/fr\/wp-json\/wp\/v2\/product"}],"about":[{"href":"https:\/\/dermo.com\/fr\/wp-json\/wp\/v2\/types\/product"}],"wp:featuredmedia":[{"embeddable":true,"href":"https:\/\/dermo.com\/fr\/wp-json\/wp\/v2\/media\/3856"}],"wp:attachment":[{"href":"https:\/\/dermo.com\/fr\/wp-json\/wp\/v2\/media?parent=2768"}],"wp:term":[{"taxonomy":"product_brand","embeddable":true,"href":"https:\/\/dermo.com\/fr\/wp-json\/wp\/v2\/product_brand?post=2768"},{"taxonomy":"product_cat","embeddable":true,"href":"https:\/\/dermo.com\/fr\/wp-json\/wp\/v2\/product_cat?post=2768"},{"taxonomy":"product_tag","embeddable":true,"href":"https:\/\/dermo.com\/fr\/wp-json\/wp\/v2\/product_tag?post=2768"}],"curies":[{"name":"wp","href":"https:\/\/api.w.org\/{rel}","templated":true}]}}