{"id":2782,"date":"2015-08-03T11:07:12","date_gmt":"2015-08-03T11:07:12","guid":{"rendered":"https:\/\/dermo.ultbit.com\/producto\/motornet\/"},"modified":"2025-03-27T15:31:43","modified_gmt":"2025-03-27T14:31:43","slug":"reseau-automobile","status":"publish","type":"product","link":"https:\/\/dermo.com\/fr\/catalogue\/reseau-automobile\/","title":{"rendered":"Motornet. D\u00e9graissants pour moteurs"},"content":{"rendered":"<p><strong>MODE D'EMPLOI:<\/strong><br \/>\nEn fonction de la salet\u00e9 \u00e0 traiter, on peut le diluer de 20 \u00e0 50% dans l\u2019eau.<br \/>\nOn peut l\u2019appliquer par pulv\u00e9risation, pression ou avec une brosse pour une meilleure introduction du produit dans<br \/>\nles couches de graisse. Apr\u00e8s environ 5 minutes d\u2019application, proc\u00e9der au rin\u00e7age g\u00e9n\u00e9ral avec de l\u2019eau<br \/>\n(si possible par pression). N\u2019agresse pas le caoutchouc, les c\u00e2bles, \u2026<\/p>\n<p><strong>CARACT\u00c9RISTIQUES TECHNIQUES<\/strong><br \/>\nAspect: Liquide.<br \/>\nCouleur : Incolore.<br \/>\nOdeur: Characteristique.<br \/>\npH pur : 9,5 \u2013 10,5<br \/>\nDensit\u00e9: 0,99 \u2013 1,01 g\/cc.<br \/>\nConcentration en subsatance active : 18 \u2013 22%<\/p>\n<p><strong>COMPOSITION<\/strong><br \/>\nTensioactifs anioniques et non ioniques, s\u00e9questrants et inhibiteurs de corrosion.<\/p>\n<p><strong>PR\u00c9SENTATION<\/strong><br \/>\nEmballages de plastique:<\/p>\n<table>\n<tbody>\n<tr>\n<td>FORMAT<\/td>\n<td>\u00a0 \u00a0 \u00a05 kg<\/td>\n<td><\/td>\n<\/tr>\n<tr>\n<td>CODE<\/td>\n<td>\u00a0 014MOT05<\/td>\n<td><\/td>\n<\/tr>\n<\/tbody>\n<\/table>\n<p><strong>S\u00c9CURIT\u00c9\/TOXICOLOGIE<\/strong><br \/>\nProvoque de graves blessures aux yeux. Tenir hors de port\u00e9e des enfants.<br \/>\nEn cas d&#039;accident, consulter le Service d&#039;Information M\u00e9dicale Toxicologique. T\u00e9l. : 915 620 420.<br \/>\nINFORMATIONS COMPL\u00c9MENTAIRES<br \/>\nPRODUIT INDUSTRIEL. UTILISATION PROFESSIONNELLE.<\/p>","protected":false},"excerpt":{"rendered":"<h3>r\u00e9seau automobile<\/h3>\n<p class=\"Estndar\">D\u00e9graissant pour moteurs \u00e0 explosion et surfaces non peintes. Il se m\u00e9lange ou s\u2019\u00e9mulsionne avec de l\u2019eau pour toutes les proportions. Il d\u00e9graisse es moteurs et les pi\u00e8ces m\u00e9talliques en g\u00e9n\u00e9ral, \u00e9mulsionnant etdissolvant la graisse, la boue, la suie et d\u2019autres substances. On peut aussi l\u2019utiliser pour d\u00e9graisser les sols d\u2019ateliers automobiles.<\/p>\n<table>\n<tbody>\n<tr>\n<td style=\"width: 100%;\">\n<div class=\"video-section\">\n<p class=\"Estndar\"><span lang=\"es\" xml:lang=\"es\"><strong>Vid\u00e9os d&#039;application de nettoyage de voiture\u00a0:<\/strong><\/span><\/p>\n<details>\n<summary>Vid\u00e9o de candidature \u2013 espagnol<\/summary>\n<p><iframe src=\"https:\/\/www.youtube.com\/embed\/AwxX1xUlZu0?rel=0\"><\/iframe><\/p>\n<\/details>\n<details>\n<summary>Vid\u00e9o de candidature \u2013 anglais<\/summary>\n<p><iframe src=\"https:\/\/www.youtube.com\/embed\/GRHLn3jhLAA?rel=0\"><\/iframe><\/p>\n<\/details>\n<details>\n<summary>Vid\u00e9o de candidature \u2013 fran\u00e7ais<\/summary>\n<p><iframe src=\"https:\/\/www.youtube.com\/embed\/N6jabX3rGnI?rel=0\"><\/iframe><\/p>\n<\/details>\n<details>\n<summary>Vid\u00e9o de candidature \u2013 portugais<\/summary>\n<p><iframe src=\"https:\/\/www.youtube.com\/embed\/4vIn6eKuydI?rel=0\"><\/iframe><\/p>\n<\/details>\n<\/div>\n<\/td>\n<\/tr>\n<\/tbody>\n<\/table>","protected":false},"featured_media":3972,"template":"","meta":{"neve_meta_sidebar":"","neve_meta_container":"","neve_meta_enable_content_width":"off","neve_meta_content_width":100,"neve_meta_title_alignment":"","neve_meta_author_avatar":"","neve_post_elements_order":"","neve_meta_disable_header":"","neve_meta_disable_footer":"","neve_meta_disable_title":""},"product_brand":[],"product_cat":[378,385],"product_tag":[],"class_list":{"0":"post-2782","1":"product","2":"type-product","3":"status-publish","4":"has-post-thumbnail","6":"product_cat-industria-y-automocion","7":"product_cat-industria-y-automocion-productos","9":"first","10":"instock","11":"shipping-taxable","12":"product-type-simple"},"yoast_head":"<!-- This site is optimized with the Yoast SEO plugin v27.0 - https:\/\/yoast.com\/product\/yoast-seo-wordpress\/ -->\n<title>Motornet. Desengrasante motores - Dermo | F\u00e1brica de detergentes<\/title>\n<meta name=\"robots\" content=\"index, follow, max-snippet:-1, max-image-preview:large, max-video-preview:-1\" \/>\n<link rel=\"canonical\" href=\"https:\/\/dermo.com\/fr\/catalogue\/reseau-automobile\/\" \/>\n<meta property=\"og:locale\" content=\"fr_FR\" \/>\n<meta property=\"og:type\" content=\"article\" \/>\n<meta property=\"og:title\" content=\"Motornet. Desengrasante motores - Dermo | F\u00e1brica de detergentes\" \/>\n<meta property=\"og:description\" content=\"Motornet Desengrasante de motores de explosi\u00f3n y superficies no pintadas, que se mezcla o emulsiona en agua en todas proporciones. Desengrasa motores y piezas met\u00e1licas en general, emulsionando y disolviendo grasa, barro, holl\u00edn y dem\u00e1s sustancias adheridas. Tambi\u00e9n puede usarse para: \u2022 Desengrasar suelos de talleres, gasolineras, etc. \u2022 Limpiar y desengrasar elementos de transmisi\u00f3n, cadenas de bicicletas, motos, etc. \u2022 Eliminar restos de lubricante en moldes de inyecci\u00f3n.       V\u00eddeos de aplicaci\u00f3n limpieza de coche:  V\u00eddeo de Aplicaci\u00f3n - Espa\u00f1ol  V\u00eddeo de Aplicaci\u00f3n - Ingl\u00e9s  V\u00eddeo de Aplicaci\u00f3n - Franc\u00e9s  V\u00eddeo de Aplicaci\u00f3n - Portugu\u00e9s\" \/>\n<meta property=\"og:url\" content=\"https:\/\/dermo.com\/fr\/catalogue\/reseau-automobile\/\" \/>\n<meta property=\"og:site_name\" content=\"Dermo | F\u00e1brica de detergentes\" \/>\n<meta property=\"article:modified_time\" content=\"2025-03-27T14:31:43+00:00\" \/>\n<meta property=\"og:image\" content=\"https:\/\/dermo.com\/wp-content\/uploads\/2015\/08\/DL-21-Acibac-5.png\" \/>\n\t<meta property=\"og:image:width\" content=\"768\" \/>\n\t<meta property=\"og:image:height\" content=\"823\" \/>\n\t<meta property=\"og:image:type\" content=\"image\/png\" \/>\n<meta name=\"twitter:card\" content=\"summary_large_image\" \/>\n<meta name=\"twitter:label1\" content=\"Dur\u00e9e de lecture estim\u00e9e\" \/>\n\t<meta name=\"twitter:data1\" content=\"1 minute\" \/>\n<script type=\"application\/ld+json\" class=\"yoast-schema-graph\">{\"@context\":\"https:\/\/schema.org\",\"@graph\":[{\"@type\":\"WebPage\",\"@id\":\"https:\/\/dermo.com\/catalogo\/motornet\/\",\"url\":\"https:\/\/dermo.com\/catalogo\/motornet\/\",\"name\":\"Motornet. Desengrasante motores - Dermo | F\u00e1brica de detergentes\",\"isPartOf\":{\"@id\":\"https:\/\/dermo.com\/#website\"},\"primaryImageOfPage\":{\"@id\":\"https:\/\/dermo.com\/catalogo\/motornet\/#primaryimage\"},\"image\":{\"@id\":\"https:\/\/dermo.com\/catalogo\/motornet\/#primaryimage\"},\"thumbnailUrl\":\"https:\/\/dermo.com\/wp-content\/uploads\/2015\/08\/DL-21-Acibac-5.png\",\"datePublished\":\"2015-08-03T11:07:12+00:00\",\"dateModified\":\"2025-03-27T14:31:43+00:00\",\"breadcrumb\":{\"@id\":\"https:\/\/dermo.com\/catalogo\/motornet\/#breadcrumb\"},\"inLanguage\":\"fr-FR\",\"potentialAction\":[{\"@type\":\"ReadAction\",\"target\":[\"https:\/\/dermo.com\/catalogo\/motornet\/\"]}]},{\"@type\":\"ImageObject\",\"inLanguage\":\"fr-FR\",\"@id\":\"https:\/\/dermo.com\/catalogo\/motornet\/#primaryimage\",\"url\":\"https:\/\/dermo.com\/wp-content\/uploads\/2015\/08\/DL-21-Acibac-5.png\",\"contentUrl\":\"https:\/\/dermo.com\/wp-content\/uploads\/2015\/08\/DL-21-Acibac-5.png\",\"width\":768,\"height\":823},{\"@type\":\"BreadcrumbList\",\"@id\":\"https:\/\/dermo.com\/catalogo\/motornet\/#breadcrumb\",\"itemListElement\":[{\"@type\":\"ListItem\",\"position\":1,\"name\":\"Portada\",\"item\":\"https:\/\/dermo.com\/\"},{\"@type\":\"ListItem\",\"position\":2,\"name\":\"Tienda\",\"item\":\"https:\/\/dermo.com\/tienda\/\"},{\"@type\":\"ListItem\",\"position\":3,\"name\":\"Motornet. Desengrasante motores\"}]},{\"@type\":\"WebSite\",\"@id\":\"https:\/\/dermo.com\/#website\",\"url\":\"https:\/\/dermo.com\/\",\"name\":\"Dermo | F\u00e1brica de detergentes\",\"description\":\"Tecnolog\u00eda avanzada, investigaci\u00f3n y desarrollo, respeto por el medio ambiente, competencia, formaci\u00f3n constante y alto nivel de profesionalidad en nuestro equipo humano, empe\u00f1ado en preservar la calidad de vida, la protecci\u00f3n del entorno natural contin\u00faan motiv\u00e1ndonos para desarrollar en nuestros laboratorios nuevos productos con ingredientes activos altamente biodegradables que hacen posible un desarrollo sostenible.\",\"potentialAction\":[{\"@type\":\"SearchAction\",\"target\":{\"@type\":\"EntryPoint\",\"urlTemplate\":\"https:\/\/dermo.com\/?s={search_term_string}\"},\"query-input\":{\"@type\":\"PropertyValueSpecification\",\"valueRequired\":true,\"valueName\":\"search_term_string\"}}],\"inLanguage\":\"fr-FR\"}]}<\/script>\n<!-- \/ Yoast SEO plugin. -->","yoast_head_json":{"title":"R\u00e9seau automobile. D\u00e9graissant moteur - Dermo | usine de d\u00e9tergents","robots":{"index":"index","follow":"follow","max-snippet":"max-snippet:-1","max-image-preview":"max-image-preview:large","max-video-preview":"max-video-preview:-1"},"canonical":"https:\/\/dermo.com\/fr\/catalogue\/reseau-automobile\/","og_locale":"fr_FR","og_type":"article","og_title":"Motornet. Desengrasante motores - Dermo | F\u00e1brica de detergentes","og_description":"Motornet Desengrasante de motores de explosi\u00f3n y superficies no pintadas, que se mezcla o emulsiona en agua en todas proporciones. Desengrasa motores y piezas met\u00e1licas en general, emulsionando y disolviendo grasa, barro, holl\u00edn y dem\u00e1s sustancias adheridas. Tambi\u00e9n puede usarse para: \u2022 Desengrasar suelos de talleres, gasolineras, etc. \u2022 Limpiar y desengrasar elementos de transmisi\u00f3n, cadenas de bicicletas, motos, etc. \u2022 Eliminar restos de lubricante en moldes de inyecci\u00f3n.       V\u00eddeos de aplicaci\u00f3n limpieza de coche:  V\u00eddeo de Aplicaci\u00f3n - Espa\u00f1ol  V\u00eddeo de Aplicaci\u00f3n - Ingl\u00e9s  V\u00eddeo de Aplicaci\u00f3n - Franc\u00e9s  V\u00eddeo de Aplicaci\u00f3n - Portugu\u00e9s","og_url":"https:\/\/dermo.com\/fr\/catalogue\/reseau-automobile\/","og_site_name":"Dermo | F\u00e1brica de detergentes","article_modified_time":"2025-03-27T14:31:43+00:00","og_image":[{"width":768,"height":823,"url":"https:\/\/dermo.com\/wp-content\/uploads\/2015\/08\/DL-21-Acibac-5.png","type":"image\/png"}],"twitter_card":"summary_large_image","twitter_misc":{"Dur\u00e9e de lecture estim\u00e9e":"1 minute"},"schema":{"@context":"https:\/\/schema.org","@graph":[{"@type":"WebPage","@id":"https:\/\/dermo.com\/catalogo\/motornet\/","url":"https:\/\/dermo.com\/catalogo\/motornet\/","name":"R\u00e9seau automobile. D\u00e9graissant moteur - Dermo | usine de d\u00e9tergents","isPartOf":{"@id":"https:\/\/dermo.com\/#website"},"primaryImageOfPage":{"@id":"https:\/\/dermo.com\/catalogo\/motornet\/#primaryimage"},"image":{"@id":"https:\/\/dermo.com\/catalogo\/motornet\/#primaryimage"},"thumbnailUrl":"https:\/\/dermo.com\/wp-content\/uploads\/2015\/08\/DL-21-Acibac-5.png","datePublished":"2015-08-03T11:07:12+00:00","dateModified":"2025-03-27T14:31:43+00:00","breadcrumb":{"@id":"https:\/\/dermo.com\/catalogo\/motornet\/#breadcrumb"},"inLanguage":"fr-FR","potentialAction":[{"@type":"ReadAction","target":["https:\/\/dermo.com\/catalogo\/motornet\/"]}]},{"@type":"ImageObject","inLanguage":"fr-FR","@id":"https:\/\/dermo.com\/catalogo\/motornet\/#primaryimage","url":"https:\/\/dermo.com\/wp-content\/uploads\/2015\/08\/DL-21-Acibac-5.png","contentUrl":"https:\/\/dermo.com\/wp-content\/uploads\/2015\/08\/DL-21-Acibac-5.png","width":768,"height":823},{"@type":"BreadcrumbList","@id":"https:\/\/dermo.com\/catalogo\/motornet\/#breadcrumb","itemListElement":[{"@type":"ListItem","position":1,"name":"Portada","item":"https:\/\/dermo.com\/"},{"@type":"ListItem","position":2,"name":"Tienda","item":"https:\/\/dermo.com\/tienda\/"},{"@type":"ListItem","position":3,"name":"Motornet. Desengrasante motores"}]},{"@type":"WebSite","@id":"https:\/\/dermo.com\/#website","url":"https:\/\/dermo.com\/","name":"Dermo | usine de d\u00e9tergents","description":"Technologie avanc\u00e9e, recherche et d\u00e9veloppement, respect de l&#039;environnement, comp\u00e9tence, formation constante et haut niveau de professionnalisme de notre \u00e9quipe humaine, engag\u00e9e \u00e0 pr\u00e9server la qualit\u00e9 de vie, la protection de l&#039;environnement naturel continuent de nous motiver \u00e0 d\u00e9velopper de nouveaux produits dans notre laboratoires aux principes actifs hautement biod\u00e9gradables qui rendent possible le d\u00e9veloppement durable.","potentialAction":[{"@type":"SearchAction","target":{"@type":"EntryPoint","urlTemplate":"https:\/\/dermo.com\/?s={search_term_string}"},"query-input":{"@type":"PropertyValueSpecification","valueRequired":true,"valueName":"search_term_string"}}],"inLanguage":"fr-FR"}]}},"_links":{"self":[{"href":"https:\/\/dermo.com\/fr\/wp-json\/wp\/v2\/product\/2782","targetHints":{"allow":["GET"]}}],"collection":[{"href":"https:\/\/dermo.com\/fr\/wp-json\/wp\/v2\/product"}],"about":[{"href":"https:\/\/dermo.com\/fr\/wp-json\/wp\/v2\/types\/product"}],"wp:featuredmedia":[{"embeddable":true,"href":"https:\/\/dermo.com\/fr\/wp-json\/wp\/v2\/media\/3972"}],"wp:attachment":[{"href":"https:\/\/dermo.com\/fr\/wp-json\/wp\/v2\/media?parent=2782"}],"wp:term":[{"taxonomy":"product_brand","embeddable":true,"href":"https:\/\/dermo.com\/fr\/wp-json\/wp\/v2\/product_brand?post=2782"},{"taxonomy":"product_cat","embeddable":true,"href":"https:\/\/dermo.com\/fr\/wp-json\/wp\/v2\/product_cat?post=2782"},{"taxonomy":"product_tag","embeddable":true,"href":"https:\/\/dermo.com\/fr\/wp-json\/wp\/v2\/product_tag?post=2782"}],"curies":[{"name":"wp","href":"https:\/\/api.w.org\/{rel}","templated":true}]}}