{"id":2788,"date":"2015-08-03T11:24:47","date_gmt":"2015-08-03T11:24:47","guid":{"rendered":"https:\/\/dermo.ultbit.com\/producto\/lejia-lavadora\/"},"modified":"2024-09-10T09:41:02","modified_gmt":"2024-09-10T07:41:02","slug":"eau-de-javel-pour-machine-a-laver","status":"publish","type":"product","link":"https:\/\/dermo.com\/fr\/catalogue\/eau-de-javel-pour-machine-a-laver\/","title":{"rendered":"Eau de Javel sp\u00e9ciale machine \u00e0 laver"},"content":{"rendered":"<p><strong>MODE D'EMPLOI:<\/strong><br \/>\nPour le linge, apr\u00e8s avoir v\u00e9rifi\u00e9 la r\u00e9sistance du linge au hypochlorite, doser de 5 \u00e0 10 cm3 par kilo du linge sec.<sup>3<\/sup> par kilo de v\u00eatements sales.<br \/>\nNettoyage de sols : 125 cm3 par 10 litres d'eau.<sup>3<\/sup> pour 10 litres d&#039;eau.<br \/>\nPour le nettoyage de water-closets : utiliser pur,  laisser 5 minutes et rin\u00e7er avec eau abondante.<\/p>\n<p><strong>CARACT\u00c9RISTIQUES TECHNIQUES :<\/strong><br \/>\nAspect: Liquide.<br \/>\nColeur: J\u00e2une.<br \/>\nOdeur : \u00e9pic\u00e9e caract\u00e9ristique.<br \/>\npH pur : 10.<br \/>\nSolubilit\u00e9 : soluble dans l&#039;eau.<br \/>\nDensit\u00e9 relative : 1,05g\/l.<\/p>\n<p><strong>PR\u00c9SENTATION:<\/strong><br \/>\nR\u00e9tractable 3 unit\u00e9s de 5 litres.<\/p>\n<table>\n<tbody>\n<tr>\n<td>FORMAT<\/td>\n<td>\u00a0 \u00a03\u00d75 litres<\/td>\n<\/tr>\n<tr>\n<td>CODE<\/td>\n<td>\u00a0 \u00a0016SP\u00c9C<\/td>\n<\/tr>\n<\/tbody>\n<\/table>","protected":false},"excerpt":{"rendered":"<h3>Eau de Javel Sp\u00e9ciale Machine \u00e0 Laver<\/h3>\n<p class=\"Estndar\"><span lang=\"es\" xml:lang=\"es\">Eau de Javel sp\u00e9ciale lave-linge pour blanchiment, d\u00e9tachage et d\u00e9sinfection du linge. <\/span><\/p>\n<p class=\"Estndar\"><span lang=\"es\" xml:lang=\"es\">Elle peut aussi \u00eatre utilis\u00e9e pour nettoyage de surfaces.<\/span><\/p>","protected":false},"featured_media":4194,"template":"","meta":{"neve_meta_sidebar":"","neve_meta_container":"","neve_meta_enable_content_width":"off","neve_meta_content_width":100,"neve_meta_title_alignment":"","neve_meta_author_avatar":"","neve_post_elements_order":"","neve_meta_disable_header":"","neve_meta_disable_footer":"","neve_meta_disable_title":""},"product_brand":[],"product_cat":[393,369],"product_tag":[],"class_list":{"0":"post-2788","1":"product","2":"type-product","3":"status-publish","4":"has-post-thumbnail","6":"product_cat-complementos-de-lavado","7":"product_cat-lavanderia","9":"first","10":"instock","11":"shipping-taxable","12":"product-type-simple"},"yoast_head":"<!-- This site is optimized with the Yoast SEO plugin v27.0 - https:\/\/yoast.com\/product\/yoast-seo-wordpress\/ -->\n<title>Lej\u00eda especial lavadora - Dermo | F\u00e1brica de detergentes<\/title>\n<meta name=\"robots\" content=\"index, follow, max-snippet:-1, max-image-preview:large, max-video-preview:-1\" \/>\n<link rel=\"canonical\" href=\"https:\/\/dermo.com\/fr\/catalogue\/eau-de-javel-pour-machine-a-laver\/\" \/>\n<meta property=\"og:locale\" content=\"fr_FR\" \/>\n<meta property=\"og:type\" content=\"article\" \/>\n<meta property=\"og:title\" content=\"Lej\u00eda especial lavadora - Dermo | F\u00e1brica de detergentes\" \/>\n<meta property=\"og:description\" content=\"Lej\u00eda Especial Lavadora Lej\u00eda Especial Lavadora para el blanqueo, desmanchado y desinfecci\u00f3n de tejidos en procesos de lavado.  Puede ser utilizada tambi\u00e9n en procesos de limpieza de superficies.\" \/>\n<meta property=\"og:url\" content=\"https:\/\/dermo.com\/fr\/catalogue\/eau-de-javel-pour-machine-a-laver\/\" \/>\n<meta property=\"og:site_name\" content=\"Dermo | F\u00e1brica de detergentes\" \/>\n<meta property=\"article:modified_time\" content=\"2024-09-10T07:41:02+00:00\" \/>\n<meta property=\"og:image\" content=\"https:\/\/dermo.com\/wp-content\/uploads\/2015\/08\/Lejia-Especial-Lavadora.png\" \/>\n\t<meta property=\"og:image:width\" content=\"768\" \/>\n\t<meta property=\"og:image:height\" content=\"823\" \/>\n\t<meta property=\"og:image:type\" content=\"image\/png\" \/>\n<meta name=\"twitter:card\" content=\"summary_large_image\" \/>\n<meta name=\"twitter:label1\" content=\"Dur\u00e9e de lecture estim\u00e9e\" \/>\n\t<meta name=\"twitter:data1\" content=\"1 minute\" \/>\n<script type=\"application\/ld+json\" class=\"yoast-schema-graph\">{\"@context\":\"https:\/\/schema.org\",\"@graph\":[{\"@type\":\"WebPage\",\"@id\":\"https:\/\/dermo.com\/catalogo\/lejia-lavadora\/\",\"url\":\"https:\/\/dermo.com\/catalogo\/lejia-lavadora\/\",\"name\":\"Lej\u00eda especial lavadora - Dermo | F\u00e1brica de detergentes\",\"isPartOf\":{\"@id\":\"https:\/\/dermo.com\/#website\"},\"primaryImageOfPage\":{\"@id\":\"https:\/\/dermo.com\/catalogo\/lejia-lavadora\/#primaryimage\"},\"image\":{\"@id\":\"https:\/\/dermo.com\/catalogo\/lejia-lavadora\/#primaryimage\"},\"thumbnailUrl\":\"https:\/\/dermo.com\/wp-content\/uploads\/2015\/08\/Lejia-Especial-Lavadora.png\",\"datePublished\":\"2015-08-03T11:24:47+00:00\",\"dateModified\":\"2024-09-10T07:41:02+00:00\",\"breadcrumb\":{\"@id\":\"https:\/\/dermo.com\/catalogo\/lejia-lavadora\/#breadcrumb\"},\"inLanguage\":\"fr-FR\",\"potentialAction\":[{\"@type\":\"ReadAction\",\"target\":[\"https:\/\/dermo.com\/catalogo\/lejia-lavadora\/\"]}]},{\"@type\":\"ImageObject\",\"inLanguage\":\"fr-FR\",\"@id\":\"https:\/\/dermo.com\/catalogo\/lejia-lavadora\/#primaryimage\",\"url\":\"https:\/\/dermo.com\/wp-content\/uploads\/2015\/08\/Lejia-Especial-Lavadora.png\",\"contentUrl\":\"https:\/\/dermo.com\/wp-content\/uploads\/2015\/08\/Lejia-Especial-Lavadora.png\",\"width\":768,\"height\":823},{\"@type\":\"BreadcrumbList\",\"@id\":\"https:\/\/dermo.com\/catalogo\/lejia-lavadora\/#breadcrumb\",\"itemListElement\":[{\"@type\":\"ListItem\",\"position\":1,\"name\":\"Portada\",\"item\":\"https:\/\/dermo.com\/\"},{\"@type\":\"ListItem\",\"position\":2,\"name\":\"Tienda\",\"item\":\"https:\/\/dermo.com\/tienda\/\"},{\"@type\":\"ListItem\",\"position\":3,\"name\":\"Lej\u00eda especial lavadora\"}]},{\"@type\":\"WebSite\",\"@id\":\"https:\/\/dermo.com\/#website\",\"url\":\"https:\/\/dermo.com\/\",\"name\":\"Dermo | F\u00e1brica de detergentes\",\"description\":\"Tecnolog\u00eda avanzada, investigaci\u00f3n y desarrollo, respeto por el medio ambiente, competencia, formaci\u00f3n constante y alto nivel de profesionalidad en nuestro equipo humano, empe\u00f1ado en preservar la calidad de vida, la protecci\u00f3n del entorno natural contin\u00faan motiv\u00e1ndonos para desarrollar en nuestros laboratorios nuevos productos con ingredientes activos altamente biodegradables que hacen posible un desarrollo sostenible.\",\"potentialAction\":[{\"@type\":\"SearchAction\",\"target\":{\"@type\":\"EntryPoint\",\"urlTemplate\":\"https:\/\/dermo.com\/?s={search_term_string}\"},\"query-input\":{\"@type\":\"PropertyValueSpecification\",\"valueRequired\":true,\"valueName\":\"search_term_string\"}}],\"inLanguage\":\"fr-FR\"}]}<\/script>\n<!-- \/ Yoast SEO plugin. -->","yoast_head_json":{"title":"Javel sp\u00e9cial lave-linge - Dermo | usine de d\u00e9tergents","robots":{"index":"index","follow":"follow","max-snippet":"max-snippet:-1","max-image-preview":"max-image-preview:large","max-video-preview":"max-video-preview:-1"},"canonical":"https:\/\/dermo.com\/fr\/catalogue\/eau-de-javel-pour-machine-a-laver\/","og_locale":"fr_FR","og_type":"article","og_title":"Lej\u00eda especial lavadora - Dermo | F\u00e1brica de detergentes","og_description":"Lej\u00eda Especial Lavadora Lej\u00eda Especial Lavadora para el blanqueo, desmanchado y desinfecci\u00f3n de tejidos en procesos de lavado.  Puede ser utilizada tambi\u00e9n en procesos de limpieza de superficies.","og_url":"https:\/\/dermo.com\/fr\/catalogue\/eau-de-javel-pour-machine-a-laver\/","og_site_name":"Dermo | F\u00e1brica de detergentes","article_modified_time":"2024-09-10T07:41:02+00:00","og_image":[{"width":768,"height":823,"url":"https:\/\/dermo.com\/wp-content\/uploads\/2015\/08\/Lejia-Especial-Lavadora.png","type":"image\/png"}],"twitter_card":"summary_large_image","twitter_misc":{"Dur\u00e9e de lecture estim\u00e9e":"1 minute"},"schema":{"@context":"https:\/\/schema.org","@graph":[{"@type":"WebPage","@id":"https:\/\/dermo.com\/catalogo\/lejia-lavadora\/","url":"https:\/\/dermo.com\/catalogo\/lejia-lavadora\/","name":"Javel sp\u00e9cial lave-linge - Dermo | usine de d\u00e9tergents","isPartOf":{"@id":"https:\/\/dermo.com\/#website"},"primaryImageOfPage":{"@id":"https:\/\/dermo.com\/catalogo\/lejia-lavadora\/#primaryimage"},"image":{"@id":"https:\/\/dermo.com\/catalogo\/lejia-lavadora\/#primaryimage"},"thumbnailUrl":"https:\/\/dermo.com\/wp-content\/uploads\/2015\/08\/Lejia-Especial-Lavadora.png","datePublished":"2015-08-03T11:24:47+00:00","dateModified":"2024-09-10T07:41:02+00:00","breadcrumb":{"@id":"https:\/\/dermo.com\/catalogo\/lejia-lavadora\/#breadcrumb"},"inLanguage":"fr-FR","potentialAction":[{"@type":"ReadAction","target":["https:\/\/dermo.com\/catalogo\/lejia-lavadora\/"]}]},{"@type":"ImageObject","inLanguage":"fr-FR","@id":"https:\/\/dermo.com\/catalogo\/lejia-lavadora\/#primaryimage","url":"https:\/\/dermo.com\/wp-content\/uploads\/2015\/08\/Lejia-Especial-Lavadora.png","contentUrl":"https:\/\/dermo.com\/wp-content\/uploads\/2015\/08\/Lejia-Especial-Lavadora.png","width":768,"height":823},{"@type":"BreadcrumbList","@id":"https:\/\/dermo.com\/catalogo\/lejia-lavadora\/#breadcrumb","itemListElement":[{"@type":"ListItem","position":1,"name":"Portada","item":"https:\/\/dermo.com\/"},{"@type":"ListItem","position":2,"name":"Tienda","item":"https:\/\/dermo.com\/tienda\/"},{"@type":"ListItem","position":3,"name":"Lej\u00eda especial lavadora"}]},{"@type":"WebSite","@id":"https:\/\/dermo.com\/#website","url":"https:\/\/dermo.com\/","name":"Dermo | usine de d\u00e9tergents","description":"Technologie avanc\u00e9e, recherche et d\u00e9veloppement, respect de l&#039;environnement, comp\u00e9tence, formation constante et haut niveau de professionnalisme de notre \u00e9quipe humaine, engag\u00e9e \u00e0 pr\u00e9server la qualit\u00e9 de vie, la protection de l&#039;environnement naturel continuent de nous motiver \u00e0 d\u00e9velopper de nouveaux produits dans notre laboratoires aux principes actifs hautement biod\u00e9gradables qui rendent possible le d\u00e9veloppement durable.","potentialAction":[{"@type":"SearchAction","target":{"@type":"EntryPoint","urlTemplate":"https:\/\/dermo.com\/?s={search_term_string}"},"query-input":{"@type":"PropertyValueSpecification","valueRequired":true,"valueName":"search_term_string"}}],"inLanguage":"fr-FR"}]}},"_links":{"self":[{"href":"https:\/\/dermo.com\/fr\/wp-json\/wp\/v2\/product\/2788","targetHints":{"allow":["GET"]}}],"collection":[{"href":"https:\/\/dermo.com\/fr\/wp-json\/wp\/v2\/product"}],"about":[{"href":"https:\/\/dermo.com\/fr\/wp-json\/wp\/v2\/types\/product"}],"wp:featuredmedia":[{"embeddable":true,"href":"https:\/\/dermo.com\/fr\/wp-json\/wp\/v2\/media\/4194"}],"wp:attachment":[{"href":"https:\/\/dermo.com\/fr\/wp-json\/wp\/v2\/media?parent=2788"}],"wp:term":[{"taxonomy":"product_brand","embeddable":true,"href":"https:\/\/dermo.com\/fr\/wp-json\/wp\/v2\/product_brand?post=2788"},{"taxonomy":"product_cat","embeddable":true,"href":"https:\/\/dermo.com\/fr\/wp-json\/wp\/v2\/product_cat?post=2788"},{"taxonomy":"product_tag","embeddable":true,"href":"https:\/\/dermo.com\/fr\/wp-json\/wp\/v2\/product_tag?post=2788"}],"curies":[{"name":"wp","href":"https:\/\/api.w.org\/{rel}","templated":true}]}}