{"id":2822,"date":"2015-08-07T12:59:14","date_gmt":"2015-08-07T12:59:14","guid":{"rendered":"https:\/\/dermo.ultbit.com\/producto\/h-100\/"},"modified":"2024-09-10T09:40:50","modified_gmt":"2024-09-10T07:40:50","slug":"h-100","status":"publish","type":"product","link":"https:\/\/dermo.com\/fr\/catalogue\/h-100\/","title":{"rendered":"H-100. Eau de Javel chlor\u00e9e"},"content":{"rendered":"<p><strong>MODE D'EMPLOI:<\/strong><br \/>\n\u2013 Doser dans la phase de blanchiment de 3 \u00e0 8 ml par kilo du linge sec aux temp\u00e9ratures entre 20 et 45\u00baC.<br \/>\n\u2013 Pour obtenir un bon rendement de H-100 et une d\u00e9t\u00e9rioration minimale du linge, la temp\u00e9rature du bain de lavage ne pas d\u00e9passer 45\u00baC et le pH environ 9.5.<br \/>\n\u2013 A pH inf\u00e9rieur de 9.5 il y a une grande concentration de l\u2019acede hypochloreux, plus agressifs que l\u2019hypochlorite, qui peut provoquer une d\u00e9t\u00e9rioration excessive du linge.<br \/>\n\u2013 A pH 10.5 l\u2019op\u00e9ration de blanchiment devra \u00eatre effectu\u00e9e \u00e0 50-55\u00baC.<br \/>\n\u2013 Ne pas utilis\u00e9r sur du linge avec taches de chlorhexidine. L\u2019hypochlorite r\u00e9agit avec la chlorhexidine donnant des taches brunes qui ne peuvent \u00eatre \u00e9limin\u00e9s par aucun traitement posterieur.<br \/>\n\u2013 \u00c9viter le contact du H-100 avec produits enzymatiques en bain de lavage puisqu\u2019ils seraient d\u00e9sactiv\u00e9s par le chlore.<br \/>\n\u2013 Assurer une bonne neutralisation apr\u00e8s avoir termin\u00e9 le blanchiment. Une neutralisation incompl\u00e8te conduira \u00e0 un jaunissement et \u00e0 des damages sur le linge au cors de l\u2019\u00f3peration de s\u00e9chage sous des temp\u00e9ratures \u00e9lev\u00e9es.<br \/>\n\u2013 Ne pas utiliser pour nylon.<\/p>\n<p><strong>CARACT\u00c9RISTIQUES TECHNIQUES<\/strong><br \/>\nAspect: Liquide.<br \/>\nCouleur : jaune-vert.<br \/>\nOdeur : Caract\u00e9ristique.&gt;<br \/>\npH pur : 11-13.<br \/>\nDensit\u00e9 relative : 1,25 kg\/l.<br \/>\nSolubilit\u00e9 dans eau: Soluble.<br \/>\nConcentration en substance active : 150 g\/l de chlore actif.<\/p>\n<p><strong>PR\u00c9SENTATION:<\/strong><br \/>\nEmballage de plastique:<\/p>\n<table>\n<tbody>\n<tr>\n<td>FORMAT<\/td>\n<td>\u00a0 \u00a0 \u00a0 \u00a030 kg<\/td>\n<\/tr>\n<tr>\n<td>CODE<\/td>\n<td>\u00a0 \u00a0002HIP30<\/td>\n<\/tr>\n<\/tbody>\n<\/table>","protected":false},"excerpt":{"rendered":"<h3>H-100<\/h3>\n<p class=\"Estndar\"><span lang=\"es\" xml:lang=\"es\">Blanchissant auxilliar du  lavage \u00e0 base de hypochlorite pour tout type de linge blanc  sp\u00e9cialement formul\u00e9 pour une utilisatin en blanchisseries, centres hospitaliers, etc..<\/span><\/p>\n<p class=\"Estndar\"><span lang=\"es\" xml:lang=\"es\">Il poss\u00e8de des propri\u00e9t\u00e9s oxydantes, d\u00e9sodorisantes, blanchissantes et d\u00e9tachantes.\u00a0<\/span>Il peut \u00eatre utilis\u00e9 dans des v\u00eatements de couleur r\u00e9sistants au chlore tels comme v\u00eatements pour bloc op\u00e9ratoire.<\/p>","protected":false},"featured_media":4193,"template":"","meta":{"neve_meta_sidebar":"","neve_meta_container":"","neve_meta_enable_content_width":"off","neve_meta_content_width":100,"neve_meta_title_alignment":"","neve_meta_author_avatar":"","neve_post_elements_order":"","neve_meta_disable_header":"","neve_meta_disable_footer":"","neve_meta_disable_title":""},"product_brand":[],"product_cat":[394,369],"product_tag":[],"class_list":{"0":"post-2822","1":"product","2":"type-product","3":"status-publish","4":"has-post-thumbnail","6":"product_cat-dosificacion-automatica","7":"product_cat-lavanderia","9":"first","10":"instock","11":"shipping-taxable","12":"product-type-simple"},"yoast_head":"<!-- This site is optimized with the Yoast SEO plugin v27.0 - https:\/\/yoast.com\/product\/yoast-seo-wordpress\/ -->\n<title>H-100. Blanqueador Clorado - Dermo | F\u00e1brica de detergentes<\/title>\n<meta name=\"robots\" content=\"index, follow, max-snippet:-1, max-image-preview:large, max-video-preview:-1\" \/>\n<link rel=\"canonical\" href=\"https:\/\/dermo.com\/fr\/catalogue\/h-100\/\" \/>\n<meta property=\"og:locale\" content=\"fr_FR\" \/>\n<meta property=\"og:type\" content=\"article\" \/>\n<meta property=\"og:title\" content=\"H-100. Blanqueador Clorado - Dermo | F\u00e1brica de detergentes\" \/>\n<meta property=\"og:description\" content=\"H-100 Blanqueador auxiliar de lavado de ropa blanca especialmente indicado para su uso en lavander\u00edas comerciales, centros hospitalarios, etc. Tiene propiedades oxidantes, desodorizantes, blanqueadoras y quitamanchas.\u00a0Puede utilizarse en ropas de color resistentes al cloro tales como ropa para quir\u00f3fano.\" \/>\n<meta property=\"og:url\" content=\"https:\/\/dermo.com\/fr\/catalogue\/h-100\/\" \/>\n<meta property=\"og:site_name\" content=\"Dermo | F\u00e1brica de detergentes\" \/>\n<meta property=\"article:modified_time\" content=\"2024-09-10T07:40:50+00:00\" \/>\n<meta property=\"og:image\" content=\"https:\/\/dermo.com\/wp-content\/uploads\/2015\/08\/H-100.-Blanqueador-Clorado.png\" \/>\n\t<meta property=\"og:image:width\" content=\"768\" \/>\n\t<meta property=\"og:image:height\" content=\"823\" \/>\n\t<meta property=\"og:image:type\" content=\"image\/png\" \/>\n<meta name=\"twitter:card\" content=\"summary_large_image\" \/>\n<meta name=\"twitter:label1\" content=\"Dur\u00e9e de lecture estim\u00e9e\" \/>\n\t<meta name=\"twitter:data1\" content=\"2 minutes\" \/>\n<script type=\"application\/ld+json\" class=\"yoast-schema-graph\">{\"@context\":\"https:\/\/schema.org\",\"@graph\":[{\"@type\":\"WebPage\",\"@id\":\"https:\/\/dermo.com\/catalogo\/h-100\/\",\"url\":\"https:\/\/dermo.com\/catalogo\/h-100\/\",\"name\":\"H-100. Blanqueador Clorado - Dermo | F\u00e1brica de detergentes\",\"isPartOf\":{\"@id\":\"https:\/\/dermo.com\/#website\"},\"primaryImageOfPage\":{\"@id\":\"https:\/\/dermo.com\/catalogo\/h-100\/#primaryimage\"},\"image\":{\"@id\":\"https:\/\/dermo.com\/catalogo\/h-100\/#primaryimage\"},\"thumbnailUrl\":\"https:\/\/dermo.com\/wp-content\/uploads\/2015\/08\/H-100.-Blanqueador-Clorado.png\",\"datePublished\":\"2015-08-07T12:59:14+00:00\",\"dateModified\":\"2024-09-10T07:40:50+00:00\",\"breadcrumb\":{\"@id\":\"https:\/\/dermo.com\/catalogo\/h-100\/#breadcrumb\"},\"inLanguage\":\"fr-FR\",\"potentialAction\":[{\"@type\":\"ReadAction\",\"target\":[\"https:\/\/dermo.com\/catalogo\/h-100\/\"]}]},{\"@type\":\"ImageObject\",\"inLanguage\":\"fr-FR\",\"@id\":\"https:\/\/dermo.com\/catalogo\/h-100\/#primaryimage\",\"url\":\"https:\/\/dermo.com\/wp-content\/uploads\/2015\/08\/H-100.-Blanqueador-Clorado.png\",\"contentUrl\":\"https:\/\/dermo.com\/wp-content\/uploads\/2015\/08\/H-100.-Blanqueador-Clorado.png\",\"width\":768,\"height\":823},{\"@type\":\"BreadcrumbList\",\"@id\":\"https:\/\/dermo.com\/catalogo\/h-100\/#breadcrumb\",\"itemListElement\":[{\"@type\":\"ListItem\",\"position\":1,\"name\":\"Portada\",\"item\":\"https:\/\/dermo.com\/\"},{\"@type\":\"ListItem\",\"position\":2,\"name\":\"Tienda\",\"item\":\"https:\/\/dermo.com\/tienda\/\"},{\"@type\":\"ListItem\",\"position\":3,\"name\":\"H-100. Blanqueador Clorado\"}]},{\"@type\":\"WebSite\",\"@id\":\"https:\/\/dermo.com\/#website\",\"url\":\"https:\/\/dermo.com\/\",\"name\":\"Dermo | F\u00e1brica de detergentes\",\"description\":\"Tecnolog\u00eda avanzada, investigaci\u00f3n y desarrollo, respeto por el medio ambiente, competencia, formaci\u00f3n constante y alto nivel de profesionalidad en nuestro equipo humano, empe\u00f1ado en preservar la calidad de vida, la protecci\u00f3n del entorno natural contin\u00faan motiv\u00e1ndonos para desarrollar en nuestros laboratorios nuevos productos con ingredientes activos altamente biodegradables que hacen posible un desarrollo sostenible.\",\"potentialAction\":[{\"@type\":\"SearchAction\",\"target\":{\"@type\":\"EntryPoint\",\"urlTemplate\":\"https:\/\/dermo.com\/?s={search_term_string}\"},\"query-input\":{\"@type\":\"PropertyValueSpecification\",\"valueRequired\":true,\"valueName\":\"search_term_string\"}}],\"inLanguage\":\"fr-FR\"}]}<\/script>\n<!-- \/ Yoast SEO plugin. -->","yoast_head_json":{"title":"H-100. Eau de Javel chlor\u00e9e - Dermo | usine de d\u00e9tergents","robots":{"index":"index","follow":"follow","max-snippet":"max-snippet:-1","max-image-preview":"max-image-preview:large","max-video-preview":"max-video-preview:-1"},"canonical":"https:\/\/dermo.com\/fr\/catalogue\/h-100\/","og_locale":"fr_FR","og_type":"article","og_title":"H-100. Blanqueador Clorado - Dermo | F\u00e1brica de detergentes","og_description":"H-100 Blanqueador auxiliar de lavado de ropa blanca especialmente indicado para su uso en lavander\u00edas comerciales, centros hospitalarios, etc. Tiene propiedades oxidantes, desodorizantes, blanqueadoras y quitamanchas.\u00a0Puede utilizarse en ropas de color resistentes al cloro tales como ropa para quir\u00f3fano.","og_url":"https:\/\/dermo.com\/fr\/catalogue\/h-100\/","og_site_name":"Dermo | F\u00e1brica de detergentes","article_modified_time":"2024-09-10T07:40:50+00:00","og_image":[{"width":768,"height":823,"url":"https:\/\/dermo.com\/wp-content\/uploads\/2015\/08\/H-100.-Blanqueador-Clorado.png","type":"image\/png"}],"twitter_card":"summary_large_image","twitter_misc":{"Dur\u00e9e de lecture estim\u00e9e":"2 minutes"},"schema":{"@context":"https:\/\/schema.org","@graph":[{"@type":"WebPage","@id":"https:\/\/dermo.com\/catalogo\/h-100\/","url":"https:\/\/dermo.com\/catalogo\/h-100\/","name":"H-100. Eau de Javel chlor\u00e9e - Dermo | usine de d\u00e9tergents","isPartOf":{"@id":"https:\/\/dermo.com\/#website"},"primaryImageOfPage":{"@id":"https:\/\/dermo.com\/catalogo\/h-100\/#primaryimage"},"image":{"@id":"https:\/\/dermo.com\/catalogo\/h-100\/#primaryimage"},"thumbnailUrl":"https:\/\/dermo.com\/wp-content\/uploads\/2015\/08\/H-100.-Blanqueador-Clorado.png","datePublished":"2015-08-07T12:59:14+00:00","dateModified":"2024-09-10T07:40:50+00:00","breadcrumb":{"@id":"https:\/\/dermo.com\/catalogo\/h-100\/#breadcrumb"},"inLanguage":"fr-FR","potentialAction":[{"@type":"ReadAction","target":["https:\/\/dermo.com\/catalogo\/h-100\/"]}]},{"@type":"ImageObject","inLanguage":"fr-FR","@id":"https:\/\/dermo.com\/catalogo\/h-100\/#primaryimage","url":"https:\/\/dermo.com\/wp-content\/uploads\/2015\/08\/H-100.-Blanqueador-Clorado.png","contentUrl":"https:\/\/dermo.com\/wp-content\/uploads\/2015\/08\/H-100.-Blanqueador-Clorado.png","width":768,"height":823},{"@type":"BreadcrumbList","@id":"https:\/\/dermo.com\/catalogo\/h-100\/#breadcrumb","itemListElement":[{"@type":"ListItem","position":1,"name":"Portada","item":"https:\/\/dermo.com\/"},{"@type":"ListItem","position":2,"name":"Tienda","item":"https:\/\/dermo.com\/tienda\/"},{"@type":"ListItem","position":3,"name":"H-100. Blanqueador Clorado"}]},{"@type":"WebSite","@id":"https:\/\/dermo.com\/#website","url":"https:\/\/dermo.com\/","name":"Dermo | usine de d\u00e9tergents","description":"Technologie avanc\u00e9e, recherche et d\u00e9veloppement, respect de l&#039;environnement, comp\u00e9tence, formation constante et haut niveau de professionnalisme de notre \u00e9quipe humaine, engag\u00e9e \u00e0 pr\u00e9server la qualit\u00e9 de vie, la protection de l&#039;environnement naturel continuent de nous motiver \u00e0 d\u00e9velopper de nouveaux produits dans notre laboratoires aux principes actifs hautement biod\u00e9gradables qui rendent possible le d\u00e9veloppement durable.","potentialAction":[{"@type":"SearchAction","target":{"@type":"EntryPoint","urlTemplate":"https:\/\/dermo.com\/?s={search_term_string}"},"query-input":{"@type":"PropertyValueSpecification","valueRequired":true,"valueName":"search_term_string"}}],"inLanguage":"fr-FR"}]}},"_links":{"self":[{"href":"https:\/\/dermo.com\/fr\/wp-json\/wp\/v2\/product\/2822","targetHints":{"allow":["GET"]}}],"collection":[{"href":"https:\/\/dermo.com\/fr\/wp-json\/wp\/v2\/product"}],"about":[{"href":"https:\/\/dermo.com\/fr\/wp-json\/wp\/v2\/types\/product"}],"wp:featuredmedia":[{"embeddable":true,"href":"https:\/\/dermo.com\/fr\/wp-json\/wp\/v2\/media\/4193"}],"wp:attachment":[{"href":"https:\/\/dermo.com\/fr\/wp-json\/wp\/v2\/media?parent=2822"}],"wp:term":[{"taxonomy":"product_brand","embeddable":true,"href":"https:\/\/dermo.com\/fr\/wp-json\/wp\/v2\/product_brand?post=2822"},{"taxonomy":"product_cat","embeddable":true,"href":"https:\/\/dermo.com\/fr\/wp-json\/wp\/v2\/product_cat?post=2822"},{"taxonomy":"product_tag","embeddable":true,"href":"https:\/\/dermo.com\/fr\/wp-json\/wp\/v2\/product_tag?post=2822"}],"curies":[{"name":"wp","href":"https:\/\/api.w.org\/{rel}","templated":true}]}}