{"id":2824,"date":"2015-09-24T10:12:17","date_gmt":"2015-09-24T10:12:17","guid":{"rendered":"https:\/\/dermo.ultbit.com\/producto\/gelman-aloe-vera\/"},"modified":"2024-11-13T11:35:45","modified_gmt":"2024-11-13T10:35:45","slug":"gelman-aloe-vera","status":"publish","type":"product","link":"https:\/\/dermo.com\/fr\/catalogue\/gelman-aloe-vera\/","title":{"rendered":"Gel d&#039;Aloe Vera. gel de bain"},"content":{"rendered":"<p><strong>MODE D'EMPLOI:<\/strong><br \/>\nAppliquez une noisette de gel sur une \u00e9ponge ou directement sur votre main. \u00c9talez le gel avec un<br \/>\nmassage doux sur peau humide. Rincer abondamment \u00e0 l&#039;eau.<\/p>\n<p><strong>CARACT\u00c9RISTIQUES TECHNIQUES<\/strong><br \/>\nAspect: Liquide dense.<br \/>\nColeur: Vert<br \/>\nOdeur : Parfum.<br \/>\npH pur : 5,5 \u2013 6<\/p>\n<p><strong>COMPOSITION<\/strong><br \/>\nIngr\u00e9dients\u00a0: AQUA, LAURETH SULFATE DE SODIUM, COCAMIDE DEA, CHLORURE DE SODIUM, COCAMIDOPROPYL<br \/>\nB\u00c9TA\u00cfNE, GLYC\u00c9RINE, EDTA T\u00c9TRASODIQUE, ACIDE CITRIQUE, PARFUM, HEXYL CINNAMAL, SALICYLATE DE BENZYLE,<br \/>\nLIMON\u00c8NE, M\u00c9THYLCHLOROISOTHIAZOLINONE, M\u00c9THYLISOTHIAZOLINONE, CI 19140, CI 420510.<\/p>\n<p><strong>PR\u00c9SENTATION<\/strong><br \/>\nEmballage de plastique:<\/p>\n<table>\n<tbody>\n<tr>\n<td>FORMAT<\/td>\n<td>\u00a0 \u00a0 \u00a0500 ml<\/td>\n<td>\u00a0 \u00a0 \u00a0 \u00a0 5 kg<\/td>\n<\/tr>\n<tr>\n<td>CODE<\/td>\n<td>\u00a0 \u00a0006GAL00<\/td>\n<td>\u00a0 \u00a0 006GAL05<\/td>\n<\/tr>\n<\/tbody>\n<\/table>\n<p><strong>S\u00c9CURIT\u00c9 \/ TOXICOLOGIE<\/strong><br \/>\n\u00c9vitez tout contact avec les yeux. En cas de contact, rincer imm\u00e9diatement et abondamment \u00e0 l&#039;eau. Non<br \/>\ning\u00e9rer. Tenir hors de port\u00e9e des enfants. Fermez toujours herm\u00e9tiquement la bouteille pour emp\u00eacher l\u2019eau de p\u00e9n\u00e9trer.<br \/>\nmodifier les propri\u00e9t\u00e9s du produit. En cas d&#039;accident, consulter le Service d&#039;Information M\u00e9dicale<br \/>\nToxicologique. T\u00e9l. : 915 620 420.<\/p>\n<p><strong>INFORMATIONS COMPL\u00c9MENTAIRES<\/strong><br \/>\nPRODUIT COSM\u00c9TIQUE.<\/p>\n<p>&nbsp;<\/p>","protected":false},"excerpt":{"rendered":"<h3>Gel d&#039;Aloe Vera<\/h3>\n<p class=\"Estndar\">Savon de bain dermoprotecteur, pour le soin et l\u2019hygi\u00e8ne corporels. Il permet un usage fr\u00e9quent sans gercer ni dess\u00e9cher la peau, laissant en m\u00eame temps un agr\u00e9able parfum Aloe Vera. Sp\u00e9cialement appropri\u00e9 pour l\u2019hygi\u00e8ne personelle en gymnases, h\u00f4tels, cr\u00e8ches, centres g\u00e9riatriques\u2026<\/p>\n<table>\n<tbody>\n<tr>\n<td style=\"width: 100%;\">\n<div class=\"video-section\">\n<p class=\"Estndar\"><span lang=\"es\" xml:lang=\"es\"><strong>Vid\u00e9os d&#039;application d&#039;hygi\u00e8ne personnelle\u00a0:<\/strong><\/span><\/p>\n<details>\n<summary>Vid\u00e9o de candidature \u2013 espagnol<\/summary>\n<p><iframe src=\"https:\/\/www.youtube.com\/embed\/zdXAXc_mG2U?rel=0\"><\/iframe><\/p>\n<\/details>\n<details>\n<summary>Vid\u00e9o de candidature \u2013 anglais<\/summary>\n<p><iframe src=\"https:\/\/www.youtube.com\/embed\/zkaNIiD1MYI?rel=0\"><\/iframe><\/p>\n<\/details>\n<details>\n<summary>Vid\u00e9o de candidature \u2013 fran\u00e7ais<\/summary>\n<p><iframe src=\"https:\/\/www.youtube.com\/embed\/u4TYu1n9HKc?rel=0\"><\/iframe><\/p>\n<\/details>\n<details>\n<summary>Vid\u00e9o de candidature \u2013 portugais<\/summary>\n<p><iframe src=\"https:\/\/www.youtube.com\/embed\/q0mEvOE3_Rw?rel=0\"><\/iframe><\/p>\n<\/details>\n<details>\n<summary>Vid\u00e9o de candidature \u2013 anglais (deuxi\u00e8me)<\/summary>\n<p><iframe src=\"https:\/\/www.youtube.com\/embed\/gm5igHf0Iw4?rel=0\"><\/iframe><\/p>\n<\/details>\n<\/div>\n<\/td>\n<\/tr>\n<\/tbody>\n<\/table>","protected":false},"featured_media":2823,"template":"","meta":{"neve_meta_sidebar":"","neve_meta_container":"","neve_meta_enable_content_width":"off","neve_meta_content_width":100,"neve_meta_title_alignment":"","neve_meta_author_avatar":"","neve_post_elements_order":"","neve_meta_disable_header":"","neve_meta_disable_footer":"","neve_meta_disable_title":""},"product_brand":[],"product_cat":[384],"product_tag":[],"class_list":{"0":"post-2824","1":"product","2":"type-product","3":"status-publish","4":"has-post-thumbnail","6":"product_cat-higiene-personal","8":"first","9":"instock","10":"shipping-taxable","11":"product-type-simple"},"yoast_head":"<!-- This site is optimized with the Yoast SEO plugin v27.0 - https:\/\/yoast.com\/product\/yoast-seo-wordpress\/ -->\n<title>Gel Aloe Vera. Gel de ba\u00f1o - Dermo | F\u00e1brica de detergentes<\/title>\n<meta name=\"robots\" content=\"index, follow, max-snippet:-1, max-image-preview:large, max-video-preview:-1\" \/>\n<link rel=\"canonical\" href=\"https:\/\/dermo.com\/fr\/catalogue\/gelman-aloe-vera\/\" \/>\n<meta property=\"og:locale\" content=\"fr_FR\" \/>\n<meta property=\"og:type\" content=\"article\" \/>\n<meta property=\"og:title\" content=\"Gel Aloe Vera. Gel de ba\u00f1o - Dermo | F\u00e1brica de detergentes\" \/>\n<meta property=\"og:description\" content=\"Gel Aloe Vera Gel de ba\u00f1o dermoprotector de pH neutro para el cuidado y aseo corporal. Permite un uso frecuente sin agrietar ni resecar la piel, al mismo tiempo que deja en ella un agradable perfume de Aloe Vera. Especialmente adecuado para la higiene personal en gimnasios, hoteles, guarder\u00edas, residencias geri\u00e1tricas...       V\u00eddeos de Aplicaci\u00f3n Higiene personal:  V\u00eddeo de Aplicaci\u00f3n - Espa\u00f1ol  V\u00eddeo de Aplicaci\u00f3n - Ingl\u00e9s  V\u00eddeo de Aplicaci\u00f3n - Franc\u00e9s  V\u00eddeo de Aplicaci\u00f3n - Portugu\u00e9s  V\u00eddeo de Aplicaci\u00f3n - Ingl\u00e9s (segundo)\" \/>\n<meta property=\"og:url\" content=\"https:\/\/dermo.com\/fr\/catalogue\/gelman-aloe-vera\/\" \/>\n<meta property=\"og:site_name\" content=\"Dermo | F\u00e1brica de detergentes\" \/>\n<meta property=\"article:modified_time\" content=\"2024-11-13T10:35:45+00:00\" \/>\n<meta property=\"og:image\" content=\"https:\/\/dermo.com\/wp-content\/uploads\/2015\/09\/203-Gel-Aloe-Vera.-Gel-de-bano.jpg\" \/>\n\t<meta property=\"og:image:width\" content=\"800\" \/>\n\t<meta property=\"og:image:height\" content=\"720\" \/>\n\t<meta property=\"og:image:type\" content=\"image\/jpeg\" \/>\n<meta name=\"twitter:card\" content=\"summary_large_image\" \/>\n<meta name=\"twitter:label1\" content=\"Dur\u00e9e de lecture estim\u00e9e\" \/>\n\t<meta name=\"twitter:data1\" content=\"1 minute\" \/>\n<script type=\"application\/ld+json\" class=\"yoast-schema-graph\">{\"@context\":\"https:\/\/schema.org\",\"@graph\":[{\"@type\":\"WebPage\",\"@id\":\"https:\/\/dermo.com\/catalogo\/gelman-aloe-vera\/\",\"url\":\"https:\/\/dermo.com\/catalogo\/gelman-aloe-vera\/\",\"name\":\"Gel Aloe Vera. Gel de ba\u00f1o - Dermo | F\u00e1brica de detergentes\",\"isPartOf\":{\"@id\":\"https:\/\/dermo.com\/#website\"},\"primaryImageOfPage\":{\"@id\":\"https:\/\/dermo.com\/catalogo\/gelman-aloe-vera\/#primaryimage\"},\"image\":{\"@id\":\"https:\/\/dermo.com\/catalogo\/gelman-aloe-vera\/#primaryimage\"},\"thumbnailUrl\":\"https:\/\/dermo.com\/wp-content\/uploads\/2015\/09\/203-Gel-Aloe-Vera.-Gel-de-bano.jpg\",\"datePublished\":\"2015-09-24T10:12:17+00:00\",\"dateModified\":\"2024-11-13T10:35:45+00:00\",\"breadcrumb\":{\"@id\":\"https:\/\/dermo.com\/catalogo\/gelman-aloe-vera\/#breadcrumb\"},\"inLanguage\":\"fr-FR\",\"potentialAction\":[{\"@type\":\"ReadAction\",\"target\":[\"https:\/\/dermo.com\/catalogo\/gelman-aloe-vera\/\"]}]},{\"@type\":\"ImageObject\",\"inLanguage\":\"fr-FR\",\"@id\":\"https:\/\/dermo.com\/catalogo\/gelman-aloe-vera\/#primaryimage\",\"url\":\"https:\/\/dermo.com\/wp-content\/uploads\/2015\/09\/203-Gel-Aloe-Vera.-Gel-de-bano.jpg\",\"contentUrl\":\"https:\/\/dermo.com\/wp-content\/uploads\/2015\/09\/203-Gel-Aloe-Vera.-Gel-de-bano.jpg\",\"width\":800,\"height\":720,\"caption\":\"Gel Aloe Vera. Gel de ba\u00f1o\"},{\"@type\":\"BreadcrumbList\",\"@id\":\"https:\/\/dermo.com\/catalogo\/gelman-aloe-vera\/#breadcrumb\",\"itemListElement\":[{\"@type\":\"ListItem\",\"position\":1,\"name\":\"Portada\",\"item\":\"https:\/\/dermo.com\/\"},{\"@type\":\"ListItem\",\"position\":2,\"name\":\"Tienda\",\"item\":\"https:\/\/dermo.com\/tienda\/\"},{\"@type\":\"ListItem\",\"position\":3,\"name\":\"Gel Aloe Vera. Gel de ba\u00f1o\"}]},{\"@type\":\"WebSite\",\"@id\":\"https:\/\/dermo.com\/#website\",\"url\":\"https:\/\/dermo.com\/\",\"name\":\"Dermo | F\u00e1brica de detergentes\",\"description\":\"Tecnolog\u00eda avanzada, investigaci\u00f3n y desarrollo, respeto por el medio ambiente, competencia, formaci\u00f3n constante y alto nivel de profesionalidad en nuestro equipo humano, empe\u00f1ado en preservar la calidad de vida, la protecci\u00f3n del entorno natural contin\u00faan motiv\u00e1ndonos para desarrollar en nuestros laboratorios nuevos productos con ingredientes activos altamente biodegradables que hacen posible un desarrollo sostenible.\",\"potentialAction\":[{\"@type\":\"SearchAction\",\"target\":{\"@type\":\"EntryPoint\",\"urlTemplate\":\"https:\/\/dermo.com\/?s={search_term_string}\"},\"query-input\":{\"@type\":\"PropertyValueSpecification\",\"valueRequired\":true,\"valueName\":\"search_term_string\"}}],\"inLanguage\":\"fr-FR\"}]}<\/script>\n<!-- \/ Yoast SEO plugin. -->","yoast_head_json":{"title":"Gel d&#039;Aloe Vera. Gel de bain - Dermo | usine de d\u00e9tergents","robots":{"index":"index","follow":"follow","max-snippet":"max-snippet:-1","max-image-preview":"max-image-preview:large","max-video-preview":"max-video-preview:-1"},"canonical":"https:\/\/dermo.com\/fr\/catalogue\/gelman-aloe-vera\/","og_locale":"fr_FR","og_type":"article","og_title":"Gel Aloe Vera. Gel de ba\u00f1o - Dermo | F\u00e1brica de detergentes","og_description":"Gel Aloe Vera Gel de ba\u00f1o dermoprotector de pH neutro para el cuidado y aseo corporal. Permite un uso frecuente sin agrietar ni resecar la piel, al mismo tiempo que deja en ella un agradable perfume de Aloe Vera. Especialmente adecuado para la higiene personal en gimnasios, hoteles, guarder\u00edas, residencias geri\u00e1tricas...       V\u00eddeos de Aplicaci\u00f3n Higiene personal:  V\u00eddeo de Aplicaci\u00f3n - Espa\u00f1ol  V\u00eddeo de Aplicaci\u00f3n - Ingl\u00e9s  V\u00eddeo de Aplicaci\u00f3n - Franc\u00e9s  V\u00eddeo de Aplicaci\u00f3n - Portugu\u00e9s  V\u00eddeo de Aplicaci\u00f3n - Ingl\u00e9s (segundo)","og_url":"https:\/\/dermo.com\/fr\/catalogue\/gelman-aloe-vera\/","og_site_name":"Dermo | F\u00e1brica de detergentes","article_modified_time":"2024-11-13T10:35:45+00:00","og_image":[{"width":800,"height":720,"url":"https:\/\/dermo.com\/wp-content\/uploads\/2015\/09\/203-Gel-Aloe-Vera.-Gel-de-bano.jpg","type":"image\/jpeg"}],"twitter_card":"summary_large_image","twitter_misc":{"Dur\u00e9e de lecture estim\u00e9e":"1 minute"},"schema":{"@context":"https:\/\/schema.org","@graph":[{"@type":"WebPage","@id":"https:\/\/dermo.com\/catalogo\/gelman-aloe-vera\/","url":"https:\/\/dermo.com\/catalogo\/gelman-aloe-vera\/","name":"Gel d&#039;Aloe Vera. Gel de bain - Dermo | usine de d\u00e9tergents","isPartOf":{"@id":"https:\/\/dermo.com\/#website"},"primaryImageOfPage":{"@id":"https:\/\/dermo.com\/catalogo\/gelman-aloe-vera\/#primaryimage"},"image":{"@id":"https:\/\/dermo.com\/catalogo\/gelman-aloe-vera\/#primaryimage"},"thumbnailUrl":"https:\/\/dermo.com\/wp-content\/uploads\/2015\/09\/203-Gel-Aloe-Vera.-Gel-de-bano.jpg","datePublished":"2015-09-24T10:12:17+00:00","dateModified":"2024-11-13T10:35:45+00:00","breadcrumb":{"@id":"https:\/\/dermo.com\/catalogo\/gelman-aloe-vera\/#breadcrumb"},"inLanguage":"fr-FR","potentialAction":[{"@type":"ReadAction","target":["https:\/\/dermo.com\/catalogo\/gelman-aloe-vera\/"]}]},{"@type":"ImageObject","inLanguage":"fr-FR","@id":"https:\/\/dermo.com\/catalogo\/gelman-aloe-vera\/#primaryimage","url":"https:\/\/dermo.com\/wp-content\/uploads\/2015\/09\/203-Gel-Aloe-Vera.-Gel-de-bano.jpg","contentUrl":"https:\/\/dermo.com\/wp-content\/uploads\/2015\/09\/203-Gel-Aloe-Vera.-Gel-de-bano.jpg","width":800,"height":720,"caption":"Gel Aloe Vera. Gel de ba\u00f1o"},{"@type":"BreadcrumbList","@id":"https:\/\/dermo.com\/catalogo\/gelman-aloe-vera\/#breadcrumb","itemListElement":[{"@type":"ListItem","position":1,"name":"Portada","item":"https:\/\/dermo.com\/"},{"@type":"ListItem","position":2,"name":"Tienda","item":"https:\/\/dermo.com\/tienda\/"},{"@type":"ListItem","position":3,"name":"Gel Aloe Vera. Gel de ba\u00f1o"}]},{"@type":"WebSite","@id":"https:\/\/dermo.com\/#website","url":"https:\/\/dermo.com\/","name":"Dermo | usine de d\u00e9tergents","description":"Technologie avanc\u00e9e, recherche et d\u00e9veloppement, respect de l&#039;environnement, comp\u00e9tence, formation constante et haut niveau de professionnalisme de notre \u00e9quipe humaine, engag\u00e9e \u00e0 pr\u00e9server la qualit\u00e9 de vie, la protection de l&#039;environnement naturel continuent de nous motiver \u00e0 d\u00e9velopper de nouveaux produits dans notre laboratoires aux principes actifs hautement biod\u00e9gradables qui rendent possible le d\u00e9veloppement durable.","potentialAction":[{"@type":"SearchAction","target":{"@type":"EntryPoint","urlTemplate":"https:\/\/dermo.com\/?s={search_term_string}"},"query-input":{"@type":"PropertyValueSpecification","valueRequired":true,"valueName":"search_term_string"}}],"inLanguage":"fr-FR"}]}},"_links":{"self":[{"href":"https:\/\/dermo.com\/fr\/wp-json\/wp\/v2\/product\/2824","targetHints":{"allow":["GET"]}}],"collection":[{"href":"https:\/\/dermo.com\/fr\/wp-json\/wp\/v2\/product"}],"about":[{"href":"https:\/\/dermo.com\/fr\/wp-json\/wp\/v2\/types\/product"}],"wp:featuredmedia":[{"embeddable":true,"href":"https:\/\/dermo.com\/fr\/wp-json\/wp\/v2\/media\/2823"}],"wp:attachment":[{"href":"https:\/\/dermo.com\/fr\/wp-json\/wp\/v2\/media?parent=2824"}],"wp:term":[{"taxonomy":"product_brand","embeddable":true,"href":"https:\/\/dermo.com\/fr\/wp-json\/wp\/v2\/product_brand?post=2824"},{"taxonomy":"product_cat","embeddable":true,"href":"https:\/\/dermo.com\/fr\/wp-json\/wp\/v2\/product_cat?post=2824"},{"taxonomy":"product_tag","embeddable":true,"href":"https:\/\/dermo.com\/fr\/wp-json\/wp\/v2\/product_tag?post=2824"}],"curies":[{"name":"wp","href":"https:\/\/api.w.org\/{rel}","templated":true}]}}