{"id":2887,"date":"2020-02-28T07:36:26","date_gmt":"2020-02-28T07:36:26","guid":{"rendered":"https:\/\/dermo.ultbit.com\/producto\/f200-blue-fregasuelos\/"},"modified":"2025-05-15T16:11:45","modified_gmt":"2025-05-15T14:11:45","slug":"nettoyant-pour-sols-bleu-f200","status":"publish","type":"product","link":"https:\/\/dermo.com\/fr\/catalogue\/nettoyant-pour-sols-bleu-f200\/","title":{"rendered":"F-200 Blue. Serpilli\u00e8re"},"content":{"rendered":"<p><strong>MODE D'EMPLOI:<\/strong><br \/>\nVerser 50 ml (environ une tasse \u00e0 caf\u00e9) dans un seau d\u2019eau et appliquer sur la surface \u00e0 nettoyer. Ne n\u00e9cessite pas de rin\u00e7age.<\/p>\n<p><strong>CARACT\u00c9RISTIQUES TECHNIQUES<\/strong><br \/>\nAspect: Liquide.<br \/>\nColeur: Bleu<br \/>\nOdeur : Propre.<br \/>\npH pur\u00a0: 5,5 -7,5<br \/>\nDensit\u00e9\u00a0: 0,99 \u2013 1,00 g\/cc<br \/>\nSolubilit\u00e9 dans eau: Soluble.<\/p>\n<p><strong>COMPOSITION<\/strong><br \/>\nTensioactifs, parfum et colorant.<\/p>\n<p><strong>PR\u00c9SENTATION<\/strong><br \/>\nEmballage de plastique:<\/p>\n<table>\n<tbody>\n<tr>\n<td>FORMAT<\/td>\n<td>5L<\/td>\n<\/tr>\n<tr>\n<td>CODE<\/td>\n<td>004F20B5<\/td>\n<\/tr>\n<\/tbody>\n<\/table>\n<p><strong>S\u00c9CURIT\u00c9 \/ TOXICOLOGIE<\/strong><br \/>\nEN CAS DE CONTACT AVEC LES YEUX : Rincer soigneusement \u00e0 l&#039;eau pendant plusieurs minutes. Retirer<br \/>\nlentilles de contact lorsqu\u2019elles sont pr\u00e9sentes et peuvent \u00eatre r\u00e9alis\u00e9es facilement. Continuez le lavage.<br \/>\nTenir hors de port\u00e9e des enfants. En cas d&#039;accident, consulter le Service d&#039;Information M\u00e9dicale<br \/>\nToxicologique. T\u00e9l. : 915 620 420.<\/p>\n<p><strong>INFORMATIONS COMPL\u00c9MENTAIRES<\/strong><br \/>\nPRODUIT INDUSTRIEL. UTILISATION PROFESSIONNELLE.<\/p>","protected":false},"excerpt":{"rendered":"<p><strong>F 200 Bleu<\/strong><\/p>\n<p class=\"Estndar\">Nettoyant pour sols efficace, \u00e0 s\u00e9chage rapide et sans traces qui pr\u00e9serve l&#039;\u00e9clat naturel. Utilisable sur les sols et surfaces lavables : vinyle, c\u00e9ramique, caoutchouc, terrazzo, marbre, PVC...<br \/>\nodeur agr\u00e9able et persistante.<\/p>","protected":false},"featured_media":4220,"template":"","meta":{"neve_meta_sidebar":"","neve_meta_container":"","neve_meta_enable_content_width":"off","neve_meta_content_width":100,"neve_meta_title_alignment":"","neve_meta_author_avatar":"","neve_post_elements_order":"","neve_meta_disable_header":"","neve_meta_disable_footer":"","neve_meta_disable_title":""},"product_brand":[],"product_cat":[367,1095,381],"product_tag":[],"class_list":{"0":"post-2887","1":"product","2":"type-product","3":"status-publish","4":"has-post-thumbnail","6":"product_cat-catalogo","7":"product_cat-escuelas-sectores","8":"product_cat-tratamiento-de-suelos","10":"first","11":"instock","12":"shipping-taxable","13":"product-type-simple"},"yoast_head":"<!-- This site is optimized with the Yoast SEO plugin v27.0 - https:\/\/yoast.com\/product\/yoast-seo-wordpress\/ -->\n<title>F-200 Blue. Fregasuelos - Dermo | F\u00e1brica de detergentes<\/title>\n<meta name=\"robots\" content=\"index, follow, max-snippet:-1, max-image-preview:large, max-video-preview:-1\" \/>\n<link rel=\"canonical\" href=\"https:\/\/dermo.com\/fr\/catalogue\/nettoyant-pour-sols-bleu-f200\/\" \/>\n<meta property=\"og:locale\" content=\"fr_FR\" \/>\n<meta property=\"og:type\" content=\"article\" \/>\n<meta property=\"og:title\" content=\"F-200 Blue. Fregasuelos - Dermo | F\u00e1brica de detergentes\" \/>\n<meta property=\"og:description\" content=\"F 200 Blue Fregasuelos de limpieza eficaz, secado r\u00e1pido y sin marcas que conserva el brillo natural. Utilizable en suelos y superficies lavables: vinilo, cer\u00e1mica, caucho, terrazo, m\u00e1rmol, PVC... Perfume agradable y persistente con efecto ambientador.\" \/>\n<meta property=\"og:url\" content=\"https:\/\/dermo.com\/fr\/catalogue\/nettoyant-pour-sols-bleu-f200\/\" \/>\n<meta property=\"og:site_name\" content=\"Dermo | F\u00e1brica de detergentes\" \/>\n<meta property=\"article:modified_time\" content=\"2025-05-15T14:11:45+00:00\" \/>\n<meta property=\"og:image\" content=\"https:\/\/dermo.com\/wp-content\/uploads\/2020\/02\/F200-Blue.-Fregasuelos-1.png\" \/>\n\t<meta property=\"og:image:width\" content=\"768\" \/>\n\t<meta property=\"og:image:height\" content=\"823\" \/>\n\t<meta property=\"og:image:type\" content=\"image\/png\" \/>\n<meta name=\"twitter:card\" content=\"summary_large_image\" \/>\n<meta name=\"twitter:label1\" content=\"Dur\u00e9e de lecture estim\u00e9e\" \/>\n\t<meta name=\"twitter:data1\" content=\"1 minute\" \/>\n<script type=\"application\/ld+json\" class=\"yoast-schema-graph\">{\"@context\":\"https:\/\/schema.org\",\"@graph\":[{\"@type\":\"WebPage\",\"@id\":\"https:\/\/dermo.com\/catalogo\/f200-blue-fregasuelos\/\",\"url\":\"https:\/\/dermo.com\/catalogo\/f200-blue-fregasuelos\/\",\"name\":\"F-200 Blue. Fregasuelos - Dermo | F\u00e1brica de detergentes\",\"isPartOf\":{\"@id\":\"https:\/\/dermo.com\/#website\"},\"primaryImageOfPage\":{\"@id\":\"https:\/\/dermo.com\/catalogo\/f200-blue-fregasuelos\/#primaryimage\"},\"image\":{\"@id\":\"https:\/\/dermo.com\/catalogo\/f200-blue-fregasuelos\/#primaryimage\"},\"thumbnailUrl\":\"https:\/\/dermo.com\/wp-content\/uploads\/2020\/02\/F200-Blue.-Fregasuelos-1.png\",\"datePublished\":\"2020-02-28T07:36:26+00:00\",\"dateModified\":\"2025-05-15T14:11:45+00:00\",\"breadcrumb\":{\"@id\":\"https:\/\/dermo.com\/catalogo\/f200-blue-fregasuelos\/#breadcrumb\"},\"inLanguage\":\"fr-FR\",\"potentialAction\":[{\"@type\":\"ReadAction\",\"target\":[\"https:\/\/dermo.com\/catalogo\/f200-blue-fregasuelos\/\"]}]},{\"@type\":\"ImageObject\",\"inLanguage\":\"fr-FR\",\"@id\":\"https:\/\/dermo.com\/catalogo\/f200-blue-fregasuelos\/#primaryimage\",\"url\":\"https:\/\/dermo.com\/wp-content\/uploads\/2020\/02\/F200-Blue.-Fregasuelos-1.png\",\"contentUrl\":\"https:\/\/dermo.com\/wp-content\/uploads\/2020\/02\/F200-Blue.-Fregasuelos-1.png\",\"width\":768,\"height\":823},{\"@type\":\"BreadcrumbList\",\"@id\":\"https:\/\/dermo.com\/catalogo\/f200-blue-fregasuelos\/#breadcrumb\",\"itemListElement\":[{\"@type\":\"ListItem\",\"position\":1,\"name\":\"Portada\",\"item\":\"https:\/\/dermo.com\/\"},{\"@type\":\"ListItem\",\"position\":2,\"name\":\"Tienda\",\"item\":\"https:\/\/dermo.com\/tienda\/\"},{\"@type\":\"ListItem\",\"position\":3,\"name\":\"F-200 Blue. Fregasuelos\"}]},{\"@type\":\"WebSite\",\"@id\":\"https:\/\/dermo.com\/#website\",\"url\":\"https:\/\/dermo.com\/\",\"name\":\"Dermo | F\u00e1brica de detergentes\",\"description\":\"Tecnolog\u00eda avanzada, investigaci\u00f3n y desarrollo, respeto por el medio ambiente, competencia, formaci\u00f3n constante y alto nivel de profesionalidad en nuestro equipo humano, empe\u00f1ado en preservar la calidad de vida, la protecci\u00f3n del entorno natural contin\u00faan motiv\u00e1ndonos para desarrollar en nuestros laboratorios nuevos productos con ingredientes activos altamente biodegradables que hacen posible un desarrollo sostenible.\",\"potentialAction\":[{\"@type\":\"SearchAction\",\"target\":{\"@type\":\"EntryPoint\",\"urlTemplate\":\"https:\/\/dermo.com\/?s={search_term_string}\"},\"query-input\":{\"@type\":\"PropertyValueSpecification\",\"valueRequired\":true,\"valueName\":\"search_term_string\"}}],\"inLanguage\":\"fr-FR\"}]}<\/script>\n<!-- \/ Yoast SEO plugin. -->","yoast_head_json":{"title":"F-200 Bleu. Nettoyant pour sols - Dermo | usine de d\u00e9tergents","robots":{"index":"index","follow":"follow","max-snippet":"max-snippet:-1","max-image-preview":"max-image-preview:large","max-video-preview":"max-video-preview:-1"},"canonical":"https:\/\/dermo.com\/fr\/catalogue\/nettoyant-pour-sols-bleu-f200\/","og_locale":"fr_FR","og_type":"article","og_title":"F-200 Blue. Fregasuelos - Dermo | F\u00e1brica de detergentes","og_description":"F 200 Blue Fregasuelos de limpieza eficaz, secado r\u00e1pido y sin marcas que conserva el brillo natural. Utilizable en suelos y superficies lavables: vinilo, cer\u00e1mica, caucho, terrazo, m\u00e1rmol, PVC... Perfume agradable y persistente con efecto ambientador.","og_url":"https:\/\/dermo.com\/fr\/catalogue\/nettoyant-pour-sols-bleu-f200\/","og_site_name":"Dermo | F\u00e1brica de detergentes","article_modified_time":"2025-05-15T14:11:45+00:00","og_image":[{"width":768,"height":823,"url":"https:\/\/dermo.com\/wp-content\/uploads\/2020\/02\/F200-Blue.-Fregasuelos-1.png","type":"image\/png"}],"twitter_card":"summary_large_image","twitter_misc":{"Dur\u00e9e de lecture estim\u00e9e":"1 minute"},"schema":{"@context":"https:\/\/schema.org","@graph":[{"@type":"WebPage","@id":"https:\/\/dermo.com\/catalogo\/f200-blue-fregasuelos\/","url":"https:\/\/dermo.com\/catalogo\/f200-blue-fregasuelos\/","name":"F-200 Bleu. Nettoyant pour sols - Dermo | usine de d\u00e9tergents","isPartOf":{"@id":"https:\/\/dermo.com\/#website"},"primaryImageOfPage":{"@id":"https:\/\/dermo.com\/catalogo\/f200-blue-fregasuelos\/#primaryimage"},"image":{"@id":"https:\/\/dermo.com\/catalogo\/f200-blue-fregasuelos\/#primaryimage"},"thumbnailUrl":"https:\/\/dermo.com\/wp-content\/uploads\/2020\/02\/F200-Blue.-Fregasuelos-1.png","datePublished":"2020-02-28T07:36:26+00:00","dateModified":"2025-05-15T14:11:45+00:00","breadcrumb":{"@id":"https:\/\/dermo.com\/catalogo\/f200-blue-fregasuelos\/#breadcrumb"},"inLanguage":"fr-FR","potentialAction":[{"@type":"ReadAction","target":["https:\/\/dermo.com\/catalogo\/f200-blue-fregasuelos\/"]}]},{"@type":"ImageObject","inLanguage":"fr-FR","@id":"https:\/\/dermo.com\/catalogo\/f200-blue-fregasuelos\/#primaryimage","url":"https:\/\/dermo.com\/wp-content\/uploads\/2020\/02\/F200-Blue.-Fregasuelos-1.png","contentUrl":"https:\/\/dermo.com\/wp-content\/uploads\/2020\/02\/F200-Blue.-Fregasuelos-1.png","width":768,"height":823},{"@type":"BreadcrumbList","@id":"https:\/\/dermo.com\/catalogo\/f200-blue-fregasuelos\/#breadcrumb","itemListElement":[{"@type":"ListItem","position":1,"name":"Portada","item":"https:\/\/dermo.com\/"},{"@type":"ListItem","position":2,"name":"Tienda","item":"https:\/\/dermo.com\/tienda\/"},{"@type":"ListItem","position":3,"name":"F-200 Blue. Fregasuelos"}]},{"@type":"WebSite","@id":"https:\/\/dermo.com\/#website","url":"https:\/\/dermo.com\/","name":"Dermo | usine de d\u00e9tergents","description":"Technologie avanc\u00e9e, recherche et d\u00e9veloppement, respect de l&#039;environnement, comp\u00e9tence, formation constante et haut niveau de professionnalisme de notre \u00e9quipe humaine, engag\u00e9e \u00e0 pr\u00e9server la qualit\u00e9 de vie, la protection de l&#039;environnement naturel continuent de nous motiver \u00e0 d\u00e9velopper de nouveaux produits dans notre laboratoires aux principes actifs hautement biod\u00e9gradables qui rendent possible le d\u00e9veloppement durable.","potentialAction":[{"@type":"SearchAction","target":{"@type":"EntryPoint","urlTemplate":"https:\/\/dermo.com\/?s={search_term_string}"},"query-input":{"@type":"PropertyValueSpecification","valueRequired":true,"valueName":"search_term_string"}}],"inLanguage":"fr-FR"}]}},"_links":{"self":[{"href":"https:\/\/dermo.com\/fr\/wp-json\/wp\/v2\/product\/2887","targetHints":{"allow":["GET"]}}],"collection":[{"href":"https:\/\/dermo.com\/fr\/wp-json\/wp\/v2\/product"}],"about":[{"href":"https:\/\/dermo.com\/fr\/wp-json\/wp\/v2\/types\/product"}],"wp:featuredmedia":[{"embeddable":true,"href":"https:\/\/dermo.com\/fr\/wp-json\/wp\/v2\/media\/4220"}],"wp:attachment":[{"href":"https:\/\/dermo.com\/fr\/wp-json\/wp\/v2\/media?parent=2887"}],"wp:term":[{"taxonomy":"product_brand","embeddable":true,"href":"https:\/\/dermo.com\/fr\/wp-json\/wp\/v2\/product_brand?post=2887"},{"taxonomy":"product_cat","embeddable":true,"href":"https:\/\/dermo.com\/fr\/wp-json\/wp\/v2\/product_cat?post=2887"},{"taxonomy":"product_tag","embeddable":true,"href":"https:\/\/dermo.com\/fr\/wp-json\/wp\/v2\/product_tag?post=2887"}],"curies":[{"name":"wp","href":"https:\/\/api.w.org\/{rel}","templated":true}]}}