{"id":2924,"date":"2021-03-25T08:12:59","date_gmt":"2021-03-25T08:12:59","guid":{"rendered":"https:\/\/dermo.ultbit.com\/producto\/dl-21-viricide-2\/"},"modified":"2024-11-21T09:33:30","modified_gmt":"2024-11-21T08:33:30","slug":"dl-21-viricide-2","status":"publish","type":"product","link":"https:\/\/dermo.com\/fr\/catalogue\/dl-21-viricide-2\/","title":{"rendered":"DL 21 VIRICIDE"},"content":{"rendered":"<p><span class=\"cs9b40b68f1\">Utilisez les biocides en toute s\u00e9curit\u00e9. Lisez toujours l&#039;\u00e9tiquette et les informations sur le biocide avant de l&#039;utiliser.<\/span><span class=\"csb59941d21\">\u00bb toujours conforme au r\u00e8glement (CE) n\u00b0 1278\/2008.<\/span><\/p>\n<p><strong>MODE D'EMPLOI:<\/strong><br \/>\nAvant d&#039;utiliser le produit, lisez attentivement l&#039;\u00e9tiquette. Ne pas appliquer sur les aliments ou les ustensiles de cuisine. Utiliser pur et appliquer par pulv\u00e9risation (\u00e0 environ 20 cm), immersion, chiffon ou vadrouille. Laisser agir pendant au moins 5 minutes, essuyer avec un tampon \u00e0 r\u00e9curer, un chiffon ou du papier pour \u00e9liminer toute salet\u00e9 ou contamination restante jusqu&#039;\u00e0 ce qu&#039;elle s\u00e8che. Les surfaces trait\u00e9es ou expos\u00e9es qui seront en contact avec des personnes, des denr\u00e9es alimentaires ou des aliments pour animaux doivent \u00eatre rinc\u00e9es \u00e0 l&#039;eau potable. \u00c9vitez tout contact avec les surfaces trait\u00e9es ou expos\u00e9es. Avant d&#039;appliquer le produit, un nettoyage approfondi doit \u00eatre effectu\u00e9. A\u00e9rez-vous suffisamment apr\u00e8s avoir effectu\u00e9 le traitement de d\u00e9sinfection. Ne pas m\u00e9langer avec d&#039;autres produits chimiques. Incompatible avec les mati\u00e8res organiques, les d\u00e9tergents anioniques, les d\u00e9riv\u00e9s de l&#039;ammoniaque et les hypochlorites, le chrome, le plomb, l&#039;aluminium, l&#039;\u00e9tain, le zinc et leurs alliages (bronze, laiton, etc.). Un test doit \u00eatre effectu\u00e9 avant traitement pour v\u00e9rifier la compatibilit\u00e9 du produit avec les mat\u00e9riaux. Ne pas jeter sur un terrain non pav\u00e9 ou dans des cours d&#039;eau. Conservez le produit dans son contenant d&#039;origine et ne r\u00e9utilisez pas le contenant. Les contenants vides, les restes de produit et autres d\u00e9chets g\u00e9n\u00e9r\u00e9s lors de l&#039;application sont consid\u00e9r\u00e9s comme des d\u00e9chets dangereux. \u00c9liminer ces d\u00e9chets conform\u00e9ment \u00e0 la r\u00e9glementation en vigueur.<\/p>\n<p><strong>CARACT\u00c9RISTIQUES TECHNIQUES<\/strong><br \/>\nAspect : Liquide l\u00e9ger.<br \/>\nColeur: Bleu<br \/>\nOdeur : Parfum.<br \/>\npH pur\u00a0: 8,5-9,5<br \/>\nDensit\u00e9\u00a0: 0,98 0,2 g\/cc<\/p>\n<p><strong>COMPOSITION<\/strong><br \/>\nIsopropanol (10&#039;30%), chlorure de did\u00e9cyldim\u00e9thylammonium (1&#039;00%), excipients (csp 100%)<\/p>\n<p><strong>PR\u00c9SENTATION<\/strong><\/p>\n<table width=\"620\">\n<tbody>\n<tr>\n<td width=\"220\">FORMAT<\/td>\n<td width=\"200\">12 cartons de 1 L<\/td>\n<\/tr>\n<tr>\n<td width=\"220\">CODE<\/td>\n<td width=\"200\">005DV101<\/td>\n<\/tr>\n<\/tbody>\n<\/table>","protected":false},"excerpt":{"rendered":"<h3>DL 21 VIRICIDE<\/h3>\n<p>Nettoyant d\u00e9sinfectant pr\u00eat \u00e0 l&#039;emploi\u00a0<strong>inclus dans la liste des viricides autoris\u00e9s du minist\u00e8re de la Sant\u00e9.\u00a0<\/strong>Particuli\u00e8rement recommand\u00e9 pour :<\/p>\n<p>\u2013 Comptoirs, ustensiles de cuisine, appareils \u00e9lectriques, poubelles, etc.<\/p>\n<p>\u2013 Surfaces de salle de bains et de toilettes.<\/p>\n<p>\u2013 Toutes sortes d'objets et de surfaces dans la maison, y compris les meubles.<\/p>","protected":false},"featured_media":3827,"template":"","meta":{"neve_meta_sidebar":"","neve_meta_container":"","neve_meta_enable_content_width":"off","neve_meta_content_width":100,"neve_meta_title_alignment":"","neve_meta_author_avatar":"","neve_post_elements_order":"","neve_meta_disable_header":"","neve_meta_disable_footer":"","neve_meta_disable_title":""},"product_brand":[],"product_cat":[379,1095],"product_tag":[],"class_list":{"0":"post-2924","1":"product","2":"type-product","3":"status-publish","4":"has-post-thumbnail","6":"product_cat-desinfectantes","7":"product_cat-escuelas-sectores","9":"first","10":"instock","11":"shipping-taxable","12":"product-type-simple"},"yoast_head":"<!-- This site is optimized with the Yoast SEO plugin v27.0 - https:\/\/yoast.com\/product\/yoast-seo-wordpress\/ -->\n<title>DL 21 VIRICIDE - Dermo | F\u00e1brica de detergentes<\/title>\n<meta name=\"robots\" content=\"index, follow, max-snippet:-1, max-image-preview:large, max-video-preview:-1\" \/>\n<link rel=\"canonical\" href=\"https:\/\/dermo.com\/fr\/catalogue\/dl-21-viricide-2\/\" \/>\n<meta property=\"og:locale\" content=\"fr_FR\" \/>\n<meta property=\"og:type\" content=\"article\" \/>\n<meta property=\"og:title\" content=\"DL 21 VIRICIDE - Dermo | F\u00e1brica de detergentes\" \/>\n<meta property=\"og:description\" content=\"DL 21 VIRICIDE Limpiador desinfectante listo al uso\u00a0incluido en el listado de viricidas autorizados del Ministerio de Sanidad.\u00a0Especialmente recomendado para:  -\u00a0 Encimeras, utensilios de cocina, electrodom\u00e9sticos, cubos de basura, etc.  -\u00a0 Superficies de ba\u00f1os y aseos.  -\u00a0 Todo tipo de objetos y superficies en el hogar incluido el mobiliario.\" \/>\n<meta property=\"og:url\" content=\"https:\/\/dermo.com\/fr\/catalogue\/dl-21-viricide-2\/\" \/>\n<meta property=\"og:site_name\" content=\"Dermo | F\u00e1brica de detergentes\" \/>\n<meta property=\"article:modified_time\" content=\"2024-11-21T08:33:30+00:00\" \/>\n<meta property=\"og:image\" content=\"https:\/\/dermo.com\/wp-content\/uploads\/2021\/03\/1.png\" \/>\n\t<meta property=\"og:image:width\" content=\"547\" \/>\n\t<meta property=\"og:image:height\" content=\"547\" \/>\n\t<meta property=\"og:image:type\" content=\"image\/png\" \/>\n<meta name=\"twitter:card\" content=\"summary_large_image\" \/>\n<meta name=\"twitter:label1\" content=\"Dur\u00e9e de lecture estim\u00e9e\" \/>\n\t<meta name=\"twitter:data1\" content=\"2 minutes\" \/>\n<script type=\"application\/ld+json\" class=\"yoast-schema-graph\">{\"@context\":\"https:\/\/schema.org\",\"@graph\":[{\"@type\":\"WebPage\",\"@id\":\"https:\/\/dermo.com\/catalogo\/dl-21-viricide-2\/\",\"url\":\"https:\/\/dermo.com\/catalogo\/dl-21-viricide-2\/\",\"name\":\"DL 21 VIRICIDE - Dermo | F\u00e1brica de detergentes\",\"isPartOf\":{\"@id\":\"https:\/\/dermo.com\/#website\"},\"primaryImageOfPage\":{\"@id\":\"https:\/\/dermo.com\/catalogo\/dl-21-viricide-2\/#primaryimage\"},\"image\":{\"@id\":\"https:\/\/dermo.com\/catalogo\/dl-21-viricide-2\/#primaryimage\"},\"thumbnailUrl\":\"https:\/\/dermo.com\/wp-content\/uploads\/2021\/03\/1.png\",\"datePublished\":\"2021-03-25T08:12:59+00:00\",\"dateModified\":\"2024-11-21T08:33:30+00:00\",\"breadcrumb\":{\"@id\":\"https:\/\/dermo.com\/catalogo\/dl-21-viricide-2\/#breadcrumb\"},\"inLanguage\":\"fr-FR\",\"potentialAction\":[{\"@type\":\"ReadAction\",\"target\":[\"https:\/\/dermo.com\/catalogo\/dl-21-viricide-2\/\"]}]},{\"@type\":\"ImageObject\",\"inLanguage\":\"fr-FR\",\"@id\":\"https:\/\/dermo.com\/catalogo\/dl-21-viricide-2\/#primaryimage\",\"url\":\"https:\/\/dermo.com\/wp-content\/uploads\/2021\/03\/1.png\",\"contentUrl\":\"https:\/\/dermo.com\/wp-content\/uploads\/2021\/03\/1.png\",\"width\":547,\"height\":547},{\"@type\":\"BreadcrumbList\",\"@id\":\"https:\/\/dermo.com\/catalogo\/dl-21-viricide-2\/#breadcrumb\",\"itemListElement\":[{\"@type\":\"ListItem\",\"position\":1,\"name\":\"Portada\",\"item\":\"https:\/\/dermo.com\/\"},{\"@type\":\"ListItem\",\"position\":2,\"name\":\"Tienda\",\"item\":\"https:\/\/dermo.com\/tienda\/\"},{\"@type\":\"ListItem\",\"position\":3,\"name\":\"DL 21 VIRICIDE\"}]},{\"@type\":\"WebSite\",\"@id\":\"https:\/\/dermo.com\/#website\",\"url\":\"https:\/\/dermo.com\/\",\"name\":\"Dermo | F\u00e1brica de detergentes\",\"description\":\"Tecnolog\u00eda avanzada, investigaci\u00f3n y desarrollo, respeto por el medio ambiente, competencia, formaci\u00f3n constante y alto nivel de profesionalidad en nuestro equipo humano, empe\u00f1ado en preservar la calidad de vida, la protecci\u00f3n del entorno natural contin\u00faan motiv\u00e1ndonos para desarrollar en nuestros laboratorios nuevos productos con ingredientes activos altamente biodegradables que hacen posible un desarrollo sostenible.\",\"potentialAction\":[{\"@type\":\"SearchAction\",\"target\":{\"@type\":\"EntryPoint\",\"urlTemplate\":\"https:\/\/dermo.com\/?s={search_term_string}\"},\"query-input\":{\"@type\":\"PropertyValueSpecification\",\"valueRequired\":true,\"valueName\":\"search_term_string\"}}],\"inLanguage\":\"fr-FR\"}]}<\/script>\n<!-- \/ Yoast SEO plugin. -->","yoast_head_json":{"title":"DL 21 VIRICIDE - Dermo | usine de d\u00e9tergents","robots":{"index":"index","follow":"follow","max-snippet":"max-snippet:-1","max-image-preview":"max-image-preview:large","max-video-preview":"max-video-preview:-1"},"canonical":"https:\/\/dermo.com\/fr\/catalogue\/dl-21-viricide-2\/","og_locale":"fr_FR","og_type":"article","og_title":"DL 21 VIRICIDE - Dermo | F\u00e1brica de detergentes","og_description":"DL 21 VIRICIDE Limpiador desinfectante listo al uso\u00a0incluido en el listado de viricidas autorizados del Ministerio de Sanidad.\u00a0Especialmente recomendado para:  -\u00a0 Encimeras, utensilios de cocina, electrodom\u00e9sticos, cubos de basura, etc.  -\u00a0 Superficies de ba\u00f1os y aseos.  -\u00a0 Todo tipo de objetos y superficies en el hogar incluido el mobiliario.","og_url":"https:\/\/dermo.com\/fr\/catalogue\/dl-21-viricide-2\/","og_site_name":"Dermo | F\u00e1brica de detergentes","article_modified_time":"2024-11-21T08:33:30+00:00","og_image":[{"width":547,"height":547,"url":"https:\/\/dermo.com\/wp-content\/uploads\/2021\/03\/1.png","type":"image\/png"}],"twitter_card":"summary_large_image","twitter_misc":{"Dur\u00e9e de lecture estim\u00e9e":"2 minutes"},"schema":{"@context":"https:\/\/schema.org","@graph":[{"@type":"WebPage","@id":"https:\/\/dermo.com\/catalogo\/dl-21-viricide-2\/","url":"https:\/\/dermo.com\/catalogo\/dl-21-viricide-2\/","name":"DL 21 VIRICIDE - Dermo | usine de d\u00e9tergents","isPartOf":{"@id":"https:\/\/dermo.com\/#website"},"primaryImageOfPage":{"@id":"https:\/\/dermo.com\/catalogo\/dl-21-viricide-2\/#primaryimage"},"image":{"@id":"https:\/\/dermo.com\/catalogo\/dl-21-viricide-2\/#primaryimage"},"thumbnailUrl":"https:\/\/dermo.com\/wp-content\/uploads\/2021\/03\/1.png","datePublished":"2021-03-25T08:12:59+00:00","dateModified":"2024-11-21T08:33:30+00:00","breadcrumb":{"@id":"https:\/\/dermo.com\/catalogo\/dl-21-viricide-2\/#breadcrumb"},"inLanguage":"fr-FR","potentialAction":[{"@type":"ReadAction","target":["https:\/\/dermo.com\/catalogo\/dl-21-viricide-2\/"]}]},{"@type":"ImageObject","inLanguage":"fr-FR","@id":"https:\/\/dermo.com\/catalogo\/dl-21-viricide-2\/#primaryimage","url":"https:\/\/dermo.com\/wp-content\/uploads\/2021\/03\/1.png","contentUrl":"https:\/\/dermo.com\/wp-content\/uploads\/2021\/03\/1.png","width":547,"height":547},{"@type":"BreadcrumbList","@id":"https:\/\/dermo.com\/catalogo\/dl-21-viricide-2\/#breadcrumb","itemListElement":[{"@type":"ListItem","position":1,"name":"Portada","item":"https:\/\/dermo.com\/"},{"@type":"ListItem","position":2,"name":"Tienda","item":"https:\/\/dermo.com\/tienda\/"},{"@type":"ListItem","position":3,"name":"DL 21 VIRICIDE"}]},{"@type":"WebSite","@id":"https:\/\/dermo.com\/#website","url":"https:\/\/dermo.com\/","name":"Dermo | usine de d\u00e9tergents","description":"Technologie avanc\u00e9e, recherche et d\u00e9veloppement, respect de l&#039;environnement, comp\u00e9tence, formation constante et haut niveau de professionnalisme de notre \u00e9quipe humaine, engag\u00e9e \u00e0 pr\u00e9server la qualit\u00e9 de vie, la protection de l&#039;environnement naturel continuent de nous motiver \u00e0 d\u00e9velopper de nouveaux produits dans notre laboratoires aux principes actifs hautement biod\u00e9gradables qui rendent possible le d\u00e9veloppement durable.","potentialAction":[{"@type":"SearchAction","target":{"@type":"EntryPoint","urlTemplate":"https:\/\/dermo.com\/?s={search_term_string}"},"query-input":{"@type":"PropertyValueSpecification","valueRequired":true,"valueName":"search_term_string"}}],"inLanguage":"fr-FR"}]}},"_links":{"self":[{"href":"https:\/\/dermo.com\/fr\/wp-json\/wp\/v2\/product\/2924","targetHints":{"allow":["GET"]}}],"collection":[{"href":"https:\/\/dermo.com\/fr\/wp-json\/wp\/v2\/product"}],"about":[{"href":"https:\/\/dermo.com\/fr\/wp-json\/wp\/v2\/types\/product"}],"wp:featuredmedia":[{"embeddable":true,"href":"https:\/\/dermo.com\/fr\/wp-json\/wp\/v2\/media\/3827"}],"wp:attachment":[{"href":"https:\/\/dermo.com\/fr\/wp-json\/wp\/v2\/media?parent=2924"}],"wp:term":[{"taxonomy":"product_brand","embeddable":true,"href":"https:\/\/dermo.com\/fr\/wp-json\/wp\/v2\/product_brand?post=2924"},{"taxonomy":"product_cat","embeddable":true,"href":"https:\/\/dermo.com\/fr\/wp-json\/wp\/v2\/product_cat?post=2924"},{"taxonomy":"product_tag","embeddable":true,"href":"https:\/\/dermo.com\/fr\/wp-json\/wp\/v2\/product_tag?post=2924"}],"curies":[{"name":"wp","href":"https:\/\/api.w.org\/{rel}","templated":true}]}}