{"id":1122,"date":"2024-02-25T18:15:10","date_gmt":"2024-02-25T18:15:10","guid":{"rendered":"https:\/\/dermo.ultbit.com\/?page_id=1122"},"modified":"2024-02-25T18:19:07","modified_gmt":"2024-02-25T18:19:07","slug":"politica-de-cookies","status":"publish","type":"page","link":"https:\/\/dermo.com\/pt\/politica-de-cookies\/","title":{"rendered":"Pol\u00edtica de cookies"},"content":{"rendered":"<div data-elementor-type=\"wp-page\" data-elementor-id=\"1122\" class=\"elementor elementor-1122\" data-elementor-post-type=\"page\">\n\t\t\t\t\t\t<section class=\"elementor-section elementor-top-section elementor-element elementor-element-708626ce elementor-section-boxed elementor-section-height-default elementor-section-height-default\" data-id=\"708626ce\" data-element_type=\"section\" data-e-type=\"section\" data-settings=\"{&quot;background_background&quot;:&quot;classic&quot;}\">\n\t\t\t\t\t\t\t<div class=\"elementor-background-overlay\"><\/div>\n\t\t\t\t\t\t\t<div class=\"elementor-container elementor-column-gap-default\">\n\t\t\t\t\t<div class=\"elementor-column elementor-col-100 elementor-top-column elementor-element elementor-element-16cb5524\" data-id=\"16cb5524\" data-element_type=\"column\" data-e-type=\"column\">\n\t\t\t<div class=\"elementor-widget-wrap elementor-element-populated\">\n\t\t\t\t\t\t\t<\/div>\n\t\t<\/div>\n\t\t\t\t\t<\/div>\n\t\t<\/section>\n\t\t\t\t<section class=\"elementor-section elementor-top-section elementor-element elementor-element-233ad3a4 elementor-section-boxed elementor-section-height-default elementor-section-height-default\" data-id=\"233ad3a4\" data-element_type=\"section\" data-e-type=\"section\">\n\t\t\t\t\t\t<div class=\"elementor-container elementor-column-gap-default\">\n\t\t\t\t\t<div class=\"elementor-column elementor-col-100 elementor-top-column elementor-element elementor-element-3244e578\" data-id=\"3244e578\" data-element_type=\"column\" data-e-type=\"column\">\n\t\t\t<div class=\"elementor-widget-wrap elementor-element-populated\">\n\t\t\t\t\t\t<section class=\"elementor-section elementor-inner-section elementor-element elementor-element-1a7040c2 elementor-section-boxed elementor-section-height-default elementor-section-height-default\" data-id=\"1a7040c2\" data-element_type=\"section\" data-e-type=\"section\">\n\t\t\t\t\t\t<div class=\"elementor-container elementor-column-gap-default\">\n\t\t\t\t\t<div class=\"elementor-column elementor-col-100 elementor-inner-column elementor-element elementor-element-58338543\" data-id=\"58338543\" data-element_type=\"column\" data-e-type=\"column\">\n\t\t\t<div class=\"elementor-widget-wrap elementor-element-populated\">\n\t\t\t\t\t\t<div class=\"elementor-element elementor-element-464b2e11 elementor-widget elementor-widget-text-editor\" data-id=\"464b2e11\" data-element_type=\"widget\" data-e-type=\"widget\" data-widget_type=\"text-editor.default\">\n\t\t\t\t<div class=\"elementor-widget-container\">\n\t\t\t\t\t\t\t\t\t<p>O nosso site dermo.com utiliza uma tecnologia chamada \u2018cookie\u2019, com o objetivo de obter informa\u00e7\u00f5es sobre a utiliza\u00e7\u00e3o do site, melhorar a experi\u00eancia do utilizador e garantir o seu correto funcionamento.<\/p><p>\u00a0<\/p><p class=\"titol text-bold\"><strong>Defini\u00e7\u00e3o de biscoito<\/strong><\/p><p>Um \u2018cookie\u2019 \u00e9 um pequeno fragmento de texto que os websites enviam para o navegador e que s\u00e3o armazenados no terminal do utilizador (computador ou dispositivo m\u00f3vel). Estes ficheiros destinam-se a armazenar dados que poder\u00e3o ser atualizados e recuperados pela entidade respons\u00e1vel pela sua instala\u00e7\u00e3o. Assim, cada vez que o usu\u00e1rio visita novamente o mesmo site, o navegador recupera o arquivo e o envia para o servidor do site. Os cookies t\u00eam diversas fun\u00e7\u00f5es, incluindo recolher informa\u00e7\u00e3o sobre as prefer\u00eancias do utilizador e lembr\u00e1-las e, em geral, facilitar a utiliza\u00e7\u00e3o do site pelo utilizador, tornando o site mais \u00fatil, personalizando o seu conte\u00fado.<\/p><p>\u00a0<\/p><p><strong>Os cookies podem ser classificados com base em diferentes par\u00e2metros:<\/strong><\/p><ol class=\"\"><li><div class=\"cont\"><p><span class=\"text-bold\">Propriedade:<\/span>\u00a0cookies pr\u00f3prios e cookies de terceiros: dependendo da entidade que gere o dom\u00ednio a partir do qual os cookies s\u00e3o enviados e os dados obtidos s\u00e3o processados.<\/p><\/div><\/li><li><div class=\"cont\"><p><span class=\"text-bold\">Dura\u00e7\u00e3o:<\/span>\u00a0Cookies de sess\u00e3o e cookies persistentes: de acordo com o per\u00edodo de tempo que permanecem armazenados no terminal do usu\u00e1rio.<\/p><\/div><\/li><li><div class=\"cont\"><p><span class=\"text-bold\">Prop\u00f3sito:<\/span>\u00a0cookies t\u00e9cnicos, cookies de personaliza\u00e7\u00e3o, cookies de an\u00e1lise, cookies publicit\u00e1rios, cookies de publicidade comportamental, de acordo com a finalidade para a qual s\u00e3o tratados os dados obtidos.<\/p><ul class=\"\"><li><div class=\"cont\"><p><span class=\"text-underline\">Cookies t\u00e9cnicos:<\/span>\u00a0S\u00e3o aqueles que permitem ao usu\u00e1rio navegar pelo site ou aplicativo e utilizar as diversas op\u00e7\u00f5es ou servi\u00e7os nele existentes. Por exemplo, controlar o tr\u00e1fego e a comunica\u00e7\u00e3o de dados, identificar a sess\u00e3o ou acessar web parts de acesso restrito.<\/p><\/div><\/li><li><div class=\"cont\"><p><span class=\"text-underline\">Cookies de personaliza\u00e7\u00e3o:<\/span>\u00a0S\u00e3o aqueles que permitem ao usu\u00e1rio acessar o servi\u00e7o com algumas caracter\u00edsticas gerais predefinidas em seu terminal ou que o pr\u00f3prio usu\u00e1rio define. Por exemplo, o idioma, o tipo de navegador atrav\u00e9s do qual acede ao servi\u00e7o ou o design do conte\u00fado selecionado.<\/p><\/div><\/li><li><div class=\"cont\"><p><span class=\"text-underline\">Cookies de an\u00e1lise:<\/span>\u00a0S\u00e3o aqueles que, quer sejam tratados por n\u00f3s ou por terceiros, permitem-nos quantificar o n\u00famero de utilizadores e assim realizar a an\u00e1lise estat\u00edstica da utiliza\u00e7\u00e3o que os utilizadores fazem do servi\u00e7o oferecido. Para isso, analisa-se a sua navega\u00e7\u00e3o no nosso site para melhorar a oferta de produtos ou servi\u00e7os que oferecemos.<\/p><\/div><\/li><li><div class=\"cont\"><p><span class=\"text-underline\">Cookies publicit\u00e1rios:<\/span>\u00a0s\u00e3o aqueles que permitem a gest\u00e3o, da forma mais eficiente poss\u00edvel, dos espa\u00e7os publicit\u00e1rios que, se for caso disso, o editor tenha inclu\u00eddo numa p\u00e1gina web, aplica\u00e7\u00e3o ou plataforma a partir da qual \u00e9 prestado o servi\u00e7o solicitado com base em crit\u00e9rios como o conte\u00fado editado ou a frequ\u00eancia com que os an\u00fancios s\u00e3o exibidos.<\/p><\/div><\/li><li><div class=\"cont\"><p><span class=\"text-underline\">Cookies de publicidade comportamental:<\/span>\u00a0s\u00e3o aqueles que permitem a gest\u00e3o, da forma mais eficiente poss\u00edvel, dos espa\u00e7os publicit\u00e1rios que, se for caso disso, o editor tenha inclu\u00eddo numa p\u00e1gina web, aplica\u00e7\u00e3o ou plataforma a partir da qual \u00e9 prestado o servi\u00e7o solicitado. Estes cookies armazenam informa\u00e7\u00e3o sobre o comportamento do utilizador obtida atrav\u00e9s da observa\u00e7\u00e3o cont\u00ednua dos seus h\u00e1bitos de navega\u00e7\u00e3o, o que permite desenvolver um perfil espec\u00edfico para exibir publicidade com base nele.<\/p><p>\u00a0<\/p><\/div><\/li><\/ul><\/div><\/li><\/ol><p class=\"titol text-bold\"><strong>Cookies utilizados no nosso site<\/strong><\/p><p>Nosso site utiliza tanto cookies pr\u00f3prios, que s\u00e3o enviados para o seu dispositivo e gerenciados exclusivamente por n\u00f3s para o melhor funcionamento do site, quanto cookies de terceiros, com a fun\u00e7\u00e3o de servir como ferramenta de an\u00e1lise da intera\u00e7\u00e3o do usu\u00e1rio com nosso site. gra\u00e7as a eles obtemos informa\u00e7\u00f5es que podem ajudar a melhorar a navega\u00e7\u00e3o e prestar um melhor servi\u00e7o aos usu\u00e1rios.<\/p><p>Utilizamos cookies de sess\u00e3o tempor\u00e1ria e cookies persistentes. Os cookies de sess\u00e3o armazenam dados apenas enquanto o usu\u00e1rio acessa o site e os cookies persistentes armazenam dados no terminal para que possam ser acessados e utilizados em mais de uma sess\u00e3o.<\/p><p>Especificamente, os cookies utilizados no nosso site s\u00e3o:<\/p><p class=\"text-underline\">Cookies pr\u00f3prios:<\/p><p>Os cookies pr\u00f3prios que utilizamos no nosso site s\u00e3o de natureza t\u00e9cnica, essenciais para o funcionamento do site.<\/p><p class=\"text-underline\">Cookies de terceiros:<\/p><table><tbody><tr><th>Biscoito<\/th><th>Titular<\/th><th>Prop\u00f3sito<\/th><th>Dura\u00e7\u00e3o<\/th><\/tr><tr><td>__utmz, __utmc, __utma, __utmb,__utmt, __ga, __gat<\/td><td>(Google Analytics)<\/td><td>Analytics: analisa o tr\u00e1fego deste site.<\/td><td>Sess\u00e3o e persistente<\/td><\/tr><\/tbody><\/table><p>Para obter mais informa\u00e7\u00f5es sobre cookies e\/ou desativ\u00e1-los, voc\u00ea pode clicar nos links nos nomes dos diferentes propriet\u00e1rios.<\/p><p>Finalmente, os cookies de plug-in tamb\u00e9m s\u00e3o utilizados para troca de conte\u00fado social.<\/p><p>\u00a0<\/p><p class=\"titol text-bold\"><strong>Consentimento<\/strong><\/p><p>Ao navegar e continuar no nosso website, o utilizador estar\u00e1 a consentir a utiliza\u00e7\u00e3o dos referidos cookies, pelos per\u00edodos indicados e nas condi\u00e7\u00f5es constantes nesta Pol\u00edtica de Cookies.<\/p><p>Da mesma forma, informamos que se consultar conte\u00fados do nosso site alojados em sites de terceiros, estes t\u00eam uma pol\u00edtica de cookies pr\u00f3pria.<\/p><p>\u00a0<\/p><p class=\"titol text-bold\"><strong>Retirada do consentimento<\/strong><\/p><p>O usu\u00e1rio poder\u00e1 retirar o seu consentimento relacionado a esta Pol\u00edtica de Cookies a qualquer momento, para isso dever\u00e1 excluir os cookies armazenados em seu computador atrav\u00e9s das defini\u00e7\u00f5es e configura\u00e7\u00f5es do seu navegador de Internet.<\/p><p>\u00a0<\/p><p class=\"titol text-bold\"><strong>Modificando configura\u00e7\u00f5es de cookies<\/strong><\/p><p><a name=\"cookies-config\"><\/a><\/p><p>O utilizador pode restringir, bloquear ou eliminar cookies de qualquer website, atrav\u00e9s do seu navegador. Em cada navegador o funcionamento \u00e9 diferente, pelo que pode consultar os seguintes links como faz\u00ea-lo<\/p><div class=\"cont\"><ul><li><b>Internet Explorer:<\/b>\u00a0<a href=\"https:\/\/support.microsoft.com\/es-es\/help\/17442\/windows-internet-explorer-delete-manage-cookies#ie=ie-11\" target=\"_blank\" rel=\"noopener\">https:\/\/support.microsoft.com\/es-es\/help\/17442\/windows-internet-explorer-delete-manage-cookies#ie=ie-11<\/a><\/li><\/ul><\/div><div class=\"cont\"><ul><li><b>Borda:<\/b>\u00a0<a href=\"https:\/\/support.microsoft.com\/es-es\/help\/4468242\/microsoft-edge-browsing-data-and-privacy-microsoft-privacy\" target=\"_blank\" rel=\"noopener\">https:\/\/support.microsoft.com\/es-es\/help\/4468242\/microsoft-edge-browsing-data-and-privacy-microsoft-privacy<\/a><\/li><\/ul><\/div><div class=\"cont\"><ul><li><b>FireFox:<\/b>\u00a0<a href=\"https:\/\/support.mozilla.org\/es\/kb\/clear-cookies-and-site-data-firefox\" target=\"_blank\" rel=\"noopener\">https:\/\/support.mozilla.org\/es\/kb\/clear-cookies-and-site-data-firefox<\/a><\/li><\/ul><\/div><div class=\"cont\"><ul><li><b>Cromo:<\/b>\u00a0<a href=\"https:\/\/support.google.com\/chrome\/answer\/95647?hl=es\" target=\"_blank\" rel=\"noopener\">https:\/\/support.google.com\/chrome\/answer\/95647?hl=es<\/a><\/li><\/ul><\/div><div class=\"cont\"><ul><li><b>Saf\u00e1ri (mac):<\/b>\u00a0<a href=\"https:\/\/support.apple.com\/es-es\/guide\/safari\/manage-cookies-and-website-data-sfri11471\/mac\" target=\"_blank\" rel=\"noopener\">https:\/\/support.apple.com\/es-es\/guide\/safari\/manage-cookies-and-website-data-sfri11471\/mac<\/a><\/li><\/ul><\/div><div class=\"cont\"><ul><li><b>Saf\u00e1ri (iPhone\/iPad):<\/b>\u00a0<a href=\"https:\/\/support.apple.com\/es-es\/HT201265\" target=\"_blank\" rel=\"noopener\">https:\/\/support.apple.com\/es-es\/HT201265<\/a><\/li><\/ul><\/div><div class=\"cont\"><ul><li><b>\u00d3pera:<\/b>\u00a0<a href=\"https:\/\/help.opera.com\/en\/latest\/web-preferences\/#cookies\" target=\"_blank\" rel=\"noopener\">https:\/\/help.opera.com\/en\/latest\/web-preferences\/#cookies<\/a><\/li><\/ul><\/div><p>Para mais informa\u00e7\u00f5es sobre como eliminar, desativar ou bloquear cookies tamb\u00e9m pode visitar:<br \/><a href=\"http:\/\/www.aboutcookies.org\/Default.aspx?page=2\" target=\"_blank\" rel=\"noopener\">http:\/\/www.aboutcookies.org\/Default.aspx?page=2<\/a><\/p><p>\u00a0<\/p><p class=\"titol text-bold\"><strong>Atualiza\u00e7\u00e3o da pol\u00edtica de cookies<\/strong><\/p><p>Este site pode modificar esta Pol\u00edtica de Cookies, portanto recomendamos que voc\u00ea revise esta pol\u00edtica cada vez que acessar nosso site para estar adequadamente informado sobre o uso de cookies.<\/p>\t\t\t\t\t\t\t\t<\/div>\n\t\t\t\t<\/div>\n\t\t\t\t\t<\/div>\n\t\t<\/div>\n\t\t\t\t\t<\/div>\n\t\t<\/section>\n\t\t\t\t\t<\/div>\n\t\t<\/div>\n\t\t\t\t\t<\/div>\n\t\t<\/section>\n\t\t\t\t<\/div>","protected":false},"excerpt":{"rendered":"<p>Nosso site, dermo.com, usa uma tecnologia chamada &quot;cookie&quot; para coletar informa\u00e7\u00f5es sobre o uso do site, melhorar a experi\u00eancia do usu\u00e1rio e garantir o funcionamento adequado.  Defini\u00e7\u00e3o de Cookie Um &#039;cookie&#039; \u00e9 um pequeno peda\u00e7o de texto que os sites enviam para o seu navegador e que \u00e9\u2026&nbsp;<a href=\"https:\/\/dermo.com\/pt\/politica-de-cookies\/\" rel=\"bookmark\">Ler mais \u00bb<span class=\"screen-reader-text\">Pol\u00edtica de cookies<\/span><\/a><\/p>","protected":false},"author":1,"featured_media":0,"parent":0,"menu_order":0,"comment_status":"closed","ping_status":"closed","template":"page-templates\/template-pagebuilder-full-width.php","meta":{"neve_meta_sidebar":"","neve_meta_container":"","neve_meta_enable_content_width":"off","neve_meta_content_width":100,"neve_meta_title_alignment":"","neve_meta_author_avatar":"","neve_post_elements_order":"","neve_meta_disable_header":"","neve_meta_disable_footer":"","neve_meta_disable_title":"","footnotes":""},"class_list":["post-1122","page","type-page","status-publish","hentry"],"yoast_head":"<!-- This site is optimized with the Yoast SEO plugin v27.0 - https:\/\/yoast.com\/product\/yoast-seo-wordpress\/ -->\n<title>Pol\u00edtica de cookies - Dermo | F\u00e1brica de detergentes<\/title>\n<meta name=\"robots\" content=\"index, follow, max-snippet:-1, max-image-preview:large, max-video-preview:-1\" \/>\n<link rel=\"canonical\" href=\"https:\/\/dermo.com\/pt\/politica-de-cookies\/\" \/>\n<meta property=\"og:locale\" content=\"pt_PT\" \/>\n<meta property=\"og:type\" content=\"article\" \/>\n<meta property=\"og:title\" content=\"Pol\u00edtica de cookies - Dermo | F\u00e1brica de detergentes\" \/>\n<meta property=\"og:description\" content=\"Nuestro sitio web dermo.com utiliza una tecnolog\u00eda llamada \u2018cookie\u2019, con el fin de poder obtener informaci\u00f3n sobre el uso del sitio web, mejorar la experiencia del usuario y garantizar el su correcto funcionamiento. \u00a0 Definici\u00f3n de Cookie Una \u2018cookie\u2019 es un peque\u00f1o fragmento de texto que los sitios web env\u00edan al navegador y que se&hellip;&nbsp;Ler mais &raquo;Pol\u00edtica de cookies\" \/>\n<meta property=\"og:url\" content=\"https:\/\/dermo.com\/pt\/politica-de-cookies\/\" \/>\n<meta property=\"og:site_name\" content=\"Dermo | F\u00e1brica de detergentes\" \/>\n<meta property=\"article:modified_time\" content=\"2024-02-25T18:19:07+00:00\" \/>\n<meta name=\"twitter:card\" content=\"summary_large_image\" \/>\n<meta name=\"twitter:label1\" content=\"Tempo estimado de leitura\" \/>\n\t<meta name=\"twitter:data1\" content=\"5 minutos\" \/>\n<script type=\"application\/ld+json\" class=\"yoast-schema-graph\">{\"@context\":\"https:\/\/schema.org\",\"@graph\":[{\"@type\":\"WebPage\",\"@id\":\"https:\/\/dermo.com\/politica-de-cookies\/\",\"url\":\"https:\/\/dermo.com\/politica-de-cookies\/\",\"name\":\"Pol\u00edtica de cookies - Dermo | F\u00e1brica de detergentes\",\"isPartOf\":{\"@id\":\"https:\/\/dermo.com\/#website\"},\"datePublished\":\"2024-02-25T18:15:10+00:00\",\"dateModified\":\"2024-02-25T18:19:07+00:00\",\"breadcrumb\":{\"@id\":\"https:\/\/dermo.com\/politica-de-cookies\/#breadcrumb\"},\"inLanguage\":\"pt-PT\",\"potentialAction\":[{\"@type\":\"ReadAction\",\"target\":[\"https:\/\/dermo.com\/politica-de-cookies\/\"]}]},{\"@type\":\"BreadcrumbList\",\"@id\":\"https:\/\/dermo.com\/politica-de-cookies\/#breadcrumb\",\"itemListElement\":[{\"@type\":\"ListItem\",\"position\":1,\"name\":\"Portada\",\"item\":\"https:\/\/dermo.com\/\"},{\"@type\":\"ListItem\",\"position\":2,\"name\":\"Pol\u00edtica de cookies\"}]},{\"@type\":\"WebSite\",\"@id\":\"https:\/\/dermo.com\/#website\",\"url\":\"https:\/\/dermo.com\/\",\"name\":\"Dermo | F\u00e1brica de detergentes\",\"description\":\"Tecnolog\u00eda avanzada, investigaci\u00f3n y desarrollo, respeto por el medio ambiente, competencia, formaci\u00f3n constante y alto nivel de profesionalidad en nuestro equipo humano, empe\u00f1ado en preservar la calidad de vida, la protecci\u00f3n del entorno natural contin\u00faan motiv\u00e1ndonos para desarrollar en nuestros laboratorios nuevos productos con ingredientes activos altamente biodegradables que hacen posible un desarrollo sostenible.\",\"potentialAction\":[{\"@type\":\"SearchAction\",\"target\":{\"@type\":\"EntryPoint\",\"urlTemplate\":\"https:\/\/dermo.com\/?s={search_term_string}\"},\"query-input\":{\"@type\":\"PropertyValueSpecification\",\"valueRequired\":true,\"valueName\":\"search_term_string\"}}],\"inLanguage\":\"pt-PT\"}]}<\/script>\n<!-- \/ Yoast SEO plugin. -->","yoast_head_json":{"title":"Pol\u00edtica de cookies - Dermo | f\u00e1brica de detergentes","robots":{"index":"index","follow":"follow","max-snippet":"max-snippet:-1","max-image-preview":"max-image-preview:large","max-video-preview":"max-video-preview:-1"},"canonical":"https:\/\/dermo.com\/pt\/politica-de-cookies\/","og_locale":"pt_PT","og_type":"article","og_title":"Pol\u00edtica de cookies - Dermo | F\u00e1brica de detergentes","og_description":"Nuestro sitio web dermo.com utiliza una tecnolog\u00eda llamada \u2018cookie\u2019, con el fin de poder obtener informaci\u00f3n sobre el uso del sitio web, mejorar la experiencia del usuario y garantizar el su correcto funcionamiento. \u00a0 Definici\u00f3n de Cookie Una \u2018cookie\u2019 es un peque\u00f1o fragmento de texto que los sitios web env\u00edan al navegador y que se&hellip;&nbsp;Ler mais &raquo;Pol\u00edtica de cookies","og_url":"https:\/\/dermo.com\/pt\/politica-de-cookies\/","og_site_name":"Dermo | F\u00e1brica de detergentes","article_modified_time":"2024-02-25T18:19:07+00:00","twitter_card":"summary_large_image","twitter_misc":{"Tempo estimado de leitura":"5 minutos"},"schema":{"@context":"https:\/\/schema.org","@graph":[{"@type":"WebPage","@id":"https:\/\/dermo.com\/politica-de-cookies\/","url":"https:\/\/dermo.com\/politica-de-cookies\/","name":"Pol\u00edtica de cookies - Dermo | f\u00e1brica de detergentes","isPartOf":{"@id":"https:\/\/dermo.com\/#website"},"datePublished":"2024-02-25T18:15:10+00:00","dateModified":"2024-02-25T18:19:07+00:00","breadcrumb":{"@id":"https:\/\/dermo.com\/politica-de-cookies\/#breadcrumb"},"inLanguage":"pt-PT","potentialAction":[{"@type":"ReadAction","target":["https:\/\/dermo.com\/politica-de-cookies\/"]}]},{"@type":"BreadcrumbList","@id":"https:\/\/dermo.com\/politica-de-cookies\/#breadcrumb","itemListElement":[{"@type":"ListItem","position":1,"name":"Portada","item":"https:\/\/dermo.com\/"},{"@type":"ListItem","position":2,"name":"Pol\u00edtica de cookies"}]},{"@type":"WebSite","@id":"https:\/\/dermo.com\/#website","url":"https:\/\/dermo.com\/","name":"Dermo | f\u00e1brica de detergentes","description":"A tecnologia avan\u00e7ada, a investiga\u00e7\u00e3o e desenvolvimento, o respeito pelo ambiente, a compet\u00eancia, a forma\u00e7\u00e3o constante e o elevado n\u00edvel de profissionalismo da nossa equipa humana, comprometida com a preserva\u00e7\u00e3o da qualidade de vida, a protec\u00e7\u00e3o do ambiente natural continuam a motivar-nos a desenvolver novos produtos nos nossos laborat\u00f3rios com princ\u00edpios ativos altamente biodegrad\u00e1veis que possibilitam o desenvolvimento sustent\u00e1vel.","potentialAction":[{"@type":"SearchAction","target":{"@type":"EntryPoint","urlTemplate":"https:\/\/dermo.com\/?s={search_term_string}"},"query-input":{"@type":"PropertyValueSpecification","valueRequired":true,"valueName":"search_term_string"}}],"inLanguage":"pt-PT"}]}},"_links":{"self":[{"href":"https:\/\/dermo.com\/pt\/wp-json\/wp\/v2\/pages\/1122","targetHints":{"allow":["GET"]}}],"collection":[{"href":"https:\/\/dermo.com\/pt\/wp-json\/wp\/v2\/pages"}],"about":[{"href":"https:\/\/dermo.com\/pt\/wp-json\/wp\/v2\/types\/page"}],"author":[{"embeddable":true,"href":"https:\/\/dermo.com\/pt\/wp-json\/wp\/v2\/users\/1"}],"replies":[{"embeddable":true,"href":"https:\/\/dermo.com\/pt\/wp-json\/wp\/v2\/comments?post=1122"}],"version-history":[{"count":4,"href":"https:\/\/dermo.com\/pt\/wp-json\/wp\/v2\/pages\/1122\/revisions"}],"predecessor-version":[{"id":1127,"href":"https:\/\/dermo.com\/pt\/wp-json\/wp\/v2\/pages\/1122\/revisions\/1127"}],"wp:attachment":[{"href":"https:\/\/dermo.com\/pt\/wp-json\/wp\/v2\/media?parent=1122"}],"curies":[{"name":"wp","href":"https:\/\/api.w.org\/{rel}","templated":true}]}}