{"id":1135,"date":"2024-02-25T18:22:36","date_gmt":"2024-02-25T18:22:36","guid":{"rendered":"https:\/\/dermo.ultbit.com\/?page_id=1135"},"modified":"2024-02-25T18:25:34","modified_gmt":"2024-02-25T18:25:34","slug":"declaracao-de-acessibilidade","status":"publish","type":"page","link":"https:\/\/dermo.com\/pt\/declaracao-de-acessibilidade\/","title":{"rendered":"Declara\u00e7\u00e3o de acessibilidade"},"content":{"rendered":"<div data-elementor-type=\"wp-page\" data-elementor-id=\"1135\" class=\"elementor elementor-1135\" data-elementor-post-type=\"page\">\n\t\t\t\t\t\t<section class=\"elementor-section elementor-top-section elementor-element elementor-element-708626ce elementor-section-boxed elementor-section-height-default elementor-section-height-default\" data-id=\"708626ce\" data-element_type=\"section\" data-e-type=\"section\" data-settings=\"{&quot;background_background&quot;:&quot;classic&quot;}\">\n\t\t\t\t\t\t\t<div class=\"elementor-background-overlay\"><\/div>\n\t\t\t\t\t\t\t<div class=\"elementor-container elementor-column-gap-default\">\n\t\t\t\t\t<div class=\"elementor-column elementor-col-100 elementor-top-column elementor-element elementor-element-16cb5524\" data-id=\"16cb5524\" data-element_type=\"column\" data-e-type=\"column\">\n\t\t\t<div class=\"elementor-widget-wrap elementor-element-populated\">\n\t\t\t\t\t\t\t<\/div>\n\t\t<\/div>\n\t\t\t\t\t<\/div>\n\t\t<\/section>\n\t\t\t\t<section class=\"elementor-section elementor-top-section elementor-element elementor-element-233ad3a4 elementor-section-boxed elementor-section-height-default elementor-section-height-default\" data-id=\"233ad3a4\" data-element_type=\"section\" data-e-type=\"section\">\n\t\t\t\t\t\t<div class=\"elementor-container elementor-column-gap-default\">\n\t\t\t\t\t<div class=\"elementor-column elementor-col-100 elementor-top-column elementor-element elementor-element-3244e578\" data-id=\"3244e578\" data-element_type=\"column\" data-e-type=\"column\">\n\t\t\t<div class=\"elementor-widget-wrap elementor-element-populated\">\n\t\t\t\t\t\t<section class=\"elementor-section elementor-inner-section elementor-element elementor-element-1a7040c2 elementor-section-boxed elementor-section-height-default elementor-section-height-default\" data-id=\"1a7040c2\" data-element_type=\"section\" data-e-type=\"section\">\n\t\t\t\t\t\t<div class=\"elementor-container elementor-column-gap-default\">\n\t\t\t\t\t<div class=\"elementor-column elementor-col-100 elementor-inner-column elementor-element elementor-element-58338543\" data-id=\"58338543\" data-element_type=\"column\" data-e-type=\"column\">\n\t\t\t<div class=\"elementor-widget-wrap elementor-element-populated\">\n\t\t\t\t\t\t<div class=\"elementor-element elementor-element-464b2e11 elementor-widget elementor-widget-text-editor\" data-id=\"464b2e11\" data-element_type=\"widget\" data-e-type=\"widget\" data-widget_type=\"text-editor.default\">\n\t\t\t\t<div class=\"elementor-widget-container\">\n\t\t\t\t\t\t\t\t\t<p>DERMO, SA. comprometeu-se a tornar acess\u00edvel o seu s\u00edtio web, de acordo com o Real Decreto 1112\/2018, de 7 de setembro, sobre acessibilidade de s\u00edtios web e aplica\u00e7\u00f5es m\u00f3veis no setor p\u00fablico.<\/p><p>Esta declara\u00e7\u00e3o de acessibilidade se aplica ao site https:\/\/www.dermo.com<\/p><p><strong>Status de conformidade<\/strong><\/p><p>Este site foi desenvolvido de acordo com o RD 1112\/2018<\/p><p><strong>Preparando-se para a pr\u00f3xima declara\u00e7\u00e3o de acessibilidade<\/strong><\/p><p>Esta declara\u00e7\u00e3o foi preparada em 2 de janeiro de 2023.<\/p><p>O m\u00e9todo utilizado para preparar a declara\u00e7\u00e3o foi uma autoavalia\u00e7\u00e3o.<\/p><p><strong>Coment\u00e1rios e informa\u00e7\u00f5es de contato<\/strong><\/p><p>Voc\u00ea pode fazer comunica\u00e7\u00f5es sobre requisitos de acessibilidade (artigo 10.2.a do RD 1112\/2018) como, por exemplo:<\/p><ul><li>Denunciar qualquer potencial viola\u00e7\u00e3o deste site<\/li><li>Transmitir outras dificuldades no acesso ao conte\u00fado<\/li><li>Fa\u00e7a qualquer outra pergunta ou sugest\u00e3o de melhoria em rela\u00e7\u00e3o \u00e0 acessibilidade do site<\/li><\/ul><p>atrav\u00e9s do formul\u00e1rio de contacto neste site ou atrav\u00e9s do n\u00famero de telefone (+34) 937133500.<\/p><p>Voc\u00ea pode apresentar:<\/p><ul><li>Reclama\u00e7\u00e3o sobre o cumprimento dos requisitos do RD 1112\/2018 ou<\/li><li>Solicita\u00e7\u00e3o de informa\u00e7\u00f5es acess\u00edveis sobre:<ul><li>Conte\u00fados que est\u00e3o exclu\u00eddos do \u00e2mbito do RD 1112\/2018 conforme estabelecido no artigo 3, se\u00e7\u00e3o 4<\/li><li>Conte\u00fado isento de conformidade com os requisitos de acessibilidade porque imp\u00f5e uma carga desproporcional<\/li><\/ul><\/li><\/ul><p>Na Solicita\u00e7\u00e3o de Informa\u00e7\u00e3o Acess\u00edvel, devem ser claramente especificados os fatos, motivos e solicita\u00e7\u00e3o que permitam verificar se se trata de uma solicita\u00e7\u00e3o razo\u00e1vel e leg\u00edtima.<\/p><p>Reclama\u00e7\u00f5es e reclama\u00e7\u00f5es relativas a informa\u00e7\u00f5es acess\u00edveis ser\u00e3o feitas por meio do escrit\u00f3rio eletr\u00f4nico (<a href=\"https:\/\/sede.red.gob.es\/procedimientos\/quejas-y-sugerencias\">https:\/\/sede.red.gob.es\/procedimientos\/quejas-y-sugerencias)<\/a>, e ser\u00e3o recebidos e processados pela \u00e1rea de Sistemas de Informa\u00e7\u00e3o da Red.es.<\/p><p><strong>Conte\u00fado opcional<\/strong><\/p><p>Se voc\u00ea quiser alterar o tamanho da fonte do texto nos principais navegadores gr\u00e1ficos, use os seguintes menus:<\/p><ul><li>Internet Explorer, Mozilla e Firefox: Exibir &gt; Tamanho do texto<\/li><li>\u00d3pera: Exibir &gt; Zoom<\/li><li>Safari: Exibir &gt; Aumentar o texto<\/li><li>Chrome: Controle a p\u00e1gina atual &gt; Tamanho do texto<\/li><li>Para redimensionar tudo na p\u00e1gina:<ul><li>Ctrl + + para aument\u00e1-lo<\/li><li>Ctrl + \u2013 para diminuir<\/li><li>Ctrl + 0 restaura o tamanho original do texto<\/li><li>Se voc\u00ea quiser substituir a folha de estilo ou alterar a cor do texto, pode consultar a p\u00e1gina Como alterar o tamanho ou as cores do texto da WAI, que pode ser lida traduzida para o espanhol em Como alterar o tamanho do texto ou as cores?<\/li><\/ul><\/li><\/ul>\t\t\t\t\t\t\t\t<\/div>\n\t\t\t\t<\/div>\n\t\t\t\t\t<\/div>\n\t\t<\/div>\n\t\t\t\t\t<\/div>\n\t\t<\/section>\n\t\t\t\t\t<\/div>\n\t\t<\/div>\n\t\t\t\t\t<\/div>\n\t\t<\/section>\n\t\t\t\t<\/div>","protected":false},"excerpt":{"rendered":"<p>A DERMO, SA. compromete-se a tornar o seu website acess\u00edvel em conformidade com o Decreto Real 1112\/2018, de 7 de setembro, relativo \u00e0 acessibilidade de websites e aplica\u00e7\u00f5es m\u00f3veis no setor p\u00fablico. Esta declara\u00e7\u00e3o de acessibilidade aplica-se ao website https:\/\/www.dermo.com. Estado de conformidade: Este website foi desenvolvido\u2026&nbsp;<a href=\"https:\/\/dermo.com\/pt\/declaracao-de-acessibilidade\/\" rel=\"bookmark\">Ler mais \u00bb<span class=\"screen-reader-text\">Declara\u00e7\u00e3o de acessibilidade<\/span><\/a><\/p>","protected":false},"author":1,"featured_media":0,"parent":0,"menu_order":0,"comment_status":"closed","ping_status":"closed","template":"page-templates\/template-pagebuilder-full-width.php","meta":{"neve_meta_sidebar":"","neve_meta_container":"","neve_meta_enable_content_width":"off","neve_meta_content_width":100,"neve_meta_title_alignment":"","neve_meta_author_avatar":"","neve_post_elements_order":"","neve_meta_disable_header":"","neve_meta_disable_footer":"","neve_meta_disable_title":"","footnotes":""},"class_list":["post-1135","page","type-page","status-publish","hentry"],"yoast_head":"<!-- This site is optimized with the Yoast SEO plugin v27.0 - https:\/\/yoast.com\/product\/yoast-seo-wordpress\/ -->\n<title>Declaraci\u00f3n de accesibilidad - Dermo | F\u00e1brica de detergentes<\/title>\n<meta name=\"robots\" content=\"index, follow, max-snippet:-1, max-image-preview:large, max-video-preview:-1\" \/>\n<link rel=\"canonical\" href=\"https:\/\/dermo.com\/pt\/declaracao-de-acessibilidade\/\" \/>\n<meta property=\"og:locale\" content=\"pt_PT\" \/>\n<meta property=\"og:type\" content=\"article\" \/>\n<meta property=\"og:title\" content=\"Declaraci\u00f3n de accesibilidad - Dermo | F\u00e1brica de detergentes\" \/>\n<meta property=\"og:description\" content=\"DERMO, SA. se ha comprometido a hacer accesible su sitio web, de conformidad con el Real Decreto 1112\/2018, de 7 de septiembre, sobre accesibilidad de los sitios web y aplicaciones para dispositivos m\u00f3viles del sector p\u00fablico. La presente declaraci\u00f3n de accesibilidad se aplica al sitio web\u00a0https:\/\/www.dermo.com Situaci\u00f3n de cumplimiento Este sitio web se encuentra desarrollado&hellip;&nbsp;Ler mais &raquo;Declaraci\u00f3n de accesibilidad\" \/>\n<meta property=\"og:url\" content=\"https:\/\/dermo.com\/pt\/declaracao-de-acessibilidade\/\" \/>\n<meta property=\"og:site_name\" content=\"Dermo | F\u00e1brica de detergentes\" \/>\n<meta property=\"article:modified_time\" content=\"2024-02-25T18:25:34+00:00\" \/>\n<meta name=\"twitter:card\" content=\"summary_large_image\" \/>\n<meta name=\"twitter:label1\" content=\"Tempo estimado de leitura\" \/>\n\t<meta name=\"twitter:data1\" content=\"2 minutos\" \/>\n<script type=\"application\/ld+json\" class=\"yoast-schema-graph\">{\"@context\":\"https:\/\/schema.org\",\"@graph\":[{\"@type\":\"WebPage\",\"@id\":\"https:\/\/dermo.com\/declaracion-de-accesibilidad\/\",\"url\":\"https:\/\/dermo.com\/declaracion-de-accesibilidad\/\",\"name\":\"Declaraci\u00f3n de accesibilidad - Dermo | F\u00e1brica de detergentes\",\"isPartOf\":{\"@id\":\"https:\/\/dermo.com\/#website\"},\"datePublished\":\"2024-02-25T18:22:36+00:00\",\"dateModified\":\"2024-02-25T18:25:34+00:00\",\"breadcrumb\":{\"@id\":\"https:\/\/dermo.com\/declaracion-de-accesibilidad\/#breadcrumb\"},\"inLanguage\":\"pt-PT\",\"potentialAction\":[{\"@type\":\"ReadAction\",\"target\":[\"https:\/\/dermo.com\/declaracion-de-accesibilidad\/\"]}]},{\"@type\":\"BreadcrumbList\",\"@id\":\"https:\/\/dermo.com\/declaracion-de-accesibilidad\/#breadcrumb\",\"itemListElement\":[{\"@type\":\"ListItem\",\"position\":1,\"name\":\"Portada\",\"item\":\"https:\/\/dermo.com\/\"},{\"@type\":\"ListItem\",\"position\":2,\"name\":\"Declaraci\u00f3n de accesibilidad\"}]},{\"@type\":\"WebSite\",\"@id\":\"https:\/\/dermo.com\/#website\",\"url\":\"https:\/\/dermo.com\/\",\"name\":\"Dermo | F\u00e1brica de detergentes\",\"description\":\"Tecnolog\u00eda avanzada, investigaci\u00f3n y desarrollo, respeto por el medio ambiente, competencia, formaci\u00f3n constante y alto nivel de profesionalidad en nuestro equipo humano, empe\u00f1ado en preservar la calidad de vida, la protecci\u00f3n del entorno natural contin\u00faan motiv\u00e1ndonos para desarrollar en nuestros laboratorios nuevos productos con ingredientes activos altamente biodegradables que hacen posible un desarrollo sostenible.\",\"potentialAction\":[{\"@type\":\"SearchAction\",\"target\":{\"@type\":\"EntryPoint\",\"urlTemplate\":\"https:\/\/dermo.com\/?s={search_term_string}\"},\"query-input\":{\"@type\":\"PropertyValueSpecification\",\"valueRequired\":true,\"valueName\":\"search_term_string\"}}],\"inLanguage\":\"pt-PT\"}]}<\/script>\n<!-- \/ Yoast SEO plugin. -->","yoast_head_json":{"title":"Declara\u00e7\u00e3o de acessibilidade - Dermo | F\u00e1brica de detergentes","robots":{"index":"index","follow":"follow","max-snippet":"max-snippet:-1","max-image-preview":"max-image-preview:large","max-video-preview":"max-video-preview:-1"},"canonical":"https:\/\/dermo.com\/pt\/declaracao-de-acessibilidade\/","og_locale":"pt_PT","og_type":"article","og_title":"Declaraci\u00f3n de accesibilidad - Dermo | F\u00e1brica de detergentes","og_description":"DERMO, SA. se ha comprometido a hacer accesible su sitio web, de conformidad con el Real Decreto 1112\/2018, de 7 de septiembre, sobre accesibilidad de los sitios web y aplicaciones para dispositivos m\u00f3viles del sector p\u00fablico. La presente declaraci\u00f3n de accesibilidad se aplica al sitio web\u00a0https:\/\/www.dermo.com Situaci\u00f3n de cumplimiento Este sitio web se encuentra desarrollado&hellip;&nbsp;Ler mais &raquo;Declaraci\u00f3n de accesibilidad","og_url":"https:\/\/dermo.com\/pt\/declaracao-de-acessibilidade\/","og_site_name":"Dermo | F\u00e1brica de detergentes","article_modified_time":"2024-02-25T18:25:34+00:00","twitter_card":"summary_large_image","twitter_misc":{"Tempo estimado de leitura":"2 minutos"},"schema":{"@context":"https:\/\/schema.org","@graph":[{"@type":"WebPage","@id":"https:\/\/dermo.com\/declaracion-de-accesibilidad\/","url":"https:\/\/dermo.com\/declaracion-de-accesibilidad\/","name":"Declara\u00e7\u00e3o de acessibilidade - Dermo | F\u00e1brica de detergentes","isPartOf":{"@id":"https:\/\/dermo.com\/#website"},"datePublished":"2024-02-25T18:22:36+00:00","dateModified":"2024-02-25T18:25:34+00:00","breadcrumb":{"@id":"https:\/\/dermo.com\/declaracion-de-accesibilidad\/#breadcrumb"},"inLanguage":"pt-PT","potentialAction":[{"@type":"ReadAction","target":["https:\/\/dermo.com\/declaracion-de-accesibilidad\/"]}]},{"@type":"BreadcrumbList","@id":"https:\/\/dermo.com\/declaracion-de-accesibilidad\/#breadcrumb","itemListElement":[{"@type":"ListItem","position":1,"name":"Portada","item":"https:\/\/dermo.com\/"},{"@type":"ListItem","position":2,"name":"Declaraci\u00f3n de accesibilidad"}]},{"@type":"WebSite","@id":"https:\/\/dermo.com\/#website","url":"https:\/\/dermo.com\/","name":"Dermo | f\u00e1brica de detergentes","description":"A tecnologia avan\u00e7ada, a investiga\u00e7\u00e3o e desenvolvimento, o respeito pelo ambiente, a compet\u00eancia, a forma\u00e7\u00e3o constante e o elevado n\u00edvel de profissionalismo da nossa equipa humana, comprometida com a preserva\u00e7\u00e3o da qualidade de vida, a protec\u00e7\u00e3o do ambiente natural continuam a motivar-nos a desenvolver novos produtos nos nossos laborat\u00f3rios com princ\u00edpios ativos altamente biodegrad\u00e1veis que possibilitam o desenvolvimento sustent\u00e1vel.","potentialAction":[{"@type":"SearchAction","target":{"@type":"EntryPoint","urlTemplate":"https:\/\/dermo.com\/?s={search_term_string}"},"query-input":{"@type":"PropertyValueSpecification","valueRequired":true,"valueName":"search_term_string"}}],"inLanguage":"pt-PT"}]}},"_links":{"self":[{"href":"https:\/\/dermo.com\/pt\/wp-json\/wp\/v2\/pages\/1135","targetHints":{"allow":["GET"]}}],"collection":[{"href":"https:\/\/dermo.com\/pt\/wp-json\/wp\/v2\/pages"}],"about":[{"href":"https:\/\/dermo.com\/pt\/wp-json\/wp\/v2\/types\/page"}],"author":[{"embeddable":true,"href":"https:\/\/dermo.com\/pt\/wp-json\/wp\/v2\/users\/1"}],"replies":[{"embeddable":true,"href":"https:\/\/dermo.com\/pt\/wp-json\/wp\/v2\/comments?post=1135"}],"version-history":[{"count":4,"href":"https:\/\/dermo.com\/pt\/wp-json\/wp\/v2\/pages\/1135\/revisions"}],"predecessor-version":[{"id":1139,"href":"https:\/\/dermo.com\/pt\/wp-json\/wp\/v2\/pages\/1135\/revisions\/1139"}],"wp:attachment":[{"href":"https:\/\/dermo.com\/pt\/wp-json\/wp\/v2\/media?parent=1135"}],"curies":[{"name":"wp","href":"https:\/\/api.w.org\/{rel}","templated":true}]}}